{"id":25719,"date":"2024-01-23T12:31:36","date_gmt":"2024-01-23T12:31:36","guid":{"rendered":"https:\/\/www.sinchisinchi.com\/producto\/palo-santo-300-gr\/"},"modified":"2024-01-23T12:31:36","modified_gmt":"2024-01-23T12:31:36","slug":"palo-santo-300-gr","status":"publish","type":"product","link":"https:\/\/www.sinchisinchi.com\/fr\/producto\/palo-santo-300-gr\/","title":{"rendered":"Palo Santo 300 gr"},"content":{"rendered":"<h2 style=\"text-align: center;\"><strong>Palo Santo, arbre sacr\u00e9<\/strong><\/h2>\n<p>Apr\u00e8s la chute naturelle de l&rsquo;arbre, ce bois doit \u00eatre s\u00e9ch\u00e9 naturellement, ce qui prend un temps estim\u00e9 entre 4 et 8 ans, pendant lesquels divers insectes et petits animaux s&rsquo;installent dans tout le bois, transformant la s\u00e8ve et le tronc. Apr\u00e8s ce long processus, ce bois peut \u00eatre r\u00e9colt\u00e9 dans les for\u00eats et a d\u00e9j\u00e0 acquis son ar\u00f4me fort et unique de Palo Santo.<\/p>\n<p>Actuellement, le P\u00e9rou et l\u2019\u00c9quateur disposent de lois sp\u00e9cifiques concernant l\u2019extraction du Palo Santo, et l\u2019abattage de l\u2019arbre est ill\u00e9gal. Cependant, lorsque le Palo Santo est obtenu \u00e0 partir d&rsquo;un arbre qui a \u00e9t\u00e9 coup\u00e9 alors qu&rsquo;il \u00e9tait vivant, on sait que le temps naturel de tout le processus n&rsquo;a pas \u00e9t\u00e9 respect\u00e9 puisque le r\u00e9sultat est un bois sans ar\u00f4me, qui br\u00fble rapidement et est de couleur jaune tr\u00e8s clair, presque blanc. L&rsquo;ar\u00f4me doit \u00eatre doux et bois\u00e9.<\/p>\n<p>Le Palo Santo p\u00e9ruvien n\u2019est pas consid\u00e9r\u00e9 comme un arbre en voie de disparition. Il existe d&rsquo;autres esp\u00e8ces de Palo Santo r\u00e9parties aux \u00eeles Galapagos, au Mexique, au Chili, en Bolivie, en Uruguay, au Paraguay, en Argentine et au Br\u00e9sil, comme Bulnesia sarmientoi, Bursera malacophylla, Guaiacum officinale, Guaiacum sanctum, dont certaines sont mentionn\u00e9es dans la liste des \u00ab esp\u00e8ces menac\u00e9es \u00bb de l&rsquo;Union internationale pour la conservation de la nature (UICN), mais ce ne sont pas le bois aromatique utilis\u00e9 depuis des si\u00e8cles et connu dans le monde entier sous le nom de Palo Santo.<\/p>\n<p>L&rsquo;aspect visuel du Palo Santo indique, par sa couleur jaun\u00e2tre ou orange, s&rsquo;il s&rsquo;agit de l&rsquo;esp\u00e8ce Bursera graveolens, et plus sa couleur est fonc\u00e9e, plus il s&rsquo;est repos\u00e9 longtemps dans la for\u00eat et plus il a eu de temps pour son processus de transformation.<\/p>\n<p>En plus d\u2019\u00eatre utilis\u00e9e dans l\u2019encens ou comme insectifuge, elle est \u00e9galement consid\u00e9r\u00e9e comme une plante m\u00e9dicinale ; Une infusion de feuilles soulage les crises de toux. Le bois est \u00e9galement utilis\u00e9 sous forme de th\u00e9, en d\u00e9coction, pour soulager les sympt\u00f4mes de la grippe, tels que la toux et la fi\u00e8vre, et doit \u00eatre utilis\u00e9 en petite quantit\u00e9 car son go\u00fbt est tr\u00e8s amer.<\/p>\n","protected":false},"excerpt":{"rendered":"<p>L&rsquo;arbre Palo Santo (Bursera graveolens) est end\u00e9mique du nord du P\u00e9rou et du sud de l&rsquo;\u00c9quateur. Il habite les \u00e9cosyst\u00e8mes terrestres secs, les for\u00eats s\u00e8ches et les for\u00eats tropicales, du niveau de la mer jusqu&rsquo;\u00e0 600 m\u00e8tres d&rsquo;altitude.<\/p>\n<p>&nbsp;<\/p>\n<p>Le Palo Santo est connu depuis des si\u00e8cles comme une plante magique et sacr\u00e9e. C&rsquo;est un arbre de taille moyenne qui atteint entre 4 et 6 m\u00e8tres de hauteur. Leur esp\u00e9rance de vie est comprise entre 80 et 100 ans.<\/p>\n<p>&nbsp;<\/p>\n<p><strong>Nom scientifique :<\/strong> Bursera graveolens<\/p>\n<p>&nbsp;<\/p>\n<p><strong>Origine :<\/strong> P\u00e9rou<\/p>\n<p>&nbsp;<\/p>\n<p><strong>Ar\u00f4me :<\/strong> Chaud, bois\u00e9, sucr\u00e9<\/p>\n","protected":false},"featured_media":25720,"template":"","meta":{"_joinchat":[]},"product_brand":[],"product_cat":[661],"product_tag":[],"class_list":{"0":"post-25719","1":"product","2":"type-product","3":"status-publish","4":"has-post-thumbnail","6":"product_cat-encens","8":"first","9":"instock","10":"taxable","11":"shipping-taxable","12":"purchasable","13":"product-type-simple"},"yoast_head":"<!-- This site is optimized with the Yoast SEO plugin v27.1.1 - https:\/\/yoast.com\/product\/yoast-seo-wordpress\/ -->\n<title>Achetez du Palo Santo en ligne : Boutique d&#039;encens chamanique.<\/title>\n<meta name=\"description\" content=\"Le Palo Santo est connu depuis des milliers d&#039;ann\u00e9es comme un arbre magique et sacr\u00e9 utilis\u00e9 pour ses propri\u00e9t\u00e9s nettoyantes et ancrantes.\" \/>\n<meta name=\"robots\" content=\"index, follow, max-snippet:-1, max-image-preview:large, max-video-preview:-1\" \/>\n<link rel=\"canonical\" href=\"https:\/\/www.sinchisinchi.com\/fr\/producto\/palo-santo-300-gr\/\" \/>\n<meta property=\"og:locale\" content=\"fr_FR\" \/>\n<meta property=\"og:type\" content=\"article\" \/>\n<meta property=\"og:title\" content=\"Achetez du Palo Santo en ligne : Boutique d&#039;encens chamanique.\" \/>\n<meta property=\"og:description\" content=\"Le Palo Santo est connu depuis des milliers d&#039;ann\u00e9es comme un arbre magique et sacr\u00e9 utilis\u00e9 pour ses propri\u00e9t\u00e9s nettoyantes et ancrantes.\" \/>\n<meta property=\"og:url\" content=\"https:\/\/www.sinchisinchi.com\/fr\/producto\/palo-santo-300-gr\/\" \/>\n<meta property=\"og:site_name\" content=\"SINCHI RAP\u00c9\" \/>\n<meta property=\"article:publisher\" content=\"https:\/\/www.facebook.com\/sinchirape\/\" \/>\n<meta property=\"og:image\" content=\"https:\/\/www.sinchisinchi.com\/wp-content\/uploads\/2024\/01\/1-Palo-santo-300gr.jpg\" \/>\n\t<meta property=\"og:image:width\" content=\"1000\" \/>\n\t<meta property=\"og:image:height\" content=\"1000\" \/>\n\t<meta property=\"og:image:type\" content=\"image\/jpeg\" \/>\n<meta name=\"twitter:card\" content=\"summary_large_image\" \/>\n<meta name=\"twitter:label1\" content=\"Dur\u00e9e de lecture estim\u00e9e\" \/>\n\t<meta name=\"twitter:data1\" content=\"2 minutes\" \/>\n<script type=\"application\/ld+json\" class=\"yoast-schema-graph\">{\"@context\":\"https:\/\/schema.org\",\"@graph\":[{\"@type\":\"WebPage\",\"@id\":\"https:\/\/www.sinchisinchi.com\/fr\/producto\/palo-santo-300-gr\/\",\"url\":\"https:\/\/www.sinchisinchi.com\/fr\/producto\/palo-santo-300-gr\/\",\"name\":\"Achetez du Palo Santo en ligne : Boutique d'encens chamanique.\",\"isPartOf\":{\"@id\":\"https:\/\/www.sinchisinchi.com\/fr\/#website\"},\"primaryImageOfPage\":{\"@id\":\"https:\/\/www.sinchisinchi.com\/fr\/producto\/palo-santo-300-gr\/#primaryimage\"},\"image\":{\"@id\":\"https:\/\/www.sinchisinchi.com\/fr\/producto\/palo-santo-300-gr\/#primaryimage\"},\"thumbnailUrl\":\"https:\/\/www.sinchisinchi.com\/wp-content\/uploads\/2024\/01\/1-Palo-santo-300gr.jpg\",\"datePublished\":\"2024-01-23T12:31:36+00:00\",\"description\":\"Le Palo Santo est connu depuis des milliers d'ann\u00e9es comme un arbre magique et sacr\u00e9 utilis\u00e9 pour ses propri\u00e9t\u00e9s nettoyantes et ancrantes.\",\"breadcrumb\":{\"@id\":\"https:\/\/www.sinchisinchi.com\/fr\/producto\/palo-santo-300-gr\/#breadcrumb\"},\"inLanguage\":\"fr-FR\",\"potentialAction\":[{\"@type\":\"ReadAction\",\"target\":[\"https:\/\/www.sinchisinchi.com\/fr\/producto\/palo-santo-300-gr\/\"]}]},{\"@type\":\"ImageObject\",\"inLanguage\":\"fr-FR\",\"@id\":\"https:\/\/www.sinchisinchi.com\/fr\/producto\/palo-santo-300-gr\/#primaryimage\",\"url\":\"https:\/\/www.sinchisinchi.com\/wp-content\/uploads\/2024\/01\/1-Palo-santo-300gr.jpg\",\"contentUrl\":\"https:\/\/www.sinchisinchi.com\/wp-content\/uploads\/2024\/01\/1-Palo-santo-300gr.jpg\",\"width\":1000,\"height\":1000},{\"@type\":\"BreadcrumbList\",\"@id\":\"https:\/\/www.sinchisinchi.com\/fr\/producto\/palo-santo-300-gr\/#breadcrumb\",\"itemListElement\":[{\"@type\":\"ListItem\",\"position\":1,\"name\":\"Prima pagina\",\"item\":\"https:\/\/www.sinchisinchi.com\/fr\/\"},{\"@type\":\"ListItem\",\"position\":2,\"name\":\"Produits\",\"item\":\"https:\/\/www.sinchisinchi.com\/fr\/shop\/\"},{\"@type\":\"ListItem\",\"position\":3,\"name\":\"Palo Santo 300 gr\"}]},{\"@type\":\"WebSite\",\"@id\":\"https:\/\/www.sinchisinchi.com\/fr\/#website\",\"url\":\"https:\/\/www.sinchisinchi.com\/fr\/\",\"name\":\"SINCHI\",\"description\":\"Sinchi Medicine\",\"publisher\":{\"@id\":\"https:\/\/www.sinchisinchi.com\/fr\/#organization\"},\"potentialAction\":[{\"@type\":\"SearchAction\",\"target\":{\"@type\":\"EntryPoint\",\"urlTemplate\":\"https:\/\/www.sinchisinchi.com\/fr\/?s={search_term_string}\"},\"query-input\":{\"@type\":\"PropertyValueSpecification\",\"valueRequired\":true,\"valueName\":\"search_term_string\"}}],\"inLanguage\":\"fr-FR\"},{\"@type\":\"Organization\",\"@id\":\"https:\/\/www.sinchisinchi.com\/fr\/#organization\",\"name\":\"SINCHI S.L\",\"url\":\"https:\/\/www.sinchisinchi.com\/fr\/\",\"logo\":{\"@type\":\"ImageObject\",\"inLanguage\":\"fr-FR\",\"@id\":\"https:\/\/www.sinchisinchi.com\/fr\/#\/schema\/logo\/image\/\",\"url\":\"https:\/\/www.sinchisinchi.com\/wp-content\/uploads\/2026\/01\/3b-Verde-SIMPLIFICADO-HORIZONTAL-F-TRANSPARENTE-scaled.png\",\"contentUrl\":\"https:\/\/www.sinchisinchi.com\/wp-content\/uploads\/2026\/01\/3b-Verde-SIMPLIFICADO-HORIZONTAL-F-TRANSPARENTE-scaled.png\",\"width\":2560,\"height\":457,\"caption\":\"SINCHI S.L\"},\"image\":{\"@id\":\"https:\/\/www.sinchisinchi.com\/fr\/#\/schema\/logo\/image\/\"},\"sameAs\":[\"https:\/\/www.facebook.com\/sinchirape\/\",\"https:\/\/www.instagram.com\/sinchi_rape\/\"]}]}<\/script>\n<!-- \/ Yoast SEO plugin. -->","yoast_head_json":{"title":"Achetez du Palo Santo en ligne : Boutique d'encens chamanique.","description":"Le Palo Santo est connu depuis des milliers d'ann\u00e9es comme un arbre magique et sacr\u00e9 utilis\u00e9 pour ses propri\u00e9t\u00e9s nettoyantes et ancrantes.","robots":{"index":"index","follow":"follow","max-snippet":"max-snippet:-1","max-image-preview":"max-image-preview:large","max-video-preview":"max-video-preview:-1"},"canonical":"https:\/\/www.sinchisinchi.com\/fr\/producto\/palo-santo-300-gr\/","og_locale":"fr_FR","og_type":"article","og_title":"Achetez du Palo Santo en ligne : Boutique d'encens chamanique.","og_description":"Le Palo Santo est connu depuis des milliers d'ann\u00e9es comme un arbre magique et sacr\u00e9 utilis\u00e9 pour ses propri\u00e9t\u00e9s nettoyantes et ancrantes.","og_url":"https:\/\/www.sinchisinchi.com\/fr\/producto\/palo-santo-300-gr\/","og_site_name":"SINCHI RAP\u00c9","article_publisher":"https:\/\/www.facebook.com\/sinchirape\/","og_image":[{"width":1000,"height":1000,"url":"https:\/\/www.sinchisinchi.com\/wp-content\/uploads\/2024\/01\/1-Palo-santo-300gr.jpg","type":"image\/jpeg"}],"twitter_card":"summary_large_image","twitter_misc":{"Dur\u00e9e de lecture estim\u00e9e":"2 minutes"},"schema":{"@context":"https:\/\/schema.org","@graph":[{"@type":"WebPage","@id":"https:\/\/www.sinchisinchi.com\/fr\/producto\/palo-santo-300-gr\/","url":"https:\/\/www.sinchisinchi.com\/fr\/producto\/palo-santo-300-gr\/","name":"Achetez du Palo Santo en ligne : Boutique d'encens chamanique.","isPartOf":{"@id":"https:\/\/www.sinchisinchi.com\/fr\/#website"},"primaryImageOfPage":{"@id":"https:\/\/www.sinchisinchi.com\/fr\/producto\/palo-santo-300-gr\/#primaryimage"},"image":{"@id":"https:\/\/www.sinchisinchi.com\/fr\/producto\/palo-santo-300-gr\/#primaryimage"},"thumbnailUrl":"https:\/\/www.sinchisinchi.com\/wp-content\/uploads\/2024\/01\/1-Palo-santo-300gr.jpg","datePublished":"2024-01-23T12:31:36+00:00","description":"Le Palo Santo est connu depuis des milliers d'ann\u00e9es comme un arbre magique et sacr\u00e9 utilis\u00e9 pour ses propri\u00e9t\u00e9s nettoyantes et ancrantes.","breadcrumb":{"@id":"https:\/\/www.sinchisinchi.com\/fr\/producto\/palo-santo-300-gr\/#breadcrumb"},"inLanguage":"fr-FR","potentialAction":[{"@type":"ReadAction","target":["https:\/\/www.sinchisinchi.com\/fr\/producto\/palo-santo-300-gr\/"]}]},{"@type":"ImageObject","inLanguage":"fr-FR","@id":"https:\/\/www.sinchisinchi.com\/fr\/producto\/palo-santo-300-gr\/#primaryimage","url":"https:\/\/www.sinchisinchi.com\/wp-content\/uploads\/2024\/01\/1-Palo-santo-300gr.jpg","contentUrl":"https:\/\/www.sinchisinchi.com\/wp-content\/uploads\/2024\/01\/1-Palo-santo-300gr.jpg","width":1000,"height":1000},{"@type":"BreadcrumbList","@id":"https:\/\/www.sinchisinchi.com\/fr\/producto\/palo-santo-300-gr\/#breadcrumb","itemListElement":[{"@type":"ListItem","position":1,"name":"Prima pagina","item":"https:\/\/www.sinchisinchi.com\/fr\/"},{"@type":"ListItem","position":2,"name":"Produits","item":"https:\/\/www.sinchisinchi.com\/fr\/shop\/"},{"@type":"ListItem","position":3,"name":"Palo Santo 300 gr"}]},{"@type":"WebSite","@id":"https:\/\/www.sinchisinchi.com\/fr\/#website","url":"https:\/\/www.sinchisinchi.com\/fr\/","name":"SINCHI","description":"Sinchi Medicine","publisher":{"@id":"https:\/\/www.sinchisinchi.com\/fr\/#organization"},"potentialAction":[{"@type":"SearchAction","target":{"@type":"EntryPoint","urlTemplate":"https:\/\/www.sinchisinchi.com\/fr\/?s={search_term_string}"},"query-input":{"@type":"PropertyValueSpecification","valueRequired":true,"valueName":"search_term_string"}}],"inLanguage":"fr-FR"},{"@type":"Organization","@id":"https:\/\/www.sinchisinchi.com\/fr\/#organization","name":"SINCHI S.L","url":"https:\/\/www.sinchisinchi.com\/fr\/","logo":{"@type":"ImageObject","inLanguage":"fr-FR","@id":"https:\/\/www.sinchisinchi.com\/fr\/#\/schema\/logo\/image\/","url":"https:\/\/www.sinchisinchi.com\/wp-content\/uploads\/2026\/01\/3b-Verde-SIMPLIFICADO-HORIZONTAL-F-TRANSPARENTE-scaled.png","contentUrl":"https:\/\/www.sinchisinchi.com\/wp-content\/uploads\/2026\/01\/3b-Verde-SIMPLIFICADO-HORIZONTAL-F-TRANSPARENTE-scaled.png","width":2560,"height":457,"caption":"SINCHI S.L"},"image":{"@id":"https:\/\/www.sinchisinchi.com\/fr\/#\/schema\/logo\/image\/"},"sameAs":["https:\/\/www.facebook.com\/sinchirape\/","https:\/\/www.instagram.com\/sinchi_rape\/"]}]}},"_links":{"self":[{"href":"https:\/\/www.sinchisinchi.com\/fr\/wp-json\/wp\/v2\/product\/25719","targetHints":{"allow":["GET"]}}],"collection":[{"href":"https:\/\/www.sinchisinchi.com\/fr\/wp-json\/wp\/v2\/product"}],"about":[{"href":"https:\/\/www.sinchisinchi.com\/fr\/wp-json\/wp\/v2\/types\/product"}],"wp:featuredmedia":[{"embeddable":true,"href":"https:\/\/www.sinchisinchi.com\/fr\/wp-json\/wp\/v2\/media\/25720"}],"wp:attachment":[{"href":"https:\/\/www.sinchisinchi.com\/fr\/wp-json\/wp\/v2\/media?parent=25719"}],"wp:term":[{"taxonomy":"product_brand","embeddable":true,"href":"https:\/\/www.sinchisinchi.com\/fr\/wp-json\/wp\/v2\/product_brand?post=25719"},{"taxonomy":"product_cat","embeddable":true,"href":"https:\/\/www.sinchisinchi.com\/fr\/wp-json\/wp\/v2\/product_cat?post=25719"},{"taxonomy":"product_tag","embeddable":true,"href":"https:\/\/www.sinchisinchi.com\/fr\/wp-json\/wp\/v2\/product_tag?post=25719"}],"curies":[{"name":"wp","href":"https:\/\/api.w.org\/{rel}","templated":true}]}}