{"id":25887,"date":"2023-12-07T00:52:09","date_gmt":"2023-12-07T00:52:09","guid":{"rendered":"https:\/\/www.sinchisinchi.com\/producto\/bol-dencens\/"},"modified":"2023-12-07T00:52:09","modified_gmt":"2023-12-07T00:52:09","slug":"bol-dencens","status":"publish","type":"product","link":"https:\/\/www.sinchisinchi.com\/fr\/producto\/bol-dencens\/","title":{"rendered":"Bol d&rsquo;encens"},"content":{"rendered":"<p>Petit bol \u00e0 encens avec gravures color\u00e9es, en bronze.<\/p>\n<p><strong>Dimensions :<\/strong> 7cm x 3,5cm.<\/p>\n<p><strong>Poids :<\/strong> 80 grammes.<\/p>\n<p><strong>Pi\u00e8ces :<\/strong> Conteneur et rack.<\/p>\n","protected":false},"excerpt":{"rendered":"<p>Petit bol \u00e0 encens en bronze et d\u00e9cor\u00e9 de gravures color\u00e9es.<\/p>\n<p>Sa conception compacte le rend parfait pour les petits espaces, tels que les autels personnels, les tables de m\u00e9ditation ou les coins sp\u00e9ciaux. Il est \u00e9galement id\u00e9al \u00e0 emporter en voyage ou lors de c\u00e9r\u00e9monies.<\/p>\n<p>Sa conception permet de br\u00fbler de l&rsquo;encens en toute s\u00e9curit\u00e9.<\/p>\n","protected":false},"featured_media":25889,"template":"","meta":{"_joinchat":[]},"product_brand":[],"product_cat":[683],"product_tag":[],"class_list":{"0":"post-25887","1":"product","2":"type-product","3":"status-publish","4":"has-post-thumbnail","6":"product_cat-boules","8":"first","9":"outofstock","10":"taxable","11":"shipping-taxable","12":"purchasable","13":"product-type-simple"},"yoast_head":"<!-- This site is optimized with the Yoast SEO plugin v27.4 - https:\/\/yoast.com\/product\/yoast-seo-wordpress\/ -->\n<title>Bol \u00e0 encens en bronze : Boutique en ligne Shamanic<\/title>\n<meta name=\"description\" content=\"Br\u00fble-encens en bronze : Boutique en ligne Shamanic\" \/>\n<meta name=\"robots\" content=\"index, follow, max-snippet:-1, max-image-preview:large, max-video-preview:-1\" \/>\n<link rel=\"canonical\" href=\"https:\/\/www.sinchisinchi.com\/fr\/producto\/bol-dencens\/\" \/>\n<meta property=\"og:locale\" content=\"fr_FR\" \/>\n<meta property=\"og:type\" content=\"article\" \/>\n<meta property=\"og:title\" content=\"Bol \u00e0 encens en bronze : Boutique en ligne Shamanic\" \/>\n<meta property=\"og:description\" content=\"Br\u00fble-encens en bronze : Boutique en ligne Shamanic\" \/>\n<meta property=\"og:url\" content=\"https:\/\/www.sinchisinchi.com\/fr\/producto\/bol-dencens\/\" \/>\n<meta property=\"og:site_name\" content=\"SINCHI RAP\u00c9\" \/>\n<meta property=\"article:publisher\" content=\"https:\/\/www.facebook.com\/sinchirape\/\" \/>\n<meta property=\"og:image\" content=\"https:\/\/www.sinchisinchi.com\/wp-content\/uploads\/2023\/12\/cuenco.png\" \/>\n\t<meta property=\"og:image:width\" content=\"600\" \/>\n\t<meta property=\"og:image:height\" content=\"600\" \/>\n\t<meta property=\"og:image:type\" content=\"image\/png\" \/>\n<meta name=\"twitter:card\" content=\"summary_large_image\" \/>\n<script type=\"application\/ld+json\" class=\"yoast-schema-graph\">{\"@context\":\"https:\\\/\\\/schema.org\",\"@graph\":[{\"@type\":\"WebPage\",\"@id\":\"https:\\\/\\\/www.sinchisinchi.com\\\/fr\\\/producto\\\/bol-dencens\\\/\",\"url\":\"https:\\\/\\\/www.sinchisinchi.com\\\/fr\\\/producto\\\/bol-dencens\\\/\",\"name\":\"Bol \u00e0 encens en bronze : Boutique en ligne Shamanic\",\"isPartOf\":{\"@id\":\"https:\\\/\\\/www.sinchisinchi.com\\\/fr\\\/#website\"},\"primaryImageOfPage\":{\"@id\":\"https:\\\/\\\/www.sinchisinchi.com\\\/fr\\\/producto\\\/bol-dencens\\\/#primaryimage\"},\"image\":{\"@id\":\"https:\\\/\\\/www.sinchisinchi.com\\\/fr\\\/producto\\\/bol-dencens\\\/#primaryimage\"},\"thumbnailUrl\":\"https:\\\/\\\/www.sinchisinchi.com\\\/wp-content\\\/uploads\\\/2023\\\/12\\\/cuenco.png\",\"datePublished\":\"2023-12-07T00:52:09+00:00\",\"description\":\"Br\u00fble-encens en bronze : Boutique en ligne Shamanic\",\"breadcrumb\":{\"@id\":\"https:\\\/\\\/www.sinchisinchi.com\\\/fr\\\/producto\\\/bol-dencens\\\/#breadcrumb\"},\"inLanguage\":\"fr-FR\",\"potentialAction\":[{\"@type\":\"ReadAction\",\"target\":[\"https:\\\/\\\/www.sinchisinchi.com\\\/fr\\\/producto\\\/bol-dencens\\\/\"]}]},{\"@type\":\"ImageObject\",\"inLanguage\":\"fr-FR\",\"@id\":\"https:\\\/\\\/www.sinchisinchi.com\\\/fr\\\/producto\\\/bol-dencens\\\/#primaryimage\",\"url\":\"https:\\\/\\\/www.sinchisinchi.com\\\/wp-content\\\/uploads\\\/2023\\\/12\\\/cuenco.png\",\"contentUrl\":\"https:\\\/\\\/www.sinchisinchi.com\\\/wp-content\\\/uploads\\\/2023\\\/12\\\/cuenco.png\",\"width\":600,\"height\":600},{\"@type\":\"BreadcrumbList\",\"@id\":\"https:\\\/\\\/www.sinchisinchi.com\\\/fr\\\/producto\\\/bol-dencens\\\/#breadcrumb\",\"itemListElement\":[{\"@type\":\"ListItem\",\"position\":1,\"name\":\"Prima pagina\",\"item\":\"https:\\\/\\\/www.sinchisinchi.com\\\/fr\\\/\"},{\"@type\":\"ListItem\",\"position\":2,\"name\":\"Produits\",\"item\":\"https:\\\/\\\/www.sinchisinchi.com\\\/fr\\\/shop\\\/\"},{\"@type\":\"ListItem\",\"position\":3,\"name\":\"Bol d&#8217;encens\"}]},{\"@type\":\"WebSite\",\"@id\":\"https:\\\/\\\/www.sinchisinchi.com\\\/fr\\\/#website\",\"url\":\"https:\\\/\\\/www.sinchisinchi.com\\\/fr\\\/\",\"name\":\"SINCHI\",\"description\":\"Sinchi Medicine\",\"publisher\":{\"@id\":\"https:\\\/\\\/www.sinchisinchi.com\\\/fr\\\/#organization\"},\"potentialAction\":[{\"@type\":\"SearchAction\",\"target\":{\"@type\":\"EntryPoint\",\"urlTemplate\":\"https:\\\/\\\/www.sinchisinchi.com\\\/fr\\\/?s={search_term_string}\"},\"query-input\":{\"@type\":\"PropertyValueSpecification\",\"valueRequired\":true,\"valueName\":\"search_term_string\"}}],\"inLanguage\":\"fr-FR\"},{\"@type\":\"Organization\",\"@id\":\"https:\\\/\\\/www.sinchisinchi.com\\\/fr\\\/#organization\",\"name\":\"SINCHI S.L\",\"url\":\"https:\\\/\\\/www.sinchisinchi.com\\\/fr\\\/\",\"logo\":{\"@type\":\"ImageObject\",\"inLanguage\":\"fr-FR\",\"@id\":\"https:\\\/\\\/www.sinchisinchi.com\\\/fr\\\/#\\\/schema\\\/logo\\\/image\\\/\",\"url\":\"https:\\\/\\\/www.sinchisinchi.com\\\/wp-content\\\/uploads\\\/2026\\\/01\\\/3b-Verde-SIMPLIFICADO-HORIZONTAL-F-TRANSPARENTE-scaled.png\",\"contentUrl\":\"https:\\\/\\\/www.sinchisinchi.com\\\/wp-content\\\/uploads\\\/2026\\\/01\\\/3b-Verde-SIMPLIFICADO-HORIZONTAL-F-TRANSPARENTE-scaled.png\",\"width\":2560,\"height\":457,\"caption\":\"SINCHI S.L\"},\"image\":{\"@id\":\"https:\\\/\\\/www.sinchisinchi.com\\\/fr\\\/#\\\/schema\\\/logo\\\/image\\\/\"},\"sameAs\":[\"https:\\\/\\\/www.facebook.com\\\/sinchirape\\\/\",\"https:\\\/\\\/www.instagram.com\\\/sinchi_rape\\\/\"]}]}<\/script>\n<!-- \/ Yoast SEO plugin. -->","yoast_head_json":{"title":"Bol \u00e0 encens en bronze : Boutique en ligne Shamanic","description":"Br\u00fble-encens en bronze : Boutique en ligne Shamanic","robots":{"index":"index","follow":"follow","max-snippet":"max-snippet:-1","max-image-preview":"max-image-preview:large","max-video-preview":"max-video-preview:-1"},"canonical":"https:\/\/www.sinchisinchi.com\/fr\/producto\/bol-dencens\/","og_locale":"fr_FR","og_type":"article","og_title":"Bol \u00e0 encens en bronze : Boutique en ligne Shamanic","og_description":"Br\u00fble-encens en bronze : Boutique en ligne Shamanic","og_url":"https:\/\/www.sinchisinchi.com\/fr\/producto\/bol-dencens\/","og_site_name":"SINCHI RAP\u00c9","article_publisher":"https:\/\/www.facebook.com\/sinchirape\/","og_image":[{"width":600,"height":600,"url":"https:\/\/www.sinchisinchi.com\/wp-content\/uploads\/2023\/12\/cuenco.png","type":"image\/png"}],"twitter_card":"summary_large_image","schema":{"@context":"https:\/\/schema.org","@graph":[{"@type":"WebPage","@id":"https:\/\/www.sinchisinchi.com\/fr\/producto\/bol-dencens\/","url":"https:\/\/www.sinchisinchi.com\/fr\/producto\/bol-dencens\/","name":"Bol \u00e0 encens en bronze : Boutique en ligne Shamanic","isPartOf":{"@id":"https:\/\/www.sinchisinchi.com\/fr\/#website"},"primaryImageOfPage":{"@id":"https:\/\/www.sinchisinchi.com\/fr\/producto\/bol-dencens\/#primaryimage"},"image":{"@id":"https:\/\/www.sinchisinchi.com\/fr\/producto\/bol-dencens\/#primaryimage"},"thumbnailUrl":"https:\/\/www.sinchisinchi.com\/wp-content\/uploads\/2023\/12\/cuenco.png","datePublished":"2023-12-07T00:52:09+00:00","description":"Br\u00fble-encens en bronze : Boutique en ligne Shamanic","breadcrumb":{"@id":"https:\/\/www.sinchisinchi.com\/fr\/producto\/bol-dencens\/#breadcrumb"},"inLanguage":"fr-FR","potentialAction":[{"@type":"ReadAction","target":["https:\/\/www.sinchisinchi.com\/fr\/producto\/bol-dencens\/"]}]},{"@type":"ImageObject","inLanguage":"fr-FR","@id":"https:\/\/www.sinchisinchi.com\/fr\/producto\/bol-dencens\/#primaryimage","url":"https:\/\/www.sinchisinchi.com\/wp-content\/uploads\/2023\/12\/cuenco.png","contentUrl":"https:\/\/www.sinchisinchi.com\/wp-content\/uploads\/2023\/12\/cuenco.png","width":600,"height":600},{"@type":"BreadcrumbList","@id":"https:\/\/www.sinchisinchi.com\/fr\/producto\/bol-dencens\/#breadcrumb","itemListElement":[{"@type":"ListItem","position":1,"name":"Prima pagina","item":"https:\/\/www.sinchisinchi.com\/fr\/"},{"@type":"ListItem","position":2,"name":"Produits","item":"https:\/\/www.sinchisinchi.com\/fr\/shop\/"},{"@type":"ListItem","position":3,"name":"Bol d&#8217;encens"}]},{"@type":"WebSite","@id":"https:\/\/www.sinchisinchi.com\/fr\/#website","url":"https:\/\/www.sinchisinchi.com\/fr\/","name":"SINCHI","description":"Sinchi Medicine","publisher":{"@id":"https:\/\/www.sinchisinchi.com\/fr\/#organization"},"potentialAction":[{"@type":"SearchAction","target":{"@type":"EntryPoint","urlTemplate":"https:\/\/www.sinchisinchi.com\/fr\/?s={search_term_string}"},"query-input":{"@type":"PropertyValueSpecification","valueRequired":true,"valueName":"search_term_string"}}],"inLanguage":"fr-FR"},{"@type":"Organization","@id":"https:\/\/www.sinchisinchi.com\/fr\/#organization","name":"SINCHI S.L","url":"https:\/\/www.sinchisinchi.com\/fr\/","logo":{"@type":"ImageObject","inLanguage":"fr-FR","@id":"https:\/\/www.sinchisinchi.com\/fr\/#\/schema\/logo\/image\/","url":"https:\/\/www.sinchisinchi.com\/wp-content\/uploads\/2026\/01\/3b-Verde-SIMPLIFICADO-HORIZONTAL-F-TRANSPARENTE-scaled.png","contentUrl":"https:\/\/www.sinchisinchi.com\/wp-content\/uploads\/2026\/01\/3b-Verde-SIMPLIFICADO-HORIZONTAL-F-TRANSPARENTE-scaled.png","width":2560,"height":457,"caption":"SINCHI S.L"},"image":{"@id":"https:\/\/www.sinchisinchi.com\/fr\/#\/schema\/logo\/image\/"},"sameAs":["https:\/\/www.facebook.com\/sinchirape\/","https:\/\/www.instagram.com\/sinchi_rape\/"]}]}},"_links":{"self":[{"href":"https:\/\/www.sinchisinchi.com\/fr\/wp-json\/wp\/v2\/product\/25887","targetHints":{"allow":["GET"]}}],"collection":[{"href":"https:\/\/www.sinchisinchi.com\/fr\/wp-json\/wp\/v2\/product"}],"about":[{"href":"https:\/\/www.sinchisinchi.com\/fr\/wp-json\/wp\/v2\/types\/product"}],"wp:featuredmedia":[{"embeddable":true,"href":"https:\/\/www.sinchisinchi.com\/fr\/wp-json\/wp\/v2\/media\/25889"}],"wp:attachment":[{"href":"https:\/\/www.sinchisinchi.com\/fr\/wp-json\/wp\/v2\/media?parent=25887"}],"wp:term":[{"taxonomy":"product_brand","embeddable":true,"href":"https:\/\/www.sinchisinchi.com\/fr\/wp-json\/wp\/v2\/product_brand?post=25887"},{"taxonomy":"product_cat","embeddable":true,"href":"https:\/\/www.sinchisinchi.com\/fr\/wp-json\/wp\/v2\/product_cat?post=25887"},{"taxonomy":"product_tag","embeddable":true,"href":"https:\/\/www.sinchisinchi.com\/fr\/wp-json\/wp\/v2\/product_tag?post=25887"}],"curies":[{"name":"wp","href":"https:\/\/api.w.org\/{rel}","templated":true}]}}