{"id":25893,"date":"2023-12-07T23:56:25","date_gmt":"2023-12-07T23:56:25","guid":{"rendered":"https:\/\/www.sinchisinchi.com\/producto\/sauge-blanche\/"},"modified":"2023-12-07T23:56:25","modified_gmt":"2023-12-07T23:56:25","slug":"sauge-blanche","status":"publish","type":"product","link":"https:\/\/www.sinchisinchi.com\/fr\/producto\/sauge-blanche\/","title":{"rendered":"Sauge blanche"},"content":{"rendered":"<h2 style=\"text-align: center;\">Bouquet de feuilles de sauge blanche de Californie (Salvia apiana)<\/h2>\n","protected":false},"excerpt":{"rendered":"<p>Bouquet de feuilles de sauge blanche de Californie (Salvia apiana) pr\u00e9par\u00e9es pour \u00eatre utilis\u00e9es comme encens, soigneusement s\u00e9lectionn\u00e9es et regroup\u00e9es.<\/p>\n<p>&nbsp;<\/p>\n<p>La sauge blanche de Californie (Salvia apiana) est une esp\u00e8ce de sauge originaire du sud-ouest des \u00c9tats-Unis et du nord-ouest du Mexique. Cette plante est connue pour son ar\u00f4me doux et r\u00e9sineux, ainsi que pour son utilisation traditionnelle dans les c\u00e9r\u00e9monies et rituels de purification.<\/p>\n<p>&nbsp;<\/p>\n<p>Salvia apiana est une plante vivace qui pousse comme un buisson, avec des feuilles argent\u00e9es et des fleurs blanches en forme de spirale. Lorsqu&rsquo;elle est br\u00fbl\u00e9e, cette vari\u00e9t\u00e9 de sauge d\u00e9gage un ar\u00f4me distinctif, sucr\u00e9 et r\u00e9sineux et poss\u00e8de de fortes propri\u00e9t\u00e9s nettoyantes et protectrices.<\/p>\n<p>&nbsp;<\/p>\n<p>Les tribus am\u00e9rindiennes, en particulier celles de la r\u00e9gion sud-ouest des \u00c9tats-Unis, utilisent la Salvia apiana dans leurs rituels depuis des si\u00e8cles. La plante est consid\u00e9r\u00e9e comme sacr\u00e9e et est utilis\u00e9e pour \u00e9loigner les mauvaises \u00e9nergies, nettoyer les espaces et favoriser la connexion spirituelle.<\/p>\n","protected":false},"featured_media":25894,"template":"","meta":{"_joinchat":[]},"product_brand":[],"product_cat":[663],"product_tag":[],"class_list":{"0":"post-25893","1":"product","2":"type-product","3":"status-publish","4":"has-post-thumbnail","6":"product_cat-sauge","8":"first","9":"instock","10":"taxable","11":"shipping-taxable","12":"purchasable","13":"product-type-simple"},"yoast_head":"<!-- This site is optimized with the Yoast SEO plugin v27.4 - https:\/\/yoast.com\/product\/yoast-seo-wordpress\/ -->\n<title>Coffret de sauge blanche de Californie : encens chamanique<\/title>\n<meta name=\"description\" content=\"Bouquet de feuilles de sauge blanche de Californie (Salvia apiana) pr\u00e9par\u00e9es pour \u00eatre utilis\u00e9es comme encens, soigneusement s\u00e9lectionn\u00e9es et regroup\u00e9es.\" \/>\n<meta name=\"robots\" content=\"index, follow, max-snippet:-1, max-image-preview:large, max-video-preview:-1\" \/>\n<link rel=\"canonical\" href=\"https:\/\/www.sinchisinchi.com\/fr\/producto\/sauge-blanche\/\" \/>\n<meta property=\"og:locale\" content=\"fr_FR\" \/>\n<meta property=\"og:type\" content=\"article\" \/>\n<meta property=\"og:title\" content=\"Coffret de sauge blanche de Californie : encens chamanique\" \/>\n<meta property=\"og:description\" content=\"Bouquet de feuilles de sauge blanche de Californie (Salvia apiana) pr\u00e9par\u00e9es pour \u00eatre utilis\u00e9es comme encens, soigneusement s\u00e9lectionn\u00e9es et regroup\u00e9es.\" \/>\n<meta property=\"og:url\" content=\"https:\/\/www.sinchisinchi.com\/fr\/producto\/sauge-blanche\/\" \/>\n<meta property=\"og:site_name\" content=\"SINCHI RAP\u00c9\" \/>\n<meta property=\"article:publisher\" content=\"https:\/\/www.facebook.com\/sinchirape\/\" \/>\n<meta property=\"og:image\" content=\"https:\/\/www.sinchisinchi.com\/wp-content\/uploads\/2020\/06\/atado-de-salvia-blanca-californiana-fondo-blanqueado.jpg\" \/>\n\t<meta property=\"og:image:width\" content=\"800\" \/>\n\t<meta property=\"og:image:height\" content=\"800\" \/>\n\t<meta property=\"og:image:type\" content=\"image\/jpeg\" \/>\n<meta name=\"twitter:card\" content=\"summary_large_image\" \/>\n<script type=\"application\/ld+json\" class=\"yoast-schema-graph\">{\"@context\":\"https:\\\/\\\/schema.org\",\"@graph\":[{\"@type\":\"WebPage\",\"@id\":\"https:\\\/\\\/www.sinchisinchi.com\\\/fr\\\/producto\\\/sauge-blanche\\\/\",\"url\":\"https:\\\/\\\/www.sinchisinchi.com\\\/fr\\\/producto\\\/sauge-blanche\\\/\",\"name\":\"Coffret de sauge blanche de Californie : encens chamanique\",\"isPartOf\":{\"@id\":\"https:\\\/\\\/www.sinchisinchi.com\\\/fr\\\/#website\"},\"primaryImageOfPage\":{\"@id\":\"https:\\\/\\\/www.sinchisinchi.com\\\/fr\\\/producto\\\/sauge-blanche\\\/#primaryimage\"},\"image\":{\"@id\":\"https:\\\/\\\/www.sinchisinchi.com\\\/fr\\\/producto\\\/sauge-blanche\\\/#primaryimage\"},\"thumbnailUrl\":\"https:\\\/\\\/www.sinchisinchi.com\\\/wp-content\\\/uploads\\\/2020\\\/06\\\/atado-de-salvia-blanca-californiana-fondo-blanqueado.jpg\",\"datePublished\":\"2023-12-07T23:56:25+00:00\",\"description\":\"Bouquet de feuilles de sauge blanche de Californie (Salvia apiana) pr\u00e9par\u00e9es pour \u00eatre utilis\u00e9es comme encens, soigneusement s\u00e9lectionn\u00e9es et regroup\u00e9es.\",\"breadcrumb\":{\"@id\":\"https:\\\/\\\/www.sinchisinchi.com\\\/fr\\\/producto\\\/sauge-blanche\\\/#breadcrumb\"},\"inLanguage\":\"fr-FR\",\"potentialAction\":[{\"@type\":\"ReadAction\",\"target\":[\"https:\\\/\\\/www.sinchisinchi.com\\\/fr\\\/producto\\\/sauge-blanche\\\/\"]}]},{\"@type\":\"ImageObject\",\"inLanguage\":\"fr-FR\",\"@id\":\"https:\\\/\\\/www.sinchisinchi.com\\\/fr\\\/producto\\\/sauge-blanche\\\/#primaryimage\",\"url\":\"https:\\\/\\\/www.sinchisinchi.com\\\/wp-content\\\/uploads\\\/2020\\\/06\\\/atado-de-salvia-blanca-californiana-fondo-blanqueado.jpg\",\"contentUrl\":\"https:\\\/\\\/www.sinchisinchi.com\\\/wp-content\\\/uploads\\\/2020\\\/06\\\/atado-de-salvia-blanca-californiana-fondo-blanqueado.jpg\",\"width\":800,\"height\":800},{\"@type\":\"BreadcrumbList\",\"@id\":\"https:\\\/\\\/www.sinchisinchi.com\\\/fr\\\/producto\\\/sauge-blanche\\\/#breadcrumb\",\"itemListElement\":[{\"@type\":\"ListItem\",\"position\":1,\"name\":\"Prima pagina\",\"item\":\"https:\\\/\\\/www.sinchisinchi.com\\\/fr\\\/\"},{\"@type\":\"ListItem\",\"position\":2,\"name\":\"Produits\",\"item\":\"https:\\\/\\\/www.sinchisinchi.com\\\/fr\\\/shop\\\/\"},{\"@type\":\"ListItem\",\"position\":3,\"name\":\"Sauge blanche\"}]},{\"@type\":\"WebSite\",\"@id\":\"https:\\\/\\\/www.sinchisinchi.com\\\/fr\\\/#website\",\"url\":\"https:\\\/\\\/www.sinchisinchi.com\\\/fr\\\/\",\"name\":\"SINCHI\",\"description\":\"Sinchi Medicine\",\"publisher\":{\"@id\":\"https:\\\/\\\/www.sinchisinchi.com\\\/fr\\\/#organization\"},\"potentialAction\":[{\"@type\":\"SearchAction\",\"target\":{\"@type\":\"EntryPoint\",\"urlTemplate\":\"https:\\\/\\\/www.sinchisinchi.com\\\/fr\\\/?s={search_term_string}\"},\"query-input\":{\"@type\":\"PropertyValueSpecification\",\"valueRequired\":true,\"valueName\":\"search_term_string\"}}],\"inLanguage\":\"fr-FR\"},{\"@type\":\"Organization\",\"@id\":\"https:\\\/\\\/www.sinchisinchi.com\\\/fr\\\/#organization\",\"name\":\"SINCHI S.L\",\"url\":\"https:\\\/\\\/www.sinchisinchi.com\\\/fr\\\/\",\"logo\":{\"@type\":\"ImageObject\",\"inLanguage\":\"fr-FR\",\"@id\":\"https:\\\/\\\/www.sinchisinchi.com\\\/fr\\\/#\\\/schema\\\/logo\\\/image\\\/\",\"url\":\"https:\\\/\\\/www.sinchisinchi.com\\\/wp-content\\\/uploads\\\/2026\\\/01\\\/3b-Verde-SIMPLIFICADO-HORIZONTAL-F-TRANSPARENTE-scaled.png\",\"contentUrl\":\"https:\\\/\\\/www.sinchisinchi.com\\\/wp-content\\\/uploads\\\/2026\\\/01\\\/3b-Verde-SIMPLIFICADO-HORIZONTAL-F-TRANSPARENTE-scaled.png\",\"width\":2560,\"height\":457,\"caption\":\"SINCHI S.L\"},\"image\":{\"@id\":\"https:\\\/\\\/www.sinchisinchi.com\\\/fr\\\/#\\\/schema\\\/logo\\\/image\\\/\"},\"sameAs\":[\"https:\\\/\\\/www.facebook.com\\\/sinchirape\\\/\",\"https:\\\/\\\/www.instagram.com\\\/sinchi_rape\\\/\"]}]}<\/script>\n<!-- \/ Yoast SEO plugin. -->","yoast_head_json":{"title":"Coffret de sauge blanche de Californie : encens chamanique","description":"Bouquet de feuilles de sauge blanche de Californie (Salvia apiana) pr\u00e9par\u00e9es pour \u00eatre utilis\u00e9es comme encens, soigneusement s\u00e9lectionn\u00e9es et regroup\u00e9es.","robots":{"index":"index","follow":"follow","max-snippet":"max-snippet:-1","max-image-preview":"max-image-preview:large","max-video-preview":"max-video-preview:-1"},"canonical":"https:\/\/www.sinchisinchi.com\/fr\/producto\/sauge-blanche\/","og_locale":"fr_FR","og_type":"article","og_title":"Coffret de sauge blanche de Californie : encens chamanique","og_description":"Bouquet de feuilles de sauge blanche de Californie (Salvia apiana) pr\u00e9par\u00e9es pour \u00eatre utilis\u00e9es comme encens, soigneusement s\u00e9lectionn\u00e9es et regroup\u00e9es.","og_url":"https:\/\/www.sinchisinchi.com\/fr\/producto\/sauge-blanche\/","og_site_name":"SINCHI RAP\u00c9","article_publisher":"https:\/\/www.facebook.com\/sinchirape\/","og_image":[{"width":800,"height":800,"url":"https:\/\/www.sinchisinchi.com\/wp-content\/uploads\/2020\/06\/atado-de-salvia-blanca-californiana-fondo-blanqueado.jpg","type":"image\/jpeg"}],"twitter_card":"summary_large_image","schema":{"@context":"https:\/\/schema.org","@graph":[{"@type":"WebPage","@id":"https:\/\/www.sinchisinchi.com\/fr\/producto\/sauge-blanche\/","url":"https:\/\/www.sinchisinchi.com\/fr\/producto\/sauge-blanche\/","name":"Coffret de sauge blanche de Californie : encens chamanique","isPartOf":{"@id":"https:\/\/www.sinchisinchi.com\/fr\/#website"},"primaryImageOfPage":{"@id":"https:\/\/www.sinchisinchi.com\/fr\/producto\/sauge-blanche\/#primaryimage"},"image":{"@id":"https:\/\/www.sinchisinchi.com\/fr\/producto\/sauge-blanche\/#primaryimage"},"thumbnailUrl":"https:\/\/www.sinchisinchi.com\/wp-content\/uploads\/2020\/06\/atado-de-salvia-blanca-californiana-fondo-blanqueado.jpg","datePublished":"2023-12-07T23:56:25+00:00","description":"Bouquet de feuilles de sauge blanche de Californie (Salvia apiana) pr\u00e9par\u00e9es pour \u00eatre utilis\u00e9es comme encens, soigneusement s\u00e9lectionn\u00e9es et regroup\u00e9es.","breadcrumb":{"@id":"https:\/\/www.sinchisinchi.com\/fr\/producto\/sauge-blanche\/#breadcrumb"},"inLanguage":"fr-FR","potentialAction":[{"@type":"ReadAction","target":["https:\/\/www.sinchisinchi.com\/fr\/producto\/sauge-blanche\/"]}]},{"@type":"ImageObject","inLanguage":"fr-FR","@id":"https:\/\/www.sinchisinchi.com\/fr\/producto\/sauge-blanche\/#primaryimage","url":"https:\/\/www.sinchisinchi.com\/wp-content\/uploads\/2020\/06\/atado-de-salvia-blanca-californiana-fondo-blanqueado.jpg","contentUrl":"https:\/\/www.sinchisinchi.com\/wp-content\/uploads\/2020\/06\/atado-de-salvia-blanca-californiana-fondo-blanqueado.jpg","width":800,"height":800},{"@type":"BreadcrumbList","@id":"https:\/\/www.sinchisinchi.com\/fr\/producto\/sauge-blanche\/#breadcrumb","itemListElement":[{"@type":"ListItem","position":1,"name":"Prima pagina","item":"https:\/\/www.sinchisinchi.com\/fr\/"},{"@type":"ListItem","position":2,"name":"Produits","item":"https:\/\/www.sinchisinchi.com\/fr\/shop\/"},{"@type":"ListItem","position":3,"name":"Sauge blanche"}]},{"@type":"WebSite","@id":"https:\/\/www.sinchisinchi.com\/fr\/#website","url":"https:\/\/www.sinchisinchi.com\/fr\/","name":"SINCHI","description":"Sinchi Medicine","publisher":{"@id":"https:\/\/www.sinchisinchi.com\/fr\/#organization"},"potentialAction":[{"@type":"SearchAction","target":{"@type":"EntryPoint","urlTemplate":"https:\/\/www.sinchisinchi.com\/fr\/?s={search_term_string}"},"query-input":{"@type":"PropertyValueSpecification","valueRequired":true,"valueName":"search_term_string"}}],"inLanguage":"fr-FR"},{"@type":"Organization","@id":"https:\/\/www.sinchisinchi.com\/fr\/#organization","name":"SINCHI S.L","url":"https:\/\/www.sinchisinchi.com\/fr\/","logo":{"@type":"ImageObject","inLanguage":"fr-FR","@id":"https:\/\/www.sinchisinchi.com\/fr\/#\/schema\/logo\/image\/","url":"https:\/\/www.sinchisinchi.com\/wp-content\/uploads\/2026\/01\/3b-Verde-SIMPLIFICADO-HORIZONTAL-F-TRANSPARENTE-scaled.png","contentUrl":"https:\/\/www.sinchisinchi.com\/wp-content\/uploads\/2026\/01\/3b-Verde-SIMPLIFICADO-HORIZONTAL-F-TRANSPARENTE-scaled.png","width":2560,"height":457,"caption":"SINCHI S.L"},"image":{"@id":"https:\/\/www.sinchisinchi.com\/fr\/#\/schema\/logo\/image\/"},"sameAs":["https:\/\/www.facebook.com\/sinchirape\/","https:\/\/www.instagram.com\/sinchi_rape\/"]}]}},"_links":{"self":[{"href":"https:\/\/www.sinchisinchi.com\/fr\/wp-json\/wp\/v2\/product\/25893","targetHints":{"allow":["GET"]}}],"collection":[{"href":"https:\/\/www.sinchisinchi.com\/fr\/wp-json\/wp\/v2\/product"}],"about":[{"href":"https:\/\/www.sinchisinchi.com\/fr\/wp-json\/wp\/v2\/types\/product"}],"wp:featuredmedia":[{"embeddable":true,"href":"https:\/\/www.sinchisinchi.com\/fr\/wp-json\/wp\/v2\/media\/25894"}],"wp:attachment":[{"href":"https:\/\/www.sinchisinchi.com\/fr\/wp-json\/wp\/v2\/media?parent=25893"}],"wp:term":[{"taxonomy":"product_brand","embeddable":true,"href":"https:\/\/www.sinchisinchi.com\/fr\/wp-json\/wp\/v2\/product_brand?post=25893"},{"taxonomy":"product_cat","embeddable":true,"href":"https:\/\/www.sinchisinchi.com\/fr\/wp-json\/wp\/v2\/product_cat?post=25893"},{"taxonomy":"product_tag","embeddable":true,"href":"https:\/\/www.sinchisinchi.com\/fr\/wp-json\/wp\/v2\/product_tag?post=25893"}],"curies":[{"name":"wp","href":"https:\/\/api.w.org\/{rel}","templated":true}]}}