{"id":25897,"date":"2023-12-07T23:46:14","date_gmt":"2023-12-07T23:46:14","guid":{"rendered":"https:\/\/www.sinchisinchi.com\/producto\/sauge-officinale\/"},"modified":"2023-12-07T23:46:14","modified_gmt":"2023-12-07T23:46:14","slug":"sauge-officinale","status":"publish","type":"product","link":"https:\/\/www.sinchisinchi.com\/fr\/producto\/sauge-officinale\/","title":{"rendered":"Sauge officinale"},"content":{"rendered":"<h2 style=\"text-align: center;\">Bouquet de feuilles de sauge (Salvia officinalis)<\/h2>\n","protected":false},"excerpt":{"rendered":"<p>Bouquet de feuilles de sauge (Salvia officinalis) pr\u00e9par\u00e9es pour \u00eatre utilis\u00e9es comme encens, soigneusement s\u00e9lectionn\u00e9es et group\u00e9es. Une fois le bouquet de sauge pr\u00e9par\u00e9, une extr\u00e9mit\u00e9 est allum\u00e9e, permettant aux feuilles de br\u00fbler lentement.<\/p>\n<p>&nbsp;<\/p>\n<p>La sauge est utilis\u00e9e depuis l&rsquo;Antiquit\u00e9 dans les rituels et c\u00e9r\u00e9monies de diverses cultures pour ses propri\u00e9t\u00e9s purifiantes, connectives et protectrices. Il poss\u00e8de \u00e9galement des propri\u00e9t\u00e9s qui facilitent la clart\u00e9 mentale et la concentration.<\/p>\n<p>&nbsp;<\/p>\n<p>La sauge (Salvia officinalis) est une plante vivace appartenant \u00e0 la famille des Lamiac\u00e9es, connue pour ses feuilles gris-vert et son ar\u00f4me distinctif. Originaire de la M\u00e9diterran\u00e9e, la sauge a gagn\u00e9 en popularit\u00e9 dans le monde entier tant pour son utilisation culinaire que pour ses propri\u00e9t\u00e9s m\u00e9dicinales et \u00e9sot\u00e9riques. Ses feuilles sont couvertes de minuscules poils contenant des huiles essentielles qui contribuent \u00e0 son ar\u00f4me et \u00e0 sa saveur caract\u00e9ristiques.<\/p>\n<p>&nbsp;<\/p>\n<p>Il fut un temps o\u00f9 on la consid\u00e9rait comme la plante \u00ab qui gu\u00e9rit tout \u00bb, gr\u00e2ce \u00e0 ses nombreuses propri\u00e9t\u00e9s m\u00e9dicinales.<\/p>\n","protected":false},"featured_media":25898,"template":"","meta":{"_joinchat":[]},"product_brand":[],"product_cat":[663],"product_tag":[],"class_list":{"0":"post-25897","1":"product","2":"type-product","3":"status-publish","4":"has-post-thumbnail","6":"product_cat-sauge","8":"first","9":"instock","10":"taxable","11":"shipping-taxable","12":"purchasable","13":"product-type-simple"},"yoast_head":"<!-- This site is optimized with the Yoast SEO plugin v27.4 - https:\/\/yoast.com\/product\/yoast-seo-wordpress\/ -->\n<title>Coffret de sauge blanche de Californie : boutique d&#039;encens en ligne<\/title>\n<meta name=\"description\" content=\"Bouquet de feuilles de sauge (Salvia officinalis) pr\u00e9par\u00e9es pour \u00eatre utilis\u00e9es comme encens, soigneusement s\u00e9lectionn\u00e9es et group\u00e9es.\" \/>\n<meta name=\"robots\" content=\"index, follow, max-snippet:-1, max-image-preview:large, max-video-preview:-1\" \/>\n<link rel=\"canonical\" href=\"https:\/\/www.sinchisinchi.com\/fr\/producto\/sauge-officinale\/\" \/>\n<meta property=\"og:locale\" content=\"fr_FR\" \/>\n<meta property=\"og:type\" content=\"article\" \/>\n<meta property=\"og:title\" content=\"Coffret de sauge blanche de Californie : boutique d&#039;encens en ligne\" \/>\n<meta property=\"og:description\" content=\"Bouquet de feuilles de sauge (Salvia officinalis) pr\u00e9par\u00e9es pour \u00eatre utilis\u00e9es comme encens, soigneusement s\u00e9lectionn\u00e9es et group\u00e9es.\" \/>\n<meta property=\"og:url\" content=\"https:\/\/www.sinchisinchi.com\/fr\/producto\/sauge-officinale\/\" \/>\n<meta property=\"og:site_name\" content=\"SINCHI RAP\u00c9\" \/>\n<meta property=\"article:publisher\" content=\"https:\/\/www.facebook.com\/sinchirape\/\" \/>\n<meta property=\"og:image\" content=\"https:\/\/www.sinchisinchi.com\/wp-content\/uploads\/2020\/06\/atado-de-salvia-b.jpg\" \/>\n\t<meta property=\"og:image:width\" content=\"600\" \/>\n\t<meta property=\"og:image:height\" content=\"600\" \/>\n\t<meta property=\"og:image:type\" content=\"image\/jpeg\" \/>\n<meta name=\"twitter:card\" content=\"summary_large_image\" \/>\n<script type=\"application\/ld+json\" class=\"yoast-schema-graph\">{\"@context\":\"https:\\\/\\\/schema.org\",\"@graph\":[{\"@type\":\"WebPage\",\"@id\":\"https:\\\/\\\/www.sinchisinchi.com\\\/fr\\\/producto\\\/sauge-officinale\\\/\",\"url\":\"https:\\\/\\\/www.sinchisinchi.com\\\/fr\\\/producto\\\/sauge-officinale\\\/\",\"name\":\"Coffret de sauge blanche de Californie : boutique d'encens en ligne\",\"isPartOf\":{\"@id\":\"https:\\\/\\\/www.sinchisinchi.com\\\/fr\\\/#website\"},\"primaryImageOfPage\":{\"@id\":\"https:\\\/\\\/www.sinchisinchi.com\\\/fr\\\/producto\\\/sauge-officinale\\\/#primaryimage\"},\"image\":{\"@id\":\"https:\\\/\\\/www.sinchisinchi.com\\\/fr\\\/producto\\\/sauge-officinale\\\/#primaryimage\"},\"thumbnailUrl\":\"https:\\\/\\\/www.sinchisinchi.com\\\/wp-content\\\/uploads\\\/2020\\\/06\\\/atado-de-salvia-b.jpg\",\"datePublished\":\"2023-12-07T23:46:14+00:00\",\"description\":\"Bouquet de feuilles de sauge (Salvia officinalis) pr\u00e9par\u00e9es pour \u00eatre utilis\u00e9es comme encens, soigneusement s\u00e9lectionn\u00e9es et group\u00e9es.\",\"breadcrumb\":{\"@id\":\"https:\\\/\\\/www.sinchisinchi.com\\\/fr\\\/producto\\\/sauge-officinale\\\/#breadcrumb\"},\"inLanguage\":\"fr-FR\",\"potentialAction\":[{\"@type\":\"ReadAction\",\"target\":[\"https:\\\/\\\/www.sinchisinchi.com\\\/fr\\\/producto\\\/sauge-officinale\\\/\"]}]},{\"@type\":\"ImageObject\",\"inLanguage\":\"fr-FR\",\"@id\":\"https:\\\/\\\/www.sinchisinchi.com\\\/fr\\\/producto\\\/sauge-officinale\\\/#primaryimage\",\"url\":\"https:\\\/\\\/www.sinchisinchi.com\\\/wp-content\\\/uploads\\\/2020\\\/06\\\/atado-de-salvia-b.jpg\",\"contentUrl\":\"https:\\\/\\\/www.sinchisinchi.com\\\/wp-content\\\/uploads\\\/2020\\\/06\\\/atado-de-salvia-b.jpg\",\"width\":600,\"height\":600},{\"@type\":\"BreadcrumbList\",\"@id\":\"https:\\\/\\\/www.sinchisinchi.com\\\/fr\\\/producto\\\/sauge-officinale\\\/#breadcrumb\",\"itemListElement\":[{\"@type\":\"ListItem\",\"position\":1,\"name\":\"Prima pagina\",\"item\":\"https:\\\/\\\/www.sinchisinchi.com\\\/fr\\\/\"},{\"@type\":\"ListItem\",\"position\":2,\"name\":\"Produits\",\"item\":\"https:\\\/\\\/www.sinchisinchi.com\\\/fr\\\/shop\\\/\"},{\"@type\":\"ListItem\",\"position\":3,\"name\":\"Sauge officinale\"}]},{\"@type\":\"WebSite\",\"@id\":\"https:\\\/\\\/www.sinchisinchi.com\\\/fr\\\/#website\",\"url\":\"https:\\\/\\\/www.sinchisinchi.com\\\/fr\\\/\",\"name\":\"SINCHI\",\"description\":\"Sinchi Medicine\",\"publisher\":{\"@id\":\"https:\\\/\\\/www.sinchisinchi.com\\\/fr\\\/#organization\"},\"potentialAction\":[{\"@type\":\"SearchAction\",\"target\":{\"@type\":\"EntryPoint\",\"urlTemplate\":\"https:\\\/\\\/www.sinchisinchi.com\\\/fr\\\/?s={search_term_string}\"},\"query-input\":{\"@type\":\"PropertyValueSpecification\",\"valueRequired\":true,\"valueName\":\"search_term_string\"}}],\"inLanguage\":\"fr-FR\"},{\"@type\":\"Organization\",\"@id\":\"https:\\\/\\\/www.sinchisinchi.com\\\/fr\\\/#organization\",\"name\":\"SINCHI S.L\",\"url\":\"https:\\\/\\\/www.sinchisinchi.com\\\/fr\\\/\",\"logo\":{\"@type\":\"ImageObject\",\"inLanguage\":\"fr-FR\",\"@id\":\"https:\\\/\\\/www.sinchisinchi.com\\\/fr\\\/#\\\/schema\\\/logo\\\/image\\\/\",\"url\":\"https:\\\/\\\/www.sinchisinchi.com\\\/wp-content\\\/uploads\\\/2026\\\/01\\\/3b-Verde-SIMPLIFICADO-HORIZONTAL-F-TRANSPARENTE-scaled.png\",\"contentUrl\":\"https:\\\/\\\/www.sinchisinchi.com\\\/wp-content\\\/uploads\\\/2026\\\/01\\\/3b-Verde-SIMPLIFICADO-HORIZONTAL-F-TRANSPARENTE-scaled.png\",\"width\":2560,\"height\":457,\"caption\":\"SINCHI S.L\"},\"image\":{\"@id\":\"https:\\\/\\\/www.sinchisinchi.com\\\/fr\\\/#\\\/schema\\\/logo\\\/image\\\/\"},\"sameAs\":[\"https:\\\/\\\/www.facebook.com\\\/sinchirape\\\/\",\"https:\\\/\\\/www.instagram.com\\\/sinchi_rape\\\/\"]}]}<\/script>\n<!-- \/ Yoast SEO plugin. -->","yoast_head_json":{"title":"Coffret de sauge blanche de Californie : boutique d'encens en ligne","description":"Bouquet de feuilles de sauge (Salvia officinalis) pr\u00e9par\u00e9es pour \u00eatre utilis\u00e9es comme encens, soigneusement s\u00e9lectionn\u00e9es et group\u00e9es.","robots":{"index":"index","follow":"follow","max-snippet":"max-snippet:-1","max-image-preview":"max-image-preview:large","max-video-preview":"max-video-preview:-1"},"canonical":"https:\/\/www.sinchisinchi.com\/fr\/producto\/sauge-officinale\/","og_locale":"fr_FR","og_type":"article","og_title":"Coffret de sauge blanche de Californie : boutique d'encens en ligne","og_description":"Bouquet de feuilles de sauge (Salvia officinalis) pr\u00e9par\u00e9es pour \u00eatre utilis\u00e9es comme encens, soigneusement s\u00e9lectionn\u00e9es et group\u00e9es.","og_url":"https:\/\/www.sinchisinchi.com\/fr\/producto\/sauge-officinale\/","og_site_name":"SINCHI RAP\u00c9","article_publisher":"https:\/\/www.facebook.com\/sinchirape\/","og_image":[{"width":600,"height":600,"url":"https:\/\/www.sinchisinchi.com\/wp-content\/uploads\/2020\/06\/atado-de-salvia-b.jpg","type":"image\/jpeg"}],"twitter_card":"summary_large_image","schema":{"@context":"https:\/\/schema.org","@graph":[{"@type":"WebPage","@id":"https:\/\/www.sinchisinchi.com\/fr\/producto\/sauge-officinale\/","url":"https:\/\/www.sinchisinchi.com\/fr\/producto\/sauge-officinale\/","name":"Coffret de sauge blanche de Californie : boutique d'encens en ligne","isPartOf":{"@id":"https:\/\/www.sinchisinchi.com\/fr\/#website"},"primaryImageOfPage":{"@id":"https:\/\/www.sinchisinchi.com\/fr\/producto\/sauge-officinale\/#primaryimage"},"image":{"@id":"https:\/\/www.sinchisinchi.com\/fr\/producto\/sauge-officinale\/#primaryimage"},"thumbnailUrl":"https:\/\/www.sinchisinchi.com\/wp-content\/uploads\/2020\/06\/atado-de-salvia-b.jpg","datePublished":"2023-12-07T23:46:14+00:00","description":"Bouquet de feuilles de sauge (Salvia officinalis) pr\u00e9par\u00e9es pour \u00eatre utilis\u00e9es comme encens, soigneusement s\u00e9lectionn\u00e9es et group\u00e9es.","breadcrumb":{"@id":"https:\/\/www.sinchisinchi.com\/fr\/producto\/sauge-officinale\/#breadcrumb"},"inLanguage":"fr-FR","potentialAction":[{"@type":"ReadAction","target":["https:\/\/www.sinchisinchi.com\/fr\/producto\/sauge-officinale\/"]}]},{"@type":"ImageObject","inLanguage":"fr-FR","@id":"https:\/\/www.sinchisinchi.com\/fr\/producto\/sauge-officinale\/#primaryimage","url":"https:\/\/www.sinchisinchi.com\/wp-content\/uploads\/2020\/06\/atado-de-salvia-b.jpg","contentUrl":"https:\/\/www.sinchisinchi.com\/wp-content\/uploads\/2020\/06\/atado-de-salvia-b.jpg","width":600,"height":600},{"@type":"BreadcrumbList","@id":"https:\/\/www.sinchisinchi.com\/fr\/producto\/sauge-officinale\/#breadcrumb","itemListElement":[{"@type":"ListItem","position":1,"name":"Prima pagina","item":"https:\/\/www.sinchisinchi.com\/fr\/"},{"@type":"ListItem","position":2,"name":"Produits","item":"https:\/\/www.sinchisinchi.com\/fr\/shop\/"},{"@type":"ListItem","position":3,"name":"Sauge officinale"}]},{"@type":"WebSite","@id":"https:\/\/www.sinchisinchi.com\/fr\/#website","url":"https:\/\/www.sinchisinchi.com\/fr\/","name":"SINCHI","description":"Sinchi Medicine","publisher":{"@id":"https:\/\/www.sinchisinchi.com\/fr\/#organization"},"potentialAction":[{"@type":"SearchAction","target":{"@type":"EntryPoint","urlTemplate":"https:\/\/www.sinchisinchi.com\/fr\/?s={search_term_string}"},"query-input":{"@type":"PropertyValueSpecification","valueRequired":true,"valueName":"search_term_string"}}],"inLanguage":"fr-FR"},{"@type":"Organization","@id":"https:\/\/www.sinchisinchi.com\/fr\/#organization","name":"SINCHI S.L","url":"https:\/\/www.sinchisinchi.com\/fr\/","logo":{"@type":"ImageObject","inLanguage":"fr-FR","@id":"https:\/\/www.sinchisinchi.com\/fr\/#\/schema\/logo\/image\/","url":"https:\/\/www.sinchisinchi.com\/wp-content\/uploads\/2026\/01\/3b-Verde-SIMPLIFICADO-HORIZONTAL-F-TRANSPARENTE-scaled.png","contentUrl":"https:\/\/www.sinchisinchi.com\/wp-content\/uploads\/2026\/01\/3b-Verde-SIMPLIFICADO-HORIZONTAL-F-TRANSPARENTE-scaled.png","width":2560,"height":457,"caption":"SINCHI S.L"},"image":{"@id":"https:\/\/www.sinchisinchi.com\/fr\/#\/schema\/logo\/image\/"},"sameAs":["https:\/\/www.facebook.com\/sinchirape\/","https:\/\/www.instagram.com\/sinchi_rape\/"]}]}},"_links":{"self":[{"href":"https:\/\/www.sinchisinchi.com\/fr\/wp-json\/wp\/v2\/product\/25897","targetHints":{"allow":["GET"]}}],"collection":[{"href":"https:\/\/www.sinchisinchi.com\/fr\/wp-json\/wp\/v2\/product"}],"about":[{"href":"https:\/\/www.sinchisinchi.com\/fr\/wp-json\/wp\/v2\/types\/product"}],"wp:featuredmedia":[{"embeddable":true,"href":"https:\/\/www.sinchisinchi.com\/fr\/wp-json\/wp\/v2\/media\/25898"}],"wp:attachment":[{"href":"https:\/\/www.sinchisinchi.com\/fr\/wp-json\/wp\/v2\/media?parent=25897"}],"wp:term":[{"taxonomy":"product_brand","embeddable":true,"href":"https:\/\/www.sinchisinchi.com\/fr\/wp-json\/wp\/v2\/product_brand?post=25897"},{"taxonomy":"product_cat","embeddable":true,"href":"https:\/\/www.sinchisinchi.com\/fr\/wp-json\/wp\/v2\/product_cat?post=25897"},{"taxonomy":"product_tag","embeddable":true,"href":"https:\/\/www.sinchisinchi.com\/fr\/wp-json\/wp\/v2\/product_tag?post=25897"}],"curies":[{"name":"wp","href":"https:\/\/api.w.org\/{rel}","templated":true}]}}