{"id":25901,"date":"2023-12-07T00:22:17","date_gmt":"2023-12-07T00:22:17","guid":{"rendered":"https:\/\/www.sinchisinchi.com\/producto\/bois-de-santal-rouge\/"},"modified":"2023-12-07T00:22:17","modified_gmt":"2023-12-07T00:22:17","slug":"bois-de-santal-rouge","status":"publish","type":"product","link":"https:\/\/www.sinchisinchi.com\/fr\/producto\/bois-de-santal-rouge\/","title":{"rendered":"Bois de Santal Rouge"},"content":{"rendered":"<h2 style=\"text-align: center;\">L&rsquo;arbre de santal rouge<\/h2>\n<p>Le bois de santal rouge (Pterocarpus Soyauxii) est un arbre originaire d&rsquo;Afrique tropicale. Le bois de cette plante a une couleur qui varie du rouge vif \u00e0 l&rsquo;orange, et est plus r\u00e9sistant et plus compact que celui du santal blanc.<\/p>\n<p>Le bois de santal rouge (Pterocarpus santalinus) est commun\u00e9ment connu sous le nom de bois de santal rouge indien. Il est originaire du sud de l&rsquo;Inde, mais on le trouve \u00e9galement au Sri Lanka et dans d&rsquo;autres r\u00e9gions d&rsquo;Asie du Sud-Est.<\/p>\n","protected":false},"excerpt":{"rendered":"<p>Poudre de bois de santal rouge pour encens. Son ar\u00f4me pr\u00e9sente des notes douces, bois\u00e9es et terreuses.<\/p>\n<p>Dans diverses cultures, le bois de santal est consid\u00e9r\u00e9 comme un bois sacr\u00e9. Son ar\u00f4me est associ\u00e9 \u00e0 la purification, \u00e0 la spiritualit\u00e9 et \u00e0 la connexion avec le divin.<\/p>\n<p>Il est utilis\u00e9 dans les rituels, les c\u00e9r\u00e9monies et les purifications pour ses fortes propri\u00e9t\u00e9s protectrices, nettoyantes et connectives. Son ar\u00f4me doux et r\u00e9confortant contribue \u00e0 cr\u00e9er un environnement propice \u00e0 la concentration, \u00e0 la relaxation et \u00e0 la concentration mentale.<\/p>\n<p>Le bois de santal rouge est souvent associ\u00e9 au chakra du c\u0153ur et est cens\u00e9 aider \u00e0 ouvrir le c\u0153ur, \u00e0 favoriser la compassion et \u00e0 renforcer les connexions \u00e9motionnelles.<\/p>\n","protected":false},"featured_media":25902,"template":"","meta":{"_joinchat":[]},"product_brand":[],"product_cat":[697,707],"product_tag":[],"class_list":{"0":"post-25901","1":"product","2":"type-product","3":"status-publish","4":"has-post-thumbnail","6":"product_cat-myrrhe-fr","7":"product_cat-santal","9":"first","10":"instock","11":"taxable","12":"shipping-taxable","13":"purchasable","14":"product-type-variable"},"yoast_head":"<!-- This site is optimized with the Yoast SEO plugin v27.4 - https:\/\/yoast.com\/product\/yoast-seo-wordpress\/ -->\n<title>Poudre de bois de santal rouge : boutique d&#039;encens en ligne<\/title>\n<meta name=\"description\" content=\"Poudre de bois de santal rouge pour encens. Il est utilis\u00e9 dans les rituels, les c\u00e9r\u00e9monies et les purifications pour ses fortes propri\u00e9t\u00e9s protectrices, nettoyantes et connectives.\" \/>\n<meta name=\"robots\" content=\"index, follow, max-snippet:-1, max-image-preview:large, max-video-preview:-1\" \/>\n<link rel=\"canonical\" href=\"https:\/\/www.sinchisinchi.com\/fr\/producto\/bois-de-santal-rouge\/\" \/>\n<meta property=\"og:locale\" content=\"fr_FR\" \/>\n<meta property=\"og:type\" content=\"article\" \/>\n<meta property=\"og:title\" content=\"Poudre de bois de santal rouge : boutique d&#039;encens en ligne\" \/>\n<meta property=\"og:description\" content=\"Poudre de bois de santal rouge pour encens. Il est utilis\u00e9 dans les rituels, les c\u00e9r\u00e9monies et les purifications pour ses fortes propri\u00e9t\u00e9s protectrices, nettoyantes et connectives.\" \/>\n<meta property=\"og:url\" content=\"https:\/\/www.sinchisinchi.com\/fr\/producto\/bois-de-santal-rouge\/\" \/>\n<meta property=\"og:site_name\" content=\"SINCHI RAP\u00c9\" \/>\n<meta property=\"article:publisher\" content=\"https:\/\/www.facebook.com\/sinchirape\/\" \/>\n<meta property=\"og:image\" content=\"https:\/\/www.sinchisinchi.com\/wp-content\/uploads\/2023\/12\/sandalo-rojo.png\" \/>\n\t<meta property=\"og:image:width\" content=\"600\" \/>\n\t<meta property=\"og:image:height\" content=\"600\" \/>\n\t<meta property=\"og:image:type\" content=\"image\/png\" \/>\n<meta name=\"twitter:card\" content=\"summary_large_image\" \/>\n<script type=\"application\/ld+json\" class=\"yoast-schema-graph\">{\"@context\":\"https:\\\/\\\/schema.org\",\"@graph\":[{\"@type\":\"WebPage\",\"@id\":\"https:\\\/\\\/www.sinchisinchi.com\\\/fr\\\/producto\\\/bois-de-santal-rouge\\\/\",\"url\":\"https:\\\/\\\/www.sinchisinchi.com\\\/fr\\\/producto\\\/bois-de-santal-rouge\\\/\",\"name\":\"Poudre de bois de santal rouge : boutique d'encens en ligne\",\"isPartOf\":{\"@id\":\"https:\\\/\\\/www.sinchisinchi.com\\\/fr\\\/#website\"},\"primaryImageOfPage\":{\"@id\":\"https:\\\/\\\/www.sinchisinchi.com\\\/fr\\\/producto\\\/bois-de-santal-rouge\\\/#primaryimage\"},\"image\":{\"@id\":\"https:\\\/\\\/www.sinchisinchi.com\\\/fr\\\/producto\\\/bois-de-santal-rouge\\\/#primaryimage\"},\"thumbnailUrl\":\"https:\\\/\\\/www.sinchisinchi.com\\\/wp-content\\\/uploads\\\/2023\\\/12\\\/sandalo-rojo.png\",\"datePublished\":\"2023-12-07T00:22:17+00:00\",\"description\":\"Poudre de bois de santal rouge pour encens. Il est utilis\u00e9 dans les rituels, les c\u00e9r\u00e9monies et les purifications pour ses fortes propri\u00e9t\u00e9s protectrices, nettoyantes et connectives.\",\"breadcrumb\":{\"@id\":\"https:\\\/\\\/www.sinchisinchi.com\\\/fr\\\/producto\\\/bois-de-santal-rouge\\\/#breadcrumb\"},\"inLanguage\":\"fr-FR\",\"potentialAction\":[{\"@type\":\"ReadAction\",\"target\":[\"https:\\\/\\\/www.sinchisinchi.com\\\/fr\\\/producto\\\/bois-de-santal-rouge\\\/\"]}]},{\"@type\":\"ImageObject\",\"inLanguage\":\"fr-FR\",\"@id\":\"https:\\\/\\\/www.sinchisinchi.com\\\/fr\\\/producto\\\/bois-de-santal-rouge\\\/#primaryimage\",\"url\":\"https:\\\/\\\/www.sinchisinchi.com\\\/wp-content\\\/uploads\\\/2023\\\/12\\\/sandalo-rojo.png\",\"contentUrl\":\"https:\\\/\\\/www.sinchisinchi.com\\\/wp-content\\\/uploads\\\/2023\\\/12\\\/sandalo-rojo.png\",\"width\":600,\"height\":600},{\"@type\":\"BreadcrumbList\",\"@id\":\"https:\\\/\\\/www.sinchisinchi.com\\\/fr\\\/producto\\\/bois-de-santal-rouge\\\/#breadcrumb\",\"itemListElement\":[{\"@type\":\"ListItem\",\"position\":1,\"name\":\"Prima pagina\",\"item\":\"https:\\\/\\\/www.sinchisinchi.com\\\/fr\\\/\"},{\"@type\":\"ListItem\",\"position\":2,\"name\":\"Produits\",\"item\":\"https:\\\/\\\/www.sinchisinchi.com\\\/fr\\\/shop\\\/\"},{\"@type\":\"ListItem\",\"position\":3,\"name\":\"Bois de Santal Rouge\"}]},{\"@type\":\"WebSite\",\"@id\":\"https:\\\/\\\/www.sinchisinchi.com\\\/fr\\\/#website\",\"url\":\"https:\\\/\\\/www.sinchisinchi.com\\\/fr\\\/\",\"name\":\"SINCHI\",\"description\":\"Sinchi Medicine\",\"publisher\":{\"@id\":\"https:\\\/\\\/www.sinchisinchi.com\\\/fr\\\/#organization\"},\"potentialAction\":[{\"@type\":\"SearchAction\",\"target\":{\"@type\":\"EntryPoint\",\"urlTemplate\":\"https:\\\/\\\/www.sinchisinchi.com\\\/fr\\\/?s={search_term_string}\"},\"query-input\":{\"@type\":\"PropertyValueSpecification\",\"valueRequired\":true,\"valueName\":\"search_term_string\"}}],\"inLanguage\":\"fr-FR\"},{\"@type\":\"Organization\",\"@id\":\"https:\\\/\\\/www.sinchisinchi.com\\\/fr\\\/#organization\",\"name\":\"SINCHI S.L\",\"url\":\"https:\\\/\\\/www.sinchisinchi.com\\\/fr\\\/\",\"logo\":{\"@type\":\"ImageObject\",\"inLanguage\":\"fr-FR\",\"@id\":\"https:\\\/\\\/www.sinchisinchi.com\\\/fr\\\/#\\\/schema\\\/logo\\\/image\\\/\",\"url\":\"https:\\\/\\\/www.sinchisinchi.com\\\/wp-content\\\/uploads\\\/2026\\\/01\\\/3b-Verde-SIMPLIFICADO-HORIZONTAL-F-TRANSPARENTE-scaled.png\",\"contentUrl\":\"https:\\\/\\\/www.sinchisinchi.com\\\/wp-content\\\/uploads\\\/2026\\\/01\\\/3b-Verde-SIMPLIFICADO-HORIZONTAL-F-TRANSPARENTE-scaled.png\",\"width\":2560,\"height\":457,\"caption\":\"SINCHI S.L\"},\"image\":{\"@id\":\"https:\\\/\\\/www.sinchisinchi.com\\\/fr\\\/#\\\/schema\\\/logo\\\/image\\\/\"},\"sameAs\":[\"https:\\\/\\\/www.facebook.com\\\/sinchirape\\\/\",\"https:\\\/\\\/www.instagram.com\\\/sinchi_rape\\\/\"]}]}<\/script>\n<!-- \/ Yoast SEO plugin. -->","yoast_head_json":{"title":"Poudre de bois de santal rouge : boutique d'encens en ligne","description":"Poudre de bois de santal rouge pour encens. Il est utilis\u00e9 dans les rituels, les c\u00e9r\u00e9monies et les purifications pour ses fortes propri\u00e9t\u00e9s protectrices, nettoyantes et connectives.","robots":{"index":"index","follow":"follow","max-snippet":"max-snippet:-1","max-image-preview":"max-image-preview:large","max-video-preview":"max-video-preview:-1"},"canonical":"https:\/\/www.sinchisinchi.com\/fr\/producto\/bois-de-santal-rouge\/","og_locale":"fr_FR","og_type":"article","og_title":"Poudre de bois de santal rouge : boutique d'encens en ligne","og_description":"Poudre de bois de santal rouge pour encens. Il est utilis\u00e9 dans les rituels, les c\u00e9r\u00e9monies et les purifications pour ses fortes propri\u00e9t\u00e9s protectrices, nettoyantes et connectives.","og_url":"https:\/\/www.sinchisinchi.com\/fr\/producto\/bois-de-santal-rouge\/","og_site_name":"SINCHI RAP\u00c9","article_publisher":"https:\/\/www.facebook.com\/sinchirape\/","og_image":[{"width":600,"height":600,"url":"https:\/\/www.sinchisinchi.com\/wp-content\/uploads\/2023\/12\/sandalo-rojo.png","type":"image\/png"}],"twitter_card":"summary_large_image","schema":{"@context":"https:\/\/schema.org","@graph":[{"@type":"WebPage","@id":"https:\/\/www.sinchisinchi.com\/fr\/producto\/bois-de-santal-rouge\/","url":"https:\/\/www.sinchisinchi.com\/fr\/producto\/bois-de-santal-rouge\/","name":"Poudre de bois de santal rouge : boutique d'encens en ligne","isPartOf":{"@id":"https:\/\/www.sinchisinchi.com\/fr\/#website"},"primaryImageOfPage":{"@id":"https:\/\/www.sinchisinchi.com\/fr\/producto\/bois-de-santal-rouge\/#primaryimage"},"image":{"@id":"https:\/\/www.sinchisinchi.com\/fr\/producto\/bois-de-santal-rouge\/#primaryimage"},"thumbnailUrl":"https:\/\/www.sinchisinchi.com\/wp-content\/uploads\/2023\/12\/sandalo-rojo.png","datePublished":"2023-12-07T00:22:17+00:00","description":"Poudre de bois de santal rouge pour encens. Il est utilis\u00e9 dans les rituels, les c\u00e9r\u00e9monies et les purifications pour ses fortes propri\u00e9t\u00e9s protectrices, nettoyantes et connectives.","breadcrumb":{"@id":"https:\/\/www.sinchisinchi.com\/fr\/producto\/bois-de-santal-rouge\/#breadcrumb"},"inLanguage":"fr-FR","potentialAction":[{"@type":"ReadAction","target":["https:\/\/www.sinchisinchi.com\/fr\/producto\/bois-de-santal-rouge\/"]}]},{"@type":"ImageObject","inLanguage":"fr-FR","@id":"https:\/\/www.sinchisinchi.com\/fr\/producto\/bois-de-santal-rouge\/#primaryimage","url":"https:\/\/www.sinchisinchi.com\/wp-content\/uploads\/2023\/12\/sandalo-rojo.png","contentUrl":"https:\/\/www.sinchisinchi.com\/wp-content\/uploads\/2023\/12\/sandalo-rojo.png","width":600,"height":600},{"@type":"BreadcrumbList","@id":"https:\/\/www.sinchisinchi.com\/fr\/producto\/bois-de-santal-rouge\/#breadcrumb","itemListElement":[{"@type":"ListItem","position":1,"name":"Prima pagina","item":"https:\/\/www.sinchisinchi.com\/fr\/"},{"@type":"ListItem","position":2,"name":"Produits","item":"https:\/\/www.sinchisinchi.com\/fr\/shop\/"},{"@type":"ListItem","position":3,"name":"Bois de Santal Rouge"}]},{"@type":"WebSite","@id":"https:\/\/www.sinchisinchi.com\/fr\/#website","url":"https:\/\/www.sinchisinchi.com\/fr\/","name":"SINCHI","description":"Sinchi Medicine","publisher":{"@id":"https:\/\/www.sinchisinchi.com\/fr\/#organization"},"potentialAction":[{"@type":"SearchAction","target":{"@type":"EntryPoint","urlTemplate":"https:\/\/www.sinchisinchi.com\/fr\/?s={search_term_string}"},"query-input":{"@type":"PropertyValueSpecification","valueRequired":true,"valueName":"search_term_string"}}],"inLanguage":"fr-FR"},{"@type":"Organization","@id":"https:\/\/www.sinchisinchi.com\/fr\/#organization","name":"SINCHI S.L","url":"https:\/\/www.sinchisinchi.com\/fr\/","logo":{"@type":"ImageObject","inLanguage":"fr-FR","@id":"https:\/\/www.sinchisinchi.com\/fr\/#\/schema\/logo\/image\/","url":"https:\/\/www.sinchisinchi.com\/wp-content\/uploads\/2026\/01\/3b-Verde-SIMPLIFICADO-HORIZONTAL-F-TRANSPARENTE-scaled.png","contentUrl":"https:\/\/www.sinchisinchi.com\/wp-content\/uploads\/2026\/01\/3b-Verde-SIMPLIFICADO-HORIZONTAL-F-TRANSPARENTE-scaled.png","width":2560,"height":457,"caption":"SINCHI S.L"},"image":{"@id":"https:\/\/www.sinchisinchi.com\/fr\/#\/schema\/logo\/image\/"},"sameAs":["https:\/\/www.facebook.com\/sinchirape\/","https:\/\/www.instagram.com\/sinchi_rape\/"]}]}},"_links":{"self":[{"href":"https:\/\/www.sinchisinchi.com\/fr\/wp-json\/wp\/v2\/product\/25901","targetHints":{"allow":["GET"]}}],"collection":[{"href":"https:\/\/www.sinchisinchi.com\/fr\/wp-json\/wp\/v2\/product"}],"about":[{"href":"https:\/\/www.sinchisinchi.com\/fr\/wp-json\/wp\/v2\/types\/product"}],"wp:featuredmedia":[{"embeddable":true,"href":"https:\/\/www.sinchisinchi.com\/fr\/wp-json\/wp\/v2\/media\/25902"}],"wp:attachment":[{"href":"https:\/\/www.sinchisinchi.com\/fr\/wp-json\/wp\/v2\/media?parent=25901"}],"wp:term":[{"taxonomy":"product_brand","embeddable":true,"href":"https:\/\/www.sinchisinchi.com\/fr\/wp-json\/wp\/v2\/product_brand?post=25901"},{"taxonomy":"product_cat","embeddable":true,"href":"https:\/\/www.sinchisinchi.com\/fr\/wp-json\/wp\/v2\/product_cat?post=25901"},{"taxonomy":"product_tag","embeddable":true,"href":"https:\/\/www.sinchisinchi.com\/fr\/wp-json\/wp\/v2\/product_tag?post=25901"}],"curies":[{"name":"wp","href":"https:\/\/api.w.org\/{rel}","templated":true}]}}