{"id":25955,"date":"2020-04-29T07:49:31","date_gmt":"2020-04-29T07:49:31","guid":{"rendered":"https:\/\/www.sinchisinchi.com\/producto\/rape-boa\/"},"modified":"2020-04-29T07:49:31","modified_gmt":"2020-04-29T07:49:31","slug":"rape-boa","status":"publish","type":"product","link":"https:\/\/www.sinchisinchi.com\/fr\/producto\/rape-boa\/","title":{"rendered":"Rap\u00e9 Boa"},"content":{"rendered":"","protected":false},"excerpt":{"rendered":"<p>C&rsquo;est un Rap\u00e9 qui a une \u00e9nergie unique et sp\u00e9ciale. Connectez-vous aux r\u00eaves lucides.<\/p>\n<p>Il est bon pour attirer la protection, l\u2019abondance et ce qui est d\u00e9sir\u00e9 en g\u00e9n\u00e9ral, c\u2019est pourquoi le rituel et la pri\u00e8re sont particuli\u00e8rement importants.<\/p>\n<p>&nbsp;<\/p>\n<p><strong>Composition :<\/strong> tabac biologique, cendres de Tsunu et graines de Cumaru.<\/p>\n<p><strong>Intensit\u00e9 :<\/strong> forte.<\/p>\n<p><strong>Caract\u00e9ristiques :<\/strong> Plus grande quantit\u00e9 de cendres. Aromatique.<\/p>\n<p><strong>Taille :<\/strong> flacons de 10 ml<\/p>\n<p><strong>Utilisation :<\/strong> Curiosit\u00e9 ethnobotanique. Usage exclusif pour \u00e9tudes scientifiques, historiques et rituelles.<\/p>\n","protected":false},"featured_media":25959,"template":"","meta":{"_joinchat":[]},"product_brand":[],"product_cat":[656],"product_tag":[],"class_list":{"0":"post-25955","1":"product","2":"type-product","3":"status-publish","4":"has-post-thumbnail","6":"product_cat-boa-fr","8":"first","9":"instock","10":"taxable","11":"shipping-taxable","12":"purchasable","13":"product-type-simple"},"yoast_head":"<!-- This site is optimized with the Yoast SEO plugin v27.1.1 - https:\/\/yoast.com\/product\/yoast-seo-wordpress\/ -->\n<title>SINCHI STORE : Boa Rap\u00e9 d&#039;Amazonie<\/title>\n<meta name=\"description\" content=\"C&#039;est un Rap\u00e9 qui a une \u00e9nergie unique et sp\u00e9ciale. Connectez-vous aux r\u00eaves lucides. C&#039;est bon pour attirer la protection et l&#039;abondance.\" \/>\n<meta name=\"robots\" content=\"index, follow, max-snippet:-1, max-image-preview:large, max-video-preview:-1\" \/>\n<link rel=\"canonical\" href=\"https:\/\/www.sinchisinchi.com\/fr\/producto\/rape-boa\/\" \/>\n<meta property=\"og:locale\" content=\"fr_FR\" \/>\n<meta property=\"og:type\" content=\"article\" \/>\n<meta property=\"og:title\" content=\"SINCHI STORE : Boa Rap\u00e9 d&#039;Amazonie\" \/>\n<meta property=\"og:description\" content=\"C&#039;est un Rap\u00e9 qui a une \u00e9nergie unique et sp\u00e9ciale. Connectez-vous aux r\u00eaves lucides. C&#039;est bon pour attirer la protection et l&#039;abondance.\" \/>\n<meta property=\"og:url\" content=\"https:\/\/www.sinchisinchi.com\/fr\/producto\/rape-boa\/\" \/>\n<meta property=\"og:site_name\" content=\"SINCHI RAP\u00c9\" \/>\n<meta property=\"article:publisher\" content=\"https:\/\/www.facebook.com\/sinchirape\/\" \/>\n<meta property=\"og:image\" content=\"https:\/\/www.sinchisinchi.com\/wp-content\/uploads\/2020\/04\/24-Boa.jpg\" \/>\n\t<meta property=\"og:image:width\" content=\"700\" \/>\n\t<meta property=\"og:image:height\" content=\"700\" \/>\n\t<meta property=\"og:image:type\" content=\"image\/jpeg\" \/>\n<meta name=\"twitter:card\" content=\"summary_large_image\" \/>\n<script type=\"application\/ld+json\" class=\"yoast-schema-graph\">{\"@context\":\"https:\/\/schema.org\",\"@graph\":[{\"@type\":\"WebPage\",\"@id\":\"https:\/\/www.sinchisinchi.com\/fr\/producto\/rape-boa\/\",\"url\":\"https:\/\/www.sinchisinchi.com\/fr\/producto\/rape-boa\/\",\"name\":\"SINCHI STORE : Boa Rap\u00e9 d'Amazonie\",\"isPartOf\":{\"@id\":\"https:\/\/www.sinchisinchi.com\/fr\/#website\"},\"primaryImageOfPage\":{\"@id\":\"https:\/\/www.sinchisinchi.com\/fr\/producto\/rape-boa\/#primaryimage\"},\"image\":{\"@id\":\"https:\/\/www.sinchisinchi.com\/fr\/producto\/rape-boa\/#primaryimage\"},\"thumbnailUrl\":\"https:\/\/www.sinchisinchi.com\/wp-content\/uploads\/2020\/04\/24-Boa.jpg\",\"datePublished\":\"2020-04-29T07:49:31+00:00\",\"description\":\"C'est un Rap\u00e9 qui a une \u00e9nergie unique et sp\u00e9ciale. Connectez-vous aux r\u00eaves lucides. C'est bon pour attirer la protection et l'abondance.\",\"breadcrumb\":{\"@id\":\"https:\/\/www.sinchisinchi.com\/fr\/producto\/rape-boa\/#breadcrumb\"},\"inLanguage\":\"fr-FR\",\"potentialAction\":[{\"@type\":\"ReadAction\",\"target\":[\"https:\/\/www.sinchisinchi.com\/fr\/producto\/rape-boa\/\"]}]},{\"@type\":\"ImageObject\",\"inLanguage\":\"fr-FR\",\"@id\":\"https:\/\/www.sinchisinchi.com\/fr\/producto\/rape-boa\/#primaryimage\",\"url\":\"https:\/\/www.sinchisinchi.com\/wp-content\/uploads\/2020\/04\/24-Boa.jpg\",\"contentUrl\":\"https:\/\/www.sinchisinchi.com\/wp-content\/uploads\/2020\/04\/24-Boa.jpg\",\"width\":700,\"height\":700},{\"@type\":\"BreadcrumbList\",\"@id\":\"https:\/\/www.sinchisinchi.com\/fr\/producto\/rape-boa\/#breadcrumb\",\"itemListElement\":[{\"@type\":\"ListItem\",\"position\":1,\"name\":\"Prima pagina\",\"item\":\"https:\/\/www.sinchisinchi.com\/fr\/\"},{\"@type\":\"ListItem\",\"position\":2,\"name\":\"Produits\",\"item\":\"https:\/\/www.sinchisinchi.com\/fr\/shop\/\"},{\"@type\":\"ListItem\",\"position\":3,\"name\":\"Rap\u00e9 Boa\"}]},{\"@type\":\"WebSite\",\"@id\":\"https:\/\/www.sinchisinchi.com\/fr\/#website\",\"url\":\"https:\/\/www.sinchisinchi.com\/fr\/\",\"name\":\"SINCHI\",\"description\":\"Sinchi Medicine\",\"publisher\":{\"@id\":\"https:\/\/www.sinchisinchi.com\/fr\/#organization\"},\"potentialAction\":[{\"@type\":\"SearchAction\",\"target\":{\"@type\":\"EntryPoint\",\"urlTemplate\":\"https:\/\/www.sinchisinchi.com\/fr\/?s={search_term_string}\"},\"query-input\":{\"@type\":\"PropertyValueSpecification\",\"valueRequired\":true,\"valueName\":\"search_term_string\"}}],\"inLanguage\":\"fr-FR\"},{\"@type\":\"Organization\",\"@id\":\"https:\/\/www.sinchisinchi.com\/fr\/#organization\",\"name\":\"SINCHI S.L\",\"url\":\"https:\/\/www.sinchisinchi.com\/fr\/\",\"logo\":{\"@type\":\"ImageObject\",\"inLanguage\":\"fr-FR\",\"@id\":\"https:\/\/www.sinchisinchi.com\/fr\/#\/schema\/logo\/image\/\",\"url\":\"https:\/\/www.sinchisinchi.com\/wp-content\/uploads\/2026\/01\/3b-Verde-SIMPLIFICADO-HORIZONTAL-F-TRANSPARENTE-scaled.png\",\"contentUrl\":\"https:\/\/www.sinchisinchi.com\/wp-content\/uploads\/2026\/01\/3b-Verde-SIMPLIFICADO-HORIZONTAL-F-TRANSPARENTE-scaled.png\",\"width\":2560,\"height\":457,\"caption\":\"SINCHI S.L\"},\"image\":{\"@id\":\"https:\/\/www.sinchisinchi.com\/fr\/#\/schema\/logo\/image\/\"},\"sameAs\":[\"https:\/\/www.facebook.com\/sinchirape\/\",\"https:\/\/www.instagram.com\/sinchi_rape\/\"]}]}<\/script>\n<!-- \/ Yoast SEO plugin. -->","yoast_head_json":{"title":"SINCHI STORE : Boa Rap\u00e9 d'Amazonie","description":"C'est un Rap\u00e9 qui a une \u00e9nergie unique et sp\u00e9ciale. Connectez-vous aux r\u00eaves lucides. C'est bon pour attirer la protection et l'abondance.","robots":{"index":"index","follow":"follow","max-snippet":"max-snippet:-1","max-image-preview":"max-image-preview:large","max-video-preview":"max-video-preview:-1"},"canonical":"https:\/\/www.sinchisinchi.com\/fr\/producto\/rape-boa\/","og_locale":"fr_FR","og_type":"article","og_title":"SINCHI STORE : Boa Rap\u00e9 d'Amazonie","og_description":"C'est un Rap\u00e9 qui a une \u00e9nergie unique et sp\u00e9ciale. Connectez-vous aux r\u00eaves lucides. C'est bon pour attirer la protection et l'abondance.","og_url":"https:\/\/www.sinchisinchi.com\/fr\/producto\/rape-boa\/","og_site_name":"SINCHI RAP\u00c9","article_publisher":"https:\/\/www.facebook.com\/sinchirape\/","og_image":[{"width":700,"height":700,"url":"https:\/\/www.sinchisinchi.com\/wp-content\/uploads\/2020\/04\/24-Boa.jpg","type":"image\/jpeg"}],"twitter_card":"summary_large_image","schema":{"@context":"https:\/\/schema.org","@graph":[{"@type":"WebPage","@id":"https:\/\/www.sinchisinchi.com\/fr\/producto\/rape-boa\/","url":"https:\/\/www.sinchisinchi.com\/fr\/producto\/rape-boa\/","name":"SINCHI STORE : Boa Rap\u00e9 d'Amazonie","isPartOf":{"@id":"https:\/\/www.sinchisinchi.com\/fr\/#website"},"primaryImageOfPage":{"@id":"https:\/\/www.sinchisinchi.com\/fr\/producto\/rape-boa\/#primaryimage"},"image":{"@id":"https:\/\/www.sinchisinchi.com\/fr\/producto\/rape-boa\/#primaryimage"},"thumbnailUrl":"https:\/\/www.sinchisinchi.com\/wp-content\/uploads\/2020\/04\/24-Boa.jpg","datePublished":"2020-04-29T07:49:31+00:00","description":"C'est un Rap\u00e9 qui a une \u00e9nergie unique et sp\u00e9ciale. Connectez-vous aux r\u00eaves lucides. C'est bon pour attirer la protection et l'abondance.","breadcrumb":{"@id":"https:\/\/www.sinchisinchi.com\/fr\/producto\/rape-boa\/#breadcrumb"},"inLanguage":"fr-FR","potentialAction":[{"@type":"ReadAction","target":["https:\/\/www.sinchisinchi.com\/fr\/producto\/rape-boa\/"]}]},{"@type":"ImageObject","inLanguage":"fr-FR","@id":"https:\/\/www.sinchisinchi.com\/fr\/producto\/rape-boa\/#primaryimage","url":"https:\/\/www.sinchisinchi.com\/wp-content\/uploads\/2020\/04\/24-Boa.jpg","contentUrl":"https:\/\/www.sinchisinchi.com\/wp-content\/uploads\/2020\/04\/24-Boa.jpg","width":700,"height":700},{"@type":"BreadcrumbList","@id":"https:\/\/www.sinchisinchi.com\/fr\/producto\/rape-boa\/#breadcrumb","itemListElement":[{"@type":"ListItem","position":1,"name":"Prima pagina","item":"https:\/\/www.sinchisinchi.com\/fr\/"},{"@type":"ListItem","position":2,"name":"Produits","item":"https:\/\/www.sinchisinchi.com\/fr\/shop\/"},{"@type":"ListItem","position":3,"name":"Rap\u00e9 Boa"}]},{"@type":"WebSite","@id":"https:\/\/www.sinchisinchi.com\/fr\/#website","url":"https:\/\/www.sinchisinchi.com\/fr\/","name":"SINCHI","description":"Sinchi Medicine","publisher":{"@id":"https:\/\/www.sinchisinchi.com\/fr\/#organization"},"potentialAction":[{"@type":"SearchAction","target":{"@type":"EntryPoint","urlTemplate":"https:\/\/www.sinchisinchi.com\/fr\/?s={search_term_string}"},"query-input":{"@type":"PropertyValueSpecification","valueRequired":true,"valueName":"search_term_string"}}],"inLanguage":"fr-FR"},{"@type":"Organization","@id":"https:\/\/www.sinchisinchi.com\/fr\/#organization","name":"SINCHI S.L","url":"https:\/\/www.sinchisinchi.com\/fr\/","logo":{"@type":"ImageObject","inLanguage":"fr-FR","@id":"https:\/\/www.sinchisinchi.com\/fr\/#\/schema\/logo\/image\/","url":"https:\/\/www.sinchisinchi.com\/wp-content\/uploads\/2026\/01\/3b-Verde-SIMPLIFICADO-HORIZONTAL-F-TRANSPARENTE-scaled.png","contentUrl":"https:\/\/www.sinchisinchi.com\/wp-content\/uploads\/2026\/01\/3b-Verde-SIMPLIFICADO-HORIZONTAL-F-TRANSPARENTE-scaled.png","width":2560,"height":457,"caption":"SINCHI S.L"},"image":{"@id":"https:\/\/www.sinchisinchi.com\/fr\/#\/schema\/logo\/image\/"},"sameAs":["https:\/\/www.facebook.com\/sinchirape\/","https:\/\/www.instagram.com\/sinchi_rape\/"]}]}},"_links":{"self":[{"href":"https:\/\/www.sinchisinchi.com\/fr\/wp-json\/wp\/v2\/product\/25955","targetHints":{"allow":["GET"]}}],"collection":[{"href":"https:\/\/www.sinchisinchi.com\/fr\/wp-json\/wp\/v2\/product"}],"about":[{"href":"https:\/\/www.sinchisinchi.com\/fr\/wp-json\/wp\/v2\/types\/product"}],"wp:featuredmedia":[{"embeddable":true,"href":"https:\/\/www.sinchisinchi.com\/fr\/wp-json\/wp\/v2\/media\/25959"}],"wp:attachment":[{"href":"https:\/\/www.sinchisinchi.com\/fr\/wp-json\/wp\/v2\/media?parent=25955"}],"wp:term":[{"taxonomy":"product_brand","embeddable":true,"href":"https:\/\/www.sinchisinchi.com\/fr\/wp-json\/wp\/v2\/product_brand?post=25955"},{"taxonomy":"product_cat","embeddable":true,"href":"https:\/\/www.sinchisinchi.com\/fr\/wp-json\/wp\/v2\/product_cat?post=25955"},{"taxonomy":"product_tag","embeddable":true,"href":"https:\/\/www.sinchisinchi.com\/fr\/wp-json\/wp\/v2\/product_tag?post=25955"}],"curies":[{"name":"wp","href":"https:\/\/api.w.org\/{rel}","templated":true}]}}