{"id":26058,"date":"2019-03-15T02:55:43","date_gmt":"2019-03-15T02:55:43","guid":{"rendered":"https:\/\/www.sinchisinchi.com\/producto\/kuripe\/"},"modified":"2025-11-08T01:33:35","modified_gmt":"2025-11-08T01:33:35","slug":"rape-kuripe-applicateur","status":"publish","type":"product","link":"https:\/\/www.sinchisinchi.com\/fr\/producto\/rape-kuripe-applicateur\/","title":{"rendered":"Kurip\u00e9 en bois de teck"},"content":{"rendered":"<h2 style=\"text-align: center;\"><strong>Applicateur Rap\u00e9 : Comment utiliser le Kurip\u00e9<\/strong><\/h2>\n<p>Selon les tribus amazoniennes, pour recevoir la m\u00e9decine ancestrale du rap\u00e9, il faut \u00eatre r\u00e9ceptif et en silence int\u00e9rieur ; Nous essaierons de le prendre dans un endroit appropri\u00e9, en lui consacrant du temps et de l&rsquo;espace, en le s\u00e9parant des activit\u00e9s r\u00e9cr\u00e9atives et en nous concentrant toujours sur une pri\u00e8re ou une intention lumineuse.<\/p>\n<p>Le rap\u00e9 est projet\u00e9 en soufflant \u00e0 l&rsquo;aide d&rsquo;un kurip\u00e9 ou d&rsquo;un tepi (il n&rsquo;est jamais sniff\u00e9 ou inhal\u00e9) ; L&rsquo;effet du tabac \u00e0 priser d\u00e9pend en grande partie du souffle et de la pri\u00e8re ou de l&rsquo;intention.<\/p>\n","protected":false},"excerpt":{"rendered":"<p>Le Kurip\u00e9 est taill\u00e9 dans une seule pi\u00e8ce de bois de teck, avec des finitions soign\u00e9es et des dimensions et angles id\u00e9aux pour un alignement harmonieux, permettant une utilisation confortable et fluide.<\/p>\n<p>Le Kurip\u00e9 est un outil sacr\u00e9, un objet de pouvoir qui permet de se connecter \u00e0 l&rsquo;esprit de Rap\u00e9.<\/p>\n","protected":false},"featured_media":28927,"template":"","meta":{"_joinchat":[]},"product_brand":[],"product_cat":[671,703],"product_tag":[],"class_list":{"0":"post-26058","1":"product","2":"type-product","3":"status-publish","4":"has-post-thumbnail","6":"product_cat-plusieurs","7":"product_cat-projecteurs","9":"first","10":"instock","11":"taxable","12":"shipping-taxable","13":"purchasable","14":"product-type-simple"},"yoast_head":"<!-- This site is optimized with the Yoast SEO plugin v27.4 - https:\/\/yoast.com\/product\/yoast-seo-wordpress\/ -->\n<title>Kurip\u00e9 en bois de teck - SINCHI RAP\u00c9<\/title>\n<meta name=\"description\" content=\"Kurip\u00e9, fabriqu\u00e9 \u00e0 partir d&#039;une seule pi\u00e8ce de bois de teck, avec des finitions soign\u00e9es et des dimensions et angles id\u00e9aux pour un alignement harmonieux.\" \/>\n<meta name=\"robots\" content=\"index, follow, max-snippet:-1, max-image-preview:large, max-video-preview:-1\" \/>\n<link rel=\"canonical\" href=\"https:\/\/www.sinchisinchi.com\/fr\/producto\/rape-kuripe-applicateur\/\" \/>\n<meta property=\"og:locale\" content=\"fr_FR\" \/>\n<meta property=\"og:type\" content=\"article\" \/>\n<meta property=\"og:title\" content=\"Kurip\u00e9 en bois de teck - SINCHI RAP\u00c9\" \/>\n<meta property=\"og:description\" content=\"Kurip\u00e9, fabriqu\u00e9 \u00e0 partir d&#039;une seule pi\u00e8ce de bois de teck, avec des finitions soign\u00e9es et des dimensions et angles id\u00e9aux pour un alignement harmonieux.\" \/>\n<meta property=\"og:url\" content=\"https:\/\/www.sinchisinchi.com\/fr\/producto\/rape-kuripe-applicateur\/\" \/>\n<meta property=\"og:site_name\" content=\"SINCHI RAP\u00c9\" \/>\n<meta property=\"article:publisher\" content=\"https:\/\/www.facebook.com\/sinchirape\/\" \/>\n<meta property=\"article:modified_time\" content=\"2025-11-08T01:33:35+00:00\" \/>\n<meta property=\"og:image\" content=\"https:\/\/www.sinchisinchi.com\/wp-content\/uploads\/2019\/03\/Kuripe-Teca-2.jpg\" \/>\n\t<meta property=\"og:image:width\" content=\"650\" \/>\n\t<meta property=\"og:image:height\" content=\"550\" \/>\n\t<meta property=\"og:image:type\" content=\"image\/jpeg\" \/>\n<meta name=\"twitter:card\" content=\"summary_large_image\" \/>\n<meta name=\"twitter:label1\" content=\"Dur\u00e9e de lecture estim\u00e9e\" \/>\n\t<meta name=\"twitter:data1\" content=\"1 minute\" \/>\n<script type=\"application\/ld+json\" class=\"yoast-schema-graph\">{\"@context\":\"https:\\\/\\\/schema.org\",\"@graph\":[{\"@type\":\"WebPage\",\"@id\":\"https:\\\/\\\/www.sinchisinchi.com\\\/fr\\\/producto\\\/rape-kuripe-applicateur\\\/\",\"url\":\"https:\\\/\\\/www.sinchisinchi.com\\\/fr\\\/producto\\\/rape-kuripe-applicateur\\\/\",\"name\":\"Kurip\u00e9 en bois de teck - SINCHI RAP\u00c9\",\"isPartOf\":{\"@id\":\"https:\\\/\\\/www.sinchisinchi.com\\\/fr\\\/#website\"},\"primaryImageOfPage\":{\"@id\":\"https:\\\/\\\/www.sinchisinchi.com\\\/fr\\\/producto\\\/rape-kuripe-applicateur\\\/#primaryimage\"},\"image\":{\"@id\":\"https:\\\/\\\/www.sinchisinchi.com\\\/fr\\\/producto\\\/rape-kuripe-applicateur\\\/#primaryimage\"},\"thumbnailUrl\":\"https:\\\/\\\/www.sinchisinchi.com\\\/wp-content\\\/uploads\\\/2019\\\/03\\\/Kuripe-Teca-2.jpg\",\"datePublished\":\"2019-03-15T02:55:43+00:00\",\"dateModified\":\"2025-11-08T01:33:35+00:00\",\"description\":\"Kurip\u00e9, fabriqu\u00e9 \u00e0 partir d'une seule pi\u00e8ce de bois de teck, avec des finitions soign\u00e9es et des dimensions et angles id\u00e9aux pour un alignement harmonieux.\",\"breadcrumb\":{\"@id\":\"https:\\\/\\\/www.sinchisinchi.com\\\/fr\\\/producto\\\/rape-kuripe-applicateur\\\/#breadcrumb\"},\"inLanguage\":\"fr-FR\",\"potentialAction\":[{\"@type\":\"ReadAction\",\"target\":[\"https:\\\/\\\/www.sinchisinchi.com\\\/fr\\\/producto\\\/rape-kuripe-applicateur\\\/\"]}]},{\"@type\":\"ImageObject\",\"inLanguage\":\"fr-FR\",\"@id\":\"https:\\\/\\\/www.sinchisinchi.com\\\/fr\\\/producto\\\/rape-kuripe-applicateur\\\/#primaryimage\",\"url\":\"https:\\\/\\\/www.sinchisinchi.com\\\/wp-content\\\/uploads\\\/2019\\\/03\\\/Kuripe-Teca-2.jpg\",\"contentUrl\":\"https:\\\/\\\/www.sinchisinchi.com\\\/wp-content\\\/uploads\\\/2019\\\/03\\\/Kuripe-Teca-2.jpg\",\"width\":650,\"height\":550},{\"@type\":\"BreadcrumbList\",\"@id\":\"https:\\\/\\\/www.sinchisinchi.com\\\/fr\\\/producto\\\/rape-kuripe-applicateur\\\/#breadcrumb\",\"itemListElement\":[{\"@type\":\"ListItem\",\"position\":1,\"name\":\"Prima pagina\",\"item\":\"https:\\\/\\\/www.sinchisinchi.com\\\/fr\\\/\"},{\"@type\":\"ListItem\",\"position\":2,\"name\":\"Produits\",\"item\":\"https:\\\/\\\/www.sinchisinchi.com\\\/fr\\\/shop\\\/\"},{\"@type\":\"ListItem\",\"position\":3,\"name\":\"Kurip\u00e9 en bois de teck\"}]},{\"@type\":\"WebSite\",\"@id\":\"https:\\\/\\\/www.sinchisinchi.com\\\/fr\\\/#website\",\"url\":\"https:\\\/\\\/www.sinchisinchi.com\\\/fr\\\/\",\"name\":\"SINCHI\",\"description\":\"Sinchi Medicine\",\"publisher\":{\"@id\":\"https:\\\/\\\/www.sinchisinchi.com\\\/fr\\\/#organization\"},\"potentialAction\":[{\"@type\":\"SearchAction\",\"target\":{\"@type\":\"EntryPoint\",\"urlTemplate\":\"https:\\\/\\\/www.sinchisinchi.com\\\/fr\\\/?s={search_term_string}\"},\"query-input\":{\"@type\":\"PropertyValueSpecification\",\"valueRequired\":true,\"valueName\":\"search_term_string\"}}],\"inLanguage\":\"fr-FR\"},{\"@type\":\"Organization\",\"@id\":\"https:\\\/\\\/www.sinchisinchi.com\\\/fr\\\/#organization\",\"name\":\"SINCHI S.L\",\"url\":\"https:\\\/\\\/www.sinchisinchi.com\\\/fr\\\/\",\"logo\":{\"@type\":\"ImageObject\",\"inLanguage\":\"fr-FR\",\"@id\":\"https:\\\/\\\/www.sinchisinchi.com\\\/fr\\\/#\\\/schema\\\/logo\\\/image\\\/\",\"url\":\"https:\\\/\\\/www.sinchisinchi.com\\\/wp-content\\\/uploads\\\/2026\\\/01\\\/3b-Verde-SIMPLIFICADO-HORIZONTAL-F-TRANSPARENTE-scaled.png\",\"contentUrl\":\"https:\\\/\\\/www.sinchisinchi.com\\\/wp-content\\\/uploads\\\/2026\\\/01\\\/3b-Verde-SIMPLIFICADO-HORIZONTAL-F-TRANSPARENTE-scaled.png\",\"width\":2560,\"height\":457,\"caption\":\"SINCHI S.L\"},\"image\":{\"@id\":\"https:\\\/\\\/www.sinchisinchi.com\\\/fr\\\/#\\\/schema\\\/logo\\\/image\\\/\"},\"sameAs\":[\"https:\\\/\\\/www.facebook.com\\\/sinchirape\\\/\",\"https:\\\/\\\/www.instagram.com\\\/sinchi_rape\\\/\"]}]}<\/script>\n<!-- \/ Yoast SEO plugin. -->","yoast_head_json":{"title":"Kurip\u00e9 en bois de teck - SINCHI RAP\u00c9","description":"Kurip\u00e9, fabriqu\u00e9 \u00e0 partir d'une seule pi\u00e8ce de bois de teck, avec des finitions soign\u00e9es et des dimensions et angles id\u00e9aux pour un alignement harmonieux.","robots":{"index":"index","follow":"follow","max-snippet":"max-snippet:-1","max-image-preview":"max-image-preview:large","max-video-preview":"max-video-preview:-1"},"canonical":"https:\/\/www.sinchisinchi.com\/fr\/producto\/rape-kuripe-applicateur\/","og_locale":"fr_FR","og_type":"article","og_title":"Kurip\u00e9 en bois de teck - SINCHI RAP\u00c9","og_description":"Kurip\u00e9, fabriqu\u00e9 \u00e0 partir d'une seule pi\u00e8ce de bois de teck, avec des finitions soign\u00e9es et des dimensions et angles id\u00e9aux pour un alignement harmonieux.","og_url":"https:\/\/www.sinchisinchi.com\/fr\/producto\/rape-kuripe-applicateur\/","og_site_name":"SINCHI RAP\u00c9","article_publisher":"https:\/\/www.facebook.com\/sinchirape\/","article_modified_time":"2025-11-08T01:33:35+00:00","og_image":[{"width":650,"height":550,"url":"https:\/\/www.sinchisinchi.com\/wp-content\/uploads\/2019\/03\/Kuripe-Teca-2.jpg","type":"image\/jpeg"}],"twitter_card":"summary_large_image","twitter_misc":{"Dur\u00e9e de lecture estim\u00e9e":"1 minute"},"schema":{"@context":"https:\/\/schema.org","@graph":[{"@type":"WebPage","@id":"https:\/\/www.sinchisinchi.com\/fr\/producto\/rape-kuripe-applicateur\/","url":"https:\/\/www.sinchisinchi.com\/fr\/producto\/rape-kuripe-applicateur\/","name":"Kurip\u00e9 en bois de teck - SINCHI RAP\u00c9","isPartOf":{"@id":"https:\/\/www.sinchisinchi.com\/fr\/#website"},"primaryImageOfPage":{"@id":"https:\/\/www.sinchisinchi.com\/fr\/producto\/rape-kuripe-applicateur\/#primaryimage"},"image":{"@id":"https:\/\/www.sinchisinchi.com\/fr\/producto\/rape-kuripe-applicateur\/#primaryimage"},"thumbnailUrl":"https:\/\/www.sinchisinchi.com\/wp-content\/uploads\/2019\/03\/Kuripe-Teca-2.jpg","datePublished":"2019-03-15T02:55:43+00:00","dateModified":"2025-11-08T01:33:35+00:00","description":"Kurip\u00e9, fabriqu\u00e9 \u00e0 partir d'une seule pi\u00e8ce de bois de teck, avec des finitions soign\u00e9es et des dimensions et angles id\u00e9aux pour un alignement harmonieux.","breadcrumb":{"@id":"https:\/\/www.sinchisinchi.com\/fr\/producto\/rape-kuripe-applicateur\/#breadcrumb"},"inLanguage":"fr-FR","potentialAction":[{"@type":"ReadAction","target":["https:\/\/www.sinchisinchi.com\/fr\/producto\/rape-kuripe-applicateur\/"]}]},{"@type":"ImageObject","inLanguage":"fr-FR","@id":"https:\/\/www.sinchisinchi.com\/fr\/producto\/rape-kuripe-applicateur\/#primaryimage","url":"https:\/\/www.sinchisinchi.com\/wp-content\/uploads\/2019\/03\/Kuripe-Teca-2.jpg","contentUrl":"https:\/\/www.sinchisinchi.com\/wp-content\/uploads\/2019\/03\/Kuripe-Teca-2.jpg","width":650,"height":550},{"@type":"BreadcrumbList","@id":"https:\/\/www.sinchisinchi.com\/fr\/producto\/rape-kuripe-applicateur\/#breadcrumb","itemListElement":[{"@type":"ListItem","position":1,"name":"Prima pagina","item":"https:\/\/www.sinchisinchi.com\/fr\/"},{"@type":"ListItem","position":2,"name":"Produits","item":"https:\/\/www.sinchisinchi.com\/fr\/shop\/"},{"@type":"ListItem","position":3,"name":"Kurip\u00e9 en bois de teck"}]},{"@type":"WebSite","@id":"https:\/\/www.sinchisinchi.com\/fr\/#website","url":"https:\/\/www.sinchisinchi.com\/fr\/","name":"SINCHI","description":"Sinchi Medicine","publisher":{"@id":"https:\/\/www.sinchisinchi.com\/fr\/#organization"},"potentialAction":[{"@type":"SearchAction","target":{"@type":"EntryPoint","urlTemplate":"https:\/\/www.sinchisinchi.com\/fr\/?s={search_term_string}"},"query-input":{"@type":"PropertyValueSpecification","valueRequired":true,"valueName":"search_term_string"}}],"inLanguage":"fr-FR"},{"@type":"Organization","@id":"https:\/\/www.sinchisinchi.com\/fr\/#organization","name":"SINCHI S.L","url":"https:\/\/www.sinchisinchi.com\/fr\/","logo":{"@type":"ImageObject","inLanguage":"fr-FR","@id":"https:\/\/www.sinchisinchi.com\/fr\/#\/schema\/logo\/image\/","url":"https:\/\/www.sinchisinchi.com\/wp-content\/uploads\/2026\/01\/3b-Verde-SIMPLIFICADO-HORIZONTAL-F-TRANSPARENTE-scaled.png","contentUrl":"https:\/\/www.sinchisinchi.com\/wp-content\/uploads\/2026\/01\/3b-Verde-SIMPLIFICADO-HORIZONTAL-F-TRANSPARENTE-scaled.png","width":2560,"height":457,"caption":"SINCHI S.L"},"image":{"@id":"https:\/\/www.sinchisinchi.com\/fr\/#\/schema\/logo\/image\/"},"sameAs":["https:\/\/www.facebook.com\/sinchirape\/","https:\/\/www.instagram.com\/sinchi_rape\/"]}]}},"_links":{"self":[{"href":"https:\/\/www.sinchisinchi.com\/fr\/wp-json\/wp\/v2\/product\/26058","targetHints":{"allow":["GET"]}}],"collection":[{"href":"https:\/\/www.sinchisinchi.com\/fr\/wp-json\/wp\/v2\/product"}],"about":[{"href":"https:\/\/www.sinchisinchi.com\/fr\/wp-json\/wp\/v2\/types\/product"}],"wp:featuredmedia":[{"embeddable":true,"href":"https:\/\/www.sinchisinchi.com\/fr\/wp-json\/wp\/v2\/media\/28927"}],"wp:attachment":[{"href":"https:\/\/www.sinchisinchi.com\/fr\/wp-json\/wp\/v2\/media?parent=26058"}],"wp:term":[{"taxonomy":"product_brand","embeddable":true,"href":"https:\/\/www.sinchisinchi.com\/fr\/wp-json\/wp\/v2\/product_brand?post=26058"},{"taxonomy":"product_cat","embeddable":true,"href":"https:\/\/www.sinchisinchi.com\/fr\/wp-json\/wp\/v2\/product_cat?post=26058"},{"taxonomy":"product_tag","embeddable":true,"href":"https:\/\/www.sinchisinchi.com\/fr\/wp-json\/wp\/v2\/product_tag?post=26058"}],"curies":[{"name":"wp","href":"https:\/\/api.w.org\/{rel}","templated":true}]}}