{"id":26064,"date":"2019-02-21T22:41:52","date_gmt":"2019-02-21T22:41:52","guid":{"rendered":"https:\/\/www.sinchisinchi.com\/producto\/26064\/"},"modified":"2019-02-21T22:41:52","modified_gmt":"2019-02-21T22:41:52","slug":"26064","status":"publish","type":"product","link":"https:\/\/www.sinchisinchi.com\/fr\/producto\/26064\/","title":{"rendered":""},"content":{"rendered":"","protected":false},"excerpt":{"rendered":"<p>Kurip\u00e9 en bambou, \u00e9maill\u00e9 et d\u00e9cor\u00e9 de fil vert. Il pr\u00e9sente des finitions soign\u00e9es et des mesures et angles id\u00e9aux pour un alignement harmonieux, ce qui permet une prise de vue confortable et fluide.<\/p>\n<p>Le Kurip\u00e9 est un outil sacr\u00e9, un objet de pouvoir qui permet de se connecter \u00e0 l&rsquo;esprit du Rap\u00e9.<\/p>\n<p>IMPORTANT\u00a0: les projecteurs ne sont pas disponibles pour une exp\u00e9dition imm\u00e9diate\u00a0; Comme ils sont fabriqu\u00e9s un par un, il peut y avoir une liste d&rsquo;attente pour les obtenir.<\/p>\n","protected":false},"featured_media":26065,"template":"","meta":{"_joinchat":[]},"product_brand":[],"product_cat":[671],"product_tag":[],"class_list":{"0":"post-26064","1":"product","2":"type-product","3":"status-publish","4":"has-post-thumbnail","6":"product_cat-plusieurs","8":"first","9":"outofstock","10":"taxable","11":"shipping-taxable","12":"purchasable","13":"product-type-simple"},"yoast_head":"<!-- This site is optimized with the Yoast SEO plugin v27.4 - https:\/\/yoast.com\/product\/yoast-seo-wordpress\/ -->\n<title>Kurip\u00e9 vert : Auto-applicateur de rap\u00e9 indig\u00e8ne d&#039;Amazonie<\/title>\n<meta name=\"description\" content=\"Bambou vert Kurip\u00e9, avec des finitions soign\u00e9es et des mesures et angles id\u00e9aux pour un alignement harmonieux et une prise en main confortable et fluide.\" \/>\n<meta name=\"robots\" content=\"index, follow, max-snippet:-1, max-image-preview:large, max-video-preview:-1\" \/>\n<link rel=\"canonical\" href=\"https:\/\/www.sinchisinchi.com\/fr\/producto\/26064\/\" \/>\n<meta property=\"og:locale\" content=\"fr_FR\" \/>\n<meta property=\"og:type\" content=\"article\" \/>\n<meta property=\"og:title\" content=\"Kurip\u00e9 vert : Auto-applicateur de rap\u00e9 indig\u00e8ne d&#039;Amazonie\" \/>\n<meta property=\"og:description\" content=\"Bambou vert Kurip\u00e9, avec des finitions soign\u00e9es et des mesures et angles id\u00e9aux pour un alignement harmonieux et une prise en main confortable et fluide.\" \/>\n<meta property=\"og:url\" content=\"https:\/\/www.sinchisinchi.com\/fr\/producto\/26064\/\" \/>\n<meta property=\"og:site_name\" content=\"SINCHI RAP\u00c9\" \/>\n<meta property=\"article:publisher\" content=\"https:\/\/www.facebook.com\/sinchirape\/\" \/>\n<meta property=\"og:image\" content=\"https:\/\/www.sinchisinchi.com\/wp-content\/uploads\/2019\/02\/LR-02-02.jpg\" \/>\n\t<meta property=\"og:image:width\" content=\"1800\" \/>\n\t<meta property=\"og:image:height\" content=\"1800\" \/>\n\t<meta property=\"og:image:type\" content=\"image\/jpeg\" \/>\n<meta name=\"twitter:card\" content=\"summary_large_image\" \/>\n<script type=\"application\/ld+json\" class=\"yoast-schema-graph\">{\"@context\":\"https:\\\/\\\/schema.org\",\"@graph\":[{\"@type\":\"WebPage\",\"@id\":\"https:\\\/\\\/www.sinchisinchi.com\\\/fr\\\/producto\\\/26064\\\/\",\"url\":\"https:\\\/\\\/www.sinchisinchi.com\\\/fr\\\/producto\\\/26064\\\/\",\"name\":\"Kurip\u00e9 vert : Auto-applicateur de rap\u00e9 indig\u00e8ne d'Amazonie\",\"isPartOf\":{\"@id\":\"https:\\\/\\\/www.sinchisinchi.com\\\/fr\\\/#website\"},\"primaryImageOfPage\":{\"@id\":\"https:\\\/\\\/www.sinchisinchi.com\\\/fr\\\/producto\\\/26064\\\/#primaryimage\"},\"image\":{\"@id\":\"https:\\\/\\\/www.sinchisinchi.com\\\/fr\\\/producto\\\/26064\\\/#primaryimage\"},\"thumbnailUrl\":\"https:\\\/\\\/www.sinchisinchi.com\\\/wp-content\\\/uploads\\\/2019\\\/02\\\/LR-02-02.jpg\",\"datePublished\":\"2019-02-21T22:41:52+00:00\",\"description\":\"Bambou vert Kurip\u00e9, avec des finitions soign\u00e9es et des mesures et angles id\u00e9aux pour un alignement harmonieux et une prise en main confortable et fluide.\",\"breadcrumb\":{\"@id\":\"https:\\\/\\\/www.sinchisinchi.com\\\/fr\\\/producto\\\/26064\\\/#breadcrumb\"},\"inLanguage\":\"fr-FR\",\"potentialAction\":[{\"@type\":\"ReadAction\",\"target\":[\"https:\\\/\\\/www.sinchisinchi.com\\\/fr\\\/producto\\\/26064\\\/\"]}]},{\"@type\":\"ImageObject\",\"inLanguage\":\"fr-FR\",\"@id\":\"https:\\\/\\\/www.sinchisinchi.com\\\/fr\\\/producto\\\/26064\\\/#primaryimage\",\"url\":\"https:\\\/\\\/www.sinchisinchi.com\\\/wp-content\\\/uploads\\\/2019\\\/02\\\/LR-02-02.jpg\",\"contentUrl\":\"https:\\\/\\\/www.sinchisinchi.com\\\/wp-content\\\/uploads\\\/2019\\\/02\\\/LR-02-02.jpg\",\"width\":1800,\"height\":1800},{\"@type\":\"BreadcrumbList\",\"@id\":\"https:\\\/\\\/www.sinchisinchi.com\\\/fr\\\/producto\\\/26064\\\/#breadcrumb\",\"itemListElement\":[{\"@type\":\"ListItem\",\"position\":1,\"name\":\"Prima pagina\",\"item\":\"https:\\\/\\\/www.sinchisinchi.com\\\/fr\\\/\"},{\"@type\":\"ListItem\",\"position\":2,\"name\":\"Produits\",\"item\":\"https:\\\/\\\/www.sinchisinchi.com\\\/fr\\\/shop\\\/\"}]},{\"@type\":\"WebSite\",\"@id\":\"https:\\\/\\\/www.sinchisinchi.com\\\/fr\\\/#website\",\"url\":\"https:\\\/\\\/www.sinchisinchi.com\\\/fr\\\/\",\"name\":\"SINCHI\",\"description\":\"Sinchi Medicine\",\"publisher\":{\"@id\":\"https:\\\/\\\/www.sinchisinchi.com\\\/fr\\\/#organization\"},\"potentialAction\":[{\"@type\":\"SearchAction\",\"target\":{\"@type\":\"EntryPoint\",\"urlTemplate\":\"https:\\\/\\\/www.sinchisinchi.com\\\/fr\\\/?s={search_term_string}\"},\"query-input\":{\"@type\":\"PropertyValueSpecification\",\"valueRequired\":true,\"valueName\":\"search_term_string\"}}],\"inLanguage\":\"fr-FR\"},{\"@type\":\"Organization\",\"@id\":\"https:\\\/\\\/www.sinchisinchi.com\\\/fr\\\/#organization\",\"name\":\"SINCHI S.L\",\"url\":\"https:\\\/\\\/www.sinchisinchi.com\\\/fr\\\/\",\"logo\":{\"@type\":\"ImageObject\",\"inLanguage\":\"fr-FR\",\"@id\":\"https:\\\/\\\/www.sinchisinchi.com\\\/fr\\\/#\\\/schema\\\/logo\\\/image\\\/\",\"url\":\"https:\\\/\\\/www.sinchisinchi.com\\\/wp-content\\\/uploads\\\/2026\\\/01\\\/3b-Verde-SIMPLIFICADO-HORIZONTAL-F-TRANSPARENTE-scaled.png\",\"contentUrl\":\"https:\\\/\\\/www.sinchisinchi.com\\\/wp-content\\\/uploads\\\/2026\\\/01\\\/3b-Verde-SIMPLIFICADO-HORIZONTAL-F-TRANSPARENTE-scaled.png\",\"width\":2560,\"height\":457,\"caption\":\"SINCHI S.L\"},\"image\":{\"@id\":\"https:\\\/\\\/www.sinchisinchi.com\\\/fr\\\/#\\\/schema\\\/logo\\\/image\\\/\"},\"sameAs\":[\"https:\\\/\\\/www.facebook.com\\\/sinchirape\\\/\",\"https:\\\/\\\/www.instagram.com\\\/sinchi_rape\\\/\"]}]}<\/script>\n<!-- \/ Yoast SEO plugin. -->","yoast_head_json":{"title":"Kurip\u00e9 vert : Auto-applicateur de rap\u00e9 indig\u00e8ne d'Amazonie","description":"Bambou vert Kurip\u00e9, avec des finitions soign\u00e9es et des mesures et angles id\u00e9aux pour un alignement harmonieux et une prise en main confortable et fluide.","robots":{"index":"index","follow":"follow","max-snippet":"max-snippet:-1","max-image-preview":"max-image-preview:large","max-video-preview":"max-video-preview:-1"},"canonical":"https:\/\/www.sinchisinchi.com\/fr\/producto\/26064\/","og_locale":"fr_FR","og_type":"article","og_title":"Kurip\u00e9 vert : Auto-applicateur de rap\u00e9 indig\u00e8ne d'Amazonie","og_description":"Bambou vert Kurip\u00e9, avec des finitions soign\u00e9es et des mesures et angles id\u00e9aux pour un alignement harmonieux et une prise en main confortable et fluide.","og_url":"https:\/\/www.sinchisinchi.com\/fr\/producto\/26064\/","og_site_name":"SINCHI RAP\u00c9","article_publisher":"https:\/\/www.facebook.com\/sinchirape\/","og_image":[{"width":1800,"height":1800,"url":"https:\/\/www.sinchisinchi.com\/wp-content\/uploads\/2019\/02\/LR-02-02.jpg","type":"image\/jpeg"}],"twitter_card":"summary_large_image","schema":{"@context":"https:\/\/schema.org","@graph":[{"@type":"WebPage","@id":"https:\/\/www.sinchisinchi.com\/fr\/producto\/26064\/","url":"https:\/\/www.sinchisinchi.com\/fr\/producto\/26064\/","name":"Kurip\u00e9 vert : Auto-applicateur de rap\u00e9 indig\u00e8ne d'Amazonie","isPartOf":{"@id":"https:\/\/www.sinchisinchi.com\/fr\/#website"},"primaryImageOfPage":{"@id":"https:\/\/www.sinchisinchi.com\/fr\/producto\/26064\/#primaryimage"},"image":{"@id":"https:\/\/www.sinchisinchi.com\/fr\/producto\/26064\/#primaryimage"},"thumbnailUrl":"https:\/\/www.sinchisinchi.com\/wp-content\/uploads\/2019\/02\/LR-02-02.jpg","datePublished":"2019-02-21T22:41:52+00:00","description":"Bambou vert Kurip\u00e9, avec des finitions soign\u00e9es et des mesures et angles id\u00e9aux pour un alignement harmonieux et une prise en main confortable et fluide.","breadcrumb":{"@id":"https:\/\/www.sinchisinchi.com\/fr\/producto\/26064\/#breadcrumb"},"inLanguage":"fr-FR","potentialAction":[{"@type":"ReadAction","target":["https:\/\/www.sinchisinchi.com\/fr\/producto\/26064\/"]}]},{"@type":"ImageObject","inLanguage":"fr-FR","@id":"https:\/\/www.sinchisinchi.com\/fr\/producto\/26064\/#primaryimage","url":"https:\/\/www.sinchisinchi.com\/wp-content\/uploads\/2019\/02\/LR-02-02.jpg","contentUrl":"https:\/\/www.sinchisinchi.com\/wp-content\/uploads\/2019\/02\/LR-02-02.jpg","width":1800,"height":1800},{"@type":"BreadcrumbList","@id":"https:\/\/www.sinchisinchi.com\/fr\/producto\/26064\/#breadcrumb","itemListElement":[{"@type":"ListItem","position":1,"name":"Prima pagina","item":"https:\/\/www.sinchisinchi.com\/fr\/"},{"@type":"ListItem","position":2,"name":"Produits","item":"https:\/\/www.sinchisinchi.com\/fr\/shop\/"}]},{"@type":"WebSite","@id":"https:\/\/www.sinchisinchi.com\/fr\/#website","url":"https:\/\/www.sinchisinchi.com\/fr\/","name":"SINCHI","description":"Sinchi Medicine","publisher":{"@id":"https:\/\/www.sinchisinchi.com\/fr\/#organization"},"potentialAction":[{"@type":"SearchAction","target":{"@type":"EntryPoint","urlTemplate":"https:\/\/www.sinchisinchi.com\/fr\/?s={search_term_string}"},"query-input":{"@type":"PropertyValueSpecification","valueRequired":true,"valueName":"search_term_string"}}],"inLanguage":"fr-FR"},{"@type":"Organization","@id":"https:\/\/www.sinchisinchi.com\/fr\/#organization","name":"SINCHI S.L","url":"https:\/\/www.sinchisinchi.com\/fr\/","logo":{"@type":"ImageObject","inLanguage":"fr-FR","@id":"https:\/\/www.sinchisinchi.com\/fr\/#\/schema\/logo\/image\/","url":"https:\/\/www.sinchisinchi.com\/wp-content\/uploads\/2026\/01\/3b-Verde-SIMPLIFICADO-HORIZONTAL-F-TRANSPARENTE-scaled.png","contentUrl":"https:\/\/www.sinchisinchi.com\/wp-content\/uploads\/2026\/01\/3b-Verde-SIMPLIFICADO-HORIZONTAL-F-TRANSPARENTE-scaled.png","width":2560,"height":457,"caption":"SINCHI S.L"},"image":{"@id":"https:\/\/www.sinchisinchi.com\/fr\/#\/schema\/logo\/image\/"},"sameAs":["https:\/\/www.facebook.com\/sinchirape\/","https:\/\/www.instagram.com\/sinchi_rape\/"]}]}},"_links":{"self":[{"href":"https:\/\/www.sinchisinchi.com\/fr\/wp-json\/wp\/v2\/product\/26064","targetHints":{"allow":["GET"]}}],"collection":[{"href":"https:\/\/www.sinchisinchi.com\/fr\/wp-json\/wp\/v2\/product"}],"about":[{"href":"https:\/\/www.sinchisinchi.com\/fr\/wp-json\/wp\/v2\/types\/product"}],"wp:featuredmedia":[{"embeddable":true,"href":"https:\/\/www.sinchisinchi.com\/fr\/wp-json\/wp\/v2\/media\/26065"}],"wp:attachment":[{"href":"https:\/\/www.sinchisinchi.com\/fr\/wp-json\/wp\/v2\/media?parent=26064"}],"wp:term":[{"taxonomy":"product_brand","embeddable":true,"href":"https:\/\/www.sinchisinchi.com\/fr\/wp-json\/wp\/v2\/product_brand?post=26064"},{"taxonomy":"product_cat","embeddable":true,"href":"https:\/\/www.sinchisinchi.com\/fr\/wp-json\/wp\/v2\/product_cat?post=26064"},{"taxonomy":"product_tag","embeddable":true,"href":"https:\/\/www.sinchisinchi.com\/fr\/wp-json\/wp\/v2\/product_tag?post=26064"}],"curies":[{"name":"wp","href":"https:\/\/api.w.org\/{rel}","templated":true}]}}