{"id":26070,"date":"2018-12-09T01:14:50","date_gmt":"2018-12-09T01:14:50","guid":{"rendered":"https:\/\/www.sinchisinchi.com\/producto\/sananga\/"},"modified":"2026-03-26T10:33:51","modified_gmt":"2026-03-26T10:33:51","slug":"sananga","status":"publish","type":"product","link":"https:\/\/www.sinchisinchi.com\/fr\/producto\/sananga\/","title":{"rendered":"Sananga"},"content":{"rendered":"<div class=\"row\"  id=\"row-1754232469\">\n\n\t<div id=\"col-662878420\" class=\"col medium-3 small-12 large-3\"  >\n\t\t\t\t<div class=\"col-inner\"  >\n\t\t\t\n\t\t\t\n\t\t<\/div>\n\t\t\t\t\t<\/div>\n\n\t\n\n\t<div id=\"col-1519353328\" class=\"col medium-6 small-12 large-6\"  >\n\t\t\t\t<div class=\"col-inner\"  >\n\t\t\t\n\t\t\t\n\t<div class=\"img has-hover x md-x lg-x y md-y lg-y\" id=\"image_409323181\">\n\t\t\t\t\t\t\t\t<div class=\"img-inner dark\" >\n\t\t\t<img loading=\"lazy\" decoding=\"async\" width=\"500\" height=\"333\" src=\"https:\/\/www.sinchisinchi.com\/wp-content\/uploads\/2018\/12\/img_7129.jpg\" class=\"attachment-large size-large\" alt=\"Sananga comprar online\" srcset=\"https:\/\/www.sinchisinchi.com\/wp-content\/uploads\/2018\/12\/img_7129.jpg 500w, https:\/\/www.sinchisinchi.com\/wp-content\/uploads\/2018\/12\/img_7129-247x165.jpg 247w, https:\/\/www.sinchisinchi.com\/wp-content\/uploads\/2018\/12\/img_7129-300x200.jpg 300w\" sizes=\"auto, (max-width: 500px) 100vw, 500px\" \/>\t\t\t\t\t\t\n\t\t\t\t\t<\/div>\n\t\t\t\t\t\t\t\t\n<style>\n#image_409323181 {\n  width: 100%;\n}\n<\/style>\n\t<\/div>\n\t\n\t\t<\/div>\n\t\t\t\t\t<\/div>\n\n\t\n\n\t<div id=\"col-277577383\" class=\"col medium-3 small-12 large-3\"  >\n\t\t\t\t<div class=\"col-inner\"  >\n\t\t\t\n\t\t\t\n\t\t<\/div>\n\t\t\t\t\t<\/div>\n\n\t\n<\/div>\n\t<div id=\"gap-1466374884\" class=\"gap-element clearfix\" style=\"display:block; height:auto;\">\n\t\t\n<style>\n#gap-1466374884 {\n  padding-top: 30px;\n}\n<\/style>\n\t<\/div>\n\t\n<h2 style=\"text-align: center;\"><strong>La plante Sananga : qu&rsquo;est-ce que c&rsquo;est ?<\/strong><\/h2>\n<p><strong>Sananga ou Cyperus articulatus<\/strong>, est une plante tropicale qui pousse le long des rivi\u00e8res amazoniennes et appartient \u00e0 la famille des Cyperac\u00e9es.<\/p>\n<p>Le Sananga est une plante originaire d&rsquo;Amazonie, mais elle pousse dans de nombreuses autres r\u00e9gions tropicales, notamment en Afrique et en Asie. Il existe environ 30 types diff\u00e9rents de Sananga, appartenant \u00e0 trois esp\u00e8ces : Eleutherine bulbosa, Cyperus articulatus et Cyperus prolixus Kunth.<\/p>\n<p>Le Sananga est utilis\u00e9 par les tribus indig\u00e8nes d&rsquo;Amazonie pour am\u00e9liorer la vision et donc leurs capacit\u00e9s de chasse (utilis\u00e9 comme collyre), ainsi qu&rsquo;\u00e0 diverses fins m\u00e9dicinales telles que le traitement des morsures de serpents et des fi\u00e8vres.<\/p>\n\t<div id=\"gap-687639936\" class=\"gap-element clearfix\" style=\"display:block; height:auto;\">\n\t\t\n<style>\n#gap-687639936 {\n  padding-top: 30px;\n}\n<\/style>\n\t<\/div>\n\t\n<div class=\"row\"  id=\"row-292562076\">\n\n\t<div id=\"col-1328668322\" class=\"col medium-1 small-12 large-1\"  >\n\t\t\t\t<div class=\"col-inner\"  >\n\t\t\t\n\t\t\t\n\t\t<\/div>\n\t\t\t\t\t<\/div>\n\n\t\n\n\t<div id=\"col-179104574\" class=\"col medium-10 small-12 large-10\"  >\n\t\t\t\t<div class=\"col-inner\"  >\n\t\t\t\n\t\t\t\n<div class=\"video video-fit mb\" style=\"padding-top:56.25%;\"><p><iframe loading=\"lazy\" title=\"Sananga Ceremony | My Experience\" width=\"1020\" height=\"574\" src=\"https:\/\/www.youtube.com\/embed\/ZdjIOGSMgv8?feature=oembed&#038;enablejsapi=1&#038;origin=https:\/\/www.sinchisinchi.com\" frameborder=\"0\" allow=\"accelerometer; autoplay; clipboard-write; encrypted-media; gyroscope; picture-in-picture; web-share\" referrerpolicy=\"strict-origin-when-cross-origin\" allowfullscreen><\/iframe><\/p>\n<\/div>\n\t\t<\/div>\n\t\t\t\t\t<\/div>\n\n\t\n\n\t<div id=\"col-1929982325\" class=\"col medium-1 small-12 large-1\"  >\n\t\t\t\t<div class=\"col-inner\"  >\n\t\t\t\n\t\t\t\n\t\t<\/div>\n\t\t\t\t\t<\/div>\n\n\t\n<\/div>\n\t<div id=\"gap-645214917\" class=\"gap-element clearfix\" style=\"display:block; height:auto;\">\n\t\t\n<style>\n#gap-645214917 {\n  padding-top: 30px;\n}\n<\/style>\n\t<\/div>\n\t\n<h2 style=\"text-align: center;\"><strong>Gouttes pour les yeux Sananga<\/strong><\/h2>\n<h3 style=\"text-align: center;\"><strong>Bienfaits et propri\u00e9t\u00e9s m\u00e9dicinales :<\/strong><\/h3>\n<h4 style=\"text-align: center;\"><strong>Effets du Sananga au niveau \u00e9nerg\u00e9tique<\/strong><\/h4>\n<p>&#8211; Sananga aide \u00e0 ouvrir la vision int\u00e9rieure, le troisi\u00e8me \u0153il.<\/p>\n<p>&#8211; Active la glande pin\u00e9ale.<\/p>\n<p>&#8211; \u00c9limine la confusion mentale.<\/p>\n<p>&#8211; Aide \u00e0 aligner et \u00e0 ouvrir les chakras, en particulier le troisi\u00e8me \u0153il et le chakra de la couronne.<\/p>\n<p>&#8211; Sananga aide \u00e0 nettoyer en profondeur sur le plan \u00e9nerg\u00e9tique, physique, \u00e9motionnel et spirituel.<\/p>\n<p>&#8211; Aide \u00e0 lib\u00e9rer les traumatismes pass\u00e9s, \u00e0 lib\u00e9rer les \u00e9nergies n\u00e9gatives stagnantes, \u00e0 fermer les trous dans nos champs \u00e9nerg\u00e9tiques caus\u00e9s par des modes de vie n\u00e9gatifs.<\/p>\n<p>&#8211; \u00c9limine les charges et accumulations d&rsquo;\u00e9nergie n\u00e9gative.<\/p>\n<p>&#8211; Am\u00e9liore le r\u00eave lucide.<\/p>\n<p>La tribu Shipibo utilise \u00e9galement les gouttes Sananga pour am\u00e9liorer sa capacit\u00e9 \u00e0 se concentrer sur l&rsquo;artisanat tel que la couture, la peinture et la broderie de textiles, pour lesquels elle est c\u00e9l\u00e8bre. D\u00e8s leur plus jeune \u00e2ge, les femmes Shipibo sont initi\u00e9es \u00e0 cette pratique par leurs m\u00e8res et leurs grands-m\u00e8res. Une Shipiba raconte : \u00ab Quand j&rsquo;\u00e9tais petite fille, ma m\u00e8re mettait des gouttes de Sananga dans mes yeux pour que j&rsquo;aie la vision des motifs de mes peintures. \u00bb<\/p>\n<p>Le Sananga est souvent utilis\u00e9 avant et pendant les c\u00e9r\u00e9monies d&rsquo;Ayahuasca, car apr\u00e8s son utilisation comme collyre, les visions deviennent plus claires et plus d\u00e9taill\u00e9es. Certaines tribus utilisent m\u00eame le Sananga comme additif \u00e0 leur boisson Ayahuasca.<\/p>\n<h4 style=\"text-align: center;\"><strong>Effets du Sananga sur le plan physique<\/strong><\/h4>\n<p>Sananga est \u00e9galement utile dans certaines maladies psychosomatiques, car les yeux sont les fen\u00eatres \u00e0 travers lesquelles nous percevons ce monde. Par cons\u00e9quent, cette m\u00e9decine naturelle aide \u00e0 \u00e9quilibrer et \u00e0 gu\u00e9rir les d\u00e9s\u00e9quilibres dans la perception de ce qui se passe autour de nous, procurant une harmonie et une gu\u00e9rison spirituelle, \u00e9motionnelle et physique ult\u00e9rieure.<\/p>\n<p>Traditionnellement, il est utilis\u00e9 pour lutter contre le paludisme en infusion nasale. Lorsqu&rsquo;il est utilis\u00e9 pour les plaies, il est coup\u00e9 et appliqu\u00e9 \u00e0 l&rsquo;ext\u00e9rieur. En cas de probl\u00e8mes digestifs ou de naus\u00e9es, on l&rsquo;applique sous forme de teinture. Pour la toux et la fi\u00e8vre, et pour une utilisation comme antivenin, on l&rsquo;applique par voie orale en d\u00e9coction.<\/p>\n<p>Les fleurs et les feuilles sont utilis\u00e9es pour faire un th\u00e9 qui a de puissants effets aphrodisiaques et augmente \u00e9galement le r\u00eave lucide. Enfin, lorsque les rhizomes s\u00e9ch\u00e9s sont m\u00e9lang\u00e9s \u00e0 du tabac et fum\u00e9s, des effets hallucinog\u00e8nes sont d\u00e9crits.<\/p>\n<p>Le Sananga aide \u00e9galement \u00e0 soulager les probl\u00e8mes dentaires, \u00e0 lutter contre les plaies et \u00e0 gu\u00e9rir diverses blessures oculaires. Soulage les naus\u00e9es et les vomissements, aide en cas de probl\u00e8mes intestinaux\/digestifs et apaise\/calme<\/p>\n<p>Le Sananga \u00e9tait largement utilis\u00e9 dans la tribu Shipibo comme contraceptif, comme abortif et pour pr\u00e9venir la douleur lors de l&rsquo;accouchement, probablement en raison de sa teneur en alcalo\u00efdes de l&rsquo;ergot.<\/p>\n\t<div id=\"gap-45662706\" class=\"gap-element clearfix\" style=\"display:block; height:auto;\">\n\t\t\n<style>\n#gap-45662706 {\n  padding-top: 30px;\n}\n<\/style>\n\t<\/div>\n\t\n<div class=\"row\"  id=\"row-91148986\">\n\n\t<div id=\"col-547925337\" class=\"col medium-2 small-12 large-2\"  >\n\t\t\t\t<div class=\"col-inner\"  >\n\t\t\t\n\t\t\t\n\t\t<\/div>\n\t\t\t\t\t<\/div>\n\n\t\n\n\t<div id=\"col-447096638\" class=\"col medium-7 small-12 large-7\"  >\n\t\t\t\t<div class=\"col-inner\"  >\n\t\t\t\n\t\t\t\n\t<div class=\"img has-hover x md-x lg-x y md-y lg-y\" id=\"image_1903497049\">\n\t\t\t\t\t\t\t\t<div class=\"img-inner dark\" >\n\t\t\t<img loading=\"lazy\" decoding=\"async\" width=\"500\" height=\"250\" src=\"https:\/\/www.sinchisinchi.com\/wp-content\/uploads\/2018\/12\/sananga-comprar-2.jpg\" class=\"attachment-large size-large\" alt=\"sananga comprar online en Espa\u00f1a\" srcset=\"https:\/\/www.sinchisinchi.com\/wp-content\/uploads\/2018\/12\/sananga-comprar-2.jpg 500w, https:\/\/www.sinchisinchi.com\/wp-content\/uploads\/2018\/12\/sananga-comprar-2-247x124.jpg 247w, https:\/\/www.sinchisinchi.com\/wp-content\/uploads\/2018\/12\/sananga-comprar-2-300x150.jpg 300w\" sizes=\"auto, (max-width: 500px) 100vw, 500px\" \/>\t\t\t\t\t\t\n\t\t\t\t\t<\/div>\n\t\t\t\t\t\t\t\t\n<style>\n#image_1903497049 {\n  width: 100%;\n}\n<\/style>\n\t<\/div>\n\t\n\t\t<\/div>\n\t\t\t\t\t<\/div>\n\n\t\n\n\t<div id=\"col-1748027027\" class=\"col medium-3 small-12 large-3\"  >\n\t\t\t\t<div class=\"col-inner\"  >\n\t\t\t\n\t\t\t\n\t\t<\/div>\n\t\t\t\t\t<\/div>\n\n\t\n<\/div>\n\t<div id=\"gap-825358265\" class=\"gap-element clearfix\" style=\"display:block; height:auto;\">\n\t\t\n<style>\n#gap-825358265 {\n  padding-top: 30px;\n}\n<\/style>\n\t<\/div>\n\t\n<h4 style=\"text-align: center;\"><strong>Application et dosage des gouttes de Sananga<\/strong><\/h4>\n<p>Il est recommand\u00e9 de trouver un endroit calme et de l&rsquo;utiliser de pr\u00e9f\u00e9rence l&rsquo;apr\u00e8s-midi, afin que vos yeux puissent se reposer.<\/p>\n<p>Il peut \u00eatre judicieux de demander \u00e0 un partenaire de vous aider \u00e0 l\u2019appliquer.<\/p>\n<p>Il est conseill\u00e9 de s&rsquo;allonger pour permettre une bonne application, et de laisser les yeux ferm\u00e9s pendant la s\u00e9ance. 1 \u00e0 2 gouttes par \u0153il suffisent pour une s\u00e9ance.<\/p>\n<p>Puis flasher pour r\u00e9partir le liquide. Il est important de l&rsquo;appliquer sur les deux yeux pour \u00e9quilibrer le canal \u00e9nerg\u00e9tique.<\/p>\n<p>Lorsqu&rsquo;il est appliqu\u00e9, il produit une sensation de br\u00fblure qui dure jusqu&rsquo;\u00e0 trois minutes, selon l&rsquo;\u00e9tat de l&rsquo;utilisateur et la fr\u00e9quence \u00e0 laquelle il utilise Sananga. Cette ardeur laisse place \u00e0 un sentiment de pl\u00e9nitude et de pr\u00e9sence, profond\u00e9ment immerg\u00e9 dans un moment intemporel.<\/p>\n<p>Le lendemain matin, vos yeux peuvent \u00eatre un peu sensibles et secs, vous pouvez les laver \u00e0 l&rsquo;eau froide et cela passera vite ; Cela fait partie du processus de purification que Sananga provoque.<\/p>\n<h4 style=\"text-align: center;\"><strong>Principes actifs de Sananga, collyre ancestral<\/strong><\/h4>\n<p>Le Sananga contient plusieurs alcalo\u00efdes, dont des flavono\u00efdes, des polyph\u00e9nols, des saponines, des tanins et des terp\u00e8nes, bien que son action biologique soit principalement attribu\u00e9e aux cyperones.<\/p>\n<p>L\u2019un des ingr\u00e9dients actifs trouv\u00e9s est l\u2019iboga\u00efne. L&rsquo;iboga\u00efne provoque une exp\u00e9rience psychoactive qui peut conduire certaines personnes \u00e0 des transitions et\/ou des visions rapides.<\/p>\n<p>Le spectre complet des effets et des ingr\u00e9dients bioactifs de cette plante n\u2019est pas encore enti\u00e8rement compris. De plus, comme la plante ne se reproduit pas par graines mais par v\u00e9g\u00e9tation, il existe de nombreuses sous-esp\u00e8ces diff\u00e9rentes de Sananga avec une composition en alcalo\u00efdes diff\u00e9rente.<\/p>\n\t<div id=\"gap-1649681367\" class=\"gap-element clearfix\" style=\"display:block; height:auto;\">\n\t\t\n<style>\n#gap-1649681367 {\n  padding-top: 30px;\n}\n<\/style>\n\t<\/div>\n\t\n<div class=\"row\"  id=\"row-1966457204\">\n\n\t<div id=\"col-1454169562\" class=\"col medium-2 small-12 large-2\"  >\n\t\t\t\t<div class=\"col-inner\"  >\n\t\t\t\n\t\t\t\n\t\t<\/div>\n\t\t\t\t\t<\/div>\n\n\t\n\n\t<div id=\"col-790445077\" class=\"col medium-8 small-12 large-8\"  >\n\t\t\t\t<div class=\"col-inner\"  >\n\t\t\t\n\t\t\t\n\t<div class=\"img has-hover x md-x lg-x y md-y lg-y\" id=\"image_1027758099\">\n\t\t\t\t\t\t\t\t<div class=\"img-inner dark\" >\n\t\t\t<img loading=\"lazy\" decoding=\"async\" width=\"1020\" height=\"631\" src=\"https:\/\/www.sinchisinchi.com\/wp-content\/uploads\/2018\/12\/ob_015fe0_tabernaemontana-undulata-8-1024x633.jpg\" class=\"attachment-large size-large\" alt=\"\" srcset=\"https:\/\/www.sinchisinchi.com\/wp-content\/uploads\/2018\/12\/ob_015fe0_tabernaemontana-undulata-8-1024x633.jpg 1024w, https:\/\/www.sinchisinchi.com\/wp-content\/uploads\/2018\/12\/ob_015fe0_tabernaemontana-undulata-8-600x371.jpg 600w, https:\/\/www.sinchisinchi.com\/wp-content\/uploads\/2018\/12\/ob_015fe0_tabernaemontana-undulata-8-768x475.jpg 768w, https:\/\/www.sinchisinchi.com\/wp-content\/uploads\/2018\/12\/ob_015fe0_tabernaemontana-undulata-8-1536x949.jpg 1536w, https:\/\/www.sinchisinchi.com\/wp-content\/uploads\/2018\/12\/ob_015fe0_tabernaemontana-undulata-8-247x153.jpg 247w, https:\/\/www.sinchisinchi.com\/wp-content\/uploads\/2018\/12\/ob_015fe0_tabernaemontana-undulata-8-510x315.jpg 510w, https:\/\/www.sinchisinchi.com\/wp-content\/uploads\/2018\/12\/ob_015fe0_tabernaemontana-undulata-8.jpg 1600w\" sizes=\"auto, (max-width: 1020px) 100vw, 1020px\" \/>\t\t\t\t\t\t\n\t\t\t\t\t<\/div>\n\t\t\t\t\t\t\t\t\n<style>\n#image_1027758099 {\n  width: 100%;\n}\n<\/style>\n\t<\/div>\n\t\n\t\t<\/div>\n\t\t\t\t\t<\/div>\n\n\t\n\n\t<div id=\"col-1517060491\" class=\"col medium-2 small-12 large-2\"  >\n\t\t\t\t<div class=\"col-inner\"  >\n\t\t\t\n\t\t\t\n\t\t<\/div>\n\t\t\t\t\t<\/div>\n\n\t\n<\/div>\n\t<div id=\"gap-1541814154\" class=\"gap-element clearfix\" style=\"display:block; height:auto;\">\n\t\t\n<style>\n#gap-1541814154 {\n  padding-top: 30px;\n}\n<\/style>\n\t<\/div>\n\t\n<h4 style=\"text-align: center;\"><strong>Pr\u00e9paration de Sananga, M\u00e9decine Ancestrale<\/strong><\/h4>\n<p>La recette la plus courante consiste \u00e0 s\u00e9cher les rhizomes ou les tiges et \u00e0 les pulv\u00e9riser, puis \u00e0 les pr\u00e9parer sous forme de th\u00e9 ou de gouttes pour les yeux. Cependant, chaque tribu a sa propre fa\u00e7on d\u2019utiliser cette plante magique. La tribu Shipibo, par exemple, \u00e9crase les rhizomes frais et en extrait le jus pour fabriquer des gouttes pour les yeux.<\/p>\n<h4 style=\"text-align: center;\"><strong>Sananga et les Huni Kuin &#8211; Kaxinaw\u00e1<\/strong><\/h4>\n<p>La tribu Kaxinaw\u00e1 a la tradition ancestrale d\u2019utiliser une ou deux gouttes de sananga dans chaque \u0153il avant d\u2019aller chasser ; aiguise votre vision, ce qui permet de distinguer plus facilement le gibier m\u00eame dans l&rsquo;obscurit\u00e9. En plus de mettre en valeur les textures visuelles, la profondeur, les couleurs ; Selon les Indiens, cela aide l&rsquo;instinct de chasseur dans la recherche de proies dans la jungle.<\/p>\n","protected":false},"excerpt":{"rendered":"<p>Le Sananga est un ancien m\u00e9dicament amazonien qui est utilis\u00e9 sous forme de gouttes appliqu\u00e9es sur les yeux comme collyre.<\/p>\n<p>En Amazonie, les gouttes ophtalmiques Sananga sont largement utilis\u00e9es par diverses tribus, car les effets du Sananga les aident \u00e0 am\u00e9liorer leurs capacit\u00e9s de chasse, am\u00e9liorant leur vision dans l&rsquo;obscurit\u00e9 et la profondeur de champ, avec une vision plus nette et plus raffin\u00e9e.<\/p>\n<p>&nbsp;<\/p>\n<p><strong>Pr\u00e9sentation :<\/strong> 5ml<\/p>\n<p><strong>Pr\u00e9cautions :<\/strong> Les lentilles de contact doivent \u00eatre retir\u00e9es avant d&rsquo;appliquer Sananga.<\/p>\n<p><strong>Conservation :<\/strong> Conserver le flacon au r\u00e9frig\u00e9rateur.<\/p>\n","protected":false},"featured_media":12334,"template":"","meta":{"_joinchat":[]},"product_brand":[],"product_cat":[658],"product_tag":[],"class_list":{"0":"post-26070","1":"product","2":"type-product","3":"status-publish","4":"has-post-thumbnail","6":"product_cat-liquide","8":"first","9":"outofstock","10":"taxable","11":"shipping-taxable","12":"purchasable","13":"product-type-simple"},"yoast_head":"<!-- This site is optimized with the Yoast SEO plugin v27.4 - https:\/\/yoast.com\/product\/yoast-seo-wordpress\/ -->\n<title>Achetez Sananga : des gouttes oculaires ancestrales des tribus amazoniennes<\/title>\n<meta name=\"description\" content=\"Acheter Sananga : En Amazonie, le Sananga est utilis\u00e9 depuis des milliers d&#039;ann\u00e9es par les tribus pour renforcer la vision \u00e0 tous les niveaux.\" \/>\n<meta name=\"robots\" content=\"index, follow, max-snippet:-1, max-image-preview:large, max-video-preview:-1\" \/>\n<link rel=\"canonical\" href=\"https:\/\/www.sinchisinchi.com\/fr\/producto\/sananga\/\" \/>\n<meta property=\"og:locale\" content=\"fr_FR\" \/>\n<meta property=\"og:type\" content=\"article\" \/>\n<meta property=\"og:title\" content=\"Achetez Sananga : des gouttes oculaires ancestrales des tribus amazoniennes\" \/>\n<meta property=\"og:description\" content=\"Acheter Sananga : En Amazonie, le Sananga est utilis\u00e9 depuis des milliers d&#039;ann\u00e9es par les tribus pour renforcer la vision \u00e0 tous les niveaux.\" \/>\n<meta property=\"og:url\" content=\"https:\/\/www.sinchisinchi.com\/fr\/producto\/sananga\/\" \/>\n<meta property=\"og:site_name\" content=\"SINCHI RAP\u00c9\" \/>\n<meta property=\"article:publisher\" content=\"https:\/\/www.facebook.com\/sinchirape\/\" \/>\n<meta property=\"article:modified_time\" content=\"2026-03-26T10:33:51+00:00\" \/>\n<meta property=\"og:image\" content=\"https:\/\/www.sinchisinchi.com\/wp-content\/uploads\/2018\/12\/3IR0008.jpg\" \/>\n\t<meta property=\"og:image:width\" content=\"700\" \/>\n\t<meta property=\"og:image:height\" content=\"700\" \/>\n\t<meta property=\"og:image:type\" content=\"image\/jpeg\" \/>\n<meta name=\"twitter:card\" content=\"summary_large_image\" \/>\n<meta name=\"twitter:label1\" content=\"Dur\u00e9e de lecture estim\u00e9e\" \/>\n\t<meta name=\"twitter:data1\" content=\"6 minutes\" \/>\n<script type=\"application\/ld+json\" class=\"yoast-schema-graph\">{\"@context\":\"https:\\\/\\\/schema.org\",\"@graph\":[{\"@type\":\"WebPage\",\"@id\":\"https:\\\/\\\/www.sinchisinchi.com\\\/fr\\\/producto\\\/sananga\\\/\",\"url\":\"https:\\\/\\\/www.sinchisinchi.com\\\/fr\\\/producto\\\/sananga\\\/\",\"name\":\"Achetez Sananga : des gouttes oculaires ancestrales des tribus amazoniennes\",\"isPartOf\":{\"@id\":\"https:\\\/\\\/www.sinchisinchi.com\\\/fr\\\/#website\"},\"primaryImageOfPage\":{\"@id\":\"https:\\\/\\\/www.sinchisinchi.com\\\/fr\\\/producto\\\/sananga\\\/#primaryimage\"},\"image\":{\"@id\":\"https:\\\/\\\/www.sinchisinchi.com\\\/fr\\\/producto\\\/sananga\\\/#primaryimage\"},\"thumbnailUrl\":\"https:\\\/\\\/www.sinchisinchi.com\\\/wp-content\\\/uploads\\\/2018\\\/12\\\/3IR0008.jpg\",\"datePublished\":\"2018-12-09T01:14:50+00:00\",\"dateModified\":\"2026-03-26T10:33:51+00:00\",\"description\":\"Acheter Sananga : En Amazonie, le Sananga est utilis\u00e9 depuis des milliers d'ann\u00e9es par les tribus pour renforcer la vision \u00e0 tous les niveaux.\",\"breadcrumb\":{\"@id\":\"https:\\\/\\\/www.sinchisinchi.com\\\/fr\\\/producto\\\/sananga\\\/#breadcrumb\"},\"inLanguage\":\"fr-FR\",\"potentialAction\":[{\"@type\":\"ReadAction\",\"target\":[\"https:\\\/\\\/www.sinchisinchi.com\\\/fr\\\/producto\\\/sananga\\\/\"]}]},{\"@type\":\"ImageObject\",\"inLanguage\":\"fr-FR\",\"@id\":\"https:\\\/\\\/www.sinchisinchi.com\\\/fr\\\/producto\\\/sananga\\\/#primaryimage\",\"url\":\"https:\\\/\\\/www.sinchisinchi.com\\\/wp-content\\\/uploads\\\/2018\\\/12\\\/3IR0008.jpg\",\"contentUrl\":\"https:\\\/\\\/www.sinchisinchi.com\\\/wp-content\\\/uploads\\\/2018\\\/12\\\/3IR0008.jpg\",\"width\":700,\"height\":700},{\"@type\":\"BreadcrumbList\",\"@id\":\"https:\\\/\\\/www.sinchisinchi.com\\\/fr\\\/producto\\\/sananga\\\/#breadcrumb\",\"itemListElement\":[{\"@type\":\"ListItem\",\"position\":1,\"name\":\"Prima pagina\",\"item\":\"https:\\\/\\\/www.sinchisinchi.com\\\/fr\\\/\"},{\"@type\":\"ListItem\",\"position\":2,\"name\":\"Produits\",\"item\":\"https:\\\/\\\/www.sinchisinchi.com\\\/fr\\\/shop\\\/\"},{\"@type\":\"ListItem\",\"position\":3,\"name\":\"Sananga\"}]},{\"@type\":\"WebSite\",\"@id\":\"https:\\\/\\\/www.sinchisinchi.com\\\/fr\\\/#website\",\"url\":\"https:\\\/\\\/www.sinchisinchi.com\\\/fr\\\/\",\"name\":\"SINCHI\",\"description\":\"Sinchi Medicine\",\"publisher\":{\"@id\":\"https:\\\/\\\/www.sinchisinchi.com\\\/fr\\\/#organization\"},\"potentialAction\":[{\"@type\":\"SearchAction\",\"target\":{\"@type\":\"EntryPoint\",\"urlTemplate\":\"https:\\\/\\\/www.sinchisinchi.com\\\/fr\\\/?s={search_term_string}\"},\"query-input\":{\"@type\":\"PropertyValueSpecification\",\"valueRequired\":true,\"valueName\":\"search_term_string\"}}],\"inLanguage\":\"fr-FR\"},{\"@type\":\"Organization\",\"@id\":\"https:\\\/\\\/www.sinchisinchi.com\\\/fr\\\/#organization\",\"name\":\"SINCHI S.L\",\"url\":\"https:\\\/\\\/www.sinchisinchi.com\\\/fr\\\/\",\"logo\":{\"@type\":\"ImageObject\",\"inLanguage\":\"fr-FR\",\"@id\":\"https:\\\/\\\/www.sinchisinchi.com\\\/fr\\\/#\\\/schema\\\/logo\\\/image\\\/\",\"url\":\"https:\\\/\\\/www.sinchisinchi.com\\\/wp-content\\\/uploads\\\/2026\\\/01\\\/3b-Verde-SIMPLIFICADO-HORIZONTAL-F-TRANSPARENTE-scaled.png\",\"contentUrl\":\"https:\\\/\\\/www.sinchisinchi.com\\\/wp-content\\\/uploads\\\/2026\\\/01\\\/3b-Verde-SIMPLIFICADO-HORIZONTAL-F-TRANSPARENTE-scaled.png\",\"width\":2560,\"height\":457,\"caption\":\"SINCHI S.L\"},\"image\":{\"@id\":\"https:\\\/\\\/www.sinchisinchi.com\\\/fr\\\/#\\\/schema\\\/logo\\\/image\\\/\"},\"sameAs\":[\"https:\\\/\\\/www.facebook.com\\\/sinchirape\\\/\",\"https:\\\/\\\/www.instagram.com\\\/sinchi_rape\\\/\"]}]}<\/script>\n<!-- \/ Yoast SEO plugin. -->","yoast_head_json":{"title":"Achetez Sananga : des gouttes oculaires ancestrales des tribus amazoniennes","description":"Acheter Sananga : En Amazonie, le Sananga est utilis\u00e9 depuis des milliers d'ann\u00e9es par les tribus pour renforcer la vision \u00e0 tous les niveaux.","robots":{"index":"index","follow":"follow","max-snippet":"max-snippet:-1","max-image-preview":"max-image-preview:large","max-video-preview":"max-video-preview:-1"},"canonical":"https:\/\/www.sinchisinchi.com\/fr\/producto\/sananga\/","og_locale":"fr_FR","og_type":"article","og_title":"Achetez Sananga : des gouttes oculaires ancestrales des tribus amazoniennes","og_description":"Acheter Sananga : En Amazonie, le Sananga est utilis\u00e9 depuis des milliers d'ann\u00e9es par les tribus pour renforcer la vision \u00e0 tous les niveaux.","og_url":"https:\/\/www.sinchisinchi.com\/fr\/producto\/sananga\/","og_site_name":"SINCHI RAP\u00c9","article_publisher":"https:\/\/www.facebook.com\/sinchirape\/","article_modified_time":"2026-03-26T10:33:51+00:00","og_image":[{"width":700,"height":700,"url":"https:\/\/www.sinchisinchi.com\/wp-content\/uploads\/2018\/12\/3IR0008.jpg","type":"image\/jpeg"}],"twitter_card":"summary_large_image","twitter_misc":{"Dur\u00e9e de lecture estim\u00e9e":"6 minutes"},"schema":{"@context":"https:\/\/schema.org","@graph":[{"@type":"WebPage","@id":"https:\/\/www.sinchisinchi.com\/fr\/producto\/sananga\/","url":"https:\/\/www.sinchisinchi.com\/fr\/producto\/sananga\/","name":"Achetez Sananga : des gouttes oculaires ancestrales des tribus amazoniennes","isPartOf":{"@id":"https:\/\/www.sinchisinchi.com\/fr\/#website"},"primaryImageOfPage":{"@id":"https:\/\/www.sinchisinchi.com\/fr\/producto\/sananga\/#primaryimage"},"image":{"@id":"https:\/\/www.sinchisinchi.com\/fr\/producto\/sananga\/#primaryimage"},"thumbnailUrl":"https:\/\/www.sinchisinchi.com\/wp-content\/uploads\/2018\/12\/3IR0008.jpg","datePublished":"2018-12-09T01:14:50+00:00","dateModified":"2026-03-26T10:33:51+00:00","description":"Acheter Sananga : En Amazonie, le Sananga est utilis\u00e9 depuis des milliers d'ann\u00e9es par les tribus pour renforcer la vision \u00e0 tous les niveaux.","breadcrumb":{"@id":"https:\/\/www.sinchisinchi.com\/fr\/producto\/sananga\/#breadcrumb"},"inLanguage":"fr-FR","potentialAction":[{"@type":"ReadAction","target":["https:\/\/www.sinchisinchi.com\/fr\/producto\/sananga\/"]}]},{"@type":"ImageObject","inLanguage":"fr-FR","@id":"https:\/\/www.sinchisinchi.com\/fr\/producto\/sananga\/#primaryimage","url":"https:\/\/www.sinchisinchi.com\/wp-content\/uploads\/2018\/12\/3IR0008.jpg","contentUrl":"https:\/\/www.sinchisinchi.com\/wp-content\/uploads\/2018\/12\/3IR0008.jpg","width":700,"height":700},{"@type":"BreadcrumbList","@id":"https:\/\/www.sinchisinchi.com\/fr\/producto\/sananga\/#breadcrumb","itemListElement":[{"@type":"ListItem","position":1,"name":"Prima pagina","item":"https:\/\/www.sinchisinchi.com\/fr\/"},{"@type":"ListItem","position":2,"name":"Produits","item":"https:\/\/www.sinchisinchi.com\/fr\/shop\/"},{"@type":"ListItem","position":3,"name":"Sananga"}]},{"@type":"WebSite","@id":"https:\/\/www.sinchisinchi.com\/fr\/#website","url":"https:\/\/www.sinchisinchi.com\/fr\/","name":"SINCHI","description":"Sinchi Medicine","publisher":{"@id":"https:\/\/www.sinchisinchi.com\/fr\/#organization"},"potentialAction":[{"@type":"SearchAction","target":{"@type":"EntryPoint","urlTemplate":"https:\/\/www.sinchisinchi.com\/fr\/?s={search_term_string}"},"query-input":{"@type":"PropertyValueSpecification","valueRequired":true,"valueName":"search_term_string"}}],"inLanguage":"fr-FR"},{"@type":"Organization","@id":"https:\/\/www.sinchisinchi.com\/fr\/#organization","name":"SINCHI S.L","url":"https:\/\/www.sinchisinchi.com\/fr\/","logo":{"@type":"ImageObject","inLanguage":"fr-FR","@id":"https:\/\/www.sinchisinchi.com\/fr\/#\/schema\/logo\/image\/","url":"https:\/\/www.sinchisinchi.com\/wp-content\/uploads\/2026\/01\/3b-Verde-SIMPLIFICADO-HORIZONTAL-F-TRANSPARENTE-scaled.png","contentUrl":"https:\/\/www.sinchisinchi.com\/wp-content\/uploads\/2026\/01\/3b-Verde-SIMPLIFICADO-HORIZONTAL-F-TRANSPARENTE-scaled.png","width":2560,"height":457,"caption":"SINCHI S.L"},"image":{"@id":"https:\/\/www.sinchisinchi.com\/fr\/#\/schema\/logo\/image\/"},"sameAs":["https:\/\/www.facebook.com\/sinchirape\/","https:\/\/www.instagram.com\/sinchi_rape\/"]}]}},"_links":{"self":[{"href":"https:\/\/www.sinchisinchi.com\/fr\/wp-json\/wp\/v2\/product\/26070","targetHints":{"allow":["GET"]}}],"collection":[{"href":"https:\/\/www.sinchisinchi.com\/fr\/wp-json\/wp\/v2\/product"}],"about":[{"href":"https:\/\/www.sinchisinchi.com\/fr\/wp-json\/wp\/v2\/types\/product"}],"wp:featuredmedia":[{"embeddable":true,"href":"https:\/\/www.sinchisinchi.com\/fr\/wp-json\/wp\/v2\/media\/12334"}],"wp:attachment":[{"href":"https:\/\/www.sinchisinchi.com\/fr\/wp-json\/wp\/v2\/media?parent=26070"}],"wp:term":[{"taxonomy":"product_brand","embeddable":true,"href":"https:\/\/www.sinchisinchi.com\/fr\/wp-json\/wp\/v2\/product_brand?post=26070"},{"taxonomy":"product_cat","embeddable":true,"href":"https:\/\/www.sinchisinchi.com\/fr\/wp-json\/wp\/v2\/product_cat?post=26070"},{"taxonomy":"product_tag","embeddable":true,"href":"https:\/\/www.sinchisinchi.com\/fr\/wp-json\/wp\/v2\/product_tag?post=26070"}],"curies":[{"name":"wp","href":"https:\/\/api.w.org\/{rel}","templated":true}]}}