{"id":28219,"date":"2025-05-30T12:12:36","date_gmt":"2025-05-30T12:12:36","guid":{"rendered":"https:\/\/www.sinchisinchi.com\/producto\/copaiba\/"},"modified":"2026-01-13T07:51:12","modified_gmt":"2026-01-13T07:51:12","slug":"copaiba","status":"publish","type":"product","link":"https:\/\/www.sinchisinchi.com\/fr\/producto\/copaiba\/","title":{"rendered":"Copa\u00edba"},"content":{"rendered":"<h2 style=\"text-align: center;\"><strong>Le Copa\u00edba<\/strong><\/h2>\n<p>Le Copa\u00edba (Copaifera langsdorffii, Copaifera officinalis, etc.), aussi appel\u00e9 arbre \u00e0 diesel, est commun et tr\u00e8s populaire au Br\u00e9sil pour sa r\u00e9sine pr\u00e9cieuse, utilis\u00e9e depuis des mill\u00e9naires comme rem\u00e8de m\u00e9dicinal pour soigner les blessures externes et internes.<\/p>\n<p>Le nom Copa\u00edba vient du guarani et signifie \u00ab\u00a0l&rsquo;arbre qui gu\u00e9rit\u00a0\u00bb. On l&rsquo;appelle aussi commun\u00e9ment bois \u00e0 huile, tacamaca, cabima, arbre \u00e0 huile, copa\u00ef ou copaibi.<\/p>\n<p>Appartenant \u00e0 la famille des Fabac\u00e9es, il est originaire d&rsquo;Am\u00e9rique latine et d&rsquo;Afrique de l&rsquo;Ouest, avec une pr\u00e9sence importante dans la for\u00eat amazonienne.<\/p>\n<p>C&rsquo;est un arbre \u00e0 la canop\u00e9e haute et ouverte, mesurant entre 10 et 40 m\u00e8tres de haut, aux feuilles glabres et aux pousses rouge\u00e2tres. Ses fleurs, blanches \u00e0 vert cr\u00e8me, sont petites, hermaphrodites et dispos\u00e9es en grappes. Ses fruits, mesurant jusqu&rsquo;\u00e0 3 cm de long, sont rouge\u00e2tres \u00e0 maturit\u00e9.<\/p>\n<p>Il produit une grande quantit\u00e9 d&rsquo;hydrocarbures dans son bois et ses feuilles, entre 30 et 53 litres par an. Le principal compos\u00e9 de son huile est une ol\u00e9or\u00e9sine utile pour la production de produits tels que le biodiesel.<\/p>\n<div class=\"row\"  id=\"row-5093028\">\n\n\t<div id=\"col-612455775\" class=\"col medium-2 small-12 large-2\"  >\n\t\t\t\t<div class=\"col-inner\"  >\n\t\t\t\n\t\t\t\n\t\t<\/div>\n\t\t\t\t\t<\/div>\n\n\t\n\n\t<div id=\"col-450749032\" class=\"col medium-8 small-12 large-8\"  >\n\t\t\t\t<div class=\"col-inner\"  >\n\t\t\t\n\t\t\t\n<div class=\"video video-fit mb\" style=\"padding-top:56.25%;\"><p><iframe loading=\"lazy\" title=\"Plan de Conservaci\u00f3n y Manejo del Palo de Aceite - Copaiba Tree Conservation and Management Plan\" width=\"1020\" height=\"574\" src=\"https:\/\/www.youtube.com\/embed\/KZsG17BomwA?feature=oembed&#038;enablejsapi=1&#038;origin=https:\/\/www.sinchisinchi.com\" frameborder=\"0\" allow=\"accelerometer; autoplay; clipboard-write; encrypted-media; gyroscope; picture-in-picture; web-share\" referrerpolicy=\"strict-origin-when-cross-origin\" allowfullscreen><\/iframe><\/p>\n<\/div>\n\t\t<\/div>\n\t\t\t\t\t<\/div>\n\n\t\n\n\t<div id=\"col-640103975\" class=\"col medium-2 small-12 large-2\"  >\n\t\t\t\t<div class=\"col-inner\"  >\n\t\t\t\n\t\t\t\n\t\t<\/div>\n\t\t\t\t\t<\/div>\n\n\t\n<\/div>\n\t<div id=\"gap-1034956252\" class=\"gap-element clearfix\" style=\"display:block; height:auto;\">\n\t\t\n<style>\n#gap-1034956252 {\n  padding-top: 30px;\n}\n<\/style>\n\t<\/div>\n\t\n<h2 style=\"text-align: center;\"><strong>R\u00e9sine de copa\u00efba<\/strong><\/h2>\n<p>La r\u00e9sine de Copa\u00edba est extraite en per\u00e7ant un trou dans l&rsquo;\u00e9corce, d&rsquo;o\u00f9 s&rsquo;\u00e9coule une substance visqueuse brun jaun\u00e2tre. L&rsquo;huile de copa\u00efba, <strong>\u00e9galement appel\u00e9e \u00ab\u00a0huile de vie\u00a0\u00bb,<\/strong> est obtenue \u00e0 partir de cette r\u00e9sine.<\/p>\n<p>Cette r\u00e9sine poss\u00e8de de puissantes propri\u00e9t\u00e9s anti-inflammatoires et renforce le syst\u00e8me immunitaire, entre autres propri\u00e9t\u00e9s m\u00e9dicinales. En m\u00e9decine traditionnelle, elle est utilis\u00e9e pour am\u00e9liorer l&rsquo;humeur et soulager le stress et l&rsquo;anxi\u00e9t\u00e9.<\/p>\n<p>Dans la for\u00eat amazonienne, les tribus indig\u00e8nes utilisent des produits extraits du Copa\u00edba depuis plus de 400 ans, et l&rsquo;utilisation du copa\u00efba au Br\u00e9sil remonte \u00e0 avant la colonisation portugaise.<\/p>\n<p>Selon la l\u00e9gende, les Br\u00e9siliens auraient observ\u00e9 des animaux se frotter contre le tronc du copa\u00efba pour soigner leurs blessures, d\u00e9couvrant ainsi ses propri\u00e9t\u00e9s m\u00e9dicinales.<\/p>\n<p>L&rsquo;esp\u00e8ce Copa\u00edfera langsdorffii, \u00e9galement connue sous le nom d&rsquo;arbre diesel, Copa\u00edba-verdade, Copiava ou baume de Copa\u00edba, est la plus appr\u00e9ci\u00e9e pour ses propri\u00e9t\u00e9s m\u00e9dicinales.<br \/>\n<div class=\"row\"  id=\"row-1234666451\">\n\n\t<div id=\"col-1480746675\" class=\"col medium-2 small-12 large-2\"  >\n\t\t\t\t<div class=\"col-inner\"  >\n\t\t\t\n\t\t\t\n\t\t<\/div>\n\t\t\t\t\t<\/div>\n\n\t\n\n\t<div id=\"col-2055074584\" class=\"col medium-8 small-12 large-8\"  >\n\t\t\t\t<div class=\"col-inner\"  >\n\t\t\t\n\t\t\t\n<div class=\"video video-fit mb\" style=\"padding-top:56.25%;\"><p><iframe loading=\"lazy\" title=\"CAPUSLA ACEITE DE COPAIBO\" width=\"1020\" height=\"574\" src=\"https:\/\/www.youtube.com\/embed\/eVEoAGXdNYs?feature=oembed&#038;enablejsapi=1&#038;origin=https:\/\/www.sinchisinchi.com\" frameborder=\"0\" allow=\"accelerometer; autoplay; clipboard-write; encrypted-media; gyroscope; picture-in-picture; web-share\" referrerpolicy=\"strict-origin-when-cross-origin\" allowfullscreen><\/iframe><\/p>\n<\/div>\n\t\t<\/div>\n\t\t\t\t\t<\/div>\n\n\t\n\n\t<div id=\"col-565646022\" class=\"col medium-2 small-12 large-2\"  >\n\t\t\t\t<div class=\"col-inner\"  >\n\t\t\t\n\t\t\t\n\t\t<\/div>\n\t\t\t\t\t<\/div>\n\n\t\n<\/div>\n\t<div id=\"gap-653680692\" class=\"gap-element clearfix\" style=\"display:block; height:auto;\">\n\t\t\n<style>\n#gap-653680692 {\n  padding-top: 30px;\n}\n<\/style>\n\t<\/div>\n\t\n<h2 style=\"text-align: center;\"><strong>Propri\u00e9t\u00e9s m\u00e9dicinales<\/strong><\/h2>\n<p>Toutes les parties du copahu ont des usages m\u00e9dicinaux, y compris les feuilles et l&rsquo;\u00e9corce, mais c&rsquo;est l&rsquo;huile extraite de la r\u00e9sine qui concentre ses propri\u00e9t\u00e9s m\u00e9dicinales.<\/p>\n<p>Le Copa\u00edba est un puissant anti-inflammatoire, renforce le syst\u00e8me immunitaire et am\u00e9liore l&rsquo;humeur en soulageant le stress et l&rsquo;anxi\u00e9t\u00e9.<\/p>\n<p>Les propri\u00e9t\u00e9s de cet arbre, sacr\u00e9 pour les tribus amazoniennes, sont innombrables\u00a0: anti-\u0153d\u00e9mateux, analg\u00e9sique, anti-blennore, antiseptique, antifongique, hypotenseur, diur\u00e9tique, antimicrobien, relaxant musculaire, d\u00e9sinfectant, antibact\u00e9rien, expectorant, anticanc\u00e9reux, antitumoral, astringent, antibiotique, \u00e9mollient, \u00e9nergisant, cicatrisant du cuir chevelu, stimulant, laxatif, soulage les douleurs rhumatismales et am\u00e9liore la fonction r\u00e9nale.<\/p>\n<p>Traditionnellement, il est notamment utilis\u00e9 pour le traitement des maladies de peau, des piq\u00fbres d&rsquo;insectes et la cicatrisation des plaies.<\/p>\n<p>Il nettoie et purifie \u00e9galement la peau, aide \u00e0 d\u00e9sobstruer les pores, traite l&rsquo;acn\u00e9, r\u00e9duit l&rsquo;ecz\u00e9ma et traite le psoriasis. Il garde la peau douce et saine gr\u00e2ce \u00e0 son hydratation et r\u00e9duit les cicatrices.<\/p>\n\t<div class=\"img has-hover x md-x lg-x y md-y lg-y\" id=\"image_1868768777\">\n\t\t\t\t\t\t\t\t<div class=\"img-inner dark\" >\n\t\t\t<img loading=\"lazy\" decoding=\"async\" width=\"1020\" height=\"663\" src=\"https:\/\/www.sinchisinchi.com\/wp-content\/uploads\/2025\/05\/1-Copaiba-Arbol-1024x666.jpeg\" class=\"attachment-large size-large\" alt=\"\" srcset=\"https:\/\/www.sinchisinchi.com\/wp-content\/uploads\/2025\/05\/1-Copaiba-Arbol-1024x666.jpeg 1024w, https:\/\/www.sinchisinchi.com\/wp-content\/uploads\/2025\/05\/1-Copaiba-Arbol-600x390.jpeg 600w, https:\/\/www.sinchisinchi.com\/wp-content\/uploads\/2025\/05\/1-Copaiba-Arbol-768x499.jpeg 768w, https:\/\/www.sinchisinchi.com\/wp-content\/uploads\/2025\/05\/1-Copaiba-Arbol-247x161.jpeg 247w, https:\/\/www.sinchisinchi.com\/wp-content\/uploads\/2025\/05\/1-Copaiba-Arbol-510x332.jpeg 510w, https:\/\/www.sinchisinchi.com\/wp-content\/uploads\/2025\/05\/1-Copaiba-Arbol.jpeg 1204w\" sizes=\"auto, (max-width: 1020px) 100vw, 1020px\" \/>\t\t\t\t\t\t\n\t\t\t\t\t<\/div>\n\t\t\t\t\t\t\t\t\n<style>\n#image_1868768777 {\n  width: 100%;\n}\n<\/style>\n\t<\/div>\n\t\n","protected":false},"excerpt":{"rendered":"<p>Le Rap\u00e9 Copa\u00edba est une vari\u00e9t\u00e9 puissante, traditionnellement utilis\u00e9e lors d&rsquo;occasions sp\u00e9ciales. Il contient des cendres du tronc du copa\u00edba (Copaifera langsdorffii), traditionnellement utilis\u00e9 pour purifier le corps, purifier et lib\u00e9rer les tensions.<\/p>\n<p>Avec son ar\u00f4me terreux, il procure un effet r\u00e9confortant et apaisant sur le corps et l&rsquo;esprit.<\/p>\n<p>Il \u00e9l\u00e8ve les vibrations, clarifie l&rsquo;esprit et favorise l&rsquo;harmonie et l&rsquo;\u00e9quilibre physique, mental et \u00e9motionnel, en agissant particuli\u00e8rement sur les chakras coronal et du c\u0153ur.<\/p>\n<p><strong>-Format\u00a0:<\/strong> Flacons de 10\u00a0ml (8 \u00e0 9\u00a0grammes).<\/p>\n<p><strong>-Utilisation\u00a0:<\/strong> Curiosit\u00e9 ethnobotanique.<\/p>\n","protected":false},"featured_media":27910,"template":"","meta":{"_joinchat":[]},"product_brand":[],"product_cat":[715],"product_tag":[],"class_list":{"0":"post-28219","1":"product","2":"type-product","3":"status-publish","4":"has-post-thumbnail","6":"product_cat-etiquette-verte","8":"first","9":"instock","10":"taxable","11":"shipping-taxable","12":"purchasable","13":"product-type-simple"},"yoast_head":"<!-- This site is optimized with the Yoast SEO plugin v27.4 - https:\/\/yoast.com\/product\/yoast-seo-wordpress\/ -->\n<title>Copa\u00edba Rap\u00e9 - SINCHI RAP\u00c9<\/title>\n<meta name=\"description\" content=\"Copa\u00edba Rap\u00e9 \u00e9l\u00e8ve la vibration, clarifie l&#039;esprit et favorise l&#039;\u00e9quilibre physique, mental et \u00e9motionnel, en travaillant sur les chakras de la couronne et du c\u0153ur.\" \/>\n<meta name=\"robots\" content=\"index, follow, max-snippet:-1, max-image-preview:large, max-video-preview:-1\" \/>\n<link rel=\"canonical\" href=\"https:\/\/www.sinchisinchi.com\/fr\/producto\/copaiba\/\" \/>\n<meta property=\"og:locale\" content=\"fr_FR\" \/>\n<meta property=\"og:type\" content=\"article\" \/>\n<meta property=\"og:title\" content=\"Copa\u00edba Rap\u00e9 - SINCHI RAP\u00c9\" \/>\n<meta property=\"og:description\" content=\"Copa\u00edba Rap\u00e9 \u00e9l\u00e8ve la vibration, clarifie l&#039;esprit et favorise l&#039;\u00e9quilibre physique, mental et \u00e9motionnel, en travaillant sur les chakras de la couronne et du c\u0153ur.\" \/>\n<meta property=\"og:url\" content=\"https:\/\/www.sinchisinchi.com\/fr\/producto\/copaiba\/\" \/>\n<meta property=\"og:site_name\" content=\"SINCHI RAP\u00c9\" \/>\n<meta property=\"article:publisher\" content=\"https:\/\/www.facebook.com\/sinchirape\/\" \/>\n<meta property=\"article:modified_time\" content=\"2026-01-13T07:51:12+00:00\" \/>\n<meta property=\"og:image\" content=\"https:\/\/www.sinchisinchi.com\/wp-content\/uploads\/2025\/05\/3-Copaiba.jpg\" \/>\n\t<meta property=\"og:image:width\" content=\"700\" \/>\n\t<meta property=\"og:image:height\" content=\"700\" \/>\n\t<meta property=\"og:image:type\" content=\"image\/jpeg\" \/>\n<meta name=\"twitter:card\" content=\"summary_large_image\" \/>\n<meta name=\"twitter:label1\" content=\"Dur\u00e9e de lecture estim\u00e9e\" \/>\n\t<meta name=\"twitter:data1\" content=\"3 minutes\" \/>\n<script type=\"application\/ld+json\" class=\"yoast-schema-graph\">{\"@context\":\"https:\\\/\\\/schema.org\",\"@graph\":[{\"@type\":\"WebPage\",\"@id\":\"https:\\\/\\\/www.sinchisinchi.com\\\/fr\\\/producto\\\/copaiba\\\/\",\"url\":\"https:\\\/\\\/www.sinchisinchi.com\\\/fr\\\/producto\\\/copaiba\\\/\",\"name\":\"Copa\u00edba Rap\u00e9 - SINCHI RAP\u00c9\",\"isPartOf\":{\"@id\":\"https:\\\/\\\/www.sinchisinchi.com\\\/fr\\\/#website\"},\"primaryImageOfPage\":{\"@id\":\"https:\\\/\\\/www.sinchisinchi.com\\\/fr\\\/producto\\\/copaiba\\\/#primaryimage\"},\"image\":{\"@id\":\"https:\\\/\\\/www.sinchisinchi.com\\\/fr\\\/producto\\\/copaiba\\\/#primaryimage\"},\"thumbnailUrl\":\"https:\\\/\\\/www.sinchisinchi.com\\\/wp-content\\\/uploads\\\/2025\\\/05\\\/3-Copaiba.jpg\",\"datePublished\":\"2025-05-30T12:12:36+00:00\",\"dateModified\":\"2026-01-13T07:51:12+00:00\",\"description\":\"Copa\u00edba Rap\u00e9 \u00e9l\u00e8ve la vibration, clarifie l'esprit et favorise l'\u00e9quilibre physique, mental et \u00e9motionnel, en travaillant sur les chakras de la couronne et du c\u0153ur.\",\"breadcrumb\":{\"@id\":\"https:\\\/\\\/www.sinchisinchi.com\\\/fr\\\/producto\\\/copaiba\\\/#breadcrumb\"},\"inLanguage\":\"fr-FR\",\"potentialAction\":[{\"@type\":\"ReadAction\",\"target\":[\"https:\\\/\\\/www.sinchisinchi.com\\\/fr\\\/producto\\\/copaiba\\\/\"]}]},{\"@type\":\"ImageObject\",\"inLanguage\":\"fr-FR\",\"@id\":\"https:\\\/\\\/www.sinchisinchi.com\\\/fr\\\/producto\\\/copaiba\\\/#primaryimage\",\"url\":\"https:\\\/\\\/www.sinchisinchi.com\\\/wp-content\\\/uploads\\\/2025\\\/05\\\/3-Copaiba.jpg\",\"contentUrl\":\"https:\\\/\\\/www.sinchisinchi.com\\\/wp-content\\\/uploads\\\/2025\\\/05\\\/3-Copaiba.jpg\",\"width\":700,\"height\":700},{\"@type\":\"BreadcrumbList\",\"@id\":\"https:\\\/\\\/www.sinchisinchi.com\\\/fr\\\/producto\\\/copaiba\\\/#breadcrumb\",\"itemListElement\":[{\"@type\":\"ListItem\",\"position\":1,\"name\":\"Prima pagina\",\"item\":\"https:\\\/\\\/www.sinchisinchi.com\\\/fr\\\/\"},{\"@type\":\"ListItem\",\"position\":2,\"name\":\"Produits\",\"item\":\"https:\\\/\\\/www.sinchisinchi.com\\\/fr\\\/shop\\\/\"},{\"@type\":\"ListItem\",\"position\":3,\"name\":\"Copa\u00edba\"}]},{\"@type\":\"WebSite\",\"@id\":\"https:\\\/\\\/www.sinchisinchi.com\\\/fr\\\/#website\",\"url\":\"https:\\\/\\\/www.sinchisinchi.com\\\/fr\\\/\",\"name\":\"SINCHI\",\"description\":\"Sinchi Medicine\",\"publisher\":{\"@id\":\"https:\\\/\\\/www.sinchisinchi.com\\\/fr\\\/#organization\"},\"potentialAction\":[{\"@type\":\"SearchAction\",\"target\":{\"@type\":\"EntryPoint\",\"urlTemplate\":\"https:\\\/\\\/www.sinchisinchi.com\\\/fr\\\/?s={search_term_string}\"},\"query-input\":{\"@type\":\"PropertyValueSpecification\",\"valueRequired\":true,\"valueName\":\"search_term_string\"}}],\"inLanguage\":\"fr-FR\"},{\"@type\":\"Organization\",\"@id\":\"https:\\\/\\\/www.sinchisinchi.com\\\/fr\\\/#organization\",\"name\":\"SINCHI S.L\",\"url\":\"https:\\\/\\\/www.sinchisinchi.com\\\/fr\\\/\",\"logo\":{\"@type\":\"ImageObject\",\"inLanguage\":\"fr-FR\",\"@id\":\"https:\\\/\\\/www.sinchisinchi.com\\\/fr\\\/#\\\/schema\\\/logo\\\/image\\\/\",\"url\":\"https:\\\/\\\/www.sinchisinchi.com\\\/wp-content\\\/uploads\\\/2026\\\/01\\\/3b-Verde-SIMPLIFICADO-HORIZONTAL-F-TRANSPARENTE-scaled.png\",\"contentUrl\":\"https:\\\/\\\/www.sinchisinchi.com\\\/wp-content\\\/uploads\\\/2026\\\/01\\\/3b-Verde-SIMPLIFICADO-HORIZONTAL-F-TRANSPARENTE-scaled.png\",\"width\":2560,\"height\":457,\"caption\":\"SINCHI S.L\"},\"image\":{\"@id\":\"https:\\\/\\\/www.sinchisinchi.com\\\/fr\\\/#\\\/schema\\\/logo\\\/image\\\/\"},\"sameAs\":[\"https:\\\/\\\/www.facebook.com\\\/sinchirape\\\/\",\"https:\\\/\\\/www.instagram.com\\\/sinchi_rape\\\/\"]}]}<\/script>\n<!-- \/ Yoast SEO plugin. -->","yoast_head_json":{"title":"Copa\u00edba Rap\u00e9 - SINCHI RAP\u00c9","description":"Copa\u00edba Rap\u00e9 \u00e9l\u00e8ve la vibration, clarifie l'esprit et favorise l'\u00e9quilibre physique, mental et \u00e9motionnel, en travaillant sur les chakras de la couronne et du c\u0153ur.","robots":{"index":"index","follow":"follow","max-snippet":"max-snippet:-1","max-image-preview":"max-image-preview:large","max-video-preview":"max-video-preview:-1"},"canonical":"https:\/\/www.sinchisinchi.com\/fr\/producto\/copaiba\/","og_locale":"fr_FR","og_type":"article","og_title":"Copa\u00edba Rap\u00e9 - SINCHI RAP\u00c9","og_description":"Copa\u00edba Rap\u00e9 \u00e9l\u00e8ve la vibration, clarifie l'esprit et favorise l'\u00e9quilibre physique, mental et \u00e9motionnel, en travaillant sur les chakras de la couronne et du c\u0153ur.","og_url":"https:\/\/www.sinchisinchi.com\/fr\/producto\/copaiba\/","og_site_name":"SINCHI RAP\u00c9","article_publisher":"https:\/\/www.facebook.com\/sinchirape\/","article_modified_time":"2026-01-13T07:51:12+00:00","og_image":[{"width":700,"height":700,"url":"https:\/\/www.sinchisinchi.com\/wp-content\/uploads\/2025\/05\/3-Copaiba.jpg","type":"image\/jpeg"}],"twitter_card":"summary_large_image","twitter_misc":{"Dur\u00e9e de lecture estim\u00e9e":"3 minutes"},"schema":{"@context":"https:\/\/schema.org","@graph":[{"@type":"WebPage","@id":"https:\/\/www.sinchisinchi.com\/fr\/producto\/copaiba\/","url":"https:\/\/www.sinchisinchi.com\/fr\/producto\/copaiba\/","name":"Copa\u00edba Rap\u00e9 - SINCHI RAP\u00c9","isPartOf":{"@id":"https:\/\/www.sinchisinchi.com\/fr\/#website"},"primaryImageOfPage":{"@id":"https:\/\/www.sinchisinchi.com\/fr\/producto\/copaiba\/#primaryimage"},"image":{"@id":"https:\/\/www.sinchisinchi.com\/fr\/producto\/copaiba\/#primaryimage"},"thumbnailUrl":"https:\/\/www.sinchisinchi.com\/wp-content\/uploads\/2025\/05\/3-Copaiba.jpg","datePublished":"2025-05-30T12:12:36+00:00","dateModified":"2026-01-13T07:51:12+00:00","description":"Copa\u00edba Rap\u00e9 \u00e9l\u00e8ve la vibration, clarifie l'esprit et favorise l'\u00e9quilibre physique, mental et \u00e9motionnel, en travaillant sur les chakras de la couronne et du c\u0153ur.","breadcrumb":{"@id":"https:\/\/www.sinchisinchi.com\/fr\/producto\/copaiba\/#breadcrumb"},"inLanguage":"fr-FR","potentialAction":[{"@type":"ReadAction","target":["https:\/\/www.sinchisinchi.com\/fr\/producto\/copaiba\/"]}]},{"@type":"ImageObject","inLanguage":"fr-FR","@id":"https:\/\/www.sinchisinchi.com\/fr\/producto\/copaiba\/#primaryimage","url":"https:\/\/www.sinchisinchi.com\/wp-content\/uploads\/2025\/05\/3-Copaiba.jpg","contentUrl":"https:\/\/www.sinchisinchi.com\/wp-content\/uploads\/2025\/05\/3-Copaiba.jpg","width":700,"height":700},{"@type":"BreadcrumbList","@id":"https:\/\/www.sinchisinchi.com\/fr\/producto\/copaiba\/#breadcrumb","itemListElement":[{"@type":"ListItem","position":1,"name":"Prima pagina","item":"https:\/\/www.sinchisinchi.com\/fr\/"},{"@type":"ListItem","position":2,"name":"Produits","item":"https:\/\/www.sinchisinchi.com\/fr\/shop\/"},{"@type":"ListItem","position":3,"name":"Copa\u00edba"}]},{"@type":"WebSite","@id":"https:\/\/www.sinchisinchi.com\/fr\/#website","url":"https:\/\/www.sinchisinchi.com\/fr\/","name":"SINCHI","description":"Sinchi Medicine","publisher":{"@id":"https:\/\/www.sinchisinchi.com\/fr\/#organization"},"potentialAction":[{"@type":"SearchAction","target":{"@type":"EntryPoint","urlTemplate":"https:\/\/www.sinchisinchi.com\/fr\/?s={search_term_string}"},"query-input":{"@type":"PropertyValueSpecification","valueRequired":true,"valueName":"search_term_string"}}],"inLanguage":"fr-FR"},{"@type":"Organization","@id":"https:\/\/www.sinchisinchi.com\/fr\/#organization","name":"SINCHI S.L","url":"https:\/\/www.sinchisinchi.com\/fr\/","logo":{"@type":"ImageObject","inLanguage":"fr-FR","@id":"https:\/\/www.sinchisinchi.com\/fr\/#\/schema\/logo\/image\/","url":"https:\/\/www.sinchisinchi.com\/wp-content\/uploads\/2026\/01\/3b-Verde-SIMPLIFICADO-HORIZONTAL-F-TRANSPARENTE-scaled.png","contentUrl":"https:\/\/www.sinchisinchi.com\/wp-content\/uploads\/2026\/01\/3b-Verde-SIMPLIFICADO-HORIZONTAL-F-TRANSPARENTE-scaled.png","width":2560,"height":457,"caption":"SINCHI S.L"},"image":{"@id":"https:\/\/www.sinchisinchi.com\/fr\/#\/schema\/logo\/image\/"},"sameAs":["https:\/\/www.facebook.com\/sinchirape\/","https:\/\/www.instagram.com\/sinchi_rape\/"]}]}},"_links":{"self":[{"href":"https:\/\/www.sinchisinchi.com\/fr\/wp-json\/wp\/v2\/product\/28219","targetHints":{"allow":["GET"]}}],"collection":[{"href":"https:\/\/www.sinchisinchi.com\/fr\/wp-json\/wp\/v2\/product"}],"about":[{"href":"https:\/\/www.sinchisinchi.com\/fr\/wp-json\/wp\/v2\/types\/product"}],"wp:featuredmedia":[{"embeddable":true,"href":"https:\/\/www.sinchisinchi.com\/fr\/wp-json\/wp\/v2\/media\/27910"}],"wp:attachment":[{"href":"https:\/\/www.sinchisinchi.com\/fr\/wp-json\/wp\/v2\/media?parent=28219"}],"wp:term":[{"taxonomy":"product_brand","embeddable":true,"href":"https:\/\/www.sinchisinchi.com\/fr\/wp-json\/wp\/v2\/product_brand?post=28219"},{"taxonomy":"product_cat","embeddable":true,"href":"https:\/\/www.sinchisinchi.com\/fr\/wp-json\/wp\/v2\/product_cat?post=28219"},{"taxonomy":"product_tag","embeddable":true,"href":"https:\/\/www.sinchisinchi.com\/fr\/wp-json\/wp\/v2\/product_tag?post=28219"}],"curies":[{"name":"wp","href":"https:\/\/api.w.org\/{rel}","templated":true}]}}