{"id":29013,"date":"2025-10-19T19:46:55","date_gmt":"2025-10-19T19:46:55","guid":{"rendered":"https:\/\/www.sinchisinchi.com\/producto\/kuripe-en-bois-de-tamarin\/"},"modified":"2025-11-08T02:11:24","modified_gmt":"2025-11-08T02:11:24","slug":"kuripe-en-bois-de-tamarin","status":"publish","type":"product","link":"https:\/\/www.sinchisinchi.com\/fr\/producto\/kuripe-en-bois-de-tamarin\/","title":{"rendered":"Kurip\u00e9 en bois de tamarin"},"content":{"rendered":"","protected":false},"excerpt":{"rendered":"<p>Le Kurip\u00e9 est taill\u00e9 dans une seule pi\u00e8ce de bois de tamarinier, avec des finitions soign\u00e9es et des dimensions et angles id\u00e9aux pour un alignement harmonieux, permettant une utilisation confortable et fluide.<\/p>\n<p>Le Kurip\u00e9 est un outil sacr\u00e9, un objet de pouvoir qui permet de se connecter \u00e0 l&rsquo;esprit de Rap\u00e9.<\/p>\n","protected":false},"featured_media":28840,"template":"","meta":{"_joinchat":[]},"product_brand":[],"product_cat":[703],"product_tag":[],"class_list":{"0":"post-29013","1":"product","2":"type-product","3":"status-publish","4":"has-post-thumbnail","6":"product_cat-projecteurs","8":"first","9":"instock","10":"taxable","11":"shipping-taxable","12":"purchasable","13":"product-type-simple"},"yoast_head":"<!-- This site is optimized with the Yoast SEO plugin v27.4 - https:\/\/yoast.com\/product\/yoast-seo-wordpress\/ -->\n<title>Kurip\u00e9 en bois de Tamarin - SINCHI RAP\u00c9<\/title>\n<meta name=\"description\" content=\"Kurip\u00e9 fabriqu\u00e9 \u00e0 partir d&#039;une seule pi\u00e8ce de bois de tamarinier, avec des finitions soign\u00e9es et des dimensions et angles id\u00e9aux pour un alignement harmonieux.\" \/>\n<meta name=\"robots\" content=\"index, follow, max-snippet:-1, max-image-preview:large, max-video-preview:-1\" \/>\n<link rel=\"canonical\" href=\"https:\/\/www.sinchisinchi.com\/fr\/producto\/kuripe-en-bois-de-tamarin\/\" \/>\n<meta property=\"og:locale\" content=\"fr_FR\" \/>\n<meta property=\"og:type\" content=\"article\" \/>\n<meta property=\"og:title\" content=\"Kurip\u00e9 en bois de Tamarin - SINCHI RAP\u00c9\" \/>\n<meta property=\"og:description\" content=\"Kurip\u00e9 fabriqu\u00e9 \u00e0 partir d&#039;une seule pi\u00e8ce de bois de tamarinier, avec des finitions soign\u00e9es et des dimensions et angles id\u00e9aux pour un alignement harmonieux.\" \/>\n<meta property=\"og:url\" content=\"https:\/\/www.sinchisinchi.com\/fr\/producto\/kuripe-en-bois-de-tamarin\/\" \/>\n<meta property=\"og:site_name\" content=\"SINCHI RAP\u00c9\" \/>\n<meta property=\"article:publisher\" content=\"https:\/\/www.facebook.com\/sinchirape\/\" \/>\n<meta property=\"article:modified_time\" content=\"2025-11-08T02:11:24+00:00\" \/>\n<meta property=\"og:image\" content=\"https:\/\/www.sinchisinchi.com\/wp-content\/uploads\/2025\/10\/Kuripe-Tamarindo-1.jpg\" \/>\n\t<meta property=\"og:image:width\" content=\"650\" \/>\n\t<meta property=\"og:image:height\" content=\"550\" \/>\n\t<meta property=\"og:image:type\" content=\"image\/jpeg\" \/>\n<meta name=\"twitter:card\" content=\"summary_large_image\" \/>\n<script type=\"application\/ld+json\" class=\"yoast-schema-graph\">{\"@context\":\"https:\\\/\\\/schema.org\",\"@graph\":[{\"@type\":\"WebPage\",\"@id\":\"https:\\\/\\\/www.sinchisinchi.com\\\/fr\\\/producto\\\/kuripe-en-bois-de-tamarin\\\/\",\"url\":\"https:\\\/\\\/www.sinchisinchi.com\\\/fr\\\/producto\\\/kuripe-en-bois-de-tamarin\\\/\",\"name\":\"Kurip\u00e9 en bois de Tamarin - SINCHI RAP\u00c9\",\"isPartOf\":{\"@id\":\"https:\\\/\\\/www.sinchisinchi.com\\\/fr\\\/#website\"},\"primaryImageOfPage\":{\"@id\":\"https:\\\/\\\/www.sinchisinchi.com\\\/fr\\\/producto\\\/kuripe-en-bois-de-tamarin\\\/#primaryimage\"},\"image\":{\"@id\":\"https:\\\/\\\/www.sinchisinchi.com\\\/fr\\\/producto\\\/kuripe-en-bois-de-tamarin\\\/#primaryimage\"},\"thumbnailUrl\":\"https:\\\/\\\/www.sinchisinchi.com\\\/wp-content\\\/uploads\\\/2025\\\/10\\\/Kuripe-Tamarindo-1.jpg\",\"datePublished\":\"2025-10-19T19:46:55+00:00\",\"dateModified\":\"2025-11-08T02:11:24+00:00\",\"description\":\"Kurip\u00e9 fabriqu\u00e9 \u00e0 partir d'une seule pi\u00e8ce de bois de tamarinier, avec des finitions soign\u00e9es et des dimensions et angles id\u00e9aux pour un alignement harmonieux.\",\"breadcrumb\":{\"@id\":\"https:\\\/\\\/www.sinchisinchi.com\\\/fr\\\/producto\\\/kuripe-en-bois-de-tamarin\\\/#breadcrumb\"},\"inLanguage\":\"fr-FR\",\"potentialAction\":[{\"@type\":\"ReadAction\",\"target\":[\"https:\\\/\\\/www.sinchisinchi.com\\\/fr\\\/producto\\\/kuripe-en-bois-de-tamarin\\\/\"]}]},{\"@type\":\"ImageObject\",\"inLanguage\":\"fr-FR\",\"@id\":\"https:\\\/\\\/www.sinchisinchi.com\\\/fr\\\/producto\\\/kuripe-en-bois-de-tamarin\\\/#primaryimage\",\"url\":\"https:\\\/\\\/www.sinchisinchi.com\\\/wp-content\\\/uploads\\\/2025\\\/10\\\/Kuripe-Tamarindo-1.jpg\",\"contentUrl\":\"https:\\\/\\\/www.sinchisinchi.com\\\/wp-content\\\/uploads\\\/2025\\\/10\\\/Kuripe-Tamarindo-1.jpg\",\"width\":650,\"height\":550},{\"@type\":\"BreadcrumbList\",\"@id\":\"https:\\\/\\\/www.sinchisinchi.com\\\/fr\\\/producto\\\/kuripe-en-bois-de-tamarin\\\/#breadcrumb\",\"itemListElement\":[{\"@type\":\"ListItem\",\"position\":1,\"name\":\"Prima pagina\",\"item\":\"https:\\\/\\\/www.sinchisinchi.com\\\/fr\\\/\"},{\"@type\":\"ListItem\",\"position\":2,\"name\":\"Produits\",\"item\":\"https:\\\/\\\/www.sinchisinchi.com\\\/fr\\\/shop\\\/\"},{\"@type\":\"ListItem\",\"position\":3,\"name\":\"Kurip\u00e9 en bois de tamarin\"}]},{\"@type\":\"WebSite\",\"@id\":\"https:\\\/\\\/www.sinchisinchi.com\\\/fr\\\/#website\",\"url\":\"https:\\\/\\\/www.sinchisinchi.com\\\/fr\\\/\",\"name\":\"SINCHI\",\"description\":\"Sinchi Medicine\",\"publisher\":{\"@id\":\"https:\\\/\\\/www.sinchisinchi.com\\\/fr\\\/#organization\"},\"potentialAction\":[{\"@type\":\"SearchAction\",\"target\":{\"@type\":\"EntryPoint\",\"urlTemplate\":\"https:\\\/\\\/www.sinchisinchi.com\\\/fr\\\/?s={search_term_string}\"},\"query-input\":{\"@type\":\"PropertyValueSpecification\",\"valueRequired\":true,\"valueName\":\"search_term_string\"}}],\"inLanguage\":\"fr-FR\"},{\"@type\":\"Organization\",\"@id\":\"https:\\\/\\\/www.sinchisinchi.com\\\/fr\\\/#organization\",\"name\":\"SINCHI S.L\",\"url\":\"https:\\\/\\\/www.sinchisinchi.com\\\/fr\\\/\",\"logo\":{\"@type\":\"ImageObject\",\"inLanguage\":\"fr-FR\",\"@id\":\"https:\\\/\\\/www.sinchisinchi.com\\\/fr\\\/#\\\/schema\\\/logo\\\/image\\\/\",\"url\":\"https:\\\/\\\/www.sinchisinchi.com\\\/wp-content\\\/uploads\\\/2026\\\/01\\\/3b-Verde-SIMPLIFICADO-HORIZONTAL-F-TRANSPARENTE-scaled.png\",\"contentUrl\":\"https:\\\/\\\/www.sinchisinchi.com\\\/wp-content\\\/uploads\\\/2026\\\/01\\\/3b-Verde-SIMPLIFICADO-HORIZONTAL-F-TRANSPARENTE-scaled.png\",\"width\":2560,\"height\":457,\"caption\":\"SINCHI S.L\"},\"image\":{\"@id\":\"https:\\\/\\\/www.sinchisinchi.com\\\/fr\\\/#\\\/schema\\\/logo\\\/image\\\/\"},\"sameAs\":[\"https:\\\/\\\/www.facebook.com\\\/sinchirape\\\/\",\"https:\\\/\\\/www.instagram.com\\\/sinchi_rape\\\/\"]}]}<\/script>\n<!-- \/ Yoast SEO plugin. -->","yoast_head_json":{"title":"Kurip\u00e9 en bois de Tamarin - SINCHI RAP\u00c9","description":"Kurip\u00e9 fabriqu\u00e9 \u00e0 partir d'une seule pi\u00e8ce de bois de tamarinier, avec des finitions soign\u00e9es et des dimensions et angles id\u00e9aux pour un alignement harmonieux.","robots":{"index":"index","follow":"follow","max-snippet":"max-snippet:-1","max-image-preview":"max-image-preview:large","max-video-preview":"max-video-preview:-1"},"canonical":"https:\/\/www.sinchisinchi.com\/fr\/producto\/kuripe-en-bois-de-tamarin\/","og_locale":"fr_FR","og_type":"article","og_title":"Kurip\u00e9 en bois de Tamarin - SINCHI RAP\u00c9","og_description":"Kurip\u00e9 fabriqu\u00e9 \u00e0 partir d'une seule pi\u00e8ce de bois de tamarinier, avec des finitions soign\u00e9es et des dimensions et angles id\u00e9aux pour un alignement harmonieux.","og_url":"https:\/\/www.sinchisinchi.com\/fr\/producto\/kuripe-en-bois-de-tamarin\/","og_site_name":"SINCHI RAP\u00c9","article_publisher":"https:\/\/www.facebook.com\/sinchirape\/","article_modified_time":"2025-11-08T02:11:24+00:00","og_image":[{"width":650,"height":550,"url":"https:\/\/www.sinchisinchi.com\/wp-content\/uploads\/2025\/10\/Kuripe-Tamarindo-1.jpg","type":"image\/jpeg"}],"twitter_card":"summary_large_image","schema":{"@context":"https:\/\/schema.org","@graph":[{"@type":"WebPage","@id":"https:\/\/www.sinchisinchi.com\/fr\/producto\/kuripe-en-bois-de-tamarin\/","url":"https:\/\/www.sinchisinchi.com\/fr\/producto\/kuripe-en-bois-de-tamarin\/","name":"Kurip\u00e9 en bois de Tamarin - SINCHI RAP\u00c9","isPartOf":{"@id":"https:\/\/www.sinchisinchi.com\/fr\/#website"},"primaryImageOfPage":{"@id":"https:\/\/www.sinchisinchi.com\/fr\/producto\/kuripe-en-bois-de-tamarin\/#primaryimage"},"image":{"@id":"https:\/\/www.sinchisinchi.com\/fr\/producto\/kuripe-en-bois-de-tamarin\/#primaryimage"},"thumbnailUrl":"https:\/\/www.sinchisinchi.com\/wp-content\/uploads\/2025\/10\/Kuripe-Tamarindo-1.jpg","datePublished":"2025-10-19T19:46:55+00:00","dateModified":"2025-11-08T02:11:24+00:00","description":"Kurip\u00e9 fabriqu\u00e9 \u00e0 partir d'une seule pi\u00e8ce de bois de tamarinier, avec des finitions soign\u00e9es et des dimensions et angles id\u00e9aux pour un alignement harmonieux.","breadcrumb":{"@id":"https:\/\/www.sinchisinchi.com\/fr\/producto\/kuripe-en-bois-de-tamarin\/#breadcrumb"},"inLanguage":"fr-FR","potentialAction":[{"@type":"ReadAction","target":["https:\/\/www.sinchisinchi.com\/fr\/producto\/kuripe-en-bois-de-tamarin\/"]}]},{"@type":"ImageObject","inLanguage":"fr-FR","@id":"https:\/\/www.sinchisinchi.com\/fr\/producto\/kuripe-en-bois-de-tamarin\/#primaryimage","url":"https:\/\/www.sinchisinchi.com\/wp-content\/uploads\/2025\/10\/Kuripe-Tamarindo-1.jpg","contentUrl":"https:\/\/www.sinchisinchi.com\/wp-content\/uploads\/2025\/10\/Kuripe-Tamarindo-1.jpg","width":650,"height":550},{"@type":"BreadcrumbList","@id":"https:\/\/www.sinchisinchi.com\/fr\/producto\/kuripe-en-bois-de-tamarin\/#breadcrumb","itemListElement":[{"@type":"ListItem","position":1,"name":"Prima pagina","item":"https:\/\/www.sinchisinchi.com\/fr\/"},{"@type":"ListItem","position":2,"name":"Produits","item":"https:\/\/www.sinchisinchi.com\/fr\/shop\/"},{"@type":"ListItem","position":3,"name":"Kurip\u00e9 en bois de tamarin"}]},{"@type":"WebSite","@id":"https:\/\/www.sinchisinchi.com\/fr\/#website","url":"https:\/\/www.sinchisinchi.com\/fr\/","name":"SINCHI","description":"Sinchi Medicine","publisher":{"@id":"https:\/\/www.sinchisinchi.com\/fr\/#organization"},"potentialAction":[{"@type":"SearchAction","target":{"@type":"EntryPoint","urlTemplate":"https:\/\/www.sinchisinchi.com\/fr\/?s={search_term_string}"},"query-input":{"@type":"PropertyValueSpecification","valueRequired":true,"valueName":"search_term_string"}}],"inLanguage":"fr-FR"},{"@type":"Organization","@id":"https:\/\/www.sinchisinchi.com\/fr\/#organization","name":"SINCHI S.L","url":"https:\/\/www.sinchisinchi.com\/fr\/","logo":{"@type":"ImageObject","inLanguage":"fr-FR","@id":"https:\/\/www.sinchisinchi.com\/fr\/#\/schema\/logo\/image\/","url":"https:\/\/www.sinchisinchi.com\/wp-content\/uploads\/2026\/01\/3b-Verde-SIMPLIFICADO-HORIZONTAL-F-TRANSPARENTE-scaled.png","contentUrl":"https:\/\/www.sinchisinchi.com\/wp-content\/uploads\/2026\/01\/3b-Verde-SIMPLIFICADO-HORIZONTAL-F-TRANSPARENTE-scaled.png","width":2560,"height":457,"caption":"SINCHI S.L"},"image":{"@id":"https:\/\/www.sinchisinchi.com\/fr\/#\/schema\/logo\/image\/"},"sameAs":["https:\/\/www.facebook.com\/sinchirape\/","https:\/\/www.instagram.com\/sinchi_rape\/"]}]}},"_links":{"self":[{"href":"https:\/\/www.sinchisinchi.com\/fr\/wp-json\/wp\/v2\/product\/29013","targetHints":{"allow":["GET"]}}],"collection":[{"href":"https:\/\/www.sinchisinchi.com\/fr\/wp-json\/wp\/v2\/product"}],"about":[{"href":"https:\/\/www.sinchisinchi.com\/fr\/wp-json\/wp\/v2\/types\/product"}],"wp:featuredmedia":[{"embeddable":true,"href":"https:\/\/www.sinchisinchi.com\/fr\/wp-json\/wp\/v2\/media\/28840"}],"wp:attachment":[{"href":"https:\/\/www.sinchisinchi.com\/fr\/wp-json\/wp\/v2\/media?parent=29013"}],"wp:term":[{"taxonomy":"product_brand","embeddable":true,"href":"https:\/\/www.sinchisinchi.com\/fr\/wp-json\/wp\/v2\/product_brand?post=29013"},{"taxonomy":"product_cat","embeddable":true,"href":"https:\/\/www.sinchisinchi.com\/fr\/wp-json\/wp\/v2\/product_cat?post=29013"},{"taxonomy":"product_tag","embeddable":true,"href":"https:\/\/www.sinchisinchi.com\/fr\/wp-json\/wp\/v2\/product_tag?post=29013"}],"curies":[{"name":"wp","href":"https:\/\/api.w.org\/{rel}","templated":true}]}}