{"id":29102,"date":"2025-05-30T12:57:15","date_gmt":"2025-05-30T12:57:15","guid":{"rendered":"https:\/\/www.sinchisinchi.com\/producto\/pau-pereira\/"},"modified":"2025-05-30T12:57:15","modified_gmt":"2025-05-30T12:57:15","slug":"pau-pereira","status":"publish","type":"product","link":"https:\/\/www.sinchisinchi.com\/fr\/producto\/pau-pereira\/","title":{"rendered":"Pau Pereira"},"content":{"rendered":"<h2 style=\"text-align: center;\">Arbre Pau Pereira<\/h2>\n<p>Le Pau Pereira est un arbre de taille moyenne originaire de la for\u00eat amazonienne. Extr\u00eamement amer, il pousse dans les zones non inond\u00e9es de la for\u00eat.<\/p>\n<p>Son tronc, aux nervures saillantes, pr\u00e9sente une couleur allant du brun clair au jaune\u00a0; ses branches produisent du latex.<\/p>\n<p>Ses feuilles sont duveteuses sur leur face inf\u00e9rieure et il porte de magnifiques fleurs blanches. Son fruit, en forme de corne, est jaune \u00e0 maturit\u00e9 et produit \u00e9galement du latex. Ses nombreuses graines sont blanches et plates.<\/p>\n<h3 style=\"text-align: center;\">Propri\u00e9t\u00e9s m\u00e9dicinales<\/h3>\n<p>L\u2019arbre Pau Pereira (Geissospermum vellosii), \u00e9galement appel\u00e9 \u00ab\u00a0Pau Pereira\u00a0\u00bb, est originaire de la for\u00eat amazonienne. En Am\u00e9rique du Sud, il est utilis\u00e9 en m\u00e9decine traditionnelle depuis des si\u00e8cles et fait partie int\u00e9grante du patrimoine culturel de la r\u00e9gion.<\/p>\n<p>Le Pau Pereira est consomm\u00e9 \u00e0 titre pr\u00e9ventif pour pr\u00e9server une bonne sant\u00e9. Ses propri\u00e9t\u00e9s proviennent de l&rsquo;\u00e9corce am\u00e8re de l&rsquo;arbre, utilis\u00e9e dans de nombreux rem\u00e8des traditionnels\u00a0:<\/p>\n<p>Pour traiter le paludisme, la perte d&rsquo;app\u00e9tit, l&rsquo;indigestion, les vertiges, la constipation, la fi\u00e8vre, et pour ses propri\u00e9t\u00e9s toniques, h\u00e9patoprotectrices et digestives. Elle poss\u00e8de \u00e9galement un puissant effet antiviral.<\/p>\n<p>L&rsquo;extrait de P\u00e3o Pereira est amer et est extrait de la partie interne de l&rsquo;\u00e9corce de l&rsquo;arbre.<\/p>\n<p>L&rsquo;alcalo\u00efde p\u00e9r\u00e9irine, d\u00e9couvert par le pharmacien br\u00e9silien Ezequiel Corr\u00eaa dos Santos, est le principal ingr\u00e9dient actif du P\u00e3o Pereira (Geissospermum vellosii), particuli\u00e8rement pr\u00e9sent dans son \u00e9corce.<\/p>\n<p>On y trouve \u00e9galement d&rsquo;autres alcalo\u00efdes\u00a0: la 11-m\u00e9thoxyg\u00e9issospermidine, la flavop\u00e9r\u00e9ririne, la g\u00e9issosr\u00e9ticulatine et la g\u00e9issospermiculatine.<\/p>\n<h3 style=\"text-align: center;\">Histoire r\u00e9cente<\/h3>\n<p>En 1848, Ezequiel Correa Dos Santos soutint sa th\u00e8se \u00e0 la Facult\u00e9 de m\u00e9decine de Rio de Janeiro, consid\u00e9r\u00e9e comme la premi\u00e8re monographie sur le Pau Pereira.<\/p>\n<p>En 1879, le \u00ab\u00a0Medical Times\u00a0\u00bb publia un article du Dr Torres Homem, professeur de m\u00e9decine clinique \u00e0 l\u2019Acad\u00e9mie de Rio de Janeiro, d\u00e9crivant la m\u00e9thode d\u2019extraction de l\u2019alcalo\u00efde p\u00e9r\u00e9irine et soulignant qu\u2019\u00ab\u00a0aucun m\u00e9decin au Br\u00e9sil n\u2019est rest\u00e9 insensible aux bons r\u00e9sultats obtenus avec cet extrait dans le traitement des fi\u00e8vres intermittentes\u00a0\u00bb.<\/p>\n<p>L\u2019\u00e9tude \u00ab\u00a0Rem\u00e8des contre le paludisme en Guyane fran\u00e7aise\u00a0: connaissances, comportements et pratiques\u00a0\u00bb, publi\u00e9e dans la revue Ethnopharmacology, conclut qu\u2019en Guyane fran\u00e7aise, un extrait alcoolique de Pau Pereira est consomm\u00e9 \u00e0 titre pr\u00e9ventif d\u00e8s l\u2019apparition des premiers sympt\u00f4mes de fi\u00e8vre.<\/p>\n<p>\u00ab\u00a0Il est surprenant de constater que le Geissospermum spp., l\u2019antipaludique le plus important et le plus connu d\u2019Amazonie, est rarement utilis\u00e9 \u00e0 des fins curatives, mais plus fr\u00e9quemment \u00e0 des fins pr\u00e9ventives.\u00bb<\/p>\n<h3 style=\"text-align: center;\">Action anticanc\u00e9reuse<\/h3>\n<p>Mirko Beljanski (1923-1998), docteur \u00e8s sciences et chercheur \u00e0 l&rsquo;Institut Pasteur \u00e0 Paris, fut le premier \u00e0 \u00e9tudier l&rsquo;action anticanc\u00e9reuse du Geissospermum vellosii, \u00e0 l&rsquo;aide d&rsquo;un extrait s\u00e9lectivement efficace contre les cellules canc\u00e9reuses et n&rsquo;affectant pas les cellules saines.<\/p>\n<p>En 1884, le \u00ab\u00a0Medical Times\u00a0\u00bb de Londres publia dans sa rubrique \u00ab\u00a0Notes, Queries and Answers\u00a0\u00bb un commentaire sign\u00e9 Richard G. Daunt (p.\u00a0443)\u00a0: \u00ab\u00a0L&rsquo;efficacit\u00e9 de la p\u00e9ri\u00e9rine est extraordinaire, et j&rsquo;ai souvent constat\u00e9 son succ\u00e8s apr\u00e8s l&rsquo;\u00e9chec de la quinine.\u00a0\u00bb<\/p>\n<p>En France, en 1884, le docteur Tibiri\u00e7a, de l&rsquo;Union m\u00e9dicale, \u00e9crivait dans le \u00ab\u00a0Journal des journaux\u00a0\u00bb\u00a0: \u00ab\u00a0La p\u00e9ri\u00e9rine est plus efficace que la quinine, dont elle double l&rsquo;action th\u00e9rapeutique, et pr\u00e9vient en m\u00eame temps les effets ind\u00e9sirables lors de l&rsquo;administration de fortes doses.\u00a0\u00bb<\/p>\n<p>Les extraits de P\u00e3o Pereira sont sans effets secondaires. En l&rsquo;absence de cellules canc\u00e9reuses auxquelles elles se lient, les mol\u00e9cules sont rapidement \u00e9limin\u00e9es, car elles ne se fixent que dans les cellules d\u00e9sordonn\u00e9es.<\/p>\n<p>Ces extraits peuvent donc \u00eatre utilis\u00e9s \u00e0 titre pr\u00e9ventif dans les \u00e9tats pr\u00e9canc\u00e9reux ou chez les personnes \u00e0 haut risque (familial, environnemental, etc.), ainsi qu&rsquo;en traitement d&rsquo;entretien pour les personnes r\u00e9cemment gu\u00e9ries.<\/p>\n<p>De m\u00eame, le fragment d&rsquo;ARN peut \u00eatre utilis\u00e9 pour pr\u00e9venir et r\u00e9parer les cassures et les anomalies chromosomiques induites par les examens utilisant des rayonnements ionisants (mammographie, scintigraphie gamma, radiographies, etc.).<\/p>\n<p>Par ailleurs, le Pau Pereira poss\u00e8de un puissant effet antiviral. L&rsquo;extrait de Pau Pereira inhibe la r\u00e9plication virale\u00a0; il inhibe \u00e0 la fois la transcriptase inverse et la polym\u00e9rase, enzymes essentielles \u00e0 la multiplication des virus, ce qui en fait un excellent agent antiviral \u00e0 large spectre.<\/p>\n","protected":false},"excerpt":{"rendered":"<p>Le Pau Pereira est un rap\u00e9 puissant, traditionnellement utilis\u00e9 par les tribus amazoniennes pour purifier et harmoniser les m\u00e9ridiens \u00e9nerg\u00e9tiques, apaiser l&rsquo;esprit, lib\u00e9rer les \u00e9nergies n\u00e9gatives, renforcer le travail spirituel et favoriser la pens\u00e9e positive.<\/p>\n<p>Bien que le Pau Pereira soit souvent confondu avec le tsunu en raison de noms vernaculaires r\u00e9gionaux, des tribus comme les Yawanaw\u00e1 reconnaissent le Pau Pereira pour ses propri\u00e9t\u00e9s uniques et appr\u00e9cient particuli\u00e8rement sa cendre pour ses puissantes vertus spirituelles et m\u00e9dicinales, qui recentrent et stabilisent.<\/p>\n<p><strong>-Conditionnement\u00a0:<\/strong> Flacons de 10\u00a0ml (8 \u00e0 9\u00a0grammes).<\/p>\n<p><strong>-Utilisation\u00a0:<\/strong> Par curiosit\u00e9 ethnobotanique.<\/p>\n","protected":false},"featured_media":27942,"template":"","meta":{"_joinchat":[]},"product_brand":[],"product_cat":[722],"product_tag":[],"class_list":{"0":"post-29102","1":"product","2":"type-product","3":"status-publish","4":"has-post-thumbnail","6":"product_cat-etiquette-rouge","8":"first","9":"instock","10":"taxable","11":"shipping-taxable","12":"purchasable","13":"product-type-simple"},"yoast_head":"<!-- This site is optimized with the Yoast SEO plugin v27.4 - https:\/\/yoast.com\/product\/yoast-seo-wordpress\/ -->\n<title>Amazonien Rap\u00e9 Pau Pereira - SINCHI<\/title>\n<meta name=\"description\" content=\"Le Pau Pereira est un rap\u00e9 puissant utilis\u00e9 par les tribus amazoniennes pour purifier et harmoniser les canaux \u00e9nerg\u00e9tiques, ainsi que pour apaiser l&#039;esprit.\" \/>\n<meta name=\"robots\" content=\"index, follow, max-snippet:-1, max-image-preview:large, max-video-preview:-1\" \/>\n<link rel=\"canonical\" href=\"https:\/\/www.sinchisinchi.com\/fr\/producto\/pau-pereira\/\" \/>\n<meta property=\"og:locale\" content=\"fr_FR\" \/>\n<meta property=\"og:type\" content=\"article\" \/>\n<meta property=\"og:title\" content=\"Amazonien Rap\u00e9 Pau Pereira - SINCHI\" \/>\n<meta property=\"og:description\" content=\"Le Pau Pereira est un rap\u00e9 puissant utilis\u00e9 par les tribus amazoniennes pour purifier et harmoniser les canaux \u00e9nerg\u00e9tiques, ainsi que pour apaiser l&#039;esprit.\" \/>\n<meta property=\"og:url\" content=\"https:\/\/www.sinchisinchi.com\/fr\/producto\/pau-pereira\/\" \/>\n<meta property=\"og:site_name\" content=\"SINCHI RAP\u00c9\" \/>\n<meta property=\"article:publisher\" content=\"https:\/\/www.facebook.com\/sinchirape\/\" \/>\n<meta property=\"og:image\" content=\"https:\/\/www.sinchisinchi.com\/wp-content\/uploads\/2025\/05\/5-Paupereira.jpg\" \/>\n\t<meta property=\"og:image:width\" content=\"700\" \/>\n\t<meta property=\"og:image:height\" content=\"700\" \/>\n\t<meta property=\"og:image:type\" content=\"image\/jpeg\" \/>\n<meta name=\"twitter:card\" content=\"summary_large_image\" \/>\n<meta name=\"twitter:label1\" content=\"Dur\u00e9e de lecture estim\u00e9e\" \/>\n\t<meta name=\"twitter:data1\" content=\"4 minutes\" \/>\n<script type=\"application\/ld+json\" class=\"yoast-schema-graph\">{\"@context\":\"https:\\\/\\\/schema.org\",\"@graph\":[{\"@type\":\"WebPage\",\"@id\":\"https:\\\/\\\/www.sinchisinchi.com\\\/fr\\\/producto\\\/pau-pereira\\\/\",\"url\":\"https:\\\/\\\/www.sinchisinchi.com\\\/fr\\\/producto\\\/pau-pereira\\\/\",\"name\":\"Amazonien Rap\u00e9 Pau Pereira - SINCHI\",\"isPartOf\":{\"@id\":\"https:\\\/\\\/www.sinchisinchi.com\\\/fr\\\/#website\"},\"primaryImageOfPage\":{\"@id\":\"https:\\\/\\\/www.sinchisinchi.com\\\/fr\\\/producto\\\/pau-pereira\\\/#primaryimage\"},\"image\":{\"@id\":\"https:\\\/\\\/www.sinchisinchi.com\\\/fr\\\/producto\\\/pau-pereira\\\/#primaryimage\"},\"thumbnailUrl\":\"https:\\\/\\\/www.sinchisinchi.com\\\/wp-content\\\/uploads\\\/2025\\\/05\\\/5-Paupereira.jpg\",\"datePublished\":\"2025-05-30T12:57:15+00:00\",\"description\":\"Le Pau Pereira est un rap\u00e9 puissant utilis\u00e9 par les tribus amazoniennes pour purifier et harmoniser les canaux \u00e9nerg\u00e9tiques, ainsi que pour apaiser l'esprit.\",\"breadcrumb\":{\"@id\":\"https:\\\/\\\/www.sinchisinchi.com\\\/fr\\\/producto\\\/pau-pereira\\\/#breadcrumb\"},\"inLanguage\":\"fr-FR\",\"potentialAction\":[{\"@type\":\"ReadAction\",\"target\":[\"https:\\\/\\\/www.sinchisinchi.com\\\/fr\\\/producto\\\/pau-pereira\\\/\"]}]},{\"@type\":\"ImageObject\",\"inLanguage\":\"fr-FR\",\"@id\":\"https:\\\/\\\/www.sinchisinchi.com\\\/fr\\\/producto\\\/pau-pereira\\\/#primaryimage\",\"url\":\"https:\\\/\\\/www.sinchisinchi.com\\\/wp-content\\\/uploads\\\/2025\\\/05\\\/5-Paupereira.jpg\",\"contentUrl\":\"https:\\\/\\\/www.sinchisinchi.com\\\/wp-content\\\/uploads\\\/2025\\\/05\\\/5-Paupereira.jpg\",\"width\":700,\"height\":700},{\"@type\":\"BreadcrumbList\",\"@id\":\"https:\\\/\\\/www.sinchisinchi.com\\\/fr\\\/producto\\\/pau-pereira\\\/#breadcrumb\",\"itemListElement\":[{\"@type\":\"ListItem\",\"position\":1,\"name\":\"Prima pagina\",\"item\":\"https:\\\/\\\/www.sinchisinchi.com\\\/fr\\\/\"},{\"@type\":\"ListItem\",\"position\":2,\"name\":\"Produits\",\"item\":\"https:\\\/\\\/www.sinchisinchi.com\\\/fr\\\/shop\\\/\"},{\"@type\":\"ListItem\",\"position\":3,\"name\":\"Pau Pereira\"}]},{\"@type\":\"WebSite\",\"@id\":\"https:\\\/\\\/www.sinchisinchi.com\\\/fr\\\/#website\",\"url\":\"https:\\\/\\\/www.sinchisinchi.com\\\/fr\\\/\",\"name\":\"SINCHI\",\"description\":\"Sinchi Medicine\",\"publisher\":{\"@id\":\"https:\\\/\\\/www.sinchisinchi.com\\\/fr\\\/#organization\"},\"potentialAction\":[{\"@type\":\"SearchAction\",\"target\":{\"@type\":\"EntryPoint\",\"urlTemplate\":\"https:\\\/\\\/www.sinchisinchi.com\\\/fr\\\/?s={search_term_string}\"},\"query-input\":{\"@type\":\"PropertyValueSpecification\",\"valueRequired\":true,\"valueName\":\"search_term_string\"}}],\"inLanguage\":\"fr-FR\"},{\"@type\":\"Organization\",\"@id\":\"https:\\\/\\\/www.sinchisinchi.com\\\/fr\\\/#organization\",\"name\":\"SINCHI S.L\",\"url\":\"https:\\\/\\\/www.sinchisinchi.com\\\/fr\\\/\",\"logo\":{\"@type\":\"ImageObject\",\"inLanguage\":\"fr-FR\",\"@id\":\"https:\\\/\\\/www.sinchisinchi.com\\\/fr\\\/#\\\/schema\\\/logo\\\/image\\\/\",\"url\":\"https:\\\/\\\/www.sinchisinchi.com\\\/wp-content\\\/uploads\\\/2026\\\/01\\\/3b-Verde-SIMPLIFICADO-HORIZONTAL-F-TRANSPARENTE-scaled.png\",\"contentUrl\":\"https:\\\/\\\/www.sinchisinchi.com\\\/wp-content\\\/uploads\\\/2026\\\/01\\\/3b-Verde-SIMPLIFICADO-HORIZONTAL-F-TRANSPARENTE-scaled.png\",\"width\":2560,\"height\":457,\"caption\":\"SINCHI S.L\"},\"image\":{\"@id\":\"https:\\\/\\\/www.sinchisinchi.com\\\/fr\\\/#\\\/schema\\\/logo\\\/image\\\/\"},\"sameAs\":[\"https:\\\/\\\/www.facebook.com\\\/sinchirape\\\/\",\"https:\\\/\\\/www.instagram.com\\\/sinchi_rape\\\/\"]}]}<\/script>\n<!-- \/ Yoast SEO plugin. -->","yoast_head_json":{"title":"Amazonien Rap\u00e9 Pau Pereira - SINCHI","description":"Le Pau Pereira est un rap\u00e9 puissant utilis\u00e9 par les tribus amazoniennes pour purifier et harmoniser les canaux \u00e9nerg\u00e9tiques, ainsi que pour apaiser l'esprit.","robots":{"index":"index","follow":"follow","max-snippet":"max-snippet:-1","max-image-preview":"max-image-preview:large","max-video-preview":"max-video-preview:-1"},"canonical":"https:\/\/www.sinchisinchi.com\/fr\/producto\/pau-pereira\/","og_locale":"fr_FR","og_type":"article","og_title":"Amazonien Rap\u00e9 Pau Pereira - SINCHI","og_description":"Le Pau Pereira est un rap\u00e9 puissant utilis\u00e9 par les tribus amazoniennes pour purifier et harmoniser les canaux \u00e9nerg\u00e9tiques, ainsi que pour apaiser l'esprit.","og_url":"https:\/\/www.sinchisinchi.com\/fr\/producto\/pau-pereira\/","og_site_name":"SINCHI RAP\u00c9","article_publisher":"https:\/\/www.facebook.com\/sinchirape\/","og_image":[{"width":700,"height":700,"url":"https:\/\/www.sinchisinchi.com\/wp-content\/uploads\/2025\/05\/5-Paupereira.jpg","type":"image\/jpeg"}],"twitter_card":"summary_large_image","twitter_misc":{"Dur\u00e9e de lecture estim\u00e9e":"4 minutes"},"schema":{"@context":"https:\/\/schema.org","@graph":[{"@type":"WebPage","@id":"https:\/\/www.sinchisinchi.com\/fr\/producto\/pau-pereira\/","url":"https:\/\/www.sinchisinchi.com\/fr\/producto\/pau-pereira\/","name":"Amazonien Rap\u00e9 Pau Pereira - SINCHI","isPartOf":{"@id":"https:\/\/www.sinchisinchi.com\/fr\/#website"},"primaryImageOfPage":{"@id":"https:\/\/www.sinchisinchi.com\/fr\/producto\/pau-pereira\/#primaryimage"},"image":{"@id":"https:\/\/www.sinchisinchi.com\/fr\/producto\/pau-pereira\/#primaryimage"},"thumbnailUrl":"https:\/\/www.sinchisinchi.com\/wp-content\/uploads\/2025\/05\/5-Paupereira.jpg","datePublished":"2025-05-30T12:57:15+00:00","description":"Le Pau Pereira est un rap\u00e9 puissant utilis\u00e9 par les tribus amazoniennes pour purifier et harmoniser les canaux \u00e9nerg\u00e9tiques, ainsi que pour apaiser l'esprit.","breadcrumb":{"@id":"https:\/\/www.sinchisinchi.com\/fr\/producto\/pau-pereira\/#breadcrumb"},"inLanguage":"fr-FR","potentialAction":[{"@type":"ReadAction","target":["https:\/\/www.sinchisinchi.com\/fr\/producto\/pau-pereira\/"]}]},{"@type":"ImageObject","inLanguage":"fr-FR","@id":"https:\/\/www.sinchisinchi.com\/fr\/producto\/pau-pereira\/#primaryimage","url":"https:\/\/www.sinchisinchi.com\/wp-content\/uploads\/2025\/05\/5-Paupereira.jpg","contentUrl":"https:\/\/www.sinchisinchi.com\/wp-content\/uploads\/2025\/05\/5-Paupereira.jpg","width":700,"height":700},{"@type":"BreadcrumbList","@id":"https:\/\/www.sinchisinchi.com\/fr\/producto\/pau-pereira\/#breadcrumb","itemListElement":[{"@type":"ListItem","position":1,"name":"Prima pagina","item":"https:\/\/www.sinchisinchi.com\/fr\/"},{"@type":"ListItem","position":2,"name":"Produits","item":"https:\/\/www.sinchisinchi.com\/fr\/shop\/"},{"@type":"ListItem","position":3,"name":"Pau Pereira"}]},{"@type":"WebSite","@id":"https:\/\/www.sinchisinchi.com\/fr\/#website","url":"https:\/\/www.sinchisinchi.com\/fr\/","name":"SINCHI","description":"Sinchi Medicine","publisher":{"@id":"https:\/\/www.sinchisinchi.com\/fr\/#organization"},"potentialAction":[{"@type":"SearchAction","target":{"@type":"EntryPoint","urlTemplate":"https:\/\/www.sinchisinchi.com\/fr\/?s={search_term_string}"},"query-input":{"@type":"PropertyValueSpecification","valueRequired":true,"valueName":"search_term_string"}}],"inLanguage":"fr-FR"},{"@type":"Organization","@id":"https:\/\/www.sinchisinchi.com\/fr\/#organization","name":"SINCHI S.L","url":"https:\/\/www.sinchisinchi.com\/fr\/","logo":{"@type":"ImageObject","inLanguage":"fr-FR","@id":"https:\/\/www.sinchisinchi.com\/fr\/#\/schema\/logo\/image\/","url":"https:\/\/www.sinchisinchi.com\/wp-content\/uploads\/2026\/01\/3b-Verde-SIMPLIFICADO-HORIZONTAL-F-TRANSPARENTE-scaled.png","contentUrl":"https:\/\/www.sinchisinchi.com\/wp-content\/uploads\/2026\/01\/3b-Verde-SIMPLIFICADO-HORIZONTAL-F-TRANSPARENTE-scaled.png","width":2560,"height":457,"caption":"SINCHI S.L"},"image":{"@id":"https:\/\/www.sinchisinchi.com\/fr\/#\/schema\/logo\/image\/"},"sameAs":["https:\/\/www.facebook.com\/sinchirape\/","https:\/\/www.instagram.com\/sinchi_rape\/"]}]}},"_links":{"self":[{"href":"https:\/\/www.sinchisinchi.com\/fr\/wp-json\/wp\/v2\/product\/29102","targetHints":{"allow":["GET"]}}],"collection":[{"href":"https:\/\/www.sinchisinchi.com\/fr\/wp-json\/wp\/v2\/product"}],"about":[{"href":"https:\/\/www.sinchisinchi.com\/fr\/wp-json\/wp\/v2\/types\/product"}],"wp:featuredmedia":[{"embeddable":true,"href":"https:\/\/www.sinchisinchi.com\/fr\/wp-json\/wp\/v2\/media\/27942"}],"wp:attachment":[{"href":"https:\/\/www.sinchisinchi.com\/fr\/wp-json\/wp\/v2\/media?parent=29102"}],"wp:term":[{"taxonomy":"product_brand","embeddable":true,"href":"https:\/\/www.sinchisinchi.com\/fr\/wp-json\/wp\/v2\/product_brand?post=29102"},{"taxonomy":"product_cat","embeddable":true,"href":"https:\/\/www.sinchisinchi.com\/fr\/wp-json\/wp\/v2\/product_cat?post=29102"},{"taxonomy":"product_tag","embeddable":true,"href":"https:\/\/www.sinchisinchi.com\/fr\/wp-json\/wp\/v2\/product_tag?post=29102"}],"curies":[{"name":"wp","href":"https:\/\/api.w.org\/{rel}","templated":true}]}}