{"id":29347,"date":"2025-10-25T01:42:06","date_gmt":"2025-10-25T01:42:06","guid":{"rendered":"https:\/\/www.sinchisinchi.com\/producto\/emburana\/"},"modified":"2025-10-25T01:42:06","modified_gmt":"2025-10-25T01:42:06","slug":"emburana","status":"publish","type":"product","link":"https:\/\/www.sinchisinchi.com\/fr\/producto\/emburana\/","title":{"rendered":"Emburana"},"content":{"rendered":"","protected":false},"excerpt":{"rendered":"<p>Cette vari\u00e9t\u00e9 puissante de rap\u00e9 contient des cendres d&rsquo;Amburana cearensis, un arbre indig\u00e8ne du Br\u00e9sil connu sous le nom d&#8217;emburana ou \u00ab\u00a0cumaru de cheiro\u00a0\u00bb.<\/p>\n<p>Le peuple Huni Kuin appr\u00e9cie l&#8217;emburana pour ses propri\u00e9t\u00e9s spirituelles, en tant que vecteur d&rsquo;\u00e9nergie protectrice et purificatrice. Ils utilisent le rap\u00e9 d&#8217;emburana lors de c\u00e9r\u00e9monies et au quotidien pour la purification mentale, \u00e9nerg\u00e9tique et physique.<\/p>\n<p>L&#8217;emburana est un rap\u00e9 tr\u00e8s puissant qui agit sur les chakras et les m\u00e9ridiens \u00e9nerg\u00e9tiques sup\u00e9rieurs\u00a0; il favorise la m\u00e9ditation, aiguise les sens et apporte clart\u00e9 mentale et concentration.<\/p>\n<h3 style=\"text-align: center;\">Propri\u00e9t\u00e9s m\u00e9dicinales<\/h3>\n<p>L&#8217;emburana est couramment utilis\u00e9 dans la m\u00e9decine traditionnelle amazonienne, o\u00f9 il est tr\u00e8s appr\u00e9ci\u00e9 pour ses puissantes propri\u00e9t\u00e9s anti-inflammatoires, antimicrobiennes et antifongiques.<\/p>\n<p>Il fortifie le corps et l&rsquo;esprit, procurant une purification et une gu\u00e9rison profondes. Il soulage les sympt\u00f4mes des affections respiratoires\u00a0; traditionnellement, son \u00e9corce est utilis\u00e9e en d\u00e9coction pour soulager la bronchite, l&rsquo;asthme et la toux.<\/p>\n<p>Il est \u00e9galement utilis\u00e9 pour soulager la douleur et l&rsquo;inflammation, notamment celles li\u00e9es aux rhumatismes et aux probl\u00e8mes dentaires.<\/p>\n<h3 style=\"text-align: right;\">L&#8217;emburana (Amburana cearensis)<\/h3>\n<p>L&#8217;emburana est originaire d&rsquo;Argentine, de Bolivie, du Br\u00e9sil, du Paraguay et du P\u00e9rou. Il est actuellement fortement menac\u00e9 par la destruction de son habitat. Appartenant \u00e0 la famille des Fabac\u00e9es, il comprend six esp\u00e8ces d\u00e9crites, dont seulement deux sont reconnues.<\/p>\n<p>C&rsquo;est un arbre \u00e0 feuilles caduques, mesurant de 15 \u00e0 25 m\u00e8tres de haut, pouvant parfois atteindre 35 m\u00e8tres. Son tronc est droit et son \u00e9corce lisse, brun orang\u00e9, se d\u00e9tache par \u00e9cailles.<\/p>\n<p>Sa cime est aplatie, avec un feuillage vert fonc\u00e9 et des fleurs group\u00e9es en grappes, aux p\u00e9tales ronds et blancs. Son fruit est une gousse dure, brun fonc\u00e9, contenant une graine ovo\u00efde et brune.<\/p>\n<p>Les graines d&#8217;emburana sont couramment utilis\u00e9es dans la pr\u00e9paration de boissons et d&rsquo;autres produits, auxquels elles conf\u00e8rent un agr\u00e9able ar\u00f4me vanill\u00e9.<\/p>\n","protected":false},"featured_media":27974,"template":"","meta":{"_joinchat":[]},"product_brand":[],"product_cat":[722],"product_tag":[],"class_list":{"0":"post-29347","1":"product","2":"type-product","3":"status-publish","4":"has-post-thumbnail","6":"product_cat-etiquette-rouge","8":"first","9":"instock","10":"taxable","11":"shipping-taxable","12":"purchasable","13":"product-type-simple"},"yoast_head":"<!-- This site is optimized with the Yoast SEO plugin v27.4 - https:\/\/yoast.com\/product\/yoast-seo-wordpress\/ -->\n<title>Rap\u00e9 amazonien Emburana - SINCHI RAP\u00c9<\/title>\n<meta name=\"description\" content=\"Cette vari\u00e9t\u00e9 puissante de tabac \u00e0 priser contient des cendres d&#039;Amburana cearensis, un arbre indig\u00e8ne du Br\u00e9sil connu sous le nom d&#039;emburana ou &quot;cumaru de cheiro&quot;.\" \/>\n<meta name=\"robots\" content=\"index, follow, max-snippet:-1, max-image-preview:large, max-video-preview:-1\" \/>\n<link rel=\"canonical\" href=\"https:\/\/www.sinchisinchi.com\/fr\/producto\/emburana\/\" \/>\n<meta property=\"og:locale\" content=\"fr_FR\" \/>\n<meta property=\"og:type\" content=\"article\" \/>\n<meta property=\"og:title\" content=\"Rap\u00e9 amazonien Emburana - SINCHI RAP\u00c9\" \/>\n<meta property=\"og:description\" content=\"Cette vari\u00e9t\u00e9 puissante de tabac \u00e0 priser contient des cendres d&#039;Amburana cearensis, un arbre indig\u00e8ne du Br\u00e9sil connu sous le nom d&#039;emburana ou &quot;cumaru de cheiro&quot;.\" \/>\n<meta property=\"og:url\" content=\"https:\/\/www.sinchisinchi.com\/fr\/producto\/emburana\/\" \/>\n<meta property=\"og:site_name\" content=\"SINCHI RAP\u00c9\" \/>\n<meta property=\"article:publisher\" content=\"https:\/\/www.facebook.com\/sinchirape\/\" \/>\n<meta property=\"og:image\" content=\"https:\/\/www.sinchisinchi.com\/wp-content\/uploads\/2025\/05\/7-Emburana.jpg\" \/>\n\t<meta property=\"og:image:width\" content=\"700\" \/>\n\t<meta property=\"og:image:height\" content=\"700\" \/>\n\t<meta property=\"og:image:type\" content=\"image\/jpeg\" \/>\n<meta name=\"twitter:card\" content=\"summary_large_image\" \/>\n<script type=\"application\/ld+json\" class=\"yoast-schema-graph\">{\"@context\":\"https:\\\/\\\/schema.org\",\"@graph\":[{\"@type\":\"WebPage\",\"@id\":\"https:\\\/\\\/www.sinchisinchi.com\\\/fr\\\/producto\\\/emburana\\\/\",\"url\":\"https:\\\/\\\/www.sinchisinchi.com\\\/fr\\\/producto\\\/emburana\\\/\",\"name\":\"Rap\u00e9 amazonien Emburana - SINCHI RAP\u00c9\",\"isPartOf\":{\"@id\":\"https:\\\/\\\/www.sinchisinchi.com\\\/fr\\\/#website\"},\"primaryImageOfPage\":{\"@id\":\"https:\\\/\\\/www.sinchisinchi.com\\\/fr\\\/producto\\\/emburana\\\/#primaryimage\"},\"image\":{\"@id\":\"https:\\\/\\\/www.sinchisinchi.com\\\/fr\\\/producto\\\/emburana\\\/#primaryimage\"},\"thumbnailUrl\":\"https:\\\/\\\/www.sinchisinchi.com\\\/wp-content\\\/uploads\\\/2025\\\/05\\\/7-Emburana.jpg\",\"datePublished\":\"2025-10-25T01:42:06+00:00\",\"description\":\"Cette vari\u00e9t\u00e9 puissante de tabac \u00e0 priser contient des cendres d'Amburana cearensis, un arbre indig\u00e8ne du Br\u00e9sil connu sous le nom d'emburana ou \\\"cumaru de cheiro\\\".\",\"breadcrumb\":{\"@id\":\"https:\\\/\\\/www.sinchisinchi.com\\\/fr\\\/producto\\\/emburana\\\/#breadcrumb\"},\"inLanguage\":\"fr-FR\",\"potentialAction\":[{\"@type\":\"ReadAction\",\"target\":[\"https:\\\/\\\/www.sinchisinchi.com\\\/fr\\\/producto\\\/emburana\\\/\"]}]},{\"@type\":\"ImageObject\",\"inLanguage\":\"fr-FR\",\"@id\":\"https:\\\/\\\/www.sinchisinchi.com\\\/fr\\\/producto\\\/emburana\\\/#primaryimage\",\"url\":\"https:\\\/\\\/www.sinchisinchi.com\\\/wp-content\\\/uploads\\\/2025\\\/05\\\/7-Emburana.jpg\",\"contentUrl\":\"https:\\\/\\\/www.sinchisinchi.com\\\/wp-content\\\/uploads\\\/2025\\\/05\\\/7-Emburana.jpg\",\"width\":700,\"height\":700},{\"@type\":\"BreadcrumbList\",\"@id\":\"https:\\\/\\\/www.sinchisinchi.com\\\/fr\\\/producto\\\/emburana\\\/#breadcrumb\",\"itemListElement\":[{\"@type\":\"ListItem\",\"position\":1,\"name\":\"Prima pagina\",\"item\":\"https:\\\/\\\/www.sinchisinchi.com\\\/fr\\\/\"},{\"@type\":\"ListItem\",\"position\":2,\"name\":\"Produits\",\"item\":\"https:\\\/\\\/www.sinchisinchi.com\\\/fr\\\/shop\\\/\"},{\"@type\":\"ListItem\",\"position\":3,\"name\":\"Emburana\"}]},{\"@type\":\"WebSite\",\"@id\":\"https:\\\/\\\/www.sinchisinchi.com\\\/fr\\\/#website\",\"url\":\"https:\\\/\\\/www.sinchisinchi.com\\\/fr\\\/\",\"name\":\"SINCHI\",\"description\":\"Sinchi Medicine\",\"publisher\":{\"@id\":\"https:\\\/\\\/www.sinchisinchi.com\\\/fr\\\/#organization\"},\"potentialAction\":[{\"@type\":\"SearchAction\",\"target\":{\"@type\":\"EntryPoint\",\"urlTemplate\":\"https:\\\/\\\/www.sinchisinchi.com\\\/fr\\\/?s={search_term_string}\"},\"query-input\":{\"@type\":\"PropertyValueSpecification\",\"valueRequired\":true,\"valueName\":\"search_term_string\"}}],\"inLanguage\":\"fr-FR\"},{\"@type\":\"Organization\",\"@id\":\"https:\\\/\\\/www.sinchisinchi.com\\\/fr\\\/#organization\",\"name\":\"SINCHI S.L\",\"url\":\"https:\\\/\\\/www.sinchisinchi.com\\\/fr\\\/\",\"logo\":{\"@type\":\"ImageObject\",\"inLanguage\":\"fr-FR\",\"@id\":\"https:\\\/\\\/www.sinchisinchi.com\\\/fr\\\/#\\\/schema\\\/logo\\\/image\\\/\",\"url\":\"https:\\\/\\\/www.sinchisinchi.com\\\/wp-content\\\/uploads\\\/2026\\\/01\\\/3b-Verde-SIMPLIFICADO-HORIZONTAL-F-TRANSPARENTE-scaled.png\",\"contentUrl\":\"https:\\\/\\\/www.sinchisinchi.com\\\/wp-content\\\/uploads\\\/2026\\\/01\\\/3b-Verde-SIMPLIFICADO-HORIZONTAL-F-TRANSPARENTE-scaled.png\",\"width\":2560,\"height\":457,\"caption\":\"SINCHI S.L\"},\"image\":{\"@id\":\"https:\\\/\\\/www.sinchisinchi.com\\\/fr\\\/#\\\/schema\\\/logo\\\/image\\\/\"},\"sameAs\":[\"https:\\\/\\\/www.facebook.com\\\/sinchirape\\\/\",\"https:\\\/\\\/www.instagram.com\\\/sinchi_rape\\\/\"]}]}<\/script>\n<!-- \/ Yoast SEO plugin. -->","yoast_head_json":{"title":"Rap\u00e9 amazonien Emburana - SINCHI RAP\u00c9","description":"Cette vari\u00e9t\u00e9 puissante de tabac \u00e0 priser contient des cendres d'Amburana cearensis, un arbre indig\u00e8ne du Br\u00e9sil connu sous le nom d'emburana ou \"cumaru de cheiro\".","robots":{"index":"index","follow":"follow","max-snippet":"max-snippet:-1","max-image-preview":"max-image-preview:large","max-video-preview":"max-video-preview:-1"},"canonical":"https:\/\/www.sinchisinchi.com\/fr\/producto\/emburana\/","og_locale":"fr_FR","og_type":"article","og_title":"Rap\u00e9 amazonien Emburana - SINCHI RAP\u00c9","og_description":"Cette vari\u00e9t\u00e9 puissante de tabac \u00e0 priser contient des cendres d'Amburana cearensis, un arbre indig\u00e8ne du Br\u00e9sil connu sous le nom d'emburana ou \"cumaru de cheiro\".","og_url":"https:\/\/www.sinchisinchi.com\/fr\/producto\/emburana\/","og_site_name":"SINCHI RAP\u00c9","article_publisher":"https:\/\/www.facebook.com\/sinchirape\/","og_image":[{"width":700,"height":700,"url":"https:\/\/www.sinchisinchi.com\/wp-content\/uploads\/2025\/05\/7-Emburana.jpg","type":"image\/jpeg"}],"twitter_card":"summary_large_image","schema":{"@context":"https:\/\/schema.org","@graph":[{"@type":"WebPage","@id":"https:\/\/www.sinchisinchi.com\/fr\/producto\/emburana\/","url":"https:\/\/www.sinchisinchi.com\/fr\/producto\/emburana\/","name":"Rap\u00e9 amazonien Emburana - SINCHI RAP\u00c9","isPartOf":{"@id":"https:\/\/www.sinchisinchi.com\/fr\/#website"},"primaryImageOfPage":{"@id":"https:\/\/www.sinchisinchi.com\/fr\/producto\/emburana\/#primaryimage"},"image":{"@id":"https:\/\/www.sinchisinchi.com\/fr\/producto\/emburana\/#primaryimage"},"thumbnailUrl":"https:\/\/www.sinchisinchi.com\/wp-content\/uploads\/2025\/05\/7-Emburana.jpg","datePublished":"2025-10-25T01:42:06+00:00","description":"Cette vari\u00e9t\u00e9 puissante de tabac \u00e0 priser contient des cendres d'Amburana cearensis, un arbre indig\u00e8ne du Br\u00e9sil connu sous le nom d'emburana ou \"cumaru de cheiro\".","breadcrumb":{"@id":"https:\/\/www.sinchisinchi.com\/fr\/producto\/emburana\/#breadcrumb"},"inLanguage":"fr-FR","potentialAction":[{"@type":"ReadAction","target":["https:\/\/www.sinchisinchi.com\/fr\/producto\/emburana\/"]}]},{"@type":"ImageObject","inLanguage":"fr-FR","@id":"https:\/\/www.sinchisinchi.com\/fr\/producto\/emburana\/#primaryimage","url":"https:\/\/www.sinchisinchi.com\/wp-content\/uploads\/2025\/05\/7-Emburana.jpg","contentUrl":"https:\/\/www.sinchisinchi.com\/wp-content\/uploads\/2025\/05\/7-Emburana.jpg","width":700,"height":700},{"@type":"BreadcrumbList","@id":"https:\/\/www.sinchisinchi.com\/fr\/producto\/emburana\/#breadcrumb","itemListElement":[{"@type":"ListItem","position":1,"name":"Prima pagina","item":"https:\/\/www.sinchisinchi.com\/fr\/"},{"@type":"ListItem","position":2,"name":"Produits","item":"https:\/\/www.sinchisinchi.com\/fr\/shop\/"},{"@type":"ListItem","position":3,"name":"Emburana"}]},{"@type":"WebSite","@id":"https:\/\/www.sinchisinchi.com\/fr\/#website","url":"https:\/\/www.sinchisinchi.com\/fr\/","name":"SINCHI","description":"Sinchi Medicine","publisher":{"@id":"https:\/\/www.sinchisinchi.com\/fr\/#organization"},"potentialAction":[{"@type":"SearchAction","target":{"@type":"EntryPoint","urlTemplate":"https:\/\/www.sinchisinchi.com\/fr\/?s={search_term_string}"},"query-input":{"@type":"PropertyValueSpecification","valueRequired":true,"valueName":"search_term_string"}}],"inLanguage":"fr-FR"},{"@type":"Organization","@id":"https:\/\/www.sinchisinchi.com\/fr\/#organization","name":"SINCHI S.L","url":"https:\/\/www.sinchisinchi.com\/fr\/","logo":{"@type":"ImageObject","inLanguage":"fr-FR","@id":"https:\/\/www.sinchisinchi.com\/fr\/#\/schema\/logo\/image\/","url":"https:\/\/www.sinchisinchi.com\/wp-content\/uploads\/2026\/01\/3b-Verde-SIMPLIFICADO-HORIZONTAL-F-TRANSPARENTE-scaled.png","contentUrl":"https:\/\/www.sinchisinchi.com\/wp-content\/uploads\/2026\/01\/3b-Verde-SIMPLIFICADO-HORIZONTAL-F-TRANSPARENTE-scaled.png","width":2560,"height":457,"caption":"SINCHI S.L"},"image":{"@id":"https:\/\/www.sinchisinchi.com\/fr\/#\/schema\/logo\/image\/"},"sameAs":["https:\/\/www.facebook.com\/sinchirape\/","https:\/\/www.instagram.com\/sinchi_rape\/"]}]}},"_links":{"self":[{"href":"https:\/\/www.sinchisinchi.com\/fr\/wp-json\/wp\/v2\/product\/29347","targetHints":{"allow":["GET"]}}],"collection":[{"href":"https:\/\/www.sinchisinchi.com\/fr\/wp-json\/wp\/v2\/product"}],"about":[{"href":"https:\/\/www.sinchisinchi.com\/fr\/wp-json\/wp\/v2\/types\/product"}],"wp:featuredmedia":[{"embeddable":true,"href":"https:\/\/www.sinchisinchi.com\/fr\/wp-json\/wp\/v2\/media\/27974"}],"wp:attachment":[{"href":"https:\/\/www.sinchisinchi.com\/fr\/wp-json\/wp\/v2\/media?parent=29347"}],"wp:term":[{"taxonomy":"product_brand","embeddable":true,"href":"https:\/\/www.sinchisinchi.com\/fr\/wp-json\/wp\/v2\/product_brand?post=29347"},{"taxonomy":"product_cat","embeddable":true,"href":"https:\/\/www.sinchisinchi.com\/fr\/wp-json\/wp\/v2\/product_cat?post=29347"},{"taxonomy":"product_tag","embeddable":true,"href":"https:\/\/www.sinchisinchi.com\/fr\/wp-json\/wp\/v2\/product_tag?post=29347"}],"curies":[{"name":"wp","href":"https:\/\/api.w.org\/{rel}","templated":true}]}}