{"id":15533,"date":"2024-07-03T11:49:18","date_gmt":"2024-07-03T11:49:18","guid":{"rendered":"https:\/\/www.sinchisinchi.com\/conoscenza\/"},"modified":"2026-03-05T19:39:52","modified_gmt":"2026-03-05T19:39:52","slug":"conoscenza","status":"publish","type":"page","link":"https:\/\/www.sinchisinchi.com\/it\/conoscenza\/","title":{"rendered":"Conoscenza"},"content":{"rendered":"\n\n  <div class=\"banner has-hover\" id=\"banner-1974327391\">\n          <div class=\"banner-inner fill\">\n        <div class=\"banner-bg fill\" >\n            <img loading=\"lazy\" decoding=\"async\" width=\"1623\" height=\"2352\" src=\"https:\/\/www.sinchisinchi.com\/wp-content\/uploads\/2024\/07\/V-dibujo-planta1.jpg\" class=\"bg attachment-original size-original\" alt=\"\" \/>                        <div class=\"overlay\"><\/div>            \n                    <\/div>\n\t\t\n        <div class=\"banner-layers container\">\n            <div class=\"fill banner-link\"><\/div>            \n\n   <div id=\"text-box-1272588821\" class=\"text-box banner-layer x5 md-x5 lg-x5 y50 md-y50 lg-y50 res-text\">\n                                <div class=\"text-box-content text box-shadow-3\">\n              \n              <div class=\"text-inner text-left\">\n                  \n\n<h2 class=\"uppercase\"><strong>MAPACHO<\/strong><\/h2>\n<h3>NICOTIANA R\u00daSTICA<\/h3>\n<p>La Nicotiana R\u00fastica \u00e8 considerata la pi\u00f9 importante delle piante maestre da molte culture native dell&#8217;America.<\/p>\n<a href=\"https:\/\/www.sinchisinchi.com\/it\/la-pianta-sacra-del-tabacco\/\" class=\"button primary is-underline is-larger expand\" >\n\t\t<span>PIANTA<\/span>\n\t<\/a>\n\n\n<a href=\"https:\/\/www.sinchisinchi.com\/it\/la-pianta-sacra-del-tabacco\/uso-corretto-del-tabacco-sacro\/\" class=\"button primary is-underline is-larger expand\" >\n\t\t<span>USO TRADIZIONALE<\/span>\n\t<\/a>\n\n\n<a href=\"https:\/\/www.sinchisinchi.com\/it\/la-pianta-sacra-del-tabacco\/storia-ancestrale-del-tabacco\/\" class=\"button primary is-underline is-larger expand\" >\n\t\t<span>STORIA<\/span>\n\t<\/a>\n\n\n<a href=\"https:\/\/www.sinchisinchi.com\/it\/la-pianta-sacra-del-tabacco\/farmacologia-del-tabacco-nicotina\/\" class=\"button primary is-underline is-larger expand\" >\n\t\t<span>FARMACOLOGIA<\/span>\n\t<\/a>\n\n\n<a href=\"https:\/\/www.sinchisinchi.com\/it\/cose-rape\/documentari-sul-rape-snuff\/\" class=\"button primary is-underline is-larger expand\" >\n\t\t<span>VIDEO<\/span>\n\t<\/a>\n\n\n\n              <\/div>\n           <\/div>\n                            \n<style>\n#text-box-1272588821 .text-box-content {\n  background-color: rgb(255, 255, 255);\n  font-size: 100%;\n}\n#text-box-1272588821 .text-inner {\n  padding: 30px 30px 30px 30px;\n}\n#text-box-1272588821 {\n  width: 60%;\n}\n@media (min-width:550px) {\n  #text-box-1272588821 {\n    width: 40%;\n  }\n}\n<\/style>\n    <\/div>\n \n\n        <\/div>\n      <\/div>\n\n            \n<style>\n#banner-1974327391 {\n  padding-top: 800px;\n  background-color: rgb(255, 255, 255);\n}\n#banner-1974327391 .overlay {\n  background-color: rgba(190, 190, 190, 0.2);\n}\n<\/style>\n  <\/div>\n\n\n\t<div id=\"gap-2094362747\" class=\"gap-element clearfix\" style=\"display:block; height:auto;\">\n\t\t\n<style>\n#gap-2094362747 {\n  padding-top: 60px;\n}\n<\/style>\n\t<\/div>\n\t\n\n\n  <div class=\"banner has-hover\" id=\"banner-2036327750\">\n          <div class=\"banner-inner fill\">\n        <div class=\"banner-bg fill\" >\n            <img loading=\"lazy\" decoding=\"async\" width=\"720\" height=\"540\" src=\"https:\/\/www.sinchisinchi.com\/wp-content\/uploads\/2020\/02\/Rap\u00e9-efectos-y-propiedades.jpg\" class=\"bg attachment-large size-large\" alt=\"\" \/>                        <div class=\"overlay\"><\/div>            \n                    <\/div>\n\t\t\n        <div class=\"banner-layers container\">\n            <div class=\"fill banner-link\"><\/div>            \n\n   <div id=\"text-box-1829782824\" class=\"text-box banner-layer x5 md-x5 lg-x5 y50 md-y50 lg-y50 res-text\">\n                                <div class=\"text-box-content text box-shadow-3\">\n              \n              <div class=\"text-inner text-left\">\n                  \n\n<h2><strong>RAP\u00c9\u00a0<\/strong><\/h2>\n<h3><strong>AMAZZONICO<\/strong><\/h3>\n<p>Il rap\u00e9 \u00e8 una medicina sacra originaria dell&#8217;Amazzonia, dove le trib\u00f9 lo utilizzano da migliaia di anni come potente strumento.<\/p>\n<a href=\"https:\/\/www.sinchisinchi.com\/it\/cose-rape\/\" class=\"button primary is-underline is-larger expand\" >\n\t\t<span>CHE COS&apos;\u00c8 LO RAP\u00c9?<\/span>\n\t<\/a>\n\n\n<a href=\"https:\/\/www.sinchisinchi.com\/it\/cose-rape\/uso-di-rape\/\" class=\"button primary is-underline is-larger expand\" >\n\t\t<span>USO TRADIZIONALE<\/span>\n\t<\/a>\n\n\n<a href=\"https:\/\/www.sinchisinchi.com\/it\/cose-rape\/benefici-del-rape-snuff-tabacco-da-fiuto\/\" class=\"button primary is-underline is-larger expand\" >\n\t\t<span>BENEFICI<\/span>\n\t<\/a>\n\n\n<a href=\"https:\/\/www.sinchisinchi.com\/it\/cose-rape\/cerimonia-del-rape\/\" class=\"button primary is-underline is-larger expand\" >\n\t\t<span>CERIMONIA<\/span>\n\t<\/a>\n\n\n<a href=\"https:\/\/www.sinchisinchi.com\/it\/cose-rape\/rape-come-fatto\/\" class=\"button primary is-underline is-larger expand\" >\n\t\t<span>ELABORAZIONE<\/span>\n\t<\/a>\n\n\n\n              <\/div>\n           <\/div>\n                            \n<style>\n#text-box-1829782824 .text-box-content {\n  background-color: rgb(255, 255, 255);\n  font-size: 100%;\n}\n#text-box-1829782824 .text-inner {\n  padding: 30px 30px 30px 30px;\n}\n#text-box-1829782824 {\n  width: 60%;\n}\n@media (min-width:550px) {\n  #text-box-1829782824 {\n    width: 40%;\n  }\n}\n<\/style>\n    <\/div>\n \n\n        <\/div>\n      <\/div>\n\n            \n<style>\n#banner-2036327750 {\n  padding-top: 800px;\n  background-color: rgb(255, 255, 255);\n}\n#banner-2036327750 .overlay {\n  background-color: rgba(190, 190, 190, 0.2);\n}\n<\/style>\n  <\/div>\n\n\n\t<div id=\"gap-2041884775\" class=\"gap-element clearfix\" style=\"display:block; height:auto;\">\n\t\t\n<style>\n#gap-2041884775 {\n  padding-top: 60px;\n}\n<\/style>\n\t<\/div>\n\t\n\n\n  <div class=\"banner has-hover\" id=\"banner-815602070\">\n          <div class=\"banner-inner fill\">\n        <div class=\"banner-bg fill\" >\n            <img loading=\"lazy\" decoding=\"async\" width=\"564\" height=\"564\" src=\"https:\/\/www.sinchisinchi.com\/wp-content\/uploads\/2024\/05\/2-Fruta-del-cacao9.jpeg\" class=\"bg attachment-large size-large\" alt=\"Imagen de fruta del cacao\" \/>                        <div class=\"overlay\"><\/div>            \n                    <\/div>\n\t\t\n        <div class=\"banner-layers container\">\n            <div class=\"fill banner-link\"><\/div>            \n\n   <div id=\"text-box-1293797067\" class=\"text-box banner-layer x5 md-x5 lg-x5 y50 md-y50 lg-y50 res-text\">\n                                <div class=\"text-box-content text box-shadow-3\">\n              \n              <div class=\"text-inner text-left\">\n                  \n\n<h2><strong>CACAO<\/strong><\/h2>\n<h3>Theobroma, cibo\u00a0degli dei<\/h3>\n<p>L&#8217;albero del cacao era considerato un dono degli dei dalle grandi civilt\u00e0 mesoamericane: Olmechi, Maya, Toltechi, Mixeca, ecc.).<\/p>\n<a href=\"https:\/\/www.sinchisinchi.com\/it\/conoscenza\/origine-del-cacao\/\" class=\"button primary is-underline is-larger expand\" >\n\t\t<span>Origine<\/span>\n\t<\/a>\n\n\n<a href=\"https:\/\/www.sinchisinchi.com\/it\/conoscenza\/origine-del-cacao\/cacao-olmeco\/\" class=\"button primary is-underline is-larger expand\" >\n\t\t<span>Olmechi<\/span>\n\t<\/a>\n\n\n<a href=\"https:\/\/www.sinchisinchi.com\/it\/conoscenza\/origine-del-cacao\/cacao-tolteco\/\" class=\"button primary is-underline is-larger expand\" >\n\t\t<span>Toltechi<\/span>\n\t<\/a>\n\n\n<a href=\"https:\/\/www.sinchisinchi.com\/it\/conoscenza\/origine-del-cacao\/cacao-maya\/\" class=\"button primary is-underline is-larger expand\" >\n\t\t<span>Maya<\/span>\n\t<\/a>\n\n\n<a href=\"https:\/\/www.sinchisinchi.com\/it\/conoscenza\/origine-del-cacao\/cacao-degli-aztechi\/\" class=\"button primary is-underline is-larger expand\" >\n\t\t<span>Aztechi<\/span>\n\t<\/a>\n\n\n<a href=\"https:\/\/www.sinchisinchi.com\/it\/conoscenza\/origine-del-cacao\/albero-di-cacao\/\" class=\"button primary is-underline is-larger expand\" >\n\t\t<span>Albero<\/span>\n\t<\/a>\n\n\n<a href=\"https:\/\/www.sinchisinchi.com\/it\/conoscenza\/origine-del-cacao\/documentari-cacao\/\" class=\"button primary is-underline is-larger expand\" >\n\t\t<span>Documentari<\/span>\n\t<\/a>\n\n\n\n              <\/div>\n           <\/div>\n                            \n<style>\n#text-box-1293797067 .text-box-content {\n  background-color: rgb(255, 255, 255);\n  font-size: 100%;\n}\n#text-box-1293797067 .text-inner {\n  padding: 30px 30px 30px 30px;\n}\n#text-box-1293797067 {\n  width: 60%;\n}\n@media (min-width:550px) {\n  #text-box-1293797067 {\n    width: 40%;\n  }\n}\n<\/style>\n    <\/div>\n \n\n        <\/div>\n      <\/div>\n\n            \n<style>\n#banner-815602070 {\n  padding-top: 800px;\n  background-color: rgb(255, 255, 255);\n}\n#banner-815602070 .overlay {\n  background-color: rgba(190, 190, 190, 0.2);\n}\n<\/style>\n  <\/div>\n\n\n\t<div id=\"gap-1478391120\" class=\"gap-element clearfix\" style=\"display:block; height:auto;\">\n\t\t\n<style>\n#gap-1478391120 {\n  padding-top: 60px;\n}\n<\/style>\n\t<\/div>\n\t\n\n\n","protected":false},"excerpt":{"rendered":"","protected":false},"author":1,"featured_media":0,"parent":0,"menu_order":0,"comment_status":"closed","ping_status":"closed","template":"page-blank.php","meta":{"_joinchat":[],"footnotes":""},"class_list":["post-15533","page","type-page","status-publish","hentry"],"yoast_head":"<!-- This site is optimized with the Yoast SEO plugin v27.4 - https:\/\/yoast.com\/product\/yoast-seo-wordpress\/ -->\n<title>Conoscenza - SINCHI RAP\u00c9<\/title>\n<meta name=\"robots\" content=\"index, follow, max-snippet:-1, max-image-preview:large, max-video-preview:-1\" \/>\n<link rel=\"canonical\" href=\"https:\/\/www.sinchisinchi.com\/it\/conoscenza\/\" \/>\n<meta property=\"og:locale\" content=\"it_IT\" \/>\n<meta property=\"og:type\" content=\"article\" \/>\n<meta property=\"og:title\" content=\"Conoscenza - SINCHI RAP\u00c9\" \/>\n<meta property=\"og:url\" content=\"https:\/\/www.sinchisinchi.com\/it\/conoscenza\/\" \/>\n<meta property=\"og:site_name\" content=\"SINCHI RAP\u00c9\" \/>\n<meta property=\"article:publisher\" content=\"https:\/\/www.facebook.com\/sinchirape\/\" \/>\n<meta property=\"article:modified_time\" content=\"2026-03-05T19:39:52+00:00\" \/>\n<meta name=\"twitter:card\" content=\"summary_large_image\" \/>\n<meta name=\"twitter:label1\" content=\"Tempo di lettura stimato\" \/>\n\t<meta name=\"twitter:data1\" content=\"2 minuti\" \/>\n<script type=\"application\/ld+json\" class=\"yoast-schema-graph\">{\"@context\":\"https:\\\/\\\/schema.org\",\"@graph\":[{\"@type\":\"WebPage\",\"@id\":\"https:\\\/\\\/www.sinchisinchi.com\\\/it\\\/conoscenza\\\/\",\"url\":\"https:\\\/\\\/www.sinchisinchi.com\\\/it\\\/conoscenza\\\/\",\"name\":\"Conoscenza - SINCHI RAP\u00c9\",\"isPartOf\":{\"@id\":\"https:\\\/\\\/www.sinchisinchi.com\\\/it\\\/#website\"},\"datePublished\":\"2024-07-03T11:49:18+00:00\",\"dateModified\":\"2026-03-05T19:39:52+00:00\",\"breadcrumb\":{\"@id\":\"https:\\\/\\\/www.sinchisinchi.com\\\/it\\\/conoscenza\\\/#breadcrumb\"},\"inLanguage\":\"it-IT\",\"potentialAction\":[{\"@type\":\"ReadAction\",\"target\":[\"https:\\\/\\\/www.sinchisinchi.com\\\/it\\\/conoscenza\\\/\"]}]},{\"@type\":\"BreadcrumbList\",\"@id\":\"https:\\\/\\\/www.sinchisinchi.com\\\/it\\\/conoscenza\\\/#breadcrumb\",\"itemListElement\":[{\"@type\":\"ListItem\",\"position\":1,\"name\":\"Prima pagina\",\"item\":\"https:\\\/\\\/www.sinchisinchi.com\\\/it\\\/\"},{\"@type\":\"ListItem\",\"position\":2,\"name\":\"Conoscenza\"}]},{\"@type\":\"WebSite\",\"@id\":\"https:\\\/\\\/www.sinchisinchi.com\\\/it\\\/#website\",\"url\":\"https:\\\/\\\/www.sinchisinchi.com\\\/it\\\/\",\"name\":\"SINCHI\",\"description\":\"Sinchi Medicine\",\"publisher\":{\"@id\":\"https:\\\/\\\/www.sinchisinchi.com\\\/it\\\/#organization\"},\"potentialAction\":[{\"@type\":\"SearchAction\",\"target\":{\"@type\":\"EntryPoint\",\"urlTemplate\":\"https:\\\/\\\/www.sinchisinchi.com\\\/it\\\/?s={search_term_string}\"},\"query-input\":{\"@type\":\"PropertyValueSpecification\",\"valueRequired\":true,\"valueName\":\"search_term_string\"}}],\"inLanguage\":\"it-IT\"},{\"@type\":\"Organization\",\"@id\":\"https:\\\/\\\/www.sinchisinchi.com\\\/it\\\/#organization\",\"name\":\"SINCHI S.L\",\"url\":\"https:\\\/\\\/www.sinchisinchi.com\\\/it\\\/\",\"logo\":{\"@type\":\"ImageObject\",\"inLanguage\":\"it-IT\",\"@id\":\"https:\\\/\\\/www.sinchisinchi.com\\\/it\\\/#\\\/schema\\\/logo\\\/image\\\/\",\"url\":\"https:\\\/\\\/www.sinchisinchi.com\\\/wp-content\\\/uploads\\\/2026\\\/01\\\/3b-Verde-SIMPLIFICADO-HORIZONTAL-F-TRANSPARENTE-scaled.png\",\"contentUrl\":\"https:\\\/\\\/www.sinchisinchi.com\\\/wp-content\\\/uploads\\\/2026\\\/01\\\/3b-Verde-SIMPLIFICADO-HORIZONTAL-F-TRANSPARENTE-scaled.png\",\"width\":2560,\"height\":457,\"caption\":\"SINCHI S.L\"},\"image\":{\"@id\":\"https:\\\/\\\/www.sinchisinchi.com\\\/it\\\/#\\\/schema\\\/logo\\\/image\\\/\"},\"sameAs\":[\"https:\\\/\\\/www.facebook.com\\\/sinchirape\\\/\",\"https:\\\/\\\/www.instagram.com\\\/sinchi_rape\\\/\"]}]}<\/script>\n<!-- \/ Yoast SEO plugin. -->","yoast_head_json":{"title":"Conoscenza - SINCHI RAP\u00c9","robots":{"index":"index","follow":"follow","max-snippet":"max-snippet:-1","max-image-preview":"max-image-preview:large","max-video-preview":"max-video-preview:-1"},"canonical":"https:\/\/www.sinchisinchi.com\/it\/conoscenza\/","og_locale":"it_IT","og_type":"article","og_title":"Conoscenza - SINCHI RAP\u00c9","og_url":"https:\/\/www.sinchisinchi.com\/it\/conoscenza\/","og_site_name":"SINCHI RAP\u00c9","article_publisher":"https:\/\/www.facebook.com\/sinchirape\/","article_modified_time":"2026-03-05T19:39:52+00:00","twitter_card":"summary_large_image","twitter_misc":{"Tempo di lettura stimato":"2 minuti"},"schema":{"@context":"https:\/\/schema.org","@graph":[{"@type":"WebPage","@id":"https:\/\/www.sinchisinchi.com\/it\/conoscenza\/","url":"https:\/\/www.sinchisinchi.com\/it\/conoscenza\/","name":"Conoscenza - SINCHI RAP\u00c9","isPartOf":{"@id":"https:\/\/www.sinchisinchi.com\/it\/#website"},"datePublished":"2024-07-03T11:49:18+00:00","dateModified":"2026-03-05T19:39:52+00:00","breadcrumb":{"@id":"https:\/\/www.sinchisinchi.com\/it\/conoscenza\/#breadcrumb"},"inLanguage":"it-IT","potentialAction":[{"@type":"ReadAction","target":["https:\/\/www.sinchisinchi.com\/it\/conoscenza\/"]}]},{"@type":"BreadcrumbList","@id":"https:\/\/www.sinchisinchi.com\/it\/conoscenza\/#breadcrumb","itemListElement":[{"@type":"ListItem","position":1,"name":"Prima pagina","item":"https:\/\/www.sinchisinchi.com\/it\/"},{"@type":"ListItem","position":2,"name":"Conoscenza"}]},{"@type":"WebSite","@id":"https:\/\/www.sinchisinchi.com\/it\/#website","url":"https:\/\/www.sinchisinchi.com\/it\/","name":"SINCHI","description":"Sinchi Medicine","publisher":{"@id":"https:\/\/www.sinchisinchi.com\/it\/#organization"},"potentialAction":[{"@type":"SearchAction","target":{"@type":"EntryPoint","urlTemplate":"https:\/\/www.sinchisinchi.com\/it\/?s={search_term_string}"},"query-input":{"@type":"PropertyValueSpecification","valueRequired":true,"valueName":"search_term_string"}}],"inLanguage":"it-IT"},{"@type":"Organization","@id":"https:\/\/www.sinchisinchi.com\/it\/#organization","name":"SINCHI S.L","url":"https:\/\/www.sinchisinchi.com\/it\/","logo":{"@type":"ImageObject","inLanguage":"it-IT","@id":"https:\/\/www.sinchisinchi.com\/it\/#\/schema\/logo\/image\/","url":"https:\/\/www.sinchisinchi.com\/wp-content\/uploads\/2026\/01\/3b-Verde-SIMPLIFICADO-HORIZONTAL-F-TRANSPARENTE-scaled.png","contentUrl":"https:\/\/www.sinchisinchi.com\/wp-content\/uploads\/2026\/01\/3b-Verde-SIMPLIFICADO-HORIZONTAL-F-TRANSPARENTE-scaled.png","width":2560,"height":457,"caption":"SINCHI S.L"},"image":{"@id":"https:\/\/www.sinchisinchi.com\/it\/#\/schema\/logo\/image\/"},"sameAs":["https:\/\/www.facebook.com\/sinchirape\/","https:\/\/www.instagram.com\/sinchi_rape\/"]}]}},"_links":{"self":[{"href":"https:\/\/www.sinchisinchi.com\/it\/wp-json\/wp\/v2\/pages\/15533","targetHints":{"allow":["GET"]}}],"collection":[{"href":"https:\/\/www.sinchisinchi.com\/it\/wp-json\/wp\/v2\/pages"}],"about":[{"href":"https:\/\/www.sinchisinchi.com\/it\/wp-json\/wp\/v2\/types\/page"}],"author":[{"embeddable":true,"href":"https:\/\/www.sinchisinchi.com\/it\/wp-json\/wp\/v2\/users\/1"}],"replies":[{"embeddable":true,"href":"https:\/\/www.sinchisinchi.com\/it\/wp-json\/wp\/v2\/comments?post=15533"}],"version-history":[{"count":1,"href":"https:\/\/www.sinchisinchi.com\/it\/wp-json\/wp\/v2\/pages\/15533\/revisions"}],"predecessor-version":[{"id":30374,"href":"https:\/\/www.sinchisinchi.com\/it\/wp-json\/wp\/v2\/pages\/15533\/revisions\/30374"}],"wp:attachment":[{"href":"https:\/\/www.sinchisinchi.com\/it\/wp-json\/wp\/v2\/media?parent=15533"}],"curies":[{"name":"wp","href":"https:\/\/api.w.org\/{rel}","templated":true}]}}