{"id":26091,"date":"2025-02-21T16:25:42","date_gmt":"2025-02-21T16:25:42","guid":{"rendered":"https:\/\/www.sinchisinchi.com\/conoscenza\/tribu-amazzoniche\/yawanawa\/visione-del-mondo\/"},"modified":"2026-03-04T14:02:14","modified_gmt":"2026-03-04T14:02:14","slug":"visione-del-mondo","status":"publish","type":"page","link":"https:\/\/www.sinchisinchi.com\/it\/tribu\/yawanawa\/visione-del-mondo\/","title":{"rendered":"Visione del Mondo"},"content":{"rendered":"\n<h1 style=\"text-align: center;\"><strong>Visione del mondo e spiritualit\u00e0<\/strong><\/h1>\n<p>Gli Yawanaw\u00e1 sono comunit\u00e0 che dipendono al cento per cento dalla natura. Come dicono loro stessi: &#8220;Viviamo di caccia e pesca, costruiamo le nostre case e i nostri mezzi di trasporto. Il nostro rapporto \u00e8 basato sul rispetto, sull&#8217;armonia e sulla reciprocit\u00e0. &#8220;Perch\u00e9 ci\u00f2 che prendiamo dalla terra lo restituiamo&#8221; &#8211; Tashka Yawanaw\u00e1, giovane leader di un villaggio Yawanaw\u00e1.<\/p>\n\t<div class=\"img has-hover x md-x lg-x y md-y lg-y\" id=\"image_11664920\">\n\t\t\t\t\t\t\t\t<div class=\"img-inner dark\" >\n\t\t\t<img loading=\"lazy\" decoding=\"async\" width=\"1020\" height=\"574\" src=\"https:\/\/www.sinchisinchi.com\/wp-content\/uploads\/2025\/01\/8-Tribu-Yawanawa13-1024x576.png\" class=\"attachment-large size-large\" alt=\"\" srcset=\"https:\/\/www.sinchisinchi.com\/wp-content\/uploads\/2025\/01\/8-Tribu-Yawanawa13-1024x576.png 1024w, https:\/\/www.sinchisinchi.com\/wp-content\/uploads\/2025\/01\/8-Tribu-Yawanawa13-600x337.png 600w, https:\/\/www.sinchisinchi.com\/wp-content\/uploads\/2025\/01\/8-Tribu-Yawanawa13-768x432.png 768w, https:\/\/www.sinchisinchi.com\/wp-content\/uploads\/2025\/01\/8-Tribu-Yawanawa13-1536x864.png 1536w, https:\/\/www.sinchisinchi.com\/wp-content\/uploads\/2025\/01\/8-Tribu-Yawanawa13-247x139.png 247w, https:\/\/www.sinchisinchi.com\/wp-content\/uploads\/2025\/01\/8-Tribu-Yawanawa13-510x287.png 510w, https:\/\/www.sinchisinchi.com\/wp-content\/uploads\/2025\/01\/8-Tribu-Yawanawa13.png 1837w\" sizes=\"auto, (max-width: 1020px) 100vw, 1020px\" \/>\t\t\t\t\t\t\n\t\t\t\t\t<\/div>\n\t\t\t\t\t\t\t\t\n<style>\n#image_11664920 {\n  width: 100%;\n}\n<\/style>\n\t<\/div>\n\t\n\n\t<div id=\"gap-1876849402\" class=\"gap-element clearfix\" style=\"display:block; height:auto;\">\n\t\t\n<style>\n#gap-1876849402 {\n  padding-top: 30px;\n}\n<\/style>\n\t<\/div>\n\t\n\n<p>\u201cNoi, i popoli indigeni che vivono nella giungla, siamo in costante connessione con la spiritualit\u00e0, perch\u00e9 la manifestazione del Creatore \u00e8 la natura stessa. Quindi ascoltiamo e osserviamo ogni giorno. Siamo in pieno contatto con la spiritualit\u00e0. Abbiamo una cerimonia che \u00e8 come un ringraziamento a Madre Terra per tutto ci\u00f2 che ci ha dato. Cantiamo le nostre canzoni e ci facciamo dipingere il viso&#8221;, aggiunge Tashka.<\/p>\n<p>Tutte le loro attivit\u00e0, la loro struttura sociale ed economica, sono inquadrate in una visione spirituale interamente legata alla Giungla. &#8220;La nostra terra \u00e8 la nostra casa, il nostro amico e il nostro compagno. Rispettiamo molto la nostra terra e abbiamo la responsabilit\u00e0 di prendercene cura.&#8221; Dice un giovane Yawanaw\u00e1.<\/p>\n<p>Loro, insieme al resto dei popoli indigeni amazzonici, sono responsabili della cura del polmone della Terra: l&#8217;Amazzonia. Per questo motivo mantengono un rapporto di connessione e armonia con la giungla che si riflette nel loro abbigliamento, nei copricapi fatti di piume di ara e di aquila arpia e nei tatuaggi con diversi pigmenti che imitano i motivi della giungla o i suoi potenti animali. Anche nel loro modo di costruire e coltivare, sempre rispettando l&#8217;ambiente in cui vivono e integrandosi in esso come un altro essere vivente del loro ecosistema.<\/p>\n<p>&nbsp;<\/p>\n<div class=\"row\"  id=\"row-1749593032\">\n\n\n\t<div id=\"col-133067198\" class=\"col medium-1 small-12 large-1\"  >\n\t\t\t\t<div class=\"col-inner\"  >\n\t\t\t\n\t\t\t\n\n\n\t\t<\/div>\n\t\t\t\t\t<\/div>\n\n\t\n\n\t<div id=\"col-729488503\" class=\"col medium-10 small-12 large-10\"  >\n\t\t\t\t<div class=\"col-inner\"  >\n\t\t\t\n\t\t\t\n\n\t<div class=\"img has-hover x md-x lg-x y md-y lg-y\" id=\"image_1760698834\">\n\t\t\t\t\t\t\t\t<div class=\"img-inner dark\" >\n\t\t\t<img loading=\"lazy\" decoding=\"async\" width=\"1020\" height=\"318\" src=\"https:\/\/www.sinchisinchi.com\/wp-content\/uploads\/2025\/01\/3-Tribu-Yawanawa4-1024x319.jpeg\" class=\"attachment-large size-large\" alt=\"\" srcset=\"https:\/\/www.sinchisinchi.com\/wp-content\/uploads\/2025\/01\/3-Tribu-Yawanawa4-1024x319.jpeg 1024w, https:\/\/www.sinchisinchi.com\/wp-content\/uploads\/2025\/01\/3-Tribu-Yawanawa4-600x187.jpeg 600w, https:\/\/www.sinchisinchi.com\/wp-content\/uploads\/2025\/01\/3-Tribu-Yawanawa4-768x240.jpeg 768w, https:\/\/www.sinchisinchi.com\/wp-content\/uploads\/2025\/01\/3-Tribu-Yawanawa4-1536x479.jpeg 1536w, https:\/\/www.sinchisinchi.com\/wp-content\/uploads\/2025\/01\/3-Tribu-Yawanawa4-247x77.jpeg 247w, https:\/\/www.sinchisinchi.com\/wp-content\/uploads\/2025\/01\/3-Tribu-Yawanawa4-510x159.jpeg 510w, https:\/\/www.sinchisinchi.com\/wp-content\/uploads\/2025\/01\/3-Tribu-Yawanawa4.jpeg 1920w\" sizes=\"auto, (max-width: 1020px) 100vw, 1020px\" \/>\t\t\t\t\t\t\n\t\t\t\t\t<\/div>\n\t\t\t\t\t\t\t\t\n<style>\n#image_1760698834 {\n  width: 100%;\n}\n<\/style>\n\t<\/div>\n\t\n\n\n\t\t<\/div>\n\t\t\t\t\t<\/div>\n\n\t\n\n\t<div id=\"col-1175033699\" class=\"col medium-1 small-12 large-1\"  >\n\t\t\t\t<div class=\"col-inner\"  >\n\t\t\t\n\t\t\t\n\n\n\t\t<\/div>\n\t\t\t\t\t<\/div>\n\n\t\n\n<\/div>\n<p>Quando spiegano la loro visione del mondo, ci parlano di \u201cwak\u00e1n\u201d, che traducono come \u201canima\u201d o \u201combra\u201d. \u201cWak\u00e1n\u201d costituisce la forza vitale degli esseri viventi; esseri umani, animali e piante. Possiamo quindi affermare che gli Yawanaw\u00e1, come la maggior parte dei popoli nativi, hanno una concezione animista del mondo.<\/p>\n<p>\u00c8 difficile sapere se si tratti di una concezione originale o se, piuttosto, sia stata influenzata da quasi tre secoli di sottomissione al cattolicesimo.<\/p>\n<p>Allo stesso modo, concedono ad alcune entit\u00e0 poteri straordinari, deificando la luna, il sole, le stelle, la pioggia, il serpente, il giaguaro; sempre governato dalla forza onnipresente della Madre Giungla, la \u201cFloresta\u201d.<\/p>\n<p>Per gli Yawanaw\u00e1 i sogni hanno un&#8217;importanza estrema: sono segnali che ci dicono come dovremmo comportarci. \u00c8 comune che decisioni molto importanti vengano prese basandosi sui sogni \u201cvisionari\u201d di un membro della trib\u00f9 (soprattutto se si tratta dello sciamano).<\/p>\n<div class=\"row\"  id=\"row-1658261066\">\n\n\n\t<div id=\"col-790953777\" class=\"col medium-2 small-12 large-2\"  >\n\t\t\t\t<div class=\"col-inner\"  >\n\t\t\t\n\t\t\t\n\n\n\t\t<\/div>\n\t\t\t\t\t<\/div>\n\n\t\n\n\t<div id=\"col-475740568\" class=\"col medium-8 small-12 large-8\"  >\n\t\t\t\t<div class=\"col-inner\"  >\n\t\t\t\n\t\t\t\n\n<div class=\"video video-fit mb\" style=\"padding-top:56.25%;\"><iframe loading=\"lazy\" title=\"Matsini Yawanawa\" width=\"1020\" height=\"574\" src=\"https:\/\/www.youtube.com\/embed\/Jk4qHI6XHBs?feature=oembed&#038;enablejsapi=1&#038;origin=https:\/\/www.sinchisinchi.com\" frameborder=\"0\" allow=\"accelerometer; autoplay; clipboard-write; encrypted-media; gyroscope; picture-in-picture; web-share\" referrerpolicy=\"strict-origin-when-cross-origin\" allowfullscreen><\/iframe><\/div>\n\n\n\t\t<\/div>\n\t\t\t\t\t<\/div>\n\n\t\n\n\t<div id=\"col-1867690469\" class=\"col medium-2 small-12 large-2\"  >\n\t\t\t\t<div class=\"col-inner\"  >\n\t\t\t\n\t\t\t\n\n\n\t\t<\/div>\n\t\t\t\t\t<\/div>\n\n\t\n\n<\/div>\n<p>In un discorso TED, un giovane del popolo Yawanaw\u00e1 descrive la visione del mondo del suo popolo riguardo alle medicine sacre: &#8220;Usiamo piante sacre durante le cerimonie per comunicare con la foresta. Con l&#8217;ayahuasca puoi vedere com&#8217;\u00e8 la vita, a partire da te stesso, puoi intravedere il tuo spirito, capire perch\u00e9 sei venuto in questo mondo, ma per farlo non basta bere questa bevanda, devi anche credere.&#8221; E aggiunge: \u201cQuando uno sciamano va a cercare una pianta per curare qualcuno, prima dice alla pianta: Ti user\u00f2 per curare il mio popolo, se non lo dicesse non avrebbe alcun effetto da sola\u201d.<\/p>\n<p>Gli Yawanaw\u00e1 sono esperti ancestrali nella preparazione e nell&#8217;uso dell&#8217;ayahuasca, una bevanda allucinogena ricavata dal decotto di due piante che crescono solo in Amazzonia e che \u00e8 una delle medicine tradizionali pi\u00f9 potenti dei popoli amazzonici.<\/p>\n<p>Fin dall&#8217;antichit\u00e0, continua il giovane, abbiamo utilizzato il rum\u00ea (un tipo di tabacco da fiuto ricavato dalla corteccia dell&#8217;albero tsun\u00fa) come parte della nostra tradizione e cultura. Normalmente utilizziamo il rum durante le nostre cerimonie sacre con l&#8217;ayahuasca, che chiamiamo Uni.&#8221;<\/p>\n<p>&nbsp;<\/p>\n<div class=\"row\"  id=\"row-1442258681\">\n\n\n\t<div id=\"col-52054600\" class=\"col small-12 large-12\"  >\n\t\t\t\t<div class=\"col-inner\"  >\n\t\t\t\n\t\t\t\n\n<div class=\"video video-fit mb\" style=\"padding-top:56.25%;\"><p><iframe loading=\"lazy\" title=\"We are all connected with nature: Nixiwaka Yawanawa at TEDxHackney\" width=\"1020\" height=\"574\" src=\"https:\/\/www.youtube.com\/embed\/xk0-yebNA_o?feature=oembed&#038;enablejsapi=1&#038;origin=https:\/\/www.sinchisinchi.com\" frameborder=\"0\" allow=\"accelerometer; autoplay; clipboard-write; encrypted-media; gyroscope; picture-in-picture; web-share\" referrerpolicy=\"strict-origin-when-cross-origin\" allowfullscreen><\/iframe><\/p>\n<\/div>\n\n\t<div id=\"gap-526657857\" class=\"gap-element clearfix\" style=\"display:block; height:auto;\">\n\t\t\n<style>\n#gap-526657857 {\n  padding-top: 30px;\n}\n<\/style>\n\t<\/div>\n\t\n\n\n\t\t<\/div>\n\t\t\t\t\t<\/div>\n\n\t\n\n<\/div>\n<h2 style=\"text-align: center;\">Bira Yawanaw\u00e1<\/h2>\n<p>Biraci Brasil Nixiwak\u00e1, conosciuto da tutti come Bira, ha 60 anni ed \u00e8 un leader politico e spirituale degli Yawanaw\u00e1, capo del Villaggio Sacro, nonch\u00e9 una figura iconica non solo per tutti i membri della trib\u00f9, ma anche per il movimento indigeno del suo Paese.<\/p>\n<p>All&#8217;et\u00e0 di 18 anni, Bira si impegn\u00f2 in una lotta politica e sociale per la conservazione dei territori e della cultura, espellendo i raccoglitori di gomma e i missionari dai suoi territori.<\/p>\n<p>Bira ci racconta la sua visione spirituale della giungla: \u201cCos\u00ec come i cristiani hanno la Bibbia e i musulmani hanno il Corano, per i popoli nativi, la gente della giungla, gli indigeni, quella foresta \u00e8 la nostra sacra Bibbia\u201d.<\/p>\n<p>Bira ha confessato di ammirare la scienza e di riconoscere l&#8217;Occidente per i suoi progressi nello sviluppo e nelle nuove tecnologie. Ma quando si parla di piante sacre e della conoscenza che la natura offre, le autorit\u00e0 sono loro, coloro che vivono da migliaia di anni nella pi\u00f9 grande foresta tropicale del mondo.<\/p>\n<p>\u201cNoi, i popoli indigeni&#8230; sappiamo parlare la lingua degli uccelli, degli alberi, dei pesci. Conosciamo le piante medicinali, le piante sacre. Conosciamo i nomi di quelle piante. Potremmo tradurlo per l&#8217;umanit\u00e0.&#8221;<\/p>\n<div class=\"video video-fit mb\" style=\"padding-top:56.25%;\"><p><iframe loading=\"lazy\" title=\"Indigenous wisdom - Bira YAWANAWA\u0301 (port. english)\" width=\"1020\" height=\"574\" src=\"https:\/\/www.youtube.com\/embed\/mPbDC6EBhrQ?feature=oembed&#038;enablejsapi=1&#038;origin=https:\/\/www.sinchisinchi.com\" frameborder=\"0\" allow=\"accelerometer; autoplay; clipboard-write; encrypted-media; gyroscope; picture-in-picture; web-share\" referrerpolicy=\"strict-origin-when-cross-origin\" allowfullscreen><\/iframe><\/p>\n<\/div>\n\n<p>Bira afferma di sapere che il sistema capitalista non si fermer\u00e0, che le citt\u00e0 continueranno a progredire e a crescere e con loro cresceranno anche nuove esigenze. \u201cDobbiamo costruire qualcosa di parallelo a quel sistema, ma senza escludere l\u2019altro. \u00c8 possibile utilizzare la tecnologia, partecipare all&#8217;economia e allo stesso tempo preservare la foresta. \u201cManteniamo la nostra cultura e viviamo in pace nel villaggio.\u201d Il compito dei popoli amazzonici di proteggere la foresta \u00e8 fondamentale per l&#8217;umanit\u00e0.<\/p>\n<p>In questo senso, gli Yawanaw\u00e1, in particolare gli sciamani che hanno viaggiato in tutto il mondo, conoscono molto bene lo stile di vita dei paesi occidentali. Si dice che gli spiriti in Europa dormano. Ecco perch\u00e9 si parla tanto di risveglio: noi esseri umani siamo responsabili del risveglio degli spiriti e del risveglio reciproco, secondo la visione del mondo Yawanaw\u00e1.<\/p>\n<p>Per questo motivo si sono dati la missione di condividere la propria medicina con il mondo occidentale. Le loro cerimonie possono sembrare molto imponenti nel mondo occidentale, ma \u00e8 il loro modo di dare pi\u00f9 opportunit\u00e0 a pi\u00f9 persone per l&#8217;atto essenziale del ricordare, di trovare il proprio spirito, di risvegliarsi.<\/p>\n<div class=\"row\"  id=\"row-392682564\">\n\n\n\t<div id=\"col-1079719736\" class=\"col medium-6 small-12 large-6\"  >\n\t\t\t\t<div class=\"col-inner\"  >\n\t\t\t\n\t\t\t\n\n\t<div class=\"img has-hover x md-x lg-x y md-y lg-y\" id=\"image_880951582\">\n\t\t\t\t\t\t\t\t<div class=\"img-inner image-cover dark\" style=\"padding-top:75%;\">\n\t\t\t<img loading=\"lazy\" decoding=\"async\" width=\"1020\" height=\"787\" src=\"https:\/\/www.sinchisinchi.com\/wp-content\/uploads\/2025\/01\/B-Tribu-Yawanawa17.jpeg\" class=\"attachment-large size-large\" alt=\"\" srcset=\"https:\/\/www.sinchisinchi.com\/wp-content\/uploads\/2025\/01\/B-Tribu-Yawanawa17.jpeg 1024w, https:\/\/www.sinchisinchi.com\/wp-content\/uploads\/2025\/01\/B-Tribu-Yawanawa17-600x463.jpeg 600w, https:\/\/www.sinchisinchi.com\/wp-content\/uploads\/2025\/01\/B-Tribu-Yawanawa17-768x593.jpeg 768w, https:\/\/www.sinchisinchi.com\/wp-content\/uploads\/2025\/01\/B-Tribu-Yawanawa17-247x191.jpeg 247w, https:\/\/www.sinchisinchi.com\/wp-content\/uploads\/2025\/01\/B-Tribu-Yawanawa17-510x393.jpeg 510w\" sizes=\"auto, (max-width: 1020px) 100vw, 1020px\" \/>\t\t\t\t\t\t\n\t\t\t\t\t<\/div>\n\t\t\t\t\t\t\t\t\n<style>\n#image_880951582 {\n  width: 100%;\n}\n<\/style>\n\t<\/div>\n\t\n\n\n\t\t<\/div>\n\t\t\t\t\t<\/div>\n\n\t\n\n\t<div id=\"col-1799483877\" class=\"col medium-6 small-12 large-6\"  >\n\t\t\t\t<div class=\"col-inner\"  >\n\t\t\t\n\t\t\t\n\n\t<div class=\"img has-hover x md-x lg-x y md-y lg-y\" id=\"image_101696745\">\n\t\t\t\t\t\t\t\t<div class=\"img-inner image-cover dark\" style=\"padding-top:75%;\">\n\t\t\t<img loading=\"lazy\" decoding=\"async\" width=\"1020\" height=\"680\" src=\"https:\/\/www.sinchisinchi.com\/wp-content\/uploads\/2025\/01\/B-Tribu-Yawanawa14-1024x683.jpeg\" class=\"attachment-large size-large\" alt=\"\" srcset=\"https:\/\/www.sinchisinchi.com\/wp-content\/uploads\/2025\/01\/B-Tribu-Yawanawa14-1024x683.jpeg 1024w, https:\/\/www.sinchisinchi.com\/wp-content\/uploads\/2025\/01\/B-Tribu-Yawanawa14-600x400.jpeg 600w, https:\/\/www.sinchisinchi.com\/wp-content\/uploads\/2025\/01\/B-Tribu-Yawanawa14-768x512.jpeg 768w, https:\/\/www.sinchisinchi.com\/wp-content\/uploads\/2025\/01\/B-Tribu-Yawanawa14-1536x1024.jpeg 1536w, https:\/\/www.sinchisinchi.com\/wp-content\/uploads\/2025\/01\/B-Tribu-Yawanawa14-247x165.jpeg 247w, https:\/\/www.sinchisinchi.com\/wp-content\/uploads\/2025\/01\/B-Tribu-Yawanawa14-510x340.jpeg 510w, https:\/\/www.sinchisinchi.com\/wp-content\/uploads\/2025\/01\/B-Tribu-Yawanawa14.jpeg 1890w\" sizes=\"auto, (max-width: 1020px) 100vw, 1020px\" \/>\t\t\t\t\t\t\n\t\t\t\t\t<\/div>\n\t\t\t\t\t\t\t\t\n<style>\n#image_101696745 {\n  width: 100%;\n}\n<\/style>\n\t<\/div>\n\t\n\n\n\t\t<\/div>\n\t\t\t\t\t<\/div>\n\n\t\n\n<\/div>\n<p>&#8220;Penso che forse il mondo occidentale possa imparare da noi a vivere una vita pi\u00f9 armoniosa e in pace con il nostro ambiente, combinando la conoscenza Yawanaw\u00e1 con le idee occidentali&#8221;. -Bira.<\/p>\n<h2 style=\"text-align: center;\"><strong>Continua a Leggere:<\/strong><\/h2>\n<a href=\"https:\/\/www.sinchisinchi.com\/it\/tribu\/yawanawa\/sfide\/\" class=\"button primary is-underline expand\" style=\"border-radius:9px;\">\n\t\t<span>Le Sfide degli Yawanaw\u00e1<\/span>\n\t<\/a>\n\n\n\n","protected":false},"excerpt":{"rendered":"","protected":false},"author":1,"featured_media":0,"parent":3163,"menu_order":0,"comment_status":"closed","ping_status":"closed","template":"","meta":{"_joinchat":[],"footnotes":""},"class_list":["post-26091","page","type-page","status-publish","hentry"],"yoast_head":"<!-- This site is optimized with the Yoast SEO plugin v27.4 - https:\/\/yoast.com\/product\/yoast-seo-wordpress\/ -->\n<title>Trib\u00f9 Yawanaw\u00e1: Vita e Visione del mondo<\/title>\n<meta name=\"description\" content=\"La visione del mondo degli Yawanaw\u00e1 parla di \u201cwak\u00e1n\u201d, che loro traducono come anima. Per loro costituisce la forza vitale di ogni essere vivente.\" \/>\n<meta name=\"robots\" content=\"index, follow, max-snippet:-1, max-image-preview:large, max-video-preview:-1\" \/>\n<link rel=\"canonical\" href=\"https:\/\/www.sinchisinchi.com\/it\/tribu\/yawanawa\/visione-del-mondo\/\" \/>\n<meta property=\"og:locale\" content=\"it_IT\" \/>\n<meta property=\"og:type\" content=\"article\" \/>\n<meta property=\"og:title\" content=\"Trib\u00f9 Yawanaw\u00e1: Vita e Visione del mondo\" \/>\n<meta property=\"og:description\" content=\"La visione del mondo degli Yawanaw\u00e1 parla di \u201cwak\u00e1n\u201d, che loro traducono come anima. Per loro costituisce la forza vitale di ogni essere vivente.\" \/>\n<meta property=\"og:url\" content=\"https:\/\/www.sinchisinchi.com\/it\/tribu\/yawanawa\/visione-del-mondo\/\" \/>\n<meta property=\"og:site_name\" content=\"SINCHI RAP\u00c9\" \/>\n<meta property=\"article:publisher\" content=\"https:\/\/www.facebook.com\/sinchirape\/\" \/>\n<meta property=\"article:modified_time\" content=\"2026-03-04T14:02:14+00:00\" \/>\n<meta name=\"twitter:card\" content=\"summary_large_image\" \/>\n<meta name=\"twitter:label1\" content=\"Tempo di lettura stimato\" \/>\n\t<meta name=\"twitter:data1\" content=\"6 minuti\" \/>\n<script type=\"application\/ld+json\" class=\"yoast-schema-graph\">{\"@context\":\"https:\\\/\\\/schema.org\",\"@graph\":[{\"@type\":\"WebPage\",\"@id\":\"https:\\\/\\\/www.sinchisinchi.com\\\/it\\\/tribu\\\/yawanawa\\\/visione-del-mondo\\\/\",\"url\":\"https:\\\/\\\/www.sinchisinchi.com\\\/it\\\/tribu\\\/yawanawa\\\/visione-del-mondo\\\/\",\"name\":\"Trib\u00f9 Yawanaw\u00e1: Vita e Visione del mondo\",\"isPartOf\":{\"@id\":\"https:\\\/\\\/www.sinchisinchi.com\\\/it\\\/#website\"},\"datePublished\":\"2025-02-21T16:25:42+00:00\",\"dateModified\":\"2026-03-04T14:02:14+00:00\",\"description\":\"La visione del mondo degli Yawanaw\u00e1 parla di \u201cwak\u00e1n\u201d, che loro traducono come anima. Per loro costituisce la forza vitale di ogni essere vivente.\",\"breadcrumb\":{\"@id\":\"https:\\\/\\\/www.sinchisinchi.com\\\/it\\\/tribu\\\/yawanawa\\\/visione-del-mondo\\\/#breadcrumb\"},\"inLanguage\":\"it-IT\",\"potentialAction\":[{\"@type\":\"ReadAction\",\"target\":[\"https:\\\/\\\/www.sinchisinchi.com\\\/it\\\/tribu\\\/yawanawa\\\/visione-del-mondo\\\/\"]}]},{\"@type\":\"BreadcrumbList\",\"@id\":\"https:\\\/\\\/www.sinchisinchi.com\\\/it\\\/tribu\\\/yawanawa\\\/visione-del-mondo\\\/#breadcrumb\",\"itemListElement\":[{\"@type\":\"ListItem\",\"position\":1,\"name\":\"Prima pagina\",\"item\":\"https:\\\/\\\/www.sinchisinchi.com\\\/it\\\/\"},{\"@type\":\"ListItem\",\"position\":2,\"name\":\"Trib\u00f9 amazzoniche\",\"item\":\"https:\\\/\\\/www.sinchisinchi.com\\\/it\\\/tribu\\\/\"},{\"@type\":\"ListItem\",\"position\":3,\"name\":\"Yawanaw\u00e1\",\"item\":\"https:\\\/\\\/www.sinchisinchi.com\\\/it\\\/tribu\\\/yawanawa\\\/\"},{\"@type\":\"ListItem\",\"position\":4,\"name\":\"Visione del Mondo\"}]},{\"@type\":\"WebSite\",\"@id\":\"https:\\\/\\\/www.sinchisinchi.com\\\/it\\\/#website\",\"url\":\"https:\\\/\\\/www.sinchisinchi.com\\\/it\\\/\",\"name\":\"SINCHI\",\"description\":\"Sinchi Medicine\",\"publisher\":{\"@id\":\"https:\\\/\\\/www.sinchisinchi.com\\\/it\\\/#organization\"},\"potentialAction\":[{\"@type\":\"SearchAction\",\"target\":{\"@type\":\"EntryPoint\",\"urlTemplate\":\"https:\\\/\\\/www.sinchisinchi.com\\\/it\\\/?s={search_term_string}\"},\"query-input\":{\"@type\":\"PropertyValueSpecification\",\"valueRequired\":true,\"valueName\":\"search_term_string\"}}],\"inLanguage\":\"it-IT\"},{\"@type\":\"Organization\",\"@id\":\"https:\\\/\\\/www.sinchisinchi.com\\\/it\\\/#organization\",\"name\":\"SINCHI S.L\",\"url\":\"https:\\\/\\\/www.sinchisinchi.com\\\/it\\\/\",\"logo\":{\"@type\":\"ImageObject\",\"inLanguage\":\"it-IT\",\"@id\":\"https:\\\/\\\/www.sinchisinchi.com\\\/it\\\/#\\\/schema\\\/logo\\\/image\\\/\",\"url\":\"https:\\\/\\\/www.sinchisinchi.com\\\/wp-content\\\/uploads\\\/2026\\\/01\\\/3b-Verde-SIMPLIFICADO-HORIZONTAL-F-TRANSPARENTE-scaled.png\",\"contentUrl\":\"https:\\\/\\\/www.sinchisinchi.com\\\/wp-content\\\/uploads\\\/2026\\\/01\\\/3b-Verde-SIMPLIFICADO-HORIZONTAL-F-TRANSPARENTE-scaled.png\",\"width\":2560,\"height\":457,\"caption\":\"SINCHI S.L\"},\"image\":{\"@id\":\"https:\\\/\\\/www.sinchisinchi.com\\\/it\\\/#\\\/schema\\\/logo\\\/image\\\/\"},\"sameAs\":[\"https:\\\/\\\/www.facebook.com\\\/sinchirape\\\/\",\"https:\\\/\\\/www.instagram.com\\\/sinchi_rape\\\/\"]}]}<\/script>\n<!-- \/ Yoast SEO plugin. -->","yoast_head_json":{"title":"Trib\u00f9 Yawanaw\u00e1: Vita e Visione del mondo","description":"La visione del mondo degli Yawanaw\u00e1 parla di \u201cwak\u00e1n\u201d, che loro traducono come anima. Per loro costituisce la forza vitale di ogni essere vivente.","robots":{"index":"index","follow":"follow","max-snippet":"max-snippet:-1","max-image-preview":"max-image-preview:large","max-video-preview":"max-video-preview:-1"},"canonical":"https:\/\/www.sinchisinchi.com\/it\/tribu\/yawanawa\/visione-del-mondo\/","og_locale":"it_IT","og_type":"article","og_title":"Trib\u00f9 Yawanaw\u00e1: Vita e Visione del mondo","og_description":"La visione del mondo degli Yawanaw\u00e1 parla di \u201cwak\u00e1n\u201d, che loro traducono come anima. Per loro costituisce la forza vitale di ogni essere vivente.","og_url":"https:\/\/www.sinchisinchi.com\/it\/tribu\/yawanawa\/visione-del-mondo\/","og_site_name":"SINCHI RAP\u00c9","article_publisher":"https:\/\/www.facebook.com\/sinchirape\/","article_modified_time":"2026-03-04T14:02:14+00:00","twitter_card":"summary_large_image","twitter_misc":{"Tempo di lettura stimato":"6 minuti"},"schema":{"@context":"https:\/\/schema.org","@graph":[{"@type":"WebPage","@id":"https:\/\/www.sinchisinchi.com\/it\/tribu\/yawanawa\/visione-del-mondo\/","url":"https:\/\/www.sinchisinchi.com\/it\/tribu\/yawanawa\/visione-del-mondo\/","name":"Trib\u00f9 Yawanaw\u00e1: Vita e Visione del mondo","isPartOf":{"@id":"https:\/\/www.sinchisinchi.com\/it\/#website"},"datePublished":"2025-02-21T16:25:42+00:00","dateModified":"2026-03-04T14:02:14+00:00","description":"La visione del mondo degli Yawanaw\u00e1 parla di \u201cwak\u00e1n\u201d, che loro traducono come anima. Per loro costituisce la forza vitale di ogni essere vivente.","breadcrumb":{"@id":"https:\/\/www.sinchisinchi.com\/it\/tribu\/yawanawa\/visione-del-mondo\/#breadcrumb"},"inLanguage":"it-IT","potentialAction":[{"@type":"ReadAction","target":["https:\/\/www.sinchisinchi.com\/it\/tribu\/yawanawa\/visione-del-mondo\/"]}]},{"@type":"BreadcrumbList","@id":"https:\/\/www.sinchisinchi.com\/it\/tribu\/yawanawa\/visione-del-mondo\/#breadcrumb","itemListElement":[{"@type":"ListItem","position":1,"name":"Prima pagina","item":"https:\/\/www.sinchisinchi.com\/it\/"},{"@type":"ListItem","position":2,"name":"Trib\u00f9 amazzoniche","item":"https:\/\/www.sinchisinchi.com\/it\/tribu\/"},{"@type":"ListItem","position":3,"name":"Yawanaw\u00e1","item":"https:\/\/www.sinchisinchi.com\/it\/tribu\/yawanawa\/"},{"@type":"ListItem","position":4,"name":"Visione del Mondo"}]},{"@type":"WebSite","@id":"https:\/\/www.sinchisinchi.com\/it\/#website","url":"https:\/\/www.sinchisinchi.com\/it\/","name":"SINCHI","description":"Sinchi Medicine","publisher":{"@id":"https:\/\/www.sinchisinchi.com\/it\/#organization"},"potentialAction":[{"@type":"SearchAction","target":{"@type":"EntryPoint","urlTemplate":"https:\/\/www.sinchisinchi.com\/it\/?s={search_term_string}"},"query-input":{"@type":"PropertyValueSpecification","valueRequired":true,"valueName":"search_term_string"}}],"inLanguage":"it-IT"},{"@type":"Organization","@id":"https:\/\/www.sinchisinchi.com\/it\/#organization","name":"SINCHI S.L","url":"https:\/\/www.sinchisinchi.com\/it\/","logo":{"@type":"ImageObject","inLanguage":"it-IT","@id":"https:\/\/www.sinchisinchi.com\/it\/#\/schema\/logo\/image\/","url":"https:\/\/www.sinchisinchi.com\/wp-content\/uploads\/2026\/01\/3b-Verde-SIMPLIFICADO-HORIZONTAL-F-TRANSPARENTE-scaled.png","contentUrl":"https:\/\/www.sinchisinchi.com\/wp-content\/uploads\/2026\/01\/3b-Verde-SIMPLIFICADO-HORIZONTAL-F-TRANSPARENTE-scaled.png","width":2560,"height":457,"caption":"SINCHI S.L"},"image":{"@id":"https:\/\/www.sinchisinchi.com\/it\/#\/schema\/logo\/image\/"},"sameAs":["https:\/\/www.facebook.com\/sinchirape\/","https:\/\/www.instagram.com\/sinchi_rape\/"]}]}},"_links":{"self":[{"href":"https:\/\/www.sinchisinchi.com\/it\/wp-json\/wp\/v2\/pages\/26091","targetHints":{"allow":["GET"]}}],"collection":[{"href":"https:\/\/www.sinchisinchi.com\/it\/wp-json\/wp\/v2\/pages"}],"about":[{"href":"https:\/\/www.sinchisinchi.com\/it\/wp-json\/wp\/v2\/types\/page"}],"author":[{"embeddable":true,"href":"https:\/\/www.sinchisinchi.com\/it\/wp-json\/wp\/v2\/users\/1"}],"replies":[{"embeddable":true,"href":"https:\/\/www.sinchisinchi.com\/it\/wp-json\/wp\/v2\/comments?post=26091"}],"version-history":[{"count":2,"href":"https:\/\/www.sinchisinchi.com\/it\/wp-json\/wp\/v2\/pages\/26091\/revisions"}],"predecessor-version":[{"id":30113,"href":"https:\/\/www.sinchisinchi.com\/it\/wp-json\/wp\/v2\/pages\/26091\/revisions\/30113"}],"up":[{"embeddable":true,"href":"https:\/\/www.sinchisinchi.com\/it\/wp-json\/wp\/v2\/pages\/3163"}],"wp:attachment":[{"href":"https:\/\/www.sinchisinchi.com\/it\/wp-json\/wp\/v2\/media?parent=26091"}],"curies":[{"name":"wp","href":"https:\/\/api.w.org\/{rel}","templated":true}]}}