{"id":27254,"date":"2025-05-02T10:09:26","date_gmt":"2025-05-02T10:09:26","guid":{"rendered":"https:\/\/www.sinchisinchi.com\/conoscenza\/tribu-amazzoniche\/yawanawa\/cerimonie\/"},"modified":"2026-03-04T14:19:11","modified_gmt":"2026-03-04T14:19:11","slug":"cerimonie","status":"publish","type":"page","link":"https:\/\/www.sinchisinchi.com\/it\/tribu\/yawanawa\/cerimonie\/","title":{"rendered":"Cerimonie"},"content":{"rendered":"\n<h1 style=\"text-align: center;\">Feste e cerimonie<\/h1>\n<p>Le feste rivestono particolare importanza per la creazione e il rafforzamento delle relazioni sociopolitiche tra gli Yawanaw\u00e1 stessi e altri gruppi.<\/p>\n<p><em>Saiti<\/em> (\u2018sai\u2019 significa gridare) \u00e8 la parola Yawanaw\u00e1 che designa genericamente \u2018partito\u2019 e <em>\u2018Mariri\u2019,<\/em> che non \u00e8 una parola Yawanaw\u00e1, \u00e8 usata anche da altri gruppi nella regione.<\/p>\n<div class=\"row\"  id=\"row-1414888876\">\n\n\n\t<div id=\"col-1197516724\" class=\"col medium-1 small-12 large-1\"  >\n\t\t\t\t<div class=\"col-inner\"  >\n\t\t\t\n\t\t\t\n\n\n\t\t<\/div>\n\t\t\t\t\t<\/div>\n\n\t\n\n\t<div id=\"col-1383050371\" class=\"col medium-10 small-12 large-10\"  >\n\t\t\t\t<div class=\"col-inner\"  >\n\t\t\t\n\t\t\t\n\n\t<div class=\"img has-hover x md-x lg-x y md-y lg-y\" id=\"image_285406670\">\n\t\t\t\t\t\t\t\t<div class=\"img-inner dark\" >\n\t\t\t<img loading=\"lazy\" decoding=\"async\" width=\"1020\" height=\"681\" src=\"https:\/\/www.sinchisinchi.com\/wp-content\/uploads\/2025\/01\/6-Tribu-Yawanawa8-1024x684.jpeg\" class=\"attachment-large size-large\" alt=\"\" srcset=\"https:\/\/www.sinchisinchi.com\/wp-content\/uploads\/2025\/01\/6-Tribu-Yawanawa8-1024x684.jpeg 1024w, https:\/\/www.sinchisinchi.com\/wp-content\/uploads\/2025\/01\/6-Tribu-Yawanawa8-600x401.jpeg 600w, https:\/\/www.sinchisinchi.com\/wp-content\/uploads\/2025\/01\/6-Tribu-Yawanawa8-768x513.jpeg 768w, https:\/\/www.sinchisinchi.com\/wp-content\/uploads\/2025\/01\/6-Tribu-Yawanawa8-247x165.jpeg 247w, https:\/\/www.sinchisinchi.com\/wp-content\/uploads\/2025\/01\/6-Tribu-Yawanawa8-510x341.jpeg 510w, https:\/\/www.sinchisinchi.com\/wp-content\/uploads\/2025\/01\/6-Tribu-Yawanawa8.jpeg 1280w\" sizes=\"auto, (max-width: 1020px) 100vw, 1020px\" \/>\t\t\t\t\t\t\n\t\t\t\t\t<\/div>\n\t\t\t\t\t\t\t\t\n<style>\n#image_285406670 {\n  width: 100%;\n}\n<\/style>\n\t<\/div>\n\t\n\n\n\t\t<\/div>\n\t\t\t\t\t<\/div>\n\n\t\n\n\t<div id=\"col-827415083\" class=\"col medium-1 small-12 large-1\"  >\n\t\t\t\t<div class=\"col-inner\"  >\n\t\t\t\n\t\t\t\n\n\n\t\t<\/div>\n\t\t\t\t\t<\/div>\n\n\t\n\n<\/div>\n<p>La festa <em>dell&#8217;uma aki<\/em> (festa della cai\u00e7uma, un tipo di chicha di manioca) dura diversi giorni e si concentra sulle relazioni intergruppo, poich\u00e9 generalmente include partecipanti provenienti da altre comunit\u00e0. Questo rituale si sviluppa in diverse sequenze, alcune delle quali possono presentarsi isolatamente in feste minori: giochi, ingestione e purificazione della cai\u00e7uma, rievocazioni di guerra, danze e canti.<\/p>\n<p>Con l&#8217;avvento della delimitazione territoriale, la consapevolezza dei diritti degli indigeni a partire dagli anni &#8217;80 e le nuove opportunit\u00e0 di ottenere risorse dal movimento ecologista, gli Yawanaw\u00e1 iniziarono a rivitalizzare le loro tradizioni e la loro cultura negli anni &#8217;80.<\/p>\n<p>Nel 2000 hanno creato il Mariri Yawanaw\u00e1 Festival, che mira a preservare la cultura e le tradizioni del popolo. Questa festa riunisce 17 villaggi e dura circa una settimana di canti, balli, cerimonie e giochi. \u00c8 aperto a un numero limitato di turisti.<\/p>\n<p>Si celebra nel Villaggio Sacro, la pi\u00f9 antica delle comunit\u00e0 Yawanaw\u00e1, poich\u00e9 \u00e8 il luogo sacro in cui i nonni (gli sciamani) costruirono il luogo in cui veniva cucinata l'&#8221;ayahuasca&#8221; della nonna.<\/p>\n<div class=\"row\"  id=\"row-723280446\">\n\n\n\t<div id=\"col-1292732218\" class=\"col medium-3 small-12 large-3\"  >\n\t\t\t\t<div class=\"col-inner\"  >\n\t\t\t\n\t\t\t\n\n\n\t\t<\/div>\n\t\t\t\t\t<\/div>\n\n\t\n\n\t<div id=\"col-937213001\" class=\"col medium-6 small-12 large-6\"  >\n\t\t\t\t<div class=\"col-inner\"  >\n\t\t\t\n\t\t\t\n\n\t<div class=\"img has-hover x md-x lg-x y md-y lg-y\" id=\"image_2121640085\">\n\t\t\t\t\t\t\t\t<div class=\"img-inner image-cover dark\" style=\"padding-top:100%;\">\n\t\t\t<img loading=\"lazy\" decoding=\"async\" width=\"765\" height=\"1024\" src=\"https:\/\/www.sinchisinchi.com\/wp-content\/uploads\/2025\/01\/1-Tribu-Yawanawa1-765x1024.jpeg\" class=\"attachment-large size-large\" alt=\"\" srcset=\"https:\/\/www.sinchisinchi.com\/wp-content\/uploads\/2025\/01\/1-Tribu-Yawanawa1-765x1024.jpeg 765w, https:\/\/www.sinchisinchi.com\/wp-content\/uploads\/2025\/01\/1-Tribu-Yawanawa1-448x600.jpeg 448w, https:\/\/www.sinchisinchi.com\/wp-content\/uploads\/2025\/01\/1-Tribu-Yawanawa1-768x1027.jpeg 768w, https:\/\/www.sinchisinchi.com\/wp-content\/uploads\/2025\/01\/1-Tribu-Yawanawa1-247x330.jpeg 247w, https:\/\/www.sinchisinchi.com\/wp-content\/uploads\/2025\/01\/1-Tribu-Yawanawa1-510x682.jpeg 510w, https:\/\/www.sinchisinchi.com\/wp-content\/uploads\/2025\/01\/1-Tribu-Yawanawa1.jpeg 1098w\" sizes=\"auto, (max-width: 765px) 100vw, 765px\" \/>\t\t\t\t\t\t\n\t\t\t\t\t<\/div>\n\t\t\t\t\t\t\t\t\n<style>\n#image_2121640085 {\n  width: 100%;\n}\n<\/style>\n\t<\/div>\n\t\n\n\n\t\t<\/div>\n\t\t\t\t\t<\/div>\n\n\t\n\n\t<div id=\"col-467194978\" class=\"col medium-3 small-12 large-3\"  >\n\t\t\t\t<div class=\"col-inner\"  >\n\t\t\t\n\t\t\t\n\n\n\t\t<\/div>\n\t\t\t\t\t<\/div>\n\n\t\n\n<\/div>\n<p>Quello stesso luogo in seguito divenne il cimitero dei nonni. Ci\u00f2 rende la medicina ancora pi\u00f9 potente in quel caso. L\u00ec hanno anche il grande albero, la grande vite con cui viene cucinata la medicina sacra.<\/p>\n<p>Nel Villaggio Sacro si possono trovare un giardino di erbe medicinali, una piantagione di ayahuasca, pannelli solari che illuminano il villaggio di notte e pompano l&#8217;acqua dal fiume, capanne allestite per diete e ritiri spirituali, piccole spiagge sul fiume, un cimitero sacro, un&#8217;antenna parabolica che trasmette informazioni in tempo reale per un progetto di arte digitale e nuove case in costruzione.<\/p>\n<p>Di fronte al centro comunitario dove i giovani si riuniscono la sera per provare la musica, c&#8217;\u00e8 uno spazio circolare grande quanto met\u00e0 campo da calcio, delimitato da un serpente gigante. \u00c8 un luogo magico di connessione con Madre Terra, il Grande Mistero e la Grande Foresta.<\/p>\n<div class=\"row\"  id=\"row-301142532\">\n\n\n\t<div id=\"col-2116222403\" class=\"col medium-2 small-12 large-2\"  >\n\t\t\t\t<div class=\"col-inner\"  >\n\t\t\t\n\t\t\t\n\n\n\t\t<\/div>\n\t\t\t\t\t<\/div>\n\n\t\n\n\t<div id=\"col-595727680\" class=\"col medium-8 small-12 large-8\"  >\n\t\t\t\t<div class=\"col-inner\"  >\n\t\t\t\n\t\t\t\n\n<div class=\"video video-fit mb\" style=\"padding-top:56.25%;\"><iframe loading=\"lazy\" title=\"Yawanawa - Sina Vaeshu (Uniretreats Video)\" width=\"1020\" height=\"574\" src=\"https:\/\/www.youtube.com\/embed\/vbnshMF0x-o?feature=oembed&#038;enablejsapi=1&#038;origin=https:\/\/www.sinchisinchi.com\" frameborder=\"0\" allow=\"accelerometer; autoplay; clipboard-write; encrypted-media; gyroscope; picture-in-picture; web-share\" referrerpolicy=\"strict-origin-when-cross-origin\" allowfullscreen><\/iframe><\/div>\n\n\n\t\t<\/div>\n\t\t\t\t\t<\/div>\n\n\t\n\n\t<div id=\"col-2119896885\" class=\"col medium-2 small-12 large-2\"  >\n\t\t\t\t<div class=\"col-inner\"  >\n\t\t\t\n\t\t\t\n\n\n\t\t<\/div>\n\t\t\t\t\t<\/div>\n\n\t\n\n<\/div>\n<p>Un visitatore europeo che ha partecipato a questo festival qualche anno fa ci racconta: &#8220;\u00c8 in feste come questa che il villaggio apre le porte agli stranieri. Alle cinque del mattino, la giungla si risveglia, e con essa tutti i membri della trib\u00f9.<\/p>\n<p>Andavano al fiume per fare il bagno, cucinavano e ci facevano fare brevi giri nella giungla attorno al villaggio per mostrarci con orgoglio le diverse propriet\u00e0 di ogni pianta. Di notte veniva acceso un fuoco e molti cantavano con le loro chitarre.<\/p>\n<p>Vanno a dormire molto presto, quando tramonta il sole. I lavori sono distribuiti tra le famiglie. Molti di loro si dedicano alla realizzazione di oggetti artigianali straordinari. Di solito con perline multicolori con cui disegnano animali della giungla, come pappagalli, puma, giaguari e serpenti; Sono imbarcazioni protettive.<\/p>\n<p>Questi prodotti artigianali vengono poi venduti nelle grandi citt\u00e0 o all&#8217;estero. Ci sono persone che non svolgono alcuna attivit\u00e0 specifica durante il giorno. Il festival \u00e8 gratuito e per parteciparvi \u00e8 necessario essere invitati da qualcuno del villaggio o della trib\u00f9. Tutti i visitatori, tuttavia, hanno partecipato all&#8217;acquisto di una moltitudine di prodotti artigianali come ringraziamento per l&#8217;invito.&#8221;<\/p>\n<div class=\"row\"  id=\"row-199887696\">\n\n\n\t<div id=\"col-1564258968\" class=\"col medium-2 small-12 large-2\"  >\n\t\t\t\t<div class=\"col-inner\"  >\n\t\t\t\n\t\t\t\n\n\n\t\t<\/div>\n\t\t\t\t\t<\/div>\n\n\t\n\n\t<div id=\"col-2030168255\" class=\"col medium-8 small-12 large-8\"  >\n\t\t\t\t<div class=\"col-inner\"  >\n\t\t\t\n\t\t\t\n\n\t<div class=\"img has-hover x md-x lg-x y md-y lg-y\" id=\"image_4882983\">\n\t\t\t\t\t\t\t\t<div class=\"img-inner dark\" >\n\t\t\t<img loading=\"lazy\" decoding=\"async\" width=\"851\" height=\"315\" src=\"https:\/\/www.sinchisinchi.com\/wp-content\/uploads\/2025\/01\/300630384_411542674416948_902718602477095590_n-1.png\" class=\"attachment-large size-large\" alt=\"\" srcset=\"https:\/\/www.sinchisinchi.com\/wp-content\/uploads\/2025\/01\/300630384_411542674416948_902718602477095590_n-1.png 851w, https:\/\/www.sinchisinchi.com\/wp-content\/uploads\/2025\/01\/300630384_411542674416948_902718602477095590_n-1-600x222.png 600w, https:\/\/www.sinchisinchi.com\/wp-content\/uploads\/2025\/01\/300630384_411542674416948_902718602477095590_n-1-768x284.png 768w, https:\/\/www.sinchisinchi.com\/wp-content\/uploads\/2025\/01\/300630384_411542674416948_902718602477095590_n-1-247x91.png 247w, https:\/\/www.sinchisinchi.com\/wp-content\/uploads\/2025\/01\/300630384_411542674416948_902718602477095590_n-1-510x189.png 510w\" sizes=\"auto, (max-width: 851px) 100vw, 851px\" \/>\t\t\t\t\t\t\n\t\t\t\t\t<\/div>\n\t\t\t\t\t\t\t\t\n<style>\n#image_4882983 {\n  width: 100%;\n}\n<\/style>\n\t<\/div>\n\t\n\n\n\t\t<\/div>\n\t\t\t\t\t<\/div>\n\n\t\n\n\t<div id=\"col-848205690\" class=\"col medium-2 small-12 large-2\"  >\n\t\t\t\t<div class=\"col-inner\"  >\n\t\t\t\n\t\t\t\n\n\n\t\t<\/div>\n\t\t\t\t\t<\/div>\n\n\t\n\n<\/div>\n<p>Nel 2002 \u00e8 stato inaugurato il Festival Yawa nel villaggio di Nova Esperan\u00e7a. Si tratta di un evento che mira a far conoscere e condividere la cultura Yawanaw\u00e1 con altre trib\u00f9 amazzoniche e con tutte le persone, indipendentemente dalla loro etnia o nazionalit\u00e0, interessate a saperne di pi\u00f9 sulla loro visione del mondo.<\/p>\n<p>Questo grandioso raduno a Nova Esperan\u00e7a rappresenta un momento di grande significato per gli Yawanaw\u00e1, che invoca la salvezza, la rinascita e la rivitalizzazione della loro cultura. La festivit\u00e0 celebra la prosperit\u00e0 dei tempi nuovi in \u200b\u200bcontrapposizione al precedente periodo di conflitti, dispersione familiare, difficolt\u00e0 e oppressione.<\/p>\n<p>La festa si svolge a ottobre e dura cinque giorni. Diversi gruppi provenienti dai centri urbani giungono nel territorio indigeno per vedere e partecipare a questo evento. Gli indigeni li decorano con dipinti e ne spiegano il significato.<\/p>\n<p>In alcuni giorni, di notte, si svolgono rituali con <em>rom\u00eb e uni<\/em> (Ayahuasca). Ci sono momenti specifici in cui i leader locali tengono discorsi sulla cultura indigena, evidenziando il processo di rivitalizzazione della cultura Yawanaw\u00e1.<\/p>\n<div class=\"row\"  id=\"row-963861691\">\n\n\n\t<div id=\"col-571181762\" class=\"col medium-2 small-12 large-2\"  >\n\t\t\t\t<div class=\"col-inner\"  >\n\t\t\t\n\t\t\t\n\n\n\t\t<\/div>\n\t\t\t\t\t<\/div>\n\n\t\n\n\t<div id=\"col-692972800\" class=\"col medium-8 small-12 large-8\"  >\n\t\t\t\t<div class=\"col-inner\"  >\n\t\t\t\n\t\t\t\n\n<div class=\"video video-fit mb\" style=\"padding-top:56.25%;\"><p><iframe loading=\"lazy\" title=\"XV Festival Yawanawa\" width=\"1020\" height=\"574\" src=\"https:\/\/www.youtube.com\/embed\/HTEc2xKDX-A?feature=oembed&#038;enablejsapi=1&#038;origin=https:\/\/www.sinchisinchi.com\" frameborder=\"0\" allow=\"accelerometer; autoplay; clipboard-write; encrypted-media; gyroscope; picture-in-picture; web-share\" referrerpolicy=\"strict-origin-when-cross-origin\" allowfullscreen><\/iframe><\/p>\n<\/div>\n\n<p style=\"text-align: center;\">Festival Nova Esper\u00e7a<\/p>\n\n\t\t<\/div>\n\t\t\t\t\t<\/div>\n\n\t\n\n\t<div id=\"col-959162145\" class=\"col medium-2 small-12 large-2\"  >\n\t\t\t\t<div class=\"col-inner\"  >\n\t\t\t\n\t\t\t\n\n\n\t\t<\/div>\n\t\t\t\t\t<\/div>\n\n\t\n\n<\/div>\n<p>Sciamano e compagno del leader Bira, organizza ritiri spirituali per persone provenienti da tutto il mondo. Questo tipo di turismo, basato sulle pratiche rituali degli Yawanaw\u00e1 a scopo terapeutico, rappresenta per loro un&#8217;importante fonte di reddito, cos\u00ec come il turismo &#8220;etnico&#8221;.<\/p>\n<p>Ballare e cantare il \u201csaiti\u201d, scoprire le proprie origini e bere \u201cuni\u201d sono attivit\u00e0 che il popolo Yawanaw\u00e1 condivide con i visitatori stranieri durante queste festivit\u00e0. Nei discorsi del Festival la storia viene presentata come una rinascita culturale, un&#8217;affermazione identitaria e politica.<\/p>\n<p>Anche se a prima vista l&#8217;etichetta di <em>etnoturismo<\/em> pu\u00f2 conferire all&#8217;evento un aspetto specifico, la maggior parte dei visitatori, cos\u00ec come la gente del posto stessa, concepisce il festival come qualcosa di molto diverso dal turismo.<\/p>\n<p>Tra i visitatori si ricerca una filosofia ecologica: &#8220;I popoli indigeni o le minoranze etniche o culturali provenienti dai quattro angoli della Terra sono visti come custodi delle conoscenze tradizionali riguardanti il \u200b\u200bloro ambiente e come alternative etiche e tecniche al modello economico moderno&#8221;, e quindi &#8220;popoli indigeni&#8221; \u00e8 un termine legato al rispetto per Madre Terra.<\/p>\n<div class=\"row\"  id=\"row-2129672360\">\n\n\n\t<div id=\"col-970651071\" class=\"col medium-2 small-12 large-2\"  >\n\t\t\t\t<div class=\"col-inner\"  >\n\t\t\t\n\t\t\t\n\n\n\t\t<\/div>\n\t\t\t\t\t<\/div>\n\n\t\n\n\t<div id=\"col-1976335497\" class=\"col medium-8 small-12 large-8\"  >\n\t\t\t\t<div class=\"col-inner\"  >\n\t\t\t\n\t\t\t\n\n<div class=\"video video-fit mb\" style=\"padding-top:56.25%;\"><p><iframe loading=\"lazy\" title=\"Yawanawa Nii Naya Naya Ne (Uniretreats Video)\" width=\"1020\" height=\"574\" src=\"https:\/\/www.youtube.com\/embed\/0TFNvCCWnqo?feature=oembed&#038;enablejsapi=1&#038;origin=https:\/\/www.sinchisinchi.com\" frameborder=\"0\" allow=\"accelerometer; autoplay; clipboard-write; encrypted-media; gyroscope; picture-in-picture; web-share\" referrerpolicy=\"strict-origin-when-cross-origin\" allowfullscreen><\/iframe><\/p>\n<\/div>\n\n\n\t\t<\/div>\n\t\t\t\t\t<\/div>\n\n\t\n\n\t<div id=\"col-1749278547\" class=\"col medium-2 small-12 large-2\"  >\n\t\t\t\t<div class=\"col-inner\"  >\n\t\t\t\n\t\t\t\n\n\n\t\t<\/div>\n\t\t\t\t\t<\/div>\n\n\t\n\n<\/div>\n<p>Per alcuni Yawanaw\u00e1 questa celebrazione non \u00e8 molto varia e interessa solo la popolazione della regione. \u00c8 uno spazio in cui condivido il mio stile di vita con i miei visitatori. Le conoscenze e le tecniche sciamaniche riguardano la relazione con gli <em>yuxin<\/em>, gli spiriti che abitano la foresta e interferiscono nella vita umana.<\/p>\n\t<div id=\"gap-1691977139\" class=\"gap-element clearfix\" style=\"display:block; height:auto;\">\n\t\t\n<style>\n#gap-1691977139 {\n  padding-top: 30px;\n}\n<\/style>\n\t<\/div>\n\t\n\n<h2 style=\"text-align: center;\">Espansione culturale dell&#8217;Ayahuasca<\/h2>\n<p>Anni fa, la Nonna Ayahuasca si \u00e8 ampliata e i suoi confini, \u00e8 stata interpretata atraverso altre forme di comprensione dell&#8217;experienza ed \u00e8 emersa della foresta pluviale amazzonica. Attualmente questa pratica si sta diffondendo come movimento globale, focalizzato in America ed Europa, ed eterogeneo nelle sue forme di espressione.<\/p>\n<p>Sta emergendo l&#8217;era della <em>comunicazione e dei social media,<\/em> che si espandono e si limitano alle reti virtuali. Il popolo Yawanaw\u00e1 partecipa all&#8217;espansione della coscienza umana adottando questo piano durante festivit\u00e0 e cerimonie nei cinque continenti.<\/p>\n<h2 style=\"text-align: center;\">Continua a leggere:<\/h2>\n<a href=\"https:\/\/www.sinchisinchi.com\/it\/tribu\/yawanawa\/musica\/\" class=\"button primary is-underline expand\" >\n\t\t<span>Musica Yawanaw\u00e1<\/span>\n\t<\/a>\n\n\n\n","protected":false},"excerpt":{"rendered":"","protected":false},"author":1,"featured_media":0,"parent":3163,"menu_order":0,"comment_status":"closed","ping_status":"closed","template":"","meta":{"_joinchat":[],"footnotes":""},"class_list":["post-27254","page","type-page","status-publish","hentry"],"yoast_head":"<!-- This site is optimized with the Yoast SEO plugin v27.4 - https:\/\/yoast.com\/product\/yoast-seo-wordpress\/ -->\n<title>Cerimonie e feste Yawanaw\u00e1<\/title>\n<meta name=\"description\" content=\"Il popolo Yawanaw\u00e1 partecipa all&#039;espansione della coscienza umana attraverso feste e cerimonie sparse nei cinque continenti.\" \/>\n<meta name=\"robots\" content=\"index, follow, max-snippet:-1, max-image-preview:large, max-video-preview:-1\" \/>\n<link rel=\"canonical\" href=\"https:\/\/www.sinchisinchi.com\/it\/tribu\/yawanawa\/cerimonie\/\" \/>\n<meta property=\"og:locale\" content=\"it_IT\" \/>\n<meta property=\"og:type\" content=\"article\" \/>\n<meta property=\"og:title\" content=\"Cerimonie e feste Yawanaw\u00e1\" \/>\n<meta property=\"og:description\" content=\"Il popolo Yawanaw\u00e1 partecipa all&#039;espansione della coscienza umana attraverso feste e cerimonie sparse nei cinque continenti.\" \/>\n<meta property=\"og:url\" content=\"https:\/\/www.sinchisinchi.com\/it\/tribu\/yawanawa\/cerimonie\/\" \/>\n<meta property=\"og:site_name\" content=\"SINCHI RAP\u00c9\" \/>\n<meta property=\"article:publisher\" content=\"https:\/\/www.facebook.com\/sinchirape\/\" \/>\n<meta property=\"article:modified_time\" content=\"2026-03-04T14:19:11+00:00\" \/>\n<meta name=\"twitter:card\" content=\"summary_large_image\" \/>\n<meta name=\"twitter:label1\" content=\"Tempo di lettura stimato\" \/>\n\t<meta name=\"twitter:data1\" content=\"6 minuti\" \/>\n<script type=\"application\/ld+json\" class=\"yoast-schema-graph\">{\"@context\":\"https:\\\/\\\/schema.org\",\"@graph\":[{\"@type\":\"WebPage\",\"@id\":\"https:\\\/\\\/www.sinchisinchi.com\\\/it\\\/tribu\\\/yawanawa\\\/cerimonie\\\/\",\"url\":\"https:\\\/\\\/www.sinchisinchi.com\\\/it\\\/tribu\\\/yawanawa\\\/cerimonie\\\/\",\"name\":\"Cerimonie e feste Yawanaw\u00e1\",\"isPartOf\":{\"@id\":\"https:\\\/\\\/www.sinchisinchi.com\\\/it\\\/#website\"},\"datePublished\":\"2025-05-02T10:09:26+00:00\",\"dateModified\":\"2026-03-04T14:19:11+00:00\",\"description\":\"Il popolo Yawanaw\u00e1 partecipa all'espansione della coscienza umana attraverso feste e cerimonie sparse nei cinque continenti.\",\"breadcrumb\":{\"@id\":\"https:\\\/\\\/www.sinchisinchi.com\\\/it\\\/tribu\\\/yawanawa\\\/cerimonie\\\/#breadcrumb\"},\"inLanguage\":\"it-IT\",\"potentialAction\":[{\"@type\":\"ReadAction\",\"target\":[\"https:\\\/\\\/www.sinchisinchi.com\\\/it\\\/tribu\\\/yawanawa\\\/cerimonie\\\/\"]}]},{\"@type\":\"BreadcrumbList\",\"@id\":\"https:\\\/\\\/www.sinchisinchi.com\\\/it\\\/tribu\\\/yawanawa\\\/cerimonie\\\/#breadcrumb\",\"itemListElement\":[{\"@type\":\"ListItem\",\"position\":1,\"name\":\"Prima pagina\",\"item\":\"https:\\\/\\\/www.sinchisinchi.com\\\/it\\\/\"},{\"@type\":\"ListItem\",\"position\":2,\"name\":\"Trib\u00f9 amazzoniche\",\"item\":\"https:\\\/\\\/www.sinchisinchi.com\\\/it\\\/tribu\\\/\"},{\"@type\":\"ListItem\",\"position\":3,\"name\":\"Yawanaw\u00e1\",\"item\":\"https:\\\/\\\/www.sinchisinchi.com\\\/it\\\/tribu\\\/yawanawa\\\/\"},{\"@type\":\"ListItem\",\"position\":4,\"name\":\"Cerimonie\"}]},{\"@type\":\"WebSite\",\"@id\":\"https:\\\/\\\/www.sinchisinchi.com\\\/it\\\/#website\",\"url\":\"https:\\\/\\\/www.sinchisinchi.com\\\/it\\\/\",\"name\":\"SINCHI\",\"description\":\"Sinchi Medicine\",\"publisher\":{\"@id\":\"https:\\\/\\\/www.sinchisinchi.com\\\/it\\\/#organization\"},\"potentialAction\":[{\"@type\":\"SearchAction\",\"target\":{\"@type\":\"EntryPoint\",\"urlTemplate\":\"https:\\\/\\\/www.sinchisinchi.com\\\/it\\\/?s={search_term_string}\"},\"query-input\":{\"@type\":\"PropertyValueSpecification\",\"valueRequired\":true,\"valueName\":\"search_term_string\"}}],\"inLanguage\":\"it-IT\"},{\"@type\":\"Organization\",\"@id\":\"https:\\\/\\\/www.sinchisinchi.com\\\/it\\\/#organization\",\"name\":\"SINCHI S.L\",\"url\":\"https:\\\/\\\/www.sinchisinchi.com\\\/it\\\/\",\"logo\":{\"@type\":\"ImageObject\",\"inLanguage\":\"it-IT\",\"@id\":\"https:\\\/\\\/www.sinchisinchi.com\\\/it\\\/#\\\/schema\\\/logo\\\/image\\\/\",\"url\":\"https:\\\/\\\/www.sinchisinchi.com\\\/wp-content\\\/uploads\\\/2026\\\/01\\\/3b-Verde-SIMPLIFICADO-HORIZONTAL-F-TRANSPARENTE-scaled.png\",\"contentUrl\":\"https:\\\/\\\/www.sinchisinchi.com\\\/wp-content\\\/uploads\\\/2026\\\/01\\\/3b-Verde-SIMPLIFICADO-HORIZONTAL-F-TRANSPARENTE-scaled.png\",\"width\":2560,\"height\":457,\"caption\":\"SINCHI S.L\"},\"image\":{\"@id\":\"https:\\\/\\\/www.sinchisinchi.com\\\/it\\\/#\\\/schema\\\/logo\\\/image\\\/\"},\"sameAs\":[\"https:\\\/\\\/www.facebook.com\\\/sinchirape\\\/\",\"https:\\\/\\\/www.instagram.com\\\/sinchi_rape\\\/\"]}]}<\/script>\n<!-- \/ Yoast SEO plugin. -->","yoast_head_json":{"title":"Cerimonie e feste Yawanaw\u00e1","description":"Il popolo Yawanaw\u00e1 partecipa all'espansione della coscienza umana attraverso feste e cerimonie sparse nei cinque continenti.","robots":{"index":"index","follow":"follow","max-snippet":"max-snippet:-1","max-image-preview":"max-image-preview:large","max-video-preview":"max-video-preview:-1"},"canonical":"https:\/\/www.sinchisinchi.com\/it\/tribu\/yawanawa\/cerimonie\/","og_locale":"it_IT","og_type":"article","og_title":"Cerimonie e feste Yawanaw\u00e1","og_description":"Il popolo Yawanaw\u00e1 partecipa all'espansione della coscienza umana attraverso feste e cerimonie sparse nei cinque continenti.","og_url":"https:\/\/www.sinchisinchi.com\/it\/tribu\/yawanawa\/cerimonie\/","og_site_name":"SINCHI RAP\u00c9","article_publisher":"https:\/\/www.facebook.com\/sinchirape\/","article_modified_time":"2026-03-04T14:19:11+00:00","twitter_card":"summary_large_image","twitter_misc":{"Tempo di lettura stimato":"6 minuti"},"schema":{"@context":"https:\/\/schema.org","@graph":[{"@type":"WebPage","@id":"https:\/\/www.sinchisinchi.com\/it\/tribu\/yawanawa\/cerimonie\/","url":"https:\/\/www.sinchisinchi.com\/it\/tribu\/yawanawa\/cerimonie\/","name":"Cerimonie e feste Yawanaw\u00e1","isPartOf":{"@id":"https:\/\/www.sinchisinchi.com\/it\/#website"},"datePublished":"2025-05-02T10:09:26+00:00","dateModified":"2026-03-04T14:19:11+00:00","description":"Il popolo Yawanaw\u00e1 partecipa all'espansione della coscienza umana attraverso feste e cerimonie sparse nei cinque continenti.","breadcrumb":{"@id":"https:\/\/www.sinchisinchi.com\/it\/tribu\/yawanawa\/cerimonie\/#breadcrumb"},"inLanguage":"it-IT","potentialAction":[{"@type":"ReadAction","target":["https:\/\/www.sinchisinchi.com\/it\/tribu\/yawanawa\/cerimonie\/"]}]},{"@type":"BreadcrumbList","@id":"https:\/\/www.sinchisinchi.com\/it\/tribu\/yawanawa\/cerimonie\/#breadcrumb","itemListElement":[{"@type":"ListItem","position":1,"name":"Prima pagina","item":"https:\/\/www.sinchisinchi.com\/it\/"},{"@type":"ListItem","position":2,"name":"Trib\u00f9 amazzoniche","item":"https:\/\/www.sinchisinchi.com\/it\/tribu\/"},{"@type":"ListItem","position":3,"name":"Yawanaw\u00e1","item":"https:\/\/www.sinchisinchi.com\/it\/tribu\/yawanawa\/"},{"@type":"ListItem","position":4,"name":"Cerimonie"}]},{"@type":"WebSite","@id":"https:\/\/www.sinchisinchi.com\/it\/#website","url":"https:\/\/www.sinchisinchi.com\/it\/","name":"SINCHI","description":"Sinchi Medicine","publisher":{"@id":"https:\/\/www.sinchisinchi.com\/it\/#organization"},"potentialAction":[{"@type":"SearchAction","target":{"@type":"EntryPoint","urlTemplate":"https:\/\/www.sinchisinchi.com\/it\/?s={search_term_string}"},"query-input":{"@type":"PropertyValueSpecification","valueRequired":true,"valueName":"search_term_string"}}],"inLanguage":"it-IT"},{"@type":"Organization","@id":"https:\/\/www.sinchisinchi.com\/it\/#organization","name":"SINCHI S.L","url":"https:\/\/www.sinchisinchi.com\/it\/","logo":{"@type":"ImageObject","inLanguage":"it-IT","@id":"https:\/\/www.sinchisinchi.com\/it\/#\/schema\/logo\/image\/","url":"https:\/\/www.sinchisinchi.com\/wp-content\/uploads\/2026\/01\/3b-Verde-SIMPLIFICADO-HORIZONTAL-F-TRANSPARENTE-scaled.png","contentUrl":"https:\/\/www.sinchisinchi.com\/wp-content\/uploads\/2026\/01\/3b-Verde-SIMPLIFICADO-HORIZONTAL-F-TRANSPARENTE-scaled.png","width":2560,"height":457,"caption":"SINCHI S.L"},"image":{"@id":"https:\/\/www.sinchisinchi.com\/it\/#\/schema\/logo\/image\/"},"sameAs":["https:\/\/www.facebook.com\/sinchirape\/","https:\/\/www.instagram.com\/sinchi_rape\/"]}]}},"_links":{"self":[{"href":"https:\/\/www.sinchisinchi.com\/it\/wp-json\/wp\/v2\/pages\/27254","targetHints":{"allow":["GET"]}}],"collection":[{"href":"https:\/\/www.sinchisinchi.com\/it\/wp-json\/wp\/v2\/pages"}],"about":[{"href":"https:\/\/www.sinchisinchi.com\/it\/wp-json\/wp\/v2\/types\/page"}],"author":[{"embeddable":true,"href":"https:\/\/www.sinchisinchi.com\/it\/wp-json\/wp\/v2\/users\/1"}],"replies":[{"embeddable":true,"href":"https:\/\/www.sinchisinchi.com\/it\/wp-json\/wp\/v2\/comments?post=27254"}],"version-history":[{"count":2,"href":"https:\/\/www.sinchisinchi.com\/it\/wp-json\/wp\/v2\/pages\/27254\/revisions"}],"predecessor-version":[{"id":30129,"href":"https:\/\/www.sinchisinchi.com\/it\/wp-json\/wp\/v2\/pages\/27254\/revisions\/30129"}],"up":[{"embeddable":true,"href":"https:\/\/www.sinchisinchi.com\/it\/wp-json\/wp\/v2\/pages\/3163"}],"wp:attachment":[{"href":"https:\/\/www.sinchisinchi.com\/it\/wp-json\/wp\/v2\/media?parent=27254"}],"curies":[{"name":"wp","href":"https:\/\/api.w.org\/{rel}","templated":true}]}}