{"id":2749,"date":"2020-12-25T23:17:13","date_gmt":"2020-12-25T23:17:13","guid":{"rendered":"https:\/\/www.sinchisinchi.com\/benefici-del-rape-snuff-tabacco-da-fiuto\/"},"modified":"2026-03-04T20:05:43","modified_gmt":"2026-03-04T20:05:43","slug":"benefici-del-rape-snuff-tabacco-da-fiuto","status":"publish","type":"page","link":"https:\/\/www.sinchisinchi.com\/it\/conoscenza\/cose-rape\/benefici-del-rape-snuff-tabacco-da-fiuto\/","title":{"rendered":"Effetti del rap\u00e9"},"content":{"rendered":"\n<h1 style=\"text-align: center;\">Effetti del rap\u00e9<\/h1>\n<h2 style=\"text-align: center;\">Benefici del Rap\u00e9 a livello energetico ed emozionale:<\/h2>\n<p>Per le trib\u00f9 amazzoniche, Rap\u00e9 \u00e8 uno strumento potente che purifica la percezione, schiarisce la mente e apre canali energetici pi\u00f9 elevati, connettendoci con l\u2019essere pi\u00f9 elevato.<\/p>\n<p><strong>Interrompendo il dialogo interno<\/strong>,Rap\u00e9 ti aiuta a essere veramente presente e a vedere oltre le interpretazioni, inducendo uno stato meditativo diretto. \u00c8 di inestimabile aiuto per calmare i processi mentali ricorrenti e per riequilibrare gli stati emotivi sbilanciati.<\/p>\n<p>Usato bene, il Rap\u00e9 \u00e8 un modo diretto per<strong> prendere coscienza, sbloccare e guarire<\/strong> queste cariche energetiche ed emotive che si traducono in paure, depressione, ansia, sentimenti di abbandono, gelosia, frustrazione, insonnia, ecc.<\/p>\n<p>\u00c8 di grande aiuto avere <strong>chiarezza mentale<\/strong> quando \u00e8 richiesta un\u2019elevata concentrazione, poich\u00e9 induce uno stato meditativo.<\/p>\n<p>Quando si riceve il Rap\u00e9, la medicina si solleva, pulendo, ordinando e allineando il campo energetico, in particolare il terzo occhio e i chakra della corona. I giri di tabacco nei circoli medici, cos\u00ec come nell\u2019assunzione di ayahuasca o di altre piante principali, servono a sincronizzare e allineare l\u2019attenzione e la percezione dei partecipanti.<\/p>\n<div class=\"row\"  id=\"row-549308885\">\n\n\n\t<div id=\"col-650215753\" class=\"col medium-6 small-12 large-6\"  >\n\t\t\t\t<div class=\"col-inner\"  >\n\t\t\t\n\t\t\t\n\n\t<div class=\"img has-hover x md-x lg-x y md-y lg-y\" id=\"image_989427567\">\n\t\t\t\t\t\t\t\t<div class=\"img-inner dark\" >\n\t\t\t<img loading=\"lazy\" decoding=\"async\" width=\"868\" height=\"563\" src=\"https:\/\/www.sinchisinchi.com\/wp-content\/uploads\/2024\/07\/R-dibujos-de-rape2-1.jpg\" class=\"attachment-large size-large\" alt=\"\" srcset=\"https:\/\/www.sinchisinchi.com\/wp-content\/uploads\/2024\/07\/R-dibujos-de-rape2-1.jpg 868w, https:\/\/www.sinchisinchi.com\/wp-content\/uploads\/2024\/07\/R-dibujos-de-rape2-1-600x389.jpg 600w, https:\/\/www.sinchisinchi.com\/wp-content\/uploads\/2024\/07\/R-dibujos-de-rape2-1-768x498.jpg 768w, https:\/\/www.sinchisinchi.com\/wp-content\/uploads\/2024\/07\/R-dibujos-de-rape2-1-247x160.jpg 247w, https:\/\/www.sinchisinchi.com\/wp-content\/uploads\/2024\/07\/R-dibujos-de-rape2-1-510x331.jpg 510w\" sizes=\"auto, (max-width: 868px) 100vw, 868px\" \/>\t\t\t\t\t\t\n\t\t\t\t\t<\/div>\n\t\t\t\t\t\t\t\t\n<style>\n#image_989427567 {\n  width: 100%;\n}\n<\/style>\n\t<\/div>\n\t\n\n\n\t\t<\/div>\n\t\t\t\t\t<\/div>\n\n\t\n\n\t<div id=\"col-421400116\" class=\"col medium-6 small-12 large-6\"  >\n\t\t\t\t<div class=\"col-inner\"  >\n\t\t\t\n\t\t\t\n\n\t<div class=\"img has-hover x md-x lg-x y md-y lg-y\" id=\"image_1878358311\">\n\t\t\t\t\t\t\t\t<div class=\"img-inner dark\" >\n\t\t\t<img loading=\"lazy\" decoding=\"async\" width=\"868\" height=\"563\" src=\"https:\/\/www.sinchisinchi.com\/wp-content\/uploads\/2024\/07\/R-Flor-del-mapacho2-3.jpg\" class=\"attachment-large size-large\" alt=\"\" srcset=\"https:\/\/www.sinchisinchi.com\/wp-content\/uploads\/2024\/07\/R-Flor-del-mapacho2-3.jpg 868w, https:\/\/www.sinchisinchi.com\/wp-content\/uploads\/2024\/07\/R-Flor-del-mapacho2-3-600x389.jpg 600w, https:\/\/www.sinchisinchi.com\/wp-content\/uploads\/2024\/07\/R-Flor-del-mapacho2-3-768x498.jpg 768w, https:\/\/www.sinchisinchi.com\/wp-content\/uploads\/2024\/07\/R-Flor-del-mapacho2-3-247x160.jpg 247w, https:\/\/www.sinchisinchi.com\/wp-content\/uploads\/2024\/07\/R-Flor-del-mapacho2-3-510x331.jpg 510w\" sizes=\"auto, (max-width: 868px) 100vw, 868px\" \/>\t\t\t\t\t\t\n\t\t\t\t\t<\/div>\n\t\t\t\t\t\t\t\t\n<style>\n#image_1878358311 {\n  width: 100%;\n}\n<\/style>\n\t<\/div>\n\t\n\n\n\t\t<\/div>\n\t\t\t\t\t<\/div>\n\n\t\n\n<\/div>\n<h2 style=\"text-align: center;\">Benefici del Rap\u00e9 a livello fisico:<\/h2>\n<p>Preziosi gli<strong> effetti<\/strong> del Rap\u00e9 anche a livello fisico: \u00e8 molto efficace nel trattamento dei problemi dell\u2019apparato respiratorio, in particolare sinusiti, bronchiti croniche, polmoniti e tubercolosi. \u00c8 efficace anche contro il mal di testa persistente, l\u2019emicrania, i problemi dell\u2019apparato digerente e le allergie.<\/p>\n<p>Il rap\u00e9 immunizza anche contro le malattie dell\u2019apparato respiratorio, \u00e8 un potente analgesico, elimina mal di testa e dolori muscolari, \u00e8 rilassante e antipiretico.<\/p>\n<p>Una parte pu\u00f2 essere <strong>inviata<\/strong> al sistema digestivo, dove svermina e aiuta a pulire lo stomaco e l\u2019intestino. Come parte di questa pulizia, potresti vomitare.<\/p>\n<p>Inoltre, \u00e8 noto che il <strong>Rap\u00e9 agisce sulla ghiandola pineale<\/strong>. Il terapeuta della Gestalt e specialista nell\u2019uso delle piante medicinali Hendara Rico, ha dichiarato al quotidiano Efe che \u201cLa ghiandola pineale, attraverso alcune sostanze di uso quotidiano come il fluoro, diventa calcificata e insensibile, e il tabacco agisce decalcificando quella ghiandola\u201d.<\/p>\n<p>Aiuta a riavviare il ciclo di pulizia dei polmoni e genera l\u2019espulsione di catarro e corpi estranei; \u00c8 altamente raccomandato per coloro che soffrono di asma.<\/p>\n<p>Il tabacco da fiuto \u00e8 anche usato come sostanza analgesica che allevia la fatica, il dolore, la fame e la sete.<\/p>\n<p>Il tabacco da fiuto a base di procione contiene nicotina, quindi il suo utilizzo aumenta il flusso sanguigno al cervello e influenza il rilascio di diversi neurotrasmettitori che portano ad effetti antidepressivi e stimolanti.<\/p>\n<p>\u00c8 anche un ottimo <strong>cicatrizzante e antibiotico<\/strong> applicato sulle ferite, soprattutto quelle contenenti salvia e lavanda.<\/p>\n<div class=\"row\"  id=\"row-1109795813\">\n\n\n\t<div id=\"col-2143350320\" class=\"col medium-6 small-12 large-6\"  >\n\t\t\t\t<div class=\"col-inner\"  >\n\t\t\t\n\t\t\t\n\n\t<div class=\"img has-hover x md-x lg-x y md-y lg-y\" id=\"image_2004504425\">\n\t\t\t\t\t\t\t\t<div class=\"img-inner dark\" >\n\t\t\t<img loading=\"lazy\" decoding=\"async\" width=\"868\" height=\"563\" src=\"https:\/\/www.sinchisinchi.com\/wp-content\/uploads\/2024\/07\/R-toma-de-rape3-1.jpg\" class=\"attachment-large size-large\" alt=\"\" srcset=\"https:\/\/www.sinchisinchi.com\/wp-content\/uploads\/2024\/07\/R-toma-de-rape3-1.jpg 868w, https:\/\/www.sinchisinchi.com\/wp-content\/uploads\/2024\/07\/R-toma-de-rape3-1-600x389.jpg 600w, https:\/\/www.sinchisinchi.com\/wp-content\/uploads\/2024\/07\/R-toma-de-rape3-1-768x498.jpg 768w, https:\/\/www.sinchisinchi.com\/wp-content\/uploads\/2024\/07\/R-toma-de-rape3-1-247x160.jpg 247w, https:\/\/www.sinchisinchi.com\/wp-content\/uploads\/2024\/07\/R-toma-de-rape3-1-510x331.jpg 510w\" sizes=\"auto, (max-width: 868px) 100vw, 868px\" \/>\t\t\t\t\t\t\n\t\t\t\t\t<\/div>\n\t\t\t\t\t\t\t\t\n<style>\n#image_2004504425 {\n  width: 100%;\n}\n<\/style>\n\t<\/div>\n\t\n\n\n\t\t<\/div>\n\t\t\t\t\t<\/div>\n\n\t\n\n\t<div id=\"col-108177704\" class=\"col medium-6 small-12 large-6\"  >\n\t\t\t\t<div class=\"col-inner\"  >\n\t\t\t\n\t\t\t\n\n\t<div class=\"img has-hover x md-x lg-x y md-y lg-y\" id=\"image_26465964\">\n\t\t\t\t\t\t\t\t<div class=\"img-inner dark\" >\n\t\t\t<img loading=\"lazy\" decoding=\"async\" width=\"868\" height=\"563\" src=\"https:\/\/www.sinchisinchi.com\/wp-content\/uploads\/2024\/07\/R-historia-del-tabaco1-1.jpg\" class=\"attachment-large size-large\" alt=\"\" srcset=\"https:\/\/www.sinchisinchi.com\/wp-content\/uploads\/2024\/07\/R-historia-del-tabaco1-1.jpg 868w, https:\/\/www.sinchisinchi.com\/wp-content\/uploads\/2024\/07\/R-historia-del-tabaco1-1-600x389.jpg 600w, https:\/\/www.sinchisinchi.com\/wp-content\/uploads\/2024\/07\/R-historia-del-tabaco1-1-768x498.jpg 768w, https:\/\/www.sinchisinchi.com\/wp-content\/uploads\/2024\/07\/R-historia-del-tabaco1-1-247x160.jpg 247w, https:\/\/www.sinchisinchi.com\/wp-content\/uploads\/2024\/07\/R-historia-del-tabaco1-1-510x331.jpg 510w\" sizes=\"auto, (max-width: 868px) 100vw, 868px\" \/>\t\t\t\t\t\t\n\t\t\t\t\t<\/div>\n\t\t\t\t\t\t\t\t\n<style>\n#image_26465964 {\n  width: 100%;\n}\n<\/style>\n\t<\/div>\n\t\n\n\n\t\t<\/div>\n\t\t\t\t\t<\/div>\n\n\t\n\n<\/div>\n\t<div id=\"gap-190493379\" class=\"gap-element clearfix\" style=\"display:block; height:auto;\">\n\t\t\n<style>\n#gap-190493379 {\n  padding-top: 30px;\n}\n<\/style>\n\t<\/div>\n\t\n\n<div class=\"row align-bottom\"  id=\"row-44198456\">\n\n\n\t<div id=\"col-399129837\" class=\"col medium-4 small-12 large-4\"  >\n\t\t\t\t<div class=\"col-inner\"  >\n\t\t\t\n\t\t\t\n\n\n\t\t<\/div>\n\t\t\t\t\t<\/div>\n\n\t\n\n\t<div id=\"col-334797936\" class=\"col medium-4 small-12 large-4\"  >\n\t\t\t\t<div class=\"col-inner\"  >\n\t\t\t\n\t\t\t\n\n<a href=\"https:\/\/www.sinchisinchi.com\/it\/conoscenza\/cose-rape\/cerimonia-del-rape\/\" class=\"button primary is-underline reveal-icon expand\" >\n\t\t<span>CONTINUA A LEGGERE<\/span>\n\t<i class=\"icon-angle-right\" aria-hidden=\"true\"><\/i><\/a>\n\n\n\n\t\t<\/div>\n\t\t\t\t\t<\/div>\n\n\t\n\n\t<div id=\"col-410217197\" class=\"col medium-4 small-12 large-4\"  >\n\t\t\t\t<div class=\"col-inner\"  >\n\t\t\t\n\t\t\t\n\n\n\t\t<\/div>\n\t\t\t\t\t<\/div>\n\n\t\n\n<\/div>\n\n","protected":false},"excerpt":{"rendered":"","protected":false},"author":1,"featured_media":0,"parent":2962,"menu_order":0,"comment_status":"closed","ping_status":"closed","template":"","meta":{"_joinchat":[],"footnotes":""},"class_list":["post-2749","page","type-page","status-publish","hentry"],"yoast_head":"<!-- This site is optimized with the Yoast SEO plugin v27.4 - https:\/\/yoast.com\/product\/yoast-seo-wordpress\/ -->\n<title>Effetti del Rap\u00e9: Poteri fisici e spirituali del Rap\u00e9<\/title>\n<meta name=\"description\" content=\"Effetti del Rap\u00e9: Il Rap\u00e9 \u00e8 uno strumento potente che purifica la nostra percezione, schiarisce la mente e promuove la connessione.\" \/>\n<meta name=\"robots\" content=\"index, follow, max-snippet:-1, max-image-preview:large, max-video-preview:-1\" \/>\n<link rel=\"canonical\" href=\"https:\/\/www.sinchisinchi.com\/it\/conoscenza\/cose-rape\/benefici-del-rape-snuff-tabacco-da-fiuto\/\" \/>\n<meta property=\"og:locale\" content=\"it_IT\" \/>\n<meta property=\"og:type\" content=\"article\" \/>\n<meta property=\"og:title\" content=\"Effetti del Rap\u00e9: Poteri fisici e spirituali del Rap\u00e9\" \/>\n<meta property=\"og:description\" content=\"Effetti del Rap\u00e9: Il Rap\u00e9 \u00e8 uno strumento potente che purifica la nostra percezione, schiarisce la mente e promuove la connessione.\" \/>\n<meta property=\"og:url\" content=\"https:\/\/www.sinchisinchi.com\/it\/conoscenza\/cose-rape\/benefici-del-rape-snuff-tabacco-da-fiuto\/\" \/>\n<meta property=\"og:site_name\" content=\"SINCHI RAP\u00c9\" \/>\n<meta property=\"article:publisher\" content=\"https:\/\/www.facebook.com\/sinchirape\/\" \/>\n<meta property=\"article:modified_time\" content=\"2026-03-04T20:05:43+00:00\" \/>\n<meta name=\"twitter:card\" content=\"summary_large_image\" \/>\n<meta name=\"twitter:label1\" content=\"Tempo di lettura stimato\" \/>\n\t<meta name=\"twitter:data1\" content=\"3 minuti\" \/>\n<script type=\"application\/ld+json\" class=\"yoast-schema-graph\">{\"@context\":\"https:\\\/\\\/schema.org\",\"@graph\":[{\"@type\":\"WebPage\",\"@id\":\"https:\\\/\\\/www.sinchisinchi.com\\\/it\\\/conoscenza\\\/cose-rape\\\/benefici-del-rape-snuff-tabacco-da-fiuto\\\/\",\"url\":\"https:\\\/\\\/www.sinchisinchi.com\\\/it\\\/conoscenza\\\/cose-rape\\\/benefici-del-rape-snuff-tabacco-da-fiuto\\\/\",\"name\":\"Effetti del Rap\u00e9: Poteri fisici e spirituali del Rap\u00e9\",\"isPartOf\":{\"@id\":\"https:\\\/\\\/www.sinchisinchi.com\\\/it\\\/#website\"},\"datePublished\":\"2020-12-25T23:17:13+00:00\",\"dateModified\":\"2026-03-04T20:05:43+00:00\",\"description\":\"Effetti del Rap\u00e9: Il Rap\u00e9 \u00e8 uno strumento potente che purifica la nostra percezione, schiarisce la mente e promuove la connessione.\",\"breadcrumb\":{\"@id\":\"https:\\\/\\\/www.sinchisinchi.com\\\/it\\\/conoscenza\\\/cose-rape\\\/benefici-del-rape-snuff-tabacco-da-fiuto\\\/#breadcrumb\"},\"inLanguage\":\"it-IT\",\"potentialAction\":[{\"@type\":\"ReadAction\",\"target\":[\"https:\\\/\\\/www.sinchisinchi.com\\\/it\\\/conoscenza\\\/cose-rape\\\/benefici-del-rape-snuff-tabacco-da-fiuto\\\/\"]}]},{\"@type\":\"BreadcrumbList\",\"@id\":\"https:\\\/\\\/www.sinchisinchi.com\\\/it\\\/conoscenza\\\/cose-rape\\\/benefici-del-rape-snuff-tabacco-da-fiuto\\\/#breadcrumb\",\"itemListElement\":[{\"@type\":\"ListItem\",\"position\":1,\"name\":\"Prima pagina\",\"item\":\"https:\\\/\\\/www.sinchisinchi.com\\\/it\\\/\"},{\"@type\":\"ListItem\",\"position\":2,\"name\":\"Conoscenza\",\"item\":\"https:\\\/\\\/www.sinchisinchi.com\\\/it\\\/conoscenza\\\/\"},{\"@type\":\"ListItem\",\"position\":3,\"name\":\"Cos&#8217;\u00e8 Rap\u00e9\",\"item\":\"https:\\\/\\\/www.sinchisinchi.com\\\/it\\\/conoscenza\\\/cose-rape\\\/\"},{\"@type\":\"ListItem\",\"position\":4,\"name\":\"Effetti del rap\u00e9\"}]},{\"@type\":\"WebSite\",\"@id\":\"https:\\\/\\\/www.sinchisinchi.com\\\/it\\\/#website\",\"url\":\"https:\\\/\\\/www.sinchisinchi.com\\\/it\\\/\",\"name\":\"SINCHI\",\"description\":\"Sinchi Medicine\",\"publisher\":{\"@id\":\"https:\\\/\\\/www.sinchisinchi.com\\\/it\\\/#organization\"},\"potentialAction\":[{\"@type\":\"SearchAction\",\"target\":{\"@type\":\"EntryPoint\",\"urlTemplate\":\"https:\\\/\\\/www.sinchisinchi.com\\\/it\\\/?s={search_term_string}\"},\"query-input\":{\"@type\":\"PropertyValueSpecification\",\"valueRequired\":true,\"valueName\":\"search_term_string\"}}],\"inLanguage\":\"it-IT\"},{\"@type\":\"Organization\",\"@id\":\"https:\\\/\\\/www.sinchisinchi.com\\\/it\\\/#organization\",\"name\":\"SINCHI S.L\",\"url\":\"https:\\\/\\\/www.sinchisinchi.com\\\/it\\\/\",\"logo\":{\"@type\":\"ImageObject\",\"inLanguage\":\"it-IT\",\"@id\":\"https:\\\/\\\/www.sinchisinchi.com\\\/it\\\/#\\\/schema\\\/logo\\\/image\\\/\",\"url\":\"https:\\\/\\\/www.sinchisinchi.com\\\/wp-content\\\/uploads\\\/2026\\\/01\\\/3b-Verde-SIMPLIFICADO-HORIZONTAL-F-TRANSPARENTE-scaled.png\",\"contentUrl\":\"https:\\\/\\\/www.sinchisinchi.com\\\/wp-content\\\/uploads\\\/2026\\\/01\\\/3b-Verde-SIMPLIFICADO-HORIZONTAL-F-TRANSPARENTE-scaled.png\",\"width\":2560,\"height\":457,\"caption\":\"SINCHI S.L\"},\"image\":{\"@id\":\"https:\\\/\\\/www.sinchisinchi.com\\\/it\\\/#\\\/schema\\\/logo\\\/image\\\/\"},\"sameAs\":[\"https:\\\/\\\/www.facebook.com\\\/sinchirape\\\/\",\"https:\\\/\\\/www.instagram.com\\\/sinchi_rape\\\/\"]}]}<\/script>\n<!-- \/ Yoast SEO plugin. -->","yoast_head_json":{"title":"Effetti del Rap\u00e9: Poteri fisici e spirituali del Rap\u00e9","description":"Effetti del Rap\u00e9: Il Rap\u00e9 \u00e8 uno strumento potente che purifica la nostra percezione, schiarisce la mente e promuove la connessione.","robots":{"index":"index","follow":"follow","max-snippet":"max-snippet:-1","max-image-preview":"max-image-preview:large","max-video-preview":"max-video-preview:-1"},"canonical":"https:\/\/www.sinchisinchi.com\/it\/conoscenza\/cose-rape\/benefici-del-rape-snuff-tabacco-da-fiuto\/","og_locale":"it_IT","og_type":"article","og_title":"Effetti del Rap\u00e9: Poteri fisici e spirituali del Rap\u00e9","og_description":"Effetti del Rap\u00e9: Il Rap\u00e9 \u00e8 uno strumento potente che purifica la nostra percezione, schiarisce la mente e promuove la connessione.","og_url":"https:\/\/www.sinchisinchi.com\/it\/conoscenza\/cose-rape\/benefici-del-rape-snuff-tabacco-da-fiuto\/","og_site_name":"SINCHI RAP\u00c9","article_publisher":"https:\/\/www.facebook.com\/sinchirape\/","article_modified_time":"2026-03-04T20:05:43+00:00","twitter_card":"summary_large_image","twitter_misc":{"Tempo di lettura stimato":"3 minuti"},"schema":{"@context":"https:\/\/schema.org","@graph":[{"@type":"WebPage","@id":"https:\/\/www.sinchisinchi.com\/it\/conoscenza\/cose-rape\/benefici-del-rape-snuff-tabacco-da-fiuto\/","url":"https:\/\/www.sinchisinchi.com\/it\/conoscenza\/cose-rape\/benefici-del-rape-snuff-tabacco-da-fiuto\/","name":"Effetti del Rap\u00e9: Poteri fisici e spirituali del Rap\u00e9","isPartOf":{"@id":"https:\/\/www.sinchisinchi.com\/it\/#website"},"datePublished":"2020-12-25T23:17:13+00:00","dateModified":"2026-03-04T20:05:43+00:00","description":"Effetti del Rap\u00e9: Il Rap\u00e9 \u00e8 uno strumento potente che purifica la nostra percezione, schiarisce la mente e promuove la connessione.","breadcrumb":{"@id":"https:\/\/www.sinchisinchi.com\/it\/conoscenza\/cose-rape\/benefici-del-rape-snuff-tabacco-da-fiuto\/#breadcrumb"},"inLanguage":"it-IT","potentialAction":[{"@type":"ReadAction","target":["https:\/\/www.sinchisinchi.com\/it\/conoscenza\/cose-rape\/benefici-del-rape-snuff-tabacco-da-fiuto\/"]}]},{"@type":"BreadcrumbList","@id":"https:\/\/www.sinchisinchi.com\/it\/conoscenza\/cose-rape\/benefici-del-rape-snuff-tabacco-da-fiuto\/#breadcrumb","itemListElement":[{"@type":"ListItem","position":1,"name":"Prima pagina","item":"https:\/\/www.sinchisinchi.com\/it\/"},{"@type":"ListItem","position":2,"name":"Conoscenza","item":"https:\/\/www.sinchisinchi.com\/it\/conoscenza\/"},{"@type":"ListItem","position":3,"name":"Cos&#8217;\u00e8 Rap\u00e9","item":"https:\/\/www.sinchisinchi.com\/it\/conoscenza\/cose-rape\/"},{"@type":"ListItem","position":4,"name":"Effetti del rap\u00e9"}]},{"@type":"WebSite","@id":"https:\/\/www.sinchisinchi.com\/it\/#website","url":"https:\/\/www.sinchisinchi.com\/it\/","name":"SINCHI","description":"Sinchi Medicine","publisher":{"@id":"https:\/\/www.sinchisinchi.com\/it\/#organization"},"potentialAction":[{"@type":"SearchAction","target":{"@type":"EntryPoint","urlTemplate":"https:\/\/www.sinchisinchi.com\/it\/?s={search_term_string}"},"query-input":{"@type":"PropertyValueSpecification","valueRequired":true,"valueName":"search_term_string"}}],"inLanguage":"it-IT"},{"@type":"Organization","@id":"https:\/\/www.sinchisinchi.com\/it\/#organization","name":"SINCHI S.L","url":"https:\/\/www.sinchisinchi.com\/it\/","logo":{"@type":"ImageObject","inLanguage":"it-IT","@id":"https:\/\/www.sinchisinchi.com\/it\/#\/schema\/logo\/image\/","url":"https:\/\/www.sinchisinchi.com\/wp-content\/uploads\/2026\/01\/3b-Verde-SIMPLIFICADO-HORIZONTAL-F-TRANSPARENTE-scaled.png","contentUrl":"https:\/\/www.sinchisinchi.com\/wp-content\/uploads\/2026\/01\/3b-Verde-SIMPLIFICADO-HORIZONTAL-F-TRANSPARENTE-scaled.png","width":2560,"height":457,"caption":"SINCHI S.L"},"image":{"@id":"https:\/\/www.sinchisinchi.com\/it\/#\/schema\/logo\/image\/"},"sameAs":["https:\/\/www.facebook.com\/sinchirape\/","https:\/\/www.instagram.com\/sinchi_rape\/"]}]}},"_links":{"self":[{"href":"https:\/\/www.sinchisinchi.com\/it\/wp-json\/wp\/v2\/pages\/2749","targetHints":{"allow":["GET"]}}],"collection":[{"href":"https:\/\/www.sinchisinchi.com\/it\/wp-json\/wp\/v2\/pages"}],"about":[{"href":"https:\/\/www.sinchisinchi.com\/it\/wp-json\/wp\/v2\/types\/page"}],"author":[{"embeddable":true,"href":"https:\/\/www.sinchisinchi.com\/it\/wp-json\/wp\/v2\/users\/1"}],"replies":[{"embeddable":true,"href":"https:\/\/www.sinchisinchi.com\/it\/wp-json\/wp\/v2\/comments?post=2749"}],"version-history":[{"count":1,"href":"https:\/\/www.sinchisinchi.com\/it\/wp-json\/wp\/v2\/pages\/2749\/revisions"}],"predecessor-version":[{"id":30242,"href":"https:\/\/www.sinchisinchi.com\/it\/wp-json\/wp\/v2\/pages\/2749\/revisions\/30242"}],"up":[{"embeddable":true,"href":"https:\/\/www.sinchisinchi.com\/it\/wp-json\/wp\/v2\/pages\/2962"}],"wp:attachment":[{"href":"https:\/\/www.sinchisinchi.com\/it\/wp-json\/wp\/v2\/media?parent=2749"}],"curies":[{"name":"wp","href":"https:\/\/api.w.org\/{rel}","templated":true}]}}