{"id":3163,"date":"2020-12-29T21:45:08","date_gmt":"2020-12-29T21:45:08","guid":{"rendered":"https:\/\/www.sinchisinchi.com\/yawanawa\/"},"modified":"2026-02-26T00:22:27","modified_gmt":"2026-02-26T00:22:27","slug":"yawanawa","status":"publish","type":"page","link":"https:\/\/www.sinchisinchi.com\/it\/tribu\/yawanawa\/","title":{"rendered":"Yawanaw\u00e1"},"content":{"rendered":"\n\n  <div class=\"banner has-hover is-full-height\" id=\"banner-1459067751\">\n          <div class=\"banner-inner fill\">\n        <div class=\"banner-bg fill\" >\n            <img loading=\"lazy\" decoding=\"async\" width=\"765\" height=\"1024\" src=\"https:\/\/www.sinchisinchi.com\/wp-content\/uploads\/2025\/01\/1-Tribu-Yawanawa1-765x1024.jpeg\" class=\"bg attachment-large size-large\" alt=\"\" \/>                        <div class=\"overlay\"><\/div>            \n                    <\/div>\n\t\t\n        <div class=\"banner-layers container\">\n            <div class=\"fill banner-link\"><\/div>            \n\n   <div id=\"text-box-1552977129\" class=\"text-box banner-layer x5 md-x5 lg-x5 y50 md-y50 lg-y50 res-text\">\n                                <div class=\"text-box-content text box-shadow-3\">\n              \n              <div class=\"text-inner text-left\">\n                  \n\n<h2 style=\"text-align: center;\">Yawanaw\u00e1<\/h2>\n<a href=\"https:\/\/www.sinchisinchi.com\/it\/tribu\/yawanawa\/tribu\/\" target=\"_blank\" class=\"button primary is-underline is-larger expand\" rel=\"noopener\" >\n\t\t<span>TRIB\u00d9<\/span>\n\t<\/a>\n\n\n<a href=\"https:\/\/www.sinchisinchi.com\/it\/tribu\/yawanawa\/visione-del-mondo\/\" target=\"_blank\" class=\"button primary is-underline is-larger expand\" rel=\"noopener\" >\n\t\t<span>VISIONE DEL MONDO<\/span>\n\t<\/a>\n\n\n<a href=\"https:\/\/www.sinchisinchi.com\/it\/tribu\/yawanawa\/sfide\/\" target=\"_blank\" class=\"button primary is-underline is-larger expand\" rel=\"noopener\" >\n\t\t<span>SFIDE<\/span>\n\t<\/a>\n\n\n<a href=\"https:\/\/www.sinchisinchi.com\/it\/tribu\/yawanawa\/cerimonie\/\" target=\"_blank\" class=\"button primary is-underline is-larger expand\" rel=\"noopener\" >\n\t\t<span>CERIMONIE<\/span>\n\t<\/a>\n\n\n<a href=\"https:\/\/www.sinchisinchi.com\/it\/tribu\/yawanawa\/musica\/\" target=\"_blank\" class=\"button primary is-underline is-larger expand\" rel=\"noopener\" >\n\t\t<span>MUSICA<\/span>\n\t<\/a>\n\n\n<a href=\"https:\/\/www.sinchisinchi.com\/it\/tribu\/yawanawa\/video\/\" target=\"_blank\" class=\"button primary is-underline is-larger expand\" rel=\"noopener\" >\n\t\t<span>VIDEO<\/span>\n\t<\/a>\n\n\n\n              <\/div>\n           <\/div>\n                            \n<style>\n#text-box-1552977129 .text-box-content {\n  background-color: rgb(255, 255, 255);\n  font-size: 100%;\n}\n#text-box-1552977129 .text-inner {\n  padding: 30px 30px 30px 30px;\n}\n#text-box-1552977129 {\n  width: 60%;\n}\n@media (min-width:550px) {\n  #text-box-1552977129 {\n    width: 40%;\n  }\n}\n<\/style>\n    <\/div>\n \n\n        <\/div>\n      <\/div>\n\n            \n<style>\n#banner-1459067751 {\n  padding-top: 100%;\n  background-color: rgb(255, 255, 255);\n}\n#banner-1459067751 .overlay {\n  background-color: rgba(190, 190, 190, 0.2);\n}\n<\/style>\n  <\/div>\n\n\n\n","protected":false},"excerpt":{"rendered":"","protected":false},"author":1,"featured_media":0,"parent":20217,"menu_order":0,"comment_status":"closed","ping_status":"closed","template":"","meta":{"_joinchat":[],"footnotes":""},"class_list":["post-3163","page","type-page","status-publish","hentry"],"yoast_head":"<!-- This site is optimized with the Yoast SEO plugin v27.4 - https:\/\/yoast.com\/product\/yoast-seo-wordpress\/ -->\n<title>Trib\u00f9 Yawanaw\u00e1: informazioni sulla trib\u00f9 Yawanaw\u00e1 del Brasile<\/title>\n<meta name=\"description\" content=\"Gli Yawanaw\u00e1 (Laminaua, Jaminawa, Yaminaw\u00e1) sono conosciuti come &quot;gli spadaccini&quot;, poich\u00e9 hanno sempre combattuto, anche in tempi difficili.\" \/>\n<meta name=\"robots\" content=\"index, follow, max-snippet:-1, max-image-preview:large, max-video-preview:-1\" \/>\n<link rel=\"canonical\" href=\"https:\/\/www.sinchisinchi.com\/it\/tribu\/yawanawa\/\" \/>\n<meta property=\"og:locale\" content=\"it_IT\" \/>\n<meta property=\"og:type\" content=\"article\" \/>\n<meta property=\"og:title\" content=\"Trib\u00f9 Yawanaw\u00e1: informazioni sulla trib\u00f9 Yawanaw\u00e1 del Brasile\" \/>\n<meta property=\"og:description\" content=\"Gli Yawanaw\u00e1 (Laminaua, Jaminawa, Yaminaw\u00e1) sono conosciuti come &quot;gli spadaccini&quot;, poich\u00e9 hanno sempre combattuto, anche in tempi difficili.\" \/>\n<meta property=\"og:url\" content=\"https:\/\/www.sinchisinchi.com\/it\/tribu\/yawanawa\/\" \/>\n<meta property=\"og:site_name\" content=\"SINCHI RAP\u00c9\" \/>\n<meta property=\"article:publisher\" content=\"https:\/\/www.facebook.com\/sinchirape\/\" \/>\n<meta property=\"article:modified_time\" content=\"2026-02-26T00:22:27+00:00\" \/>\n<meta name=\"twitter:card\" content=\"summary_large_image\" \/>\n<meta name=\"twitter:label1\" content=\"Tempo di lettura stimato\" \/>\n\t<meta name=\"twitter:data1\" content=\"1 minuto\" \/>\n<script type=\"application\/ld+json\" class=\"yoast-schema-graph\">{\"@context\":\"https:\\\/\\\/schema.org\",\"@graph\":[{\"@type\":\"WebPage\",\"@id\":\"https:\\\/\\\/www.sinchisinchi.com\\\/it\\\/tribu\\\/yawanawa\\\/\",\"url\":\"https:\\\/\\\/www.sinchisinchi.com\\\/it\\\/tribu\\\/yawanawa\\\/\",\"name\":\"Trib\u00f9 Yawanaw\u00e1: informazioni sulla trib\u00f9 Yawanaw\u00e1 del Brasile\",\"isPartOf\":{\"@id\":\"https:\\\/\\\/www.sinchisinchi.com\\\/it\\\/#website\"},\"datePublished\":\"2020-12-29T21:45:08+00:00\",\"dateModified\":\"2026-02-26T00:22:27+00:00\",\"description\":\"Gli Yawanaw\u00e1 (Laminaua, Jaminawa, Yaminaw\u00e1) sono conosciuti come \\\"gli spadaccini\\\", poich\u00e9 hanno sempre combattuto, anche in tempi difficili.\",\"breadcrumb\":{\"@id\":\"https:\\\/\\\/www.sinchisinchi.com\\\/it\\\/tribu\\\/yawanawa\\\/#breadcrumb\"},\"inLanguage\":\"it-IT\",\"potentialAction\":[{\"@type\":\"ReadAction\",\"target\":[\"https:\\\/\\\/www.sinchisinchi.com\\\/it\\\/tribu\\\/yawanawa\\\/\"]}]},{\"@type\":\"BreadcrumbList\",\"@id\":\"https:\\\/\\\/www.sinchisinchi.com\\\/it\\\/tribu\\\/yawanawa\\\/#breadcrumb\",\"itemListElement\":[{\"@type\":\"ListItem\",\"position\":1,\"name\":\"Prima pagina\",\"item\":\"https:\\\/\\\/www.sinchisinchi.com\\\/it\\\/\"},{\"@type\":\"ListItem\",\"position\":2,\"name\":\"Trib\u00f9 amazzoniche\",\"item\":\"https:\\\/\\\/www.sinchisinchi.com\\\/it\\\/tribu\\\/\"},{\"@type\":\"ListItem\",\"position\":3,\"name\":\"Yawanaw\u00e1\"}]},{\"@type\":\"WebSite\",\"@id\":\"https:\\\/\\\/www.sinchisinchi.com\\\/it\\\/#website\",\"url\":\"https:\\\/\\\/www.sinchisinchi.com\\\/it\\\/\",\"name\":\"SINCHI\",\"description\":\"Sinchi Medicine\",\"publisher\":{\"@id\":\"https:\\\/\\\/www.sinchisinchi.com\\\/it\\\/#organization\"},\"potentialAction\":[{\"@type\":\"SearchAction\",\"target\":{\"@type\":\"EntryPoint\",\"urlTemplate\":\"https:\\\/\\\/www.sinchisinchi.com\\\/it\\\/?s={search_term_string}\"},\"query-input\":{\"@type\":\"PropertyValueSpecification\",\"valueRequired\":true,\"valueName\":\"search_term_string\"}}],\"inLanguage\":\"it-IT\"},{\"@type\":\"Organization\",\"@id\":\"https:\\\/\\\/www.sinchisinchi.com\\\/it\\\/#organization\",\"name\":\"SINCHI S.L\",\"url\":\"https:\\\/\\\/www.sinchisinchi.com\\\/it\\\/\",\"logo\":{\"@type\":\"ImageObject\",\"inLanguage\":\"it-IT\",\"@id\":\"https:\\\/\\\/www.sinchisinchi.com\\\/it\\\/#\\\/schema\\\/logo\\\/image\\\/\",\"url\":\"https:\\\/\\\/www.sinchisinchi.com\\\/wp-content\\\/uploads\\\/2026\\\/01\\\/3b-Verde-SIMPLIFICADO-HORIZONTAL-F-TRANSPARENTE-scaled.png\",\"contentUrl\":\"https:\\\/\\\/www.sinchisinchi.com\\\/wp-content\\\/uploads\\\/2026\\\/01\\\/3b-Verde-SIMPLIFICADO-HORIZONTAL-F-TRANSPARENTE-scaled.png\",\"width\":2560,\"height\":457,\"caption\":\"SINCHI S.L\"},\"image\":{\"@id\":\"https:\\\/\\\/www.sinchisinchi.com\\\/it\\\/#\\\/schema\\\/logo\\\/image\\\/\"},\"sameAs\":[\"https:\\\/\\\/www.facebook.com\\\/sinchirape\\\/\",\"https:\\\/\\\/www.instagram.com\\\/sinchi_rape\\\/\"]}]}<\/script>\n<!-- \/ Yoast SEO plugin. -->","yoast_head_json":{"title":"Trib\u00f9 Yawanaw\u00e1: informazioni sulla trib\u00f9 Yawanaw\u00e1 del Brasile","description":"Gli Yawanaw\u00e1 (Laminaua, Jaminawa, Yaminaw\u00e1) sono conosciuti come \"gli spadaccini\", poich\u00e9 hanno sempre combattuto, anche in tempi difficili.","robots":{"index":"index","follow":"follow","max-snippet":"max-snippet:-1","max-image-preview":"max-image-preview:large","max-video-preview":"max-video-preview:-1"},"canonical":"https:\/\/www.sinchisinchi.com\/it\/tribu\/yawanawa\/","og_locale":"it_IT","og_type":"article","og_title":"Trib\u00f9 Yawanaw\u00e1: informazioni sulla trib\u00f9 Yawanaw\u00e1 del Brasile","og_description":"Gli Yawanaw\u00e1 (Laminaua, Jaminawa, Yaminaw\u00e1) sono conosciuti come \"gli spadaccini\", poich\u00e9 hanno sempre combattuto, anche in tempi difficili.","og_url":"https:\/\/www.sinchisinchi.com\/it\/tribu\/yawanawa\/","og_site_name":"SINCHI RAP\u00c9","article_publisher":"https:\/\/www.facebook.com\/sinchirape\/","article_modified_time":"2026-02-26T00:22:27+00:00","twitter_card":"summary_large_image","twitter_misc":{"Tempo di lettura stimato":"1 minuto"},"schema":{"@context":"https:\/\/schema.org","@graph":[{"@type":"WebPage","@id":"https:\/\/www.sinchisinchi.com\/it\/tribu\/yawanawa\/","url":"https:\/\/www.sinchisinchi.com\/it\/tribu\/yawanawa\/","name":"Trib\u00f9 Yawanaw\u00e1: informazioni sulla trib\u00f9 Yawanaw\u00e1 del Brasile","isPartOf":{"@id":"https:\/\/www.sinchisinchi.com\/it\/#website"},"datePublished":"2020-12-29T21:45:08+00:00","dateModified":"2026-02-26T00:22:27+00:00","description":"Gli Yawanaw\u00e1 (Laminaua, Jaminawa, Yaminaw\u00e1) sono conosciuti come \"gli spadaccini\", poich\u00e9 hanno sempre combattuto, anche in tempi difficili.","breadcrumb":{"@id":"https:\/\/www.sinchisinchi.com\/it\/tribu\/yawanawa\/#breadcrumb"},"inLanguage":"it-IT","potentialAction":[{"@type":"ReadAction","target":["https:\/\/www.sinchisinchi.com\/it\/tribu\/yawanawa\/"]}]},{"@type":"BreadcrumbList","@id":"https:\/\/www.sinchisinchi.com\/it\/tribu\/yawanawa\/#breadcrumb","itemListElement":[{"@type":"ListItem","position":1,"name":"Prima pagina","item":"https:\/\/www.sinchisinchi.com\/it\/"},{"@type":"ListItem","position":2,"name":"Trib\u00f9 amazzoniche","item":"https:\/\/www.sinchisinchi.com\/it\/tribu\/"},{"@type":"ListItem","position":3,"name":"Yawanaw\u00e1"}]},{"@type":"WebSite","@id":"https:\/\/www.sinchisinchi.com\/it\/#website","url":"https:\/\/www.sinchisinchi.com\/it\/","name":"SINCHI","description":"Sinchi Medicine","publisher":{"@id":"https:\/\/www.sinchisinchi.com\/it\/#organization"},"potentialAction":[{"@type":"SearchAction","target":{"@type":"EntryPoint","urlTemplate":"https:\/\/www.sinchisinchi.com\/it\/?s={search_term_string}"},"query-input":{"@type":"PropertyValueSpecification","valueRequired":true,"valueName":"search_term_string"}}],"inLanguage":"it-IT"},{"@type":"Organization","@id":"https:\/\/www.sinchisinchi.com\/it\/#organization","name":"SINCHI S.L","url":"https:\/\/www.sinchisinchi.com\/it\/","logo":{"@type":"ImageObject","inLanguage":"it-IT","@id":"https:\/\/www.sinchisinchi.com\/it\/#\/schema\/logo\/image\/","url":"https:\/\/www.sinchisinchi.com\/wp-content\/uploads\/2026\/01\/3b-Verde-SIMPLIFICADO-HORIZONTAL-F-TRANSPARENTE-scaled.png","contentUrl":"https:\/\/www.sinchisinchi.com\/wp-content\/uploads\/2026\/01\/3b-Verde-SIMPLIFICADO-HORIZONTAL-F-TRANSPARENTE-scaled.png","width":2560,"height":457,"caption":"SINCHI S.L"},"image":{"@id":"https:\/\/www.sinchisinchi.com\/it\/#\/schema\/logo\/image\/"},"sameAs":["https:\/\/www.facebook.com\/sinchirape\/","https:\/\/www.instagram.com\/sinchi_rape\/"]}]}},"_links":{"self":[{"href":"https:\/\/www.sinchisinchi.com\/it\/wp-json\/wp\/v2\/pages\/3163","targetHints":{"allow":["GET"]}}],"collection":[{"href":"https:\/\/www.sinchisinchi.com\/it\/wp-json\/wp\/v2\/pages"}],"about":[{"href":"https:\/\/www.sinchisinchi.com\/it\/wp-json\/wp\/v2\/types\/page"}],"author":[{"embeddable":true,"href":"https:\/\/www.sinchisinchi.com\/it\/wp-json\/wp\/v2\/users\/1"}],"replies":[{"embeddable":true,"href":"https:\/\/www.sinchisinchi.com\/it\/wp-json\/wp\/v2\/comments?post=3163"}],"version-history":[{"count":1,"href":"https:\/\/www.sinchisinchi.com\/it\/wp-json\/wp\/v2\/pages\/3163\/revisions"}],"predecessor-version":[{"id":29974,"href":"https:\/\/www.sinchisinchi.com\/it\/wp-json\/wp\/v2\/pages\/3163\/revisions\/29974"}],"up":[{"embeddable":true,"href":"https:\/\/www.sinchisinchi.com\/it\/wp-json\/wp\/v2\/pages\/20217"}],"wp:attachment":[{"href":"https:\/\/www.sinchisinchi.com\/it\/wp-json\/wp\/v2\/media?parent=3163"}],"curies":[{"name":"wp","href":"https:\/\/api.w.org\/{rel}","templated":true}]}}