{"id":6979,"date":"2022-12-01T22:58:56","date_gmt":"2022-12-01T22:58:56","guid":{"rendered":"https:\/\/www.sinchisinchi.com\/spedizione-e-resi\/"},"modified":"2025-03-13T13:49:13","modified_gmt":"2025-03-13T13:49:13","slug":"spedizione-e-resi","status":"publish","type":"page","link":"https:\/\/www.sinchisinchi.com\/it\/termini-e-condizioni\/spedizione-e-resi\/","title":{"rendered":"Spedizione e resi"},"content":{"rendered":"\n<p style=\"font-weight: 400; text-align: center;\"><strong>Spedizione e resi<\/strong><strong>\u00a0<\/strong><\/p>\n<p style=\"font-weight: 400;\"><strong>Destinazioni di spedizione<\/strong><\/p>\n<p style=\"font-weight: 400;\">Al momento non sono escluse destinazioni di spedizione.<\/p>\n<p style=\"font-weight: 400;\"><strong>Spese di spedizione<\/strong><\/p>\n<p style=\"font-weight: 400;\">Le spese di spedizione saranno:<\/p>\n<ul>\n<li style=\"font-weight: 400;\">8\u20ac per la spedizione nazionale.<\/li>\n<li style=\"font-weight: 400;\">12\u20ac per spedizione nazionale con evasione urgente in 24\/48 ore.<\/li>\n<\/ul>\n<p style=\"font-weight: 400;\">(Questa modalit\u00e0 di spedizione include una preferenza di elaborazione, generalmente 24 o 48 ore, che potrebbe essere maggiore a seconda della lista d&#8217;attesa esistente o di altre cause simili).<\/p>\n<p style=\"font-weight: 400;\">Questo tempo non comprende il tempo di spedizione da parte del corriere, generalmente 24 ore per il territorio Nazionale, che pu\u00f2 allungarsi per cause interne o esterne al corriere.<\/p>\n<p style=\"font-weight: 400;\">Allo stesso modo, i tempi di spedizione potrebbero essere pi\u00f9 lunghi per le spedizioni verso Isole o luoghi che, per la loro ubicazione, richiedono tempi di spedizione pi\u00f9 lunghi.<\/p>\n<ul>\n<li style=\"font-weight: 400;\">15\u20ac per spedizioni in altri paesi europei<\/li>\n<li style=\"font-weight: 400;\">20\u20ac per spedizioni intercontinentali<\/li>\n<\/ul>\n<p style=\"font-weight: 400;\">Il servizio di trasporto e consegna sar\u00e0 effettuato tramite corrieri e societ\u00e0 di pacchi.<\/p>\n<p style=\"font-weight: 400;\">I prezzi possono variare in qualsiasi momento, ma eventuali modifiche non influiranno sugli acquisti per i quali l&#8217;utente ha ricevuto la conferma dell&#8217;ordine e il pagamento \u00e8 stato completato.<\/p>\n<p style=\"font-weight: 400;\"><strong>Frequenza di spedizione:<\/strong><\/p>\n<p style=\"font-weight: 400;\">Salvo poche eccezioni, le spedizioni vengono effettuate dal luned\u00ec al gioved\u00ec compreso; pertanto le spedizioni ricevute il gioved\u00ec pomeriggio o il venerd\u00ec verranno generalmente spedite il luned\u00ec.<\/p>\n<p style=\"font-weight: 400;\"><strong>Modo per pagare<\/strong><\/p>\n<p style=\"font-weight: 400;\">I mezzi di pagamento accettati sono: bonifico bancario e carta di credito.<\/p>\n<p style=\"font-weight: 400;\">Il pagamento con carta di pagamento bancario viene effettuato tramite un gateway di pagamento sicuro. Le carte bancarie saranno soggette a verifica e autorizzazione da parte dell&#8217;ente finanziario che gestisce i mezzi di pagamento, se tale ente non autorizza il pagamento SINCHI S.L. Non sarai in grado di formalizzare l&#8217;ordine. Qualsiasi reclamo sulla mancanza di funzionalit\u00e0 della carta bancaria deve essere presentato dall&#8217;utente davanti al suo istituto finanziario.<\/p>\n<p style=\"font-weight: 400;\"><strong>Termini di consegna<\/strong><\/p>\n<p style=\"font-weight: 400;\">Le consegne vengono effettuate all&#8217;interno del territorio nazionale entro il termine indicato sul sito e comunque entro un termine massimo da 15 a 20 giorni di calendario dalla data di conferma dell&#8217;ordine. Nel caso di spedizioni intercontinentali, il termine massimo va dalle tre alle cinque settimane dalla data di conferma dell&#8217;ordine.<\/p>\n<p style=\"font-weight: 400;\">Se per qualsiasi causa imputabile a SINCHI S.L. non fosse in grado di rispettare la data di consegna, contatter\u00e0 l&#8217;utente per informarlo di tali circostanze, stabilendo una nuova data di consegna o, se del caso, l&#8217;annullamento dell&#8217;ordine e il rimborso dell&#8217;importo.<\/p>\n<p style=\"font-weight: 400;\"><strong>Diritti dell&#8217;acquirente<\/strong><\/p>\n<p style=\"font-weight: 400;\">L&#8217;utente che acquista prodotti sul Sito \u00e8 assistito da una serie di diritti di seguito descritti:<\/p>\n<ul>\n<li style=\"font-weight: 400;\">Diritto di recesso. L&#8217;utente dispone di un periodo di 14 giorni di calendario dal ricevimento dell&#8217;ordine senza necessit\u00e0 di giustificazione per esercitare tale diritto. L&#8217;utente deve comunicare la sua decisione a hola@sinchisinchi.com. L&#8217;importo dell&#8217;acquisto sar\u00e0 rimborsato con lo stesso mezzo di pagamento utilizzato per il suo acquisto e una volta che SINCHI S.L. di aver ricevuto i prodotti, verificato il loro corretto stato; o l&#8217;utente presenta una prova di restituzione dello stesso. In ogni caso, sar\u00e0 l&#8217;utente a farsi carico dei costi della restituzione.<\/li>\n<\/ul>\n<p style=\"font-weight: 400;\">L&#8217;utente prende atto di sapere che esistono eccezioni al diritto di recesso di cui all&#8217;articolo 103 del RD 1\/2007 del 16 novembre, che approva il testo unico della LG per la difesa dei consumatori e degli utenti e altre leggi complementari Ad esempio, questo sarebbe il caso di prodotti personalizzati, prodotti che possono deteriorarsi o scadere rapidamente, prodotti sigillati per motivi igienici e\/o sanitari, ecc.<\/p>\n<p style=\"font-weight: 400;\">Puoi scaricare un modello per il diritto di recesso qui.<\/p>\n<ul>\n<li style=\"font-weight: 400;\">Non saranno accettati resi di prodotti; salvo nei casi tassativamente previsti dalla legge.<\/li>\n<\/ul>\n<p style=\"font-weight: 400;\">\u00c8 possibile scaricare un modello di modulo di richiesta qui.<\/p>\n\n","protected":false},"excerpt":{"rendered":"","protected":false},"author":1,"featured_media":0,"parent":6998,"menu_order":0,"comment_status":"closed","ping_status":"closed","template":"","meta":{"_joinchat":[],"footnotes":""},"class_list":["post-6979","page","type-page","status-publish","hentry"],"yoast_head":"<!-- This site is optimized with the Yoast SEO plugin v27.4 - https:\/\/yoast.com\/product\/yoast-seo-wordpress\/ -->\n<title>Spedizione e resi - SINCHI RAP\u00c9<\/title>\n<meta name=\"robots\" content=\"index, follow, max-snippet:-1, max-image-preview:large, max-video-preview:-1\" \/>\n<link rel=\"canonical\" href=\"https:\/\/www.sinchisinchi.com\/it\/termini-e-condizioni\/spedizione-e-resi\/\" \/>\n<meta property=\"og:locale\" content=\"it_IT\" \/>\n<meta property=\"og:type\" content=\"article\" \/>\n<meta property=\"og:title\" content=\"Spedizione e resi - SINCHI RAP\u00c9\" \/>\n<meta property=\"og:url\" content=\"https:\/\/www.sinchisinchi.com\/it\/termini-e-condizioni\/spedizione-e-resi\/\" \/>\n<meta property=\"og:site_name\" content=\"SINCHI RAP\u00c9\" \/>\n<meta property=\"article:publisher\" content=\"https:\/\/www.facebook.com\/sinchirape\/\" \/>\n<meta property=\"article:modified_time\" content=\"2025-03-13T13:49:13+00:00\" \/>\n<meta name=\"twitter:card\" content=\"summary_large_image\" \/>\n<meta name=\"twitter:label1\" content=\"Tempo di lettura stimato\" \/>\n\t<meta name=\"twitter:data1\" content=\"3 minuti\" \/>\n<script type=\"application\/ld+json\" class=\"yoast-schema-graph\">{\"@context\":\"https:\\\/\\\/schema.org\",\"@graph\":[{\"@type\":\"WebPage\",\"@id\":\"https:\\\/\\\/www.sinchisinchi.com\\\/it\\\/termini-e-condizioni\\\/spedizione-e-resi\\\/\",\"url\":\"https:\\\/\\\/www.sinchisinchi.com\\\/it\\\/termini-e-condizioni\\\/spedizione-e-resi\\\/\",\"name\":\"Spedizione e resi - SINCHI RAP\u00c9\",\"isPartOf\":{\"@id\":\"https:\\\/\\\/www.sinchisinchi.com\\\/it\\\/#website\"},\"datePublished\":\"2022-12-01T22:58:56+00:00\",\"dateModified\":\"2025-03-13T13:49:13+00:00\",\"breadcrumb\":{\"@id\":\"https:\\\/\\\/www.sinchisinchi.com\\\/it\\\/termini-e-condizioni\\\/spedizione-e-resi\\\/#breadcrumb\"},\"inLanguage\":\"it-IT\",\"potentialAction\":[{\"@type\":\"ReadAction\",\"target\":[\"https:\\\/\\\/www.sinchisinchi.com\\\/it\\\/termini-e-condizioni\\\/spedizione-e-resi\\\/\"]}]},{\"@type\":\"BreadcrumbList\",\"@id\":\"https:\\\/\\\/www.sinchisinchi.com\\\/it\\\/termini-e-condizioni\\\/spedizione-e-resi\\\/#breadcrumb\",\"itemListElement\":[{\"@type\":\"ListItem\",\"position\":1,\"name\":\"Prima pagina\",\"item\":\"https:\\\/\\\/www.sinchisinchi.com\\\/it\\\/\"},{\"@type\":\"ListItem\",\"position\":2,\"name\":\"Termini e Condizioni\",\"item\":\"https:\\\/\\\/www.sinchisinchi.com\\\/it\\\/legal-advise\\\/\"},{\"@type\":\"ListItem\",\"position\":3,\"name\":\"Spedizione e resi\"}]},{\"@type\":\"WebSite\",\"@id\":\"https:\\\/\\\/www.sinchisinchi.com\\\/it\\\/#website\",\"url\":\"https:\\\/\\\/www.sinchisinchi.com\\\/it\\\/\",\"name\":\"SINCHI\",\"description\":\"Sinchi Medicine\",\"publisher\":{\"@id\":\"https:\\\/\\\/www.sinchisinchi.com\\\/it\\\/#organization\"},\"potentialAction\":[{\"@type\":\"SearchAction\",\"target\":{\"@type\":\"EntryPoint\",\"urlTemplate\":\"https:\\\/\\\/www.sinchisinchi.com\\\/it\\\/?s={search_term_string}\"},\"query-input\":{\"@type\":\"PropertyValueSpecification\",\"valueRequired\":true,\"valueName\":\"search_term_string\"}}],\"inLanguage\":\"it-IT\"},{\"@type\":\"Organization\",\"@id\":\"https:\\\/\\\/www.sinchisinchi.com\\\/it\\\/#organization\",\"name\":\"SINCHI S.L\",\"url\":\"https:\\\/\\\/www.sinchisinchi.com\\\/it\\\/\",\"logo\":{\"@type\":\"ImageObject\",\"inLanguage\":\"it-IT\",\"@id\":\"https:\\\/\\\/www.sinchisinchi.com\\\/it\\\/#\\\/schema\\\/logo\\\/image\\\/\",\"url\":\"https:\\\/\\\/www.sinchisinchi.com\\\/wp-content\\\/uploads\\\/2026\\\/01\\\/3b-Verde-SIMPLIFICADO-HORIZONTAL-F-TRANSPARENTE-scaled.png\",\"contentUrl\":\"https:\\\/\\\/www.sinchisinchi.com\\\/wp-content\\\/uploads\\\/2026\\\/01\\\/3b-Verde-SIMPLIFICADO-HORIZONTAL-F-TRANSPARENTE-scaled.png\",\"width\":2560,\"height\":457,\"caption\":\"SINCHI S.L\"},\"image\":{\"@id\":\"https:\\\/\\\/www.sinchisinchi.com\\\/it\\\/#\\\/schema\\\/logo\\\/image\\\/\"},\"sameAs\":[\"https:\\\/\\\/www.facebook.com\\\/sinchirape\\\/\",\"https:\\\/\\\/www.instagram.com\\\/sinchi_rape\\\/\"]}]}<\/script>\n<!-- \/ Yoast SEO plugin. -->","yoast_head_json":{"title":"Spedizione e resi - SINCHI RAP\u00c9","robots":{"index":"index","follow":"follow","max-snippet":"max-snippet:-1","max-image-preview":"max-image-preview:large","max-video-preview":"max-video-preview:-1"},"canonical":"https:\/\/www.sinchisinchi.com\/it\/termini-e-condizioni\/spedizione-e-resi\/","og_locale":"it_IT","og_type":"article","og_title":"Spedizione e resi - SINCHI RAP\u00c9","og_url":"https:\/\/www.sinchisinchi.com\/it\/termini-e-condizioni\/spedizione-e-resi\/","og_site_name":"SINCHI RAP\u00c9","article_publisher":"https:\/\/www.facebook.com\/sinchirape\/","article_modified_time":"2025-03-13T13:49:13+00:00","twitter_card":"summary_large_image","twitter_misc":{"Tempo di lettura stimato":"3 minuti"},"schema":{"@context":"https:\/\/schema.org","@graph":[{"@type":"WebPage","@id":"https:\/\/www.sinchisinchi.com\/it\/termini-e-condizioni\/spedizione-e-resi\/","url":"https:\/\/www.sinchisinchi.com\/it\/termini-e-condizioni\/spedizione-e-resi\/","name":"Spedizione e resi - SINCHI RAP\u00c9","isPartOf":{"@id":"https:\/\/www.sinchisinchi.com\/it\/#website"},"datePublished":"2022-12-01T22:58:56+00:00","dateModified":"2025-03-13T13:49:13+00:00","breadcrumb":{"@id":"https:\/\/www.sinchisinchi.com\/it\/termini-e-condizioni\/spedizione-e-resi\/#breadcrumb"},"inLanguage":"it-IT","potentialAction":[{"@type":"ReadAction","target":["https:\/\/www.sinchisinchi.com\/it\/termini-e-condizioni\/spedizione-e-resi\/"]}]},{"@type":"BreadcrumbList","@id":"https:\/\/www.sinchisinchi.com\/it\/termini-e-condizioni\/spedizione-e-resi\/#breadcrumb","itemListElement":[{"@type":"ListItem","position":1,"name":"Prima pagina","item":"https:\/\/www.sinchisinchi.com\/it\/"},{"@type":"ListItem","position":2,"name":"Termini e Condizioni","item":"https:\/\/www.sinchisinchi.com\/it\/legal-advise\/"},{"@type":"ListItem","position":3,"name":"Spedizione e resi"}]},{"@type":"WebSite","@id":"https:\/\/www.sinchisinchi.com\/it\/#website","url":"https:\/\/www.sinchisinchi.com\/it\/","name":"SINCHI","description":"Sinchi Medicine","publisher":{"@id":"https:\/\/www.sinchisinchi.com\/it\/#organization"},"potentialAction":[{"@type":"SearchAction","target":{"@type":"EntryPoint","urlTemplate":"https:\/\/www.sinchisinchi.com\/it\/?s={search_term_string}"},"query-input":{"@type":"PropertyValueSpecification","valueRequired":true,"valueName":"search_term_string"}}],"inLanguage":"it-IT"},{"@type":"Organization","@id":"https:\/\/www.sinchisinchi.com\/it\/#organization","name":"SINCHI S.L","url":"https:\/\/www.sinchisinchi.com\/it\/","logo":{"@type":"ImageObject","inLanguage":"it-IT","@id":"https:\/\/www.sinchisinchi.com\/it\/#\/schema\/logo\/image\/","url":"https:\/\/www.sinchisinchi.com\/wp-content\/uploads\/2026\/01\/3b-Verde-SIMPLIFICADO-HORIZONTAL-F-TRANSPARENTE-scaled.png","contentUrl":"https:\/\/www.sinchisinchi.com\/wp-content\/uploads\/2026\/01\/3b-Verde-SIMPLIFICADO-HORIZONTAL-F-TRANSPARENTE-scaled.png","width":2560,"height":457,"caption":"SINCHI S.L"},"image":{"@id":"https:\/\/www.sinchisinchi.com\/it\/#\/schema\/logo\/image\/"},"sameAs":["https:\/\/www.facebook.com\/sinchirape\/","https:\/\/www.instagram.com\/sinchi_rape\/"]}]}},"_links":{"self":[{"href":"https:\/\/www.sinchisinchi.com\/it\/wp-json\/wp\/v2\/pages\/6979","targetHints":{"allow":["GET"]}}],"collection":[{"href":"https:\/\/www.sinchisinchi.com\/it\/wp-json\/wp\/v2\/pages"}],"about":[{"href":"https:\/\/www.sinchisinchi.com\/it\/wp-json\/wp\/v2\/types\/page"}],"author":[{"embeddable":true,"href":"https:\/\/www.sinchisinchi.com\/it\/wp-json\/wp\/v2\/users\/1"}],"replies":[{"embeddable":true,"href":"https:\/\/www.sinchisinchi.com\/it\/wp-json\/wp\/v2\/comments?post=6979"}],"version-history":[{"count":0,"href":"https:\/\/www.sinchisinchi.com\/it\/wp-json\/wp\/v2\/pages\/6979\/revisions"}],"up":[{"embeddable":true,"href":"https:\/\/www.sinchisinchi.com\/it\/wp-json\/wp\/v2\/pages\/6998"}],"wp:attachment":[{"href":"https:\/\/www.sinchisinchi.com\/it\/wp-json\/wp\/v2\/media?parent=6979"}],"curies":[{"name":"wp","href":"https:\/\/api.w.org\/{rel}","templated":true}]}}