{"id":10019,"date":"2023-10-19T20:23:28","date_gmt":"2023-10-19T20:23:28","guid":{"rendered":"https:\/\/www.sinchisinchi.com\/producto\/katukina-cactus\/"},"modified":"2026-02-12T13:10:10","modified_gmt":"2026-02-12T13:10:10","slug":"katukina-cactus","status":"publish","type":"product","link":"https:\/\/www.sinchisinchi.com\/it\/producto\/katukina-cactus\/","title":{"rendered":"Cactus"},"content":{"rendered":"<a href=\"https:\/\/www.sinchisinchi.com\/it\/producto\/50g-cactus\/\" target=\"_blank\" class=\"button secondary is-larger lowercase expand\" rel=\"noopener\" style=\"border-radius:10px;\">\n\t\t<span>Misura Media: 50g<\/span>\n\t<\/a>\n\n<a href=\"https:\/\/www.sinchisinchi.com\/it\/producto\/cactus-100g\/\" target=\"_blank\" class=\"button secondary is-larger lowercase expand\" rel=\"noopener\" style=\"border-radius:10px;\">\n\t\t<span>Taglia Grande: 100g<\/span>\n\t<\/a>\n\n\t<div id=\"gap-1191421675\" class=\"gap-element clearfix\" style=\"display:block; height:auto;\">\n\t\t\n<style>\n#gap-1191421675 {\n  padding-top: 30px;\n}\n<\/style>\n\t<\/div>\n\t\n\n  <div class=\"banner has-hover\" id=\"banner-1239171130\">\n          <div class=\"banner-inner fill\">\n        <div class=\"banner-bg fill\" >\n            <img loading=\"lazy\" decoding=\"async\" width=\"878\" height=\"1024\" src=\"https:\/\/www.sinchisinchi.com\/wp-content\/uploads\/2024\/11\/1-4-Katukina-Tribu-Noke-Koi-878x1024.png\" class=\"bg attachment-large size-large\" alt=\"\" \/>                        <div class=\"overlay\"><\/div>            \n                    <\/div>\n\t\t\n        <div class=\"banner-layers container\">\n            <div class=\"fill banner-link\"><\/div>            \n   <div id=\"text-box-1972404013\" class=\"text-box banner-layer x5 md-x5 lg-x5 y50 md-y50 lg-y50 res-text\">\n                                <div class=\"text-box-content text box-shadow-3\">\n              \n              <div class=\"text-inner text-left\">\n                  \n<h2><strong><span style=\"color: #000000;\">TRIB\u00d9<\/span><\/strong><\/h2>\n<h3><span style=\"color: #000000;\">Katukina-Noke Koi<\/span><\/h3>\n<p><span style=\"color: #000000;\">I Katukina appartengono alla famiglia linguistica \u201cPano\u201d, famiglia che condividono con altri gruppi etnici come gli Huni Kuin o gli Yawanaw\u00e1. Preferiscono chiamarsi Noke Koi: \u201cPersone reali\u201d.<\/span><\/p>\n<a href=\"https:\/\/www.sinchisinchi.com\/it\/tribu\/rape-katukina-noke-koi\/\" target=\"_blank\" class=\"button primary is-underline is-larger expand\" rel=\"noopener\" >\n\t\t<span>Trib\u00f9<\/span>\n\t<\/a>\n\n              <\/div>\n           <\/div>\n                            \n<style>\n#text-box-1972404013 .text-box-content {\n  background-color: rgb(255, 255, 255);\n  font-size: 100%;\n}\n#text-box-1972404013 .text-inner {\n  padding: 30px 30px 30px 30px;\n}\n#text-box-1972404013 {\n  width: 60%;\n}\n@media (min-width:550px) {\n  #text-box-1972404013 {\n    width: 40%;\n  }\n}\n<\/style>\n    <\/div>\n \n        <\/div>\n      <\/div>\n\n              <div class=\"height-fix is-invisible\"><img loading=\"lazy\" decoding=\"async\" width=\"878\" height=\"1024\" src=\"https:\/\/www.sinchisinchi.com\/wp-content\/uploads\/2024\/11\/1-4-Katukina-Tribu-Noke-Koi-878x1024.png\" class=\"attachment-large size-large\" alt=\"\" srcset=\"https:\/\/www.sinchisinchi.com\/wp-content\/uploads\/2024\/11\/1-4-Katukina-Tribu-Noke-Koi-878x1024.png 878w, https:\/\/www.sinchisinchi.com\/wp-content\/uploads\/2024\/11\/1-4-Katukina-Tribu-Noke-Koi-514x600.png 514w, https:\/\/www.sinchisinchi.com\/wp-content\/uploads\/2024\/11\/1-4-Katukina-Tribu-Noke-Koi-768x896.png 768w, https:\/\/www.sinchisinchi.com\/wp-content\/uploads\/2024\/11\/1-4-Katukina-Tribu-Noke-Koi-1317x1536.png 1317w, https:\/\/www.sinchisinchi.com\/wp-content\/uploads\/2024\/11\/1-4-Katukina-Tribu-Noke-Koi-247x288.png 247w, https:\/\/www.sinchisinchi.com\/wp-content\/uploads\/2024\/11\/1-4-Katukina-Tribu-Noke-Koi-510x595.png 510w, https:\/\/www.sinchisinchi.com\/wp-content\/uploads\/2024\/11\/1-4-Katukina-Tribu-Noke-Koi.png 1400w\" sizes=\"auto, (max-width: 878px) 100vw, 878px\" \/><\/div>\n            \n<style>\n#banner-1239171130 .overlay {\n  background-color: rgba(190, 190, 190, 0.2);\n}\n#banner-1239171130 {\n  background-color: rgb(255, 255, 255);\n}\n<\/style>\n  <\/div>\n\n\n\t<div id=\"gap-1079520889\" class=\"gap-element clearfix\" style=\"display:block; height:auto;\">\n\t\t\n<style>\n#gap-1079520889 {\n  padding-top: 50px;\n}\n<\/style>\n\t<\/div>\n\t\n<h2 style=\"text-align: center;\">Ingredienti della variet\u00e0:<\/h2>\n<p style=\"text-align: center;\"><strong>Il cactus della Signora della Notte<\/strong><\/p>\n<p><strong>La Signora della Notte (Selenicereus grandiflorus)<\/strong> \u00e8 una specie di cactus molto bella, enigmatica ed esotica.<\/p>\n<p>I suoi fiori hanno un aroma squisito e, una volta sbocciati, durano solo una notte. Al calare della sera, il fiore della Signora della Notte apre lentamente i suoi petali verso la luna, e quando l&#8217;alba comincia ad illuminare il cielo e compaiono i primi raggi di sole, i fiori appassiscono e cadono.<\/p>\n<p>La Signora della Notte ha importanti propriet\u00e0 salutari e viene utilizzata in molti modi dalle trib\u00f9 native.<\/p>\n<p>Il cactus della Signora della Notte \u00e8 noto per stimolare la circolazione sanguigna nel cervello, potenziando e migliorando il funzionamento dei neurotrasmettitori.<\/p>\n<p>\u00c8 noto anche per aiutare contro le malattie cardiache, oltre ad essere efficace contro mal di testa, dolori reumatici, problemi respiratori, eruzioni cutanee e diabete.<\/p>\n<p>&nbsp;<\/p>\n<p style=\"text-align: center;\"><strong>L&#8217;albero dei Murici<\/strong><\/p>\n<p><strong>Murici (Byrsonima crassifolia)<\/strong> \u00e8 un albero dalle propriet\u00e0 curative molto interessanti e diverse, oltre ad avere frutti deliziosi. Viene piantato per ripopolare terreni sterili o bruciati; \u00c8 un albero che risveglia la vita, facendo rivivere ci\u00f2 che sembrava morto.<\/p>\n<p>La corteccia dell&#8217;albero Murici \u00e8 antinfiammatoria, antipiretica e lassativa; usato per trattare dissenteria, tosse e morsi di serpente (come antidoto); Aiuta le mestruazioni e i problemi vaginali.<\/p>\n<p>Nel suo uso topico, la corteccia viene utilizzata per curare ferite, infezioni della pelle e ulcere. Le sue foglie infuse sono usate per trattare la pressione bassa.<\/p>\n","protected":false},"excerpt":{"rendered":"<p>Il cactus Rap\u00e9 katukina \u00e8 realizzato con frassino Murici, Mapacho, Sabi\u00e1 e una variet\u00e0 di cactus chiamata Dama da Noite (Signora della Notte, cos\u00ec chiamata perch\u00e9 fiorisce di notte).<\/p>\n<p>Katukina Cactus \u00e8 una variet\u00e0 Rap\u00e9 insolita e sorprendente, straordinariamente aromatica, con effetti diversi grazie alla sua composizione unica.<\/p>\n<p>La Signora della Notte agisce sul chakra della corona e stimola la connessione con i piani superiori, rafforzando l&#8217;intuizione e la comprensione.<\/p>\n<p>D&#8217;altra parte, le ceneri di Murici portano al radicamento, all&#8217;armonizzazione e al bilanciamento del chakra di base.<\/p>\n<p>Rap\u00e9 Cactus ristabilisce la connessione del meridiano energetico che attraversa tutti i chakra, dalla base alla corona, liberandolo dai blocchi. Aiuta ad armonizzare e integrare l&#8217;esterno con l&#8217;interno.<\/p>\n<p>Questa variet\u00e0 stimola fortemente la guarigione e aiuta a liberare il vecchio e purificare l&#8217;energia per ricevere il nuovo.<\/p>\n<p>I Katukina consigliano di iniziare il rapporto con questa variet\u00e0 con piccole quantit\u00e0 e di non utilizzarla troppo frequentemente. Rap\u00e9 Cactus \u00e8 meglio utilizzato dopo il tramonto; Come la stessa Signora della Notte, \u00e8 qui che offre tutto il suo potenziale.<\/p>\n","protected":false},"featured_media":11783,"template":"","meta":{"_joinchat":[]},"product_brand":[],"product_cat":[210],"product_tag":[],"class_list":{"0":"post-10019","1":"product","2":"type-product","3":"status-publish","4":"has-post-thumbnail","6":"product_cat-katukina-it","8":"first","9":"instock","10":"taxable","11":"shipping-taxable","12":"purchasable","13":"product-type-simple"},"yoast_head":"<!-- This site is optimized with the Yoast SEO plugin v27.4 - https:\/\/yoast.com\/product\/yoast-seo-wordpress\/ -->\n<title>SINCHI: Cactus Rap\u00e9 della trib\u00f9 amazzonica Katukina<\/title>\n<meta name=\"description\" content=\"Katukina Cactus \u00e8 una variet\u00e0 di Rap\u00e9 insolita e sorprendente, straordinariamente aromatica, con effetti diversi grazie alla sua composizione unica.\" \/>\n<meta name=\"robots\" content=\"index, follow, max-snippet:-1, max-image-preview:large, max-video-preview:-1\" \/>\n<link rel=\"canonical\" href=\"https:\/\/www.sinchisinchi.com\/it\/producto\/katukina-cactus\/\" \/>\n<meta property=\"og:locale\" content=\"it_IT\" \/>\n<meta property=\"og:type\" content=\"article\" \/>\n<meta property=\"og:title\" content=\"SINCHI: Cactus Rap\u00e9 della trib\u00f9 amazzonica Katukina\" \/>\n<meta property=\"og:description\" content=\"Katukina Cactus \u00e8 una variet\u00e0 di Rap\u00e9 insolita e sorprendente, straordinariamente aromatica, con effetti diversi grazie alla sua composizione unica.\" \/>\n<meta property=\"og:url\" content=\"https:\/\/www.sinchisinchi.com\/it\/producto\/katukina-cactus\/\" \/>\n<meta property=\"og:site_name\" content=\"SINCHI RAP\u00c9\" \/>\n<meta property=\"article:publisher\" content=\"https:\/\/www.facebook.com\/sinchirape\/\" \/>\n<meta property=\"article:modified_time\" content=\"2026-02-12T13:10:10+00:00\" \/>\n<meta property=\"og:image\" content=\"https:\/\/www.sinchisinchi.com\/wp-content\/uploads\/2023\/10\/2-Cactus.jpg\" \/>\n\t<meta property=\"og:image:width\" content=\"700\" \/>\n\t<meta property=\"og:image:height\" content=\"700\" \/>\n\t<meta property=\"og:image:type\" content=\"image\/jpeg\" \/>\n<meta name=\"twitter:card\" content=\"summary_large_image\" \/>\n<meta name=\"twitter:label1\" content=\"Tempo di lettura stimato\" \/>\n\t<meta name=\"twitter:data1\" content=\"2 minuti\" \/>\n<script type=\"application\/ld+json\" class=\"yoast-schema-graph\">{\"@context\":\"https:\\\/\\\/schema.org\",\"@graph\":[{\"@type\":\"WebPage\",\"@id\":\"https:\\\/\\\/www.sinchisinchi.com\\\/it\\\/producto\\\/katukina-cactus\\\/\",\"url\":\"https:\\\/\\\/www.sinchisinchi.com\\\/it\\\/producto\\\/katukina-cactus\\\/\",\"name\":\"SINCHI: Cactus Rap\u00e9 della trib\u00f9 amazzonica Katukina\",\"isPartOf\":{\"@id\":\"https:\\\/\\\/www.sinchisinchi.com\\\/it\\\/#website\"},\"primaryImageOfPage\":{\"@id\":\"https:\\\/\\\/www.sinchisinchi.com\\\/it\\\/producto\\\/katukina-cactus\\\/#primaryimage\"},\"image\":{\"@id\":\"https:\\\/\\\/www.sinchisinchi.com\\\/it\\\/producto\\\/katukina-cactus\\\/#primaryimage\"},\"thumbnailUrl\":\"https:\\\/\\\/www.sinchisinchi.com\\\/wp-content\\\/uploads\\\/2023\\\/10\\\/2-Cactus.jpg\",\"datePublished\":\"2023-10-19T20:23:28+00:00\",\"dateModified\":\"2026-02-12T13:10:10+00:00\",\"description\":\"Katukina Cactus \u00e8 una variet\u00e0 di Rap\u00e9 insolita e sorprendente, straordinariamente aromatica, con effetti diversi grazie alla sua composizione unica.\",\"breadcrumb\":{\"@id\":\"https:\\\/\\\/www.sinchisinchi.com\\\/it\\\/producto\\\/katukina-cactus\\\/#breadcrumb\"},\"inLanguage\":\"it-IT\",\"potentialAction\":[{\"@type\":\"ReadAction\",\"target\":[\"https:\\\/\\\/www.sinchisinchi.com\\\/it\\\/producto\\\/katukina-cactus\\\/\"]}]},{\"@type\":\"ImageObject\",\"inLanguage\":\"it-IT\",\"@id\":\"https:\\\/\\\/www.sinchisinchi.com\\\/it\\\/producto\\\/katukina-cactus\\\/#primaryimage\",\"url\":\"https:\\\/\\\/www.sinchisinchi.com\\\/wp-content\\\/uploads\\\/2023\\\/10\\\/2-Cactus.jpg\",\"contentUrl\":\"https:\\\/\\\/www.sinchisinchi.com\\\/wp-content\\\/uploads\\\/2023\\\/10\\\/2-Cactus.jpg\",\"width\":700,\"height\":700},{\"@type\":\"BreadcrumbList\",\"@id\":\"https:\\\/\\\/www.sinchisinchi.com\\\/it\\\/producto\\\/katukina-cactus\\\/#breadcrumb\",\"itemListElement\":[{\"@type\":\"ListItem\",\"position\":1,\"name\":\"Prima pagina\",\"item\":\"https:\\\/\\\/www.sinchisinchi.com\\\/it\\\/\"},{\"@type\":\"ListItem\",\"position\":2,\"name\":\"Prodotti\",\"item\":\"https:\\\/\\\/www.sinchisinchi.com\\\/it\\\/shop\\\/\"},{\"@type\":\"ListItem\",\"position\":3,\"name\":\"Cactus\"}]},{\"@type\":\"WebSite\",\"@id\":\"https:\\\/\\\/www.sinchisinchi.com\\\/it\\\/#website\",\"url\":\"https:\\\/\\\/www.sinchisinchi.com\\\/it\\\/\",\"name\":\"SINCHI\",\"description\":\"Sinchi Medicine\",\"publisher\":{\"@id\":\"https:\\\/\\\/www.sinchisinchi.com\\\/it\\\/#organization\"},\"potentialAction\":[{\"@type\":\"SearchAction\",\"target\":{\"@type\":\"EntryPoint\",\"urlTemplate\":\"https:\\\/\\\/www.sinchisinchi.com\\\/it\\\/?s={search_term_string}\"},\"query-input\":{\"@type\":\"PropertyValueSpecification\",\"valueRequired\":true,\"valueName\":\"search_term_string\"}}],\"inLanguage\":\"it-IT\"},{\"@type\":\"Organization\",\"@id\":\"https:\\\/\\\/www.sinchisinchi.com\\\/it\\\/#organization\",\"name\":\"SINCHI S.L\",\"url\":\"https:\\\/\\\/www.sinchisinchi.com\\\/it\\\/\",\"logo\":{\"@type\":\"ImageObject\",\"inLanguage\":\"it-IT\",\"@id\":\"https:\\\/\\\/www.sinchisinchi.com\\\/it\\\/#\\\/schema\\\/logo\\\/image\\\/\",\"url\":\"https:\\\/\\\/www.sinchisinchi.com\\\/wp-content\\\/uploads\\\/2026\\\/01\\\/3b-Verde-SIMPLIFICADO-HORIZONTAL-F-TRANSPARENTE-scaled.png\",\"contentUrl\":\"https:\\\/\\\/www.sinchisinchi.com\\\/wp-content\\\/uploads\\\/2026\\\/01\\\/3b-Verde-SIMPLIFICADO-HORIZONTAL-F-TRANSPARENTE-scaled.png\",\"width\":2560,\"height\":457,\"caption\":\"SINCHI S.L\"},\"image\":{\"@id\":\"https:\\\/\\\/www.sinchisinchi.com\\\/it\\\/#\\\/schema\\\/logo\\\/image\\\/\"},\"sameAs\":[\"https:\\\/\\\/www.facebook.com\\\/sinchirape\\\/\",\"https:\\\/\\\/www.instagram.com\\\/sinchi_rape\\\/\"]}]}<\/script>\n<!-- \/ Yoast SEO plugin. -->","yoast_head_json":{"title":"SINCHI: Cactus Rap\u00e9 della trib\u00f9 amazzonica Katukina","description":"Katukina Cactus \u00e8 una variet\u00e0 di Rap\u00e9 insolita e sorprendente, straordinariamente aromatica, con effetti diversi grazie alla sua composizione unica.","robots":{"index":"index","follow":"follow","max-snippet":"max-snippet:-1","max-image-preview":"max-image-preview:large","max-video-preview":"max-video-preview:-1"},"canonical":"https:\/\/www.sinchisinchi.com\/it\/producto\/katukina-cactus\/","og_locale":"it_IT","og_type":"article","og_title":"SINCHI: Cactus Rap\u00e9 della trib\u00f9 amazzonica Katukina","og_description":"Katukina Cactus \u00e8 una variet\u00e0 di Rap\u00e9 insolita e sorprendente, straordinariamente aromatica, con effetti diversi grazie alla sua composizione unica.","og_url":"https:\/\/www.sinchisinchi.com\/it\/producto\/katukina-cactus\/","og_site_name":"SINCHI RAP\u00c9","article_publisher":"https:\/\/www.facebook.com\/sinchirape\/","article_modified_time":"2026-02-12T13:10:10+00:00","og_image":[{"width":700,"height":700,"url":"https:\/\/www.sinchisinchi.com\/wp-content\/uploads\/2023\/10\/2-Cactus.jpg","type":"image\/jpeg"}],"twitter_card":"summary_large_image","twitter_misc":{"Tempo di lettura stimato":"2 minuti"},"schema":{"@context":"https:\/\/schema.org","@graph":[{"@type":"WebPage","@id":"https:\/\/www.sinchisinchi.com\/it\/producto\/katukina-cactus\/","url":"https:\/\/www.sinchisinchi.com\/it\/producto\/katukina-cactus\/","name":"SINCHI: Cactus Rap\u00e9 della trib\u00f9 amazzonica Katukina","isPartOf":{"@id":"https:\/\/www.sinchisinchi.com\/it\/#website"},"primaryImageOfPage":{"@id":"https:\/\/www.sinchisinchi.com\/it\/producto\/katukina-cactus\/#primaryimage"},"image":{"@id":"https:\/\/www.sinchisinchi.com\/it\/producto\/katukina-cactus\/#primaryimage"},"thumbnailUrl":"https:\/\/www.sinchisinchi.com\/wp-content\/uploads\/2023\/10\/2-Cactus.jpg","datePublished":"2023-10-19T20:23:28+00:00","dateModified":"2026-02-12T13:10:10+00:00","description":"Katukina Cactus \u00e8 una variet\u00e0 di Rap\u00e9 insolita e sorprendente, straordinariamente aromatica, con effetti diversi grazie alla sua composizione unica.","breadcrumb":{"@id":"https:\/\/www.sinchisinchi.com\/it\/producto\/katukina-cactus\/#breadcrumb"},"inLanguage":"it-IT","potentialAction":[{"@type":"ReadAction","target":["https:\/\/www.sinchisinchi.com\/it\/producto\/katukina-cactus\/"]}]},{"@type":"ImageObject","inLanguage":"it-IT","@id":"https:\/\/www.sinchisinchi.com\/it\/producto\/katukina-cactus\/#primaryimage","url":"https:\/\/www.sinchisinchi.com\/wp-content\/uploads\/2023\/10\/2-Cactus.jpg","contentUrl":"https:\/\/www.sinchisinchi.com\/wp-content\/uploads\/2023\/10\/2-Cactus.jpg","width":700,"height":700},{"@type":"BreadcrumbList","@id":"https:\/\/www.sinchisinchi.com\/it\/producto\/katukina-cactus\/#breadcrumb","itemListElement":[{"@type":"ListItem","position":1,"name":"Prima pagina","item":"https:\/\/www.sinchisinchi.com\/it\/"},{"@type":"ListItem","position":2,"name":"Prodotti","item":"https:\/\/www.sinchisinchi.com\/it\/shop\/"},{"@type":"ListItem","position":3,"name":"Cactus"}]},{"@type":"WebSite","@id":"https:\/\/www.sinchisinchi.com\/it\/#website","url":"https:\/\/www.sinchisinchi.com\/it\/","name":"SINCHI","description":"Sinchi Medicine","publisher":{"@id":"https:\/\/www.sinchisinchi.com\/it\/#organization"},"potentialAction":[{"@type":"SearchAction","target":{"@type":"EntryPoint","urlTemplate":"https:\/\/www.sinchisinchi.com\/it\/?s={search_term_string}"},"query-input":{"@type":"PropertyValueSpecification","valueRequired":true,"valueName":"search_term_string"}}],"inLanguage":"it-IT"},{"@type":"Organization","@id":"https:\/\/www.sinchisinchi.com\/it\/#organization","name":"SINCHI S.L","url":"https:\/\/www.sinchisinchi.com\/it\/","logo":{"@type":"ImageObject","inLanguage":"it-IT","@id":"https:\/\/www.sinchisinchi.com\/it\/#\/schema\/logo\/image\/","url":"https:\/\/www.sinchisinchi.com\/wp-content\/uploads\/2026\/01\/3b-Verde-SIMPLIFICADO-HORIZONTAL-F-TRANSPARENTE-scaled.png","contentUrl":"https:\/\/www.sinchisinchi.com\/wp-content\/uploads\/2026\/01\/3b-Verde-SIMPLIFICADO-HORIZONTAL-F-TRANSPARENTE-scaled.png","width":2560,"height":457,"caption":"SINCHI S.L"},"image":{"@id":"https:\/\/www.sinchisinchi.com\/it\/#\/schema\/logo\/image\/"},"sameAs":["https:\/\/www.facebook.com\/sinchirape\/","https:\/\/www.instagram.com\/sinchi_rape\/"]}]}},"_links":{"self":[{"href":"https:\/\/www.sinchisinchi.com\/it\/wp-json\/wp\/v2\/product\/10019","targetHints":{"allow":["GET"]}}],"collection":[{"href":"https:\/\/www.sinchisinchi.com\/it\/wp-json\/wp\/v2\/product"}],"about":[{"href":"https:\/\/www.sinchisinchi.com\/it\/wp-json\/wp\/v2\/types\/product"}],"wp:featuredmedia":[{"embeddable":true,"href":"https:\/\/www.sinchisinchi.com\/it\/wp-json\/wp\/v2\/media\/11783"}],"wp:attachment":[{"href":"https:\/\/www.sinchisinchi.com\/it\/wp-json\/wp\/v2\/media?parent=10019"}],"wp:term":[{"taxonomy":"product_brand","embeddable":true,"href":"https:\/\/www.sinchisinchi.com\/it\/wp-json\/wp\/v2\/product_brand?post=10019"},{"taxonomy":"product_cat","embeddable":true,"href":"https:\/\/www.sinchisinchi.com\/it\/wp-json\/wp\/v2\/product_cat?post=10019"},{"taxonomy":"product_tag","embeddable":true,"href":"https:\/\/www.sinchisinchi.com\/it\/wp-json\/wp\/v2\/product_tag?post=10019"}],"curies":[{"name":"wp","href":"https:\/\/api.w.org\/{rel}","templated":true}]}}