{"id":10029,"date":"2023-10-19T19:52:13","date_gmt":"2023-10-19T19:52:13","guid":{"rendered":"https:\/\/www.sinchisinchi.com\/producto\/rape-jurema\/"},"modified":"2024-11-25T01:47:21","modified_gmt":"2024-11-25T01:47:21","slug":"rape-jurema","status":"publish","type":"product","link":"https:\/\/www.sinchisinchi.com\/it\/producto\/rape-jurema\/","title":{"rendered":"Rap\u00e9 Jurema"},"content":{"rendered":"<h2 style=\"text-align: center;\"><strong><span style=\"color: #000000;\">Albero di Jurema<\/span><\/strong><\/h2>\n<p>&nbsp;<\/p>\n<h3 style=\"text-align: center;\"><strong><span style=\"color: #000000;\">Tassonomia<\/span><\/strong><\/h3>\n<p><span style=\"color: #000000;\">Conosciuta in Messico come tepezcohuite, \u00e8 la stessa pianta che in Brasile \u00e8 conosciuta come Jurema (Mimosa hostilis).<\/span><\/p>\n<p><span style=\"color: #000000;\">Altri nomi comuni sono: Jurema preta, jurema negra, ajuc\u00e1, espineiro (Brasile); tepescohuite (Messico), cabrero, carbone, carbonale.<\/span><\/p>\n<p><span style=\"color: #000000;\">\u00c8 una specie decidua, che fiorisce e fruttifica nel periodo relativamente pi\u00f9 secco dell&#8217;anno, quando \u00e8 priva di fogliame.<\/span><\/p>\n<p><span style=\"color: #000000;\">\u00c8 una macchia spinosa molto abbondante in Messico (Bassa California, Oaxaca e costa del Chiapas), in America Centrale, nelle pianure del Venezuela e nelle aride pianure del Brasile orientale: Pernambuco, Minas Gerais e Bahia, dove altre vengono chiamate anche \u201c jurema\u201d Specie di mimose come la jurema bianca (Mimosa verrucosa).<\/span><\/p>\n<p><span style=\"color: #000000;\">In Messico \u00e8 chiamato anche albero della pelle, perch\u00e9 la sua corteccia ha importanti propriet\u00e0 antimicrobiche, analgesiche e rigeneranti cellulari.<\/span><\/p>\n<p><span style=\"color: #000000;\">La Mimosa hostilis ha fiori bianchi, mentre la Mimosa verrucosa ha fiori rosa. La Mimosa hostilis non ha mai fiori gialli o rosa.<\/span><\/p>\n<p>&nbsp;<\/p>\n<h3 style=\"text-align: center;\"><strong><span style=\"color: #000000;\">Storia<\/span><\/strong><\/h3>\n<p><span style=\"color: #000000;\">Recentemente \u00e8 stato riconosciuto che la Mimosa tenuiflora messicana, descritta botanicamente nel 1810, \u00e8 la stessa specie della Mimosa hostilis brasiliana.<\/span><\/p>\n<p><span style=\"color: #000000;\">I Maya del Messico in epoca preispanica lo chiamavano \u201cTepezcohuite\u201d. Secondo il Dizionario degli aztecismi di Cabrera (1975), la parola Tepezcohuite deriva dalle parole nahuatl tepetl (Collina) e cuahuitl (Albero), &#8220;albero della collina&#8221;.<\/span><\/p>\n<p><span style=\"color: #000000;\">In Messico divenne popolare anche il nome \u201calbero della pelle\u201d, che secondo Genis (1987) deriva dalla parola nahuatl tepexohuitztli.<\/span><\/p>\n<p><span style=\"color: #000000;\">Inoltre, si chiama tepuscuahuitl, che significa \u201calbero di ferro o di metallo\u201d alludendo alla durezza del suo legno.<\/span><\/p>\n<p><span style=\"color: #000000;\">La corteccia della radice contiene tra lo 0,25% e il 4,5% di DMT (N,N-dimetiltriptamina) del peso secco della corteccia della radice.<\/span><\/p>\n<p><span style=\"color: #000000;\">La corteccia del tronco viene venduta nei mercati del Messico per le sue applicazioni nella medicina popolare. Gli indigeni del Brasile, invece, che producono il \u201cvinho da jurema\u201d utilizzano solo la corteccia della radice.<\/span><\/p>\n<p><span style=\"color: #000000;\">L&#8217;efficacia della tepezcohuite potrebbe essere messa alla prova da due tragici eventi accaduti in Messico negli anni ottanta, che colpirono pesantemente la popolazione.<\/span><\/p>\n<p><span style=\"color: #000000;\">Nel novembre del 1984 venne utilizzato per curare centinaia di feriti affetti da gravi ustioni cutanee causate da una sfortunata esplosione di gas.<\/span><\/p>\n<p><span style=\"color: #000000;\">In secondo luogo, nel 1985, \u00e8 stato utilizzato per curare le ferite delle vittime del terremoto.<\/span><\/p>\n<p><span style=\"color: #000000;\">In entrambi i casi \u00e8 stato utilizzato in modo massiccio con risultati molto soddisfacenti nella ricostruzione dell&#8217;epidermide, nonch\u00e9 nella ripigmentazione.<\/span><\/p>\n<p>&nbsp;<\/p>\n<h3 style=\"text-align: center;\"><strong><span style=\"color: #000000;\">Mayas<\/span><\/strong><\/h3>\n<p><span style=\"color: #000000;\">Considerato un albero sacro, Jurema veniva utilizzato dai Maya come curativo per le malattie della pelle, come rigeneratore cellulare e per la cura delle ferite; Era popolarmente conosciuto come \u201cl\u2019albero il cui guscio \u00e8 trasformato in polvere che guarisce le ferite\u201d.<\/span><\/p>\n<p><span style=\"color: #000000;\">Usavano la tepezcohuite applicando la polvere della sua corteccia sulle ferite e soprattutto sulle ustioni, per calmare il dolore e accelerarne notevolmente la guarigione, prevenendo anche la comparsa di cicatrici.<\/span><\/p>\n<p>&nbsp;<\/p>\n<h3 style=\"text-align: center;\"><strong><span style=\"color: #000000;\">Bevanda Jurema<\/span><\/strong><\/h3>\n<p><span style=\"color: #000000;\">Jurema \u00e8 un arbusto molto utilizzato come analogo dell&#8217;ayahuasca, dalla cui radice si ottiene la \u201cbevanda jurema\u201d o \u201cvinho da jurema\u201d, utilizzata in rituali e cerimonie.<\/span><\/p>\n<p><span style=\"color: #000000;\">La sua preparazione consiste generalmente nel far macerare o mettere in infusione le foglie in acqua o alcool.<\/span><\/p>\n<p><span style=\"color: #000000;\">Jonathan Ott ha verificato nel 1998 che dopo venti minuti di consumo di vino Jurema, un effetto visionario di tipo DMT \u00e8 evidente per circa due ore. Tuttavia, \u00e8 noto che la dimetiltriptamina (D.M.T.) \u00e8 inattiva per via orale.<\/span><\/p>\n<p><span style=\"color: #000000;\">Mancano anche sostanze che inibiscono l&#8217;enzima umano mono amino ossidasi (IMAO). Per tutti questi motivi, si presume che jurema debba contenere un qualche tipo di triptamina attiva per via orale, ancora da scoprire.<\/span><\/p>\n<p>&nbsp;<\/p>\n<h3 style=\"text-align: center;\"><strong><span style=\"color: #000000;\">Bevanda Juremahusca<\/span><\/strong><\/h3>\n<p><span style=\"color: #000000;\">Negli anni &#8217;90, ricercatori specializzati in esperimenti psicoattivi crearono la Juremahusca, una bevanda analoga all&#8217;Ayahuasca composta da una miscela di semi di Jurema e di Ruta siriana (Peganum Harmala), originaria del Nord Africa.<\/span><\/p>\n<p><span style=\"color: #000000;\">La corteccia della radice di jurema contiene solitamente dallo 0,5 all&#8217;1% di DMT, mentre le foglie di chakruna (Psychotria viridis) contengono dallo 0 allo 0,20% in media di DMT.<\/span><\/p>\n<p><span style=\"color: #000000;\">In alcune cortecce radicali di Mimosa hostilis mexicana \u00e8 stato riscontrato un contenuto di DMT molto pi\u00f9 elevato, compreso tra l&#8217;1% e l&#8217;11% (Ott 2001). La corteccia del tronco contiene livelli molto pi\u00f9 bassi di DMT, cos\u00ec come le foglie.<\/span><\/p>\n<p><span style=\"color: #000000;\">Bisogna fare attenzione sia alle foglie che al tronco, poich\u00e9 potrebbero contenere mimosina, una sostanza velenosa.<\/span><\/p>\n","protected":false},"excerpt":{"rendered":"<p><span style=\"color: #000000;\">Rap\u00e9 Jurema contiene una miscela di <strong>Mapacho de Sabia e Mapacho de Arapirca, ceneri di Tsunu e Jurema Preta.<\/strong><\/span><\/p>\n<p><span style=\"color: #000000;\"><strong>Jurema Preta o Mimosa Hostilis<\/strong> \u00e8 una pianta utilizzata nelle cerimonie indigene del nord-est del Brasile. Cresce nell&#8217;ecosistema della savana nordorientale e appartiene alla famiglia delle acacie. \u00c8 un vero spettacolo con i suoi bellissimi fiori che svolazzano al vento come pennacchi bianchi.<\/span><\/p>\n<p><span style=\"color: #000000;\">Viene utilizzato anche per le sue propriet\u00e0 come rigeneratore cellulare, batteriostatico, antisettico, analgesico, cicatrizzante e rigenerante.<\/span><\/p>\n","protected":false},"featured_media":11757,"template":"","meta":{"_joinchat":[]},"product_brand":[],"product_cat":[215],"product_tag":[],"class_list":{"0":"post-10029","1":"product","2":"type-product","3":"status-publish","4":"has-post-thumbnail","6":"product_cat-boa-it","8":"first","9":"instock","10":"taxable","11":"shipping-taxable","12":"purchasable","13":"product-type-simple"},"yoast_head":"<!-- This site is optimized with the Yoast SEO plugin v27.4 - https:\/\/yoast.com\/product\/yoast-seo-wordpress\/ -->\n<title>SINCHI: Amazon Rap\u00e9 con Jurema<\/title>\n<meta name=\"description\" content=\"Il Rap\u00e9 Jurema contiene una miscela di mapacho di Sabia e Arapirca, ceneri di Tsunu e Jurema Preta, utilizzate nelle cerimonie indigene del Brasile.\" \/>\n<meta name=\"robots\" content=\"index, follow, max-snippet:-1, max-image-preview:large, max-video-preview:-1\" \/>\n<link rel=\"canonical\" href=\"https:\/\/www.sinchisinchi.com\/it\/producto\/rape-jurema\/\" \/>\n<meta property=\"og:locale\" content=\"it_IT\" \/>\n<meta property=\"og:type\" content=\"article\" \/>\n<meta property=\"og:title\" content=\"SINCHI: Amazon Rap\u00e9 con Jurema\" \/>\n<meta property=\"og:description\" content=\"Il Rap\u00e9 Jurema contiene una miscela di mapacho di Sabia e Arapirca, ceneri di Tsunu e Jurema Preta, utilizzate nelle cerimonie indigene del Brasile.\" \/>\n<meta property=\"og:url\" content=\"https:\/\/www.sinchisinchi.com\/it\/producto\/rape-jurema\/\" \/>\n<meta property=\"og:site_name\" content=\"SINCHI RAP\u00c9\" \/>\n<meta property=\"article:publisher\" content=\"https:\/\/www.facebook.com\/sinchirape\/\" \/>\n<meta property=\"article:modified_time\" content=\"2024-11-25T01:47:21+00:00\" \/>\n<meta property=\"og:image\" content=\"https:\/\/www.sinchisinchi.com\/wp-content\/uploads\/2023\/10\/22-Jurema.jpg\" \/>\n\t<meta property=\"og:image:width\" content=\"700\" \/>\n\t<meta property=\"og:image:height\" content=\"700\" \/>\n\t<meta property=\"og:image:type\" content=\"image\/jpeg\" \/>\n<meta name=\"twitter:card\" content=\"summary_large_image\" \/>\n<meta name=\"twitter:label1\" content=\"Tempo di lettura stimato\" \/>\n\t<meta name=\"twitter:data1\" content=\"3 minuti\" \/>\n<script type=\"application\/ld+json\" class=\"yoast-schema-graph\">{\"@context\":\"https:\\\/\\\/schema.org\",\"@graph\":[{\"@type\":\"WebPage\",\"@id\":\"https:\\\/\\\/www.sinchisinchi.com\\\/it\\\/producto\\\/rape-jurema\\\/\",\"url\":\"https:\\\/\\\/www.sinchisinchi.com\\\/it\\\/producto\\\/rape-jurema\\\/\",\"name\":\"SINCHI: Amazon Rap\u00e9 con Jurema\",\"isPartOf\":{\"@id\":\"https:\\\/\\\/www.sinchisinchi.com\\\/it\\\/#website\"},\"primaryImageOfPage\":{\"@id\":\"https:\\\/\\\/www.sinchisinchi.com\\\/it\\\/producto\\\/rape-jurema\\\/#primaryimage\"},\"image\":{\"@id\":\"https:\\\/\\\/www.sinchisinchi.com\\\/it\\\/producto\\\/rape-jurema\\\/#primaryimage\"},\"thumbnailUrl\":\"https:\\\/\\\/www.sinchisinchi.com\\\/wp-content\\\/uploads\\\/2023\\\/10\\\/22-Jurema.jpg\",\"datePublished\":\"2023-10-19T19:52:13+00:00\",\"dateModified\":\"2024-11-25T01:47:21+00:00\",\"description\":\"Il Rap\u00e9 Jurema contiene una miscela di mapacho di Sabia e Arapirca, ceneri di Tsunu e Jurema Preta, utilizzate nelle cerimonie indigene del Brasile.\",\"breadcrumb\":{\"@id\":\"https:\\\/\\\/www.sinchisinchi.com\\\/it\\\/producto\\\/rape-jurema\\\/#breadcrumb\"},\"inLanguage\":\"it-IT\",\"potentialAction\":[{\"@type\":\"ReadAction\",\"target\":[\"https:\\\/\\\/www.sinchisinchi.com\\\/it\\\/producto\\\/rape-jurema\\\/\"]}]},{\"@type\":\"ImageObject\",\"inLanguage\":\"it-IT\",\"@id\":\"https:\\\/\\\/www.sinchisinchi.com\\\/it\\\/producto\\\/rape-jurema\\\/#primaryimage\",\"url\":\"https:\\\/\\\/www.sinchisinchi.com\\\/wp-content\\\/uploads\\\/2023\\\/10\\\/22-Jurema.jpg\",\"contentUrl\":\"https:\\\/\\\/www.sinchisinchi.com\\\/wp-content\\\/uploads\\\/2023\\\/10\\\/22-Jurema.jpg\",\"width\":700,\"height\":700},{\"@type\":\"BreadcrumbList\",\"@id\":\"https:\\\/\\\/www.sinchisinchi.com\\\/it\\\/producto\\\/rape-jurema\\\/#breadcrumb\",\"itemListElement\":[{\"@type\":\"ListItem\",\"position\":1,\"name\":\"Prima pagina\",\"item\":\"https:\\\/\\\/www.sinchisinchi.com\\\/it\\\/\"},{\"@type\":\"ListItem\",\"position\":2,\"name\":\"Prodotti\",\"item\":\"https:\\\/\\\/www.sinchisinchi.com\\\/it\\\/shop\\\/\"},{\"@type\":\"ListItem\",\"position\":3,\"name\":\"Rap\u00e9 Jurema\"}]},{\"@type\":\"WebSite\",\"@id\":\"https:\\\/\\\/www.sinchisinchi.com\\\/it\\\/#website\",\"url\":\"https:\\\/\\\/www.sinchisinchi.com\\\/it\\\/\",\"name\":\"SINCHI\",\"description\":\"Sinchi Medicine\",\"publisher\":{\"@id\":\"https:\\\/\\\/www.sinchisinchi.com\\\/it\\\/#organization\"},\"potentialAction\":[{\"@type\":\"SearchAction\",\"target\":{\"@type\":\"EntryPoint\",\"urlTemplate\":\"https:\\\/\\\/www.sinchisinchi.com\\\/it\\\/?s={search_term_string}\"},\"query-input\":{\"@type\":\"PropertyValueSpecification\",\"valueRequired\":true,\"valueName\":\"search_term_string\"}}],\"inLanguage\":\"it-IT\"},{\"@type\":\"Organization\",\"@id\":\"https:\\\/\\\/www.sinchisinchi.com\\\/it\\\/#organization\",\"name\":\"SINCHI S.L\",\"url\":\"https:\\\/\\\/www.sinchisinchi.com\\\/it\\\/\",\"logo\":{\"@type\":\"ImageObject\",\"inLanguage\":\"it-IT\",\"@id\":\"https:\\\/\\\/www.sinchisinchi.com\\\/it\\\/#\\\/schema\\\/logo\\\/image\\\/\",\"url\":\"https:\\\/\\\/www.sinchisinchi.com\\\/wp-content\\\/uploads\\\/2026\\\/01\\\/3b-Verde-SIMPLIFICADO-HORIZONTAL-F-TRANSPARENTE-scaled.png\",\"contentUrl\":\"https:\\\/\\\/www.sinchisinchi.com\\\/wp-content\\\/uploads\\\/2026\\\/01\\\/3b-Verde-SIMPLIFICADO-HORIZONTAL-F-TRANSPARENTE-scaled.png\",\"width\":2560,\"height\":457,\"caption\":\"SINCHI S.L\"},\"image\":{\"@id\":\"https:\\\/\\\/www.sinchisinchi.com\\\/it\\\/#\\\/schema\\\/logo\\\/image\\\/\"},\"sameAs\":[\"https:\\\/\\\/www.facebook.com\\\/sinchirape\\\/\",\"https:\\\/\\\/www.instagram.com\\\/sinchi_rape\\\/\"]}]}<\/script>\n<!-- \/ Yoast SEO plugin. -->","yoast_head_json":{"title":"SINCHI: Amazon Rap\u00e9 con Jurema","description":"Il Rap\u00e9 Jurema contiene una miscela di mapacho di Sabia e Arapirca, ceneri di Tsunu e Jurema Preta, utilizzate nelle cerimonie indigene del Brasile.","robots":{"index":"index","follow":"follow","max-snippet":"max-snippet:-1","max-image-preview":"max-image-preview:large","max-video-preview":"max-video-preview:-1"},"canonical":"https:\/\/www.sinchisinchi.com\/it\/producto\/rape-jurema\/","og_locale":"it_IT","og_type":"article","og_title":"SINCHI: Amazon Rap\u00e9 con Jurema","og_description":"Il Rap\u00e9 Jurema contiene una miscela di mapacho di Sabia e Arapirca, ceneri di Tsunu e Jurema Preta, utilizzate nelle cerimonie indigene del Brasile.","og_url":"https:\/\/www.sinchisinchi.com\/it\/producto\/rape-jurema\/","og_site_name":"SINCHI RAP\u00c9","article_publisher":"https:\/\/www.facebook.com\/sinchirape\/","article_modified_time":"2024-11-25T01:47:21+00:00","og_image":[{"width":700,"height":700,"url":"https:\/\/www.sinchisinchi.com\/wp-content\/uploads\/2023\/10\/22-Jurema.jpg","type":"image\/jpeg"}],"twitter_card":"summary_large_image","twitter_misc":{"Tempo di lettura stimato":"3 minuti"},"schema":{"@context":"https:\/\/schema.org","@graph":[{"@type":"WebPage","@id":"https:\/\/www.sinchisinchi.com\/it\/producto\/rape-jurema\/","url":"https:\/\/www.sinchisinchi.com\/it\/producto\/rape-jurema\/","name":"SINCHI: Amazon Rap\u00e9 con Jurema","isPartOf":{"@id":"https:\/\/www.sinchisinchi.com\/it\/#website"},"primaryImageOfPage":{"@id":"https:\/\/www.sinchisinchi.com\/it\/producto\/rape-jurema\/#primaryimage"},"image":{"@id":"https:\/\/www.sinchisinchi.com\/it\/producto\/rape-jurema\/#primaryimage"},"thumbnailUrl":"https:\/\/www.sinchisinchi.com\/wp-content\/uploads\/2023\/10\/22-Jurema.jpg","datePublished":"2023-10-19T19:52:13+00:00","dateModified":"2024-11-25T01:47:21+00:00","description":"Il Rap\u00e9 Jurema contiene una miscela di mapacho di Sabia e Arapirca, ceneri di Tsunu e Jurema Preta, utilizzate nelle cerimonie indigene del Brasile.","breadcrumb":{"@id":"https:\/\/www.sinchisinchi.com\/it\/producto\/rape-jurema\/#breadcrumb"},"inLanguage":"it-IT","potentialAction":[{"@type":"ReadAction","target":["https:\/\/www.sinchisinchi.com\/it\/producto\/rape-jurema\/"]}]},{"@type":"ImageObject","inLanguage":"it-IT","@id":"https:\/\/www.sinchisinchi.com\/it\/producto\/rape-jurema\/#primaryimage","url":"https:\/\/www.sinchisinchi.com\/wp-content\/uploads\/2023\/10\/22-Jurema.jpg","contentUrl":"https:\/\/www.sinchisinchi.com\/wp-content\/uploads\/2023\/10\/22-Jurema.jpg","width":700,"height":700},{"@type":"BreadcrumbList","@id":"https:\/\/www.sinchisinchi.com\/it\/producto\/rape-jurema\/#breadcrumb","itemListElement":[{"@type":"ListItem","position":1,"name":"Prima pagina","item":"https:\/\/www.sinchisinchi.com\/it\/"},{"@type":"ListItem","position":2,"name":"Prodotti","item":"https:\/\/www.sinchisinchi.com\/it\/shop\/"},{"@type":"ListItem","position":3,"name":"Rap\u00e9 Jurema"}]},{"@type":"WebSite","@id":"https:\/\/www.sinchisinchi.com\/it\/#website","url":"https:\/\/www.sinchisinchi.com\/it\/","name":"SINCHI","description":"Sinchi Medicine","publisher":{"@id":"https:\/\/www.sinchisinchi.com\/it\/#organization"},"potentialAction":[{"@type":"SearchAction","target":{"@type":"EntryPoint","urlTemplate":"https:\/\/www.sinchisinchi.com\/it\/?s={search_term_string}"},"query-input":{"@type":"PropertyValueSpecification","valueRequired":true,"valueName":"search_term_string"}}],"inLanguage":"it-IT"},{"@type":"Organization","@id":"https:\/\/www.sinchisinchi.com\/it\/#organization","name":"SINCHI S.L","url":"https:\/\/www.sinchisinchi.com\/it\/","logo":{"@type":"ImageObject","inLanguage":"it-IT","@id":"https:\/\/www.sinchisinchi.com\/it\/#\/schema\/logo\/image\/","url":"https:\/\/www.sinchisinchi.com\/wp-content\/uploads\/2026\/01\/3b-Verde-SIMPLIFICADO-HORIZONTAL-F-TRANSPARENTE-scaled.png","contentUrl":"https:\/\/www.sinchisinchi.com\/wp-content\/uploads\/2026\/01\/3b-Verde-SIMPLIFICADO-HORIZONTAL-F-TRANSPARENTE-scaled.png","width":2560,"height":457,"caption":"SINCHI S.L"},"image":{"@id":"https:\/\/www.sinchisinchi.com\/it\/#\/schema\/logo\/image\/"},"sameAs":["https:\/\/www.facebook.com\/sinchirape\/","https:\/\/www.instagram.com\/sinchi_rape\/"]}]}},"_links":{"self":[{"href":"https:\/\/www.sinchisinchi.com\/it\/wp-json\/wp\/v2\/product\/10029","targetHints":{"allow":["GET"]}}],"collection":[{"href":"https:\/\/www.sinchisinchi.com\/it\/wp-json\/wp\/v2\/product"}],"about":[{"href":"https:\/\/www.sinchisinchi.com\/it\/wp-json\/wp\/v2\/types\/product"}],"wp:featuredmedia":[{"embeddable":true,"href":"https:\/\/www.sinchisinchi.com\/it\/wp-json\/wp\/v2\/media\/11757"}],"wp:attachment":[{"href":"https:\/\/www.sinchisinchi.com\/it\/wp-json\/wp\/v2\/media?parent=10029"}],"wp:term":[{"taxonomy":"product_brand","embeddable":true,"href":"https:\/\/www.sinchisinchi.com\/it\/wp-json\/wp\/v2\/product_brand?post=10029"},{"taxonomy":"product_cat","embeddable":true,"href":"https:\/\/www.sinchisinchi.com\/it\/wp-json\/wp\/v2\/product_cat?post=10029"},{"taxonomy":"product_tag","embeddable":true,"href":"https:\/\/www.sinchisinchi.com\/it\/wp-json\/wp\/v2\/product_tag?post=10029"}],"curies":[{"name":"wp","href":"https:\/\/api.w.org\/{rel}","templated":true}]}}