{"id":10034,"date":"2023-10-19T19:46:50","date_gmt":"2023-10-19T19:46:50","guid":{"rendered":"https:\/\/www.sinchisinchi.com\/producto\/rape-sanixi\/"},"modified":"2026-02-12T11:36:00","modified_gmt":"2026-02-12T11:36:00","slug":"rape-sanixi","status":"publish","type":"product","link":"https:\/\/www.sinchisinchi.com\/it\/producto\/rape-sanixi\/","title":{"rendered":"Sanixi"},"content":{"rendered":"<p style=\"text-align: center;\"><strong><span style=\"color: #000000;\">La liana Clavohuasca<\/span><\/strong><\/p>\n<p><span style=\"color: #000000;\">La Clavohuasca \u00e8 una pianta rampicante originaria del Sud America, tradizionalmente utilizzata come potente<strong> afrodisiaco<\/strong> per uomini e donne, per aumentare la potenza sessuale e la fertilit\u00e0.<\/span><\/p>\n<p><span style=\"color: #000000;\">Viene utilizzato anche nella medicina naturale per curare vari disturbi.<\/span><\/p>\n<p><span style=\"color: #000000;\">\u00c8 un additivo comunemente utilizzato nelle ricette dell&#8217;ayahuasca o assunto contemporaneamente per ridurre gli spiacevoli effetti purgativi e calmare lo stomaco.<\/span><\/p>\n<p><span style=\"color: #000000;\">Il nome latino del Clavo huasca \u00e8 \u2018Tynanthus panurensis\u2018. Questo nome significa &#8220;cespuglio di chiodi di garofano&#8221; e si riferisce all&#8217;essenza ricca di chiodi di garofano contenuta nel tronco e nelle foglie. Il suo composto attivo \u00e8 la tinantina.<\/span><\/p>\n<a href=\"https:\/\/www.sinchisinchi.com\/it\/producto\/50g-sanixi\/\" target=\"_blank\" class=\"button secondary is-larger lowercase expand\" rel=\"noopener\" style=\"border-radius:10px;\">\n\t\t<span>Misura Media: 50g<\/span>\n\t<\/a>\n\n<a href=\"https:\/\/www.sinchisinchi.com\/it\/producto\/sanixi-100g\/\" target=\"_blank\" class=\"button secondary is-larger lowercase expand\" rel=\"noopener\" style=\"border-radius:10px;\">\n\t\t<span>Grande Formato: 100g<\/span>\n\t<\/a>\n\n\t<div id=\"gap-1670782379\" class=\"gap-element clearfix\" style=\"display:block; height:auto;\">\n\t\t\n<style>\n#gap-1670782379 {\n  padding-top: 30px;\n}\n<\/style>\n\t<\/div>\n\t\n\n  <div class=\"banner has-hover is-full-height\" id=\"banner-210369262\">\n          <div class=\"banner-inner fill\">\n        <div class=\"banner-bg fill\" >\n            <img loading=\"lazy\" decoding=\"async\" width=\"576\" height=\"1024\" src=\"https:\/\/www.sinchisinchi.com\/wp-content\/uploads\/2024\/12\/6-Jaguar9-576x1024.jpeg\" class=\"bg attachment-large size-large\" alt=\"\" \/>                        <div class=\"overlay\"><\/div>            \n                    <\/div>\n\t\t\n        <div class=\"banner-layers container\">\n            <div class=\"fill banner-link\"><\/div>            \n   <div id=\"text-box-365368226\" class=\"text-box banner-layer x5 md-x5 lg-x5 y50 md-y50 lg-y50 res-text\">\n                                <div class=\"text-box-content text box-shadow-3\">\n              \n              <div class=\"text-inner text-left\">\n                  \n<h2 class=\"uppercase\"><b>TRIB\u00d9<\/b><\/h2>\n<h3>Kuntanawa<\/h3>\n<a href=\"https:\/\/www.sinchisinchi.com\/it\/tribu\/rape-kuntanawa\/\" target=\"_blank\" class=\"button primary is-underline is-larger expand\" rel=\"noopener\" >\n\t\t<span>TRIB\u00d9<\/span>\n\t<\/a>\n\n              <\/div>\n           <\/div>\n                            \n<style>\n#text-box-365368226 .text-box-content {\n  background-color: rgb(255, 255, 255);\n  font-size: 100%;\n}\n#text-box-365368226 .text-inner {\n  padding: 30px 30px 30px 30px;\n}\n#text-box-365368226 {\n  width: 60%;\n}\n@media (min-width:550px) {\n  #text-box-365368226 {\n    width: 40%;\n  }\n}\n<\/style>\n    <\/div>\n \n        <\/div>\n      <\/div>\n\n            \n<style>\n#banner-210369262 {\n  padding-top: 100%;\n  background-color: rgb(255, 255, 255);\n}\n#banner-210369262 .overlay {\n  background-color: rgba(190, 190, 190, 0.2);\n}\n<\/style>\n  <\/div>\n\n\n","protected":false},"excerpt":{"rendered":"<p><span style=\"color: #000000;\">I Kuntanawa creano questa meravigliosa miscela con il <strong>mapacho de cuerda<\/strong> (una variet\u00e0 extra forte) e il <strong>Sanix<\/strong>i, una pianta conosciuta anche come clavahuasca o <strong>cipo cravo<\/strong>, che significa chiodo da arrampicata. Il suo sapore e il suo odore ricordano quelli dei chiodi di garofano e spesso viene utilizzato per preparare un t\u00e8 al gusto di chiodi di garofano.<\/span><\/p>\n<p><span style=\"color: #000000;\">In questo Rap\u00e9 predomina fortemente il sanixi. Nella medicina tradizionale, il Sanixi \u00e8 utilizzato come potente <strong>afrodisiaco<\/strong>, utile contro i disturbi della libido e l&#8217;impotenza. Come i chiodi di garofano, Sanixi ha un effetto disinfettante, antinfiammatorio e analgesico.<\/span><\/p>\n<p><span style=\"color: #000000;\">Kuntanawa Sanixi \u00e8 una variet\u00e0 unica e potente che raggiunge uno stato vibrazionale elevato, agendo sul chakra sacrale e aiutando a sbloccare l&#8217;energia sessuale o vitale.<\/span><\/p>\n<p><span style=\"color: #000000;\">Il chakra sacrale ci permette di trovare il significato della nostra vita; Mantenendolo in equilibrio, fluiamo in sintonia con le nostre passioni, con ci\u00f2 che ci rende felici e con ci\u00f2 che amiamo fare, aiutandoci a vivere pienamente e a sentirci realizzati.<\/span><\/p>\n<p><span style=\"color: #000000;\">Il Rap\u00e9 Sanixi agisce anche sul plesso solare grazie alla corda mapacho.<\/span><\/p>\n<p><span style=\"color: #000000;\">Il Rap\u00e9 Sanixi ha una grande capacit\u00e0 di dissipare le energie negative accumulate, che i Kuntanawa chiamano Nuxim.<\/span><\/p>\n<p><span style=\"color: #000000;\">Apri il tuo cuore per dare e ricevere; \u00c8 un tabacco da fiuto allegro e sorridente.<\/span><\/p>\n<p><span style=\"color: #000000;\">\u00c8 adatto sia per le cerimonie che per l&#8217;uso quotidiano.<\/span><\/p>\n","protected":false},"featured_media":11820,"template":"","meta":{"_joinchat":[]},"product_brand":[],"product_cat":[127],"product_tag":[],"class_list":{"0":"post-10034","1":"product","2":"type-product","3":"status-publish","4":"has-post-thumbnail","6":"product_cat-kuntanawa-it","8":"first","9":"instock","10":"taxable","11":"shipping-taxable","12":"purchasable","13":"product-type-simple"},"yoast_head":"<!-- This site is optimized with the Yoast SEO plugin v27.1.1 - https:\/\/yoast.com\/product\/yoast-seo-wordpress\/ -->\n<title>SINCHI: Sanixi Rap\u00e9 della trib\u00f9 Kuntanawa<\/title>\n<meta name=\"description\" content=\"Kuntanawa Sanixi \u00e8 un Rap\u00e9 che eleva a uno stato di vibrazione elevata, agendo sul chakra sacrale e aiutando a sbloccare l&#039;energia sessuale o vitale.\" \/>\n<meta name=\"robots\" content=\"index, follow, max-snippet:-1, max-image-preview:large, max-video-preview:-1\" \/>\n<link rel=\"canonical\" href=\"https:\/\/www.sinchisinchi.com\/it\/producto\/rape-sanixi\/\" \/>\n<meta property=\"og:locale\" content=\"it_IT\" \/>\n<meta property=\"og:type\" content=\"article\" \/>\n<meta property=\"og:title\" content=\"SINCHI: Sanixi Rap\u00e9 della trib\u00f9 Kuntanawa\" \/>\n<meta property=\"og:description\" content=\"Kuntanawa Sanixi \u00e8 un Rap\u00e9 che eleva a uno stato di vibrazione elevata, agendo sul chakra sacrale e aiutando a sbloccare l&#039;energia sessuale o vitale.\" \/>\n<meta property=\"og:url\" content=\"https:\/\/www.sinchisinchi.com\/it\/producto\/rape-sanixi\/\" \/>\n<meta property=\"og:site_name\" content=\"SINCHI RAP\u00c9\" \/>\n<meta property=\"article:publisher\" content=\"https:\/\/www.facebook.com\/sinchirape\/\" \/>\n<meta property=\"article:modified_time\" content=\"2026-02-12T11:36:00+00:00\" \/>\n<meta property=\"og:image\" content=\"https:\/\/www.sinchisinchi.com\/wp-content\/uploads\/2023\/10\/17-Sanixi.jpg\" \/>\n\t<meta property=\"og:image:width\" content=\"700\" \/>\n\t<meta property=\"og:image:height\" content=\"700\" \/>\n\t<meta property=\"og:image:type\" content=\"image\/jpeg\" \/>\n<meta name=\"twitter:card\" content=\"summary_large_image\" \/>\n<meta name=\"twitter:label1\" content=\"Tempo di lettura stimato\" \/>\n\t<meta name=\"twitter:data1\" content=\"1 minuto\" \/>\n<script type=\"application\/ld+json\" class=\"yoast-schema-graph\">{\"@context\":\"https:\/\/schema.org\",\"@graph\":[{\"@type\":\"WebPage\",\"@id\":\"https:\/\/www.sinchisinchi.com\/it\/producto\/rape-sanixi\/\",\"url\":\"https:\/\/www.sinchisinchi.com\/it\/producto\/rape-sanixi\/\",\"name\":\"SINCHI: Sanixi Rap\u00e9 della trib\u00f9 Kuntanawa\",\"isPartOf\":{\"@id\":\"https:\/\/www.sinchisinchi.com\/it\/#website\"},\"primaryImageOfPage\":{\"@id\":\"https:\/\/www.sinchisinchi.com\/it\/producto\/rape-sanixi\/#primaryimage\"},\"image\":{\"@id\":\"https:\/\/www.sinchisinchi.com\/it\/producto\/rape-sanixi\/#primaryimage\"},\"thumbnailUrl\":\"https:\/\/www.sinchisinchi.com\/wp-content\/uploads\/2023\/10\/17-Sanixi.jpg\",\"datePublished\":\"2023-10-19T19:46:50+00:00\",\"dateModified\":\"2026-02-12T11:36:00+00:00\",\"description\":\"Kuntanawa Sanixi \u00e8 un Rap\u00e9 che eleva a uno stato di vibrazione elevata, agendo sul chakra sacrale e aiutando a sbloccare l'energia sessuale o vitale.\",\"breadcrumb\":{\"@id\":\"https:\/\/www.sinchisinchi.com\/it\/producto\/rape-sanixi\/#breadcrumb\"},\"inLanguage\":\"it-IT\",\"potentialAction\":[{\"@type\":\"ReadAction\",\"target\":[\"https:\/\/www.sinchisinchi.com\/it\/producto\/rape-sanixi\/\"]}]},{\"@type\":\"ImageObject\",\"inLanguage\":\"it-IT\",\"@id\":\"https:\/\/www.sinchisinchi.com\/it\/producto\/rape-sanixi\/#primaryimage\",\"url\":\"https:\/\/www.sinchisinchi.com\/wp-content\/uploads\/2023\/10\/17-Sanixi.jpg\",\"contentUrl\":\"https:\/\/www.sinchisinchi.com\/wp-content\/uploads\/2023\/10\/17-Sanixi.jpg\",\"width\":700,\"height\":700},{\"@type\":\"BreadcrumbList\",\"@id\":\"https:\/\/www.sinchisinchi.com\/it\/producto\/rape-sanixi\/#breadcrumb\",\"itemListElement\":[{\"@type\":\"ListItem\",\"position\":1,\"name\":\"Prima pagina\",\"item\":\"https:\/\/www.sinchisinchi.com\/it\/\"},{\"@type\":\"ListItem\",\"position\":2,\"name\":\"Prodotti\",\"item\":\"https:\/\/www.sinchisinchi.com\/it\/shop\/\"},{\"@type\":\"ListItem\",\"position\":3,\"name\":\"Sanixi\"}]},{\"@type\":\"WebSite\",\"@id\":\"https:\/\/www.sinchisinchi.com\/it\/#website\",\"url\":\"https:\/\/www.sinchisinchi.com\/it\/\",\"name\":\"SINCHI\",\"description\":\"Sinchi Medicine\",\"publisher\":{\"@id\":\"https:\/\/www.sinchisinchi.com\/it\/#organization\"},\"potentialAction\":[{\"@type\":\"SearchAction\",\"target\":{\"@type\":\"EntryPoint\",\"urlTemplate\":\"https:\/\/www.sinchisinchi.com\/it\/?s={search_term_string}\"},\"query-input\":{\"@type\":\"PropertyValueSpecification\",\"valueRequired\":true,\"valueName\":\"search_term_string\"}}],\"inLanguage\":\"it-IT\"},{\"@type\":\"Organization\",\"@id\":\"https:\/\/www.sinchisinchi.com\/it\/#organization\",\"name\":\"SINCHI S.L\",\"url\":\"https:\/\/www.sinchisinchi.com\/it\/\",\"logo\":{\"@type\":\"ImageObject\",\"inLanguage\":\"it-IT\",\"@id\":\"https:\/\/www.sinchisinchi.com\/it\/#\/schema\/logo\/image\/\",\"url\":\"https:\/\/www.sinchisinchi.com\/wp-content\/uploads\/2026\/01\/3b-Verde-SIMPLIFICADO-HORIZONTAL-F-TRANSPARENTE-scaled.png\",\"contentUrl\":\"https:\/\/www.sinchisinchi.com\/wp-content\/uploads\/2026\/01\/3b-Verde-SIMPLIFICADO-HORIZONTAL-F-TRANSPARENTE-scaled.png\",\"width\":2560,\"height\":457,\"caption\":\"SINCHI S.L\"},\"image\":{\"@id\":\"https:\/\/www.sinchisinchi.com\/it\/#\/schema\/logo\/image\/\"},\"sameAs\":[\"https:\/\/www.facebook.com\/sinchirape\/\",\"https:\/\/www.instagram.com\/sinchi_rape\/\"]}]}<\/script>\n<!-- \/ Yoast SEO plugin. -->","yoast_head_json":{"title":"SINCHI: Sanixi Rap\u00e9 della trib\u00f9 Kuntanawa","description":"Kuntanawa Sanixi \u00e8 un Rap\u00e9 che eleva a uno stato di vibrazione elevata, agendo sul chakra sacrale e aiutando a sbloccare l'energia sessuale o vitale.","robots":{"index":"index","follow":"follow","max-snippet":"max-snippet:-1","max-image-preview":"max-image-preview:large","max-video-preview":"max-video-preview:-1"},"canonical":"https:\/\/www.sinchisinchi.com\/it\/producto\/rape-sanixi\/","og_locale":"it_IT","og_type":"article","og_title":"SINCHI: Sanixi Rap\u00e9 della trib\u00f9 Kuntanawa","og_description":"Kuntanawa Sanixi \u00e8 un Rap\u00e9 che eleva a uno stato di vibrazione elevata, agendo sul chakra sacrale e aiutando a sbloccare l'energia sessuale o vitale.","og_url":"https:\/\/www.sinchisinchi.com\/it\/producto\/rape-sanixi\/","og_site_name":"SINCHI RAP\u00c9","article_publisher":"https:\/\/www.facebook.com\/sinchirape\/","article_modified_time":"2026-02-12T11:36:00+00:00","og_image":[{"width":700,"height":700,"url":"https:\/\/www.sinchisinchi.com\/wp-content\/uploads\/2023\/10\/17-Sanixi.jpg","type":"image\/jpeg"}],"twitter_card":"summary_large_image","twitter_misc":{"Tempo di lettura stimato":"1 minuto"},"schema":{"@context":"https:\/\/schema.org","@graph":[{"@type":"WebPage","@id":"https:\/\/www.sinchisinchi.com\/it\/producto\/rape-sanixi\/","url":"https:\/\/www.sinchisinchi.com\/it\/producto\/rape-sanixi\/","name":"SINCHI: Sanixi Rap\u00e9 della trib\u00f9 Kuntanawa","isPartOf":{"@id":"https:\/\/www.sinchisinchi.com\/it\/#website"},"primaryImageOfPage":{"@id":"https:\/\/www.sinchisinchi.com\/it\/producto\/rape-sanixi\/#primaryimage"},"image":{"@id":"https:\/\/www.sinchisinchi.com\/it\/producto\/rape-sanixi\/#primaryimage"},"thumbnailUrl":"https:\/\/www.sinchisinchi.com\/wp-content\/uploads\/2023\/10\/17-Sanixi.jpg","datePublished":"2023-10-19T19:46:50+00:00","dateModified":"2026-02-12T11:36:00+00:00","description":"Kuntanawa Sanixi \u00e8 un Rap\u00e9 che eleva a uno stato di vibrazione elevata, agendo sul chakra sacrale e aiutando a sbloccare l'energia sessuale o vitale.","breadcrumb":{"@id":"https:\/\/www.sinchisinchi.com\/it\/producto\/rape-sanixi\/#breadcrumb"},"inLanguage":"it-IT","potentialAction":[{"@type":"ReadAction","target":["https:\/\/www.sinchisinchi.com\/it\/producto\/rape-sanixi\/"]}]},{"@type":"ImageObject","inLanguage":"it-IT","@id":"https:\/\/www.sinchisinchi.com\/it\/producto\/rape-sanixi\/#primaryimage","url":"https:\/\/www.sinchisinchi.com\/wp-content\/uploads\/2023\/10\/17-Sanixi.jpg","contentUrl":"https:\/\/www.sinchisinchi.com\/wp-content\/uploads\/2023\/10\/17-Sanixi.jpg","width":700,"height":700},{"@type":"BreadcrumbList","@id":"https:\/\/www.sinchisinchi.com\/it\/producto\/rape-sanixi\/#breadcrumb","itemListElement":[{"@type":"ListItem","position":1,"name":"Prima pagina","item":"https:\/\/www.sinchisinchi.com\/it\/"},{"@type":"ListItem","position":2,"name":"Prodotti","item":"https:\/\/www.sinchisinchi.com\/it\/shop\/"},{"@type":"ListItem","position":3,"name":"Sanixi"}]},{"@type":"WebSite","@id":"https:\/\/www.sinchisinchi.com\/it\/#website","url":"https:\/\/www.sinchisinchi.com\/it\/","name":"SINCHI","description":"Sinchi Medicine","publisher":{"@id":"https:\/\/www.sinchisinchi.com\/it\/#organization"},"potentialAction":[{"@type":"SearchAction","target":{"@type":"EntryPoint","urlTemplate":"https:\/\/www.sinchisinchi.com\/it\/?s={search_term_string}"},"query-input":{"@type":"PropertyValueSpecification","valueRequired":true,"valueName":"search_term_string"}}],"inLanguage":"it-IT"},{"@type":"Organization","@id":"https:\/\/www.sinchisinchi.com\/it\/#organization","name":"SINCHI S.L","url":"https:\/\/www.sinchisinchi.com\/it\/","logo":{"@type":"ImageObject","inLanguage":"it-IT","@id":"https:\/\/www.sinchisinchi.com\/it\/#\/schema\/logo\/image\/","url":"https:\/\/www.sinchisinchi.com\/wp-content\/uploads\/2026\/01\/3b-Verde-SIMPLIFICADO-HORIZONTAL-F-TRANSPARENTE-scaled.png","contentUrl":"https:\/\/www.sinchisinchi.com\/wp-content\/uploads\/2026\/01\/3b-Verde-SIMPLIFICADO-HORIZONTAL-F-TRANSPARENTE-scaled.png","width":2560,"height":457,"caption":"SINCHI S.L"},"image":{"@id":"https:\/\/www.sinchisinchi.com\/it\/#\/schema\/logo\/image\/"},"sameAs":["https:\/\/www.facebook.com\/sinchirape\/","https:\/\/www.instagram.com\/sinchi_rape\/"]}]}},"_links":{"self":[{"href":"https:\/\/www.sinchisinchi.com\/it\/wp-json\/wp\/v2\/product\/10034","targetHints":{"allow":["GET"]}}],"collection":[{"href":"https:\/\/www.sinchisinchi.com\/it\/wp-json\/wp\/v2\/product"}],"about":[{"href":"https:\/\/www.sinchisinchi.com\/it\/wp-json\/wp\/v2\/types\/product"}],"wp:featuredmedia":[{"embeddable":true,"href":"https:\/\/www.sinchisinchi.com\/it\/wp-json\/wp\/v2\/media\/11820"}],"wp:attachment":[{"href":"https:\/\/www.sinchisinchi.com\/it\/wp-json\/wp\/v2\/media?parent=10034"}],"wp:term":[{"taxonomy":"product_brand","embeddable":true,"href":"https:\/\/www.sinchisinchi.com\/it\/wp-json\/wp\/v2\/product_brand?post=10034"},{"taxonomy":"product_cat","embeddable":true,"href":"https:\/\/www.sinchisinchi.com\/it\/wp-json\/wp\/v2\/product_cat?post=10034"},{"taxonomy":"product_tag","embeddable":true,"href":"https:\/\/www.sinchisinchi.com\/it\/wp-json\/wp\/v2\/product_tag?post=10034"}],"curies":[{"name":"wp","href":"https:\/\/api.w.org\/{rel}","templated":true}]}}