{"id":10039,"date":"2023-10-19T19:39:43","date_gmt":"2023-10-19T19:39:43","guid":{"rendered":"https:\/\/www.sinchisinchi.com\/producto\/xacapandare\/"},"modified":"2026-02-12T19:44:44","modified_gmt":"2026-02-12T19:44:44","slug":"xacapandare","status":"publish","type":"product","link":"https:\/\/www.sinchisinchi.com\/it\/producto\/xacapandare\/","title":{"rendered":"Xacapandar\u00e9"},"content":{"rendered":"<a href=\"https:\/\/www.sinchisinchi.com\/it\/producto\/xacapandare-50g\/\" target=\"_blank\" class=\"button secondary is-larger lowercase expand\" rel=\"noopener\" style=\"border-radius:10px;\">\n\t\t<span>Misura Media: 50g<\/span>\n\t<\/a>\n\n<a href=\"https:\/\/www.sinchisinchi.com\/it\/producto\/xacapandare-100g\/\" target=\"_blank\" class=\"button secondary is-larger lowercase expand\" rel=\"noopener\" style=\"border-radius:10px;\">\n\t\t<span>Taglia Grande: 100g<\/span>\n\t<\/a>\n\n\t<div id=\"gap-1461352317\" class=\"gap-element clearfix\" style=\"display:block; height:auto;\">\n\t\t\n<style>\n#gap-1461352317 {\n  padding-top: 30px;\n}\n<\/style>\n\t<\/div>\n\t\n\n  <div class=\"banner has-hover\" id=\"banner-1813587274\">\n          <div class=\"banner-inner fill\">\n        <div class=\"banner-bg fill\" >\n            <img loading=\"lazy\" decoding=\"async\" width=\"791\" height=\"1024\" src=\"https:\/\/www.sinchisinchi.com\/wp-content\/uploads\/2024\/09\/0-Huni-Kuin-Kaxinawa-791x1024.jpg\" class=\"bg attachment-large size-large\" alt=\"\" \/>                        <div class=\"overlay\"><\/div>            \n                    <\/div>\n\t\t\n        <div class=\"banner-layers container\">\n            <div class=\"fill banner-link\"><\/div>            \n   <div id=\"text-box-1764320479\" class=\"text-box banner-layer x5 md-x5 lg-x5 y50 md-y50 lg-y50 res-text\">\n                                <div class=\"text-box-content text box-shadow-3\">\n              \n              <div class=\"text-inner text-left\">\n                  \n<h2><span style=\"color: #000000;\"><strong>TRIB\u00d9<\/strong><\/span><\/h2>\n<h3><span style=\"color: #000000;\">Huni Kuin<\/span><\/h3>\n<p><span style=\"color: #000000;\">La trib\u00f9 Huni Kuin vive in piccole comunit\u00e0 situate dalle pendici delle Ande peruviane fino ai confini brasiliani, negli stati di Acre e dell&#8217;Amazzonia meridionale, coprendo l&#8217;area dell&#8217;Alto Juru\u00e1, Purus e la valle Javari.<\/span><\/p>\n<a href=\"https:\/\/www.sinchisinchi.com\/it\/tribu\/rape-huni-kuin-kaxinawa\/\" target=\"_blank\" class=\"button primary is-underline expand\" rel=\"noopener\" >\n\t\t<span>Trib\u00f9<\/span>\n\t<\/a>\n\n<a href=\"https:\/\/www.sinchisinchi.com\/it\/tribu\/rape-huni-kuin-kaxinawa\/video\/\" target=\"_blank\" class=\"button primary is-underline expand\" rel=\"noopener\" >\n\t\t<span>Video<\/span>\n\t<\/a>\n\n<a href=\"https:\/\/www.sinchisinchi.com\/it\/tribu\/rape-huni-kuin-kaxinawa\/musica\/\" target=\"_blank\" class=\"button primary is-underline expand\" rel=\"noopener\" >\n\t\t<span>Musica<\/span>\n\t<\/a>\n\n              <\/div>\n           <\/div>\n                            \n<style>\n#text-box-1764320479 .text-box-content {\n  background-color: rgb(255, 255, 255);\n  font-size: 100%;\n}\n#text-box-1764320479 .text-inner {\n  padding: 30px 30px 30px 30px;\n}\n#text-box-1764320479 {\n  width: 60%;\n}\n@media (min-width:550px) {\n  #text-box-1764320479 {\n    width: 40%;\n  }\n}\n<\/style>\n    <\/div>\n \n        <\/div>\n      <\/div>\n\n              <div class=\"height-fix is-invisible\"><img loading=\"lazy\" decoding=\"async\" width=\"791\" height=\"1024\" src=\"https:\/\/www.sinchisinchi.com\/wp-content\/uploads\/2024\/09\/0-Huni-Kuin-Kaxinawa-791x1024.jpg\" class=\"attachment-large size-large\" alt=\"\" srcset=\"https:\/\/www.sinchisinchi.com\/wp-content\/uploads\/2024\/09\/0-Huni-Kuin-Kaxinawa-791x1024.jpg 791w, https:\/\/www.sinchisinchi.com\/wp-content\/uploads\/2024\/09\/0-Huni-Kuin-Kaxinawa-463x600.jpg 463w, https:\/\/www.sinchisinchi.com\/wp-content\/uploads\/2024\/09\/0-Huni-Kuin-Kaxinawa-768x995.jpg 768w, https:\/\/www.sinchisinchi.com\/wp-content\/uploads\/2024\/09\/0-Huni-Kuin-Kaxinawa-1186x1536.jpg 1186w, https:\/\/www.sinchisinchi.com\/wp-content\/uploads\/2024\/09\/0-Huni-Kuin-Kaxinawa-247x320.jpg 247w, https:\/\/www.sinchisinchi.com\/wp-content\/uploads\/2024\/09\/0-Huni-Kuin-Kaxinawa-510x661.jpg 510w, https:\/\/www.sinchisinchi.com\/wp-content\/uploads\/2024\/09\/0-Huni-Kuin-Kaxinawa.jpg 1581w\" sizes=\"auto, (max-width: 791px) 100vw, 791px\" \/><\/div>\n            \n<style>\n#banner-1813587274 .overlay {\n  background-color: rgba(190, 190, 190, 0.2);\n}\n#banner-1813587274 {\n  background-color: rgb(255, 255, 255);\n}\n<\/style>\n  <\/div>\n\n\n\t<div id=\"gap-1412005936\" class=\"gap-element clearfix\" style=\"display:block; height:auto;\">\n\t\t\n<style>\n#gap-1412005936 {\n  padding-top: 30px;\n}\n<\/style>\n\t<\/div>\n\t\n<h3 style=\"text-align: center;\"><span style=\"color: #000000;\"><strong>La pianta di Xacapandar\u00e9<\/strong><\/span><\/h3>\n<p><span style=\"color: #000000;\">Secondo la tradizione Huni Kuin, l&#8217;erba Xacapandar\u00e9 apporta benefici al sistema respiratorio, aiuta a migliorare la memoria e rafforza la mente.<\/span><\/p>\n<p><span style=\"color: #000000;\">Gli Huni Kuin usano le foglie di Xacapandar\u00e9 per preparare il t\u00e8, da bruciare come incenso e purificare gli spazi, e anche nei bagni per purificare l&#8217;aura e il corpo.<\/span><\/p>\n","protected":false},"excerpt":{"rendered":"<p><span style=\"color: #000000;\">Huni Kuin Xacapandar\u00e9 \u00e8 una variet\u00e0 potente, con cenere di tsunu e <strong>Xacapandar\u00e9,<\/strong> un&#8217;erba tradizionale Huni Kuin molto rara e difficile da ottenere, oltre a una piccola percentuale di Mapacho Sabi\u00e1 di alta qualit\u00e0.<\/span><\/p>\n<p><span style=\"color: #000000;\">Huni Kuin Xacapandar\u00e9 Rap\u00e9 \u00e8 preparato con cura per avere il corretto equilibrio tra i diversi ingredienti.<\/span><\/p>\n<p><span style=\"color: #000000;\">Questa variet\u00e0 \u00e8 stata ideata dall&#8217;amato e rispettato capo <strong>Si\u00e3 Huni Kuin<\/strong> della regione di Jord\u00e3o, uno dei principali leader nativi dello stato di Acri. Secondo le sue parole: &#8220;Utilizzato nel Rap\u00e9, Xacapandar\u00e9 aiuta ad aprire la mente, allontana i cattivi sentimenti, espelle le cattive energie e apporta benefici al sistema respiratorio&#8221;.<\/span><\/p>\n","protected":false},"featured_media":11745,"template":"","meta":{"_joinchat":[]},"product_brand":[],"product_cat":[115],"product_tag":[],"class_list":{"0":"post-10039","1":"product","2":"type-product","3":"status-publish","4":"has-post-thumbnail","6":"product_cat-huni-kuin-it","8":"first","9":"instock","10":"taxable","11":"shipping-taxable","12":"purchasable","13":"product-type-simple"},"yoast_head":"<!-- This site is optimized with the Yoast SEO plugin v27.1.1 - https:\/\/yoast.com\/product\/yoast-seo-wordpress\/ -->\n<title>SINCHI: Rap\u00e9 Xacapandar\u00e9 della trib\u00f9 Amazzonica Huni Kuin<\/title>\n<meta name=\"description\" content=\"Huni Kuin Xacapandar\u00e9 \u00e8 una variet\u00e0 potente, con cenere di tsunu e Xacapandar\u00e9, un&#039;erba tradizionale Huni Kuin molto rara e difficile da ottenere.\" \/>\n<meta name=\"robots\" content=\"index, follow, max-snippet:-1, max-image-preview:large, max-video-preview:-1\" \/>\n<link rel=\"canonical\" href=\"https:\/\/www.sinchisinchi.com\/it\/producto\/xacapandare\/\" \/>\n<meta property=\"og:locale\" content=\"it_IT\" \/>\n<meta property=\"og:type\" content=\"article\" \/>\n<meta property=\"og:title\" content=\"SINCHI: Rap\u00e9 Xacapandar\u00e9 della trib\u00f9 Amazzonica Huni Kuin\" \/>\n<meta property=\"og:description\" content=\"Huni Kuin Xacapandar\u00e9 \u00e8 una variet\u00e0 potente, con cenere di tsunu e Xacapandar\u00e9, un&#039;erba tradizionale Huni Kuin molto rara e difficile da ottenere.\" \/>\n<meta property=\"og:url\" content=\"https:\/\/www.sinchisinchi.com\/it\/producto\/xacapandare\/\" \/>\n<meta property=\"og:site_name\" content=\"SINCHI RAP\u00c9\" \/>\n<meta property=\"article:publisher\" content=\"https:\/\/www.facebook.com\/sinchirape\/\" \/>\n<meta property=\"article:modified_time\" content=\"2026-02-12T19:44:44+00:00\" \/>\n<meta property=\"og:image\" content=\"https:\/\/www.sinchisinchi.com\/wp-content\/uploads\/2023\/10\/16-Xacapandare.jpg\" \/>\n\t<meta property=\"og:image:width\" content=\"700\" \/>\n\t<meta property=\"og:image:height\" content=\"700\" \/>\n\t<meta property=\"og:image:type\" content=\"image\/jpeg\" \/>\n<meta name=\"twitter:card\" content=\"summary_large_image\" \/>\n<meta name=\"twitter:label1\" content=\"Tempo di lettura stimato\" \/>\n\t<meta name=\"twitter:data1\" content=\"1 minuto\" \/>\n<script type=\"application\/ld+json\" class=\"yoast-schema-graph\">{\"@context\":\"https:\/\/schema.org\",\"@graph\":[{\"@type\":\"WebPage\",\"@id\":\"https:\/\/www.sinchisinchi.com\/it\/producto\/xacapandare\/\",\"url\":\"https:\/\/www.sinchisinchi.com\/it\/producto\/xacapandare\/\",\"name\":\"SINCHI: Rap\u00e9 Xacapandar\u00e9 della trib\u00f9 Amazzonica Huni Kuin\",\"isPartOf\":{\"@id\":\"https:\/\/www.sinchisinchi.com\/it\/#website\"},\"primaryImageOfPage\":{\"@id\":\"https:\/\/www.sinchisinchi.com\/it\/producto\/xacapandare\/#primaryimage\"},\"image\":{\"@id\":\"https:\/\/www.sinchisinchi.com\/it\/producto\/xacapandare\/#primaryimage\"},\"thumbnailUrl\":\"https:\/\/www.sinchisinchi.com\/wp-content\/uploads\/2023\/10\/16-Xacapandare.jpg\",\"datePublished\":\"2023-10-19T19:39:43+00:00\",\"dateModified\":\"2026-02-12T19:44:44+00:00\",\"description\":\"Huni Kuin Xacapandar\u00e9 \u00e8 una variet\u00e0 potente, con cenere di tsunu e Xacapandar\u00e9, un'erba tradizionale Huni Kuin molto rara e difficile da ottenere.\",\"breadcrumb\":{\"@id\":\"https:\/\/www.sinchisinchi.com\/it\/producto\/xacapandare\/#breadcrumb\"},\"inLanguage\":\"it-IT\",\"potentialAction\":[{\"@type\":\"ReadAction\",\"target\":[\"https:\/\/www.sinchisinchi.com\/it\/producto\/xacapandare\/\"]}]},{\"@type\":\"ImageObject\",\"inLanguage\":\"it-IT\",\"@id\":\"https:\/\/www.sinchisinchi.com\/it\/producto\/xacapandare\/#primaryimage\",\"url\":\"https:\/\/www.sinchisinchi.com\/wp-content\/uploads\/2023\/10\/16-Xacapandare.jpg\",\"contentUrl\":\"https:\/\/www.sinchisinchi.com\/wp-content\/uploads\/2023\/10\/16-Xacapandare.jpg\",\"width\":700,\"height\":700},{\"@type\":\"BreadcrumbList\",\"@id\":\"https:\/\/www.sinchisinchi.com\/it\/producto\/xacapandare\/#breadcrumb\",\"itemListElement\":[{\"@type\":\"ListItem\",\"position\":1,\"name\":\"Prima pagina\",\"item\":\"https:\/\/www.sinchisinchi.com\/it\/\"},{\"@type\":\"ListItem\",\"position\":2,\"name\":\"Prodotti\",\"item\":\"https:\/\/www.sinchisinchi.com\/it\/shop\/\"},{\"@type\":\"ListItem\",\"position\":3,\"name\":\"Xacapandar\u00e9\"}]},{\"@type\":\"WebSite\",\"@id\":\"https:\/\/www.sinchisinchi.com\/it\/#website\",\"url\":\"https:\/\/www.sinchisinchi.com\/it\/\",\"name\":\"SINCHI\",\"description\":\"Sinchi Medicine\",\"publisher\":{\"@id\":\"https:\/\/www.sinchisinchi.com\/it\/#organization\"},\"potentialAction\":[{\"@type\":\"SearchAction\",\"target\":{\"@type\":\"EntryPoint\",\"urlTemplate\":\"https:\/\/www.sinchisinchi.com\/it\/?s={search_term_string}\"},\"query-input\":{\"@type\":\"PropertyValueSpecification\",\"valueRequired\":true,\"valueName\":\"search_term_string\"}}],\"inLanguage\":\"it-IT\"},{\"@type\":\"Organization\",\"@id\":\"https:\/\/www.sinchisinchi.com\/it\/#organization\",\"name\":\"SINCHI S.L\",\"url\":\"https:\/\/www.sinchisinchi.com\/it\/\",\"logo\":{\"@type\":\"ImageObject\",\"inLanguage\":\"it-IT\",\"@id\":\"https:\/\/www.sinchisinchi.com\/it\/#\/schema\/logo\/image\/\",\"url\":\"https:\/\/www.sinchisinchi.com\/wp-content\/uploads\/2026\/01\/3b-Verde-SIMPLIFICADO-HORIZONTAL-F-TRANSPARENTE-scaled.png\",\"contentUrl\":\"https:\/\/www.sinchisinchi.com\/wp-content\/uploads\/2026\/01\/3b-Verde-SIMPLIFICADO-HORIZONTAL-F-TRANSPARENTE-scaled.png\",\"width\":2560,\"height\":457,\"caption\":\"SINCHI S.L\"},\"image\":{\"@id\":\"https:\/\/www.sinchisinchi.com\/it\/#\/schema\/logo\/image\/\"},\"sameAs\":[\"https:\/\/www.facebook.com\/sinchirape\/\",\"https:\/\/www.instagram.com\/sinchi_rape\/\"]}]}<\/script>\n<!-- \/ Yoast SEO plugin. -->","yoast_head_json":{"title":"SINCHI: Rap\u00e9 Xacapandar\u00e9 della trib\u00f9 Amazzonica Huni Kuin","description":"Huni Kuin Xacapandar\u00e9 \u00e8 una variet\u00e0 potente, con cenere di tsunu e Xacapandar\u00e9, un'erba tradizionale Huni Kuin molto rara e difficile da ottenere.","robots":{"index":"index","follow":"follow","max-snippet":"max-snippet:-1","max-image-preview":"max-image-preview:large","max-video-preview":"max-video-preview:-1"},"canonical":"https:\/\/www.sinchisinchi.com\/it\/producto\/xacapandare\/","og_locale":"it_IT","og_type":"article","og_title":"SINCHI: Rap\u00e9 Xacapandar\u00e9 della trib\u00f9 Amazzonica Huni Kuin","og_description":"Huni Kuin Xacapandar\u00e9 \u00e8 una variet\u00e0 potente, con cenere di tsunu e Xacapandar\u00e9, un'erba tradizionale Huni Kuin molto rara e difficile da ottenere.","og_url":"https:\/\/www.sinchisinchi.com\/it\/producto\/xacapandare\/","og_site_name":"SINCHI RAP\u00c9","article_publisher":"https:\/\/www.facebook.com\/sinchirape\/","article_modified_time":"2026-02-12T19:44:44+00:00","og_image":[{"width":700,"height":700,"url":"https:\/\/www.sinchisinchi.com\/wp-content\/uploads\/2023\/10\/16-Xacapandare.jpg","type":"image\/jpeg"}],"twitter_card":"summary_large_image","twitter_misc":{"Tempo di lettura stimato":"1 minuto"},"schema":{"@context":"https:\/\/schema.org","@graph":[{"@type":"WebPage","@id":"https:\/\/www.sinchisinchi.com\/it\/producto\/xacapandare\/","url":"https:\/\/www.sinchisinchi.com\/it\/producto\/xacapandare\/","name":"SINCHI: Rap\u00e9 Xacapandar\u00e9 della trib\u00f9 Amazzonica Huni Kuin","isPartOf":{"@id":"https:\/\/www.sinchisinchi.com\/it\/#website"},"primaryImageOfPage":{"@id":"https:\/\/www.sinchisinchi.com\/it\/producto\/xacapandare\/#primaryimage"},"image":{"@id":"https:\/\/www.sinchisinchi.com\/it\/producto\/xacapandare\/#primaryimage"},"thumbnailUrl":"https:\/\/www.sinchisinchi.com\/wp-content\/uploads\/2023\/10\/16-Xacapandare.jpg","datePublished":"2023-10-19T19:39:43+00:00","dateModified":"2026-02-12T19:44:44+00:00","description":"Huni Kuin Xacapandar\u00e9 \u00e8 una variet\u00e0 potente, con cenere di tsunu e Xacapandar\u00e9, un'erba tradizionale Huni Kuin molto rara e difficile da ottenere.","breadcrumb":{"@id":"https:\/\/www.sinchisinchi.com\/it\/producto\/xacapandare\/#breadcrumb"},"inLanguage":"it-IT","potentialAction":[{"@type":"ReadAction","target":["https:\/\/www.sinchisinchi.com\/it\/producto\/xacapandare\/"]}]},{"@type":"ImageObject","inLanguage":"it-IT","@id":"https:\/\/www.sinchisinchi.com\/it\/producto\/xacapandare\/#primaryimage","url":"https:\/\/www.sinchisinchi.com\/wp-content\/uploads\/2023\/10\/16-Xacapandare.jpg","contentUrl":"https:\/\/www.sinchisinchi.com\/wp-content\/uploads\/2023\/10\/16-Xacapandare.jpg","width":700,"height":700},{"@type":"BreadcrumbList","@id":"https:\/\/www.sinchisinchi.com\/it\/producto\/xacapandare\/#breadcrumb","itemListElement":[{"@type":"ListItem","position":1,"name":"Prima pagina","item":"https:\/\/www.sinchisinchi.com\/it\/"},{"@type":"ListItem","position":2,"name":"Prodotti","item":"https:\/\/www.sinchisinchi.com\/it\/shop\/"},{"@type":"ListItem","position":3,"name":"Xacapandar\u00e9"}]},{"@type":"WebSite","@id":"https:\/\/www.sinchisinchi.com\/it\/#website","url":"https:\/\/www.sinchisinchi.com\/it\/","name":"SINCHI","description":"Sinchi Medicine","publisher":{"@id":"https:\/\/www.sinchisinchi.com\/it\/#organization"},"potentialAction":[{"@type":"SearchAction","target":{"@type":"EntryPoint","urlTemplate":"https:\/\/www.sinchisinchi.com\/it\/?s={search_term_string}"},"query-input":{"@type":"PropertyValueSpecification","valueRequired":true,"valueName":"search_term_string"}}],"inLanguage":"it-IT"},{"@type":"Organization","@id":"https:\/\/www.sinchisinchi.com\/it\/#organization","name":"SINCHI S.L","url":"https:\/\/www.sinchisinchi.com\/it\/","logo":{"@type":"ImageObject","inLanguage":"it-IT","@id":"https:\/\/www.sinchisinchi.com\/it\/#\/schema\/logo\/image\/","url":"https:\/\/www.sinchisinchi.com\/wp-content\/uploads\/2026\/01\/3b-Verde-SIMPLIFICADO-HORIZONTAL-F-TRANSPARENTE-scaled.png","contentUrl":"https:\/\/www.sinchisinchi.com\/wp-content\/uploads\/2026\/01\/3b-Verde-SIMPLIFICADO-HORIZONTAL-F-TRANSPARENTE-scaled.png","width":2560,"height":457,"caption":"SINCHI S.L"},"image":{"@id":"https:\/\/www.sinchisinchi.com\/it\/#\/schema\/logo\/image\/"},"sameAs":["https:\/\/www.facebook.com\/sinchirape\/","https:\/\/www.instagram.com\/sinchi_rape\/"]}]}},"_links":{"self":[{"href":"https:\/\/www.sinchisinchi.com\/it\/wp-json\/wp\/v2\/product\/10039","targetHints":{"allow":["GET"]}}],"collection":[{"href":"https:\/\/www.sinchisinchi.com\/it\/wp-json\/wp\/v2\/product"}],"about":[{"href":"https:\/\/www.sinchisinchi.com\/it\/wp-json\/wp\/v2\/types\/product"}],"wp:featuredmedia":[{"embeddable":true,"href":"https:\/\/www.sinchisinchi.com\/it\/wp-json\/wp\/v2\/media\/11745"}],"wp:attachment":[{"href":"https:\/\/www.sinchisinchi.com\/it\/wp-json\/wp\/v2\/media?parent=10039"}],"wp:term":[{"taxonomy":"product_brand","embeddable":true,"href":"https:\/\/www.sinchisinchi.com\/it\/wp-json\/wp\/v2\/product_brand?post=10039"},{"taxonomy":"product_cat","embeddable":true,"href":"https:\/\/www.sinchisinchi.com\/it\/wp-json\/wp\/v2\/product_cat?post=10039"},{"taxonomy":"product_tag","embeddable":true,"href":"https:\/\/www.sinchisinchi.com\/it\/wp-json\/wp\/v2\/product_tag?post=10039"}],"curies":[{"name":"wp","href":"https:\/\/api.w.org\/{rel}","templated":true}]}}