{"id":11283,"date":"2021-05-23T10:53:42","date_gmt":"2021-05-23T10:53:42","guid":{"rendered":"https:\/\/www.sinchisinchi.com\/producto\/olio-da-fuoco\/"},"modified":"2025-02-17T12:32:55","modified_gmt":"2025-02-17T12:32:55","slug":"olio-da-fuoco","status":"publish","type":"product","link":"https:\/\/www.sinchisinchi.com\/it\/producto\/olio-da-fuoco\/","title":{"rendered":"olio da fuoco"},"content":{"rendered":"","protected":false},"excerpt":{"rendered":"<p>L&#8217;erba di San Giovanni (hipericum perforatum) \u00e8 una pianta naturale originaria delle zone temperate dell&#8217;Europa, alta 30-60 cm, dai fiori di colore giallo intenso, riconosciuta fin dall&#8217;antichit\u00e0 per le sue qualit\u00e0 magiche e propriet\u00e0 curative.<\/p>\n<p>Esistono diverse ipotesi sull&#8217;origine del suo nome; Secondo la nostra interpretazione preferita, \u201ciperico\u201d deriva dal greco, \u03cd\u03c0\u03b5\u03c1 \/ \u00edper- (sopra) e \u03b5\u03b9\u03ba\u03cc\u03bd\u03b1 \/ ik\u00f3na (immagine): \u201cSopra ogni immagine, o ogni cosa immaginabile\u201d.<\/p>\n<p>\u00c8 molto apprezzato per le sue preziose propriet\u00e0 medicinali; \u00c8 un potente antidepressivo, combatte le ferite sia interne che esterne, favorisce la riparazione dei tessuti e attiva la circolazione sanguigna, tra gli altri.<\/p>\n<p>Formato: flaconi da 60 ml<\/p>\n","protected":false},"featured_media":12320,"template":"","meta":{"_joinchat":[]},"product_brand":[],"product_cat":[300],"product_tag":[],"class_list":{"0":"post-11283","1":"product","2":"type-product","3":"status-publish","4":"has-post-thumbnail","6":"product_cat-liquido-it","8":"first","9":"instock","10":"taxable","11":"shipping-taxable","12":"purchasable","13":"product-type-simple"},"yoast_head":"<!-- This site is optimized with the Yoast SEO plugin v27.4 - https:\/\/yoast.com\/product\/yoast-seo-wordpress\/ -->\n<title>Olio di erba di San Giovanni: negozio sciamanico online<\/title>\n<meta name=\"description\" content=\"Olio di Iperico: \u201cHypericum\u201d deriva dal greco, \u03cd\u03c0\u03b5\u03c1 \/ \u00edper- (circa) e \u03b5\u03b9\u03ba\u03cc\u03bd\u03b1 \/ ik\u00f3na (immagine): \u201cSopra ogni immagine, o ogni cosa immaginabile\u201d\" \/>\n<meta name=\"robots\" content=\"index, follow, max-snippet:-1, max-image-preview:large, max-video-preview:-1\" \/>\n<link rel=\"canonical\" href=\"https:\/\/www.sinchisinchi.com\/it\/producto\/olio-da-fuoco\/\" \/>\n<meta property=\"og:locale\" content=\"it_IT\" \/>\n<meta property=\"og:type\" content=\"article\" \/>\n<meta property=\"og:title\" content=\"Olio di erba di San Giovanni: negozio sciamanico online\" \/>\n<meta property=\"og:description\" content=\"Olio di Iperico: \u201cHypericum\u201d deriva dal greco, \u03cd\u03c0\u03b5\u03c1 \/ \u00edper- (circa) e \u03b5\u03b9\u03ba\u03cc\u03bd\u03b1 \/ ik\u00f3na (immagine): \u201cSopra ogni immagine, o ogni cosa immaginabile\u201d\" \/>\n<meta property=\"og:url\" content=\"https:\/\/www.sinchisinchi.com\/it\/producto\/olio-da-fuoco\/\" \/>\n<meta property=\"og:site_name\" content=\"SINCHI RAP\u00c9\" \/>\n<meta property=\"article:publisher\" content=\"https:\/\/www.facebook.com\/sinchirape\/\" \/>\n<meta property=\"article:modified_time\" content=\"2025-02-17T12:32:55+00:00\" \/>\n<meta property=\"og:image\" content=\"https:\/\/www.sinchisinchi.com\/wp-content\/uploads\/2021\/05\/3IR0001.jpg\" \/>\n\t<meta property=\"og:image:width\" content=\"700\" \/>\n\t<meta property=\"og:image:height\" content=\"700\" \/>\n\t<meta property=\"og:image:type\" content=\"image\/jpeg\" \/>\n<meta name=\"twitter:card\" content=\"summary_large_image\" \/>\n<script type=\"application\/ld+json\" class=\"yoast-schema-graph\">{\"@context\":\"https:\\\/\\\/schema.org\",\"@graph\":[{\"@type\":\"WebPage\",\"@id\":\"https:\\\/\\\/www.sinchisinchi.com\\\/it\\\/producto\\\/olio-da-fuoco\\\/\",\"url\":\"https:\\\/\\\/www.sinchisinchi.com\\\/it\\\/producto\\\/olio-da-fuoco\\\/\",\"name\":\"Olio di erba di San Giovanni: negozio sciamanico online\",\"isPartOf\":{\"@id\":\"https:\\\/\\\/www.sinchisinchi.com\\\/it\\\/#website\"},\"primaryImageOfPage\":{\"@id\":\"https:\\\/\\\/www.sinchisinchi.com\\\/it\\\/producto\\\/olio-da-fuoco\\\/#primaryimage\"},\"image\":{\"@id\":\"https:\\\/\\\/www.sinchisinchi.com\\\/it\\\/producto\\\/olio-da-fuoco\\\/#primaryimage\"},\"thumbnailUrl\":\"https:\\\/\\\/www.sinchisinchi.com\\\/wp-content\\\/uploads\\\/2021\\\/05\\\/3IR0001.jpg\",\"datePublished\":\"2021-05-23T10:53:42+00:00\",\"dateModified\":\"2025-02-17T12:32:55+00:00\",\"description\":\"Olio di Iperico: \u201cHypericum\u201d deriva dal greco, \u03cd\u03c0\u03b5\u03c1 \\\/ \u00edper- (circa) e \u03b5\u03b9\u03ba\u03cc\u03bd\u03b1 \\\/ ik\u00f3na (immagine): \u201cSopra ogni immagine, o ogni cosa immaginabile\u201d\",\"breadcrumb\":{\"@id\":\"https:\\\/\\\/www.sinchisinchi.com\\\/it\\\/producto\\\/olio-da-fuoco\\\/#breadcrumb\"},\"inLanguage\":\"it-IT\",\"potentialAction\":[{\"@type\":\"ReadAction\",\"target\":[\"https:\\\/\\\/www.sinchisinchi.com\\\/it\\\/producto\\\/olio-da-fuoco\\\/\"]}]},{\"@type\":\"ImageObject\",\"inLanguage\":\"it-IT\",\"@id\":\"https:\\\/\\\/www.sinchisinchi.com\\\/it\\\/producto\\\/olio-da-fuoco\\\/#primaryimage\",\"url\":\"https:\\\/\\\/www.sinchisinchi.com\\\/wp-content\\\/uploads\\\/2021\\\/05\\\/3IR0001.jpg\",\"contentUrl\":\"https:\\\/\\\/www.sinchisinchi.com\\\/wp-content\\\/uploads\\\/2021\\\/05\\\/3IR0001.jpg\",\"width\":700,\"height\":700},{\"@type\":\"BreadcrumbList\",\"@id\":\"https:\\\/\\\/www.sinchisinchi.com\\\/it\\\/producto\\\/olio-da-fuoco\\\/#breadcrumb\",\"itemListElement\":[{\"@type\":\"ListItem\",\"position\":1,\"name\":\"Prima pagina\",\"item\":\"https:\\\/\\\/www.sinchisinchi.com\\\/it\\\/\"},{\"@type\":\"ListItem\",\"position\":2,\"name\":\"Prodotti\",\"item\":\"https:\\\/\\\/www.sinchisinchi.com\\\/it\\\/shop\\\/\"},{\"@type\":\"ListItem\",\"position\":3,\"name\":\"olio da fuoco\"}]},{\"@type\":\"WebSite\",\"@id\":\"https:\\\/\\\/www.sinchisinchi.com\\\/it\\\/#website\",\"url\":\"https:\\\/\\\/www.sinchisinchi.com\\\/it\\\/\",\"name\":\"SINCHI\",\"description\":\"Sinchi Medicine\",\"publisher\":{\"@id\":\"https:\\\/\\\/www.sinchisinchi.com\\\/it\\\/#organization\"},\"potentialAction\":[{\"@type\":\"SearchAction\",\"target\":{\"@type\":\"EntryPoint\",\"urlTemplate\":\"https:\\\/\\\/www.sinchisinchi.com\\\/it\\\/?s={search_term_string}\"},\"query-input\":{\"@type\":\"PropertyValueSpecification\",\"valueRequired\":true,\"valueName\":\"search_term_string\"}}],\"inLanguage\":\"it-IT\"},{\"@type\":\"Organization\",\"@id\":\"https:\\\/\\\/www.sinchisinchi.com\\\/it\\\/#organization\",\"name\":\"SINCHI S.L\",\"url\":\"https:\\\/\\\/www.sinchisinchi.com\\\/it\\\/\",\"logo\":{\"@type\":\"ImageObject\",\"inLanguage\":\"it-IT\",\"@id\":\"https:\\\/\\\/www.sinchisinchi.com\\\/it\\\/#\\\/schema\\\/logo\\\/image\\\/\",\"url\":\"https:\\\/\\\/www.sinchisinchi.com\\\/wp-content\\\/uploads\\\/2026\\\/01\\\/3b-Verde-SIMPLIFICADO-HORIZONTAL-F-TRANSPARENTE-scaled.png\",\"contentUrl\":\"https:\\\/\\\/www.sinchisinchi.com\\\/wp-content\\\/uploads\\\/2026\\\/01\\\/3b-Verde-SIMPLIFICADO-HORIZONTAL-F-TRANSPARENTE-scaled.png\",\"width\":2560,\"height\":457,\"caption\":\"SINCHI S.L\"},\"image\":{\"@id\":\"https:\\\/\\\/www.sinchisinchi.com\\\/it\\\/#\\\/schema\\\/logo\\\/image\\\/\"},\"sameAs\":[\"https:\\\/\\\/www.facebook.com\\\/sinchirape\\\/\",\"https:\\\/\\\/www.instagram.com\\\/sinchi_rape\\\/\"]}]}<\/script>\n<!-- \/ Yoast SEO plugin. -->","yoast_head_json":{"title":"Olio di erba di San Giovanni: negozio sciamanico online","description":"Olio di Iperico: \u201cHypericum\u201d deriva dal greco, \u03cd\u03c0\u03b5\u03c1 \/ \u00edper- (circa) e \u03b5\u03b9\u03ba\u03cc\u03bd\u03b1 \/ ik\u00f3na (immagine): \u201cSopra ogni immagine, o ogni cosa immaginabile\u201d","robots":{"index":"index","follow":"follow","max-snippet":"max-snippet:-1","max-image-preview":"max-image-preview:large","max-video-preview":"max-video-preview:-1"},"canonical":"https:\/\/www.sinchisinchi.com\/it\/producto\/olio-da-fuoco\/","og_locale":"it_IT","og_type":"article","og_title":"Olio di erba di San Giovanni: negozio sciamanico online","og_description":"Olio di Iperico: \u201cHypericum\u201d deriva dal greco, \u03cd\u03c0\u03b5\u03c1 \/ \u00edper- (circa) e \u03b5\u03b9\u03ba\u03cc\u03bd\u03b1 \/ ik\u00f3na (immagine): \u201cSopra ogni immagine, o ogni cosa immaginabile\u201d","og_url":"https:\/\/www.sinchisinchi.com\/it\/producto\/olio-da-fuoco\/","og_site_name":"SINCHI RAP\u00c9","article_publisher":"https:\/\/www.facebook.com\/sinchirape\/","article_modified_time":"2025-02-17T12:32:55+00:00","og_image":[{"width":700,"height":700,"url":"https:\/\/www.sinchisinchi.com\/wp-content\/uploads\/2021\/05\/3IR0001.jpg","type":"image\/jpeg"}],"twitter_card":"summary_large_image","schema":{"@context":"https:\/\/schema.org","@graph":[{"@type":"WebPage","@id":"https:\/\/www.sinchisinchi.com\/it\/producto\/olio-da-fuoco\/","url":"https:\/\/www.sinchisinchi.com\/it\/producto\/olio-da-fuoco\/","name":"Olio di erba di San Giovanni: negozio sciamanico online","isPartOf":{"@id":"https:\/\/www.sinchisinchi.com\/it\/#website"},"primaryImageOfPage":{"@id":"https:\/\/www.sinchisinchi.com\/it\/producto\/olio-da-fuoco\/#primaryimage"},"image":{"@id":"https:\/\/www.sinchisinchi.com\/it\/producto\/olio-da-fuoco\/#primaryimage"},"thumbnailUrl":"https:\/\/www.sinchisinchi.com\/wp-content\/uploads\/2021\/05\/3IR0001.jpg","datePublished":"2021-05-23T10:53:42+00:00","dateModified":"2025-02-17T12:32:55+00:00","description":"Olio di Iperico: \u201cHypericum\u201d deriva dal greco, \u03cd\u03c0\u03b5\u03c1 \/ \u00edper- (circa) e \u03b5\u03b9\u03ba\u03cc\u03bd\u03b1 \/ ik\u00f3na (immagine): \u201cSopra ogni immagine, o ogni cosa immaginabile\u201d","breadcrumb":{"@id":"https:\/\/www.sinchisinchi.com\/it\/producto\/olio-da-fuoco\/#breadcrumb"},"inLanguage":"it-IT","potentialAction":[{"@type":"ReadAction","target":["https:\/\/www.sinchisinchi.com\/it\/producto\/olio-da-fuoco\/"]}]},{"@type":"ImageObject","inLanguage":"it-IT","@id":"https:\/\/www.sinchisinchi.com\/it\/producto\/olio-da-fuoco\/#primaryimage","url":"https:\/\/www.sinchisinchi.com\/wp-content\/uploads\/2021\/05\/3IR0001.jpg","contentUrl":"https:\/\/www.sinchisinchi.com\/wp-content\/uploads\/2021\/05\/3IR0001.jpg","width":700,"height":700},{"@type":"BreadcrumbList","@id":"https:\/\/www.sinchisinchi.com\/it\/producto\/olio-da-fuoco\/#breadcrumb","itemListElement":[{"@type":"ListItem","position":1,"name":"Prima pagina","item":"https:\/\/www.sinchisinchi.com\/it\/"},{"@type":"ListItem","position":2,"name":"Prodotti","item":"https:\/\/www.sinchisinchi.com\/it\/shop\/"},{"@type":"ListItem","position":3,"name":"olio da fuoco"}]},{"@type":"WebSite","@id":"https:\/\/www.sinchisinchi.com\/it\/#website","url":"https:\/\/www.sinchisinchi.com\/it\/","name":"SINCHI","description":"Sinchi Medicine","publisher":{"@id":"https:\/\/www.sinchisinchi.com\/it\/#organization"},"potentialAction":[{"@type":"SearchAction","target":{"@type":"EntryPoint","urlTemplate":"https:\/\/www.sinchisinchi.com\/it\/?s={search_term_string}"},"query-input":{"@type":"PropertyValueSpecification","valueRequired":true,"valueName":"search_term_string"}}],"inLanguage":"it-IT"},{"@type":"Organization","@id":"https:\/\/www.sinchisinchi.com\/it\/#organization","name":"SINCHI S.L","url":"https:\/\/www.sinchisinchi.com\/it\/","logo":{"@type":"ImageObject","inLanguage":"it-IT","@id":"https:\/\/www.sinchisinchi.com\/it\/#\/schema\/logo\/image\/","url":"https:\/\/www.sinchisinchi.com\/wp-content\/uploads\/2026\/01\/3b-Verde-SIMPLIFICADO-HORIZONTAL-F-TRANSPARENTE-scaled.png","contentUrl":"https:\/\/www.sinchisinchi.com\/wp-content\/uploads\/2026\/01\/3b-Verde-SIMPLIFICADO-HORIZONTAL-F-TRANSPARENTE-scaled.png","width":2560,"height":457,"caption":"SINCHI S.L"},"image":{"@id":"https:\/\/www.sinchisinchi.com\/it\/#\/schema\/logo\/image\/"},"sameAs":["https:\/\/www.facebook.com\/sinchirape\/","https:\/\/www.instagram.com\/sinchi_rape\/"]}]}},"_links":{"self":[{"href":"https:\/\/www.sinchisinchi.com\/it\/wp-json\/wp\/v2\/product\/11283","targetHints":{"allow":["GET"]}}],"collection":[{"href":"https:\/\/www.sinchisinchi.com\/it\/wp-json\/wp\/v2\/product"}],"about":[{"href":"https:\/\/www.sinchisinchi.com\/it\/wp-json\/wp\/v2\/types\/product"}],"wp:featuredmedia":[{"embeddable":true,"href":"https:\/\/www.sinchisinchi.com\/it\/wp-json\/wp\/v2\/media\/12320"}],"wp:attachment":[{"href":"https:\/\/www.sinchisinchi.com\/it\/wp-json\/wp\/v2\/media?parent=11283"}],"wp:term":[{"taxonomy":"product_brand","embeddable":true,"href":"https:\/\/www.sinchisinchi.com\/it\/wp-json\/wp\/v2\/product_brand?post=11283"},{"taxonomy":"product_cat","embeddable":true,"href":"https:\/\/www.sinchisinchi.com\/it\/wp-json\/wp\/v2\/product_cat?post=11283"},{"taxonomy":"product_tag","embeddable":true,"href":"https:\/\/www.sinchisinchi.com\/it\/wp-json\/wp\/v2\/product_tag?post=11283"}],"curies":[{"name":"wp","href":"https:\/\/api.w.org\/{rel}","templated":true}]}}