{"id":11866,"date":"2024-01-23T12:31:36","date_gmt":"2024-01-23T12:31:36","guid":{"rendered":"https:\/\/www.sinchisinchi.com\/producto\/palo-santo-300-gr\/"},"modified":"2024-04-24T07:42:09","modified_gmt":"2024-04-24T07:42:09","slug":"palo-santo-300-gr","status":"publish","type":"product","link":"https:\/\/www.sinchisinchi.com\/it\/producto\/palo-santo-300-gr\/","title":{"rendered":"Palo Santo 300 gr"},"content":{"rendered":"<h2 style=\"text-align: center;\"><strong><span style=\"color: #000000;\">Palo Santo, albero sacro<\/span><\/strong><\/h2>\n<p><span style=\"color: #000000;\">Dopo la caduta naturale dell&#8217;albero, questo legno deve stagionare naturalmente, cosa che richiede un tempo stimato tra i 4-8 anni, durante i quali vari insetti e piccoli animali si insediano su tutto il legno, trasformando la linfa ed il tronco. Dopo questo lungo processo, questo legno pu\u00f2 essere raccolto dalle foreste e ha gi\u00e0 acquisito il suo forte e unico aroma di Palo Santo.<\/span><\/p>\n<p><span style=\"color: #000000;\">Attualmente, Per\u00f9 ed Ecuador hanno leggi specifiche per l\u2019estrazione del Palo Santo e l\u2019abbattimento dell\u2019albero \u00e8 illegale. Tuttavia, quando il Palo Santo si ottiene da un albero tagliato mentre era vivo, \u00e8 noto che i tempi naturali dell&#8217;intero processo non sono stati rispettati poich\u00e9 il risultato \u00e8 un legno senza aroma, che brucia velocemente ed \u00e8 di colore giallo. molto chiaro, quasi bianco. L&#8217;aroma dovrebbe essere dolce e legnoso.<\/span><\/p>\n<p><span style=\"color: #000000;\">Il Palo Santo peruviano non \u00e8 considerato un albero a rischio di estinzione. Esistono altre specie di Palo Santo distribuite nelle Isole Galapagos, Messico, Cile, Bolivia, Uruguay, Paraguay, Argentina e Brasile, come Bulnesia sarmientoi, Bursera malacophylla, Guaiacum officinale, Guaiacum sanctum, alcune delle quali sono menzionate nell&#8217;elenco delle \u201cspecie in via di estinzione\u201d dall\u2019Unione Internazionale per la Conservazione della Natura (IUCN), ma non sono il legno aromatico aromatico utilizzato da secoli e conosciuto in tutto il mondo come Palo Santo.<\/span><\/p>\n<p><span style=\"color: #000000;\">L&#8217;aspetto visivo del Palo Santo indica, attraverso la sua colorazione giallastra o arancione, se si tratta della specie Bursera graveolens, e quanto pi\u00f9 scura \u00e8 la sua colorazione, tanto pi\u00f9 tempo ha riposato nella foresta e pi\u00f9 tempo ha avuto per il suo processo di trasformazione.<\/span><\/p>\n<p><span style=\"color: #000000;\">Oltre all&#8217;incenso o come repellente per gli insetti, \u00e8 considerata anche una pianta medicinale; L&#8217;infuso delle foglie allevia gli attacchi di tosse. Il legno viene utilizzato anche sotto forma di tisana, tramite decotto, per alleviare i sintomi influenzali, come tosse e febbre, e va utilizzato in piccole quantit\u00e0 poich\u00e9 il suo sapore \u00e8 molto amaro.<\/span><\/p>\n","protected":false},"excerpt":{"rendered":"<p><span style=\"color: #000000;\">L&#8217;albero di Palo Santo (Bursera graveolens) \u00e8 endemico del Per\u00f9 settentrionale e dell&#8217;Ecuador meridionale. Abita ecosistemi terrestri, foreste secche e foreste tropicali, dal livello del mare fino a 600 metri di altitudine.<\/span><\/p>\n<p>&nbsp;<\/p>\n<p><span style=\"color: #000000;\">Il Palo Santo \u00e8 conosciuto da secoli come pianta magica e sacra. \u00c8 un albero di medie dimensioni che raggiunge tra i 4 e i 6 metri di altezza. La loro aspettativa di vita \u00e8 compresa tra 80 e 100 anni.<\/span><\/p>\n<p>&nbsp;<\/p>\n<p><span style=\"color: #000000;\"><strong>Nome scientifico:<\/strong> Bursera graveolens<\/span><\/p>\n<p>&nbsp;<\/p>\n<p><span style=\"color: #000000;\"><strong>Origine:<\/strong> Per\u00f9<\/span><\/p>\n<p>&nbsp;<\/p>\n<p><span style=\"color: #000000;\"><strong>Aroma:<\/strong> caldo, legnoso, dolce<\/span><\/p>\n","protected":false},"featured_media":11860,"template":"","meta":{"_joinchat":[]},"product_brand":[],"product_cat":[130],"product_tag":[],"class_list":{"0":"post-11866","1":"product","2":"type-product","3":"status-publish","4":"has-post-thumbnail","6":"product_cat-incenso","8":"first","9":"instock","10":"taxable","11":"shipping-taxable","12":"purchasable","13":"product-type-simple"},"yoast_head":"<!-- This site is optimized with the Yoast SEO plugin v27.4 - https:\/\/yoast.com\/product\/yoast-seo-wordpress\/ -->\n<title>Acquista Palo Santo Online: negozio di incensi sciamanici.<\/title>\n<meta name=\"description\" content=\"Il Palo Santo \u00e8 conosciuto da migliaia di anni come un albero magico e sacro utilizzato per le sue propriet\u00e0 purificatrici e connettive.\" \/>\n<meta name=\"robots\" content=\"index, follow, max-snippet:-1, max-image-preview:large, max-video-preview:-1\" \/>\n<link rel=\"canonical\" href=\"https:\/\/www.sinchisinchi.com\/it\/producto\/palo-santo-300-gr\/\" \/>\n<meta property=\"og:locale\" content=\"it_IT\" \/>\n<meta property=\"og:type\" content=\"article\" \/>\n<meta property=\"og:title\" content=\"Acquista Palo Santo Online: negozio di incensi sciamanici.\" \/>\n<meta property=\"og:description\" content=\"Il Palo Santo \u00e8 conosciuto da migliaia di anni come un albero magico e sacro utilizzato per le sue propriet\u00e0 purificatrici e connettive.\" \/>\n<meta property=\"og:url\" content=\"https:\/\/www.sinchisinchi.com\/it\/producto\/palo-santo-300-gr\/\" \/>\n<meta property=\"og:site_name\" content=\"SINCHI RAP\u00c9\" \/>\n<meta property=\"article:publisher\" content=\"https:\/\/www.facebook.com\/sinchirape\/\" \/>\n<meta property=\"article:modified_time\" content=\"2024-04-24T07:42:09+00:00\" \/>\n<meta property=\"og:image\" content=\"https:\/\/www.sinchisinchi.com\/wp-content\/uploads\/2024\/01\/1-Palo-santo-300gr.jpg\" \/>\n\t<meta property=\"og:image:width\" content=\"1000\" \/>\n\t<meta property=\"og:image:height\" content=\"1000\" \/>\n\t<meta property=\"og:image:type\" content=\"image\/jpeg\" \/>\n<meta name=\"twitter:card\" content=\"summary_large_image\" \/>\n<meta name=\"twitter:label1\" content=\"Tempo di lettura stimato\" \/>\n\t<meta name=\"twitter:data1\" content=\"2 minuti\" \/>\n<script type=\"application\/ld+json\" class=\"yoast-schema-graph\">{\"@context\":\"https:\\\/\\\/schema.org\",\"@graph\":[{\"@type\":\"WebPage\",\"@id\":\"https:\\\/\\\/www.sinchisinchi.com\\\/it\\\/producto\\\/palo-santo-300-gr\\\/\",\"url\":\"https:\\\/\\\/www.sinchisinchi.com\\\/it\\\/producto\\\/palo-santo-300-gr\\\/\",\"name\":\"Acquista Palo Santo Online: negozio di incensi sciamanici.\",\"isPartOf\":{\"@id\":\"https:\\\/\\\/www.sinchisinchi.com\\\/it\\\/#website\"},\"primaryImageOfPage\":{\"@id\":\"https:\\\/\\\/www.sinchisinchi.com\\\/it\\\/producto\\\/palo-santo-300-gr\\\/#primaryimage\"},\"image\":{\"@id\":\"https:\\\/\\\/www.sinchisinchi.com\\\/it\\\/producto\\\/palo-santo-300-gr\\\/#primaryimage\"},\"thumbnailUrl\":\"https:\\\/\\\/www.sinchisinchi.com\\\/wp-content\\\/uploads\\\/2024\\\/01\\\/1-Palo-santo-300gr.jpg\",\"datePublished\":\"2024-01-23T12:31:36+00:00\",\"dateModified\":\"2024-04-24T07:42:09+00:00\",\"description\":\"Il Palo Santo \u00e8 conosciuto da migliaia di anni come un albero magico e sacro utilizzato per le sue propriet\u00e0 purificatrici e connettive.\",\"breadcrumb\":{\"@id\":\"https:\\\/\\\/www.sinchisinchi.com\\\/it\\\/producto\\\/palo-santo-300-gr\\\/#breadcrumb\"},\"inLanguage\":\"it-IT\",\"potentialAction\":[{\"@type\":\"ReadAction\",\"target\":[\"https:\\\/\\\/www.sinchisinchi.com\\\/it\\\/producto\\\/palo-santo-300-gr\\\/\"]}]},{\"@type\":\"ImageObject\",\"inLanguage\":\"it-IT\",\"@id\":\"https:\\\/\\\/www.sinchisinchi.com\\\/it\\\/producto\\\/palo-santo-300-gr\\\/#primaryimage\",\"url\":\"https:\\\/\\\/www.sinchisinchi.com\\\/wp-content\\\/uploads\\\/2024\\\/01\\\/1-Palo-santo-300gr.jpg\",\"contentUrl\":\"https:\\\/\\\/www.sinchisinchi.com\\\/wp-content\\\/uploads\\\/2024\\\/01\\\/1-Palo-santo-300gr.jpg\",\"width\":1000,\"height\":1000},{\"@type\":\"BreadcrumbList\",\"@id\":\"https:\\\/\\\/www.sinchisinchi.com\\\/it\\\/producto\\\/palo-santo-300-gr\\\/#breadcrumb\",\"itemListElement\":[{\"@type\":\"ListItem\",\"position\":1,\"name\":\"Prima pagina\",\"item\":\"https:\\\/\\\/www.sinchisinchi.com\\\/it\\\/\"},{\"@type\":\"ListItem\",\"position\":2,\"name\":\"Prodotti\",\"item\":\"https:\\\/\\\/www.sinchisinchi.com\\\/it\\\/shop\\\/\"},{\"@type\":\"ListItem\",\"position\":3,\"name\":\"Palo Santo 300 gr\"}]},{\"@type\":\"WebSite\",\"@id\":\"https:\\\/\\\/www.sinchisinchi.com\\\/it\\\/#website\",\"url\":\"https:\\\/\\\/www.sinchisinchi.com\\\/it\\\/\",\"name\":\"SINCHI\",\"description\":\"Sinchi Medicine\",\"publisher\":{\"@id\":\"https:\\\/\\\/www.sinchisinchi.com\\\/it\\\/#organization\"},\"potentialAction\":[{\"@type\":\"SearchAction\",\"target\":{\"@type\":\"EntryPoint\",\"urlTemplate\":\"https:\\\/\\\/www.sinchisinchi.com\\\/it\\\/?s={search_term_string}\"},\"query-input\":{\"@type\":\"PropertyValueSpecification\",\"valueRequired\":true,\"valueName\":\"search_term_string\"}}],\"inLanguage\":\"it-IT\"},{\"@type\":\"Organization\",\"@id\":\"https:\\\/\\\/www.sinchisinchi.com\\\/it\\\/#organization\",\"name\":\"SINCHI S.L\",\"url\":\"https:\\\/\\\/www.sinchisinchi.com\\\/it\\\/\",\"logo\":{\"@type\":\"ImageObject\",\"inLanguage\":\"it-IT\",\"@id\":\"https:\\\/\\\/www.sinchisinchi.com\\\/it\\\/#\\\/schema\\\/logo\\\/image\\\/\",\"url\":\"https:\\\/\\\/www.sinchisinchi.com\\\/wp-content\\\/uploads\\\/2026\\\/01\\\/3b-Verde-SIMPLIFICADO-HORIZONTAL-F-TRANSPARENTE-scaled.png\",\"contentUrl\":\"https:\\\/\\\/www.sinchisinchi.com\\\/wp-content\\\/uploads\\\/2026\\\/01\\\/3b-Verde-SIMPLIFICADO-HORIZONTAL-F-TRANSPARENTE-scaled.png\",\"width\":2560,\"height\":457,\"caption\":\"SINCHI S.L\"},\"image\":{\"@id\":\"https:\\\/\\\/www.sinchisinchi.com\\\/it\\\/#\\\/schema\\\/logo\\\/image\\\/\"},\"sameAs\":[\"https:\\\/\\\/www.facebook.com\\\/sinchirape\\\/\",\"https:\\\/\\\/www.instagram.com\\\/sinchi_rape\\\/\"]}]}<\/script>\n<!-- \/ Yoast SEO plugin. -->","yoast_head_json":{"title":"Acquista Palo Santo Online: negozio di incensi sciamanici.","description":"Il Palo Santo \u00e8 conosciuto da migliaia di anni come un albero magico e sacro utilizzato per le sue propriet\u00e0 purificatrici e connettive.","robots":{"index":"index","follow":"follow","max-snippet":"max-snippet:-1","max-image-preview":"max-image-preview:large","max-video-preview":"max-video-preview:-1"},"canonical":"https:\/\/www.sinchisinchi.com\/it\/producto\/palo-santo-300-gr\/","og_locale":"it_IT","og_type":"article","og_title":"Acquista Palo Santo Online: negozio di incensi sciamanici.","og_description":"Il Palo Santo \u00e8 conosciuto da migliaia di anni come un albero magico e sacro utilizzato per le sue propriet\u00e0 purificatrici e connettive.","og_url":"https:\/\/www.sinchisinchi.com\/it\/producto\/palo-santo-300-gr\/","og_site_name":"SINCHI RAP\u00c9","article_publisher":"https:\/\/www.facebook.com\/sinchirape\/","article_modified_time":"2024-04-24T07:42:09+00:00","og_image":[{"width":1000,"height":1000,"url":"https:\/\/www.sinchisinchi.com\/wp-content\/uploads\/2024\/01\/1-Palo-santo-300gr.jpg","type":"image\/jpeg"}],"twitter_card":"summary_large_image","twitter_misc":{"Tempo di lettura stimato":"2 minuti"},"schema":{"@context":"https:\/\/schema.org","@graph":[{"@type":"WebPage","@id":"https:\/\/www.sinchisinchi.com\/it\/producto\/palo-santo-300-gr\/","url":"https:\/\/www.sinchisinchi.com\/it\/producto\/palo-santo-300-gr\/","name":"Acquista Palo Santo Online: negozio di incensi sciamanici.","isPartOf":{"@id":"https:\/\/www.sinchisinchi.com\/it\/#website"},"primaryImageOfPage":{"@id":"https:\/\/www.sinchisinchi.com\/it\/producto\/palo-santo-300-gr\/#primaryimage"},"image":{"@id":"https:\/\/www.sinchisinchi.com\/it\/producto\/palo-santo-300-gr\/#primaryimage"},"thumbnailUrl":"https:\/\/www.sinchisinchi.com\/wp-content\/uploads\/2024\/01\/1-Palo-santo-300gr.jpg","datePublished":"2024-01-23T12:31:36+00:00","dateModified":"2024-04-24T07:42:09+00:00","description":"Il Palo Santo \u00e8 conosciuto da migliaia di anni come un albero magico e sacro utilizzato per le sue propriet\u00e0 purificatrici e connettive.","breadcrumb":{"@id":"https:\/\/www.sinchisinchi.com\/it\/producto\/palo-santo-300-gr\/#breadcrumb"},"inLanguage":"it-IT","potentialAction":[{"@type":"ReadAction","target":["https:\/\/www.sinchisinchi.com\/it\/producto\/palo-santo-300-gr\/"]}]},{"@type":"ImageObject","inLanguage":"it-IT","@id":"https:\/\/www.sinchisinchi.com\/it\/producto\/palo-santo-300-gr\/#primaryimage","url":"https:\/\/www.sinchisinchi.com\/wp-content\/uploads\/2024\/01\/1-Palo-santo-300gr.jpg","contentUrl":"https:\/\/www.sinchisinchi.com\/wp-content\/uploads\/2024\/01\/1-Palo-santo-300gr.jpg","width":1000,"height":1000},{"@type":"BreadcrumbList","@id":"https:\/\/www.sinchisinchi.com\/it\/producto\/palo-santo-300-gr\/#breadcrumb","itemListElement":[{"@type":"ListItem","position":1,"name":"Prima pagina","item":"https:\/\/www.sinchisinchi.com\/it\/"},{"@type":"ListItem","position":2,"name":"Prodotti","item":"https:\/\/www.sinchisinchi.com\/it\/shop\/"},{"@type":"ListItem","position":3,"name":"Palo Santo 300 gr"}]},{"@type":"WebSite","@id":"https:\/\/www.sinchisinchi.com\/it\/#website","url":"https:\/\/www.sinchisinchi.com\/it\/","name":"SINCHI","description":"Sinchi Medicine","publisher":{"@id":"https:\/\/www.sinchisinchi.com\/it\/#organization"},"potentialAction":[{"@type":"SearchAction","target":{"@type":"EntryPoint","urlTemplate":"https:\/\/www.sinchisinchi.com\/it\/?s={search_term_string}"},"query-input":{"@type":"PropertyValueSpecification","valueRequired":true,"valueName":"search_term_string"}}],"inLanguage":"it-IT"},{"@type":"Organization","@id":"https:\/\/www.sinchisinchi.com\/it\/#organization","name":"SINCHI S.L","url":"https:\/\/www.sinchisinchi.com\/it\/","logo":{"@type":"ImageObject","inLanguage":"it-IT","@id":"https:\/\/www.sinchisinchi.com\/it\/#\/schema\/logo\/image\/","url":"https:\/\/www.sinchisinchi.com\/wp-content\/uploads\/2026\/01\/3b-Verde-SIMPLIFICADO-HORIZONTAL-F-TRANSPARENTE-scaled.png","contentUrl":"https:\/\/www.sinchisinchi.com\/wp-content\/uploads\/2026\/01\/3b-Verde-SIMPLIFICADO-HORIZONTAL-F-TRANSPARENTE-scaled.png","width":2560,"height":457,"caption":"SINCHI S.L"},"image":{"@id":"https:\/\/www.sinchisinchi.com\/it\/#\/schema\/logo\/image\/"},"sameAs":["https:\/\/www.facebook.com\/sinchirape\/","https:\/\/www.instagram.com\/sinchi_rape\/"]}]}},"_links":{"self":[{"href":"https:\/\/www.sinchisinchi.com\/it\/wp-json\/wp\/v2\/product\/11866","targetHints":{"allow":["GET"]}}],"collection":[{"href":"https:\/\/www.sinchisinchi.com\/it\/wp-json\/wp\/v2\/product"}],"about":[{"href":"https:\/\/www.sinchisinchi.com\/it\/wp-json\/wp\/v2\/types\/product"}],"wp:featuredmedia":[{"embeddable":true,"href":"https:\/\/www.sinchisinchi.com\/it\/wp-json\/wp\/v2\/media\/11860"}],"wp:attachment":[{"href":"https:\/\/www.sinchisinchi.com\/it\/wp-json\/wp\/v2\/media?parent=11866"}],"wp:term":[{"taxonomy":"product_brand","embeddable":true,"href":"https:\/\/www.sinchisinchi.com\/it\/wp-json\/wp\/v2\/product_brand?post=11866"},{"taxonomy":"product_cat","embeddable":true,"href":"https:\/\/www.sinchisinchi.com\/it\/wp-json\/wp\/v2\/product_cat?post=11866"},{"taxonomy":"product_tag","embeddable":true,"href":"https:\/\/www.sinchisinchi.com\/it\/wp-json\/wp\/v2\/product_tag?post=11866"}],"curies":[{"name":"wp","href":"https:\/\/api.w.org\/{rel}","templated":true}]}}