{"id":13001,"date":"2024-04-11T13:42:09","date_gmt":"2024-04-11T13:42:09","guid":{"rendered":"https:\/\/www.sinchisinchi.com\/producto\/samauma-ash\/"},"modified":"2024-07-05T07:48:07","modified_gmt":"2024-07-05T07:48:07","slug":"samauma-ash","status":"publish","type":"product","link":"https:\/\/www.sinchisinchi.com\/it\/producto\/samauma-ash\/","title":{"rendered":"Samauma Ash"},"content":{"rendered":"<h2 style=\"text-align: center;\"><strong><span style=\"color: #000000;\">Ceneri sacre in altre culture<\/span><\/strong><\/h2>\n<p><span style=\"color: #000000;\">In tutto il mondo ci sono molte culture che usano le ceneri in modo sacro nelle pratiche spirituali.<\/span><\/p>\n<p><span style=\"color: #000000;\">Utilizzato nell&#8217;Induismo, nel Buddismo, nello sciamanesimo, nel Cristianesimo, in Africa e dalle popolazioni indigene dell&#8217;Amazzonia, l&#8217;uso delle ceneri ha un significato spirituale associato alla purificazione, al rinnovamento e alla trasformazione.<\/span><\/p>\n<p><span style=\"color: #000000;\">Nell&#8217;Induismo, dove sono conosciute come &#8220;vibhuti&#8221;, le ceneri sacre. Sono utilizzati nei rituali di purificazione, rinnovamento spirituale e simboleggiano devozione e protezione spirituale. Le ceneri vengono ricavate dalla combustione del legno sacro, solitamente utilizzando bael, margosa o albero di fico.<\/span><\/p>\n<p><span style=\"color: #000000;\">Nel Buddismo vengono utilizzati per costruire stupa, monumenti sacri che rappresentano l&#8217;illuminazione e il risveglio spirituale.<\/span><\/p>\n<p><span style=\"color: #000000;\">Nel cristianesimo le ceneri sono molto utilizzate nella celebrazione del Mercoled\u00ec delle Ceneri, come simbolo della fragilit\u00e0 umana e del bisogno di pentimento e penitenza. Durante la cerimonia le ceneri vengono poste sulla fronte dei fedeli a forma di croce.<\/span><\/p>\n","protected":false},"excerpt":{"rendered":"<p><span style=\"color: #000000;\">Le trib\u00f9 native dell&#8217;Amazzonia usano le ceneri per fare il tabacco da fiuto. La cenere \u00e8 una parte molto importante della miscela. Alcalinizza, neutralizzando l&#8217;acidit\u00e0.<\/span><\/p>\n<p><span style=\"color: #000000;\">La cenere \u00e8 ricavata dalla corteccia dell&#8217;albero Sama\u00fama, che viene ridotta in cenere, quindi setacciata e macinata fino a ottenere una polvere fine.<\/span><\/p>\n<p><span style=\"color: #000000;\">Questa cenere in polvere viene aggiunta al Mapacho e ad altre piante per produrre tabacco da fiuto.<\/span><\/p>\n<p>&nbsp;<\/p>\n<p><span style=\"color: #000000;\">Formato: 10 ml<\/span><\/p>\n","protected":false},"featured_media":15823,"template":"","meta":{"_joinchat":[]},"product_brand":[],"product_cat":[325],"product_tag":[],"class_list":{"0":"post-13001","1":"product","2":"type-product","3":"status-publish","4":"has-post-thumbnail","6":"product_cat-mapacho-roll-it","8":"first","9":"instock","10":"taxable","11":"shipping-taxable","12":"purchasable","13":"product-type-simple"},"yoast_head":"<!-- This site is optimized with the Yoast SEO plugin v27.4 - https:\/\/yoast.com\/product\/yoast-seo-wordpress\/ -->\n<title>Acquista Samauma Ash: negozio sciamanico online<\/title>\n<meta name=\"robots\" content=\"index, follow, max-snippet:-1, max-image-preview:large, max-video-preview:-1\" \/>\n<link rel=\"canonical\" href=\"https:\/\/www.sinchisinchi.com\/it\/producto\/samauma-ash\/\" \/>\n<meta property=\"og:locale\" content=\"it_IT\" \/>\n<meta property=\"og:type\" content=\"article\" \/>\n<meta property=\"og:title\" content=\"Acquista Samauma Ash: negozio sciamanico online\" \/>\n<meta property=\"og:description\" content=\"Le trib\u00f9 native dell&#039;Amazzonia usano le ceneri per fare il tabacco da fiuto. La cenere \u00e8 una parte molto importante della miscela. Alcalinizza, neutralizzando l&#039;acidit\u00e0. La cenere \u00e8 ricavata dalla corteccia dell&#039;albero Sama\u00fama, che viene ridotta in cenere, quindi setacciata e macinata fino a ottenere una polvere fine. Questa cenere in polvere viene aggiunta al Mapacho e ad altre piante per produrre tabacco da fiuto. &nbsp; Formato: 10 ml\" \/>\n<meta property=\"og:url\" content=\"https:\/\/www.sinchisinchi.com\/it\/producto\/samauma-ash\/\" \/>\n<meta property=\"og:site_name\" content=\"SINCHI RAP\u00c9\" \/>\n<meta property=\"article:publisher\" content=\"https:\/\/www.facebook.com\/sinchirape\/\" \/>\n<meta property=\"article:modified_time\" content=\"2024-07-05T07:48:07+00:00\" \/>\n<meta property=\"og:image\" content=\"https:\/\/www.sinchisinchi.com\/wp-content\/uploads\/2024\/04\/ceniza.png\" \/>\n\t<meta property=\"og:image:width\" content=\"600\" \/>\n\t<meta property=\"og:image:height\" content=\"600\" \/>\n\t<meta property=\"og:image:type\" content=\"image\/png\" \/>\n<meta name=\"twitter:card\" content=\"summary_large_image\" \/>\n<meta name=\"twitter:label1\" content=\"Tempo di lettura stimato\" \/>\n\t<meta name=\"twitter:data1\" content=\"1 minuto\" \/>\n<script type=\"application\/ld+json\" class=\"yoast-schema-graph\">{\"@context\":\"https:\\\/\\\/schema.org\",\"@graph\":[{\"@type\":\"WebPage\",\"@id\":\"https:\\\/\\\/www.sinchisinchi.com\\\/it\\\/producto\\\/samauma-ash\\\/\",\"url\":\"https:\\\/\\\/www.sinchisinchi.com\\\/it\\\/producto\\\/samauma-ash\\\/\",\"name\":\"Acquista Samauma Ash: negozio sciamanico online\",\"isPartOf\":{\"@id\":\"https:\\\/\\\/www.sinchisinchi.com\\\/it\\\/#website\"},\"primaryImageOfPage\":{\"@id\":\"https:\\\/\\\/www.sinchisinchi.com\\\/it\\\/producto\\\/samauma-ash\\\/#primaryimage\"},\"image\":{\"@id\":\"https:\\\/\\\/www.sinchisinchi.com\\\/it\\\/producto\\\/samauma-ash\\\/#primaryimage\"},\"thumbnailUrl\":\"https:\\\/\\\/www.sinchisinchi.com\\\/wp-content\\\/uploads\\\/2024\\\/04\\\/ceniza.png\",\"datePublished\":\"2024-04-11T13:42:09+00:00\",\"dateModified\":\"2024-07-05T07:48:07+00:00\",\"breadcrumb\":{\"@id\":\"https:\\\/\\\/www.sinchisinchi.com\\\/it\\\/producto\\\/samauma-ash\\\/#breadcrumb\"},\"inLanguage\":\"it-IT\",\"potentialAction\":[{\"@type\":\"ReadAction\",\"target\":[\"https:\\\/\\\/www.sinchisinchi.com\\\/it\\\/producto\\\/samauma-ash\\\/\"]}]},{\"@type\":\"ImageObject\",\"inLanguage\":\"it-IT\",\"@id\":\"https:\\\/\\\/www.sinchisinchi.com\\\/it\\\/producto\\\/samauma-ash\\\/#primaryimage\",\"url\":\"https:\\\/\\\/www.sinchisinchi.com\\\/wp-content\\\/uploads\\\/2024\\\/04\\\/ceniza.png\",\"contentUrl\":\"https:\\\/\\\/www.sinchisinchi.com\\\/wp-content\\\/uploads\\\/2024\\\/04\\\/ceniza.png\",\"width\":600,\"height\":600},{\"@type\":\"BreadcrumbList\",\"@id\":\"https:\\\/\\\/www.sinchisinchi.com\\\/it\\\/producto\\\/samauma-ash\\\/#breadcrumb\",\"itemListElement\":[{\"@type\":\"ListItem\",\"position\":1,\"name\":\"Prima pagina\",\"item\":\"https:\\\/\\\/www.sinchisinchi.com\\\/it\\\/\"},{\"@type\":\"ListItem\",\"position\":2,\"name\":\"Prodotti\",\"item\":\"https:\\\/\\\/www.sinchisinchi.com\\\/it\\\/shop\\\/\"},{\"@type\":\"ListItem\",\"position\":3,\"name\":\"Samauma Ash\"}]},{\"@type\":\"WebSite\",\"@id\":\"https:\\\/\\\/www.sinchisinchi.com\\\/it\\\/#website\",\"url\":\"https:\\\/\\\/www.sinchisinchi.com\\\/it\\\/\",\"name\":\"SINCHI\",\"description\":\"Sinchi Medicine\",\"publisher\":{\"@id\":\"https:\\\/\\\/www.sinchisinchi.com\\\/it\\\/#organization\"},\"potentialAction\":[{\"@type\":\"SearchAction\",\"target\":{\"@type\":\"EntryPoint\",\"urlTemplate\":\"https:\\\/\\\/www.sinchisinchi.com\\\/it\\\/?s={search_term_string}\"},\"query-input\":{\"@type\":\"PropertyValueSpecification\",\"valueRequired\":true,\"valueName\":\"search_term_string\"}}],\"inLanguage\":\"it-IT\"},{\"@type\":\"Organization\",\"@id\":\"https:\\\/\\\/www.sinchisinchi.com\\\/it\\\/#organization\",\"name\":\"SINCHI S.L\",\"url\":\"https:\\\/\\\/www.sinchisinchi.com\\\/it\\\/\",\"logo\":{\"@type\":\"ImageObject\",\"inLanguage\":\"it-IT\",\"@id\":\"https:\\\/\\\/www.sinchisinchi.com\\\/it\\\/#\\\/schema\\\/logo\\\/image\\\/\",\"url\":\"https:\\\/\\\/www.sinchisinchi.com\\\/wp-content\\\/uploads\\\/2026\\\/01\\\/3b-Verde-SIMPLIFICADO-HORIZONTAL-F-TRANSPARENTE-scaled.png\",\"contentUrl\":\"https:\\\/\\\/www.sinchisinchi.com\\\/wp-content\\\/uploads\\\/2026\\\/01\\\/3b-Verde-SIMPLIFICADO-HORIZONTAL-F-TRANSPARENTE-scaled.png\",\"width\":2560,\"height\":457,\"caption\":\"SINCHI S.L\"},\"image\":{\"@id\":\"https:\\\/\\\/www.sinchisinchi.com\\\/it\\\/#\\\/schema\\\/logo\\\/image\\\/\"},\"sameAs\":[\"https:\\\/\\\/www.facebook.com\\\/sinchirape\\\/\",\"https:\\\/\\\/www.instagram.com\\\/sinchi_rape\\\/\"]}]}<\/script>\n<!-- \/ Yoast SEO plugin. -->","yoast_head_json":{"title":"Acquista Samauma Ash: negozio sciamanico online","robots":{"index":"index","follow":"follow","max-snippet":"max-snippet:-1","max-image-preview":"max-image-preview:large","max-video-preview":"max-video-preview:-1"},"canonical":"https:\/\/www.sinchisinchi.com\/it\/producto\/samauma-ash\/","og_locale":"it_IT","og_type":"article","og_title":"Acquista Samauma Ash: negozio sciamanico online","og_description":"Le trib\u00f9 native dell'Amazzonia usano le ceneri per fare il tabacco da fiuto. La cenere \u00e8 una parte molto importante della miscela. Alcalinizza, neutralizzando l'acidit\u00e0. La cenere \u00e8 ricavata dalla corteccia dell'albero Sama\u00fama, che viene ridotta in cenere, quindi setacciata e macinata fino a ottenere una polvere fine. Questa cenere in polvere viene aggiunta al Mapacho e ad altre piante per produrre tabacco da fiuto. &nbsp; Formato: 10 ml","og_url":"https:\/\/www.sinchisinchi.com\/it\/producto\/samauma-ash\/","og_site_name":"SINCHI RAP\u00c9","article_publisher":"https:\/\/www.facebook.com\/sinchirape\/","article_modified_time":"2024-07-05T07:48:07+00:00","og_image":[{"width":600,"height":600,"url":"https:\/\/www.sinchisinchi.com\/wp-content\/uploads\/2024\/04\/ceniza.png","type":"image\/png"}],"twitter_card":"summary_large_image","twitter_misc":{"Tempo di lettura stimato":"1 minuto"},"schema":{"@context":"https:\/\/schema.org","@graph":[{"@type":"WebPage","@id":"https:\/\/www.sinchisinchi.com\/it\/producto\/samauma-ash\/","url":"https:\/\/www.sinchisinchi.com\/it\/producto\/samauma-ash\/","name":"Acquista Samauma Ash: negozio sciamanico online","isPartOf":{"@id":"https:\/\/www.sinchisinchi.com\/it\/#website"},"primaryImageOfPage":{"@id":"https:\/\/www.sinchisinchi.com\/it\/producto\/samauma-ash\/#primaryimage"},"image":{"@id":"https:\/\/www.sinchisinchi.com\/it\/producto\/samauma-ash\/#primaryimage"},"thumbnailUrl":"https:\/\/www.sinchisinchi.com\/wp-content\/uploads\/2024\/04\/ceniza.png","datePublished":"2024-04-11T13:42:09+00:00","dateModified":"2024-07-05T07:48:07+00:00","breadcrumb":{"@id":"https:\/\/www.sinchisinchi.com\/it\/producto\/samauma-ash\/#breadcrumb"},"inLanguage":"it-IT","potentialAction":[{"@type":"ReadAction","target":["https:\/\/www.sinchisinchi.com\/it\/producto\/samauma-ash\/"]}]},{"@type":"ImageObject","inLanguage":"it-IT","@id":"https:\/\/www.sinchisinchi.com\/it\/producto\/samauma-ash\/#primaryimage","url":"https:\/\/www.sinchisinchi.com\/wp-content\/uploads\/2024\/04\/ceniza.png","contentUrl":"https:\/\/www.sinchisinchi.com\/wp-content\/uploads\/2024\/04\/ceniza.png","width":600,"height":600},{"@type":"BreadcrumbList","@id":"https:\/\/www.sinchisinchi.com\/it\/producto\/samauma-ash\/#breadcrumb","itemListElement":[{"@type":"ListItem","position":1,"name":"Prima pagina","item":"https:\/\/www.sinchisinchi.com\/it\/"},{"@type":"ListItem","position":2,"name":"Prodotti","item":"https:\/\/www.sinchisinchi.com\/it\/shop\/"},{"@type":"ListItem","position":3,"name":"Samauma Ash"}]},{"@type":"WebSite","@id":"https:\/\/www.sinchisinchi.com\/it\/#website","url":"https:\/\/www.sinchisinchi.com\/it\/","name":"SINCHI","description":"Sinchi Medicine","publisher":{"@id":"https:\/\/www.sinchisinchi.com\/it\/#organization"},"potentialAction":[{"@type":"SearchAction","target":{"@type":"EntryPoint","urlTemplate":"https:\/\/www.sinchisinchi.com\/it\/?s={search_term_string}"},"query-input":{"@type":"PropertyValueSpecification","valueRequired":true,"valueName":"search_term_string"}}],"inLanguage":"it-IT"},{"@type":"Organization","@id":"https:\/\/www.sinchisinchi.com\/it\/#organization","name":"SINCHI S.L","url":"https:\/\/www.sinchisinchi.com\/it\/","logo":{"@type":"ImageObject","inLanguage":"it-IT","@id":"https:\/\/www.sinchisinchi.com\/it\/#\/schema\/logo\/image\/","url":"https:\/\/www.sinchisinchi.com\/wp-content\/uploads\/2026\/01\/3b-Verde-SIMPLIFICADO-HORIZONTAL-F-TRANSPARENTE-scaled.png","contentUrl":"https:\/\/www.sinchisinchi.com\/wp-content\/uploads\/2026\/01\/3b-Verde-SIMPLIFICADO-HORIZONTAL-F-TRANSPARENTE-scaled.png","width":2560,"height":457,"caption":"SINCHI S.L"},"image":{"@id":"https:\/\/www.sinchisinchi.com\/it\/#\/schema\/logo\/image\/"},"sameAs":["https:\/\/www.facebook.com\/sinchirape\/","https:\/\/www.instagram.com\/sinchi_rape\/"]}]}},"_links":{"self":[{"href":"https:\/\/www.sinchisinchi.com\/it\/wp-json\/wp\/v2\/product\/13001","targetHints":{"allow":["GET"]}}],"collection":[{"href":"https:\/\/www.sinchisinchi.com\/it\/wp-json\/wp\/v2\/product"}],"about":[{"href":"https:\/\/www.sinchisinchi.com\/it\/wp-json\/wp\/v2\/types\/product"}],"wp:featuredmedia":[{"embeddable":true,"href":"https:\/\/www.sinchisinchi.com\/it\/wp-json\/wp\/v2\/media\/15823"}],"wp:attachment":[{"href":"https:\/\/www.sinchisinchi.com\/it\/wp-json\/wp\/v2\/media?parent=13001"}],"wp:term":[{"taxonomy":"product_brand","embeddable":true,"href":"https:\/\/www.sinchisinchi.com\/it\/wp-json\/wp\/v2\/product_brand?post=13001"},{"taxonomy":"product_cat","embeddable":true,"href":"https:\/\/www.sinchisinchi.com\/it\/wp-json\/wp\/v2\/product_cat?post=13001"},{"taxonomy":"product_tag","embeddable":true,"href":"https:\/\/www.sinchisinchi.com\/it\/wp-json\/wp\/v2\/product_tag?post=13001"}],"curies":[{"name":"wp","href":"https:\/\/api.w.org\/{rel}","templated":true}]}}