{"id":13318,"date":"2024-04-21T17:57:32","date_gmt":"2024-04-21T17:57:32","guid":{"rendered":"https:\/\/www.sinchisinchi.com\/producto\/resina-jatoba\/"},"modified":"2024-04-21T17:57:32","modified_gmt":"2024-04-21T17:57:32","slug":"resina-jatoba","status":"publish","type":"product","link":"https:\/\/www.sinchisinchi.com\/it\/producto\/resina-jatoba\/","title":{"rendered":"Resina Jatoba"},"content":{"rendered":"","protected":false},"excerpt":{"rendered":"<p><span style=\"color: #000000;\">L&#8217;albero Jatob\u00e1 \u00e8 molto apprezzato per la sua resina, conosciuta come jutaicica, che ha potenti propriet\u00e0 medicinali e spirituali.<\/span><\/p>\n<p><span style=\"color: #000000;\">Nei rituali sciamanici viene utilizzato nei bruciatori di incenso ed \u00e8 considerato un potente tonificante mentale. Grazie alle sue propriet\u00e0, viene ampiamente utilizzato anche nelle sessioni di meditazione, yoga e altre attivit\u00e0 simili.<\/span><\/p>\n<p><span style=\"color: #000000;\">Lo Jatob\u00e1 (Hymenaea courbaril L.) \u00e8 un grande albero, che raggiunge i 40 metri di altezza, con un tronco di quasi un metro di diametro, originario del Medio Oriente e della Penisola Arabica.<\/span><\/p>\n<p><span style=\"color: #000000;\">Vengono utilizzate varie parti dell&#8217;albero, come corteccia, linfa, resina, frutti e foglie. Alcuni gruppi indigeni dell&#8217;Amazzonia usano il suo legno per costruire canoe.<\/span><\/p>\n<p><span style=\"color: #000000;\">\u00c8 anche fonte di cibo ed \u00e8 menzionata tra le specie da frutto, per lo straordinario valore nutritivo della polpa edule che circonda i semi.<\/span><\/p>\n<p><span style=\"color: #000000;\">Il suo legno \u00e8 di ottima qualit\u00e0, duro e pesante.<\/span><\/p>\n<p><span style=\"color: #000000;\">La sua linfa appena estratta \u00e8 color vino e viene utilizzata nella medicina tradizionale per trattare una moltitudine di condizioni.<\/span><\/p>\n<p><span style=\"color: #000000;\">Gli abbondanti fiori di Jatob\u00e1 attirano molto le api Jata\u00ed, che producono un miele particolarmente adatto a combattere i problemi respiratori.<\/span><\/p>\n<p><span style=\"color: #000000;\">La bevanda jutaica viene preparata mescolando i granelli di resina in acqua e poi bevendola in un rituale di purificazione.<\/span><\/p>\n<p>&nbsp;<\/p>\n<p><span style=\"color: #000000;\"><strong>Nome scientifico:<\/strong> Hymenaea courbaril L.<\/span><\/p>\n<p><span style=\"color: #000000;\"><strong>Origine:<\/strong> Brasile.<\/span><\/p>\n<p><span style=\"color: #000000;\"><strong>Aroma:<\/strong> agrumi e rinfrescante.<\/span><\/p>\n","protected":false},"featured_media":13127,"template":"","meta":{"_joinchat":[]},"product_brand":[],"product_cat":[128],"product_tag":[],"class_list":{"0":"post-13318","1":"product","2":"type-product","3":"status-publish","4":"has-post-thumbnail","6":"product_cat-resins-it","8":"first","9":"instock","10":"taxable","11":"shipping-taxable","12":"product-type-simple"},"yoast_head":"<!-- This site is optimized with the Yoast SEO plugin v27.4 - https:\/\/yoast.com\/product\/yoast-seo-wordpress\/ -->\n<title>Resina Jatob\u00e1: Sinchi, Negozio Sciamanico Online<\/title>\n<meta name=\"description\" content=\"L&#039;albero Jatob\u00e1 \u00e8 molto apprezzato per la sua resina, conosciuta come jutaicica, che ha potenti propriet\u00e0 medicinali e spirituali.\" \/>\n<meta name=\"robots\" content=\"index, follow, max-snippet:-1, max-image-preview:large, max-video-preview:-1\" \/>\n<link rel=\"canonical\" href=\"https:\/\/www.sinchisinchi.com\/it\/producto\/resina-jatoba\/\" \/>\n<meta property=\"og:locale\" content=\"it_IT\" \/>\n<meta property=\"og:type\" content=\"article\" \/>\n<meta property=\"og:title\" content=\"Resina Jatob\u00e1: Sinchi, Negozio Sciamanico Online\" \/>\n<meta property=\"og:description\" content=\"L&#039;albero Jatob\u00e1 \u00e8 molto apprezzato per la sua resina, conosciuta come jutaicica, che ha potenti propriet\u00e0 medicinali e spirituali.\" \/>\n<meta property=\"og:url\" content=\"https:\/\/www.sinchisinchi.com\/it\/producto\/resina-jatoba\/\" \/>\n<meta property=\"og:site_name\" content=\"SINCHI RAP\u00c9\" \/>\n<meta property=\"article:publisher\" content=\"https:\/\/www.facebook.com\/sinchirape\/\" \/>\n<meta property=\"og:image\" content=\"https:\/\/www.sinchisinchi.com\/wp-content\/uploads\/2024\/04\/Mukani-Resina-Jatoba.jpeg\" \/>\n\t<meta property=\"og:image:width\" content=\"420\" \/>\n\t<meta property=\"og:image:height\" content=\"545\" \/>\n\t<meta property=\"og:image:type\" content=\"image\/jpeg\" \/>\n<meta name=\"twitter:card\" content=\"summary_large_image\" \/>\n<script type=\"application\/ld+json\" class=\"yoast-schema-graph\">{\"@context\":\"https:\\\/\\\/schema.org\",\"@graph\":[{\"@type\":\"WebPage\",\"@id\":\"https:\\\/\\\/www.sinchisinchi.com\\\/it\\\/producto\\\/resina-jatoba\\\/\",\"url\":\"https:\\\/\\\/www.sinchisinchi.com\\\/it\\\/producto\\\/resina-jatoba\\\/\",\"name\":\"Resina Jatob\u00e1: Sinchi, Negozio Sciamanico Online\",\"isPartOf\":{\"@id\":\"https:\\\/\\\/www.sinchisinchi.com\\\/it\\\/#website\"},\"primaryImageOfPage\":{\"@id\":\"https:\\\/\\\/www.sinchisinchi.com\\\/it\\\/producto\\\/resina-jatoba\\\/#primaryimage\"},\"image\":{\"@id\":\"https:\\\/\\\/www.sinchisinchi.com\\\/it\\\/producto\\\/resina-jatoba\\\/#primaryimage\"},\"thumbnailUrl\":\"https:\\\/\\\/www.sinchisinchi.com\\\/wp-content\\\/uploads\\\/2024\\\/04\\\/Mukani-Resina-Jatoba.jpeg\",\"datePublished\":\"2024-04-21T17:57:32+00:00\",\"description\":\"L'albero Jatob\u00e1 \u00e8 molto apprezzato per la sua resina, conosciuta come jutaicica, che ha potenti propriet\u00e0 medicinali e spirituali.\",\"breadcrumb\":{\"@id\":\"https:\\\/\\\/www.sinchisinchi.com\\\/it\\\/producto\\\/resina-jatoba\\\/#breadcrumb\"},\"inLanguage\":\"it-IT\",\"potentialAction\":[{\"@type\":\"ReadAction\",\"target\":[\"https:\\\/\\\/www.sinchisinchi.com\\\/it\\\/producto\\\/resina-jatoba\\\/\"]}]},{\"@type\":\"ImageObject\",\"inLanguage\":\"it-IT\",\"@id\":\"https:\\\/\\\/www.sinchisinchi.com\\\/it\\\/producto\\\/resina-jatoba\\\/#primaryimage\",\"url\":\"https:\\\/\\\/www.sinchisinchi.com\\\/wp-content\\\/uploads\\\/2024\\\/04\\\/Mukani-Resina-Jatoba.jpeg\",\"contentUrl\":\"https:\\\/\\\/www.sinchisinchi.com\\\/wp-content\\\/uploads\\\/2024\\\/04\\\/Mukani-Resina-Jatoba.jpeg\",\"width\":420,\"height\":545},{\"@type\":\"BreadcrumbList\",\"@id\":\"https:\\\/\\\/www.sinchisinchi.com\\\/it\\\/producto\\\/resina-jatoba\\\/#breadcrumb\",\"itemListElement\":[{\"@type\":\"ListItem\",\"position\":1,\"name\":\"Prima pagina\",\"item\":\"https:\\\/\\\/www.sinchisinchi.com\\\/it\\\/\"},{\"@type\":\"ListItem\",\"position\":2,\"name\":\"Prodotti\",\"item\":\"https:\\\/\\\/www.sinchisinchi.com\\\/it\\\/shop\\\/\"},{\"@type\":\"ListItem\",\"position\":3,\"name\":\"Resina Jatoba\"}]},{\"@type\":\"WebSite\",\"@id\":\"https:\\\/\\\/www.sinchisinchi.com\\\/it\\\/#website\",\"url\":\"https:\\\/\\\/www.sinchisinchi.com\\\/it\\\/\",\"name\":\"SINCHI\",\"description\":\"Sinchi Medicine\",\"publisher\":{\"@id\":\"https:\\\/\\\/www.sinchisinchi.com\\\/it\\\/#organization\"},\"potentialAction\":[{\"@type\":\"SearchAction\",\"target\":{\"@type\":\"EntryPoint\",\"urlTemplate\":\"https:\\\/\\\/www.sinchisinchi.com\\\/it\\\/?s={search_term_string}\"},\"query-input\":{\"@type\":\"PropertyValueSpecification\",\"valueRequired\":true,\"valueName\":\"search_term_string\"}}],\"inLanguage\":\"it-IT\"},{\"@type\":\"Organization\",\"@id\":\"https:\\\/\\\/www.sinchisinchi.com\\\/it\\\/#organization\",\"name\":\"SINCHI S.L\",\"url\":\"https:\\\/\\\/www.sinchisinchi.com\\\/it\\\/\",\"logo\":{\"@type\":\"ImageObject\",\"inLanguage\":\"it-IT\",\"@id\":\"https:\\\/\\\/www.sinchisinchi.com\\\/it\\\/#\\\/schema\\\/logo\\\/image\\\/\",\"url\":\"https:\\\/\\\/www.sinchisinchi.com\\\/wp-content\\\/uploads\\\/2026\\\/01\\\/3b-Verde-SIMPLIFICADO-HORIZONTAL-F-TRANSPARENTE-scaled.png\",\"contentUrl\":\"https:\\\/\\\/www.sinchisinchi.com\\\/wp-content\\\/uploads\\\/2026\\\/01\\\/3b-Verde-SIMPLIFICADO-HORIZONTAL-F-TRANSPARENTE-scaled.png\",\"width\":2560,\"height\":457,\"caption\":\"SINCHI S.L\"},\"image\":{\"@id\":\"https:\\\/\\\/www.sinchisinchi.com\\\/it\\\/#\\\/schema\\\/logo\\\/image\\\/\"},\"sameAs\":[\"https:\\\/\\\/www.facebook.com\\\/sinchirape\\\/\",\"https:\\\/\\\/www.instagram.com\\\/sinchi_rape\\\/\"]}]}<\/script>\n<!-- \/ Yoast SEO plugin. -->","yoast_head_json":{"title":"Resina Jatob\u00e1: Sinchi, Negozio Sciamanico Online","description":"L'albero Jatob\u00e1 \u00e8 molto apprezzato per la sua resina, conosciuta come jutaicica, che ha potenti propriet\u00e0 medicinali e spirituali.","robots":{"index":"index","follow":"follow","max-snippet":"max-snippet:-1","max-image-preview":"max-image-preview:large","max-video-preview":"max-video-preview:-1"},"canonical":"https:\/\/www.sinchisinchi.com\/it\/producto\/resina-jatoba\/","og_locale":"it_IT","og_type":"article","og_title":"Resina Jatob\u00e1: Sinchi, Negozio Sciamanico Online","og_description":"L'albero Jatob\u00e1 \u00e8 molto apprezzato per la sua resina, conosciuta come jutaicica, che ha potenti propriet\u00e0 medicinali e spirituali.","og_url":"https:\/\/www.sinchisinchi.com\/it\/producto\/resina-jatoba\/","og_site_name":"SINCHI RAP\u00c9","article_publisher":"https:\/\/www.facebook.com\/sinchirape\/","og_image":[{"width":420,"height":545,"url":"https:\/\/www.sinchisinchi.com\/wp-content\/uploads\/2024\/04\/Mukani-Resina-Jatoba.jpeg","type":"image\/jpeg"}],"twitter_card":"summary_large_image","schema":{"@context":"https:\/\/schema.org","@graph":[{"@type":"WebPage","@id":"https:\/\/www.sinchisinchi.com\/it\/producto\/resina-jatoba\/","url":"https:\/\/www.sinchisinchi.com\/it\/producto\/resina-jatoba\/","name":"Resina Jatob\u00e1: Sinchi, Negozio Sciamanico Online","isPartOf":{"@id":"https:\/\/www.sinchisinchi.com\/it\/#website"},"primaryImageOfPage":{"@id":"https:\/\/www.sinchisinchi.com\/it\/producto\/resina-jatoba\/#primaryimage"},"image":{"@id":"https:\/\/www.sinchisinchi.com\/it\/producto\/resina-jatoba\/#primaryimage"},"thumbnailUrl":"https:\/\/www.sinchisinchi.com\/wp-content\/uploads\/2024\/04\/Mukani-Resina-Jatoba.jpeg","datePublished":"2024-04-21T17:57:32+00:00","description":"L'albero Jatob\u00e1 \u00e8 molto apprezzato per la sua resina, conosciuta come jutaicica, che ha potenti propriet\u00e0 medicinali e spirituali.","breadcrumb":{"@id":"https:\/\/www.sinchisinchi.com\/it\/producto\/resina-jatoba\/#breadcrumb"},"inLanguage":"it-IT","potentialAction":[{"@type":"ReadAction","target":["https:\/\/www.sinchisinchi.com\/it\/producto\/resina-jatoba\/"]}]},{"@type":"ImageObject","inLanguage":"it-IT","@id":"https:\/\/www.sinchisinchi.com\/it\/producto\/resina-jatoba\/#primaryimage","url":"https:\/\/www.sinchisinchi.com\/wp-content\/uploads\/2024\/04\/Mukani-Resina-Jatoba.jpeg","contentUrl":"https:\/\/www.sinchisinchi.com\/wp-content\/uploads\/2024\/04\/Mukani-Resina-Jatoba.jpeg","width":420,"height":545},{"@type":"BreadcrumbList","@id":"https:\/\/www.sinchisinchi.com\/it\/producto\/resina-jatoba\/#breadcrumb","itemListElement":[{"@type":"ListItem","position":1,"name":"Prima pagina","item":"https:\/\/www.sinchisinchi.com\/it\/"},{"@type":"ListItem","position":2,"name":"Prodotti","item":"https:\/\/www.sinchisinchi.com\/it\/shop\/"},{"@type":"ListItem","position":3,"name":"Resina Jatoba"}]},{"@type":"WebSite","@id":"https:\/\/www.sinchisinchi.com\/it\/#website","url":"https:\/\/www.sinchisinchi.com\/it\/","name":"SINCHI","description":"Sinchi Medicine","publisher":{"@id":"https:\/\/www.sinchisinchi.com\/it\/#organization"},"potentialAction":[{"@type":"SearchAction","target":{"@type":"EntryPoint","urlTemplate":"https:\/\/www.sinchisinchi.com\/it\/?s={search_term_string}"},"query-input":{"@type":"PropertyValueSpecification","valueRequired":true,"valueName":"search_term_string"}}],"inLanguage":"it-IT"},{"@type":"Organization","@id":"https:\/\/www.sinchisinchi.com\/it\/#organization","name":"SINCHI S.L","url":"https:\/\/www.sinchisinchi.com\/it\/","logo":{"@type":"ImageObject","inLanguage":"it-IT","@id":"https:\/\/www.sinchisinchi.com\/it\/#\/schema\/logo\/image\/","url":"https:\/\/www.sinchisinchi.com\/wp-content\/uploads\/2026\/01\/3b-Verde-SIMPLIFICADO-HORIZONTAL-F-TRANSPARENTE-scaled.png","contentUrl":"https:\/\/www.sinchisinchi.com\/wp-content\/uploads\/2026\/01\/3b-Verde-SIMPLIFICADO-HORIZONTAL-F-TRANSPARENTE-scaled.png","width":2560,"height":457,"caption":"SINCHI S.L"},"image":{"@id":"https:\/\/www.sinchisinchi.com\/it\/#\/schema\/logo\/image\/"},"sameAs":["https:\/\/www.facebook.com\/sinchirape\/","https:\/\/www.instagram.com\/sinchi_rape\/"]}]}},"_links":{"self":[{"href":"https:\/\/www.sinchisinchi.com\/it\/wp-json\/wp\/v2\/product\/13318","targetHints":{"allow":["GET"]}}],"collection":[{"href":"https:\/\/www.sinchisinchi.com\/it\/wp-json\/wp\/v2\/product"}],"about":[{"href":"https:\/\/www.sinchisinchi.com\/it\/wp-json\/wp\/v2\/types\/product"}],"wp:featuredmedia":[{"embeddable":true,"href":"https:\/\/www.sinchisinchi.com\/it\/wp-json\/wp\/v2\/media\/13127"}],"wp:attachment":[{"href":"https:\/\/www.sinchisinchi.com\/it\/wp-json\/wp\/v2\/media?parent=13318"}],"wp:term":[{"taxonomy":"product_brand","embeddable":true,"href":"https:\/\/www.sinchisinchi.com\/it\/wp-json\/wp\/v2\/product_brand?post=13318"},{"taxonomy":"product_cat","embeddable":true,"href":"https:\/\/www.sinchisinchi.com\/it\/wp-json\/wp\/v2\/product_cat?post=13318"},{"taxonomy":"product_tag","embeddable":true,"href":"https:\/\/www.sinchisinchi.com\/it\/wp-json\/wp\/v2\/product_tag?post=13318"}],"curies":[{"name":"wp","href":"https:\/\/api.w.org\/{rel}","templated":true}]}}