{"id":13328,"date":"2024-04-21T17:33:27","date_gmt":"2024-04-21T17:33:27","guid":{"rendered":"https:\/\/www.sinchisinchi.com\/producto\/sepa-yawanawa\/"},"modified":"2024-04-21T17:33:27","modified_gmt":"2024-04-21T17:33:27","slug":"sepa-yawanawa","status":"publish","type":"product","link":"https:\/\/www.sinchisinchi.com\/it\/producto\/sepa-yawanawa\/","title":{"rendered":"Sep\u00e1 Yawanaw\u00e1"},"content":{"rendered":"","protected":false},"excerpt":{"rendered":"<p>Il Sep\u00e1 \u00e8 una resina dall&#8217;aroma rinfrescante tipica degli Yawanawa, che la estraggono da un albero chiamato \u201cVixu\u201d.<\/p>\n<p>Nella tradizione Yawanaw\u00e1, il sep\u00e1 \u00e8 un profumo naturale utilizzato nei rituali spirituali e nei lavori di guarigione; \u00c8 considerata una resina curativa ed \u00e8 solitamente presente nelle case di tutti gli Yawanaw\u00e1.<\/p>\n<p>Gli Yawanaw\u00e1 preparano anche una pasta di annatto con resina sep\u00e1 per i loro colori rossi per il corpo, cos\u00ec come coloranti neri con genipapa e carbone.<\/p>\n<p>Utilizzato nei bruciatori di incenso, purifica oggetti, persone e spazi. Aiuta a proteggere dalle energie negative e dalle influenze esterne. \u00c8 comune che le persone che praticano rituali con la resina Sep\u00e1 portino con s\u00e9 piccoli pezzi di resina o li tengano nelle loro case come amuleto.<\/p>\n<p>Una volta raccolto ha una consistenza appiccicosa e va maneggiato con l&#8217;aiuto di un pezzo di legno o di una pinza metallica; Solidifica a contatto con l&#8217;aria.<\/p>\n<p>&nbsp;<\/p>\n<p><strong>Origine:<\/strong> Brasile.<\/p>\n<p><strong>Aroma:<\/strong> morbido e rinfrescante.<\/p>\n<p>&nbsp;<\/p>\n","protected":false},"featured_media":0,"template":"","meta":{"_joinchat":[]},"product_brand":[],"product_cat":[128],"product_tag":[],"class_list":{"0":"post-13328","1":"product","2":"type-product","3":"status-publish","5":"product_cat-resins-it","7":"first","8":"instock","9":"taxable","10":"shipping-taxable","11":"product-type-simple"},"yoast_head":"<!-- This site is optimized with the Yoast SEO plugin v27.4 - https:\/\/yoast.com\/product\/yoast-seo-wordpress\/ -->\n<title>Resina Sep\u00e1: Sinchi, Negozio Sciamanico Online<\/title>\n<meta name=\"description\" content=\"Resina Sep\u00e1 dall&#039;aroma rinfrescante tipico degli Yawanawa, che la estraggono da un albero chiamato \u201cVixu\u201d. Purifica oggetti, persone e spazi.\" \/>\n<meta name=\"robots\" content=\"index, follow, max-snippet:-1, max-image-preview:large, max-video-preview:-1\" \/>\n<link rel=\"canonical\" href=\"https:\/\/www.sinchisinchi.com\/it\/producto\/sepa-yawanawa\/\" \/>\n<meta property=\"og:locale\" content=\"it_IT\" \/>\n<meta property=\"og:type\" content=\"article\" \/>\n<meta property=\"og:title\" content=\"Resina Sep\u00e1: Sinchi, Negozio Sciamanico Online\" \/>\n<meta property=\"og:description\" content=\"Resina Sep\u00e1 dall&#039;aroma rinfrescante tipico degli Yawanawa, che la estraggono da un albero chiamato \u201cVixu\u201d. Purifica oggetti, persone e spazi.\" \/>\n<meta property=\"og:url\" content=\"https:\/\/www.sinchisinchi.com\/it\/producto\/sepa-yawanawa\/\" \/>\n<meta property=\"og:site_name\" content=\"SINCHI RAP\u00c9\" \/>\n<meta property=\"article:publisher\" content=\"https:\/\/www.facebook.com\/sinchirape\/\" \/>\n<meta name=\"twitter:card\" content=\"summary_large_image\" \/>\n<script type=\"application\/ld+json\" class=\"yoast-schema-graph\">{\"@context\":\"https:\\\/\\\/schema.org\",\"@graph\":[{\"@type\":\"WebPage\",\"@id\":\"https:\\\/\\\/www.sinchisinchi.com\\\/it\\\/producto\\\/sepa-yawanawa\\\/\",\"url\":\"https:\\\/\\\/www.sinchisinchi.com\\\/it\\\/producto\\\/sepa-yawanawa\\\/\",\"name\":\"Resina Sep\u00e1: Sinchi, Negozio Sciamanico Online\",\"isPartOf\":{\"@id\":\"https:\\\/\\\/www.sinchisinchi.com\\\/it\\\/#website\"},\"datePublished\":\"2024-04-21T17:33:27+00:00\",\"description\":\"Resina Sep\u00e1 dall'aroma rinfrescante tipico degli Yawanawa, che la estraggono da un albero chiamato \u201cVixu\u201d. Purifica oggetti, persone e spazi.\",\"breadcrumb\":{\"@id\":\"https:\\\/\\\/www.sinchisinchi.com\\\/it\\\/producto\\\/sepa-yawanawa\\\/#breadcrumb\"},\"inLanguage\":\"it-IT\",\"potentialAction\":[{\"@type\":\"ReadAction\",\"target\":[\"https:\\\/\\\/www.sinchisinchi.com\\\/it\\\/producto\\\/sepa-yawanawa\\\/\"]}]},{\"@type\":\"BreadcrumbList\",\"@id\":\"https:\\\/\\\/www.sinchisinchi.com\\\/it\\\/producto\\\/sepa-yawanawa\\\/#breadcrumb\",\"itemListElement\":[{\"@type\":\"ListItem\",\"position\":1,\"name\":\"Prima pagina\",\"item\":\"https:\\\/\\\/www.sinchisinchi.com\\\/it\\\/\"},{\"@type\":\"ListItem\",\"position\":2,\"name\":\"Prodotti\",\"item\":\"https:\\\/\\\/www.sinchisinchi.com\\\/it\\\/shop\\\/\"},{\"@type\":\"ListItem\",\"position\":3,\"name\":\"Sep\u00e1 Yawanaw\u00e1\"}]},{\"@type\":\"WebSite\",\"@id\":\"https:\\\/\\\/www.sinchisinchi.com\\\/it\\\/#website\",\"url\":\"https:\\\/\\\/www.sinchisinchi.com\\\/it\\\/\",\"name\":\"SINCHI\",\"description\":\"Sinchi Medicine\",\"publisher\":{\"@id\":\"https:\\\/\\\/www.sinchisinchi.com\\\/it\\\/#organization\"},\"potentialAction\":[{\"@type\":\"SearchAction\",\"target\":{\"@type\":\"EntryPoint\",\"urlTemplate\":\"https:\\\/\\\/www.sinchisinchi.com\\\/it\\\/?s={search_term_string}\"},\"query-input\":{\"@type\":\"PropertyValueSpecification\",\"valueRequired\":true,\"valueName\":\"search_term_string\"}}],\"inLanguage\":\"it-IT\"},{\"@type\":\"Organization\",\"@id\":\"https:\\\/\\\/www.sinchisinchi.com\\\/it\\\/#organization\",\"name\":\"SINCHI S.L\",\"url\":\"https:\\\/\\\/www.sinchisinchi.com\\\/it\\\/\",\"logo\":{\"@type\":\"ImageObject\",\"inLanguage\":\"it-IT\",\"@id\":\"https:\\\/\\\/www.sinchisinchi.com\\\/it\\\/#\\\/schema\\\/logo\\\/image\\\/\",\"url\":\"https:\\\/\\\/www.sinchisinchi.com\\\/wp-content\\\/uploads\\\/2026\\\/01\\\/3b-Verde-SIMPLIFICADO-HORIZONTAL-F-TRANSPARENTE-scaled.png\",\"contentUrl\":\"https:\\\/\\\/www.sinchisinchi.com\\\/wp-content\\\/uploads\\\/2026\\\/01\\\/3b-Verde-SIMPLIFICADO-HORIZONTAL-F-TRANSPARENTE-scaled.png\",\"width\":2560,\"height\":457,\"caption\":\"SINCHI S.L\"},\"image\":{\"@id\":\"https:\\\/\\\/www.sinchisinchi.com\\\/it\\\/#\\\/schema\\\/logo\\\/image\\\/\"},\"sameAs\":[\"https:\\\/\\\/www.facebook.com\\\/sinchirape\\\/\",\"https:\\\/\\\/www.instagram.com\\\/sinchi_rape\\\/\"]}]}<\/script>\n<!-- \/ Yoast SEO plugin. -->","yoast_head_json":{"title":"Resina Sep\u00e1: Sinchi, Negozio Sciamanico Online","description":"Resina Sep\u00e1 dall'aroma rinfrescante tipico degli Yawanawa, che la estraggono da un albero chiamato \u201cVixu\u201d. Purifica oggetti, persone e spazi.","robots":{"index":"index","follow":"follow","max-snippet":"max-snippet:-1","max-image-preview":"max-image-preview:large","max-video-preview":"max-video-preview:-1"},"canonical":"https:\/\/www.sinchisinchi.com\/it\/producto\/sepa-yawanawa\/","og_locale":"it_IT","og_type":"article","og_title":"Resina Sep\u00e1: Sinchi, Negozio Sciamanico Online","og_description":"Resina Sep\u00e1 dall'aroma rinfrescante tipico degli Yawanawa, che la estraggono da un albero chiamato \u201cVixu\u201d. Purifica oggetti, persone e spazi.","og_url":"https:\/\/www.sinchisinchi.com\/it\/producto\/sepa-yawanawa\/","og_site_name":"SINCHI RAP\u00c9","article_publisher":"https:\/\/www.facebook.com\/sinchirape\/","twitter_card":"summary_large_image","schema":{"@context":"https:\/\/schema.org","@graph":[{"@type":"WebPage","@id":"https:\/\/www.sinchisinchi.com\/it\/producto\/sepa-yawanawa\/","url":"https:\/\/www.sinchisinchi.com\/it\/producto\/sepa-yawanawa\/","name":"Resina Sep\u00e1: Sinchi, Negozio Sciamanico Online","isPartOf":{"@id":"https:\/\/www.sinchisinchi.com\/it\/#website"},"datePublished":"2024-04-21T17:33:27+00:00","description":"Resina Sep\u00e1 dall'aroma rinfrescante tipico degli Yawanawa, che la estraggono da un albero chiamato \u201cVixu\u201d. Purifica oggetti, persone e spazi.","breadcrumb":{"@id":"https:\/\/www.sinchisinchi.com\/it\/producto\/sepa-yawanawa\/#breadcrumb"},"inLanguage":"it-IT","potentialAction":[{"@type":"ReadAction","target":["https:\/\/www.sinchisinchi.com\/it\/producto\/sepa-yawanawa\/"]}]},{"@type":"BreadcrumbList","@id":"https:\/\/www.sinchisinchi.com\/it\/producto\/sepa-yawanawa\/#breadcrumb","itemListElement":[{"@type":"ListItem","position":1,"name":"Prima pagina","item":"https:\/\/www.sinchisinchi.com\/it\/"},{"@type":"ListItem","position":2,"name":"Prodotti","item":"https:\/\/www.sinchisinchi.com\/it\/shop\/"},{"@type":"ListItem","position":3,"name":"Sep\u00e1 Yawanaw\u00e1"}]},{"@type":"WebSite","@id":"https:\/\/www.sinchisinchi.com\/it\/#website","url":"https:\/\/www.sinchisinchi.com\/it\/","name":"SINCHI","description":"Sinchi Medicine","publisher":{"@id":"https:\/\/www.sinchisinchi.com\/it\/#organization"},"potentialAction":[{"@type":"SearchAction","target":{"@type":"EntryPoint","urlTemplate":"https:\/\/www.sinchisinchi.com\/it\/?s={search_term_string}"},"query-input":{"@type":"PropertyValueSpecification","valueRequired":true,"valueName":"search_term_string"}}],"inLanguage":"it-IT"},{"@type":"Organization","@id":"https:\/\/www.sinchisinchi.com\/it\/#organization","name":"SINCHI S.L","url":"https:\/\/www.sinchisinchi.com\/it\/","logo":{"@type":"ImageObject","inLanguage":"it-IT","@id":"https:\/\/www.sinchisinchi.com\/it\/#\/schema\/logo\/image\/","url":"https:\/\/www.sinchisinchi.com\/wp-content\/uploads\/2026\/01\/3b-Verde-SIMPLIFICADO-HORIZONTAL-F-TRANSPARENTE-scaled.png","contentUrl":"https:\/\/www.sinchisinchi.com\/wp-content\/uploads\/2026\/01\/3b-Verde-SIMPLIFICADO-HORIZONTAL-F-TRANSPARENTE-scaled.png","width":2560,"height":457,"caption":"SINCHI S.L"},"image":{"@id":"https:\/\/www.sinchisinchi.com\/it\/#\/schema\/logo\/image\/"},"sameAs":["https:\/\/www.facebook.com\/sinchirape\/","https:\/\/www.instagram.com\/sinchi_rape\/"]}]}},"_links":{"self":[{"href":"https:\/\/www.sinchisinchi.com\/it\/wp-json\/wp\/v2\/product\/13328","targetHints":{"allow":["GET"]}}],"collection":[{"href":"https:\/\/www.sinchisinchi.com\/it\/wp-json\/wp\/v2\/product"}],"about":[{"href":"https:\/\/www.sinchisinchi.com\/it\/wp-json\/wp\/v2\/types\/product"}],"wp:attachment":[{"href":"https:\/\/www.sinchisinchi.com\/it\/wp-json\/wp\/v2\/media?parent=13328"}],"wp:term":[{"taxonomy":"product_brand","embeddable":true,"href":"https:\/\/www.sinchisinchi.com\/it\/wp-json\/wp\/v2\/product_brand?post=13328"},{"taxonomy":"product_cat","embeddable":true,"href":"https:\/\/www.sinchisinchi.com\/it\/wp-json\/wp\/v2\/product_cat?post=13328"},{"taxonomy":"product_tag","embeddable":true,"href":"https:\/\/www.sinchisinchi.com\/it\/wp-json\/wp\/v2\/product_tag?post=13328"}],"curies":[{"name":"wp","href":"https:\/\/api.w.org\/{rel}","templated":true}]}}