{"id":13333,"date":"2024-04-21T16:56:37","date_gmt":"2024-04-21T16:56:37","guid":{"rendered":"https:\/\/www.sinchisinchi.com\/producto\/sangue-di-drago-2\/"},"modified":"2024-07-05T07:42:28","modified_gmt":"2024-07-05T07:42:28","slug":"sangue-di-drago-2","status":"publish","type":"product","link":"https:\/\/www.sinchisinchi.com\/it\/producto\/sangue-di-drago-2\/","title":{"rendered":"Sangue di Drago"},"content":{"rendered":"","protected":false},"excerpt":{"rendered":"<p>La resina del sangue di Drago, di colore rosso vibrante, \u00e8 ottenuta da diverse specie vegetali chiamate Drago, di generi diversi come Croton, Dracaena, Daemonorops, Calamus rotang e Pterocarpus. Il suo nome \u00e8 dovuto al suo colore rosso scuro, e il suo profumo \u00e8 forte e speziato. La resina viene estratta dal tronco dell&#8217;albero o dai suoi rami quando \u00e8 ferito.<\/p>\n<p>Questa resina \u00e8 stata utilizzata fin dall&#8217;antichit\u00e0 dai romani, dai greci, dai cinesi, dagli indiani e dai popoli del Medio Oriente come vernice, colorante, incenso e medicinale. Mentre gli antichi romani confondevano la resina del sangue di drago con il minerale velenoso cinabro (solfuro di mercurio), i cinesi non distinguevano tra le diverse specie di sangue di drago.<\/p>\n<p>Nelle Isole Canarie, la resina del sangue di drago si ottiene dalla specie Dracaena draco. La resina del sangue di drago della specie Daemonorops veniva prodotta in Indonesia, conosciuta come jernang o djernang.<\/p>\n<p>Utilizzata come vernice per legno e violini, questa resina viene utilizzata anche nella medicina popolare per cicatrizzare le ferite, fermare le emorragie, come coagulante, per la diarrea, per le ulcere, \u00e8 battericida e tonifica il sangue.<\/p>\n<p>&nbsp;<\/p>\n<p><strong>Nome scientifico:<\/strong> Daemonorops Draco.<\/p>\n<p><strong>Origine:<\/strong> Indonesia.<\/p>\n<p><strong>Aroma:<\/strong> Forte e speziato.<\/p>\n","protected":false},"featured_media":15774,"template":"","meta":{"_joinchat":[]},"product_brand":[],"product_cat":[333,128],"product_tag":[],"class_list":{"0":"post-13333","1":"product","2":"type-product","3":"status-publish","4":"has-post-thumbnail","6":"product_cat-mirra-it","7":"product_cat-resins-it","9":"first","10":"outofstock","11":"taxable","12":"shipping-taxable","13":"product-type-simple"},"yoast_head":"<!-- This site is optimized with the Yoast SEO plugin v27.1.1 - https:\/\/yoast.com\/product\/yoast-seo-wordpress\/ -->\n<title>Resina del Sangue di Drago: Sinchi, negozio sciamanico online<\/title>\n<meta name=\"description\" content=\"La resina del sangue di drago, di colore rosso vivo, ha un aroma forte e speziato. Daemonorops Draco, dall&#039;Indonesia.\" \/>\n<meta name=\"robots\" content=\"index, follow, max-snippet:-1, max-image-preview:large, max-video-preview:-1\" \/>\n<link rel=\"canonical\" href=\"https:\/\/www.sinchisinchi.com\/it\/producto\/sangue-di-drago-2\/\" \/>\n<meta property=\"og:locale\" content=\"it_IT\" \/>\n<meta property=\"og:type\" content=\"article\" \/>\n<meta property=\"og:title\" content=\"Resina del Sangue di Drago: Sinchi, negozio sciamanico online\" \/>\n<meta property=\"og:description\" content=\"La resina del sangue di drago, di colore rosso vivo, ha un aroma forte e speziato. Daemonorops Draco, dall&#039;Indonesia.\" \/>\n<meta property=\"og:url\" content=\"https:\/\/www.sinchisinchi.com\/it\/producto\/sangue-di-drago-2\/\" \/>\n<meta property=\"og:site_name\" content=\"SINCHI RAP\u00c9\" \/>\n<meta property=\"article:publisher\" content=\"https:\/\/www.facebook.com\/sinchirape\/\" \/>\n<meta property=\"article:modified_time\" content=\"2024-07-05T07:42:28+00:00\" \/>\n<meta property=\"og:image\" content=\"https:\/\/www.sinchisinchi.com\/wp-content\/uploads\/2024\/04\/sangre-de-drago.png\" \/>\n\t<meta property=\"og:image:width\" content=\"600\" \/>\n\t<meta property=\"og:image:height\" content=\"600\" \/>\n\t<meta property=\"og:image:type\" content=\"image\/png\" \/>\n<meta name=\"twitter:card\" content=\"summary_large_image\" \/>\n<script type=\"application\/ld+json\" class=\"yoast-schema-graph\">{\"@context\":\"https:\/\/schema.org\",\"@graph\":[{\"@type\":\"WebPage\",\"@id\":\"https:\/\/www.sinchisinchi.com\/it\/producto\/sangue-di-drago-2\/\",\"url\":\"https:\/\/www.sinchisinchi.com\/it\/producto\/sangue-di-drago-2\/\",\"name\":\"Resina del Sangue di Drago: Sinchi, negozio sciamanico online\",\"isPartOf\":{\"@id\":\"https:\/\/www.sinchisinchi.com\/it\/#website\"},\"primaryImageOfPage\":{\"@id\":\"https:\/\/www.sinchisinchi.com\/it\/producto\/sangue-di-drago-2\/#primaryimage\"},\"image\":{\"@id\":\"https:\/\/www.sinchisinchi.com\/it\/producto\/sangue-di-drago-2\/#primaryimage\"},\"thumbnailUrl\":\"https:\/\/www.sinchisinchi.com\/wp-content\/uploads\/2024\/04\/sangre-de-drago.png\",\"datePublished\":\"2024-04-21T16:56:37+00:00\",\"dateModified\":\"2024-07-05T07:42:28+00:00\",\"description\":\"La resina del sangue di drago, di colore rosso vivo, ha un aroma forte e speziato. Daemonorops Draco, dall'Indonesia.\",\"breadcrumb\":{\"@id\":\"https:\/\/www.sinchisinchi.com\/it\/producto\/sangue-di-drago-2\/#breadcrumb\"},\"inLanguage\":\"it-IT\",\"potentialAction\":[{\"@type\":\"ReadAction\",\"target\":[\"https:\/\/www.sinchisinchi.com\/it\/producto\/sangue-di-drago-2\/\"]}]},{\"@type\":\"ImageObject\",\"inLanguage\":\"it-IT\",\"@id\":\"https:\/\/www.sinchisinchi.com\/it\/producto\/sangue-di-drago-2\/#primaryimage\",\"url\":\"https:\/\/www.sinchisinchi.com\/wp-content\/uploads\/2024\/04\/sangre-de-drago.png\",\"contentUrl\":\"https:\/\/www.sinchisinchi.com\/wp-content\/uploads\/2024\/04\/sangre-de-drago.png\",\"width\":600,\"height\":600},{\"@type\":\"BreadcrumbList\",\"@id\":\"https:\/\/www.sinchisinchi.com\/it\/producto\/sangue-di-drago-2\/#breadcrumb\",\"itemListElement\":[{\"@type\":\"ListItem\",\"position\":1,\"name\":\"Prima pagina\",\"item\":\"https:\/\/www.sinchisinchi.com\/it\/\"},{\"@type\":\"ListItem\",\"position\":2,\"name\":\"Prodotti\",\"item\":\"https:\/\/www.sinchisinchi.com\/it\/shop\/\"},{\"@type\":\"ListItem\",\"position\":3,\"name\":\"Sangue di Drago\"}]},{\"@type\":\"WebSite\",\"@id\":\"https:\/\/www.sinchisinchi.com\/it\/#website\",\"url\":\"https:\/\/www.sinchisinchi.com\/it\/\",\"name\":\"SINCHI\",\"description\":\"Sinchi Medicine\",\"publisher\":{\"@id\":\"https:\/\/www.sinchisinchi.com\/it\/#organization\"},\"potentialAction\":[{\"@type\":\"SearchAction\",\"target\":{\"@type\":\"EntryPoint\",\"urlTemplate\":\"https:\/\/www.sinchisinchi.com\/it\/?s={search_term_string}\"},\"query-input\":{\"@type\":\"PropertyValueSpecification\",\"valueRequired\":true,\"valueName\":\"search_term_string\"}}],\"inLanguage\":\"it-IT\"},{\"@type\":\"Organization\",\"@id\":\"https:\/\/www.sinchisinchi.com\/it\/#organization\",\"name\":\"SINCHI S.L\",\"url\":\"https:\/\/www.sinchisinchi.com\/it\/\",\"logo\":{\"@type\":\"ImageObject\",\"inLanguage\":\"it-IT\",\"@id\":\"https:\/\/www.sinchisinchi.com\/it\/#\/schema\/logo\/image\/\",\"url\":\"https:\/\/www.sinchisinchi.com\/wp-content\/uploads\/2026\/01\/3b-Verde-SIMPLIFICADO-HORIZONTAL-F-TRANSPARENTE-scaled.png\",\"contentUrl\":\"https:\/\/www.sinchisinchi.com\/wp-content\/uploads\/2026\/01\/3b-Verde-SIMPLIFICADO-HORIZONTAL-F-TRANSPARENTE-scaled.png\",\"width\":2560,\"height\":457,\"caption\":\"SINCHI S.L\"},\"image\":{\"@id\":\"https:\/\/www.sinchisinchi.com\/it\/#\/schema\/logo\/image\/\"},\"sameAs\":[\"https:\/\/www.facebook.com\/sinchirape\/\",\"https:\/\/www.instagram.com\/sinchi_rape\/\"]}]}<\/script>\n<!-- \/ Yoast SEO plugin. -->","yoast_head_json":{"title":"Resina del Sangue di Drago: Sinchi, negozio sciamanico online","description":"La resina del sangue di drago, di colore rosso vivo, ha un aroma forte e speziato. Daemonorops Draco, dall'Indonesia.","robots":{"index":"index","follow":"follow","max-snippet":"max-snippet:-1","max-image-preview":"max-image-preview:large","max-video-preview":"max-video-preview:-1"},"canonical":"https:\/\/www.sinchisinchi.com\/it\/producto\/sangue-di-drago-2\/","og_locale":"it_IT","og_type":"article","og_title":"Resina del Sangue di Drago: Sinchi, negozio sciamanico online","og_description":"La resina del sangue di drago, di colore rosso vivo, ha un aroma forte e speziato. Daemonorops Draco, dall'Indonesia.","og_url":"https:\/\/www.sinchisinchi.com\/it\/producto\/sangue-di-drago-2\/","og_site_name":"SINCHI RAP\u00c9","article_publisher":"https:\/\/www.facebook.com\/sinchirape\/","article_modified_time":"2024-07-05T07:42:28+00:00","og_image":[{"width":600,"height":600,"url":"https:\/\/www.sinchisinchi.com\/wp-content\/uploads\/2024\/04\/sangre-de-drago.png","type":"image\/png"}],"twitter_card":"summary_large_image","schema":{"@context":"https:\/\/schema.org","@graph":[{"@type":"WebPage","@id":"https:\/\/www.sinchisinchi.com\/it\/producto\/sangue-di-drago-2\/","url":"https:\/\/www.sinchisinchi.com\/it\/producto\/sangue-di-drago-2\/","name":"Resina del Sangue di Drago: Sinchi, negozio sciamanico online","isPartOf":{"@id":"https:\/\/www.sinchisinchi.com\/it\/#website"},"primaryImageOfPage":{"@id":"https:\/\/www.sinchisinchi.com\/it\/producto\/sangue-di-drago-2\/#primaryimage"},"image":{"@id":"https:\/\/www.sinchisinchi.com\/it\/producto\/sangue-di-drago-2\/#primaryimage"},"thumbnailUrl":"https:\/\/www.sinchisinchi.com\/wp-content\/uploads\/2024\/04\/sangre-de-drago.png","datePublished":"2024-04-21T16:56:37+00:00","dateModified":"2024-07-05T07:42:28+00:00","description":"La resina del sangue di drago, di colore rosso vivo, ha un aroma forte e speziato. Daemonorops Draco, dall'Indonesia.","breadcrumb":{"@id":"https:\/\/www.sinchisinchi.com\/it\/producto\/sangue-di-drago-2\/#breadcrumb"},"inLanguage":"it-IT","potentialAction":[{"@type":"ReadAction","target":["https:\/\/www.sinchisinchi.com\/it\/producto\/sangue-di-drago-2\/"]}]},{"@type":"ImageObject","inLanguage":"it-IT","@id":"https:\/\/www.sinchisinchi.com\/it\/producto\/sangue-di-drago-2\/#primaryimage","url":"https:\/\/www.sinchisinchi.com\/wp-content\/uploads\/2024\/04\/sangre-de-drago.png","contentUrl":"https:\/\/www.sinchisinchi.com\/wp-content\/uploads\/2024\/04\/sangre-de-drago.png","width":600,"height":600},{"@type":"BreadcrumbList","@id":"https:\/\/www.sinchisinchi.com\/it\/producto\/sangue-di-drago-2\/#breadcrumb","itemListElement":[{"@type":"ListItem","position":1,"name":"Prima pagina","item":"https:\/\/www.sinchisinchi.com\/it\/"},{"@type":"ListItem","position":2,"name":"Prodotti","item":"https:\/\/www.sinchisinchi.com\/it\/shop\/"},{"@type":"ListItem","position":3,"name":"Sangue di Drago"}]},{"@type":"WebSite","@id":"https:\/\/www.sinchisinchi.com\/it\/#website","url":"https:\/\/www.sinchisinchi.com\/it\/","name":"SINCHI","description":"Sinchi Medicine","publisher":{"@id":"https:\/\/www.sinchisinchi.com\/it\/#organization"},"potentialAction":[{"@type":"SearchAction","target":{"@type":"EntryPoint","urlTemplate":"https:\/\/www.sinchisinchi.com\/it\/?s={search_term_string}"},"query-input":{"@type":"PropertyValueSpecification","valueRequired":true,"valueName":"search_term_string"}}],"inLanguage":"it-IT"},{"@type":"Organization","@id":"https:\/\/www.sinchisinchi.com\/it\/#organization","name":"SINCHI S.L","url":"https:\/\/www.sinchisinchi.com\/it\/","logo":{"@type":"ImageObject","inLanguage":"it-IT","@id":"https:\/\/www.sinchisinchi.com\/it\/#\/schema\/logo\/image\/","url":"https:\/\/www.sinchisinchi.com\/wp-content\/uploads\/2026\/01\/3b-Verde-SIMPLIFICADO-HORIZONTAL-F-TRANSPARENTE-scaled.png","contentUrl":"https:\/\/www.sinchisinchi.com\/wp-content\/uploads\/2026\/01\/3b-Verde-SIMPLIFICADO-HORIZONTAL-F-TRANSPARENTE-scaled.png","width":2560,"height":457,"caption":"SINCHI S.L"},"image":{"@id":"https:\/\/www.sinchisinchi.com\/it\/#\/schema\/logo\/image\/"},"sameAs":["https:\/\/www.facebook.com\/sinchirape\/","https:\/\/www.instagram.com\/sinchi_rape\/"]}]}},"_links":{"self":[{"href":"https:\/\/www.sinchisinchi.com\/it\/wp-json\/wp\/v2\/product\/13333","targetHints":{"allow":["GET"]}}],"collection":[{"href":"https:\/\/www.sinchisinchi.com\/it\/wp-json\/wp\/v2\/product"}],"about":[{"href":"https:\/\/www.sinchisinchi.com\/it\/wp-json\/wp\/v2\/types\/product"}],"wp:featuredmedia":[{"embeddable":true,"href":"https:\/\/www.sinchisinchi.com\/it\/wp-json\/wp\/v2\/media\/15774"}],"wp:attachment":[{"href":"https:\/\/www.sinchisinchi.com\/it\/wp-json\/wp\/v2\/media?parent=13333"}],"wp:term":[{"taxonomy":"product_brand","embeddable":true,"href":"https:\/\/www.sinchisinchi.com\/it\/wp-json\/wp\/v2\/product_brand?post=13333"},{"taxonomy":"product_cat","embeddable":true,"href":"https:\/\/www.sinchisinchi.com\/it\/wp-json\/wp\/v2\/product_cat?post=13333"},{"taxonomy":"product_tag","embeddable":true,"href":"https:\/\/www.sinchisinchi.com\/it\/wp-json\/wp\/v2\/product_tag?post=13333"}],"curies":[{"name":"wp","href":"https:\/\/api.w.org\/{rel}","templated":true}]}}