{"id":13387,"date":"2024-04-22T12:12:17","date_gmt":"2024-04-22T12:12:17","guid":{"rendered":"https:\/\/www.sinchisinchi.com\/producto\/fragola\/"},"modified":"2024-05-21T12:33:43","modified_gmt":"2024-05-21T12:33:43","slug":"fragola","status":"publish","type":"product","link":"https:\/\/www.sinchisinchi.com\/it\/producto\/fragola\/","title":{"rendered":"Fragola"},"content":{"rendered":"<h3 style=\"text-align: center;\"><strong>Propriet\u00e0 magiche<\/strong><\/h3>\n<p>Le fragole sono associate al <strong>pianeta dell&#8217;amore<\/strong>, Venere, e ad Afrodite, la <strong>dea dell&#8217;amore<\/strong> e della bellezza. Inoltre, Freya, dea della mitologia norrena e germanica, \u00e8 legata alla maternit\u00e0 e alla fertilit\u00e0.<\/p>\n<p>La <strong>Vergine Maria<\/strong> \u00e8 stata rappresentata circondata da fragole, oppure accompagna i bambini a raccoglierle; La fragola \u00e8 legata all&#8217;amore materno, profondo, all&#8217;affetto affettuoso che forniscono dall&#8217;amicizia al romanticismo.<\/p>\n<p>Le antiche storie europee indicano che le <strong>fate della foresta<\/strong> adoravano le fragole e i contadini le attiravano piantandole, poich\u00e9 aiutavano ad avere buoni raccolti, fornivano buona salute e fertilit\u00e0 alla famiglia e al bestiame.<\/p>\n<p>La fragola \u00e8 un eccellente afrodisiaco grazie al suo colore, sapore e aroma.<\/p>\n<h3 style=\"text-align: center;\">Storia<\/h3>\n<p>Gi\u00e0 nel <strong>2500 a.C<\/strong>. i poteri disintossicanti delle fragole erano conosciuti <strong>in Asia<\/strong>, poich\u00e9 le foglie venivano utilizzate per preparare il t\u00e8 e ridurre le tossine nel corpo, oltre a ritardare l&#8217;invecchiamento e combattere la stanchezza.<\/p>\n<p><strong>I romani<\/strong> utilizzavano le fragole per le loro propriet\u00e0 benefiche per l&#8217;apparato digerente e per favorire l&#8217;alito, oltre che per le loro virt\u00f9 afrodisiache.<\/p>\n<p><strong>In America<\/strong> gli indigeni impararono a conoscere la fragola dagli spagnoli, dai portoghesi e dagli inglesi, ed \u00e8 tradizionalmente utilizzata nel t\u00e8, compresa la pianta intera; frutto, foglie e radici. Inoltre schiacciano le foglie creando un unguento per la pelle.<\/p>\n","protected":false},"excerpt":{"rendered":"<p>Il sapone naturale alla fragola \u00e8 ricco di antiossidanti, vitamina C ed E, che combattono l&#8217;effetto dei radicali liberi sulla pelle. Combatte l&#8217;invecchiamento precoce della pelle e riduce le rughe.<\/p>\n<p>Manganese e potassio aiutano a migliorare la salute generale della pelle, aiutando gli antiossidanti a funzionare meglio e le cellule a trattenere pi\u00f9 acqua.<\/p>\n<p>La sua capacit\u00e0 idratante lascia la pelle morbida e nutrita, \u00e8 molto adatta per le pelli secche.<\/p>\n<p>La fragola \u00e8 una pianta <strong>femminile<\/strong>, \u00e8 associata al pianeta Venere, alla dea <strong>Afrodite<\/strong>, all&#8217;elemento<strong> acqua, all&#8217;amore e alla buona sorte.<\/strong><\/p>\n","protected":false},"featured_media":13280,"template":"","meta":{"_joinchat":[]},"product_brand":[],"product_cat":[344],"product_tag":[],"class_list":{"0":"post-13387","1":"product","2":"type-product","3":"status-publish","4":"has-post-thumbnail","6":"product_cat-saponi","8":"first","9":"instock","10":"taxable","11":"shipping-taxable","12":"purchasable","13":"product-type-simple"},"yoast_head":"<!-- This site is optimized with the Yoast SEO plugin v27.4 - https:\/\/yoast.com\/product\/yoast-seo-wordpress\/ -->\n<title>Sapone alla fragola: negozio sciamanico<\/title>\n<meta name=\"description\" content=\"La fragola \u00e8 una pianta femminile, \u00e8 associata al pianeta Venere, alla dea Afrodite, all&#039;elemento acqua, all&#039;amore e alla buona sorte.\" \/>\n<meta name=\"robots\" content=\"index, follow, max-snippet:-1, max-image-preview:large, max-video-preview:-1\" \/>\n<link rel=\"canonical\" href=\"https:\/\/www.sinchisinchi.com\/it\/producto\/fragola\/\" \/>\n<meta property=\"og:locale\" content=\"it_IT\" \/>\n<meta property=\"og:type\" content=\"article\" \/>\n<meta property=\"og:title\" content=\"Sapone alla fragola: negozio sciamanico\" \/>\n<meta property=\"og:description\" content=\"La fragola \u00e8 una pianta femminile, \u00e8 associata al pianeta Venere, alla dea Afrodite, all&#039;elemento acqua, all&#039;amore e alla buona sorte.\" \/>\n<meta property=\"og:url\" content=\"https:\/\/www.sinchisinchi.com\/it\/producto\/fragola\/\" \/>\n<meta property=\"og:site_name\" content=\"SINCHI RAP\u00c9\" \/>\n<meta property=\"article:publisher\" content=\"https:\/\/www.facebook.com\/sinchirape\/\" \/>\n<meta property=\"article:modified_time\" content=\"2024-05-21T12:33:43+00:00\" \/>\n<meta property=\"og:image\" content=\"https:\/\/www.sinchisinchi.com\/wp-content\/uploads\/2024\/04\/13-fresa.jpeg\" \/>\n\t<meta property=\"og:image:width\" content=\"1024\" \/>\n\t<meta property=\"og:image:height\" content=\"1024\" \/>\n\t<meta property=\"og:image:type\" content=\"image\/jpeg\" \/>\n<meta name=\"twitter:card\" content=\"summary_large_image\" \/>\n<meta name=\"twitter:label1\" content=\"Tempo di lettura stimato\" \/>\n\t<meta name=\"twitter:data1\" content=\"1 minuto\" \/>\n<script type=\"application\/ld+json\" class=\"yoast-schema-graph\">{\"@context\":\"https:\\\/\\\/schema.org\",\"@graph\":[{\"@type\":\"WebPage\",\"@id\":\"https:\\\/\\\/www.sinchisinchi.com\\\/it\\\/producto\\\/fragola\\\/\",\"url\":\"https:\\\/\\\/www.sinchisinchi.com\\\/it\\\/producto\\\/fragola\\\/\",\"name\":\"Sapone alla fragola: negozio sciamanico\",\"isPartOf\":{\"@id\":\"https:\\\/\\\/www.sinchisinchi.com\\\/it\\\/#website\"},\"primaryImageOfPage\":{\"@id\":\"https:\\\/\\\/www.sinchisinchi.com\\\/it\\\/producto\\\/fragola\\\/#primaryimage\"},\"image\":{\"@id\":\"https:\\\/\\\/www.sinchisinchi.com\\\/it\\\/producto\\\/fragola\\\/#primaryimage\"},\"thumbnailUrl\":\"https:\\\/\\\/www.sinchisinchi.com\\\/wp-content\\\/uploads\\\/2024\\\/04\\\/13-fresa.jpeg\",\"datePublished\":\"2024-04-22T12:12:17+00:00\",\"dateModified\":\"2024-05-21T12:33:43+00:00\",\"description\":\"La fragola \u00e8 una pianta femminile, \u00e8 associata al pianeta Venere, alla dea Afrodite, all'elemento acqua, all'amore e alla buona sorte.\",\"breadcrumb\":{\"@id\":\"https:\\\/\\\/www.sinchisinchi.com\\\/it\\\/producto\\\/fragola\\\/#breadcrumb\"},\"inLanguage\":\"it-IT\",\"potentialAction\":[{\"@type\":\"ReadAction\",\"target\":[\"https:\\\/\\\/www.sinchisinchi.com\\\/it\\\/producto\\\/fragola\\\/\"]}]},{\"@type\":\"ImageObject\",\"inLanguage\":\"it-IT\",\"@id\":\"https:\\\/\\\/www.sinchisinchi.com\\\/it\\\/producto\\\/fragola\\\/#primaryimage\",\"url\":\"https:\\\/\\\/www.sinchisinchi.com\\\/wp-content\\\/uploads\\\/2024\\\/04\\\/13-fresa.jpeg\",\"contentUrl\":\"https:\\\/\\\/www.sinchisinchi.com\\\/wp-content\\\/uploads\\\/2024\\\/04\\\/13-fresa.jpeg\",\"width\":1024,\"height\":1024},{\"@type\":\"BreadcrumbList\",\"@id\":\"https:\\\/\\\/www.sinchisinchi.com\\\/it\\\/producto\\\/fragola\\\/#breadcrumb\",\"itemListElement\":[{\"@type\":\"ListItem\",\"position\":1,\"name\":\"Prima pagina\",\"item\":\"https:\\\/\\\/www.sinchisinchi.com\\\/it\\\/\"},{\"@type\":\"ListItem\",\"position\":2,\"name\":\"Prodotti\",\"item\":\"https:\\\/\\\/www.sinchisinchi.com\\\/it\\\/shop\\\/\"},{\"@type\":\"ListItem\",\"position\":3,\"name\":\"Fragola\"}]},{\"@type\":\"WebSite\",\"@id\":\"https:\\\/\\\/www.sinchisinchi.com\\\/it\\\/#website\",\"url\":\"https:\\\/\\\/www.sinchisinchi.com\\\/it\\\/\",\"name\":\"SINCHI\",\"description\":\"Sinchi Medicine\",\"publisher\":{\"@id\":\"https:\\\/\\\/www.sinchisinchi.com\\\/it\\\/#organization\"},\"potentialAction\":[{\"@type\":\"SearchAction\",\"target\":{\"@type\":\"EntryPoint\",\"urlTemplate\":\"https:\\\/\\\/www.sinchisinchi.com\\\/it\\\/?s={search_term_string}\"},\"query-input\":{\"@type\":\"PropertyValueSpecification\",\"valueRequired\":true,\"valueName\":\"search_term_string\"}}],\"inLanguage\":\"it-IT\"},{\"@type\":\"Organization\",\"@id\":\"https:\\\/\\\/www.sinchisinchi.com\\\/it\\\/#organization\",\"name\":\"SINCHI S.L\",\"url\":\"https:\\\/\\\/www.sinchisinchi.com\\\/it\\\/\",\"logo\":{\"@type\":\"ImageObject\",\"inLanguage\":\"it-IT\",\"@id\":\"https:\\\/\\\/www.sinchisinchi.com\\\/it\\\/#\\\/schema\\\/logo\\\/image\\\/\",\"url\":\"https:\\\/\\\/www.sinchisinchi.com\\\/wp-content\\\/uploads\\\/2026\\\/01\\\/3b-Verde-SIMPLIFICADO-HORIZONTAL-F-TRANSPARENTE-scaled.png\",\"contentUrl\":\"https:\\\/\\\/www.sinchisinchi.com\\\/wp-content\\\/uploads\\\/2026\\\/01\\\/3b-Verde-SIMPLIFICADO-HORIZONTAL-F-TRANSPARENTE-scaled.png\",\"width\":2560,\"height\":457,\"caption\":\"SINCHI S.L\"},\"image\":{\"@id\":\"https:\\\/\\\/www.sinchisinchi.com\\\/it\\\/#\\\/schema\\\/logo\\\/image\\\/\"},\"sameAs\":[\"https:\\\/\\\/www.facebook.com\\\/sinchirape\\\/\",\"https:\\\/\\\/www.instagram.com\\\/sinchi_rape\\\/\"]}]}<\/script>\n<!-- \/ Yoast SEO plugin. -->","yoast_head_json":{"title":"Sapone alla fragola: negozio sciamanico","description":"La fragola \u00e8 una pianta femminile, \u00e8 associata al pianeta Venere, alla dea Afrodite, all'elemento acqua, all'amore e alla buona sorte.","robots":{"index":"index","follow":"follow","max-snippet":"max-snippet:-1","max-image-preview":"max-image-preview:large","max-video-preview":"max-video-preview:-1"},"canonical":"https:\/\/www.sinchisinchi.com\/it\/producto\/fragola\/","og_locale":"it_IT","og_type":"article","og_title":"Sapone alla fragola: negozio sciamanico","og_description":"La fragola \u00e8 una pianta femminile, \u00e8 associata al pianeta Venere, alla dea Afrodite, all'elemento acqua, all'amore e alla buona sorte.","og_url":"https:\/\/www.sinchisinchi.com\/it\/producto\/fragola\/","og_site_name":"SINCHI RAP\u00c9","article_publisher":"https:\/\/www.facebook.com\/sinchirape\/","article_modified_time":"2024-05-21T12:33:43+00:00","og_image":[{"width":1024,"height":1024,"url":"https:\/\/www.sinchisinchi.com\/wp-content\/uploads\/2024\/04\/13-fresa.jpeg","type":"image\/jpeg"}],"twitter_card":"summary_large_image","twitter_misc":{"Tempo di lettura stimato":"1 minuto"},"schema":{"@context":"https:\/\/schema.org","@graph":[{"@type":"WebPage","@id":"https:\/\/www.sinchisinchi.com\/it\/producto\/fragola\/","url":"https:\/\/www.sinchisinchi.com\/it\/producto\/fragola\/","name":"Sapone alla fragola: negozio sciamanico","isPartOf":{"@id":"https:\/\/www.sinchisinchi.com\/it\/#website"},"primaryImageOfPage":{"@id":"https:\/\/www.sinchisinchi.com\/it\/producto\/fragola\/#primaryimage"},"image":{"@id":"https:\/\/www.sinchisinchi.com\/it\/producto\/fragola\/#primaryimage"},"thumbnailUrl":"https:\/\/www.sinchisinchi.com\/wp-content\/uploads\/2024\/04\/13-fresa.jpeg","datePublished":"2024-04-22T12:12:17+00:00","dateModified":"2024-05-21T12:33:43+00:00","description":"La fragola \u00e8 una pianta femminile, \u00e8 associata al pianeta Venere, alla dea Afrodite, all'elemento acqua, all'amore e alla buona sorte.","breadcrumb":{"@id":"https:\/\/www.sinchisinchi.com\/it\/producto\/fragola\/#breadcrumb"},"inLanguage":"it-IT","potentialAction":[{"@type":"ReadAction","target":["https:\/\/www.sinchisinchi.com\/it\/producto\/fragola\/"]}]},{"@type":"ImageObject","inLanguage":"it-IT","@id":"https:\/\/www.sinchisinchi.com\/it\/producto\/fragola\/#primaryimage","url":"https:\/\/www.sinchisinchi.com\/wp-content\/uploads\/2024\/04\/13-fresa.jpeg","contentUrl":"https:\/\/www.sinchisinchi.com\/wp-content\/uploads\/2024\/04\/13-fresa.jpeg","width":1024,"height":1024},{"@type":"BreadcrumbList","@id":"https:\/\/www.sinchisinchi.com\/it\/producto\/fragola\/#breadcrumb","itemListElement":[{"@type":"ListItem","position":1,"name":"Prima pagina","item":"https:\/\/www.sinchisinchi.com\/it\/"},{"@type":"ListItem","position":2,"name":"Prodotti","item":"https:\/\/www.sinchisinchi.com\/it\/shop\/"},{"@type":"ListItem","position":3,"name":"Fragola"}]},{"@type":"WebSite","@id":"https:\/\/www.sinchisinchi.com\/it\/#website","url":"https:\/\/www.sinchisinchi.com\/it\/","name":"SINCHI","description":"Sinchi Medicine","publisher":{"@id":"https:\/\/www.sinchisinchi.com\/it\/#organization"},"potentialAction":[{"@type":"SearchAction","target":{"@type":"EntryPoint","urlTemplate":"https:\/\/www.sinchisinchi.com\/it\/?s={search_term_string}"},"query-input":{"@type":"PropertyValueSpecification","valueRequired":true,"valueName":"search_term_string"}}],"inLanguage":"it-IT"},{"@type":"Organization","@id":"https:\/\/www.sinchisinchi.com\/it\/#organization","name":"SINCHI S.L","url":"https:\/\/www.sinchisinchi.com\/it\/","logo":{"@type":"ImageObject","inLanguage":"it-IT","@id":"https:\/\/www.sinchisinchi.com\/it\/#\/schema\/logo\/image\/","url":"https:\/\/www.sinchisinchi.com\/wp-content\/uploads\/2026\/01\/3b-Verde-SIMPLIFICADO-HORIZONTAL-F-TRANSPARENTE-scaled.png","contentUrl":"https:\/\/www.sinchisinchi.com\/wp-content\/uploads\/2026\/01\/3b-Verde-SIMPLIFICADO-HORIZONTAL-F-TRANSPARENTE-scaled.png","width":2560,"height":457,"caption":"SINCHI S.L"},"image":{"@id":"https:\/\/www.sinchisinchi.com\/it\/#\/schema\/logo\/image\/"},"sameAs":["https:\/\/www.facebook.com\/sinchirape\/","https:\/\/www.instagram.com\/sinchi_rape\/"]}]}},"_links":{"self":[{"href":"https:\/\/www.sinchisinchi.com\/it\/wp-json\/wp\/v2\/product\/13387","targetHints":{"allow":["GET"]}}],"collection":[{"href":"https:\/\/www.sinchisinchi.com\/it\/wp-json\/wp\/v2\/product"}],"about":[{"href":"https:\/\/www.sinchisinchi.com\/it\/wp-json\/wp\/v2\/types\/product"}],"wp:featuredmedia":[{"embeddable":true,"href":"https:\/\/www.sinchisinchi.com\/it\/wp-json\/wp\/v2\/media\/13280"}],"wp:attachment":[{"href":"https:\/\/www.sinchisinchi.com\/it\/wp-json\/wp\/v2\/media?parent=13387"}],"wp:term":[{"taxonomy":"product_brand","embeddable":true,"href":"https:\/\/www.sinchisinchi.com\/it\/wp-json\/wp\/v2\/product_brand?post=13387"},{"taxonomy":"product_cat","embeddable":true,"href":"https:\/\/www.sinchisinchi.com\/it\/wp-json\/wp\/v2\/product_cat?post=13387"},{"taxonomy":"product_tag","embeddable":true,"href":"https:\/\/www.sinchisinchi.com\/it\/wp-json\/wp\/v2\/product_tag?post=13387"}],"curies":[{"name":"wp","href":"https:\/\/api.w.org\/{rel}","templated":true}]}}