{"id":13402,"date":"2024-04-22T11:40:01","date_gmt":"2024-04-22T11:40:01","guid":{"rendered":"https:\/\/www.sinchisinchi.com\/producto\/olio-di-argan\/"},"modified":"2024-05-21T13:00:41","modified_gmt":"2024-05-21T13:00:41","slug":"olio-di-argan","status":"publish","type":"product","link":"https:\/\/www.sinchisinchi.com\/it\/producto\/olio-di-argan\/","title":{"rendered":"Olio di Argan"},"content":{"rendered":"<h2 style=\"text-align: center;\"><strong><span style=\"color: #000000;\">Albero<\/span><\/strong><\/h2>\n<p><span style=\"color: #000000;\">L&#8217;argan (Argania spinosa L., Fam. Sapotaceae) \u00e8 un albero selvatico originario del Marocco sudoccidentale, al confine sahariano, ed \u00e8 presente anche nei terreni calcarei semidesertici della regione di Tindouf in Algeria.<\/span><\/p>\n<p><span style=\"color: #000000;\">Pu\u00f2 raggiungere gli 8 m di altezza, ha piccole foglie allungate e fiori gialli. Il frutto \u00e8 di colore da verde a giallo e ha le dimensioni di una noce. Quando inizia a maturare, all&#8217;inizio di giugno, si raccolgono i frutti per estrarre l&#8217;olio dai semi.<\/span><\/p>\n<p><span style=\"color: #000000;\">L&#8217;Argan cresce in zone con altitudine inferiore a 800 m e con clima secco, che resiste bene grazie alle sue radici profonde. Nei periodi di grande siccit\u00e0 perde le foglie per evitare l&#8217;eccessiva traspirazione e le recupera con le prime piogge.<\/span><\/p>\n<h3 style=\"text-align: center;\"><strong><span style=\"color: #000000;\">Olio<\/span><\/strong><\/h3>\n<p><span style=\"color: #000000;\">L&#8217;Argan, noto come l&#8217;oro del deserto, \u00e8 un olio commestibile di alto valore, dal sapore di nocciola. \u00c8 considerato il Santo Graal degli oli per pelle e capelli perch\u00e9 non \u00e8 n\u00e9 troppo pesante n\u00e9 troppo leggero, si assorbe facilmente ed \u00e8 molto idratante.<\/span><\/p>\n<p><span style=\"color: #000000;\">Ha anche propriet\u00e0 antibatteriche e fungicide, aiutando a curare e prevenire le infezioni batteriche e fungine della pelle.<\/span><\/p>\n<p><span style=\"color: #000000;\">Circa il 99% dell&#8217;olio di argan \u00e8 costituito da acido oleico e linoleico, mentre il restante 1% contiene vitamina E, carotenoidi, steroli e polifenoli.<\/span><\/p>\n<p><span style=\"color: #000000;\">Le donne marocchine utilizzano da tempo l&#8217;olio di argan per proteggere la pelle dai danni del sole, poich\u00e9 l&#8217;attivit\u00e0 antiossidante dell&#8217;olio di argan protegge la pelle dai danni dei radicali liberi causati dal sole, oltre a rafforzare e migliorare la salute generale della pelle.<\/span><\/p>\n","protected":false},"excerpt":{"rendered":"<p><span style=\"color: #000000;\">Il sapone all&#8217;olio di Argan \u00e8 molto apprezzato per le sue propriet\u00e0 benefiche sulla pelle. Pulisce e purifica, \u00e8 ricco di vitamina E, vitamina A e contiene una grande quantit\u00e0 di antiossidanti.<\/span><\/p>\n<p><span style=\"color: #000000;\">L&#8217;olio di argan viene estratto dai semi maturi della bacca dell&#8217;albero di argan (Argania spinosa).<\/span><\/p>\n<p><span style=\"color: #000000;\">La potente combinazione di antiossidanti e vitamina E dell&#8217;olio di Argan aumenta l&#8217;elasticit\u00e0 della pelle, ha propriet\u00e0 ringiovanenti, idrata e stimola la capacit\u00e0 della pelle di trattenere l&#8217;umidit\u00e0 e aiuta anche ferite e tagli a guarire pi\u00f9 velocemente.<\/span><\/p>\n<p><span style=\"color: #000000;\"><strong>Dimensioni:<\/strong> 100 g<\/span><\/p>\n","protected":false},"featured_media":13142,"template":"","meta":{"_joinchat":[]},"product_brand":[],"product_cat":[344],"product_tag":[],"class_list":{"0":"post-13402","1":"product","2":"type-product","3":"status-publish","4":"has-post-thumbnail","6":"product_cat-saponi","8":"first","9":"instock","10":"taxable","11":"shipping-taxable","12":"purchasable","13":"product-type-simple"},"yoast_head":"<!-- This site is optimized with the Yoast SEO plugin v27.4 - https:\/\/yoast.com\/product\/yoast-seo-wordpress\/ -->\n<title>Sapone all&#039;Olio di Argan: Negozio Sciamanico<\/title>\n<meta name=\"description\" content=\"Sapone all&#039;olio di Argan: \u00c8 l&#039;oro del deserto, considerato il Santo Graal degli oli per pelle e capelli, altamente idratante.\" \/>\n<meta name=\"robots\" content=\"index, follow, max-snippet:-1, max-image-preview:large, max-video-preview:-1\" \/>\n<link rel=\"canonical\" href=\"https:\/\/www.sinchisinchi.com\/it\/producto\/olio-di-argan\/\" \/>\n<meta property=\"og:locale\" content=\"it_IT\" \/>\n<meta property=\"og:type\" content=\"article\" \/>\n<meta property=\"og:title\" content=\"Sapone all&#039;Olio di Argan: Negozio Sciamanico\" \/>\n<meta property=\"og:description\" content=\"Sapone all&#039;olio di Argan: \u00c8 l&#039;oro del deserto, considerato il Santo Graal degli oli per pelle e capelli, altamente idratante.\" \/>\n<meta property=\"og:url\" content=\"https:\/\/www.sinchisinchi.com\/it\/producto\/olio-di-argan\/\" \/>\n<meta property=\"og:site_name\" content=\"SINCHI RAP\u00c9\" \/>\n<meta property=\"article:publisher\" content=\"https:\/\/www.facebook.com\/sinchirape\/\" \/>\n<meta property=\"article:modified_time\" content=\"2024-05-21T13:00:41+00:00\" \/>\n<meta property=\"og:image\" content=\"https:\/\/www.sinchisinchi.com\/wp-content\/uploads\/2024\/04\/1-Aceite-de-Argan.jpeg\" \/>\n\t<meta property=\"og:image:width\" content=\"750\" \/>\n\t<meta property=\"og:image:height\" content=\"750\" \/>\n\t<meta property=\"og:image:type\" content=\"image\/jpeg\" \/>\n<meta name=\"twitter:card\" content=\"summary_large_image\" \/>\n<meta name=\"twitter:label1\" content=\"Tempo di lettura stimato\" \/>\n\t<meta name=\"twitter:data1\" content=\"1 minuto\" \/>\n<script type=\"application\/ld+json\" class=\"yoast-schema-graph\">{\"@context\":\"https:\\\/\\\/schema.org\",\"@graph\":[{\"@type\":\"WebPage\",\"@id\":\"https:\\\/\\\/www.sinchisinchi.com\\\/it\\\/producto\\\/olio-di-argan\\\/\",\"url\":\"https:\\\/\\\/www.sinchisinchi.com\\\/it\\\/producto\\\/olio-di-argan\\\/\",\"name\":\"Sapone all'Olio di Argan: Negozio Sciamanico\",\"isPartOf\":{\"@id\":\"https:\\\/\\\/www.sinchisinchi.com\\\/it\\\/#website\"},\"primaryImageOfPage\":{\"@id\":\"https:\\\/\\\/www.sinchisinchi.com\\\/it\\\/producto\\\/olio-di-argan\\\/#primaryimage\"},\"image\":{\"@id\":\"https:\\\/\\\/www.sinchisinchi.com\\\/it\\\/producto\\\/olio-di-argan\\\/#primaryimage\"},\"thumbnailUrl\":\"https:\\\/\\\/www.sinchisinchi.com\\\/wp-content\\\/uploads\\\/2024\\\/04\\\/1-Aceite-de-Argan.jpeg\",\"datePublished\":\"2024-04-22T11:40:01+00:00\",\"dateModified\":\"2024-05-21T13:00:41+00:00\",\"description\":\"Sapone all'olio di Argan: \u00c8 l'oro del deserto, considerato il Santo Graal degli oli per pelle e capelli, altamente idratante.\",\"breadcrumb\":{\"@id\":\"https:\\\/\\\/www.sinchisinchi.com\\\/it\\\/producto\\\/olio-di-argan\\\/#breadcrumb\"},\"inLanguage\":\"it-IT\",\"potentialAction\":[{\"@type\":\"ReadAction\",\"target\":[\"https:\\\/\\\/www.sinchisinchi.com\\\/it\\\/producto\\\/olio-di-argan\\\/\"]}]},{\"@type\":\"ImageObject\",\"inLanguage\":\"it-IT\",\"@id\":\"https:\\\/\\\/www.sinchisinchi.com\\\/it\\\/producto\\\/olio-di-argan\\\/#primaryimage\",\"url\":\"https:\\\/\\\/www.sinchisinchi.com\\\/wp-content\\\/uploads\\\/2024\\\/04\\\/1-Aceite-de-Argan.jpeg\",\"contentUrl\":\"https:\\\/\\\/www.sinchisinchi.com\\\/wp-content\\\/uploads\\\/2024\\\/04\\\/1-Aceite-de-Argan.jpeg\",\"width\":750,\"height\":750},{\"@type\":\"BreadcrumbList\",\"@id\":\"https:\\\/\\\/www.sinchisinchi.com\\\/it\\\/producto\\\/olio-di-argan\\\/#breadcrumb\",\"itemListElement\":[{\"@type\":\"ListItem\",\"position\":1,\"name\":\"Prima pagina\",\"item\":\"https:\\\/\\\/www.sinchisinchi.com\\\/it\\\/\"},{\"@type\":\"ListItem\",\"position\":2,\"name\":\"Prodotti\",\"item\":\"https:\\\/\\\/www.sinchisinchi.com\\\/it\\\/shop\\\/\"},{\"@type\":\"ListItem\",\"position\":3,\"name\":\"Olio di Argan\"}]},{\"@type\":\"WebSite\",\"@id\":\"https:\\\/\\\/www.sinchisinchi.com\\\/it\\\/#website\",\"url\":\"https:\\\/\\\/www.sinchisinchi.com\\\/it\\\/\",\"name\":\"SINCHI\",\"description\":\"Sinchi Medicine\",\"publisher\":{\"@id\":\"https:\\\/\\\/www.sinchisinchi.com\\\/it\\\/#organization\"},\"potentialAction\":[{\"@type\":\"SearchAction\",\"target\":{\"@type\":\"EntryPoint\",\"urlTemplate\":\"https:\\\/\\\/www.sinchisinchi.com\\\/it\\\/?s={search_term_string}\"},\"query-input\":{\"@type\":\"PropertyValueSpecification\",\"valueRequired\":true,\"valueName\":\"search_term_string\"}}],\"inLanguage\":\"it-IT\"},{\"@type\":\"Organization\",\"@id\":\"https:\\\/\\\/www.sinchisinchi.com\\\/it\\\/#organization\",\"name\":\"SINCHI S.L\",\"url\":\"https:\\\/\\\/www.sinchisinchi.com\\\/it\\\/\",\"logo\":{\"@type\":\"ImageObject\",\"inLanguage\":\"it-IT\",\"@id\":\"https:\\\/\\\/www.sinchisinchi.com\\\/it\\\/#\\\/schema\\\/logo\\\/image\\\/\",\"url\":\"https:\\\/\\\/www.sinchisinchi.com\\\/wp-content\\\/uploads\\\/2026\\\/01\\\/3b-Verde-SIMPLIFICADO-HORIZONTAL-F-TRANSPARENTE-scaled.png\",\"contentUrl\":\"https:\\\/\\\/www.sinchisinchi.com\\\/wp-content\\\/uploads\\\/2026\\\/01\\\/3b-Verde-SIMPLIFICADO-HORIZONTAL-F-TRANSPARENTE-scaled.png\",\"width\":2560,\"height\":457,\"caption\":\"SINCHI S.L\"},\"image\":{\"@id\":\"https:\\\/\\\/www.sinchisinchi.com\\\/it\\\/#\\\/schema\\\/logo\\\/image\\\/\"},\"sameAs\":[\"https:\\\/\\\/www.facebook.com\\\/sinchirape\\\/\",\"https:\\\/\\\/www.instagram.com\\\/sinchi_rape\\\/\"]}]}<\/script>\n<!-- \/ Yoast SEO plugin. -->","yoast_head_json":{"title":"Sapone all'Olio di Argan: Negozio Sciamanico","description":"Sapone all'olio di Argan: \u00c8 l'oro del deserto, considerato il Santo Graal degli oli per pelle e capelli, altamente idratante.","robots":{"index":"index","follow":"follow","max-snippet":"max-snippet:-1","max-image-preview":"max-image-preview:large","max-video-preview":"max-video-preview:-1"},"canonical":"https:\/\/www.sinchisinchi.com\/it\/producto\/olio-di-argan\/","og_locale":"it_IT","og_type":"article","og_title":"Sapone all'Olio di Argan: Negozio Sciamanico","og_description":"Sapone all'olio di Argan: \u00c8 l'oro del deserto, considerato il Santo Graal degli oli per pelle e capelli, altamente idratante.","og_url":"https:\/\/www.sinchisinchi.com\/it\/producto\/olio-di-argan\/","og_site_name":"SINCHI RAP\u00c9","article_publisher":"https:\/\/www.facebook.com\/sinchirape\/","article_modified_time":"2024-05-21T13:00:41+00:00","og_image":[{"width":750,"height":750,"url":"https:\/\/www.sinchisinchi.com\/wp-content\/uploads\/2024\/04\/1-Aceite-de-Argan.jpeg","type":"image\/jpeg"}],"twitter_card":"summary_large_image","twitter_misc":{"Tempo di lettura stimato":"1 minuto"},"schema":{"@context":"https:\/\/schema.org","@graph":[{"@type":"WebPage","@id":"https:\/\/www.sinchisinchi.com\/it\/producto\/olio-di-argan\/","url":"https:\/\/www.sinchisinchi.com\/it\/producto\/olio-di-argan\/","name":"Sapone all'Olio di Argan: Negozio Sciamanico","isPartOf":{"@id":"https:\/\/www.sinchisinchi.com\/it\/#website"},"primaryImageOfPage":{"@id":"https:\/\/www.sinchisinchi.com\/it\/producto\/olio-di-argan\/#primaryimage"},"image":{"@id":"https:\/\/www.sinchisinchi.com\/it\/producto\/olio-di-argan\/#primaryimage"},"thumbnailUrl":"https:\/\/www.sinchisinchi.com\/wp-content\/uploads\/2024\/04\/1-Aceite-de-Argan.jpeg","datePublished":"2024-04-22T11:40:01+00:00","dateModified":"2024-05-21T13:00:41+00:00","description":"Sapone all'olio di Argan: \u00c8 l'oro del deserto, considerato il Santo Graal degli oli per pelle e capelli, altamente idratante.","breadcrumb":{"@id":"https:\/\/www.sinchisinchi.com\/it\/producto\/olio-di-argan\/#breadcrumb"},"inLanguage":"it-IT","potentialAction":[{"@type":"ReadAction","target":["https:\/\/www.sinchisinchi.com\/it\/producto\/olio-di-argan\/"]}]},{"@type":"ImageObject","inLanguage":"it-IT","@id":"https:\/\/www.sinchisinchi.com\/it\/producto\/olio-di-argan\/#primaryimage","url":"https:\/\/www.sinchisinchi.com\/wp-content\/uploads\/2024\/04\/1-Aceite-de-Argan.jpeg","contentUrl":"https:\/\/www.sinchisinchi.com\/wp-content\/uploads\/2024\/04\/1-Aceite-de-Argan.jpeg","width":750,"height":750},{"@type":"BreadcrumbList","@id":"https:\/\/www.sinchisinchi.com\/it\/producto\/olio-di-argan\/#breadcrumb","itemListElement":[{"@type":"ListItem","position":1,"name":"Prima pagina","item":"https:\/\/www.sinchisinchi.com\/it\/"},{"@type":"ListItem","position":2,"name":"Prodotti","item":"https:\/\/www.sinchisinchi.com\/it\/shop\/"},{"@type":"ListItem","position":3,"name":"Olio di Argan"}]},{"@type":"WebSite","@id":"https:\/\/www.sinchisinchi.com\/it\/#website","url":"https:\/\/www.sinchisinchi.com\/it\/","name":"SINCHI","description":"Sinchi Medicine","publisher":{"@id":"https:\/\/www.sinchisinchi.com\/it\/#organization"},"potentialAction":[{"@type":"SearchAction","target":{"@type":"EntryPoint","urlTemplate":"https:\/\/www.sinchisinchi.com\/it\/?s={search_term_string}"},"query-input":{"@type":"PropertyValueSpecification","valueRequired":true,"valueName":"search_term_string"}}],"inLanguage":"it-IT"},{"@type":"Organization","@id":"https:\/\/www.sinchisinchi.com\/it\/#organization","name":"SINCHI S.L","url":"https:\/\/www.sinchisinchi.com\/it\/","logo":{"@type":"ImageObject","inLanguage":"it-IT","@id":"https:\/\/www.sinchisinchi.com\/it\/#\/schema\/logo\/image\/","url":"https:\/\/www.sinchisinchi.com\/wp-content\/uploads\/2026\/01\/3b-Verde-SIMPLIFICADO-HORIZONTAL-F-TRANSPARENTE-scaled.png","contentUrl":"https:\/\/www.sinchisinchi.com\/wp-content\/uploads\/2026\/01\/3b-Verde-SIMPLIFICADO-HORIZONTAL-F-TRANSPARENTE-scaled.png","width":2560,"height":457,"caption":"SINCHI S.L"},"image":{"@id":"https:\/\/www.sinchisinchi.com\/it\/#\/schema\/logo\/image\/"},"sameAs":["https:\/\/www.facebook.com\/sinchirape\/","https:\/\/www.instagram.com\/sinchi_rape\/"]}]}},"_links":{"self":[{"href":"https:\/\/www.sinchisinchi.com\/it\/wp-json\/wp\/v2\/product\/13402","targetHints":{"allow":["GET"]}}],"collection":[{"href":"https:\/\/www.sinchisinchi.com\/it\/wp-json\/wp\/v2\/product"}],"about":[{"href":"https:\/\/www.sinchisinchi.com\/it\/wp-json\/wp\/v2\/types\/product"}],"wp:featuredmedia":[{"embeddable":true,"href":"https:\/\/www.sinchisinchi.com\/it\/wp-json\/wp\/v2\/media\/13142"}],"wp:attachment":[{"href":"https:\/\/www.sinchisinchi.com\/it\/wp-json\/wp\/v2\/media?parent=13402"}],"wp:term":[{"taxonomy":"product_brand","embeddable":true,"href":"https:\/\/www.sinchisinchi.com\/it\/wp-json\/wp\/v2\/product_brand?post=13402"},{"taxonomy":"product_cat","embeddable":true,"href":"https:\/\/www.sinchisinchi.com\/it\/wp-json\/wp\/v2\/product_cat?post=13402"},{"taxonomy":"product_tag","embeddable":true,"href":"https:\/\/www.sinchisinchi.com\/it\/wp-json\/wp\/v2\/product_tag?post=13402"}],"curies":[{"name":"wp","href":"https:\/\/api.w.org\/{rel}","templated":true}]}}