{"id":13472,"date":"2024-04-22T12:03:01","date_gmt":"2024-04-22T12:03:01","guid":{"rendered":"https:\/\/www.sinchisinchi.com\/producto\/shea-und-seide\/"},"modified":"2024-07-03T10:07:00","modified_gmt":"2024-07-03T10:07:00","slug":"shea-und-seide","status":"publish","type":"product","link":"https:\/\/www.sinchisinchi.com\/it\/producto\/shea-und-seide\/","title":{"rendered":"Shea und Seide"},"content":{"rendered":"<h2 style=\"text-align: center;\" data-mce-style=\"text-align: center;\"><strong>Storia del sapone di Marsiglia<\/strong><\/h2>\n<p>Il sapone di Marsiglia \u00e8 composto da oli vegetali ed \u00e8 originario di Marsiglia (Francia). Le prime notizie del suo utilizzo risalgono al 1370, e nel 1688 venne regolamentato l&#8217;uso del nome per quei saponi prodotti solo nella zona di Marsiglia a partire dall&#8217;olio d&#8217;oliva, imitando il Sapone di Castiglia.<\/p>\n<p>L&#8217;uso degli oli essenziali risale alla Mesopotamia, pi\u00f9 di 5.000 anni fa. Venivano utilizzati anche nei profumi e nei cosmetici in Egitto, India, Grecia e Roma.<\/p>\n<p>Ippocrate, uno dei primi medici greci, utilizzava le essenze delle piante aromatiche per curare numerosi disturbi. I romani associavano gli oli essenziali e i loro vari aromi alla ricchezza e al successo.<\/p>\n<p><strong>Mesopotamia 2.500 aC:<\/strong> in Mesopotamia sono state rinvenute tavolette d&#8217;argilla sumeriche che menzionano la miscela che si otteneva facendo bollire oli con potassio, resine e sale.<\/p>\n<p><strong>Siria 1.500 aC:<\/strong> Il sapone siriano proveniente dalla citt\u00e0 di Aleppo, antico territorio fenicio, viene prodotto ancora oggi con lo stesso metodo tradizionale e con olio di oliva e di alloro.<\/p>\n<p>Il suo metodo di produzione ancestrale risale a pi\u00f9 di 2.000 anni fa. I primi saponi della storia furono emulsioni di sapone liquido, mentre ad Aleppo venne introdotto il processo di saponificazione e l&#8217;utilizzo dell&#8217;olio d&#8217;oliva e dell&#8217;alloro, dando vita al primo sapone solido.<\/p>\n<p>In seguito alle Crociate del XII secolo, la produzione del sapone si diffuse in tutto il Mediterraneo, raggiungendo l&#8217;Italia, la Francia (sapone di Marsiglia) e la Spagna (sapone di Castiglia).<\/p>\n<p>I suoi produttori fanno sempre riferimento a un aspetto che lo rende unico e gli conferisce una mistica speciale: il sole siriano, sotto il quale il sapone si asciuga nella fase finale della sua produzione.<\/p>\n<p><strong>Egitto 1500 aC:<\/strong> Per pulirsi, gli Egizi usavano come sapone una miscela ottenuta da natron (un minerale carbonato di sodio estratto dai laghi salati), terra di folla (un&#8217;argilla poco elastica che ha la propriet\u00e0 di assorbire le sostanze grasse) e lupini macerati.<\/p>\n<p>Nel papiro Ebers, del 1500 a.C., \u00e8 riportato che gli egiziani utilizzavano una pasta saponosa di cenere e argilla mescolata con oli naturali, una risorsa cosmetica essenziale per l&#8217;\u00e9lite egiziana.<\/p>\n<p><strong>Fenici 1.200 aC:<\/strong> I Fenici producevano sapone con olio d&#8217;oliva e soda caustica (o carbonato di sodio) ottenuta dalle ceneri della combustione di piante alofite (piante che vivono nelle saline) come la salicornia o la salsola.<\/p>\n<p><strong>Celti 900 a.C.:<\/strong> usavano grasso di capra e cenere di betulla per produrre i loro saponi.<\/p>\n<p><strong>Grecia ed Etruschi 500 aC:<\/strong> si lavavano strofinando sul corpo una miscela di oli aromatici e sabbia o cenere, che poi rimuovevano con uno strigile.<\/p>\n<p><strong>Popoli germanici e gallici 300 aC:<\/strong> il sapone era, secondo lo storico romano Plinio, un&#8217;invenzione gallica. I Galli preparavano i loro saponi con cenere di faggio e sego o grasso di cinghiale e lo usavano, secondo Plinio, per tingere i loro lunghi capelli di biondo o di rosso.<\/p>\n<p>L&#8217;odore del grasso rancido era barbaro per i romani.<\/p>\n<p><strong>Arabia 200 a.C.:<\/strong> Nel III secolo a.C. In Arabia il sapone veniva prodotto cuocendo una miscela a base di potassa, alcali derivati \u200b\u200bdalle ceneri, olio di sesamo e limone.<\/p>\n<p><strong>Al Andalus VIII secolo:<\/strong> gli arabi costruirono la prima grande fabbrica di sapone europea alla fine del X secolo ad Al Andalus, a Siviglia. Nella valle del Guadalquivir, dove c&#8217;erano grandi uliveti e paludi, si ottenevano le materie prime necessarie per realizzare un sapone che quattro secoli dopo sarebbe stato conosciuto come sapone di Castiglia. Nonostante ci\u00f2, in Andalusia le fabbriche di sapone continuarono ad essere chiamate con il nome arabo (almona).<\/p>\n<p><strong>Castiglia XIV secolo:<\/strong> viene prodotto il sapone di Castiglia, ottenuto da oli vegetali anzich\u00e9 grassi animali, il che significa che poteva essere utilizzato per l&#8217;igiene personale. Da allora, gli europei sono diventati pi\u00f9 puliti e le principali pandemie hanno cominciato a scomparire.<\/p>\n<p><strong>Marsiglia XIV secolo:<\/strong> Le famose fabbriche di sapone di Marsiglia furono fondate nel XIV secolo. Questo sapone veniva tradizionalmente preparato con olio d&#8217;oliva, acqua del Mediterraneo e soda caustica ricavata dalle ceneri dell&#8217;alloro. Come il sapone di Aleppo, anche questo viene prodotto ancora oggi.<\/p>\n<p><strong>Messico 1575:<\/strong> viene costruita un&#8217;almona a Citt\u00e0 del Messico. Il sapone che vi veniva prodotto era quello usato dai messicani, a base di tequesquite, un minerale ricco di soda, e di alcune piante. Nel XVII secolo sappiamo dell&#8217;esistenza di una fabbrica di sapone a Guayaquil che produceva sapone dal sego di mucca e dalle ceneri d&#8217;erba.<\/p>\n<p><strong>Guayaquil XVII secolo:<\/strong> fabbrica di sapone a Guayaquil che produceva sapone dal sego di mucca e dalla cenere di erba.<\/p>\n","protected":false},"excerpt":{"rendered":"<p>Il burro di karit\u00e8 \u00e8 uno degli ingredienti pi\u00f9 idratanti che ci siano. Ha un elevato potere nutritivo ed idratante, particolarmente indicato per recuperare la naturale elasticit\u00e0 della pelle.<\/p>\n<p>Questo sapone \u00e8 realizzato a mano a Marsiglia seguendo metodi antichi e ricette ancestrali utilizzando ingredienti completamente naturali: acqua del mare Mediterraneo, olio essenziale di sandalo, oli vegetali di alta qualit\u00e0 e carbonato di sodio. \u00c8 biodegradabile al 100%.<\/p>\n<p><\/p>\n<p><strong>Dimensioni:<\/strong> 125 g<\/p>\n","protected":false},"featured_media":13225,"template":"","meta":{"_joinchat":[]},"product_brand":[],"product_cat":[344],"product_tag":[],"class_list":{"0":"post-13472","1":"product","2":"type-product","3":"status-publish","4":"has-post-thumbnail","6":"product_cat-saponi","8":"first","9":"instock","10":"taxable","11":"shipping-taxable","12":"purchasable","13":"product-type-simple"},"yoast_head":"<!-- This site is optimized with the Yoast SEO plugin v27.1.1 - https:\/\/yoast.com\/product\/yoast-seo-wordpress\/ -->\n<title>Sapone con Karit\u00e8 e Seta: Negozio Sciamanico<\/title>\n<meta name=\"description\" content=\"Sapone al burro di karit\u00e8: Ha un elevato potere nutritivo ed idratante, particolarmente indicato per recuperare la naturale elasticit\u00e0 della pelle.\" \/>\n<meta name=\"robots\" content=\"index, follow, max-snippet:-1, max-image-preview:large, max-video-preview:-1\" \/>\n<link rel=\"canonical\" href=\"https:\/\/www.sinchisinchi.com\/it\/producto\/shea-und-seide\/\" \/>\n<meta property=\"og:locale\" content=\"it_IT\" \/>\n<meta property=\"og:type\" content=\"article\" \/>\n<meta property=\"og:title\" content=\"Sapone con Karit\u00e8 e Seta: Negozio Sciamanico\" \/>\n<meta property=\"og:description\" content=\"Sapone al burro di karit\u00e8: Ha un elevato potere nutritivo ed idratante, particolarmente indicato per recuperare la naturale elasticit\u00e0 della pelle.\" \/>\n<meta property=\"og:url\" content=\"https:\/\/www.sinchisinchi.com\/it\/producto\/shea-und-seide\/\" \/>\n<meta property=\"og:site_name\" content=\"SINCHI RAP\u00c9\" \/>\n<meta property=\"article:publisher\" content=\"https:\/\/www.facebook.com\/sinchirape\/\" \/>\n<meta property=\"article:modified_time\" content=\"2024-07-03T10:07:00+00:00\" \/>\n<meta property=\"og:image\" content=\"https:\/\/www.sinchisinchi.com\/wp-content\/uploads\/2024\/04\/7-karite-y-seda.jpeg\" \/>\n\t<meta property=\"og:image:width\" content=\"750\" \/>\n\t<meta property=\"og:image:height\" content=\"750\" \/>\n\t<meta property=\"og:image:type\" content=\"image\/jpeg\" \/>\n<meta name=\"twitter:card\" content=\"summary_large_image\" \/>\n<meta name=\"twitter:label1\" content=\"Tempo di lettura stimato\" \/>\n\t<meta name=\"twitter:data1\" content=\"4 minuti\" \/>\n<script type=\"application\/ld+json\" class=\"yoast-schema-graph\">{\"@context\":\"https:\/\/schema.org\",\"@graph\":[{\"@type\":\"WebPage\",\"@id\":\"https:\/\/www.sinchisinchi.com\/it\/producto\/shea-und-seide\/\",\"url\":\"https:\/\/www.sinchisinchi.com\/it\/producto\/shea-und-seide\/\",\"name\":\"Sapone con Karit\u00e8 e Seta: Negozio Sciamanico\",\"isPartOf\":{\"@id\":\"https:\/\/www.sinchisinchi.com\/it\/#website\"},\"primaryImageOfPage\":{\"@id\":\"https:\/\/www.sinchisinchi.com\/it\/producto\/shea-und-seide\/#primaryimage\"},\"image\":{\"@id\":\"https:\/\/www.sinchisinchi.com\/it\/producto\/shea-und-seide\/#primaryimage\"},\"thumbnailUrl\":\"https:\/\/www.sinchisinchi.com\/wp-content\/uploads\/2024\/04\/7-karite-y-seda.jpeg\",\"datePublished\":\"2024-04-22T12:03:01+00:00\",\"dateModified\":\"2024-07-03T10:07:00+00:00\",\"description\":\"Sapone al burro di karit\u00e8: Ha un elevato potere nutritivo ed idratante, particolarmente indicato per recuperare la naturale elasticit\u00e0 della pelle.\",\"breadcrumb\":{\"@id\":\"https:\/\/www.sinchisinchi.com\/it\/producto\/shea-und-seide\/#breadcrumb\"},\"inLanguage\":\"it-IT\",\"potentialAction\":[{\"@type\":\"ReadAction\",\"target\":[\"https:\/\/www.sinchisinchi.com\/it\/producto\/shea-und-seide\/\"]}]},{\"@type\":\"ImageObject\",\"inLanguage\":\"it-IT\",\"@id\":\"https:\/\/www.sinchisinchi.com\/it\/producto\/shea-und-seide\/#primaryimage\",\"url\":\"https:\/\/www.sinchisinchi.com\/wp-content\/uploads\/2024\/04\/7-karite-y-seda.jpeg\",\"contentUrl\":\"https:\/\/www.sinchisinchi.com\/wp-content\/uploads\/2024\/04\/7-karite-y-seda.jpeg\",\"width\":750,\"height\":750},{\"@type\":\"BreadcrumbList\",\"@id\":\"https:\/\/www.sinchisinchi.com\/it\/producto\/shea-und-seide\/#breadcrumb\",\"itemListElement\":[{\"@type\":\"ListItem\",\"position\":1,\"name\":\"Prima pagina\",\"item\":\"https:\/\/www.sinchisinchi.com\/it\/\"},{\"@type\":\"ListItem\",\"position\":2,\"name\":\"Prodotti\",\"item\":\"https:\/\/www.sinchisinchi.com\/it\/shop\/\"},{\"@type\":\"ListItem\",\"position\":3,\"name\":\"Shea und Seide\"}]},{\"@type\":\"WebSite\",\"@id\":\"https:\/\/www.sinchisinchi.com\/it\/#website\",\"url\":\"https:\/\/www.sinchisinchi.com\/it\/\",\"name\":\"SINCHI\",\"description\":\"Sinchi Medicine\",\"publisher\":{\"@id\":\"https:\/\/www.sinchisinchi.com\/it\/#organization\"},\"potentialAction\":[{\"@type\":\"SearchAction\",\"target\":{\"@type\":\"EntryPoint\",\"urlTemplate\":\"https:\/\/www.sinchisinchi.com\/it\/?s={search_term_string}\"},\"query-input\":{\"@type\":\"PropertyValueSpecification\",\"valueRequired\":true,\"valueName\":\"search_term_string\"}}],\"inLanguage\":\"it-IT\"},{\"@type\":\"Organization\",\"@id\":\"https:\/\/www.sinchisinchi.com\/it\/#organization\",\"name\":\"SINCHI S.L\",\"url\":\"https:\/\/www.sinchisinchi.com\/it\/\",\"logo\":{\"@type\":\"ImageObject\",\"inLanguage\":\"it-IT\",\"@id\":\"https:\/\/www.sinchisinchi.com\/it\/#\/schema\/logo\/image\/\",\"url\":\"https:\/\/www.sinchisinchi.com\/wp-content\/uploads\/2026\/01\/3b-Verde-SIMPLIFICADO-HORIZONTAL-F-TRANSPARENTE-scaled.png\",\"contentUrl\":\"https:\/\/www.sinchisinchi.com\/wp-content\/uploads\/2026\/01\/3b-Verde-SIMPLIFICADO-HORIZONTAL-F-TRANSPARENTE-scaled.png\",\"width\":2560,\"height\":457,\"caption\":\"SINCHI S.L\"},\"image\":{\"@id\":\"https:\/\/www.sinchisinchi.com\/it\/#\/schema\/logo\/image\/\"},\"sameAs\":[\"https:\/\/www.facebook.com\/sinchirape\/\",\"https:\/\/www.instagram.com\/sinchi_rape\/\"]}]}<\/script>\n<!-- \/ Yoast SEO plugin. -->","yoast_head_json":{"title":"Sapone con Karit\u00e8 e Seta: Negozio Sciamanico","description":"Sapone al burro di karit\u00e8: Ha un elevato potere nutritivo ed idratante, particolarmente indicato per recuperare la naturale elasticit\u00e0 della pelle.","robots":{"index":"index","follow":"follow","max-snippet":"max-snippet:-1","max-image-preview":"max-image-preview:large","max-video-preview":"max-video-preview:-1"},"canonical":"https:\/\/www.sinchisinchi.com\/it\/producto\/shea-und-seide\/","og_locale":"it_IT","og_type":"article","og_title":"Sapone con Karit\u00e8 e Seta: Negozio Sciamanico","og_description":"Sapone al burro di karit\u00e8: Ha un elevato potere nutritivo ed idratante, particolarmente indicato per recuperare la naturale elasticit\u00e0 della pelle.","og_url":"https:\/\/www.sinchisinchi.com\/it\/producto\/shea-und-seide\/","og_site_name":"SINCHI RAP\u00c9","article_publisher":"https:\/\/www.facebook.com\/sinchirape\/","article_modified_time":"2024-07-03T10:07:00+00:00","og_image":[{"width":750,"height":750,"url":"https:\/\/www.sinchisinchi.com\/wp-content\/uploads\/2024\/04\/7-karite-y-seda.jpeg","type":"image\/jpeg"}],"twitter_card":"summary_large_image","twitter_misc":{"Tempo di lettura stimato":"4 minuti"},"schema":{"@context":"https:\/\/schema.org","@graph":[{"@type":"WebPage","@id":"https:\/\/www.sinchisinchi.com\/it\/producto\/shea-und-seide\/","url":"https:\/\/www.sinchisinchi.com\/it\/producto\/shea-und-seide\/","name":"Sapone con Karit\u00e8 e Seta: Negozio Sciamanico","isPartOf":{"@id":"https:\/\/www.sinchisinchi.com\/it\/#website"},"primaryImageOfPage":{"@id":"https:\/\/www.sinchisinchi.com\/it\/producto\/shea-und-seide\/#primaryimage"},"image":{"@id":"https:\/\/www.sinchisinchi.com\/it\/producto\/shea-und-seide\/#primaryimage"},"thumbnailUrl":"https:\/\/www.sinchisinchi.com\/wp-content\/uploads\/2024\/04\/7-karite-y-seda.jpeg","datePublished":"2024-04-22T12:03:01+00:00","dateModified":"2024-07-03T10:07:00+00:00","description":"Sapone al burro di karit\u00e8: Ha un elevato potere nutritivo ed idratante, particolarmente indicato per recuperare la naturale elasticit\u00e0 della pelle.","breadcrumb":{"@id":"https:\/\/www.sinchisinchi.com\/it\/producto\/shea-und-seide\/#breadcrumb"},"inLanguage":"it-IT","potentialAction":[{"@type":"ReadAction","target":["https:\/\/www.sinchisinchi.com\/it\/producto\/shea-und-seide\/"]}]},{"@type":"ImageObject","inLanguage":"it-IT","@id":"https:\/\/www.sinchisinchi.com\/it\/producto\/shea-und-seide\/#primaryimage","url":"https:\/\/www.sinchisinchi.com\/wp-content\/uploads\/2024\/04\/7-karite-y-seda.jpeg","contentUrl":"https:\/\/www.sinchisinchi.com\/wp-content\/uploads\/2024\/04\/7-karite-y-seda.jpeg","width":750,"height":750},{"@type":"BreadcrumbList","@id":"https:\/\/www.sinchisinchi.com\/it\/producto\/shea-und-seide\/#breadcrumb","itemListElement":[{"@type":"ListItem","position":1,"name":"Prima pagina","item":"https:\/\/www.sinchisinchi.com\/it\/"},{"@type":"ListItem","position":2,"name":"Prodotti","item":"https:\/\/www.sinchisinchi.com\/it\/shop\/"},{"@type":"ListItem","position":3,"name":"Shea und Seide"}]},{"@type":"WebSite","@id":"https:\/\/www.sinchisinchi.com\/it\/#website","url":"https:\/\/www.sinchisinchi.com\/it\/","name":"SINCHI","description":"Sinchi Medicine","publisher":{"@id":"https:\/\/www.sinchisinchi.com\/it\/#organization"},"potentialAction":[{"@type":"SearchAction","target":{"@type":"EntryPoint","urlTemplate":"https:\/\/www.sinchisinchi.com\/it\/?s={search_term_string}"},"query-input":{"@type":"PropertyValueSpecification","valueRequired":true,"valueName":"search_term_string"}}],"inLanguage":"it-IT"},{"@type":"Organization","@id":"https:\/\/www.sinchisinchi.com\/it\/#organization","name":"SINCHI S.L","url":"https:\/\/www.sinchisinchi.com\/it\/","logo":{"@type":"ImageObject","inLanguage":"it-IT","@id":"https:\/\/www.sinchisinchi.com\/it\/#\/schema\/logo\/image\/","url":"https:\/\/www.sinchisinchi.com\/wp-content\/uploads\/2026\/01\/3b-Verde-SIMPLIFICADO-HORIZONTAL-F-TRANSPARENTE-scaled.png","contentUrl":"https:\/\/www.sinchisinchi.com\/wp-content\/uploads\/2026\/01\/3b-Verde-SIMPLIFICADO-HORIZONTAL-F-TRANSPARENTE-scaled.png","width":2560,"height":457,"caption":"SINCHI S.L"},"image":{"@id":"https:\/\/www.sinchisinchi.com\/it\/#\/schema\/logo\/image\/"},"sameAs":["https:\/\/www.facebook.com\/sinchirape\/","https:\/\/www.instagram.com\/sinchi_rape\/"]}]}},"_links":{"self":[{"href":"https:\/\/www.sinchisinchi.com\/it\/wp-json\/wp\/v2\/product\/13472","targetHints":{"allow":["GET"]}}],"collection":[{"href":"https:\/\/www.sinchisinchi.com\/it\/wp-json\/wp\/v2\/product"}],"about":[{"href":"https:\/\/www.sinchisinchi.com\/it\/wp-json\/wp\/v2\/types\/product"}],"wp:featuredmedia":[{"embeddable":true,"href":"https:\/\/www.sinchisinchi.com\/it\/wp-json\/wp\/v2\/media\/13225"}],"wp:attachment":[{"href":"https:\/\/www.sinchisinchi.com\/it\/wp-json\/wp\/v2\/media?parent=13472"}],"wp:term":[{"taxonomy":"product_brand","embeddable":true,"href":"https:\/\/www.sinchisinchi.com\/it\/wp-json\/wp\/v2\/product_brand?post=13472"},{"taxonomy":"product_cat","embeddable":true,"href":"https:\/\/www.sinchisinchi.com\/it\/wp-json\/wp\/v2\/product_cat?post=13472"},{"taxonomy":"product_tag","embeddable":true,"href":"https:\/\/www.sinchisinchi.com\/it\/wp-json\/wp\/v2\/product_tag?post=13472"}],"curies":[{"name":"wp","href":"https:\/\/api.w.org\/{rel}","templated":true}]}}