{"id":13492,"date":"2024-04-23T09:59:43","date_gmt":"2024-04-23T09:59:43","guid":{"rendered":"https:\/\/www.sinchisinchi.com\/producto\/polvere-di-mapacho-moi\/"},"modified":"2024-04-23T09:59:43","modified_gmt":"2024-04-23T09:59:43","slug":"polvere-di-mapacho-moi","status":"publish","type":"product","link":"https:\/\/www.sinchisinchi.com\/it\/producto\/polvere-di-mapacho-moi\/","title":{"rendered":"Polvere di Mapacho M\u00f3i"},"content":{"rendered":"<p>Il Mapacho M\u00f3i viene raccolto nella regione dell&#8217;Alto Juru\u00e1, dove si incontrano i confini del Per\u00f9 e dello stato di Acre, dopo la citt\u00e0 di Marechal Thaumaturgo. L\u00ec il popolo Ribeirinho si \u00e8 insediato in un&#8217;area che oggi costituisce una riserva.<\/p>\n<p>I Ribeirinho provengono dalla regione nord-orientale del Brasile o, almeno, discendono da una stirpe di nord-orientali fuggiti dalla regione un secolo fa per sfuggire alla crisi della gomma.<\/p>\n<p>La storia dei Ribeirinhos \u00e8 ricca e diversificata, i primi membri della loro comunit\u00e0 arrivarono sulle rive dei fiumi e sulle spiagge dove risiedono oggi. Le loro piantagioni seguono un senso di autosufficienza e responsabilit\u00e0 ambientale, preservando le foreste e i fiumi che le circondano.<\/p>\n","protected":false},"excerpt":{"rendered":"<p>M\u00f3i \u00e8 il nome con cui i brasiliani chiamano Mapacho (nome usato da altre regioni, soprattutto in Per\u00f9).<\/p>\n<p>M\u00f3i \u00e8 una variante raffinata e di qualit\u00e0 superiore del comune Mapacho, raccolto e prodotto come ingrediente medicinale, soprattutto nello stato settentrionale di Acre.<\/p>\n<p>Il Mapacho M\u00f3i \u00e8 coltivato con metodo biologico, secondo le antiche tradizioni della gente di Ribeirinho, tramandate di generazione in generazione.<\/p>\n<p>Regione di origine: Alto Juru\u00e1, Acre, Brasile<\/p>\n","protected":false},"featured_media":13461,"template":"","meta":{"_joinchat":[]},"product_brand":[],"product_cat":[325],"product_tag":[],"class_list":{"0":"post-13492","1":"product","2":"type-product","3":"status-publish","4":"has-post-thumbnail","6":"product_cat-mapacho-roll-it","8":"first","9":"instock","10":"taxable","11":"shipping-taxable","12":"purchasable","13":"product-type-simple"},"yoast_head":"<!-- This site is optimized with the Yoast SEO plugin v27.4 - https:\/\/yoast.com\/product\/yoast-seo-wordpress\/ -->\n<title>Polvere Mapacho M\u00f3i: Negozio Sciamanico Sinchi<\/title>\n<meta name=\"description\" content=\"M\u00f3i \u00e8 una variante raffinata e di qualit\u00e0 superiore del comune Mapacho, raccolto e prodotto come ingrediente medicinale nello stato settentrionale di Acre.\" \/>\n<meta name=\"robots\" content=\"index, follow, max-snippet:-1, max-image-preview:large, max-video-preview:-1\" \/>\n<link rel=\"canonical\" href=\"https:\/\/www.sinchisinchi.com\/it\/producto\/polvere-di-mapacho-moi\/\" \/>\n<meta property=\"og:locale\" content=\"it_IT\" \/>\n<meta property=\"og:type\" content=\"article\" \/>\n<meta property=\"og:title\" content=\"Polvere Mapacho M\u00f3i: Negozio Sciamanico Sinchi\" \/>\n<meta property=\"og:description\" content=\"M\u00f3i \u00e8 una variante raffinata e di qualit\u00e0 superiore del comune Mapacho, raccolto e prodotto come ingrediente medicinale nello stato settentrionale di Acre.\" \/>\n<meta property=\"og:url\" content=\"https:\/\/www.sinchisinchi.com\/it\/producto\/polvere-di-mapacho-moi\/\" \/>\n<meta property=\"og:site_name\" content=\"SINCHI RAP\u00c9\" \/>\n<meta property=\"article:publisher\" content=\"https:\/\/www.facebook.com\/sinchirape\/\" \/>\n<meta property=\"og:image\" content=\"https:\/\/www.sinchisinchi.com\/wp-content\/uploads\/2024\/04\/Moi-Polvo.jpg\" \/>\n\t<meta property=\"og:image:width\" content=\"900\" \/>\n\t<meta property=\"og:image:height\" content=\"900\" \/>\n\t<meta property=\"og:image:type\" content=\"image\/jpeg\" \/>\n<meta name=\"twitter:card\" content=\"summary_large_image\" \/>\n<meta name=\"twitter:label1\" content=\"Tempo di lettura stimato\" \/>\n\t<meta name=\"twitter:data1\" content=\"1 minuto\" \/>\n<script type=\"application\/ld+json\" class=\"yoast-schema-graph\">{\"@context\":\"https:\\\/\\\/schema.org\",\"@graph\":[{\"@type\":\"WebPage\",\"@id\":\"https:\\\/\\\/www.sinchisinchi.com\\\/it\\\/producto\\\/polvere-di-mapacho-moi\\\/\",\"url\":\"https:\\\/\\\/www.sinchisinchi.com\\\/it\\\/producto\\\/polvere-di-mapacho-moi\\\/\",\"name\":\"Polvere Mapacho M\u00f3i: Negozio Sciamanico Sinchi\",\"isPartOf\":{\"@id\":\"https:\\\/\\\/www.sinchisinchi.com\\\/it\\\/#website\"},\"primaryImageOfPage\":{\"@id\":\"https:\\\/\\\/www.sinchisinchi.com\\\/it\\\/producto\\\/polvere-di-mapacho-moi\\\/#primaryimage\"},\"image\":{\"@id\":\"https:\\\/\\\/www.sinchisinchi.com\\\/it\\\/producto\\\/polvere-di-mapacho-moi\\\/#primaryimage\"},\"thumbnailUrl\":\"https:\\\/\\\/www.sinchisinchi.com\\\/wp-content\\\/uploads\\\/2024\\\/04\\\/Moi-Polvo.jpg\",\"datePublished\":\"2024-04-23T09:59:43+00:00\",\"description\":\"M\u00f3i \u00e8 una variante raffinata e di qualit\u00e0 superiore del comune Mapacho, raccolto e prodotto come ingrediente medicinale nello stato settentrionale di Acre.\",\"breadcrumb\":{\"@id\":\"https:\\\/\\\/www.sinchisinchi.com\\\/it\\\/producto\\\/polvere-di-mapacho-moi\\\/#breadcrumb\"},\"inLanguage\":\"it-IT\",\"potentialAction\":[{\"@type\":\"ReadAction\",\"target\":[\"https:\\\/\\\/www.sinchisinchi.com\\\/it\\\/producto\\\/polvere-di-mapacho-moi\\\/\"]}]},{\"@type\":\"ImageObject\",\"inLanguage\":\"it-IT\",\"@id\":\"https:\\\/\\\/www.sinchisinchi.com\\\/it\\\/producto\\\/polvere-di-mapacho-moi\\\/#primaryimage\",\"url\":\"https:\\\/\\\/www.sinchisinchi.com\\\/wp-content\\\/uploads\\\/2024\\\/04\\\/Moi-Polvo.jpg\",\"contentUrl\":\"https:\\\/\\\/www.sinchisinchi.com\\\/wp-content\\\/uploads\\\/2024\\\/04\\\/Moi-Polvo.jpg\",\"width\":900,\"height\":900},{\"@type\":\"BreadcrumbList\",\"@id\":\"https:\\\/\\\/www.sinchisinchi.com\\\/it\\\/producto\\\/polvere-di-mapacho-moi\\\/#breadcrumb\",\"itemListElement\":[{\"@type\":\"ListItem\",\"position\":1,\"name\":\"Prima pagina\",\"item\":\"https:\\\/\\\/www.sinchisinchi.com\\\/it\\\/\"},{\"@type\":\"ListItem\",\"position\":2,\"name\":\"Prodotti\",\"item\":\"https:\\\/\\\/www.sinchisinchi.com\\\/it\\\/shop\\\/\"},{\"@type\":\"ListItem\",\"position\":3,\"name\":\"Polvere di Mapacho M\u00f3i\"}]},{\"@type\":\"WebSite\",\"@id\":\"https:\\\/\\\/www.sinchisinchi.com\\\/it\\\/#website\",\"url\":\"https:\\\/\\\/www.sinchisinchi.com\\\/it\\\/\",\"name\":\"SINCHI\",\"description\":\"Sinchi Medicine\",\"publisher\":{\"@id\":\"https:\\\/\\\/www.sinchisinchi.com\\\/it\\\/#organization\"},\"potentialAction\":[{\"@type\":\"SearchAction\",\"target\":{\"@type\":\"EntryPoint\",\"urlTemplate\":\"https:\\\/\\\/www.sinchisinchi.com\\\/it\\\/?s={search_term_string}\"},\"query-input\":{\"@type\":\"PropertyValueSpecification\",\"valueRequired\":true,\"valueName\":\"search_term_string\"}}],\"inLanguage\":\"it-IT\"},{\"@type\":\"Organization\",\"@id\":\"https:\\\/\\\/www.sinchisinchi.com\\\/it\\\/#organization\",\"name\":\"SINCHI S.L\",\"url\":\"https:\\\/\\\/www.sinchisinchi.com\\\/it\\\/\",\"logo\":{\"@type\":\"ImageObject\",\"inLanguage\":\"it-IT\",\"@id\":\"https:\\\/\\\/www.sinchisinchi.com\\\/it\\\/#\\\/schema\\\/logo\\\/image\\\/\",\"url\":\"https:\\\/\\\/www.sinchisinchi.com\\\/wp-content\\\/uploads\\\/2026\\\/01\\\/3b-Verde-SIMPLIFICADO-HORIZONTAL-F-TRANSPARENTE-scaled.png\",\"contentUrl\":\"https:\\\/\\\/www.sinchisinchi.com\\\/wp-content\\\/uploads\\\/2026\\\/01\\\/3b-Verde-SIMPLIFICADO-HORIZONTAL-F-TRANSPARENTE-scaled.png\",\"width\":2560,\"height\":457,\"caption\":\"SINCHI S.L\"},\"image\":{\"@id\":\"https:\\\/\\\/www.sinchisinchi.com\\\/it\\\/#\\\/schema\\\/logo\\\/image\\\/\"},\"sameAs\":[\"https:\\\/\\\/www.facebook.com\\\/sinchirape\\\/\",\"https:\\\/\\\/www.instagram.com\\\/sinchi_rape\\\/\"]}]}<\/script>\n<!-- \/ Yoast SEO plugin. -->","yoast_head_json":{"title":"Polvere Mapacho M\u00f3i: Negozio Sciamanico Sinchi","description":"M\u00f3i \u00e8 una variante raffinata e di qualit\u00e0 superiore del comune Mapacho, raccolto e prodotto come ingrediente medicinale nello stato settentrionale di Acre.","robots":{"index":"index","follow":"follow","max-snippet":"max-snippet:-1","max-image-preview":"max-image-preview:large","max-video-preview":"max-video-preview:-1"},"canonical":"https:\/\/www.sinchisinchi.com\/it\/producto\/polvere-di-mapacho-moi\/","og_locale":"it_IT","og_type":"article","og_title":"Polvere Mapacho M\u00f3i: Negozio Sciamanico Sinchi","og_description":"M\u00f3i \u00e8 una variante raffinata e di qualit\u00e0 superiore del comune Mapacho, raccolto e prodotto come ingrediente medicinale nello stato settentrionale di Acre.","og_url":"https:\/\/www.sinchisinchi.com\/it\/producto\/polvere-di-mapacho-moi\/","og_site_name":"SINCHI RAP\u00c9","article_publisher":"https:\/\/www.facebook.com\/sinchirape\/","og_image":[{"width":900,"height":900,"url":"https:\/\/www.sinchisinchi.com\/wp-content\/uploads\/2024\/04\/Moi-Polvo.jpg","type":"image\/jpeg"}],"twitter_card":"summary_large_image","twitter_misc":{"Tempo di lettura stimato":"1 minuto"},"schema":{"@context":"https:\/\/schema.org","@graph":[{"@type":"WebPage","@id":"https:\/\/www.sinchisinchi.com\/it\/producto\/polvere-di-mapacho-moi\/","url":"https:\/\/www.sinchisinchi.com\/it\/producto\/polvere-di-mapacho-moi\/","name":"Polvere Mapacho M\u00f3i: Negozio Sciamanico Sinchi","isPartOf":{"@id":"https:\/\/www.sinchisinchi.com\/it\/#website"},"primaryImageOfPage":{"@id":"https:\/\/www.sinchisinchi.com\/it\/producto\/polvere-di-mapacho-moi\/#primaryimage"},"image":{"@id":"https:\/\/www.sinchisinchi.com\/it\/producto\/polvere-di-mapacho-moi\/#primaryimage"},"thumbnailUrl":"https:\/\/www.sinchisinchi.com\/wp-content\/uploads\/2024\/04\/Moi-Polvo.jpg","datePublished":"2024-04-23T09:59:43+00:00","description":"M\u00f3i \u00e8 una variante raffinata e di qualit\u00e0 superiore del comune Mapacho, raccolto e prodotto come ingrediente medicinale nello stato settentrionale di Acre.","breadcrumb":{"@id":"https:\/\/www.sinchisinchi.com\/it\/producto\/polvere-di-mapacho-moi\/#breadcrumb"},"inLanguage":"it-IT","potentialAction":[{"@type":"ReadAction","target":["https:\/\/www.sinchisinchi.com\/it\/producto\/polvere-di-mapacho-moi\/"]}]},{"@type":"ImageObject","inLanguage":"it-IT","@id":"https:\/\/www.sinchisinchi.com\/it\/producto\/polvere-di-mapacho-moi\/#primaryimage","url":"https:\/\/www.sinchisinchi.com\/wp-content\/uploads\/2024\/04\/Moi-Polvo.jpg","contentUrl":"https:\/\/www.sinchisinchi.com\/wp-content\/uploads\/2024\/04\/Moi-Polvo.jpg","width":900,"height":900},{"@type":"BreadcrumbList","@id":"https:\/\/www.sinchisinchi.com\/it\/producto\/polvere-di-mapacho-moi\/#breadcrumb","itemListElement":[{"@type":"ListItem","position":1,"name":"Prima pagina","item":"https:\/\/www.sinchisinchi.com\/it\/"},{"@type":"ListItem","position":2,"name":"Prodotti","item":"https:\/\/www.sinchisinchi.com\/it\/shop\/"},{"@type":"ListItem","position":3,"name":"Polvere di Mapacho M\u00f3i"}]},{"@type":"WebSite","@id":"https:\/\/www.sinchisinchi.com\/it\/#website","url":"https:\/\/www.sinchisinchi.com\/it\/","name":"SINCHI","description":"Sinchi Medicine","publisher":{"@id":"https:\/\/www.sinchisinchi.com\/it\/#organization"},"potentialAction":[{"@type":"SearchAction","target":{"@type":"EntryPoint","urlTemplate":"https:\/\/www.sinchisinchi.com\/it\/?s={search_term_string}"},"query-input":{"@type":"PropertyValueSpecification","valueRequired":true,"valueName":"search_term_string"}}],"inLanguage":"it-IT"},{"@type":"Organization","@id":"https:\/\/www.sinchisinchi.com\/it\/#organization","name":"SINCHI S.L","url":"https:\/\/www.sinchisinchi.com\/it\/","logo":{"@type":"ImageObject","inLanguage":"it-IT","@id":"https:\/\/www.sinchisinchi.com\/it\/#\/schema\/logo\/image\/","url":"https:\/\/www.sinchisinchi.com\/wp-content\/uploads\/2026\/01\/3b-Verde-SIMPLIFICADO-HORIZONTAL-F-TRANSPARENTE-scaled.png","contentUrl":"https:\/\/www.sinchisinchi.com\/wp-content\/uploads\/2026\/01\/3b-Verde-SIMPLIFICADO-HORIZONTAL-F-TRANSPARENTE-scaled.png","width":2560,"height":457,"caption":"SINCHI S.L"},"image":{"@id":"https:\/\/www.sinchisinchi.com\/it\/#\/schema\/logo\/image\/"},"sameAs":["https:\/\/www.facebook.com\/sinchirape\/","https:\/\/www.instagram.com\/sinchi_rape\/"]}]}},"_links":{"self":[{"href":"https:\/\/www.sinchisinchi.com\/it\/wp-json\/wp\/v2\/product\/13492","targetHints":{"allow":["GET"]}}],"collection":[{"href":"https:\/\/www.sinchisinchi.com\/it\/wp-json\/wp\/v2\/product"}],"about":[{"href":"https:\/\/www.sinchisinchi.com\/it\/wp-json\/wp\/v2\/types\/product"}],"wp:featuredmedia":[{"embeddable":true,"href":"https:\/\/www.sinchisinchi.com\/it\/wp-json\/wp\/v2\/media\/13461"}],"wp:attachment":[{"href":"https:\/\/www.sinchisinchi.com\/it\/wp-json\/wp\/v2\/media?parent=13492"}],"wp:term":[{"taxonomy":"product_brand","embeddable":true,"href":"https:\/\/www.sinchisinchi.com\/it\/wp-json\/wp\/v2\/product_brand?post=13492"},{"taxonomy":"product_cat","embeddable":true,"href":"https:\/\/www.sinchisinchi.com\/it\/wp-json\/wp\/v2\/product_cat?post=13492"},{"taxonomy":"product_tag","embeddable":true,"href":"https:\/\/www.sinchisinchi.com\/it\/wp-json\/wp\/v2\/product_tag?post=13492"}],"curies":[{"name":"wp","href":"https:\/\/api.w.org\/{rel}","templated":true}]}}