{"id":13637,"date":"2024-04-24T11:25:31","date_gmt":"2024-04-24T11:25:31","guid":{"rendered":"https:\/\/www.sinchisinchi.com\/producto\/copale-bianco\/"},"modified":"2024-07-05T07:40:56","modified_gmt":"2024-07-05T07:40:56","slug":"copale-bianco","status":"publish","type":"product","link":"https:\/\/www.sinchisinchi.com\/it\/producto\/copale-bianco\/","title":{"rendered":"Copale bianco"},"content":{"rendered":"<h2 style=\"text-align: center;\"><strong>Uso esoterico del Copale<\/strong><\/h2>\n<p>Bruciato come incenso, purifica l&#8217;ambiente, eleva lo spirito, fornisce protezione spirituale e onora gli antenati, allontanando le energie negative e creando un ambiente armonioso.<\/p>\n<p>Il copale viene utilizzato anche nella produzione di tinture e unguenti nella medicina tradizionale per trattare vari disturbi come mal di testa, infezioni respiratorie e problemi della pelle.<\/p>\n<p>Il copale bianco proveniente dal Messico \u00e8 apprezzato per le sue propriet\u00e0 aromatiche ed \u00e8 spesso utilizzato in profumeria e nei prodotti di bellezza naturali. La resina ha un aroma delicato e balsamico e viene spesso aggiunta agli oli essenziali, alle creme e ad altri prodotti per la cura personale.<\/p>\n<h3 style=\"text-align: center;\"><strong>L&#8217;albero copale<\/strong><\/h3>\n<p>Il tipo pi\u00f9 comune e conosciuto di Copal proviene da alberi della<strong> famiglia delle Burseraceae:<\/strong> Bursera aloexylon, B. graveolens e B. jorullensis, sebbene venga estratto anche da alcune specie della famiglia Protium.<\/p>\n<p><strong>Bursera<\/strong> \u00e8 un genere composto da quasi un centinaio di specie diffuse in tutta la Repubblica messicana. Tra le specie Bursera, B. bipinnata \u00e8 quella con la distribuzione geografica pi\u00f9 ampia in Messico: si trova dalla Sonora meridionale all&#8217;Honduras ed \u00e8 assente solo nella penisola dello Yucatan.<\/p>\n<p>Bursera, B. bipinnata \u00e8 la specie abitualmente utilizzata per ottenere il copale bianco, la resina aromatica pi\u00f9 apprezzata e di altissima qualit\u00e0 commerciale; ma anche per la resina che questi alberi rilasciano naturalmente, conosciuta come copale di pietra, copale nero o gomma copale.<\/p>\n<p>Bursera, B. bipinnata \u00e8 un albero basso, con corteccia grigiastra e molto ramificato, la sua altezza media \u00e8 di sei metri, vive in luoghi ripidi e fa parte della transizione tra boschi di pini e querce e boschi bassi di latifoglie.<\/p>\n<p>Si trova in luoghi compresi tra gli 800 ed i 1.600 m di altitudine, con clima generalmente caldo, subumido o secco. In questi luoghi vi \u00e8 una fortissima siccit\u00e0 per pi\u00f9 di quattro mesi all&#8217;anno, che fa s\u00ec che gli alberi perdano tutte le foglie e poi rinverdiscano con le piogge.<\/p>\n<p>La maggior parte dei copale produce fiori all&#8217;inizio della stagione delle piogge, verso la fine di maggio e l&#8217;inizio di giugno. La fioritura \u00e8 rapida e verso la fine di giugno si trovano gi\u00e0 i frutti verdi. In Messico, gli stati che hanno il maggior numero di borse diverse sono Guerrero, Michoac\u00e1n e Oaxaca.<\/p>\n<h3 style=\"text-align: center;\"><strong>Estrazione del copale<\/strong><\/h3>\n<p>La resina di copale viene estratta durante la stagione delle piogge (da luglio a ottobre) dai copaleros, agricoltori specializzati, per avere la resina per le feste dei morti di novembre, che si celebrano in molte case messicane.<\/p>\n<p>I contadini e i copaleros di Jolalpan (Puebla), ad esempio, estraggono la resina copale praticando tagli o graffi con una piccola lama sulla corteccia dei rami pi\u00f9 grossi degli alberi copali, e la resina che sgorga da questi tagli viene diretta verso contenitori appesi legato a ciascuno dei rami dell&#8217;albero.<\/p>\n<p>I copaleros, per evitare di danneggiare l&#8217;albero, effettuano i tagli ogni tre giorni. Man mano che il copale viene depositato nel contenitore, viene ripulito dai resti di foglie e da altre impurit\u00e0; Pi\u00f9 \u00e8 puro e pulito, maggiore \u00e8 il suo valore.<\/p>\n<p>Per raccogliere il copale bianco, in numerose occasioni, i coltivatori di copale si recano in montagna con tutta la famiglia per settimane intere. Ritornano dalla montagna intorno al 15 ottobre, poich\u00e9 il 18 commercializzano il copale in occasione della festa di San Lucas a Tzicatl\u00e1n (Puebla), poich\u00e9 i grossisti vengono a comprare il copale bianco e attraverso loro si realizza la distribuzione. ogni anno in gran parte del Messico.<\/p>\n<p>Il tipo di resina che chiamano copale di pietra, nera o d&#8217;albero \u00e8 quella che gli alberi di copale secernono naturalmente. Oltre al copale bianco e grigio, i <strong>copaleros recuperano<\/strong> frammenti lamellari di corteccia, come trucioli, impregnati di resina copale.<\/p>\n<p>Un altro tipo di copale della Bursera bipinnata \u00e8 il tecopale, una struttura piccola, arrotondata, molto compatta e a configurazione naturale, con pietre di formicaio amalgamate con resina copale. \u00c8 un prodotto particolarmente terapeutico e di valore uguale o maggiore del copale bianco.<\/p>\n","protected":false},"excerpt":{"rendered":"<p>Il Copale Bianco del Messico \u00e8 una resina aromatica prodotta da alberi del genere Bursera, originari del Messico e di altre parti dell&#8217;America Centrale. Questa resina \u00e8 stata utilizzata per migliaia di anni dalle culture indigene della regione nelle pratiche spirituali.<\/p>\n<p>In Messico e in alcuni paesi dell&#8217;America centrale \u00e8 conosciuto come<strong> copal<\/strong> (dal nahuatl, <strong>copalli<\/strong>, che significava resina o incenso).<\/p>\n<p>Il Copale Bianco viene utilizzato nelle cerimonie e anche per la pulizia energetica di persone, luoghi e oggetti.<\/p>\n<p>Il copale bianco \u00e8 il pi\u00f9 pulito e prezioso di tutti. Quando bruciato sprigiona un aroma caratteristico ed accogliente con note resinose, dolci e leggermente agrumate.<\/p>\n<p>Per le culture native dell&#8217;Amazzonia, il fumo di copale \u00e8 considerato un canale per connettersi e comunicare con il divino, purificare lo spirito e purificare le energie negative.<\/p>\n<p><strong>Istruzioni per l&#8217;uso:<\/strong> Accendere un carboncino e versare un po&#8217; di resina sui carboni. La resina si scioglier\u00e0 rilasciando nell&#8217;aria la sua fragranza per diversi minuti.<\/p>\n<p><strong>Formato:<\/strong> 50 g<\/p>\n","protected":false},"featured_media":15761,"template":"","meta":{"_joinchat":[]},"product_brand":[],"product_cat":[337,128],"product_tag":[],"class_list":{"0":"post-13637","1":"product","2":"type-product","3":"status-publish","4":"has-post-thumbnail","6":"product_cat-copale","7":"product_cat-resins-it","9":"first","10":"instock","11":"taxable","12":"shipping-taxable","13":"purchasable","14":"product-type-simple"},"yoast_head":"<!-- This site is optimized with the Yoast SEO plugin v27.4 - https:\/\/yoast.com\/product\/yoast-seo-wordpress\/ -->\n<title>Copale bianco del Messico: negozio online di resine amazzoniche<\/title>\n<meta name=\"description\" content=\"Il copale bianco \u00e8 il pi\u00f9 pulito e pregiato tra tutti: sprigiona un aroma caratteristico ed accogliente con note resinose, dolci e leggermente agrumate.\" \/>\n<meta name=\"robots\" content=\"index, follow, max-snippet:-1, max-image-preview:large, max-video-preview:-1\" \/>\n<link rel=\"canonical\" href=\"https:\/\/www.sinchisinchi.com\/it\/producto\/copale-bianco\/\" \/>\n<meta property=\"og:locale\" content=\"it_IT\" \/>\n<meta property=\"og:type\" content=\"article\" \/>\n<meta property=\"og:title\" content=\"Copale bianco del Messico: negozio online di resine amazzoniche\" \/>\n<meta property=\"og:description\" content=\"Il copale bianco \u00e8 il pi\u00f9 pulito e pregiato tra tutti: sprigiona un aroma caratteristico ed accogliente con note resinose, dolci e leggermente agrumate.\" \/>\n<meta property=\"og:url\" content=\"https:\/\/www.sinchisinchi.com\/it\/producto\/copale-bianco\/\" \/>\n<meta property=\"og:site_name\" content=\"SINCHI RAP\u00c9\" \/>\n<meta property=\"article:publisher\" content=\"https:\/\/www.facebook.com\/sinchirape\/\" \/>\n<meta property=\"article:modified_time\" content=\"2024-07-05T07:40:56+00:00\" \/>\n<meta property=\"og:image\" content=\"https:\/\/www.sinchisinchi.com\/wp-content\/uploads\/2024\/04\/copal-blanco.png\" \/>\n\t<meta property=\"og:image:width\" content=\"600\" \/>\n\t<meta property=\"og:image:height\" content=\"600\" \/>\n\t<meta property=\"og:image:type\" content=\"image\/png\" \/>\n<meta name=\"twitter:card\" content=\"summary_large_image\" \/>\n<meta name=\"twitter:label1\" content=\"Tempo di lettura stimato\" \/>\n\t<meta name=\"twitter:data1\" content=\"3 minuti\" \/>\n<script type=\"application\/ld+json\" class=\"yoast-schema-graph\">{\"@context\":\"https:\\\/\\\/schema.org\",\"@graph\":[{\"@type\":\"WebPage\",\"@id\":\"https:\\\/\\\/www.sinchisinchi.com\\\/it\\\/producto\\\/copale-bianco\\\/\",\"url\":\"https:\\\/\\\/www.sinchisinchi.com\\\/it\\\/producto\\\/copale-bianco\\\/\",\"name\":\"Copale bianco del Messico: negozio online di resine amazzoniche\",\"isPartOf\":{\"@id\":\"https:\\\/\\\/www.sinchisinchi.com\\\/it\\\/#website\"},\"primaryImageOfPage\":{\"@id\":\"https:\\\/\\\/www.sinchisinchi.com\\\/it\\\/producto\\\/copale-bianco\\\/#primaryimage\"},\"image\":{\"@id\":\"https:\\\/\\\/www.sinchisinchi.com\\\/it\\\/producto\\\/copale-bianco\\\/#primaryimage\"},\"thumbnailUrl\":\"https:\\\/\\\/www.sinchisinchi.com\\\/wp-content\\\/uploads\\\/2024\\\/04\\\/copal-blanco.png\",\"datePublished\":\"2024-04-24T11:25:31+00:00\",\"dateModified\":\"2024-07-05T07:40:56+00:00\",\"description\":\"Il copale bianco \u00e8 il pi\u00f9 pulito e pregiato tra tutti: sprigiona un aroma caratteristico ed accogliente con note resinose, dolci e leggermente agrumate.\",\"breadcrumb\":{\"@id\":\"https:\\\/\\\/www.sinchisinchi.com\\\/it\\\/producto\\\/copale-bianco\\\/#breadcrumb\"},\"inLanguage\":\"it-IT\",\"potentialAction\":[{\"@type\":\"ReadAction\",\"target\":[\"https:\\\/\\\/www.sinchisinchi.com\\\/it\\\/producto\\\/copale-bianco\\\/\"]}]},{\"@type\":\"ImageObject\",\"inLanguage\":\"it-IT\",\"@id\":\"https:\\\/\\\/www.sinchisinchi.com\\\/it\\\/producto\\\/copale-bianco\\\/#primaryimage\",\"url\":\"https:\\\/\\\/www.sinchisinchi.com\\\/wp-content\\\/uploads\\\/2024\\\/04\\\/copal-blanco.png\",\"contentUrl\":\"https:\\\/\\\/www.sinchisinchi.com\\\/wp-content\\\/uploads\\\/2024\\\/04\\\/copal-blanco.png\",\"width\":600,\"height\":600},{\"@type\":\"BreadcrumbList\",\"@id\":\"https:\\\/\\\/www.sinchisinchi.com\\\/it\\\/producto\\\/copale-bianco\\\/#breadcrumb\",\"itemListElement\":[{\"@type\":\"ListItem\",\"position\":1,\"name\":\"Prima pagina\",\"item\":\"https:\\\/\\\/www.sinchisinchi.com\\\/it\\\/\"},{\"@type\":\"ListItem\",\"position\":2,\"name\":\"Prodotti\",\"item\":\"https:\\\/\\\/www.sinchisinchi.com\\\/it\\\/shop\\\/\"},{\"@type\":\"ListItem\",\"position\":3,\"name\":\"Copale bianco\"}]},{\"@type\":\"WebSite\",\"@id\":\"https:\\\/\\\/www.sinchisinchi.com\\\/it\\\/#website\",\"url\":\"https:\\\/\\\/www.sinchisinchi.com\\\/it\\\/\",\"name\":\"SINCHI\",\"description\":\"Sinchi Medicine\",\"publisher\":{\"@id\":\"https:\\\/\\\/www.sinchisinchi.com\\\/it\\\/#organization\"},\"potentialAction\":[{\"@type\":\"SearchAction\",\"target\":{\"@type\":\"EntryPoint\",\"urlTemplate\":\"https:\\\/\\\/www.sinchisinchi.com\\\/it\\\/?s={search_term_string}\"},\"query-input\":{\"@type\":\"PropertyValueSpecification\",\"valueRequired\":true,\"valueName\":\"search_term_string\"}}],\"inLanguage\":\"it-IT\"},{\"@type\":\"Organization\",\"@id\":\"https:\\\/\\\/www.sinchisinchi.com\\\/it\\\/#organization\",\"name\":\"SINCHI S.L\",\"url\":\"https:\\\/\\\/www.sinchisinchi.com\\\/it\\\/\",\"logo\":{\"@type\":\"ImageObject\",\"inLanguage\":\"it-IT\",\"@id\":\"https:\\\/\\\/www.sinchisinchi.com\\\/it\\\/#\\\/schema\\\/logo\\\/image\\\/\",\"url\":\"https:\\\/\\\/www.sinchisinchi.com\\\/wp-content\\\/uploads\\\/2026\\\/01\\\/3b-Verde-SIMPLIFICADO-HORIZONTAL-F-TRANSPARENTE-scaled.png\",\"contentUrl\":\"https:\\\/\\\/www.sinchisinchi.com\\\/wp-content\\\/uploads\\\/2026\\\/01\\\/3b-Verde-SIMPLIFICADO-HORIZONTAL-F-TRANSPARENTE-scaled.png\",\"width\":2560,\"height\":457,\"caption\":\"SINCHI S.L\"},\"image\":{\"@id\":\"https:\\\/\\\/www.sinchisinchi.com\\\/it\\\/#\\\/schema\\\/logo\\\/image\\\/\"},\"sameAs\":[\"https:\\\/\\\/www.facebook.com\\\/sinchirape\\\/\",\"https:\\\/\\\/www.instagram.com\\\/sinchi_rape\\\/\"]}]}<\/script>\n<!-- \/ Yoast SEO plugin. -->","yoast_head_json":{"title":"Copale bianco del Messico: negozio online di resine amazzoniche","description":"Il copale bianco \u00e8 il pi\u00f9 pulito e pregiato tra tutti: sprigiona un aroma caratteristico ed accogliente con note resinose, dolci e leggermente agrumate.","robots":{"index":"index","follow":"follow","max-snippet":"max-snippet:-1","max-image-preview":"max-image-preview:large","max-video-preview":"max-video-preview:-1"},"canonical":"https:\/\/www.sinchisinchi.com\/it\/producto\/copale-bianco\/","og_locale":"it_IT","og_type":"article","og_title":"Copale bianco del Messico: negozio online di resine amazzoniche","og_description":"Il copale bianco \u00e8 il pi\u00f9 pulito e pregiato tra tutti: sprigiona un aroma caratteristico ed accogliente con note resinose, dolci e leggermente agrumate.","og_url":"https:\/\/www.sinchisinchi.com\/it\/producto\/copale-bianco\/","og_site_name":"SINCHI RAP\u00c9","article_publisher":"https:\/\/www.facebook.com\/sinchirape\/","article_modified_time":"2024-07-05T07:40:56+00:00","og_image":[{"width":600,"height":600,"url":"https:\/\/www.sinchisinchi.com\/wp-content\/uploads\/2024\/04\/copal-blanco.png","type":"image\/png"}],"twitter_card":"summary_large_image","twitter_misc":{"Tempo di lettura stimato":"3 minuti"},"schema":{"@context":"https:\/\/schema.org","@graph":[{"@type":"WebPage","@id":"https:\/\/www.sinchisinchi.com\/it\/producto\/copale-bianco\/","url":"https:\/\/www.sinchisinchi.com\/it\/producto\/copale-bianco\/","name":"Copale bianco del Messico: negozio online di resine amazzoniche","isPartOf":{"@id":"https:\/\/www.sinchisinchi.com\/it\/#website"},"primaryImageOfPage":{"@id":"https:\/\/www.sinchisinchi.com\/it\/producto\/copale-bianco\/#primaryimage"},"image":{"@id":"https:\/\/www.sinchisinchi.com\/it\/producto\/copale-bianco\/#primaryimage"},"thumbnailUrl":"https:\/\/www.sinchisinchi.com\/wp-content\/uploads\/2024\/04\/copal-blanco.png","datePublished":"2024-04-24T11:25:31+00:00","dateModified":"2024-07-05T07:40:56+00:00","description":"Il copale bianco \u00e8 il pi\u00f9 pulito e pregiato tra tutti: sprigiona un aroma caratteristico ed accogliente con note resinose, dolci e leggermente agrumate.","breadcrumb":{"@id":"https:\/\/www.sinchisinchi.com\/it\/producto\/copale-bianco\/#breadcrumb"},"inLanguage":"it-IT","potentialAction":[{"@type":"ReadAction","target":["https:\/\/www.sinchisinchi.com\/it\/producto\/copale-bianco\/"]}]},{"@type":"ImageObject","inLanguage":"it-IT","@id":"https:\/\/www.sinchisinchi.com\/it\/producto\/copale-bianco\/#primaryimage","url":"https:\/\/www.sinchisinchi.com\/wp-content\/uploads\/2024\/04\/copal-blanco.png","contentUrl":"https:\/\/www.sinchisinchi.com\/wp-content\/uploads\/2024\/04\/copal-blanco.png","width":600,"height":600},{"@type":"BreadcrumbList","@id":"https:\/\/www.sinchisinchi.com\/it\/producto\/copale-bianco\/#breadcrumb","itemListElement":[{"@type":"ListItem","position":1,"name":"Prima pagina","item":"https:\/\/www.sinchisinchi.com\/it\/"},{"@type":"ListItem","position":2,"name":"Prodotti","item":"https:\/\/www.sinchisinchi.com\/it\/shop\/"},{"@type":"ListItem","position":3,"name":"Copale bianco"}]},{"@type":"WebSite","@id":"https:\/\/www.sinchisinchi.com\/it\/#website","url":"https:\/\/www.sinchisinchi.com\/it\/","name":"SINCHI","description":"Sinchi Medicine","publisher":{"@id":"https:\/\/www.sinchisinchi.com\/it\/#organization"},"potentialAction":[{"@type":"SearchAction","target":{"@type":"EntryPoint","urlTemplate":"https:\/\/www.sinchisinchi.com\/it\/?s={search_term_string}"},"query-input":{"@type":"PropertyValueSpecification","valueRequired":true,"valueName":"search_term_string"}}],"inLanguage":"it-IT"},{"@type":"Organization","@id":"https:\/\/www.sinchisinchi.com\/it\/#organization","name":"SINCHI S.L","url":"https:\/\/www.sinchisinchi.com\/it\/","logo":{"@type":"ImageObject","inLanguage":"it-IT","@id":"https:\/\/www.sinchisinchi.com\/it\/#\/schema\/logo\/image\/","url":"https:\/\/www.sinchisinchi.com\/wp-content\/uploads\/2026\/01\/3b-Verde-SIMPLIFICADO-HORIZONTAL-F-TRANSPARENTE-scaled.png","contentUrl":"https:\/\/www.sinchisinchi.com\/wp-content\/uploads\/2026\/01\/3b-Verde-SIMPLIFICADO-HORIZONTAL-F-TRANSPARENTE-scaled.png","width":2560,"height":457,"caption":"SINCHI S.L"},"image":{"@id":"https:\/\/www.sinchisinchi.com\/it\/#\/schema\/logo\/image\/"},"sameAs":["https:\/\/www.facebook.com\/sinchirape\/","https:\/\/www.instagram.com\/sinchi_rape\/"]}]}},"_links":{"self":[{"href":"https:\/\/www.sinchisinchi.com\/it\/wp-json\/wp\/v2\/product\/13637","targetHints":{"allow":["GET"]}}],"collection":[{"href":"https:\/\/www.sinchisinchi.com\/it\/wp-json\/wp\/v2\/product"}],"about":[{"href":"https:\/\/www.sinchisinchi.com\/it\/wp-json\/wp\/v2\/types\/product"}],"wp:featuredmedia":[{"embeddable":true,"href":"https:\/\/www.sinchisinchi.com\/it\/wp-json\/wp\/v2\/media\/15761"}],"wp:attachment":[{"href":"https:\/\/www.sinchisinchi.com\/it\/wp-json\/wp\/v2\/media?parent=13637"}],"wp:term":[{"taxonomy":"product_brand","embeddable":true,"href":"https:\/\/www.sinchisinchi.com\/it\/wp-json\/wp\/v2\/product_brand?post=13637"},{"taxonomy":"product_cat","embeddable":true,"href":"https:\/\/www.sinchisinchi.com\/it\/wp-json\/wp\/v2\/product_cat?post=13637"},{"taxonomy":"product_tag","embeddable":true,"href":"https:\/\/www.sinchisinchi.com\/it\/wp-json\/wp\/v2\/product_tag?post=13637"}],"curies":[{"name":"wp","href":"https:\/\/api.w.org\/{rel}","templated":true}]}}