{"id":14026,"date":"2024-05-07T11:05:04","date_gmt":"2024-05-07T11:05:04","guid":{"rendered":"https:\/\/www.sinchisinchi.com\/producto\/aloe-vera\/"},"modified":"2024-05-21T12:23:13","modified_gmt":"2024-05-21T12:23:13","slug":"aloe-vera","status":"publish","type":"product","link":"https:\/\/www.sinchisinchi.com\/it\/producto\/aloe-vera\/","title":{"rendered":"Aloe Vera"},"content":{"rendered":"<h2 style=\"text-align: center;\"><span style=\"color: #000000;\"><strong>Storia<\/strong><\/span><\/h2>\n<h3 style=\"text-align: center;\"><span style=\"color: #000000;\"><strong>Parola Araba<\/strong><\/span><\/h3>\n<p><span style=\"color: #000000;\">La pianta dell&#8217;Aloe vera \u00e8 originaria dell&#8217;Africa, in particolare della penisola arabica. Il suo nome generico Aloe deriva dal termine arabo alloeh che significa sostanza brillante e amara, viene chiamata anche aloe vera; Questa ed altre varianti sono dovute alla deformazione della parola araba \u00c7abila, che significa pianta spinosa.<\/span><\/p>\n<p><span style=\"color: #000000;\">Furono i primi a commercializzare la pianta. Si estraeva la polpa con un procedimento con torchi di legno o calpestando le foglie stesse, in modo simile al procedimento per ottenere il vino.<\/span><\/p>\n<p><span style=\"color: #000000;\">Successivamente lo lasciavano asciugare al sole e il gel veniva ridotto in polvere, facilitandone la commercializzazione. Grazie a ci\u00f2, gi\u00e0 nel VI secolo a.C. l&#8217;Aloe Vera veniva esportata in Persia e India.<\/span><\/p>\n<h3 style=\"text-align: center;\"><span style=\"color: #000000;\"><strong>Egitto<\/strong><\/span><\/h3>\n<p><span style=\"color: #000000;\">Poich\u00e9 contiene propriet\u00e0 cosmetiche, Cleopatra e Nefertiti utilizzavano il succo della pianta per i loro rituali di bellezza quotidiani. Veniva utilizzato anche dai sacerdoti nel processo di imbalsamazione dei faraoni, nei rituali di sepoltura egiziani. Tra gli antichi egizi era conosciuta come la pianta dell\u2019immortalit\u00e0.<\/span><\/p>\n<p><span style=\"color: #000000;\">Nel papiro Ebers, o \u201cLibro dei rimedi\u201d, un trattato egiziano di medicina del XV secolo a.C., conservato a Lipsia, sono descritti dettagliatamente pi\u00f9 di una dozzina di rimedi a base di aloe vera.<\/span><\/p>\n<h3 style=\"text-align: center;\"><span style=\"color: #000000;\"><strong>Grecia<\/strong><\/span><\/h3>\n<p><span style=\"color: #000000;\">Ippocrate parla delle sue propriet\u00e0 medicinali.<\/span><\/p>\n<p><span style=\"color: #000000;\">Secondo la leggenda, Alessandro Magno, ferito da una freccia durante l&#8217;assedio di Gaza, us\u00f2 una miscela con Aloe Vera per curare la sua ferita. Affascinato dai poteri curativi della pianta, decise di conquistare Socotra, un&#8217;isola dove abbondavano i raccolti di Aloe vera.<\/span><\/p>\n<h3 style=\"text-align: center;\"><span style=\"color: #000000;\"><strong>Roma<\/strong><\/span><\/h3>\n<p><span style=\"color: #000000;\">I romani scoprirono la pianta durante le guerre puniche e rimasero affascinati dal suo potere curativo sulle cicatrici dei guerrieri.<\/span><\/p>\n<p><span style=\"color: #000000;\">Durante il mandato dell&#8217;imperatore Nerone, il suo medico Dioscoride, raccont\u00f2 nel suo trattato De Materia Medica l&#8217;uso storico di circa 600 piante medicinali, tra cui una delle sue preferite, l&#8217;Aloe Vera. Considerava la pianta ideale per la cura di malattie e disturbi, nota per il suo potere anticoagulante del sangue delle ferite e per le sue virt\u00f9 curative.<\/span><\/p>\n<h3 style=\"text-align: center;\"><span style=\"color: #000000;\"><strong>Lontano Est<\/strong><\/span><\/h3>\n<p><span style=\"color: #000000;\">I cinesi furono i primi ad utilizzare la pianta per scopi medicinali. In Giappone, i samurai si spalmavano addosso il gel della pianta per allontanare gli spiriti maligni e raggiungere l&#8217;immortalit\u00e0.<\/span><\/p>\n<h3 style=\"text-align: center;\"><span style=\"color: #000000;\"><strong>Spagna<\/strong><\/span><\/h3>\n<p><span style=\"color: #000000;\">Nel corso del XVI secolo, i monaci gesuiti spagnoli raccolsero l\u2019aloe vera selvatica e la diffusero nelle aree dove non era ancora stata coltivata. Gli indiani Maya chiamavano il succo di questa pianta del deserto \u201cFontana della Giovinezza\u201d e lo usavano anche come repellente per insetti sul legno e su altri materiali vulnerabili ai danni degli insetti.<\/span><\/p>\n<p><span style=\"color: #000000;\">Fu introdotto nel continente americano da Cristoforo Colombo al momento della scoperta dell&#8217;America, perch\u00e9 lo utilizzava come medicinale per il suo equipaggio. In quegli anni la Spagna disponeva gi\u00e0 di notevoli piantagioni di questo ortaggio, probabilmente lasciate in eredit\u00e0 dall&#8217;invasione musulmana.<\/span><\/p>\n<h2 style=\"text-align: center;\"><span style=\"color: #000000;\"><strong>Pianta<\/strong><\/span><\/h2>\n<p><span style=\"color: #000000;\">L&#8217;aloe vera (Aloe barbadensis Miller) appartiene alla stessa famiglia dell&#8217;aglio, della cipolla e degli asparagi, tutti noti per le loro propriet\u00e0 medicinali.<\/span><\/p>\n<p><span style=\"color: #000000;\">Ha foglie allungate, carnose e ricche d&#8217;acqua, raggiunge un&#8217;altezza da 50 a 70 cm con fusti lunghi da 30 a 40 cm, con bordi dentati, e fiori gialli. Si adatta a vivere in zone con scarsa disponibilit\u00e0 idrica e possiede una grande capacit\u00e0 di stoccaggio.<\/span><\/p>\n<p><span style=\"color: #000000;\">Delle circa 300 specie di Aloe, quattro hanno le maggiori propriet\u00e0 medicinali: Aloe barbadensis Miller, Aloe perryi Baker, Aloe ferox e Aloe arborescens. L&#8217;aloe barbadensis Miller \u00e8 la pi\u00f9 utilizzata in medicina e cosmetica.<\/span><\/p>\n","protected":false},"excerpt":{"rendered":"<p><span style=\"color: #000000;\">Il sapone naturale all&#8217;Aloe Vera unisce le eccellenti propriet\u00e0 del sapone di Marsiglia a quelle dell&#8217;Aloe, aiutando una rapida rigenerazione della pelle grazie alle sue vitamine A, C, aminoacidi e antrachinoni.<\/span><\/p>\n<p><span style=\"color: #000000;\">Sin dai tempi antichi, diversi popoli e culture hanno osservato che quando si verifica un taglio su una qualsiasi delle foglie di Aloe Vera, questa guarisce immediatamente. Tradizionalmente viene utilizzato per curare ustioni, ferite e malattie della pelle.<\/span><\/p>\n<p><span style=\"color: #000000;\">L&#8217;aloe vera era per gli egiziani la pianta dell&#8217;immortalit\u00e0, per i Sumeri una virt\u00f9 magica, per i Templari l&#8217;elisir di Gerusalemme e per gli arabi l&#8217;eterna fonte della giovinezza. Probabilmente gli egiziani furono i primi ad utilizzare l\u2019aloe vera. Il documento pi\u00f9 antico in cui compare \u00e8 il papiro Ebers.<\/span><\/p>\n<p><span style=\"color: #000000;\">L&#8217;Aloe Vera \u00e8 una pianta appartenente al genere femminile, \u00e8 associata alla luna, elemento acqua. Tradizionalmente viene utilizzato per attirare la buona sorte e per le sue potenti propriet\u00e0 protettive.<\/span><\/p>\n<p><span style=\"color: #000000;\">Questo sapone \u00e8 realizzato a mano a Marsiglia seguendo metodi antichi e ricette ancestrali utilizzando ingredienti completamente naturali: acqua del mare Mediterraneo, olio essenziale di sandalo, oli vegetali di alta qualit\u00e0 e carbonato di sodio. \u00c8 biodegradabile al 100%.<\/span><\/p>\n<p>&nbsp;<\/p>\n<p><span style=\"color: #000000;\"><strong>Dimensioni:<\/strong> 125 g<\/span><\/p>\n","protected":false},"featured_media":13950,"template":"","meta":{"_joinchat":[]},"product_brand":[],"product_cat":[344,133],"product_tag":[],"class_list":{"0":"post-14026","1":"product","2":"type-product","3":"status-publish","4":"has-post-thumbnail","6":"product_cat-saponi","7":"product_cat-senza-categoria","9":"first","10":"instock","11":"taxable","12":"shipping-taxable","13":"purchasable","14":"product-type-simple"},"yoast_head":"<!-- This site is optimized with the Yoast SEO plugin v27.4 - https:\/\/yoast.com\/product\/yoast-seo-wordpress\/ -->\n<title>Sapone all&#039;Aloe Vera: Negozio Sciamanico<\/title>\n<meta name=\"description\" content=\"L&#039;aloe vera era per gli egiziani la pianta dell&#039;immortalit\u00e0, per i Templari l&#039;elisir di Gerusalemme e per gli arabi la fonte della giovinezza.\" \/>\n<meta name=\"robots\" content=\"index, follow, max-snippet:-1, max-image-preview:large, max-video-preview:-1\" \/>\n<link rel=\"canonical\" href=\"https:\/\/www.sinchisinchi.com\/it\/producto\/aloe-vera\/\" \/>\n<meta property=\"og:locale\" content=\"it_IT\" \/>\n<meta property=\"og:type\" content=\"article\" \/>\n<meta property=\"og:title\" content=\"Sapone all&#039;Aloe Vera: Negozio Sciamanico\" \/>\n<meta property=\"og:description\" content=\"L&#039;aloe vera era per gli egiziani la pianta dell&#039;immortalit\u00e0, per i Templari l&#039;elisir di Gerusalemme e per gli arabi la fonte della giovinezza.\" \/>\n<meta property=\"og:url\" content=\"https:\/\/www.sinchisinchi.com\/it\/producto\/aloe-vera\/\" \/>\n<meta property=\"og:site_name\" content=\"SINCHI RAP\u00c9\" \/>\n<meta property=\"article:publisher\" content=\"https:\/\/www.facebook.com\/sinchirape\/\" \/>\n<meta property=\"article:modified_time\" content=\"2024-05-21T12:23:13+00:00\" \/>\n<meta property=\"og:image\" content=\"https:\/\/www.sinchisinchi.com\/wp-content\/uploads\/2024\/05\/18-Aloe-vera.jpg\" \/>\n\t<meta property=\"og:image:width\" content=\"1024\" \/>\n\t<meta property=\"og:image:height\" content=\"1024\" \/>\n\t<meta property=\"og:image:type\" content=\"image\/jpeg\" \/>\n<meta name=\"twitter:card\" content=\"summary_large_image\" \/>\n<meta name=\"twitter:label1\" content=\"Tempo di lettura stimato\" \/>\n\t<meta name=\"twitter:data1\" content=\"3 minuti\" \/>\n<script type=\"application\/ld+json\" class=\"yoast-schema-graph\">{\"@context\":\"https:\\\/\\\/schema.org\",\"@graph\":[{\"@type\":\"WebPage\",\"@id\":\"https:\\\/\\\/www.sinchisinchi.com\\\/it\\\/producto\\\/aloe-vera\\\/\",\"url\":\"https:\\\/\\\/www.sinchisinchi.com\\\/it\\\/producto\\\/aloe-vera\\\/\",\"name\":\"Sapone all'Aloe Vera: Negozio Sciamanico\",\"isPartOf\":{\"@id\":\"https:\\\/\\\/www.sinchisinchi.com\\\/it\\\/#website\"},\"primaryImageOfPage\":{\"@id\":\"https:\\\/\\\/www.sinchisinchi.com\\\/it\\\/producto\\\/aloe-vera\\\/#primaryimage\"},\"image\":{\"@id\":\"https:\\\/\\\/www.sinchisinchi.com\\\/it\\\/producto\\\/aloe-vera\\\/#primaryimage\"},\"thumbnailUrl\":\"https:\\\/\\\/www.sinchisinchi.com\\\/wp-content\\\/uploads\\\/2024\\\/05\\\/18-Aloe-vera.jpg\",\"datePublished\":\"2024-05-07T11:05:04+00:00\",\"dateModified\":\"2024-05-21T12:23:13+00:00\",\"description\":\"L'aloe vera era per gli egiziani la pianta dell'immortalit\u00e0, per i Templari l'elisir di Gerusalemme e per gli arabi la fonte della giovinezza.\",\"breadcrumb\":{\"@id\":\"https:\\\/\\\/www.sinchisinchi.com\\\/it\\\/producto\\\/aloe-vera\\\/#breadcrumb\"},\"inLanguage\":\"it-IT\",\"potentialAction\":[{\"@type\":\"ReadAction\",\"target\":[\"https:\\\/\\\/www.sinchisinchi.com\\\/it\\\/producto\\\/aloe-vera\\\/\"]}]},{\"@type\":\"ImageObject\",\"inLanguage\":\"it-IT\",\"@id\":\"https:\\\/\\\/www.sinchisinchi.com\\\/it\\\/producto\\\/aloe-vera\\\/#primaryimage\",\"url\":\"https:\\\/\\\/www.sinchisinchi.com\\\/wp-content\\\/uploads\\\/2024\\\/05\\\/18-Aloe-vera.jpg\",\"contentUrl\":\"https:\\\/\\\/www.sinchisinchi.com\\\/wp-content\\\/uploads\\\/2024\\\/05\\\/18-Aloe-vera.jpg\",\"width\":1024,\"height\":1024},{\"@type\":\"BreadcrumbList\",\"@id\":\"https:\\\/\\\/www.sinchisinchi.com\\\/it\\\/producto\\\/aloe-vera\\\/#breadcrumb\",\"itemListElement\":[{\"@type\":\"ListItem\",\"position\":1,\"name\":\"Prima pagina\",\"item\":\"https:\\\/\\\/www.sinchisinchi.com\\\/it\\\/\"},{\"@type\":\"ListItem\",\"position\":2,\"name\":\"Prodotti\",\"item\":\"https:\\\/\\\/www.sinchisinchi.com\\\/it\\\/shop\\\/\"},{\"@type\":\"ListItem\",\"position\":3,\"name\":\"Aloe Vera\"}]},{\"@type\":\"WebSite\",\"@id\":\"https:\\\/\\\/www.sinchisinchi.com\\\/it\\\/#website\",\"url\":\"https:\\\/\\\/www.sinchisinchi.com\\\/it\\\/\",\"name\":\"SINCHI\",\"description\":\"Sinchi Medicine\",\"publisher\":{\"@id\":\"https:\\\/\\\/www.sinchisinchi.com\\\/it\\\/#organization\"},\"potentialAction\":[{\"@type\":\"SearchAction\",\"target\":{\"@type\":\"EntryPoint\",\"urlTemplate\":\"https:\\\/\\\/www.sinchisinchi.com\\\/it\\\/?s={search_term_string}\"},\"query-input\":{\"@type\":\"PropertyValueSpecification\",\"valueRequired\":true,\"valueName\":\"search_term_string\"}}],\"inLanguage\":\"it-IT\"},{\"@type\":\"Organization\",\"@id\":\"https:\\\/\\\/www.sinchisinchi.com\\\/it\\\/#organization\",\"name\":\"SINCHI S.L\",\"url\":\"https:\\\/\\\/www.sinchisinchi.com\\\/it\\\/\",\"logo\":{\"@type\":\"ImageObject\",\"inLanguage\":\"it-IT\",\"@id\":\"https:\\\/\\\/www.sinchisinchi.com\\\/it\\\/#\\\/schema\\\/logo\\\/image\\\/\",\"url\":\"https:\\\/\\\/www.sinchisinchi.com\\\/wp-content\\\/uploads\\\/2026\\\/01\\\/3b-Verde-SIMPLIFICADO-HORIZONTAL-F-TRANSPARENTE-scaled.png\",\"contentUrl\":\"https:\\\/\\\/www.sinchisinchi.com\\\/wp-content\\\/uploads\\\/2026\\\/01\\\/3b-Verde-SIMPLIFICADO-HORIZONTAL-F-TRANSPARENTE-scaled.png\",\"width\":2560,\"height\":457,\"caption\":\"SINCHI S.L\"},\"image\":{\"@id\":\"https:\\\/\\\/www.sinchisinchi.com\\\/it\\\/#\\\/schema\\\/logo\\\/image\\\/\"},\"sameAs\":[\"https:\\\/\\\/www.facebook.com\\\/sinchirape\\\/\",\"https:\\\/\\\/www.instagram.com\\\/sinchi_rape\\\/\"]}]}<\/script>\n<!-- \/ Yoast SEO plugin. -->","yoast_head_json":{"title":"Sapone all'Aloe Vera: Negozio Sciamanico","description":"L'aloe vera era per gli egiziani la pianta dell'immortalit\u00e0, per i Templari l'elisir di Gerusalemme e per gli arabi la fonte della giovinezza.","robots":{"index":"index","follow":"follow","max-snippet":"max-snippet:-1","max-image-preview":"max-image-preview:large","max-video-preview":"max-video-preview:-1"},"canonical":"https:\/\/www.sinchisinchi.com\/it\/producto\/aloe-vera\/","og_locale":"it_IT","og_type":"article","og_title":"Sapone all'Aloe Vera: Negozio Sciamanico","og_description":"L'aloe vera era per gli egiziani la pianta dell'immortalit\u00e0, per i Templari l'elisir di Gerusalemme e per gli arabi la fonte della giovinezza.","og_url":"https:\/\/www.sinchisinchi.com\/it\/producto\/aloe-vera\/","og_site_name":"SINCHI RAP\u00c9","article_publisher":"https:\/\/www.facebook.com\/sinchirape\/","article_modified_time":"2024-05-21T12:23:13+00:00","og_image":[{"width":1024,"height":1024,"url":"https:\/\/www.sinchisinchi.com\/wp-content\/uploads\/2024\/05\/18-Aloe-vera.jpg","type":"image\/jpeg"}],"twitter_card":"summary_large_image","twitter_misc":{"Tempo di lettura stimato":"3 minuti"},"schema":{"@context":"https:\/\/schema.org","@graph":[{"@type":"WebPage","@id":"https:\/\/www.sinchisinchi.com\/it\/producto\/aloe-vera\/","url":"https:\/\/www.sinchisinchi.com\/it\/producto\/aloe-vera\/","name":"Sapone all'Aloe Vera: Negozio Sciamanico","isPartOf":{"@id":"https:\/\/www.sinchisinchi.com\/it\/#website"},"primaryImageOfPage":{"@id":"https:\/\/www.sinchisinchi.com\/it\/producto\/aloe-vera\/#primaryimage"},"image":{"@id":"https:\/\/www.sinchisinchi.com\/it\/producto\/aloe-vera\/#primaryimage"},"thumbnailUrl":"https:\/\/www.sinchisinchi.com\/wp-content\/uploads\/2024\/05\/18-Aloe-vera.jpg","datePublished":"2024-05-07T11:05:04+00:00","dateModified":"2024-05-21T12:23:13+00:00","description":"L'aloe vera era per gli egiziani la pianta dell'immortalit\u00e0, per i Templari l'elisir di Gerusalemme e per gli arabi la fonte della giovinezza.","breadcrumb":{"@id":"https:\/\/www.sinchisinchi.com\/it\/producto\/aloe-vera\/#breadcrumb"},"inLanguage":"it-IT","potentialAction":[{"@type":"ReadAction","target":["https:\/\/www.sinchisinchi.com\/it\/producto\/aloe-vera\/"]}]},{"@type":"ImageObject","inLanguage":"it-IT","@id":"https:\/\/www.sinchisinchi.com\/it\/producto\/aloe-vera\/#primaryimage","url":"https:\/\/www.sinchisinchi.com\/wp-content\/uploads\/2024\/05\/18-Aloe-vera.jpg","contentUrl":"https:\/\/www.sinchisinchi.com\/wp-content\/uploads\/2024\/05\/18-Aloe-vera.jpg","width":1024,"height":1024},{"@type":"BreadcrumbList","@id":"https:\/\/www.sinchisinchi.com\/it\/producto\/aloe-vera\/#breadcrumb","itemListElement":[{"@type":"ListItem","position":1,"name":"Prima pagina","item":"https:\/\/www.sinchisinchi.com\/it\/"},{"@type":"ListItem","position":2,"name":"Prodotti","item":"https:\/\/www.sinchisinchi.com\/it\/shop\/"},{"@type":"ListItem","position":3,"name":"Aloe Vera"}]},{"@type":"WebSite","@id":"https:\/\/www.sinchisinchi.com\/it\/#website","url":"https:\/\/www.sinchisinchi.com\/it\/","name":"SINCHI","description":"Sinchi Medicine","publisher":{"@id":"https:\/\/www.sinchisinchi.com\/it\/#organization"},"potentialAction":[{"@type":"SearchAction","target":{"@type":"EntryPoint","urlTemplate":"https:\/\/www.sinchisinchi.com\/it\/?s={search_term_string}"},"query-input":{"@type":"PropertyValueSpecification","valueRequired":true,"valueName":"search_term_string"}}],"inLanguage":"it-IT"},{"@type":"Organization","@id":"https:\/\/www.sinchisinchi.com\/it\/#organization","name":"SINCHI S.L","url":"https:\/\/www.sinchisinchi.com\/it\/","logo":{"@type":"ImageObject","inLanguage":"it-IT","@id":"https:\/\/www.sinchisinchi.com\/it\/#\/schema\/logo\/image\/","url":"https:\/\/www.sinchisinchi.com\/wp-content\/uploads\/2026\/01\/3b-Verde-SIMPLIFICADO-HORIZONTAL-F-TRANSPARENTE-scaled.png","contentUrl":"https:\/\/www.sinchisinchi.com\/wp-content\/uploads\/2026\/01\/3b-Verde-SIMPLIFICADO-HORIZONTAL-F-TRANSPARENTE-scaled.png","width":2560,"height":457,"caption":"SINCHI S.L"},"image":{"@id":"https:\/\/www.sinchisinchi.com\/it\/#\/schema\/logo\/image\/"},"sameAs":["https:\/\/www.facebook.com\/sinchirape\/","https:\/\/www.instagram.com\/sinchi_rape\/"]}]}},"_links":{"self":[{"href":"https:\/\/www.sinchisinchi.com\/it\/wp-json\/wp\/v2\/product\/14026","targetHints":{"allow":["GET"]}}],"collection":[{"href":"https:\/\/www.sinchisinchi.com\/it\/wp-json\/wp\/v2\/product"}],"about":[{"href":"https:\/\/www.sinchisinchi.com\/it\/wp-json\/wp\/v2\/types\/product"}],"wp:featuredmedia":[{"embeddable":true,"href":"https:\/\/www.sinchisinchi.com\/it\/wp-json\/wp\/v2\/media\/13950"}],"wp:attachment":[{"href":"https:\/\/www.sinchisinchi.com\/it\/wp-json\/wp\/v2\/media?parent=14026"}],"wp:term":[{"taxonomy":"product_brand","embeddable":true,"href":"https:\/\/www.sinchisinchi.com\/it\/wp-json\/wp\/v2\/product_brand?post=14026"},{"taxonomy":"product_cat","embeddable":true,"href":"https:\/\/www.sinchisinchi.com\/it\/wp-json\/wp\/v2\/product_cat?post=14026"},{"taxonomy":"product_tag","embeddable":true,"href":"https:\/\/www.sinchisinchi.com\/it\/wp-json\/wp\/v2\/product_tag?post=14026"}],"curies":[{"name":"wp","href":"https:\/\/api.w.org\/{rel}","templated":true}]}}