{"id":14343,"date":"2024-05-27T13:15:09","date_gmt":"2024-05-27T13:15:09","guid":{"rendered":"https:\/\/www.sinchisinchi.com\/producto\/tribu-cerimoniale-degli-arhuaca-del-cacao-colombia\/"},"modified":"2024-07-04T11:27:47","modified_gmt":"2024-07-04T11:27:47","slug":"tribu-cerimoniale-degli-arhuaca-del-cacao-colombia","status":"publish","type":"product","link":"https:\/\/www.sinchisinchi.com\/it\/producto\/tribu-cerimoniale-degli-arhuaca-del-cacao-colombia\/","title":{"rendered":"Trib\u00f9 degli Arhuaca del cacao, Colombia"},"content":{"rendered":"<h2 style=\"text-align: center;\"><span style=\"color: #000000;\"><strong>Trib\u00f9 degli Arhuaca<\/strong><\/span><\/h2>\n<p><span style=\"color: #000000;\">Gli Arhuaco si chiamano \u201cIku\u201d, che significa \u201cpopolo\u201d nella lingua Ika. Sono originari della Sierra Nevada de Santa Marta, sulla costa caraibica della Colombia, e discendenti della cultura precolombiana Tairona.<\/span><\/p>\n<p><span style=\"color: #000000;\">Sono uno dei popoli nativi pi\u00f9 conosciuti della Colombia e rappresentano l&#8217;1,59% della popolazione indigena colombiana.<\/span><\/p>\n<p><span style=\"color: #000000;\">La trib\u00f9 Arhuaco \u00e8 radicata principalmente nelle montagne della Sierra Nevada de Santa Marta e, in misura minore, nei bacini dei fiumi Don Diego, Mingueo e Guatapur\u00ed (Valledupar, Mamatoco).<\/span><\/p>\n<p><span style=\"color: #000000;\">Orientano la loro vita e la loro quotidianit\u00e0 basandosi sulla spiritualit\u00e0, sul rispetto per i loro dei che hanno creato l&#8217;universo e sulla solidariet\u00e0 con i membri della comunit\u00e0 e dei paesi vicini, concependo il territorio in cui vivono come un insieme in cui vivono esseri viventi sia dal mondi materiali e spirituali.<\/span><\/p>\n<p><span style=\"color: #000000;\">Le donne Arhuaca trascorrono il loro tempo libero filando cotone e lana per i loro abiti, e torcendo la fibra del maguey (Agave in Nahuatl, la lingua degli Aztechi) per i loro zaini.<\/span><\/p>\n<p><span style=\"color: #000000;\">Amano e rispettano i loro simili, considerando come tali, oltre agli esseri umani, anche gli animali, le piante e gli esseri inanimati.<\/span><\/p>\n<p><span style=\"color: #000000;\">Chiamano il leone, re della giungla, guiaj&#8217;ina, che significa &#8220;fratello di tutti&#8221;. Non sono cacciatori e non frustano n\u00e9 trasportano mai pesantemente i loro buoi e cavalli.<\/span><\/p>\n<p><span style=\"color: #000000;\">Gli Arhuacos portano sempre foglie tostate di H\u00e1yu (pianta di coca) nello zaino di lana; Quando si incontrano, il loro tradizionale saluto consiste nello scambiarsi una manciata di queste foglie.<\/span><\/p>\n<p><span style=\"color: #000000;\">Amb\u00edra \u00e8 il Mapacho che gli Arhuacos utilizzano sotto forma di estratto. Lo preparano cuocendo le foglie di Mapacho a fuoco molto basso, ottenendo una sostanza densa e di colore scuro.<\/span><\/p>\n<p><span style=\"color: #000000;\">Le donne arhuaco non assumono coca n\u00e9 amb\u00edra, il loro uso \u00e8 riservato agli uomini adulti.<\/span><\/p>\n<p><span style=\"color: #000000;\">Gli altri tre popoli nativi che vivono nella Sierra Nevada insieme agli Arhuaca sono i Kogui, i Wiwa e i Kankuamo.<\/span><\/p>\n<p><span style=\"color: #000000;\">Il popolo Ika o Arhuaco vive nei bacini superiori dei fiumi Aracataca, Fundaci\u00f3n e Ariguan\u00ed, sul versante occidentale della Sierra Nevada de Santa Marta.<\/span><\/p>\n<p><span style=\"color: #000000;\">La Sierra Nevada de Santa Marta \u00e8 una catena montuosa della Colombia che costituisce di per s\u00e9 un sistema isolato della catena montuosa delle Ande, sulla costa caraibica della Colombia, che si eleva bruscamente dalle coste del Mar dei Caraibi per raggiungere cime che rimangono innevate per tutto il anno, con un&#8217;altezza massima di 5.775 metri, essendo la montagna pi\u00f9 alta del mondo in riva al mare.<\/span><\/p>\n","protected":false},"excerpt":{"rendered":"<p><span style=\"color: #000000;\">Cacao cerimoniale, puro grezzo biologico al 100%, prodotto artigianalmente dalla trib\u00f9 Arhuaco, seguendo il metodo ancestrale.<\/span><\/p>\n<p><span style=\"color: #000000;\">Il cacao coltivato dagli Arhuacos \u00e8 classificato come uno dei migliori al mondo per sapore, aroma, ottima qualit\u00e0 e caratteristiche uniche.<\/span><\/p>\n<p><span style=\"color: #000000;\">La trib\u00f9 Arhuaca della Sierra Nevada in Colombia coltiva il cacao nelle sue terre ancestrali, come fa da secoli. Secondo loro il cacao \u00e8 la bevanda dei genitori divini. Fa parte della cultura Arhuaca, le cui famiglie trasmettono di generazione in generazione la conoscenza e gli insegnamenti dei loro antenati.<\/span><\/p>\n<p><span style=\"color: #000000;\">Le fave di cacao vengono raccolte a mano. Successivamente vengono lasciati fermentare, processo di trasformazione in cui i chicchi sviluppano il caratteristico aroma e sapore di cioccolato. Successivamente i chicchi vengono essiccati al sole.<\/span><\/p>\n<p><span style=\"color: #000000;\"><strong>Ricetta:<\/strong> Per preparare la bevanda cerimoniale, aggiungere un&#8217;oncia di cacao a quattro once d&#8217;acqua e mescolare bene. Puoi aggiungere un po &#8216;di miele. Questo cacao pu\u00f2 essere utilizzato anche per preparare cioccolata calda, frullati o cioccolata non zuccherata.<\/span><\/p>\n<p><span style=\"color: #000000;\"><strong>Tipo:<\/strong> Granulare<\/span><\/p>\n<p><span style=\"color: #000000;\"><strong>Origine:<\/strong> trib\u00f9 Arhuaca, Colombia<\/span><\/p>\n<p><span style=\"color: #000000;\"><strong>Ingredienti:<\/strong> 100% cacao puro di grado cerimoniale<\/span><\/p>\n<p><span style=\"color: #000000;\"><strong>Presentazione:<\/strong> Barretta al Cacao.<\/span><\/p>\n<p><span style=\"color: #000000;\"><strong>Peso netto:<\/strong> 450 Gr.<\/span><\/p>\n<p><span style=\"color: #000000;\"><strong>Conservazione:<\/strong> conservare in un luogo fresco e asciutto, lontano dalla luce solare diretta.<\/span><\/p>\n","protected":false},"featured_media":15921,"template":"","meta":{"_joinchat":[]},"product_brand":[],"product_cat":[404,517],"product_tag":[],"class_list":{"0":"post-14343","1":"product","2":"type-product","3":"status-publish","4":"has-post-thumbnail","6":"product_cat-cacao-it","7":"product_cat-cerimoniale","9":"first","10":"instock","11":"taxable","12":"shipping-taxable","13":"purchasable","14":"product-type-simple"},"yoast_head":"<!-- This site is optimized with the Yoast SEO plugin v27.4 - https:\/\/yoast.com\/product\/yoast-seo-wordpress\/ -->\n<title>Trib\u00f9 cerimoniale degli Arhuaca del cacao, Colombia<\/title>\n<meta name=\"description\" content=\"Cacao cerimoniale, puro grezzo biologico al 100%, prodotto artigianalmente dalla trib\u00f9 Arhuaco, seguendo il metodo ancestrale.\" \/>\n<meta name=\"robots\" content=\"index, follow, max-snippet:-1, max-image-preview:large, max-video-preview:-1\" \/>\n<link rel=\"canonical\" href=\"https:\/\/www.sinchisinchi.com\/it\/producto\/tribu-cerimoniale-degli-arhuaca-del-cacao-colombia\/\" \/>\n<meta property=\"og:locale\" content=\"it_IT\" \/>\n<meta property=\"og:type\" content=\"article\" \/>\n<meta property=\"og:title\" content=\"Trib\u00f9 cerimoniale degli Arhuaca del cacao, Colombia\" \/>\n<meta property=\"og:description\" content=\"Cacao cerimoniale, puro grezzo biologico al 100%, prodotto artigianalmente dalla trib\u00f9 Arhuaco, seguendo il metodo ancestrale.\" \/>\n<meta property=\"og:url\" content=\"https:\/\/www.sinchisinchi.com\/it\/producto\/tribu-cerimoniale-degli-arhuaca-del-cacao-colombia\/\" \/>\n<meta property=\"og:site_name\" content=\"SINCHI RAP\u00c9\" \/>\n<meta property=\"article:publisher\" content=\"https:\/\/www.facebook.com\/sinchirape\/\" \/>\n<meta property=\"article:modified_time\" content=\"2024-07-04T11:27:47+00:00\" \/>\n<meta property=\"og:image\" content=\"https:\/\/www.sinchisinchi.com\/wp-content\/uploads\/2024\/05\/2-Cacao-Ceremonaial1-1-1024x683-copia.jpg\" \/>\n\t<meta property=\"og:image:width\" content=\"1024\" \/>\n\t<meta property=\"og:image:height\" content=\"683\" \/>\n\t<meta property=\"og:image:type\" content=\"image\/jpeg\" \/>\n<meta name=\"twitter:card\" content=\"summary_large_image\" \/>\n<meta name=\"twitter:label1\" content=\"Tempo di lettura stimato\" \/>\n\t<meta name=\"twitter:data1\" content=\"2 minuti\" \/>\n<script type=\"application\/ld+json\" class=\"yoast-schema-graph\">{\"@context\":\"https:\\\/\\\/schema.org\",\"@graph\":[{\"@type\":\"WebPage\",\"@id\":\"https:\\\/\\\/www.sinchisinchi.com\\\/it\\\/producto\\\/tribu-cerimoniale-degli-arhuaca-del-cacao-colombia\\\/\",\"url\":\"https:\\\/\\\/www.sinchisinchi.com\\\/it\\\/producto\\\/tribu-cerimoniale-degli-arhuaca-del-cacao-colombia\\\/\",\"name\":\"Trib\u00f9 cerimoniale degli Arhuaca del cacao, Colombia\",\"isPartOf\":{\"@id\":\"https:\\\/\\\/www.sinchisinchi.com\\\/it\\\/#website\"},\"primaryImageOfPage\":{\"@id\":\"https:\\\/\\\/www.sinchisinchi.com\\\/it\\\/producto\\\/tribu-cerimoniale-degli-arhuaca-del-cacao-colombia\\\/#primaryimage\"},\"image\":{\"@id\":\"https:\\\/\\\/www.sinchisinchi.com\\\/it\\\/producto\\\/tribu-cerimoniale-degli-arhuaca-del-cacao-colombia\\\/#primaryimage\"},\"thumbnailUrl\":\"https:\\\/\\\/www.sinchisinchi.com\\\/wp-content\\\/uploads\\\/2024\\\/05\\\/2-Cacao-Ceremonaial1-1-1024x683-copia.jpg\",\"datePublished\":\"2024-05-27T13:15:09+00:00\",\"dateModified\":\"2024-07-04T11:27:47+00:00\",\"description\":\"Cacao cerimoniale, puro grezzo biologico al 100%, prodotto artigianalmente dalla trib\u00f9 Arhuaco, seguendo il metodo ancestrale.\",\"breadcrumb\":{\"@id\":\"https:\\\/\\\/www.sinchisinchi.com\\\/it\\\/producto\\\/tribu-cerimoniale-degli-arhuaca-del-cacao-colombia\\\/#breadcrumb\"},\"inLanguage\":\"it-IT\",\"potentialAction\":[{\"@type\":\"ReadAction\",\"target\":[\"https:\\\/\\\/www.sinchisinchi.com\\\/it\\\/producto\\\/tribu-cerimoniale-degli-arhuaca-del-cacao-colombia\\\/\"]}]},{\"@type\":\"ImageObject\",\"inLanguage\":\"it-IT\",\"@id\":\"https:\\\/\\\/www.sinchisinchi.com\\\/it\\\/producto\\\/tribu-cerimoniale-degli-arhuaca-del-cacao-colombia\\\/#primaryimage\",\"url\":\"https:\\\/\\\/www.sinchisinchi.com\\\/wp-content\\\/uploads\\\/2024\\\/05\\\/2-Cacao-Ceremonaial1-1-1024x683-copia.jpg\",\"contentUrl\":\"https:\\\/\\\/www.sinchisinchi.com\\\/wp-content\\\/uploads\\\/2024\\\/05\\\/2-Cacao-Ceremonaial1-1-1024x683-copia.jpg\",\"width\":1024,\"height\":683},{\"@type\":\"BreadcrumbList\",\"@id\":\"https:\\\/\\\/www.sinchisinchi.com\\\/it\\\/producto\\\/tribu-cerimoniale-degli-arhuaca-del-cacao-colombia\\\/#breadcrumb\",\"itemListElement\":[{\"@type\":\"ListItem\",\"position\":1,\"name\":\"Prima pagina\",\"item\":\"https:\\\/\\\/www.sinchisinchi.com\\\/it\\\/\"},{\"@type\":\"ListItem\",\"position\":2,\"name\":\"Prodotti\",\"item\":\"https:\\\/\\\/www.sinchisinchi.com\\\/it\\\/shop\\\/\"},{\"@type\":\"ListItem\",\"position\":3,\"name\":\"Trib\u00f9 degli Arhuaca del cacao, Colombia\"}]},{\"@type\":\"WebSite\",\"@id\":\"https:\\\/\\\/www.sinchisinchi.com\\\/it\\\/#website\",\"url\":\"https:\\\/\\\/www.sinchisinchi.com\\\/it\\\/\",\"name\":\"SINCHI\",\"description\":\"Sinchi Medicine\",\"publisher\":{\"@id\":\"https:\\\/\\\/www.sinchisinchi.com\\\/it\\\/#organization\"},\"potentialAction\":[{\"@type\":\"SearchAction\",\"target\":{\"@type\":\"EntryPoint\",\"urlTemplate\":\"https:\\\/\\\/www.sinchisinchi.com\\\/it\\\/?s={search_term_string}\"},\"query-input\":{\"@type\":\"PropertyValueSpecification\",\"valueRequired\":true,\"valueName\":\"search_term_string\"}}],\"inLanguage\":\"it-IT\"},{\"@type\":\"Organization\",\"@id\":\"https:\\\/\\\/www.sinchisinchi.com\\\/it\\\/#organization\",\"name\":\"SINCHI S.L\",\"url\":\"https:\\\/\\\/www.sinchisinchi.com\\\/it\\\/\",\"logo\":{\"@type\":\"ImageObject\",\"inLanguage\":\"it-IT\",\"@id\":\"https:\\\/\\\/www.sinchisinchi.com\\\/it\\\/#\\\/schema\\\/logo\\\/image\\\/\",\"url\":\"https:\\\/\\\/www.sinchisinchi.com\\\/wp-content\\\/uploads\\\/2026\\\/01\\\/3b-Verde-SIMPLIFICADO-HORIZONTAL-F-TRANSPARENTE-scaled.png\",\"contentUrl\":\"https:\\\/\\\/www.sinchisinchi.com\\\/wp-content\\\/uploads\\\/2026\\\/01\\\/3b-Verde-SIMPLIFICADO-HORIZONTAL-F-TRANSPARENTE-scaled.png\",\"width\":2560,\"height\":457,\"caption\":\"SINCHI S.L\"},\"image\":{\"@id\":\"https:\\\/\\\/www.sinchisinchi.com\\\/it\\\/#\\\/schema\\\/logo\\\/image\\\/\"},\"sameAs\":[\"https:\\\/\\\/www.facebook.com\\\/sinchirape\\\/\",\"https:\\\/\\\/www.instagram.com\\\/sinchi_rape\\\/\"]}]}<\/script>\n<!-- \/ Yoast SEO plugin. -->","yoast_head_json":{"title":"Trib\u00f9 cerimoniale degli Arhuaca del cacao, Colombia","description":"Cacao cerimoniale, puro grezzo biologico al 100%, prodotto artigianalmente dalla trib\u00f9 Arhuaco, seguendo il metodo ancestrale.","robots":{"index":"index","follow":"follow","max-snippet":"max-snippet:-1","max-image-preview":"max-image-preview:large","max-video-preview":"max-video-preview:-1"},"canonical":"https:\/\/www.sinchisinchi.com\/it\/producto\/tribu-cerimoniale-degli-arhuaca-del-cacao-colombia\/","og_locale":"it_IT","og_type":"article","og_title":"Trib\u00f9 cerimoniale degli Arhuaca del cacao, Colombia","og_description":"Cacao cerimoniale, puro grezzo biologico al 100%, prodotto artigianalmente dalla trib\u00f9 Arhuaco, seguendo il metodo ancestrale.","og_url":"https:\/\/www.sinchisinchi.com\/it\/producto\/tribu-cerimoniale-degli-arhuaca-del-cacao-colombia\/","og_site_name":"SINCHI RAP\u00c9","article_publisher":"https:\/\/www.facebook.com\/sinchirape\/","article_modified_time":"2024-07-04T11:27:47+00:00","og_image":[{"width":1024,"height":683,"url":"https:\/\/www.sinchisinchi.com\/wp-content\/uploads\/2024\/05\/2-Cacao-Ceremonaial1-1-1024x683-copia.jpg","type":"image\/jpeg"}],"twitter_card":"summary_large_image","twitter_misc":{"Tempo di lettura stimato":"2 minuti"},"schema":{"@context":"https:\/\/schema.org","@graph":[{"@type":"WebPage","@id":"https:\/\/www.sinchisinchi.com\/it\/producto\/tribu-cerimoniale-degli-arhuaca-del-cacao-colombia\/","url":"https:\/\/www.sinchisinchi.com\/it\/producto\/tribu-cerimoniale-degli-arhuaca-del-cacao-colombia\/","name":"Trib\u00f9 cerimoniale degli Arhuaca del cacao, Colombia","isPartOf":{"@id":"https:\/\/www.sinchisinchi.com\/it\/#website"},"primaryImageOfPage":{"@id":"https:\/\/www.sinchisinchi.com\/it\/producto\/tribu-cerimoniale-degli-arhuaca-del-cacao-colombia\/#primaryimage"},"image":{"@id":"https:\/\/www.sinchisinchi.com\/it\/producto\/tribu-cerimoniale-degli-arhuaca-del-cacao-colombia\/#primaryimage"},"thumbnailUrl":"https:\/\/www.sinchisinchi.com\/wp-content\/uploads\/2024\/05\/2-Cacao-Ceremonaial1-1-1024x683-copia.jpg","datePublished":"2024-05-27T13:15:09+00:00","dateModified":"2024-07-04T11:27:47+00:00","description":"Cacao cerimoniale, puro grezzo biologico al 100%, prodotto artigianalmente dalla trib\u00f9 Arhuaco, seguendo il metodo ancestrale.","breadcrumb":{"@id":"https:\/\/www.sinchisinchi.com\/it\/producto\/tribu-cerimoniale-degli-arhuaca-del-cacao-colombia\/#breadcrumb"},"inLanguage":"it-IT","potentialAction":[{"@type":"ReadAction","target":["https:\/\/www.sinchisinchi.com\/it\/producto\/tribu-cerimoniale-degli-arhuaca-del-cacao-colombia\/"]}]},{"@type":"ImageObject","inLanguage":"it-IT","@id":"https:\/\/www.sinchisinchi.com\/it\/producto\/tribu-cerimoniale-degli-arhuaca-del-cacao-colombia\/#primaryimage","url":"https:\/\/www.sinchisinchi.com\/wp-content\/uploads\/2024\/05\/2-Cacao-Ceremonaial1-1-1024x683-copia.jpg","contentUrl":"https:\/\/www.sinchisinchi.com\/wp-content\/uploads\/2024\/05\/2-Cacao-Ceremonaial1-1-1024x683-copia.jpg","width":1024,"height":683},{"@type":"BreadcrumbList","@id":"https:\/\/www.sinchisinchi.com\/it\/producto\/tribu-cerimoniale-degli-arhuaca-del-cacao-colombia\/#breadcrumb","itemListElement":[{"@type":"ListItem","position":1,"name":"Prima pagina","item":"https:\/\/www.sinchisinchi.com\/it\/"},{"@type":"ListItem","position":2,"name":"Prodotti","item":"https:\/\/www.sinchisinchi.com\/it\/shop\/"},{"@type":"ListItem","position":3,"name":"Trib\u00f9 degli Arhuaca del cacao, Colombia"}]},{"@type":"WebSite","@id":"https:\/\/www.sinchisinchi.com\/it\/#website","url":"https:\/\/www.sinchisinchi.com\/it\/","name":"SINCHI","description":"Sinchi Medicine","publisher":{"@id":"https:\/\/www.sinchisinchi.com\/it\/#organization"},"potentialAction":[{"@type":"SearchAction","target":{"@type":"EntryPoint","urlTemplate":"https:\/\/www.sinchisinchi.com\/it\/?s={search_term_string}"},"query-input":{"@type":"PropertyValueSpecification","valueRequired":true,"valueName":"search_term_string"}}],"inLanguage":"it-IT"},{"@type":"Organization","@id":"https:\/\/www.sinchisinchi.com\/it\/#organization","name":"SINCHI S.L","url":"https:\/\/www.sinchisinchi.com\/it\/","logo":{"@type":"ImageObject","inLanguage":"it-IT","@id":"https:\/\/www.sinchisinchi.com\/it\/#\/schema\/logo\/image\/","url":"https:\/\/www.sinchisinchi.com\/wp-content\/uploads\/2026\/01\/3b-Verde-SIMPLIFICADO-HORIZONTAL-F-TRANSPARENTE-scaled.png","contentUrl":"https:\/\/www.sinchisinchi.com\/wp-content\/uploads\/2026\/01\/3b-Verde-SIMPLIFICADO-HORIZONTAL-F-TRANSPARENTE-scaled.png","width":2560,"height":457,"caption":"SINCHI S.L"},"image":{"@id":"https:\/\/www.sinchisinchi.com\/it\/#\/schema\/logo\/image\/"},"sameAs":["https:\/\/www.facebook.com\/sinchirape\/","https:\/\/www.instagram.com\/sinchi_rape\/"]}]}},"_links":{"self":[{"href":"https:\/\/www.sinchisinchi.com\/it\/wp-json\/wp\/v2\/product\/14343","targetHints":{"allow":["GET"]}}],"collection":[{"href":"https:\/\/www.sinchisinchi.com\/it\/wp-json\/wp\/v2\/product"}],"about":[{"href":"https:\/\/www.sinchisinchi.com\/it\/wp-json\/wp\/v2\/types\/product"}],"wp:featuredmedia":[{"embeddable":true,"href":"https:\/\/www.sinchisinchi.com\/it\/wp-json\/wp\/v2\/media\/15921"}],"wp:attachment":[{"href":"https:\/\/www.sinchisinchi.com\/it\/wp-json\/wp\/v2\/media?parent=14343"}],"wp:term":[{"taxonomy":"product_brand","embeddable":true,"href":"https:\/\/www.sinchisinchi.com\/it\/wp-json\/wp\/v2\/product_brand?post=14343"},{"taxonomy":"product_cat","embeddable":true,"href":"https:\/\/www.sinchisinchi.com\/it\/wp-json\/wp\/v2\/product_cat?post=14343"},{"taxonomy":"product_tag","embeddable":true,"href":"https:\/\/www.sinchisinchi.com\/it\/wp-json\/wp\/v2\/product_tag?post=14343"}],"curies":[{"name":"wp","href":"https:\/\/api.w.org\/{rel}","templated":true}]}}