{"id":14551,"date":"2024-05-27T12:25:28","date_gmt":"2024-05-27T12:25:28","guid":{"rendered":"https:\/\/www.sinchisinchi.com\/producto\/14551\/"},"modified":"2024-07-04T11:39:27","modified_gmt":"2024-07-04T11:39:27","slug":"14551","status":"publish","type":"product","link":"https:\/\/www.sinchisinchi.com\/it\/producto\/14551\/","title":{"rendered":"Cacao Cerimoniale &#8220;Ricetta Passione&#8221;"},"content":{"rendered":"<h2 style=\"text-align: center;\"><strong>Rose, propriet\u00e0 spirituali:<\/strong><\/h2>\n<p>La coltivazione delle rose inizi\u00f2 in Asia circa 5.000 anni fa e da allora sono simbolo di amore, romanticismo, purezza, devozione, bellezza e spiritualit\u00e0.<\/p>\n<p>Nel mito di Adone (divinit\u00e0 fenicia, di Tiro), il sangue versato quando ferito da un cinghiale fa germogliare rose rosse o le fa diventare rosse.<\/p>\n<p>La rosa \u00e8 femminile, \u00e8 legata al pianeta Venere e all&#8217;elemento acqua.<\/p>\n<p>Le divinit\u00e0 legate alla rosa sono Hathor, Hulda, Eros, Cupido, Demetra, Iside, Arpocrate e Aurora.<\/p>\n<p>Tradizionalmente viene utilizzato per le sue propriet\u00e0 legate all&#8217;Amore, ai poteri psichici, alla guarigione, alla divinazione amorosa, alla buona sorte e alla protezione.<\/p>\n","protected":false},"excerpt":{"rendered":"<p><span style=\"color: #000000;\">Cacao di grado cerimoniale proveniente dalle antiche terre Maya, con Mucuma Puriens, Rose e Vaniglia.<\/span><\/p>\n<p><span style=\"color: #000000;\">La <strong>Mucuna Pruriens<\/strong> \u00e8 un&#8217;erba utilizzata dalle trib\u00f9 indigene per migliaia di anni per migliorare l&#8217;umore e come superalimento. La dopamina \u00e8 un neurotrasmettitore legato ai sentimenti di <strong>gioia e felicit\u00e0.<\/strong> Mucuna Pruriens \u00e8 una delle uniche fonti naturali di<strong> L-Dopa<\/strong>, un amminoacido naturale che viene trasformato in dopamina nel cervello; Questo fagiolo migliora le capacit\u00e0 cognitive, il funzionamento sessuale e lo stato emotivo.<\/span><\/p>\n<p><span style=\"color: #000000;\">La rosa \u00e8 un fiore ricco di simbologia e propriet\u00e0 spirituali: secondo la mitologia greca, la sua nascita fu il risultato di una goccia di sangue di Venere e di un&#8217;altra di Adone. Per la sua grande bellezza e la fragilit\u00e0 dei suoi petali, \u00e8 un simbolo di amore, vita, femminilit\u00e0, creazione e connessione spirituale.<\/span><\/p>\n<p>&nbsp;<\/p>\n<p><span style=\"color: #000000;\"><strong>Tipologia:<\/strong> Cacao di Grado Cerimoniale.<\/span><\/p>\n<p><span style=\"color: #000000;\"><strong>Ingredienti:<\/strong> cacao di grado cerimoniale, Mucuna Pruriens, vaniglia e rose. Origine: antiche terre Maya.<\/span><\/p>\n<p><span style=\"color: #000000;\"><strong>Presentazione:<\/strong> Blocco di cacao.<\/span><\/p>\n<p><span style=\"color: #000000;\"><strong>Formato:<\/strong> 500 grammi.<\/span><\/p>\n<p><span style=\"color: #000000;\"><strong>Conservazione:<\/strong> conservare in un luogo fresco e asciutto, lontano dalla luce solare diretta.<\/span><\/p>\n","protected":false},"featured_media":14399,"template":"","meta":{"_joinchat":[]},"product_brand":[],"product_cat":[404,517],"product_tag":[],"class_list":{"0":"post-14551","1":"product","2":"type-product","3":"status-publish","4":"has-post-thumbnail","6":"product_cat-cacao-it","7":"product_cat-cerimoniale","9":"first","10":"instock","11":"taxable","12":"shipping-taxable","13":"purchasable","14":"product-type-simple"},"yoast_head":"<!-- This site is optimized with the Yoast SEO plugin v27.4 - https:\/\/yoast.com\/product\/yoast-seo-wordpress\/ -->\n<title>Cacao Maya Passion: Mucuma, Rose e Vaniglia<\/title>\n<meta name=\"description\" content=\"Cacao cerimoniale Maya: Il cacao aveva grande importanza nelle civilt\u00e0 dei Toltechi, degli Aztechi e dei Maya, dove divenne prezioso quanto l&#039;oro.\" \/>\n<meta name=\"robots\" content=\"index, follow, max-snippet:-1, max-image-preview:large, max-video-preview:-1\" \/>\n<link rel=\"canonical\" href=\"https:\/\/www.sinchisinchi.com\/it\/producto\/14551\/\" \/>\n<meta property=\"og:locale\" content=\"it_IT\" \/>\n<meta property=\"og:type\" content=\"article\" \/>\n<meta property=\"og:title\" content=\"Cacao Maya Passion: Mucuma, Rose e Vaniglia\" \/>\n<meta property=\"og:description\" content=\"Cacao cerimoniale Maya: Il cacao aveva grande importanza nelle civilt\u00e0 dei Toltechi, degli Aztechi e dei Maya, dove divenne prezioso quanto l&#039;oro.\" \/>\n<meta property=\"og:url\" content=\"https:\/\/www.sinchisinchi.com\/it\/producto\/14551\/\" \/>\n<meta property=\"og:site_name\" content=\"SINCHI RAP\u00c9\" \/>\n<meta property=\"article:publisher\" content=\"https:\/\/www.facebook.com\/sinchirape\/\" \/>\n<meta property=\"article:modified_time\" content=\"2024-07-04T11:39:27+00:00\" \/>\n<meta property=\"og:image\" content=\"https:\/\/www.sinchisinchi.com\/wp-content\/uploads\/2024\/05\/2-Cacao-Ceremonial1-1.webp\" \/>\n\t<meta property=\"og:image:width\" content=\"2048\" \/>\n\t<meta property=\"og:image:height\" content=\"1365\" \/>\n\t<meta property=\"og:image:type\" content=\"image\/webp\" \/>\n<meta name=\"twitter:card\" content=\"summary_large_image\" \/>\n<script type=\"application\/ld+json\" class=\"yoast-schema-graph\">{\"@context\":\"https:\\\/\\\/schema.org\",\"@graph\":[{\"@type\":\"WebPage\",\"@id\":\"https:\\\/\\\/www.sinchisinchi.com\\\/it\\\/producto\\\/14551\\\/\",\"url\":\"https:\\\/\\\/www.sinchisinchi.com\\\/it\\\/producto\\\/14551\\\/\",\"name\":\"Cacao Maya Passion: Mucuma, Rose e Vaniglia\",\"isPartOf\":{\"@id\":\"https:\\\/\\\/www.sinchisinchi.com\\\/it\\\/#website\"},\"primaryImageOfPage\":{\"@id\":\"https:\\\/\\\/www.sinchisinchi.com\\\/it\\\/producto\\\/14551\\\/#primaryimage\"},\"image\":{\"@id\":\"https:\\\/\\\/www.sinchisinchi.com\\\/it\\\/producto\\\/14551\\\/#primaryimage\"},\"thumbnailUrl\":\"https:\\\/\\\/www.sinchisinchi.com\\\/wp-content\\\/uploads\\\/2024\\\/05\\\/2-Cacao-Ceremonial1-1.webp\",\"datePublished\":\"2024-05-27T12:25:28+00:00\",\"dateModified\":\"2024-07-04T11:39:27+00:00\",\"description\":\"Cacao cerimoniale Maya: Il cacao aveva grande importanza nelle civilt\u00e0 dei Toltechi, degli Aztechi e dei Maya, dove divenne prezioso quanto l'oro.\",\"breadcrumb\":{\"@id\":\"https:\\\/\\\/www.sinchisinchi.com\\\/it\\\/producto\\\/14551\\\/#breadcrumb\"},\"inLanguage\":\"it-IT\",\"potentialAction\":[{\"@type\":\"ReadAction\",\"target\":[\"https:\\\/\\\/www.sinchisinchi.com\\\/it\\\/producto\\\/14551\\\/\"]}]},{\"@type\":\"ImageObject\",\"inLanguage\":\"it-IT\",\"@id\":\"https:\\\/\\\/www.sinchisinchi.com\\\/it\\\/producto\\\/14551\\\/#primaryimage\",\"url\":\"https:\\\/\\\/www.sinchisinchi.com\\\/wp-content\\\/uploads\\\/2024\\\/05\\\/2-Cacao-Ceremonial1-1.webp\",\"contentUrl\":\"https:\\\/\\\/www.sinchisinchi.com\\\/wp-content\\\/uploads\\\/2024\\\/05\\\/2-Cacao-Ceremonial1-1.webp\",\"width\":2048,\"height\":1365,\"caption\":\"Immagine del cacao cerimoniale\"},{\"@type\":\"BreadcrumbList\",\"@id\":\"https:\\\/\\\/www.sinchisinchi.com\\\/it\\\/producto\\\/14551\\\/#breadcrumb\",\"itemListElement\":[{\"@type\":\"ListItem\",\"position\":1,\"name\":\"Prima pagina\",\"item\":\"https:\\\/\\\/www.sinchisinchi.com\\\/it\\\/\"},{\"@type\":\"ListItem\",\"position\":2,\"name\":\"Prodotti\",\"item\":\"https:\\\/\\\/www.sinchisinchi.com\\\/it\\\/shop\\\/\"},{\"@type\":\"ListItem\",\"position\":3,\"name\":\"Cacao Cerimoniale &#8220;Ricetta Passione&#8221;\"}]},{\"@type\":\"WebSite\",\"@id\":\"https:\\\/\\\/www.sinchisinchi.com\\\/it\\\/#website\",\"url\":\"https:\\\/\\\/www.sinchisinchi.com\\\/it\\\/\",\"name\":\"SINCHI\",\"description\":\"Sinchi Medicine\",\"publisher\":{\"@id\":\"https:\\\/\\\/www.sinchisinchi.com\\\/it\\\/#organization\"},\"potentialAction\":[{\"@type\":\"SearchAction\",\"target\":{\"@type\":\"EntryPoint\",\"urlTemplate\":\"https:\\\/\\\/www.sinchisinchi.com\\\/it\\\/?s={search_term_string}\"},\"query-input\":{\"@type\":\"PropertyValueSpecification\",\"valueRequired\":true,\"valueName\":\"search_term_string\"}}],\"inLanguage\":\"it-IT\"},{\"@type\":\"Organization\",\"@id\":\"https:\\\/\\\/www.sinchisinchi.com\\\/it\\\/#organization\",\"name\":\"SINCHI S.L\",\"url\":\"https:\\\/\\\/www.sinchisinchi.com\\\/it\\\/\",\"logo\":{\"@type\":\"ImageObject\",\"inLanguage\":\"it-IT\",\"@id\":\"https:\\\/\\\/www.sinchisinchi.com\\\/it\\\/#\\\/schema\\\/logo\\\/image\\\/\",\"url\":\"https:\\\/\\\/www.sinchisinchi.com\\\/wp-content\\\/uploads\\\/2026\\\/01\\\/3b-Verde-SIMPLIFICADO-HORIZONTAL-F-TRANSPARENTE-scaled.png\",\"contentUrl\":\"https:\\\/\\\/www.sinchisinchi.com\\\/wp-content\\\/uploads\\\/2026\\\/01\\\/3b-Verde-SIMPLIFICADO-HORIZONTAL-F-TRANSPARENTE-scaled.png\",\"width\":2560,\"height\":457,\"caption\":\"SINCHI S.L\"},\"image\":{\"@id\":\"https:\\\/\\\/www.sinchisinchi.com\\\/it\\\/#\\\/schema\\\/logo\\\/image\\\/\"},\"sameAs\":[\"https:\\\/\\\/www.facebook.com\\\/sinchirape\\\/\",\"https:\\\/\\\/www.instagram.com\\\/sinchi_rape\\\/\"]}]}<\/script>\n<!-- \/ Yoast SEO plugin. -->","yoast_head_json":{"title":"Cacao Maya Passion: Mucuma, Rose e Vaniglia","description":"Cacao cerimoniale Maya: Il cacao aveva grande importanza nelle civilt\u00e0 dei Toltechi, degli Aztechi e dei Maya, dove divenne prezioso quanto l'oro.","robots":{"index":"index","follow":"follow","max-snippet":"max-snippet:-1","max-image-preview":"max-image-preview:large","max-video-preview":"max-video-preview:-1"},"canonical":"https:\/\/www.sinchisinchi.com\/it\/producto\/14551\/","og_locale":"it_IT","og_type":"article","og_title":"Cacao Maya Passion: Mucuma, Rose e Vaniglia","og_description":"Cacao cerimoniale Maya: Il cacao aveva grande importanza nelle civilt\u00e0 dei Toltechi, degli Aztechi e dei Maya, dove divenne prezioso quanto l'oro.","og_url":"https:\/\/www.sinchisinchi.com\/it\/producto\/14551\/","og_site_name":"SINCHI RAP\u00c9","article_publisher":"https:\/\/www.facebook.com\/sinchirape\/","article_modified_time":"2024-07-04T11:39:27+00:00","og_image":[{"width":2048,"height":1365,"url":"https:\/\/www.sinchisinchi.com\/wp-content\/uploads\/2024\/05\/2-Cacao-Ceremonial1-1.webp","type":"image\/webp"}],"twitter_card":"summary_large_image","schema":{"@context":"https:\/\/schema.org","@graph":[{"@type":"WebPage","@id":"https:\/\/www.sinchisinchi.com\/it\/producto\/14551\/","url":"https:\/\/www.sinchisinchi.com\/it\/producto\/14551\/","name":"Cacao Maya Passion: Mucuma, Rose e Vaniglia","isPartOf":{"@id":"https:\/\/www.sinchisinchi.com\/it\/#website"},"primaryImageOfPage":{"@id":"https:\/\/www.sinchisinchi.com\/it\/producto\/14551\/#primaryimage"},"image":{"@id":"https:\/\/www.sinchisinchi.com\/it\/producto\/14551\/#primaryimage"},"thumbnailUrl":"https:\/\/www.sinchisinchi.com\/wp-content\/uploads\/2024\/05\/2-Cacao-Ceremonial1-1.webp","datePublished":"2024-05-27T12:25:28+00:00","dateModified":"2024-07-04T11:39:27+00:00","description":"Cacao cerimoniale Maya: Il cacao aveva grande importanza nelle civilt\u00e0 dei Toltechi, degli Aztechi e dei Maya, dove divenne prezioso quanto l'oro.","breadcrumb":{"@id":"https:\/\/www.sinchisinchi.com\/it\/producto\/14551\/#breadcrumb"},"inLanguage":"it-IT","potentialAction":[{"@type":"ReadAction","target":["https:\/\/www.sinchisinchi.com\/it\/producto\/14551\/"]}]},{"@type":"ImageObject","inLanguage":"it-IT","@id":"https:\/\/www.sinchisinchi.com\/it\/producto\/14551\/#primaryimage","url":"https:\/\/www.sinchisinchi.com\/wp-content\/uploads\/2024\/05\/2-Cacao-Ceremonial1-1.webp","contentUrl":"https:\/\/www.sinchisinchi.com\/wp-content\/uploads\/2024\/05\/2-Cacao-Ceremonial1-1.webp","width":2048,"height":1365,"caption":"Immagine del cacao cerimoniale"},{"@type":"BreadcrumbList","@id":"https:\/\/www.sinchisinchi.com\/it\/producto\/14551\/#breadcrumb","itemListElement":[{"@type":"ListItem","position":1,"name":"Prima pagina","item":"https:\/\/www.sinchisinchi.com\/it\/"},{"@type":"ListItem","position":2,"name":"Prodotti","item":"https:\/\/www.sinchisinchi.com\/it\/shop\/"},{"@type":"ListItem","position":3,"name":"Cacao Cerimoniale &#8220;Ricetta Passione&#8221;"}]},{"@type":"WebSite","@id":"https:\/\/www.sinchisinchi.com\/it\/#website","url":"https:\/\/www.sinchisinchi.com\/it\/","name":"SINCHI","description":"Sinchi Medicine","publisher":{"@id":"https:\/\/www.sinchisinchi.com\/it\/#organization"},"potentialAction":[{"@type":"SearchAction","target":{"@type":"EntryPoint","urlTemplate":"https:\/\/www.sinchisinchi.com\/it\/?s={search_term_string}"},"query-input":{"@type":"PropertyValueSpecification","valueRequired":true,"valueName":"search_term_string"}}],"inLanguage":"it-IT"},{"@type":"Organization","@id":"https:\/\/www.sinchisinchi.com\/it\/#organization","name":"SINCHI S.L","url":"https:\/\/www.sinchisinchi.com\/it\/","logo":{"@type":"ImageObject","inLanguage":"it-IT","@id":"https:\/\/www.sinchisinchi.com\/it\/#\/schema\/logo\/image\/","url":"https:\/\/www.sinchisinchi.com\/wp-content\/uploads\/2026\/01\/3b-Verde-SIMPLIFICADO-HORIZONTAL-F-TRANSPARENTE-scaled.png","contentUrl":"https:\/\/www.sinchisinchi.com\/wp-content\/uploads\/2026\/01\/3b-Verde-SIMPLIFICADO-HORIZONTAL-F-TRANSPARENTE-scaled.png","width":2560,"height":457,"caption":"SINCHI S.L"},"image":{"@id":"https:\/\/www.sinchisinchi.com\/it\/#\/schema\/logo\/image\/"},"sameAs":["https:\/\/www.facebook.com\/sinchirape\/","https:\/\/www.instagram.com\/sinchi_rape\/"]}]}},"_links":{"self":[{"href":"https:\/\/www.sinchisinchi.com\/it\/wp-json\/wp\/v2\/product\/14551","targetHints":{"allow":["GET"]}}],"collection":[{"href":"https:\/\/www.sinchisinchi.com\/it\/wp-json\/wp\/v2\/product"}],"about":[{"href":"https:\/\/www.sinchisinchi.com\/it\/wp-json\/wp\/v2\/types\/product"}],"wp:featuredmedia":[{"embeddable":true,"href":"https:\/\/www.sinchisinchi.com\/it\/wp-json\/wp\/v2\/media\/14399"}],"wp:attachment":[{"href":"https:\/\/www.sinchisinchi.com\/it\/wp-json\/wp\/v2\/media?parent=14551"}],"wp:term":[{"taxonomy":"product_brand","embeddable":true,"href":"https:\/\/www.sinchisinchi.com\/it\/wp-json\/wp\/v2\/product_brand?post=14551"},{"taxonomy":"product_cat","embeddable":true,"href":"https:\/\/www.sinchisinchi.com\/it\/wp-json\/wp\/v2\/product_cat?post=14551"},{"taxonomy":"product_tag","embeddable":true,"href":"https:\/\/www.sinchisinchi.com\/it\/wp-json\/wp\/v2\/product_tag?post=14551"}],"curies":[{"name":"wp","href":"https:\/\/api.w.org\/{rel}","templated":true}]}}