{"id":14562,"date":"2024-05-27T13:00:33","date_gmt":"2024-05-27T13:00:33","guid":{"rendered":"https:\/\/www.sinchisinchi.com\/producto\/tribu-dei-piaroa-del-cacao-amazzonico\/"},"modified":"2024-07-04T11:32:32","modified_gmt":"2024-07-04T11:32:32","slug":"tribu-dei-piaroa-del-cacao-amazzonico","status":"publish","type":"product","link":"https:\/\/www.sinchisinchi.com\/it\/producto\/tribu-dei-piaroa-del-cacao-amazzonico\/","title":{"rendered":"Trib\u00f9 dei Piaroa del Cacao Amazzonico"},"content":{"rendered":"<h2 style=\"text-align: center;\"><strong><span style=\"color: #000000;\">Il cacao Piaroa<\/span><\/strong><\/h2>\n<p><span style=\"color: #000000;\">La comunit\u00e0 indigena Piaroa ha un sistema produttivo basato sull&#8217;utilizzo di diversi spazi ecologici; foreste, fiumi e canali e aree ad uso agricolo.<\/span><\/p>\n<h3 style=\"text-align: center;\"><strong><span style=\"color: #000000;\">Trib\u00f9 Piaroa<\/span><\/strong><\/h3>\n<p><span style=\"color: #000000;\">La trib\u00f9 Piaroa \u00e8 una delle popolazioni indigene pi\u00f9 importanti del Venezuela e il suo vasto territorio copre gli stati di Amazonas e Bol\u00edvar. I Piaroa vivono in diversi spazi territoriali, soprattutto foreste tropicali umide.<\/span><\/p>\n<p><span style=\"color: #000000;\">I Piaroa sono inoltre stanziati da decenni lungo gli assi autostradali nord e sud di Puerto Ayacucho, nello stato di Amazonas, sulla riva destra dell&#8217;Orinoco, tra la foce del Ventuari e il Samariapo, e nell&#8217;Alto Orinoco, nella zona di Tama -Tama.<\/span><\/p>\n<p><span style=\"color: #000000;\">Esistono anche Piaroa in territorio colombiano, nel dipartimento di Vichada, pi\u00f9 precisamente nei fiumi Zama, In\u00edrida, Matav\u00e9n e Guaviare.<\/span><\/p>\n<p><span style=\"color: #000000;\">I Piaroa contano attualmente circa 15.000 persone, che vivono principalmente negli stati di Amazonas e Bol\u00edvar.<\/span><\/p>\n<p><span style=\"color: #000000;\">Il suo territorio in Venezuela occupa un&#8217;area di circa 30mila km\u00b2, che comprende i bacini dei fiumi Sipapo, Autana, Cuao, Guayapo, Samariapo, Cataniapo, Paria, Parguaza, Ventuari e Manapiare, oltre agli assi autostradali che lo collegano Puerto Ayacucho, capitale dello stato dell&#8217;Amazzonia, con il porto di Samariapo, a sud, il medio bacino di Cataniapo, a est, e lo stato di Bol\u00edvar, a nord.<\/span><\/p>\n<p><span style=\"color: #000000;\">I Piaroa vivono generalmente in piccole comunit\u00e0 di meno di cento persone, separate tra loro da una distanza di circa una giornata di cammino.<\/span><\/p>\n<p><span style=\"color: #000000;\">Tradizionalmente i Piaroa vivevano in una casa comune, dove le diverse famiglie erano imparentate. Attualmente, nonostante la casa comune continui ad esistere, i villaggi sono costituiti prevalentemente da case unifamiliari. Questa tendenza ha rafforzato il ruolo del nucleo familiare come unit\u00e0 economica autonoma.<\/span><\/p>\n<p><span style=\"color: #000000;\">I Piaroa sono pi\u00f9 raccoglitori che agricoltori. La caccia e la pesca sono la base della loro dieta, soprattutto quella fluviale. Tessono cotone naturale e producono cestini.<\/span><\/p>\n<p><span style=\"color: #000000;\">La Warime o danza della maschera \u00e8 la danza pi\u00f9 importante per il popolo Piaroa. Vi partecipano sciamani (Me\u00f1er\u00faa) di diverse comunit\u00e0, vestiti con un costume di palma moriche e una maschera che copre il volto, celebrando il buon raccolto, le unioni matrimoniali. e il ricongiungimento armonioso di famiglie che vivono lontane.<\/span><\/p>\n<p><span style=\"color: #000000;\">La collina Autana rappresenta l&#8217;albero della vita, da cui nascono tutti i frutti che forniscono sostentamento agli uomini e agli animali. Per i Piaroa \u00e8 una montagna sacra nella quale non entrano.<\/span><\/p>\n<p><span style=\"color: #000000;\">I Piaroa parlano la lingua S\u00e1liba, che fino a tempi recenti veniva trasmessa oralmente. Attualmente hanno sviluppato un sistema di scrittura per la loro lingua.<\/span><\/p>\n","protected":false},"excerpt":{"rendered":"<p><span style=\"color: #000000;\">Cacao cerimoniale coltivato dalla comunit\u00e0 indigena Piaroa, sulle rive del fiume Orinoco, nell&#8217;Amazzonia venezuelana.<\/span><\/p>\n<p><span style=\"color: #000000;\">Viene coltivato seguendo la tradizione ancestrale trasmessa di generazione in generazione. La comunit\u00e0 Piaroa utilizza diversi scenari ecologici; foreste, fiumi e torrenti e aree aperte.<\/span><\/p>\n<p><span style=\"color: #000000;\">\u00c8 ideale per uso cerimoniale, per sostituire il caff\u00e8, come energizzante sportivo e persino per la pasticceria e la preparazione del cioccolato. Conservare in un luogo fresco e asciutto, lontano dalla luce solare.<\/span><\/p>\n<p><span style=\"color: #000000;\"><strong>Tipologia:<\/strong> Cacao di Grado Cerimoniale.<\/span><\/p>\n<p><span style=\"color: #000000;\"><strong>Ingredienti:<\/strong> 100% puro cacao di grado cerimoniale.<\/span><\/p>\n<p><span style=\"color: #000000;\"><strong>Origine:<\/strong> Amazonas, Venezuela<\/span><\/p>\n<p><span style=\"color: #000000;\"><strong>Presentazione:<\/strong> Barretta al Cacao.<\/span><\/p>\n<p><span style=\"color: #000000;\"><strong>Variet\u00e0:<\/strong> Criollo Piaroa<\/span><\/p>\n<p><span style=\"color: #000000;\"><strong>Formato:<\/strong> 500 g<\/span><\/p>\n<p><span style=\"color: #000000;\"><strong>Conservazione:<\/strong> conservare in un luogo fresco e asciutto, lontano dalla luce solare diretta.<\/span><\/p>\n","protected":false},"featured_media":15915,"template":"","meta":{"_joinchat":[]},"product_brand":[],"product_cat":[404,517],"product_tag":[],"class_list":{"0":"post-14562","1":"product","2":"type-product","3":"status-publish","4":"has-post-thumbnail","6":"product_cat-cacao-it","7":"product_cat-cerimoniale","9":"first","10":"instock","11":"taxable","12":"shipping-taxable","13":"purchasable","14":"product-type-simple"},"yoast_head":"<!-- This site is optimized with the Yoast SEO plugin v27.4 - https:\/\/yoast.com\/product\/yoast-seo-wordpress\/ -->\n<title>Cacao cerimoniale dell&#039;Amazzonia, trib\u00f9 Piaroa<\/title>\n<meta name=\"description\" content=\"Cacao cerimoniale della trib\u00f9 nativa Piaroa, coltivato seguendo la tradizione ancestrale tramandata di generazione in generazione.\" \/>\n<meta name=\"robots\" content=\"index, follow, max-snippet:-1, max-image-preview:large, max-video-preview:-1\" \/>\n<link rel=\"canonical\" href=\"https:\/\/www.sinchisinchi.com\/it\/producto\/tribu-dei-piaroa-del-cacao-amazzonico\/\" \/>\n<meta property=\"og:locale\" content=\"it_IT\" \/>\n<meta property=\"og:type\" content=\"article\" \/>\n<meta property=\"og:title\" content=\"Cacao cerimoniale dell&#039;Amazzonia, trib\u00f9 Piaroa\" \/>\n<meta property=\"og:description\" content=\"Cacao cerimoniale della trib\u00f9 nativa Piaroa, coltivato seguendo la tradizione ancestrale tramandata di generazione in generazione.\" \/>\n<meta property=\"og:url\" content=\"https:\/\/www.sinchisinchi.com\/it\/producto\/tribu-dei-piaroa-del-cacao-amazzonico\/\" \/>\n<meta property=\"og:site_name\" content=\"SINCHI RAP\u00c9\" \/>\n<meta property=\"article:publisher\" content=\"https:\/\/www.facebook.com\/sinchirape\/\" \/>\n<meta property=\"article:modified_time\" content=\"2024-07-04T11:32:32+00:00\" \/>\n<meta property=\"og:image\" content=\"https:\/\/www.sinchisinchi.com\/wp-content\/uploads\/2024\/05\/2-Cacao-Ceremonial1-1-1024x683-copia.jpg\" \/>\n\t<meta property=\"og:image:width\" content=\"1024\" \/>\n\t<meta property=\"og:image:height\" content=\"683\" \/>\n\t<meta property=\"og:image:type\" content=\"image\/jpeg\" \/>\n<meta name=\"twitter:card\" content=\"summary_large_image\" \/>\n<meta name=\"twitter:label1\" content=\"Tempo di lettura stimato\" \/>\n\t<meta name=\"twitter:data1\" content=\"2 minuti\" \/>\n<script type=\"application\/ld+json\" class=\"yoast-schema-graph\">{\"@context\":\"https:\\\/\\\/schema.org\",\"@graph\":[{\"@type\":\"WebPage\",\"@id\":\"https:\\\/\\\/www.sinchisinchi.com\\\/it\\\/producto\\\/tribu-dei-piaroa-del-cacao-amazzonico\\\/\",\"url\":\"https:\\\/\\\/www.sinchisinchi.com\\\/it\\\/producto\\\/tribu-dei-piaroa-del-cacao-amazzonico\\\/\",\"name\":\"Cacao cerimoniale dell'Amazzonia, trib\u00f9 Piaroa\",\"isPartOf\":{\"@id\":\"https:\\\/\\\/www.sinchisinchi.com\\\/it\\\/#website\"},\"primaryImageOfPage\":{\"@id\":\"https:\\\/\\\/www.sinchisinchi.com\\\/it\\\/producto\\\/tribu-dei-piaroa-del-cacao-amazzonico\\\/#primaryimage\"},\"image\":{\"@id\":\"https:\\\/\\\/www.sinchisinchi.com\\\/it\\\/producto\\\/tribu-dei-piaroa-del-cacao-amazzonico\\\/#primaryimage\"},\"thumbnailUrl\":\"https:\\\/\\\/www.sinchisinchi.com\\\/wp-content\\\/uploads\\\/2024\\\/05\\\/2-Cacao-Ceremonial1-1-1024x683-copia.jpg\",\"datePublished\":\"2024-05-27T13:00:33+00:00\",\"dateModified\":\"2024-07-04T11:32:32+00:00\",\"description\":\"Cacao cerimoniale della trib\u00f9 nativa Piaroa, coltivato seguendo la tradizione ancestrale tramandata di generazione in generazione.\",\"breadcrumb\":{\"@id\":\"https:\\\/\\\/www.sinchisinchi.com\\\/it\\\/producto\\\/tribu-dei-piaroa-del-cacao-amazzonico\\\/#breadcrumb\"},\"inLanguage\":\"it-IT\",\"potentialAction\":[{\"@type\":\"ReadAction\",\"target\":[\"https:\\\/\\\/www.sinchisinchi.com\\\/it\\\/producto\\\/tribu-dei-piaroa-del-cacao-amazzonico\\\/\"]}]},{\"@type\":\"ImageObject\",\"inLanguage\":\"it-IT\",\"@id\":\"https:\\\/\\\/www.sinchisinchi.com\\\/it\\\/producto\\\/tribu-dei-piaroa-del-cacao-amazzonico\\\/#primaryimage\",\"url\":\"https:\\\/\\\/www.sinchisinchi.com\\\/wp-content\\\/uploads\\\/2024\\\/05\\\/2-Cacao-Ceremonial1-1-1024x683-copia.jpg\",\"contentUrl\":\"https:\\\/\\\/www.sinchisinchi.com\\\/wp-content\\\/uploads\\\/2024\\\/05\\\/2-Cacao-Ceremonial1-1-1024x683-copia.jpg\",\"width\":1024,\"height\":683},{\"@type\":\"BreadcrumbList\",\"@id\":\"https:\\\/\\\/www.sinchisinchi.com\\\/it\\\/producto\\\/tribu-dei-piaroa-del-cacao-amazzonico\\\/#breadcrumb\",\"itemListElement\":[{\"@type\":\"ListItem\",\"position\":1,\"name\":\"Prima pagina\",\"item\":\"https:\\\/\\\/www.sinchisinchi.com\\\/it\\\/\"},{\"@type\":\"ListItem\",\"position\":2,\"name\":\"Prodotti\",\"item\":\"https:\\\/\\\/www.sinchisinchi.com\\\/it\\\/shop\\\/\"},{\"@type\":\"ListItem\",\"position\":3,\"name\":\"Trib\u00f9 dei Piaroa del Cacao Amazzonico\"}]},{\"@type\":\"WebSite\",\"@id\":\"https:\\\/\\\/www.sinchisinchi.com\\\/it\\\/#website\",\"url\":\"https:\\\/\\\/www.sinchisinchi.com\\\/it\\\/\",\"name\":\"SINCHI\",\"description\":\"Sinchi Medicine\",\"publisher\":{\"@id\":\"https:\\\/\\\/www.sinchisinchi.com\\\/it\\\/#organization\"},\"potentialAction\":[{\"@type\":\"SearchAction\",\"target\":{\"@type\":\"EntryPoint\",\"urlTemplate\":\"https:\\\/\\\/www.sinchisinchi.com\\\/it\\\/?s={search_term_string}\"},\"query-input\":{\"@type\":\"PropertyValueSpecification\",\"valueRequired\":true,\"valueName\":\"search_term_string\"}}],\"inLanguage\":\"it-IT\"},{\"@type\":\"Organization\",\"@id\":\"https:\\\/\\\/www.sinchisinchi.com\\\/it\\\/#organization\",\"name\":\"SINCHI S.L\",\"url\":\"https:\\\/\\\/www.sinchisinchi.com\\\/it\\\/\",\"logo\":{\"@type\":\"ImageObject\",\"inLanguage\":\"it-IT\",\"@id\":\"https:\\\/\\\/www.sinchisinchi.com\\\/it\\\/#\\\/schema\\\/logo\\\/image\\\/\",\"url\":\"https:\\\/\\\/www.sinchisinchi.com\\\/wp-content\\\/uploads\\\/2026\\\/01\\\/3b-Verde-SIMPLIFICADO-HORIZONTAL-F-TRANSPARENTE-scaled.png\",\"contentUrl\":\"https:\\\/\\\/www.sinchisinchi.com\\\/wp-content\\\/uploads\\\/2026\\\/01\\\/3b-Verde-SIMPLIFICADO-HORIZONTAL-F-TRANSPARENTE-scaled.png\",\"width\":2560,\"height\":457,\"caption\":\"SINCHI S.L\"},\"image\":{\"@id\":\"https:\\\/\\\/www.sinchisinchi.com\\\/it\\\/#\\\/schema\\\/logo\\\/image\\\/\"},\"sameAs\":[\"https:\\\/\\\/www.facebook.com\\\/sinchirape\\\/\",\"https:\\\/\\\/www.instagram.com\\\/sinchi_rape\\\/\"]}]}<\/script>\n<!-- \/ Yoast SEO plugin. -->","yoast_head_json":{"title":"Cacao cerimoniale dell'Amazzonia, trib\u00f9 Piaroa","description":"Cacao cerimoniale della trib\u00f9 nativa Piaroa, coltivato seguendo la tradizione ancestrale tramandata di generazione in generazione.","robots":{"index":"index","follow":"follow","max-snippet":"max-snippet:-1","max-image-preview":"max-image-preview:large","max-video-preview":"max-video-preview:-1"},"canonical":"https:\/\/www.sinchisinchi.com\/it\/producto\/tribu-dei-piaroa-del-cacao-amazzonico\/","og_locale":"it_IT","og_type":"article","og_title":"Cacao cerimoniale dell'Amazzonia, trib\u00f9 Piaroa","og_description":"Cacao cerimoniale della trib\u00f9 nativa Piaroa, coltivato seguendo la tradizione ancestrale tramandata di generazione in generazione.","og_url":"https:\/\/www.sinchisinchi.com\/it\/producto\/tribu-dei-piaroa-del-cacao-amazzonico\/","og_site_name":"SINCHI RAP\u00c9","article_publisher":"https:\/\/www.facebook.com\/sinchirape\/","article_modified_time":"2024-07-04T11:32:32+00:00","og_image":[{"width":1024,"height":683,"url":"https:\/\/www.sinchisinchi.com\/wp-content\/uploads\/2024\/05\/2-Cacao-Ceremonial1-1-1024x683-copia.jpg","type":"image\/jpeg"}],"twitter_card":"summary_large_image","twitter_misc":{"Tempo di lettura stimato":"2 minuti"},"schema":{"@context":"https:\/\/schema.org","@graph":[{"@type":"WebPage","@id":"https:\/\/www.sinchisinchi.com\/it\/producto\/tribu-dei-piaroa-del-cacao-amazzonico\/","url":"https:\/\/www.sinchisinchi.com\/it\/producto\/tribu-dei-piaroa-del-cacao-amazzonico\/","name":"Cacao cerimoniale dell'Amazzonia, trib\u00f9 Piaroa","isPartOf":{"@id":"https:\/\/www.sinchisinchi.com\/it\/#website"},"primaryImageOfPage":{"@id":"https:\/\/www.sinchisinchi.com\/it\/producto\/tribu-dei-piaroa-del-cacao-amazzonico\/#primaryimage"},"image":{"@id":"https:\/\/www.sinchisinchi.com\/it\/producto\/tribu-dei-piaroa-del-cacao-amazzonico\/#primaryimage"},"thumbnailUrl":"https:\/\/www.sinchisinchi.com\/wp-content\/uploads\/2024\/05\/2-Cacao-Ceremonial1-1-1024x683-copia.jpg","datePublished":"2024-05-27T13:00:33+00:00","dateModified":"2024-07-04T11:32:32+00:00","description":"Cacao cerimoniale della trib\u00f9 nativa Piaroa, coltivato seguendo la tradizione ancestrale tramandata di generazione in generazione.","breadcrumb":{"@id":"https:\/\/www.sinchisinchi.com\/it\/producto\/tribu-dei-piaroa-del-cacao-amazzonico\/#breadcrumb"},"inLanguage":"it-IT","potentialAction":[{"@type":"ReadAction","target":["https:\/\/www.sinchisinchi.com\/it\/producto\/tribu-dei-piaroa-del-cacao-amazzonico\/"]}]},{"@type":"ImageObject","inLanguage":"it-IT","@id":"https:\/\/www.sinchisinchi.com\/it\/producto\/tribu-dei-piaroa-del-cacao-amazzonico\/#primaryimage","url":"https:\/\/www.sinchisinchi.com\/wp-content\/uploads\/2024\/05\/2-Cacao-Ceremonial1-1-1024x683-copia.jpg","contentUrl":"https:\/\/www.sinchisinchi.com\/wp-content\/uploads\/2024\/05\/2-Cacao-Ceremonial1-1-1024x683-copia.jpg","width":1024,"height":683},{"@type":"BreadcrumbList","@id":"https:\/\/www.sinchisinchi.com\/it\/producto\/tribu-dei-piaroa-del-cacao-amazzonico\/#breadcrumb","itemListElement":[{"@type":"ListItem","position":1,"name":"Prima pagina","item":"https:\/\/www.sinchisinchi.com\/it\/"},{"@type":"ListItem","position":2,"name":"Prodotti","item":"https:\/\/www.sinchisinchi.com\/it\/shop\/"},{"@type":"ListItem","position":3,"name":"Trib\u00f9 dei Piaroa del Cacao Amazzonico"}]},{"@type":"WebSite","@id":"https:\/\/www.sinchisinchi.com\/it\/#website","url":"https:\/\/www.sinchisinchi.com\/it\/","name":"SINCHI","description":"Sinchi Medicine","publisher":{"@id":"https:\/\/www.sinchisinchi.com\/it\/#organization"},"potentialAction":[{"@type":"SearchAction","target":{"@type":"EntryPoint","urlTemplate":"https:\/\/www.sinchisinchi.com\/it\/?s={search_term_string}"},"query-input":{"@type":"PropertyValueSpecification","valueRequired":true,"valueName":"search_term_string"}}],"inLanguage":"it-IT"},{"@type":"Organization","@id":"https:\/\/www.sinchisinchi.com\/it\/#organization","name":"SINCHI S.L","url":"https:\/\/www.sinchisinchi.com\/it\/","logo":{"@type":"ImageObject","inLanguage":"it-IT","@id":"https:\/\/www.sinchisinchi.com\/it\/#\/schema\/logo\/image\/","url":"https:\/\/www.sinchisinchi.com\/wp-content\/uploads\/2026\/01\/3b-Verde-SIMPLIFICADO-HORIZONTAL-F-TRANSPARENTE-scaled.png","contentUrl":"https:\/\/www.sinchisinchi.com\/wp-content\/uploads\/2026\/01\/3b-Verde-SIMPLIFICADO-HORIZONTAL-F-TRANSPARENTE-scaled.png","width":2560,"height":457,"caption":"SINCHI S.L"},"image":{"@id":"https:\/\/www.sinchisinchi.com\/it\/#\/schema\/logo\/image\/"},"sameAs":["https:\/\/www.facebook.com\/sinchirape\/","https:\/\/www.instagram.com\/sinchi_rape\/"]}]}},"_links":{"self":[{"href":"https:\/\/www.sinchisinchi.com\/it\/wp-json\/wp\/v2\/product\/14562","targetHints":{"allow":["GET"]}}],"collection":[{"href":"https:\/\/www.sinchisinchi.com\/it\/wp-json\/wp\/v2\/product"}],"about":[{"href":"https:\/\/www.sinchisinchi.com\/it\/wp-json\/wp\/v2\/types\/product"}],"wp:featuredmedia":[{"embeddable":true,"href":"https:\/\/www.sinchisinchi.com\/it\/wp-json\/wp\/v2\/media\/15915"}],"wp:attachment":[{"href":"https:\/\/www.sinchisinchi.com\/it\/wp-json\/wp\/v2\/media?parent=14562"}],"wp:term":[{"taxonomy":"product_brand","embeddable":true,"href":"https:\/\/www.sinchisinchi.com\/it\/wp-json\/wp\/v2\/product_brand?post=14562"},{"taxonomy":"product_cat","embeddable":true,"href":"https:\/\/www.sinchisinchi.com\/it\/wp-json\/wp\/v2\/product_cat?post=14562"},{"taxonomy":"product_tag","embeddable":true,"href":"https:\/\/www.sinchisinchi.com\/it\/wp-json\/wp\/v2\/product_tag?post=14562"}],"curies":[{"name":"wp","href":"https:\/\/api.w.org\/{rel}","templated":true}]}}