{"id":14665,"date":"2024-05-28T12:52:45","date_gmt":"2024-05-28T12:52:45","guid":{"rendered":"https:\/\/www.sinchisinchi.com\/producto\/cuore-di-cacao\/"},"modified":"2024-07-04T11:22:33","modified_gmt":"2024-07-04T11:22:33","slug":"cuore-di-cacao","status":"publish","type":"product","link":"https:\/\/www.sinchisinchi.com\/it\/producto\/cuore-di-cacao\/","title":{"rendered":"Cuore di Cacao"},"content":{"rendered":"<h3 style=\"text-align: center;\"><strong><span style=\"color: #000000;\">Verbena (Verbena bonariensis)<\/span><\/strong><\/h3>\n<p><span style=\"color: #000000;\">La verbena (Verbena bonariensis), \u00e8 una pianta perenne a crescita rapida che forma ciuffi. Presenta foglie seghettate, lanceolate, di colore verde scuro, da cui si elevano fusti eretti, sottili, ramificati e con poche foglie.<\/span><\/p>\n<p><span style=\"color: #000000;\">Ha piccoli fiori dal rosa al viola che sono molto attraenti per colibr\u00ec, farfalle e altri impollinatori. Il nome del genere deriva da un nome latino utilizzato in diverse piante largamente utilizzate nelle cerimonie e nella medicina tradizionale.<\/span><\/p>\n<p><span style=\"color: #000000;\">La verbena ha potenti propriet\u00e0 analgesiche e antinfiammatorie e pu\u00f2 essere utilizzata anche come deodorante naturale. Ha qualit\u00e0 rilassanti, viene solitamente utilizzato per combattere l&#8217;ansia e l&#8217;insonnia. Ha anche effetti sedativi e rinforza il sistema nervoso.<\/span><\/p>\n","protected":false},"excerpt":{"rendered":"<p><span style=\"color: #000000;\">Questa ricetta cerimoniale di cacao contiene una potente miscela di peperoncini e spezie amazzoniche pensata per aprire il cuore.<\/span><\/p>\n<p><span style=\"color: #000000;\">Migliora la connessione con il s\u00e9 superiore e una visione pi\u00f9 profonda e completa. Formulato con cura con erbe della foresta amazzonica, \u00e8 progettato per aprire il cuore, espandere la coscienza e accendere il fuoco dentro ognuno di noi.<\/span><\/p>\n<p><span style=\"color: #000000;\">Questa potente combinazione ci consente di connetterci con la nostra vibrazione pi\u00f9 alta e di connetterci con le verit\u00e0 pi\u00f9 profonde.<\/span><\/p>\n<p>&nbsp;<\/p>\n<p><span style=\"color: #000000;\"><strong>Tipologia:<\/strong> Cacao di Grado Cerimoniale.<\/span><\/p>\n<p><span style=\"color: #000000;\"><strong>Ingredienti:<\/strong> Cacao (theobroma cacao), burro di cacao, combinazione di spezie (cannella, cardamomo, chiodi di garofano e peperoncini). La verbena e il basilicum lavorano in sinergia con il cacao e le spezie per creare un&#8217;esperienza unica e trasformativa.<\/span><\/p>\n<p><span style=\"color: #000000;\"><strong>Origine:<\/strong> Colombia<\/span><\/p>\n<p><span style=\"color: #000000;\"><strong>Presentazione:<\/strong> Blocco di cacao.<\/span><\/p>\n<p><span style=\"color: #000000;\"><strong>Peso netto:<\/strong> 400 g<\/span><\/p>\n<p><span style=\"color: #000000;\"><strong>Conservazione:<\/strong> Conservare in un luogo fresco e asciutto, lontano dalla luce solare diretta.<\/span><\/p>\n","protected":false},"featured_media":14503,"template":"","meta":{"_joinchat":[]},"product_brand":[],"product_cat":[404,522],"product_tag":[],"class_list":{"0":"post-14665","1":"product","2":"type-product","3":"status-publish","4":"has-post-thumbnail","6":"product_cat-cacao-it","7":"product_cat-magia","9":"first","10":"instock","11":"taxable","12":"shipping-taxable","13":"purchasable","14":"product-type-simple"},"yoast_head":"<!-- This site is optimized with the Yoast SEO plugin v27.4 - https:\/\/yoast.com\/product\/yoast-seo-wordpress\/ -->\n<title>Cuore cerimoniale di cacao \u2013 Sinchi, negozio sciamanico<\/title>\n<meta name=\"description\" content=\"Questa ricetta cerimoniale di cacao contiene una potente miscela di peperoncini e spezie amazzoniche pensata per aprire il cuore.\" \/>\n<meta name=\"robots\" content=\"index, follow, max-snippet:-1, max-image-preview:large, max-video-preview:-1\" \/>\n<link rel=\"canonical\" href=\"https:\/\/www.sinchisinchi.com\/it\/producto\/cuore-di-cacao\/\" \/>\n<meta property=\"og:locale\" content=\"it_IT\" \/>\n<meta property=\"og:type\" content=\"article\" \/>\n<meta property=\"og:title\" content=\"Cuore cerimoniale di cacao \u2013 Sinchi, negozio sciamanico\" \/>\n<meta property=\"og:description\" content=\"Questa ricetta cerimoniale di cacao contiene una potente miscela di peperoncini e spezie amazzoniche pensata per aprire il cuore.\" \/>\n<meta property=\"og:url\" content=\"https:\/\/www.sinchisinchi.com\/it\/producto\/cuore-di-cacao\/\" \/>\n<meta property=\"og:site_name\" content=\"SINCHI RAP\u00c9\" \/>\n<meta property=\"article:publisher\" content=\"https:\/\/www.facebook.com\/sinchirape\/\" \/>\n<meta property=\"article:modified_time\" content=\"2024-07-04T11:22:33+00:00\" \/>\n<meta property=\"og:image\" content=\"https:\/\/www.sinchisinchi.com\/wp-content\/uploads\/2024\/05\/open-heart.jpeg\" \/>\n\t<meta property=\"og:image:width\" content=\"990\" \/>\n\t<meta property=\"og:image:height\" content=\"990\" \/>\n\t<meta property=\"og:image:type\" content=\"image\/jpeg\" \/>\n<meta name=\"twitter:card\" content=\"summary_large_image\" \/>\n<meta name=\"twitter:label1\" content=\"Tempo di lettura stimato\" \/>\n\t<meta name=\"twitter:data1\" content=\"1 minuto\" \/>\n<script type=\"application\/ld+json\" class=\"yoast-schema-graph\">{\"@context\":\"https:\\\/\\\/schema.org\",\"@graph\":[{\"@type\":\"WebPage\",\"@id\":\"https:\\\/\\\/www.sinchisinchi.com\\\/it\\\/producto\\\/cuore-di-cacao\\\/\",\"url\":\"https:\\\/\\\/www.sinchisinchi.com\\\/it\\\/producto\\\/cuore-di-cacao\\\/\",\"name\":\"Cuore cerimoniale di cacao \u2013 Sinchi, negozio sciamanico\",\"isPartOf\":{\"@id\":\"https:\\\/\\\/www.sinchisinchi.com\\\/it\\\/#website\"},\"primaryImageOfPage\":{\"@id\":\"https:\\\/\\\/www.sinchisinchi.com\\\/it\\\/producto\\\/cuore-di-cacao\\\/#primaryimage\"},\"image\":{\"@id\":\"https:\\\/\\\/www.sinchisinchi.com\\\/it\\\/producto\\\/cuore-di-cacao\\\/#primaryimage\"},\"thumbnailUrl\":\"https:\\\/\\\/www.sinchisinchi.com\\\/wp-content\\\/uploads\\\/2024\\\/05\\\/open-heart.jpeg\",\"datePublished\":\"2024-05-28T12:52:45+00:00\",\"dateModified\":\"2024-07-04T11:22:33+00:00\",\"description\":\"Questa ricetta cerimoniale di cacao contiene una potente miscela di peperoncini e spezie amazzoniche pensata per aprire il cuore.\",\"breadcrumb\":{\"@id\":\"https:\\\/\\\/www.sinchisinchi.com\\\/it\\\/producto\\\/cuore-di-cacao\\\/#breadcrumb\"},\"inLanguage\":\"it-IT\",\"potentialAction\":[{\"@type\":\"ReadAction\",\"target\":[\"https:\\\/\\\/www.sinchisinchi.com\\\/it\\\/producto\\\/cuore-di-cacao\\\/\"]}]},{\"@type\":\"ImageObject\",\"inLanguage\":\"it-IT\",\"@id\":\"https:\\\/\\\/www.sinchisinchi.com\\\/it\\\/producto\\\/cuore-di-cacao\\\/#primaryimage\",\"url\":\"https:\\\/\\\/www.sinchisinchi.com\\\/wp-content\\\/uploads\\\/2024\\\/05\\\/open-heart.jpeg\",\"contentUrl\":\"https:\\\/\\\/www.sinchisinchi.com\\\/wp-content\\\/uploads\\\/2024\\\/05\\\/open-heart.jpeg\",\"width\":990,\"height\":990},{\"@type\":\"BreadcrumbList\",\"@id\":\"https:\\\/\\\/www.sinchisinchi.com\\\/it\\\/producto\\\/cuore-di-cacao\\\/#breadcrumb\",\"itemListElement\":[{\"@type\":\"ListItem\",\"position\":1,\"name\":\"Prima pagina\",\"item\":\"https:\\\/\\\/www.sinchisinchi.com\\\/it\\\/\"},{\"@type\":\"ListItem\",\"position\":2,\"name\":\"Prodotti\",\"item\":\"https:\\\/\\\/www.sinchisinchi.com\\\/it\\\/shop\\\/\"},{\"@type\":\"ListItem\",\"position\":3,\"name\":\"Cuore di Cacao\"}]},{\"@type\":\"WebSite\",\"@id\":\"https:\\\/\\\/www.sinchisinchi.com\\\/it\\\/#website\",\"url\":\"https:\\\/\\\/www.sinchisinchi.com\\\/it\\\/\",\"name\":\"SINCHI\",\"description\":\"Sinchi Medicine\",\"publisher\":{\"@id\":\"https:\\\/\\\/www.sinchisinchi.com\\\/it\\\/#organization\"},\"potentialAction\":[{\"@type\":\"SearchAction\",\"target\":{\"@type\":\"EntryPoint\",\"urlTemplate\":\"https:\\\/\\\/www.sinchisinchi.com\\\/it\\\/?s={search_term_string}\"},\"query-input\":{\"@type\":\"PropertyValueSpecification\",\"valueRequired\":true,\"valueName\":\"search_term_string\"}}],\"inLanguage\":\"it-IT\"},{\"@type\":\"Organization\",\"@id\":\"https:\\\/\\\/www.sinchisinchi.com\\\/it\\\/#organization\",\"name\":\"SINCHI S.L\",\"url\":\"https:\\\/\\\/www.sinchisinchi.com\\\/it\\\/\",\"logo\":{\"@type\":\"ImageObject\",\"inLanguage\":\"it-IT\",\"@id\":\"https:\\\/\\\/www.sinchisinchi.com\\\/it\\\/#\\\/schema\\\/logo\\\/image\\\/\",\"url\":\"https:\\\/\\\/www.sinchisinchi.com\\\/wp-content\\\/uploads\\\/2026\\\/01\\\/3b-Verde-SIMPLIFICADO-HORIZONTAL-F-TRANSPARENTE-scaled.png\",\"contentUrl\":\"https:\\\/\\\/www.sinchisinchi.com\\\/wp-content\\\/uploads\\\/2026\\\/01\\\/3b-Verde-SIMPLIFICADO-HORIZONTAL-F-TRANSPARENTE-scaled.png\",\"width\":2560,\"height\":457,\"caption\":\"SINCHI S.L\"},\"image\":{\"@id\":\"https:\\\/\\\/www.sinchisinchi.com\\\/it\\\/#\\\/schema\\\/logo\\\/image\\\/\"},\"sameAs\":[\"https:\\\/\\\/www.facebook.com\\\/sinchirape\\\/\",\"https:\\\/\\\/www.instagram.com\\\/sinchi_rape\\\/\"]}]}<\/script>\n<!-- \/ Yoast SEO plugin. -->","yoast_head_json":{"title":"Cuore cerimoniale di cacao \u2013 Sinchi, negozio sciamanico","description":"Questa ricetta cerimoniale di cacao contiene una potente miscela di peperoncini e spezie amazzoniche pensata per aprire il cuore.","robots":{"index":"index","follow":"follow","max-snippet":"max-snippet:-1","max-image-preview":"max-image-preview:large","max-video-preview":"max-video-preview:-1"},"canonical":"https:\/\/www.sinchisinchi.com\/it\/producto\/cuore-di-cacao\/","og_locale":"it_IT","og_type":"article","og_title":"Cuore cerimoniale di cacao \u2013 Sinchi, negozio sciamanico","og_description":"Questa ricetta cerimoniale di cacao contiene una potente miscela di peperoncini e spezie amazzoniche pensata per aprire il cuore.","og_url":"https:\/\/www.sinchisinchi.com\/it\/producto\/cuore-di-cacao\/","og_site_name":"SINCHI RAP\u00c9","article_publisher":"https:\/\/www.facebook.com\/sinchirape\/","article_modified_time":"2024-07-04T11:22:33+00:00","og_image":[{"width":990,"height":990,"url":"https:\/\/www.sinchisinchi.com\/wp-content\/uploads\/2024\/05\/open-heart.jpeg","type":"image\/jpeg"}],"twitter_card":"summary_large_image","twitter_misc":{"Tempo di lettura stimato":"1 minuto"},"schema":{"@context":"https:\/\/schema.org","@graph":[{"@type":"WebPage","@id":"https:\/\/www.sinchisinchi.com\/it\/producto\/cuore-di-cacao\/","url":"https:\/\/www.sinchisinchi.com\/it\/producto\/cuore-di-cacao\/","name":"Cuore cerimoniale di cacao \u2013 Sinchi, negozio sciamanico","isPartOf":{"@id":"https:\/\/www.sinchisinchi.com\/it\/#website"},"primaryImageOfPage":{"@id":"https:\/\/www.sinchisinchi.com\/it\/producto\/cuore-di-cacao\/#primaryimage"},"image":{"@id":"https:\/\/www.sinchisinchi.com\/it\/producto\/cuore-di-cacao\/#primaryimage"},"thumbnailUrl":"https:\/\/www.sinchisinchi.com\/wp-content\/uploads\/2024\/05\/open-heart.jpeg","datePublished":"2024-05-28T12:52:45+00:00","dateModified":"2024-07-04T11:22:33+00:00","description":"Questa ricetta cerimoniale di cacao contiene una potente miscela di peperoncini e spezie amazzoniche pensata per aprire il cuore.","breadcrumb":{"@id":"https:\/\/www.sinchisinchi.com\/it\/producto\/cuore-di-cacao\/#breadcrumb"},"inLanguage":"it-IT","potentialAction":[{"@type":"ReadAction","target":["https:\/\/www.sinchisinchi.com\/it\/producto\/cuore-di-cacao\/"]}]},{"@type":"ImageObject","inLanguage":"it-IT","@id":"https:\/\/www.sinchisinchi.com\/it\/producto\/cuore-di-cacao\/#primaryimage","url":"https:\/\/www.sinchisinchi.com\/wp-content\/uploads\/2024\/05\/open-heart.jpeg","contentUrl":"https:\/\/www.sinchisinchi.com\/wp-content\/uploads\/2024\/05\/open-heart.jpeg","width":990,"height":990},{"@type":"BreadcrumbList","@id":"https:\/\/www.sinchisinchi.com\/it\/producto\/cuore-di-cacao\/#breadcrumb","itemListElement":[{"@type":"ListItem","position":1,"name":"Prima pagina","item":"https:\/\/www.sinchisinchi.com\/it\/"},{"@type":"ListItem","position":2,"name":"Prodotti","item":"https:\/\/www.sinchisinchi.com\/it\/shop\/"},{"@type":"ListItem","position":3,"name":"Cuore di Cacao"}]},{"@type":"WebSite","@id":"https:\/\/www.sinchisinchi.com\/it\/#website","url":"https:\/\/www.sinchisinchi.com\/it\/","name":"SINCHI","description":"Sinchi Medicine","publisher":{"@id":"https:\/\/www.sinchisinchi.com\/it\/#organization"},"potentialAction":[{"@type":"SearchAction","target":{"@type":"EntryPoint","urlTemplate":"https:\/\/www.sinchisinchi.com\/it\/?s={search_term_string}"},"query-input":{"@type":"PropertyValueSpecification","valueRequired":true,"valueName":"search_term_string"}}],"inLanguage":"it-IT"},{"@type":"Organization","@id":"https:\/\/www.sinchisinchi.com\/it\/#organization","name":"SINCHI S.L","url":"https:\/\/www.sinchisinchi.com\/it\/","logo":{"@type":"ImageObject","inLanguage":"it-IT","@id":"https:\/\/www.sinchisinchi.com\/it\/#\/schema\/logo\/image\/","url":"https:\/\/www.sinchisinchi.com\/wp-content\/uploads\/2026\/01\/3b-Verde-SIMPLIFICADO-HORIZONTAL-F-TRANSPARENTE-scaled.png","contentUrl":"https:\/\/www.sinchisinchi.com\/wp-content\/uploads\/2026\/01\/3b-Verde-SIMPLIFICADO-HORIZONTAL-F-TRANSPARENTE-scaled.png","width":2560,"height":457,"caption":"SINCHI S.L"},"image":{"@id":"https:\/\/www.sinchisinchi.com\/it\/#\/schema\/logo\/image\/"},"sameAs":["https:\/\/www.facebook.com\/sinchirape\/","https:\/\/www.instagram.com\/sinchi_rape\/"]}]}},"_links":{"self":[{"href":"https:\/\/www.sinchisinchi.com\/it\/wp-json\/wp\/v2\/product\/14665","targetHints":{"allow":["GET"]}}],"collection":[{"href":"https:\/\/www.sinchisinchi.com\/it\/wp-json\/wp\/v2\/product"}],"about":[{"href":"https:\/\/www.sinchisinchi.com\/it\/wp-json\/wp\/v2\/types\/product"}],"wp:featuredmedia":[{"embeddable":true,"href":"https:\/\/www.sinchisinchi.com\/it\/wp-json\/wp\/v2\/media\/14503"}],"wp:attachment":[{"href":"https:\/\/www.sinchisinchi.com\/it\/wp-json\/wp\/v2\/media?parent=14665"}],"wp:term":[{"taxonomy":"product_brand","embeddable":true,"href":"https:\/\/www.sinchisinchi.com\/it\/wp-json\/wp\/v2\/product_brand?post=14665"},{"taxonomy":"product_cat","embeddable":true,"href":"https:\/\/www.sinchisinchi.com\/it\/wp-json\/wp\/v2\/product_cat?post=14665"},{"taxonomy":"product_tag","embeddable":true,"href":"https:\/\/www.sinchisinchi.com\/it\/wp-json\/wp\/v2\/product_tag?post=14665"}],"curies":[{"name":"wp","href":"https:\/\/api.w.org\/{rel}","templated":true}]}}