{"id":14681,"date":"2024-05-28T13:14:24","date_gmt":"2024-05-28T13:14:24","guid":{"rendered":"https:\/\/www.sinchisinchi.com\/producto\/cacao-loto-rosa\/"},"modified":"2024-07-04T11:14:49","modified_gmt":"2024-07-04T11:14:49","slug":"cacao-loto-rosa","status":"publish","type":"product","link":"https:\/\/www.sinchisinchi.com\/it\/producto\/cacao-loto-rosa\/","title":{"rendered":"Cacao Loto Rosa"},"content":{"rendered":"<p><span style=\"color: #000000;\">\u00c8 conosciuta nel Buddismo come una pianta che pu\u00f2 portare l&#8217;illuminazione; Anche se cresce nel fango delle paludi, il fiore emerge sempre, galleggiando puro e pulito.<\/span><\/p>\n<p><span style=\"color: #000000;\">Rappresenta anche il sole e la ruota della nascita e della rinascita, poich\u00e9 i suoi petali si aprono all&#8217;alba e si chiudono quando fa buio.<\/span><\/p>\n<p><span style=\"color: #000000;\">Il fiore di loto era associato alla dea Nefereti e al dio del sole Ra, che a volte veniva illustrato come un bambino sdraiato su un fiore di loto. I capitelli delle colonne egiziane erano spesso scolpiti a forma di loto, sia in boccio che in piena fioritura.<\/span><\/p>\n<p><span style=\"color: #000000;\">Uno degli emblemi pi\u00f9 antichi dell&#8217;arte asiatica \u00e8 il loto, che simboleggia la creazione e la purezza. Il suo lungo stelo \u00e8 il cordone ombelicale che unisce l&#8217;uomo alla sua origine mentre il suo fiore perfetto rappresenta l&#8217;illuminazione e la purezza a cui aspira l&#8217;animo umano.<\/span><\/p>\n<p><span style=\"color: #000000;\">Il sacro fiore di loto \u00e8 il simbolo nazionale dell&#8217;India, spesso associato a Maha Lakshmi, dea dell&#8217;abbondanza.<\/span><\/p>\n<p><span style=\"color: #000000;\">Secondo la mitologia ind\u00f9, il Buddha appariva fluttuante su un&#8217;enorme foglia di loto ed \u00e8 sempre rappresentato su un piedistallo a forma di questa pianta.<\/span><\/p>\n<p><span style=\"color: #000000;\">Nell&#8217;Odissea, Ulisse e il suo equipaggio sbarcano sull&#8217;isola dei mangiatori di loto. Nella penisola iberica sono stati rinvenuti resti archeologici a forma di loto in siti sivigliani del periodo Tartesso (750-550 a.C.).<\/span><\/p>\n","protected":false},"excerpt":{"rendered":"<p><span style=\"color: #000000;\">Cacao cerimoniale con Loto Rosa. La combinazione di cacao cerimoniale e loto rosa supporta la scoperta di s\u00e9 e la connessione alla coscienza superiore. Rafforza la connessione con la Terra, il regno vegetale e la saggezza dell&#8217;Universo. Supporta l&#8217;apertura e l&#8217;allineamento del cuore.<\/span><\/p>\n<p><span style=\"color: #000000;\"><strong>Tipologia:<\/strong> Cacao di Grado Cerimoniale<\/span><\/p>\n<p><span style=\"color: #000000;\"><strong>Ingredienti:<\/strong> Cacao (Theobroma cacao), burro di cacao, combinazione di spezie (cannella, cardamomo, chiodi di garofano e peperoncini), loto rosa (Nelumbo nucifera) 0,8 g di estratto per porzione.<\/span><\/p>\n<p><span style=\"color: #000000;\">Contiene un rapporto di estratto 50:1. Ogni porzione include 0,8 g di estratto di loto rosa 50:1, che equivale a 40 grammi di materiale vegetale originale.<\/span><\/p>\n<p><span style=\"color: #000000;\"><strong>Origine:<\/strong> Colombia<\/span><\/p>\n<p><span style=\"color: #000000;\"><strong>Presentazione:<\/strong> Blocco di cacao.<\/span><\/p>\n<p><span style=\"color: #000000;\"><strong>Peso netto:<\/strong> 400 g<\/span><\/p>\n<p><span style=\"color: #000000;\"><strong>Conservazione:<\/strong> Conservare in un luogo fresco e asciutto, lontano dalla luce solare diretta.<\/span><\/p>\n","protected":false},"featured_media":14526,"template":"","meta":{"_joinchat":[]},"product_brand":[],"product_cat":[404,522],"product_tag":[],"class_list":{"0":"post-14681","1":"product","2":"type-product","3":"status-publish","4":"has-post-thumbnail","6":"product_cat-cacao-it","7":"product_cat-magia","9":"first","10":"instock","11":"taxable","12":"shipping-taxable","13":"purchasable","14":"product-type-simple"},"yoast_head":"<!-- This site is optimized with the Yoast SEO plugin v27.4 - https:\/\/yoast.com\/product\/yoast-seo-wordpress\/ -->\n<title>Cacao cerimoniale di loto rosa \u2013 Sinchi, Negozio Sciamanico<\/title>\n<meta name=\"description\" content=\"Cacao cerimoniale con Loto Rosa. La combinazione di cacao cerimoniale e loto rosa supporta la scoperta di s\u00e9 e la connessione alla coscienza superiore.\" \/>\n<meta name=\"robots\" content=\"index, follow, max-snippet:-1, max-image-preview:large, max-video-preview:-1\" \/>\n<link rel=\"canonical\" href=\"https:\/\/www.sinchisinchi.com\/it\/producto\/cacao-loto-rosa\/\" \/>\n<meta property=\"og:locale\" content=\"it_IT\" \/>\n<meta property=\"og:type\" content=\"article\" \/>\n<meta property=\"og:title\" content=\"Cacao cerimoniale di loto rosa \u2013 Sinchi, Negozio Sciamanico\" \/>\n<meta property=\"og:description\" content=\"Cacao cerimoniale con Loto Rosa. La combinazione di cacao cerimoniale e loto rosa supporta la scoperta di s\u00e9 e la connessione alla coscienza superiore.\" \/>\n<meta property=\"og:url\" content=\"https:\/\/www.sinchisinchi.com\/it\/producto\/cacao-loto-rosa\/\" \/>\n<meta property=\"og:site_name\" content=\"SINCHI RAP\u00c9\" \/>\n<meta property=\"article:publisher\" content=\"https:\/\/www.facebook.com\/sinchirape\/\" \/>\n<meta property=\"article:modified_time\" content=\"2024-07-04T11:14:49+00:00\" \/>\n<meta property=\"og:image\" content=\"https:\/\/www.sinchisinchi.com\/wp-content\/uploads\/2024\/05\/loto-rosa.webp\" \/>\n\t<meta property=\"og:image:width\" content=\"1946\" \/>\n\t<meta property=\"og:image:height\" content=\"1946\" \/>\n\t<meta property=\"og:image:type\" content=\"image\/webp\" \/>\n<meta name=\"twitter:card\" content=\"summary_large_image\" \/>\n<meta name=\"twitter:label1\" content=\"Tempo di lettura stimato\" \/>\n\t<meta name=\"twitter:data1\" content=\"1 minuto\" \/>\n<script type=\"application\/ld+json\" class=\"yoast-schema-graph\">{\"@context\":\"https:\\\/\\\/schema.org\",\"@graph\":[{\"@type\":\"WebPage\",\"@id\":\"https:\\\/\\\/www.sinchisinchi.com\\\/it\\\/producto\\\/cacao-loto-rosa\\\/\",\"url\":\"https:\\\/\\\/www.sinchisinchi.com\\\/it\\\/producto\\\/cacao-loto-rosa\\\/\",\"name\":\"Cacao cerimoniale di loto rosa \u2013 Sinchi, Negozio Sciamanico\",\"isPartOf\":{\"@id\":\"https:\\\/\\\/www.sinchisinchi.com\\\/it\\\/#website\"},\"primaryImageOfPage\":{\"@id\":\"https:\\\/\\\/www.sinchisinchi.com\\\/it\\\/producto\\\/cacao-loto-rosa\\\/#primaryimage\"},\"image\":{\"@id\":\"https:\\\/\\\/www.sinchisinchi.com\\\/it\\\/producto\\\/cacao-loto-rosa\\\/#primaryimage\"},\"thumbnailUrl\":\"https:\\\/\\\/www.sinchisinchi.com\\\/wp-content\\\/uploads\\\/2024\\\/05\\\/loto-rosa.webp\",\"datePublished\":\"2024-05-28T13:14:24+00:00\",\"dateModified\":\"2024-07-04T11:14:49+00:00\",\"description\":\"Cacao cerimoniale con Loto Rosa. La combinazione di cacao cerimoniale e loto rosa supporta la scoperta di s\u00e9 e la connessione alla coscienza superiore.\",\"breadcrumb\":{\"@id\":\"https:\\\/\\\/www.sinchisinchi.com\\\/it\\\/producto\\\/cacao-loto-rosa\\\/#breadcrumb\"},\"inLanguage\":\"it-IT\",\"potentialAction\":[{\"@type\":\"ReadAction\",\"target\":[\"https:\\\/\\\/www.sinchisinchi.com\\\/it\\\/producto\\\/cacao-loto-rosa\\\/\"]}]},{\"@type\":\"ImageObject\",\"inLanguage\":\"it-IT\",\"@id\":\"https:\\\/\\\/www.sinchisinchi.com\\\/it\\\/producto\\\/cacao-loto-rosa\\\/#primaryimage\",\"url\":\"https:\\\/\\\/www.sinchisinchi.com\\\/wp-content\\\/uploads\\\/2024\\\/05\\\/loto-rosa.webp\",\"contentUrl\":\"https:\\\/\\\/www.sinchisinchi.com\\\/wp-content\\\/uploads\\\/2024\\\/05\\\/loto-rosa.webp\",\"width\":1946,\"height\":1946,\"caption\":\"Immagine cerimoniale del cacao\"},{\"@type\":\"BreadcrumbList\",\"@id\":\"https:\\\/\\\/www.sinchisinchi.com\\\/it\\\/producto\\\/cacao-loto-rosa\\\/#breadcrumb\",\"itemListElement\":[{\"@type\":\"ListItem\",\"position\":1,\"name\":\"Prima pagina\",\"item\":\"https:\\\/\\\/www.sinchisinchi.com\\\/it\\\/\"},{\"@type\":\"ListItem\",\"position\":2,\"name\":\"Prodotti\",\"item\":\"https:\\\/\\\/www.sinchisinchi.com\\\/it\\\/shop\\\/\"},{\"@type\":\"ListItem\",\"position\":3,\"name\":\"Cacao Loto Rosa\"}]},{\"@type\":\"WebSite\",\"@id\":\"https:\\\/\\\/www.sinchisinchi.com\\\/it\\\/#website\",\"url\":\"https:\\\/\\\/www.sinchisinchi.com\\\/it\\\/\",\"name\":\"SINCHI\",\"description\":\"Sinchi Medicine\",\"publisher\":{\"@id\":\"https:\\\/\\\/www.sinchisinchi.com\\\/it\\\/#organization\"},\"potentialAction\":[{\"@type\":\"SearchAction\",\"target\":{\"@type\":\"EntryPoint\",\"urlTemplate\":\"https:\\\/\\\/www.sinchisinchi.com\\\/it\\\/?s={search_term_string}\"},\"query-input\":{\"@type\":\"PropertyValueSpecification\",\"valueRequired\":true,\"valueName\":\"search_term_string\"}}],\"inLanguage\":\"it-IT\"},{\"@type\":\"Organization\",\"@id\":\"https:\\\/\\\/www.sinchisinchi.com\\\/it\\\/#organization\",\"name\":\"SINCHI S.L\",\"url\":\"https:\\\/\\\/www.sinchisinchi.com\\\/it\\\/\",\"logo\":{\"@type\":\"ImageObject\",\"inLanguage\":\"it-IT\",\"@id\":\"https:\\\/\\\/www.sinchisinchi.com\\\/it\\\/#\\\/schema\\\/logo\\\/image\\\/\",\"url\":\"https:\\\/\\\/www.sinchisinchi.com\\\/wp-content\\\/uploads\\\/2026\\\/01\\\/3b-Verde-SIMPLIFICADO-HORIZONTAL-F-TRANSPARENTE-scaled.png\",\"contentUrl\":\"https:\\\/\\\/www.sinchisinchi.com\\\/wp-content\\\/uploads\\\/2026\\\/01\\\/3b-Verde-SIMPLIFICADO-HORIZONTAL-F-TRANSPARENTE-scaled.png\",\"width\":2560,\"height\":457,\"caption\":\"SINCHI S.L\"},\"image\":{\"@id\":\"https:\\\/\\\/www.sinchisinchi.com\\\/it\\\/#\\\/schema\\\/logo\\\/image\\\/\"},\"sameAs\":[\"https:\\\/\\\/www.facebook.com\\\/sinchirape\\\/\",\"https:\\\/\\\/www.instagram.com\\\/sinchi_rape\\\/\"]}]}<\/script>\n<!-- \/ Yoast SEO plugin. -->","yoast_head_json":{"title":"Cacao cerimoniale di loto rosa \u2013 Sinchi, Negozio Sciamanico","description":"Cacao cerimoniale con Loto Rosa. La combinazione di cacao cerimoniale e loto rosa supporta la scoperta di s\u00e9 e la connessione alla coscienza superiore.","robots":{"index":"index","follow":"follow","max-snippet":"max-snippet:-1","max-image-preview":"max-image-preview:large","max-video-preview":"max-video-preview:-1"},"canonical":"https:\/\/www.sinchisinchi.com\/it\/producto\/cacao-loto-rosa\/","og_locale":"it_IT","og_type":"article","og_title":"Cacao cerimoniale di loto rosa \u2013 Sinchi, Negozio Sciamanico","og_description":"Cacao cerimoniale con Loto Rosa. La combinazione di cacao cerimoniale e loto rosa supporta la scoperta di s\u00e9 e la connessione alla coscienza superiore.","og_url":"https:\/\/www.sinchisinchi.com\/it\/producto\/cacao-loto-rosa\/","og_site_name":"SINCHI RAP\u00c9","article_publisher":"https:\/\/www.facebook.com\/sinchirape\/","article_modified_time":"2024-07-04T11:14:49+00:00","og_image":[{"width":1946,"height":1946,"url":"https:\/\/www.sinchisinchi.com\/wp-content\/uploads\/2024\/05\/loto-rosa.webp","type":"image\/webp"}],"twitter_card":"summary_large_image","twitter_misc":{"Tempo di lettura stimato":"1 minuto"},"schema":{"@context":"https:\/\/schema.org","@graph":[{"@type":"WebPage","@id":"https:\/\/www.sinchisinchi.com\/it\/producto\/cacao-loto-rosa\/","url":"https:\/\/www.sinchisinchi.com\/it\/producto\/cacao-loto-rosa\/","name":"Cacao cerimoniale di loto rosa \u2013 Sinchi, Negozio Sciamanico","isPartOf":{"@id":"https:\/\/www.sinchisinchi.com\/it\/#website"},"primaryImageOfPage":{"@id":"https:\/\/www.sinchisinchi.com\/it\/producto\/cacao-loto-rosa\/#primaryimage"},"image":{"@id":"https:\/\/www.sinchisinchi.com\/it\/producto\/cacao-loto-rosa\/#primaryimage"},"thumbnailUrl":"https:\/\/www.sinchisinchi.com\/wp-content\/uploads\/2024\/05\/loto-rosa.webp","datePublished":"2024-05-28T13:14:24+00:00","dateModified":"2024-07-04T11:14:49+00:00","description":"Cacao cerimoniale con Loto Rosa. La combinazione di cacao cerimoniale e loto rosa supporta la scoperta di s\u00e9 e la connessione alla coscienza superiore.","breadcrumb":{"@id":"https:\/\/www.sinchisinchi.com\/it\/producto\/cacao-loto-rosa\/#breadcrumb"},"inLanguage":"it-IT","potentialAction":[{"@type":"ReadAction","target":["https:\/\/www.sinchisinchi.com\/it\/producto\/cacao-loto-rosa\/"]}]},{"@type":"ImageObject","inLanguage":"it-IT","@id":"https:\/\/www.sinchisinchi.com\/it\/producto\/cacao-loto-rosa\/#primaryimage","url":"https:\/\/www.sinchisinchi.com\/wp-content\/uploads\/2024\/05\/loto-rosa.webp","contentUrl":"https:\/\/www.sinchisinchi.com\/wp-content\/uploads\/2024\/05\/loto-rosa.webp","width":1946,"height":1946,"caption":"Immagine cerimoniale del cacao"},{"@type":"BreadcrumbList","@id":"https:\/\/www.sinchisinchi.com\/it\/producto\/cacao-loto-rosa\/#breadcrumb","itemListElement":[{"@type":"ListItem","position":1,"name":"Prima pagina","item":"https:\/\/www.sinchisinchi.com\/it\/"},{"@type":"ListItem","position":2,"name":"Prodotti","item":"https:\/\/www.sinchisinchi.com\/it\/shop\/"},{"@type":"ListItem","position":3,"name":"Cacao Loto Rosa"}]},{"@type":"WebSite","@id":"https:\/\/www.sinchisinchi.com\/it\/#website","url":"https:\/\/www.sinchisinchi.com\/it\/","name":"SINCHI","description":"Sinchi Medicine","publisher":{"@id":"https:\/\/www.sinchisinchi.com\/it\/#organization"},"potentialAction":[{"@type":"SearchAction","target":{"@type":"EntryPoint","urlTemplate":"https:\/\/www.sinchisinchi.com\/it\/?s={search_term_string}"},"query-input":{"@type":"PropertyValueSpecification","valueRequired":true,"valueName":"search_term_string"}}],"inLanguage":"it-IT"},{"@type":"Organization","@id":"https:\/\/www.sinchisinchi.com\/it\/#organization","name":"SINCHI S.L","url":"https:\/\/www.sinchisinchi.com\/it\/","logo":{"@type":"ImageObject","inLanguage":"it-IT","@id":"https:\/\/www.sinchisinchi.com\/it\/#\/schema\/logo\/image\/","url":"https:\/\/www.sinchisinchi.com\/wp-content\/uploads\/2026\/01\/3b-Verde-SIMPLIFICADO-HORIZONTAL-F-TRANSPARENTE-scaled.png","contentUrl":"https:\/\/www.sinchisinchi.com\/wp-content\/uploads\/2026\/01\/3b-Verde-SIMPLIFICADO-HORIZONTAL-F-TRANSPARENTE-scaled.png","width":2560,"height":457,"caption":"SINCHI S.L"},"image":{"@id":"https:\/\/www.sinchisinchi.com\/it\/#\/schema\/logo\/image\/"},"sameAs":["https:\/\/www.facebook.com\/sinchirape\/","https:\/\/www.instagram.com\/sinchi_rape\/"]}]}},"_links":{"self":[{"href":"https:\/\/www.sinchisinchi.com\/it\/wp-json\/wp\/v2\/product\/14681","targetHints":{"allow":["GET"]}}],"collection":[{"href":"https:\/\/www.sinchisinchi.com\/it\/wp-json\/wp\/v2\/product"}],"about":[{"href":"https:\/\/www.sinchisinchi.com\/it\/wp-json\/wp\/v2\/types\/product"}],"wp:featuredmedia":[{"embeddable":true,"href":"https:\/\/www.sinchisinchi.com\/it\/wp-json\/wp\/v2\/media\/14526"}],"wp:attachment":[{"href":"https:\/\/www.sinchisinchi.com\/it\/wp-json\/wp\/v2\/media?parent=14681"}],"wp:term":[{"taxonomy":"product_brand","embeddable":true,"href":"https:\/\/www.sinchisinchi.com\/it\/wp-json\/wp\/v2\/product_brand?post=14681"},{"taxonomy":"product_cat","embeddable":true,"href":"https:\/\/www.sinchisinchi.com\/it\/wp-json\/wp\/v2\/product_cat?post=14681"},{"taxonomy":"product_tag","embeddable":true,"href":"https:\/\/www.sinchisinchi.com\/it\/wp-json\/wp\/v2\/product_tag?post=14681"}],"curies":[{"name":"wp","href":"https:\/\/api.w.org\/{rel}","templated":true}]}}