{"id":16022,"date":"2024-07-04T10:04:18","date_gmt":"2024-07-04T10:04:18","guid":{"rendered":"https:\/\/www.sinchisinchi.com\/producto\/cacao-cerimoniale-guatemalteco-2\/"},"modified":"2024-07-04T10:04:18","modified_gmt":"2024-07-04T10:04:18","slug":"cacao-cerimoniale-guatemalteco-2","status":"publish","type":"product","link":"https:\/\/www.sinchisinchi.com\/it\/producto\/cacao-cerimoniale-guatemalteco-2\/","title":{"rendered":"Cacao cerimoniale guatemalteco"},"content":{"rendered":"<h2 style=\"text-align: center;\"><strong>Cacao q&#8217;eqchi&#8217;<\/strong><\/h2>\n<p>Il Kakaw \u00e8 un&#8217;antica bevanda del popolo Maya Q&#8217;eqchi&#8217;, utilizzata in molte cerimonie Maya.<\/p>\n<p>Nella regione montuosa dell&#8217;Alta Verapaz in Guatemala, gli agricoltori indigeni Q&#8217;eqchi coltivano alcuni dei migliori cacao del mondo.<\/p>\n<p>Nell&#8217;Ecoregione di Lachu\u00e1 si trova una bellissima laguna considerata Parco Nazionale dal 1976: la Laguna di Lachu\u00e1, attorno alla quale vivono numerose famiglie Maya Q&#8217;eqchi&#8217;, dedite principalmente alla coltivazione del cacao.<\/p>\n<h3 style=\"text-align: center;\"><strong>Villaggio natale di Q&#8217;eqchi&#8217;<\/strong><\/h3>\n<p>Q&#8217;eqchi&#8217; \u00e8 una citt\u00e0 maya che esiste ancora in Guatemala. Si stabilirono attorno ad alcune colline vicino ai fiumi Chixoy e Polochic intorno al 600 a.C., ed ebbero contatti con antiche civilt\u00e0 come i Pipil, i Toltechi, i Chichimeca e le grandi citt\u00e0 Maya.<\/p>\n<p>Fino all&#8217;arrivo degli spagnoli furono governate da capi che a loro volta dipendevano da un gran signore scelto da tutti i principali.<\/p>\n<p>Siti archeologici con segni di costruzione in pietra jateado sono Chajkar, Chimax, Chinama, Ku&#8217;k&#8217;uch a Chinapet\u00e9n e dietro il Calvario di San Pedro Carch\u00e1. Il Calvario di Cob\u00e1n \u00e8 uno dei centri cerimoniali Maya pi\u00f9 importanti.<\/p>\n<p>La principale attivit\u00e0 economica \u00e8 rappresentata dall&#8217;agricoltura; Vengono piantati mais e fagioli, che costituiscono il cibo della famiglia, a cui si aggiunge l&#8217;allevamento di uccelli, maiali e altri animali domestici.<\/p>\n<p>Il suo nome si scrive Kekch\u00ed (secondo l&#8217;ortografia attuale), o Q&#8217;eqchi&#8217; (secondo l&#8217;ortografia antica).<\/p>\n<p>&nbsp;<\/p>\n<h3 style=\"text-align: center;\"><strong>Villaggio nativo di Mopan<\/strong><\/h3>\n<p>Il popolo Mop\u00e1n \u00e8 una delle citt\u00e0 maya del Belize e del Guatemala nel dipartimento di Pet\u00e9n. La loro lingua indigena si chiama anche Mop\u00e1n, ed \u00e8 una delle lingue maya yucateche del Messico, considerata una lingua a rischio di estinzione.<\/p>\n<p>La loro dieta \u00e8 a base di mais, da cui derivano gran parte delle loro ricette tradizionali: nuk (panino), tait (tamale di mais), k&#8217;a k&#8217;aan ek&#8217;en (cardo cellulare affumicato), chu&#8217; uk wa ( pane tostato dolce).<\/p>\n<p>La comunit\u00e0 Mop\u00e1n \u00e8 specializzata nel ricamo di tessuti, con cui realizza camicie, camicette, borse, portaspazzole, tovaglie e coperte. Per creare ricami vengono utilizzati tessuto Dacron, lana e filo.<\/p>\n<p>La lingua Mop\u00e1n fa parte della famiglia linguistica Maya del Messico. Sebbene abbia subito un declino a causa dell&#8217;influenza dello spagnolo e dell&#8217;inglese, \u00e8 ancora parlato in molte comunit\u00e0 Mopan. Alcune parole comuni in Mop\u00e1n includono \u201cK\u2019iche\u2019\u201d (foresta), \u201cNo\u2019j\u201d (saggezza) e \u201cTz\u2019ikin\u201d (uccello). La preservazione della loro lingua \u00e8 considerata una componente cruciale per la sopravvivenza della loro cultura.<\/p>\n<p>Attualmente, i Mop\u00e1n affrontano numerose sfide, tra cui la preservazione della propria cultura e delle proprie terre di fronte alla modernizzazione e alla globalizzazione, mantenendo vive le proprie tradizioni e la propria lingua, adattandosi ai cambiamenti senza perdere la propria essenza.<\/p>\n<p>La visione del mondo Mop\u00e1n comprende il mondo come un\u2019entit\u00e0 interconnessa in cui ogni elemento, umano, animale o naturale, ha un ruolo vitale. Questa visione del mondo influenza tutti gli aspetti della loro vita, dall\u2019agricoltura alle relazioni sociali.<\/p>\n","protected":false},"excerpt":{"rendered":"<p>Cacao puro di grado cerimoniale al 100%, dalle famiglie native Maya Q&#8217;eqchi.<\/p>\n<p>Questo cacao di qualit\u00e0 cerimoniale viene coltivato e raccolto dalle famiglie Maya native di Q&#8217;eqchi, molte delle quali negli altopiani del Guatemala intorno a Laguna Lachu\u00e1, un bellissimo cenote.<\/p>\n<p>I Maya coltivavano il cacao da migliaia di anni in perfetta armonia insieme al miele, al cardamomo e al mais.<\/p>\n<p>Le comunit\u00e0 indigene Q&#8217;eqchi&#8217; sono custodi della sacralit\u00e0 del cacao e preservano da migliaia di anni le cerimonie ancestrali del fuoco e del cacao.<\/p>\n<p>&nbsp;<\/p>\n<p><strong>Tipologia:<\/strong> Cacao di Grado Cerimoniale.<\/p>\n<p><strong>Ingredienti:<\/strong> cacao di grado cerimoniale, pepe di cayenna, cannella di Ceylon e vaniglia.<\/p>\n<p><strong>Origine:<\/strong> trib\u00f9 Maya del Belize meridionale.<\/p>\n<p><strong>Presentazione:<\/strong> Blocco di cacao.<\/p>\n<p><strong>Formato:<\/strong> 500 grammi.<\/p>\n<p><strong>Conservazione:<\/strong> conservare in un luogo fresco e asciutto, lontano dalla luce solare diretta.<\/p>\n","protected":false},"featured_media":15915,"template":"","meta":{"_joinchat":[]},"product_brand":[],"product_cat":[404,517,133],"product_tag":[],"class_list":{"0":"post-16022","1":"product","2":"type-product","3":"status-publish","4":"has-post-thumbnail","6":"product_cat-cacao-it","7":"product_cat-cerimoniale","8":"product_cat-senza-categoria","10":"first","11":"instock","12":"taxable","13":"shipping-taxable","14":"purchasable","15":"product-type-simple"},"yoast_head":"<!-- This site is optimized with the Yoast SEO plugin v27.4 - https:\/\/yoast.com\/product\/yoast-seo-wordpress\/ -->\n<title>Cacao cerimoniale del Guatemala: Sinchi, negozio sciamanico<\/title>\n<meta name=\"description\" content=\"Questo cacao di qualit\u00e0 cerimoniale viene coltivato e raccolto dalle famiglie Maya native di Q&#039;eqchi, intorno alla laguna di Lachu\u00e1.\" \/>\n<meta name=\"robots\" content=\"index, follow, max-snippet:-1, max-image-preview:large, max-video-preview:-1\" \/>\n<link rel=\"canonical\" href=\"https:\/\/www.sinchisinchi.com\/it\/producto\/cacao-cerimoniale-guatemalteco-2\/\" \/>\n<meta property=\"og:locale\" content=\"it_IT\" \/>\n<meta property=\"og:type\" content=\"article\" \/>\n<meta property=\"og:title\" content=\"Cacao cerimoniale del Guatemala: Sinchi, negozio sciamanico\" \/>\n<meta property=\"og:description\" content=\"Questo cacao di qualit\u00e0 cerimoniale viene coltivato e raccolto dalle famiglie Maya native di Q&#039;eqchi, intorno alla laguna di Lachu\u00e1.\" \/>\n<meta property=\"og:url\" content=\"https:\/\/www.sinchisinchi.com\/it\/producto\/cacao-cerimoniale-guatemalteco-2\/\" \/>\n<meta property=\"og:site_name\" content=\"SINCHI RAP\u00c9\" \/>\n<meta property=\"article:publisher\" content=\"https:\/\/www.facebook.com\/sinchirape\/\" \/>\n<meta property=\"og:image\" content=\"https:\/\/www.sinchisinchi.com\/wp-content\/uploads\/2024\/05\/2-Cacao-Ceremonial1-1-1024x683-copia.jpg\" \/>\n\t<meta property=\"og:image:width\" content=\"1024\" \/>\n\t<meta property=\"og:image:height\" content=\"683\" \/>\n\t<meta property=\"og:image:type\" content=\"image\/jpeg\" \/>\n<meta name=\"twitter:card\" content=\"summary_large_image\" \/>\n<meta name=\"twitter:label1\" content=\"Tempo di lettura stimato\" \/>\n\t<meta name=\"twitter:data1\" content=\"2 minuti\" \/>\n<script type=\"application\/ld+json\" class=\"yoast-schema-graph\">{\"@context\":\"https:\\\/\\\/schema.org\",\"@graph\":[{\"@type\":\"WebPage\",\"@id\":\"https:\\\/\\\/www.sinchisinchi.com\\\/it\\\/producto\\\/cacao-cerimoniale-guatemalteco-2\\\/\",\"url\":\"https:\\\/\\\/www.sinchisinchi.com\\\/it\\\/producto\\\/cacao-cerimoniale-guatemalteco-2\\\/\",\"name\":\"Cacao cerimoniale del Guatemala: Sinchi, negozio sciamanico\",\"isPartOf\":{\"@id\":\"https:\\\/\\\/www.sinchisinchi.com\\\/it\\\/#website\"},\"primaryImageOfPage\":{\"@id\":\"https:\\\/\\\/www.sinchisinchi.com\\\/it\\\/producto\\\/cacao-cerimoniale-guatemalteco-2\\\/#primaryimage\"},\"image\":{\"@id\":\"https:\\\/\\\/www.sinchisinchi.com\\\/it\\\/producto\\\/cacao-cerimoniale-guatemalteco-2\\\/#primaryimage\"},\"thumbnailUrl\":\"https:\\\/\\\/www.sinchisinchi.com\\\/wp-content\\\/uploads\\\/2024\\\/05\\\/2-Cacao-Ceremonial1-1-1024x683-copia.jpg\",\"datePublished\":\"2024-07-04T10:04:18+00:00\",\"description\":\"Questo cacao di qualit\u00e0 cerimoniale viene coltivato e raccolto dalle famiglie Maya native di Q'eqchi, intorno alla laguna di Lachu\u00e1.\",\"breadcrumb\":{\"@id\":\"https:\\\/\\\/www.sinchisinchi.com\\\/it\\\/producto\\\/cacao-cerimoniale-guatemalteco-2\\\/#breadcrumb\"},\"inLanguage\":\"it-IT\",\"potentialAction\":[{\"@type\":\"ReadAction\",\"target\":[\"https:\\\/\\\/www.sinchisinchi.com\\\/it\\\/producto\\\/cacao-cerimoniale-guatemalteco-2\\\/\"]}]},{\"@type\":\"ImageObject\",\"inLanguage\":\"it-IT\",\"@id\":\"https:\\\/\\\/www.sinchisinchi.com\\\/it\\\/producto\\\/cacao-cerimoniale-guatemalteco-2\\\/#primaryimage\",\"url\":\"https:\\\/\\\/www.sinchisinchi.com\\\/wp-content\\\/uploads\\\/2024\\\/05\\\/2-Cacao-Ceremonial1-1-1024x683-copia.jpg\",\"contentUrl\":\"https:\\\/\\\/www.sinchisinchi.com\\\/wp-content\\\/uploads\\\/2024\\\/05\\\/2-Cacao-Ceremonial1-1-1024x683-copia.jpg\",\"width\":1024,\"height\":683},{\"@type\":\"BreadcrumbList\",\"@id\":\"https:\\\/\\\/www.sinchisinchi.com\\\/it\\\/producto\\\/cacao-cerimoniale-guatemalteco-2\\\/#breadcrumb\",\"itemListElement\":[{\"@type\":\"ListItem\",\"position\":1,\"name\":\"Prima pagina\",\"item\":\"https:\\\/\\\/www.sinchisinchi.com\\\/it\\\/\"},{\"@type\":\"ListItem\",\"position\":2,\"name\":\"Prodotti\",\"item\":\"https:\\\/\\\/www.sinchisinchi.com\\\/it\\\/shop\\\/\"},{\"@type\":\"ListItem\",\"position\":3,\"name\":\"Cacao cerimoniale guatemalteco\"}]},{\"@type\":\"WebSite\",\"@id\":\"https:\\\/\\\/www.sinchisinchi.com\\\/it\\\/#website\",\"url\":\"https:\\\/\\\/www.sinchisinchi.com\\\/it\\\/\",\"name\":\"SINCHI\",\"description\":\"Sinchi Medicine\",\"publisher\":{\"@id\":\"https:\\\/\\\/www.sinchisinchi.com\\\/it\\\/#organization\"},\"potentialAction\":[{\"@type\":\"SearchAction\",\"target\":{\"@type\":\"EntryPoint\",\"urlTemplate\":\"https:\\\/\\\/www.sinchisinchi.com\\\/it\\\/?s={search_term_string}\"},\"query-input\":{\"@type\":\"PropertyValueSpecification\",\"valueRequired\":true,\"valueName\":\"search_term_string\"}}],\"inLanguage\":\"it-IT\"},{\"@type\":\"Organization\",\"@id\":\"https:\\\/\\\/www.sinchisinchi.com\\\/it\\\/#organization\",\"name\":\"SINCHI S.L\",\"url\":\"https:\\\/\\\/www.sinchisinchi.com\\\/it\\\/\",\"logo\":{\"@type\":\"ImageObject\",\"inLanguage\":\"it-IT\",\"@id\":\"https:\\\/\\\/www.sinchisinchi.com\\\/it\\\/#\\\/schema\\\/logo\\\/image\\\/\",\"url\":\"https:\\\/\\\/www.sinchisinchi.com\\\/wp-content\\\/uploads\\\/2026\\\/01\\\/3b-Verde-SIMPLIFICADO-HORIZONTAL-F-TRANSPARENTE-scaled.png\",\"contentUrl\":\"https:\\\/\\\/www.sinchisinchi.com\\\/wp-content\\\/uploads\\\/2026\\\/01\\\/3b-Verde-SIMPLIFICADO-HORIZONTAL-F-TRANSPARENTE-scaled.png\",\"width\":2560,\"height\":457,\"caption\":\"SINCHI S.L\"},\"image\":{\"@id\":\"https:\\\/\\\/www.sinchisinchi.com\\\/it\\\/#\\\/schema\\\/logo\\\/image\\\/\"},\"sameAs\":[\"https:\\\/\\\/www.facebook.com\\\/sinchirape\\\/\",\"https:\\\/\\\/www.instagram.com\\\/sinchi_rape\\\/\"]}]}<\/script>\n<!-- \/ Yoast SEO plugin. -->","yoast_head_json":{"title":"Cacao cerimoniale del Guatemala: Sinchi, negozio sciamanico","description":"Questo cacao di qualit\u00e0 cerimoniale viene coltivato e raccolto dalle famiglie Maya native di Q'eqchi, intorno alla laguna di Lachu\u00e1.","robots":{"index":"index","follow":"follow","max-snippet":"max-snippet:-1","max-image-preview":"max-image-preview:large","max-video-preview":"max-video-preview:-1"},"canonical":"https:\/\/www.sinchisinchi.com\/it\/producto\/cacao-cerimoniale-guatemalteco-2\/","og_locale":"it_IT","og_type":"article","og_title":"Cacao cerimoniale del Guatemala: Sinchi, negozio sciamanico","og_description":"Questo cacao di qualit\u00e0 cerimoniale viene coltivato e raccolto dalle famiglie Maya native di Q'eqchi, intorno alla laguna di Lachu\u00e1.","og_url":"https:\/\/www.sinchisinchi.com\/it\/producto\/cacao-cerimoniale-guatemalteco-2\/","og_site_name":"SINCHI RAP\u00c9","article_publisher":"https:\/\/www.facebook.com\/sinchirape\/","og_image":[{"width":1024,"height":683,"url":"https:\/\/www.sinchisinchi.com\/wp-content\/uploads\/2024\/05\/2-Cacao-Ceremonial1-1-1024x683-copia.jpg","type":"image\/jpeg"}],"twitter_card":"summary_large_image","twitter_misc":{"Tempo di lettura stimato":"2 minuti"},"schema":{"@context":"https:\/\/schema.org","@graph":[{"@type":"WebPage","@id":"https:\/\/www.sinchisinchi.com\/it\/producto\/cacao-cerimoniale-guatemalteco-2\/","url":"https:\/\/www.sinchisinchi.com\/it\/producto\/cacao-cerimoniale-guatemalteco-2\/","name":"Cacao cerimoniale del Guatemala: Sinchi, negozio sciamanico","isPartOf":{"@id":"https:\/\/www.sinchisinchi.com\/it\/#website"},"primaryImageOfPage":{"@id":"https:\/\/www.sinchisinchi.com\/it\/producto\/cacao-cerimoniale-guatemalteco-2\/#primaryimage"},"image":{"@id":"https:\/\/www.sinchisinchi.com\/it\/producto\/cacao-cerimoniale-guatemalteco-2\/#primaryimage"},"thumbnailUrl":"https:\/\/www.sinchisinchi.com\/wp-content\/uploads\/2024\/05\/2-Cacao-Ceremonial1-1-1024x683-copia.jpg","datePublished":"2024-07-04T10:04:18+00:00","description":"Questo cacao di qualit\u00e0 cerimoniale viene coltivato e raccolto dalle famiglie Maya native di Q'eqchi, intorno alla laguna di Lachu\u00e1.","breadcrumb":{"@id":"https:\/\/www.sinchisinchi.com\/it\/producto\/cacao-cerimoniale-guatemalteco-2\/#breadcrumb"},"inLanguage":"it-IT","potentialAction":[{"@type":"ReadAction","target":["https:\/\/www.sinchisinchi.com\/it\/producto\/cacao-cerimoniale-guatemalteco-2\/"]}]},{"@type":"ImageObject","inLanguage":"it-IT","@id":"https:\/\/www.sinchisinchi.com\/it\/producto\/cacao-cerimoniale-guatemalteco-2\/#primaryimage","url":"https:\/\/www.sinchisinchi.com\/wp-content\/uploads\/2024\/05\/2-Cacao-Ceremonial1-1-1024x683-copia.jpg","contentUrl":"https:\/\/www.sinchisinchi.com\/wp-content\/uploads\/2024\/05\/2-Cacao-Ceremonial1-1-1024x683-copia.jpg","width":1024,"height":683},{"@type":"BreadcrumbList","@id":"https:\/\/www.sinchisinchi.com\/it\/producto\/cacao-cerimoniale-guatemalteco-2\/#breadcrumb","itemListElement":[{"@type":"ListItem","position":1,"name":"Prima pagina","item":"https:\/\/www.sinchisinchi.com\/it\/"},{"@type":"ListItem","position":2,"name":"Prodotti","item":"https:\/\/www.sinchisinchi.com\/it\/shop\/"},{"@type":"ListItem","position":3,"name":"Cacao cerimoniale guatemalteco"}]},{"@type":"WebSite","@id":"https:\/\/www.sinchisinchi.com\/it\/#website","url":"https:\/\/www.sinchisinchi.com\/it\/","name":"SINCHI","description":"Sinchi Medicine","publisher":{"@id":"https:\/\/www.sinchisinchi.com\/it\/#organization"},"potentialAction":[{"@type":"SearchAction","target":{"@type":"EntryPoint","urlTemplate":"https:\/\/www.sinchisinchi.com\/it\/?s={search_term_string}"},"query-input":{"@type":"PropertyValueSpecification","valueRequired":true,"valueName":"search_term_string"}}],"inLanguage":"it-IT"},{"@type":"Organization","@id":"https:\/\/www.sinchisinchi.com\/it\/#organization","name":"SINCHI S.L","url":"https:\/\/www.sinchisinchi.com\/it\/","logo":{"@type":"ImageObject","inLanguage":"it-IT","@id":"https:\/\/www.sinchisinchi.com\/it\/#\/schema\/logo\/image\/","url":"https:\/\/www.sinchisinchi.com\/wp-content\/uploads\/2026\/01\/3b-Verde-SIMPLIFICADO-HORIZONTAL-F-TRANSPARENTE-scaled.png","contentUrl":"https:\/\/www.sinchisinchi.com\/wp-content\/uploads\/2026\/01\/3b-Verde-SIMPLIFICADO-HORIZONTAL-F-TRANSPARENTE-scaled.png","width":2560,"height":457,"caption":"SINCHI S.L"},"image":{"@id":"https:\/\/www.sinchisinchi.com\/it\/#\/schema\/logo\/image\/"},"sameAs":["https:\/\/www.facebook.com\/sinchirape\/","https:\/\/www.instagram.com\/sinchi_rape\/"]}]}},"_links":{"self":[{"href":"https:\/\/www.sinchisinchi.com\/it\/wp-json\/wp\/v2\/product\/16022","targetHints":{"allow":["GET"]}}],"collection":[{"href":"https:\/\/www.sinchisinchi.com\/it\/wp-json\/wp\/v2\/product"}],"about":[{"href":"https:\/\/www.sinchisinchi.com\/it\/wp-json\/wp\/v2\/types\/product"}],"wp:featuredmedia":[{"embeddable":true,"href":"https:\/\/www.sinchisinchi.com\/it\/wp-json\/wp\/v2\/media\/15915"}],"wp:attachment":[{"href":"https:\/\/www.sinchisinchi.com\/it\/wp-json\/wp\/v2\/media?parent=16022"}],"wp:term":[{"taxonomy":"product_brand","embeddable":true,"href":"https:\/\/www.sinchisinchi.com\/it\/wp-json\/wp\/v2\/product_brand?post=16022"},{"taxonomy":"product_cat","embeddable":true,"href":"https:\/\/www.sinchisinchi.com\/it\/wp-json\/wp\/v2\/product_cat?post=16022"},{"taxonomy":"product_tag","embeddable":true,"href":"https:\/\/www.sinchisinchi.com\/it\/wp-json\/wp\/v2\/product_tag?post=16022"}],"curies":[{"name":"wp","href":"https:\/\/api.w.org\/{rel}","templated":true}]}}