{"id":29041,"date":"2025-05-30T12:12:36","date_gmt":"2025-05-30T12:12:36","guid":{"rendered":"https:\/\/www.sinchisinchi.com\/producto\/copaiba\/"},"modified":"2026-01-13T07:51:12","modified_gmt":"2026-01-13T07:51:12","slug":"copaiba","status":"publish","type":"product","link":"https:\/\/www.sinchisinchi.com\/it\/producto\/copaiba\/","title":{"rendered":"Copa\u00edba"},"content":{"rendered":"<p>L&#8217;albero di Copa\u00edba<\/p>\n<p>L&#8217;albero di Copa\u00edba (Copaifera langsdorffii, Copaifera officinalis&#8230;), noto anche come albero diesel, \u00e8 comune e molto popolare in Brasile per la sua pregiata resina, utilizzata da migliaia di anni come rimedio medicinale per curare ferite sia esterne che interne.<\/p>\n<p>Il nome Copa\u00edba deriva dal Guaran\u00ed e significa &#8220;albero della guarigione&#8221;. \u00c8 anche popolarmente chiamato albero dell&#8217;olio, tacamaca, cabima o copai.<\/p>\n<p>Appartiene alla famiglia delle Fabaceae ed \u00e8 originario dell&#8217;America Latina e dell&#8217;Africa occidentale, con una presenza significativa nella foresta pluviale amazzonica.<\/p>\n<p>\u00c8 un albero dalla chioma alta e aperta, che raggiunge un&#8217;altezza compresa tra i 10 e i 40 metri, con foglie glabre e gemme rossastre. I suoi fiori sono piccoli, di colore dal bianco al verde crema, ermafroditi e crescono a grappoli. I suoi frutti, lunghi fino a 3 cm, diventano rossastri a maturazione.<\/p>\n<p>Produce una grande quantit\u00e0 di idrocarburi nel legno e nelle foglie, tra i 30 e i 53 litri all&#8217;anno. Il composto principale dell&#8217;olio \u00e8 un&#8217;oleoresina utile per la produzione di prodotti come il biodiesel.<\/p>\n<div class=\"row\"  id=\"row-1731906087\">\n\n\t<div id=\"col-695299014\" class=\"col medium-2 small-12 large-2\"  >\n\t\t\t\t<div class=\"col-inner\"  >\n\t\t\t\n\t\t\t\n\t\t<\/div>\n\t\t\t\t\t<\/div>\n\n\t\n\n\t<div id=\"col-835808218\" class=\"col medium-8 small-12 large-8\"  >\n\t\t\t\t<div class=\"col-inner\"  >\n\t\t\t\n\t\t\t\n<div class=\"video video-fit mb\" style=\"padding-top:56.25%;\"><p><iframe loading=\"lazy\" title=\"Plan de Conservaci\u00f3n y Manejo del Palo de Aceite - Copaiba Tree Conservation and Management Plan\" width=\"1020\" height=\"574\" src=\"https:\/\/www.youtube.com\/embed\/KZsG17BomwA?feature=oembed&#038;enablejsapi=1&#038;origin=https:\/\/www.sinchisinchi.com\" frameborder=\"0\" allow=\"accelerometer; autoplay; clipboard-write; encrypted-media; gyroscope; picture-in-picture; web-share\" referrerpolicy=\"strict-origin-when-cross-origin\" allowfullscreen><\/iframe><\/p>\n<\/div>\n\t\t<\/div>\n\t\t\t\t\t<\/div>\n\n\t\n\n\t<div id=\"col-573841619\" class=\"col medium-2 small-12 large-2\"  >\n\t\t\t\t<div class=\"col-inner\"  >\n\t\t\t\n\t\t\t\n\t\t<\/div>\n\t\t\t\t\t<\/div>\n\n\t\n<\/div>\n\t<div id=\"gap-1832400317\" class=\"gap-element clearfix\" style=\"display:block; height:auto;\">\n\t\t\n<style>\n#gap-1832400317 {\n  padding-top: 30px;\n}\n<\/style>\n\t<\/div>\n\t\n<h2 style=\"text-align: center;\"><strong>Resina di Copa\u00edba<\/strong><\/h2>\n<p>La resina di Copa\u00edba viene estratta praticando un foro nella corteccia, da cui fuoriesce una sostanza viscosa, di colore giallo-marrone. Da questa resina si ricava l&#8217;olio di Copaiba, noto anche come &#8220;olio della vita&#8221;.<\/p>\n<p>Questa resina ha potenti propriet\u00e0 antinfiammatorie e rafforza il sistema immunitario, tra le altre propriet\u00e0 medicinali. Nella medicina popolare, viene utilizzata per migliorare l&#8217;umore e alleviare stress e ansia.<\/p>\n<p>Nella foresta pluviale amazzonica, le trib\u00f9 native utilizzano prodotti estratti dall&#8217;albero di Copa\u00edba da oltre 400 anni, con testimonianze dell&#8217;uso di Copa\u00edba in Brasile che risalgono a prima della colonizzazione portoghese.<\/p>\n<p>Secondo la leggenda, i nativi brasiliani osservarono gli animali strofinarsi contro il tronco dell&#8217;albero di Copaiba per curare le loro ferite, scoprendone cos\u00ec le propriet\u00e0 medicinali.<\/p>\n<p>La specie Copaifera langsdorffii, nota anche come albero diesel, Copa\u00edba-verdade, Copiava o balsamo di Copa\u00edba, \u00e8 la pi\u00f9 apprezzata per le sue propriet\u00e0 medicinali.<br \/>\n<div class=\"row\"  id=\"row-1559726044\">\n\n\t<div id=\"col-156381058\" class=\"col medium-2 small-12 large-2\"  >\n\t\t\t\t<div class=\"col-inner\"  >\n\t\t\t\n\t\t\t\n\t\t<\/div>\n\t\t\t\t\t<\/div>\n\n\t\n\n\t<div id=\"col-1081580606\" class=\"col medium-8 small-12 large-8\"  >\n\t\t\t\t<div class=\"col-inner\"  >\n\t\t\t\n\t\t\t\n<div class=\"video video-fit mb\" style=\"padding-top:56.25%;\"><p><iframe loading=\"lazy\" title=\"CAPUSLA ACEITE DE COPAIBO\" width=\"1020\" height=\"574\" src=\"https:\/\/www.youtube.com\/embed\/eVEoAGXdNYs?feature=oembed&#038;enablejsapi=1&#038;origin=https:\/\/www.sinchisinchi.com\" frameborder=\"0\" allow=\"accelerometer; autoplay; clipboard-write; encrypted-media; gyroscope; picture-in-picture; web-share\" referrerpolicy=\"strict-origin-when-cross-origin\" allowfullscreen><\/iframe><\/p>\n<\/div>\n\t\t<\/div>\n\t\t\t\t\t<\/div>\n\n\t\n\n\t<div id=\"col-1441461787\" class=\"col medium-2 small-12 large-2\"  >\n\t\t\t\t<div class=\"col-inner\"  >\n\t\t\t\n\t\t\t\n\t\t<\/div>\n\t\t\t\t\t<\/div>\n\n\t\n<\/div>\n\t<div id=\"gap-1971533002\" class=\"gap-element clearfix\" style=\"display:block; height:auto;\">\n\t\t\n<style>\n#gap-1971533002 {\n  padding-top: 30px;\n}\n<\/style>\n\t<\/div>\n\t\n<h3 style=\"text-align: center;\"><strong>Propriet\u00e0 medicinali<\/strong><\/h3>\n<p>Tutte le parti dell&#8217;albero di Copa\u00edba hanno applicazioni medicinali, come le foglie e la corteccia, ma l&#8217;olio ottenuto dalla resina contiene una concentrazione concentrata delle sue propriet\u00e0 medicinali.<\/p>\n<p>La Copa\u00edba \u00e8 un potente antinfiammatorio, rafforza il sistema immunitario e migliora l&#8217;umore alleviando stress e ansia.<\/p>\n<p>Le propriet\u00e0 di questo albero, sacro per le trib\u00f9 amazzoniche, sono infinite: antiedematoso, analgesico, antigonorragico, antisettico, antimicotico, ipotensivo, diuretico, antimicrobico, miorilassante, disinfettante, antibatterico, espettorante, anticancro, antitumorale, astringente, antibiotico, emolliente, energizzante, cicatrizzante del cuoio capelluto, stimolante, lassativo, allevia i dolori reumatici e migliora la funzionalit\u00e0 renale.<\/p>\n<p>Tradizionalmente, viene utilizzato soprattutto nel trattamento di malattie della pelle, punture di insetti e cicatrizzazione delle ferite.<\/p>\n<p>Inoltre, deterge e purifica la pelle, aiuta a liberare i pori, cura l&#8217;acne, riduce l&#8217;eczema e cura la psoriasi. Mantiene la pelle morbida e sana grazie alle sue propriet\u00e0 idratanti e riduce le cicatrici.<\/p>\n\t<div class=\"img has-hover x md-x lg-x y md-y lg-y\" id=\"image_666291836\">\n\t\t\t\t\t\t\t\t<div class=\"img-inner dark\" >\n\t\t\t<img loading=\"lazy\" decoding=\"async\" width=\"1020\" height=\"663\" src=\"https:\/\/www.sinchisinchi.com\/wp-content\/uploads\/2025\/05\/1-Copaiba-Arbol-1024x666.jpeg\" class=\"attachment-large size-large\" alt=\"\" srcset=\"https:\/\/www.sinchisinchi.com\/wp-content\/uploads\/2025\/05\/1-Copaiba-Arbol-1024x666.jpeg 1024w, https:\/\/www.sinchisinchi.com\/wp-content\/uploads\/2025\/05\/1-Copaiba-Arbol-600x390.jpeg 600w, https:\/\/www.sinchisinchi.com\/wp-content\/uploads\/2025\/05\/1-Copaiba-Arbol-768x499.jpeg 768w, https:\/\/www.sinchisinchi.com\/wp-content\/uploads\/2025\/05\/1-Copaiba-Arbol-247x161.jpeg 247w, https:\/\/www.sinchisinchi.com\/wp-content\/uploads\/2025\/05\/1-Copaiba-Arbol-510x332.jpeg 510w, https:\/\/www.sinchisinchi.com\/wp-content\/uploads\/2025\/05\/1-Copaiba-Arbol.jpeg 1204w\" sizes=\"auto, (max-width: 1020px) 100vw, 1020px\" \/>\t\t\t\t\t\t\n\t\t\t\t\t<\/div>\n\t\t\t\t\t\t\t\t\n<style>\n#image_666291836 {\n  width: 100%;\n}\n<\/style>\n\t<\/div>\n\t\n","protected":false},"excerpt":{"rendered":"<p>Il Rap\u00e9 Copa\u00edba \u00e8 una variet\u00e0 forte, tradizionalmente utilizzata in occasioni speciali; contiene ceneri del tronco dell&#8217;albero di Copa\u00edba (Copaifera langsdorffii), tradizionalmente utilizzato per la pulizia fisica, la purificazione e il rilascio di tensioni.<\/p>\n<p>Con un profumo terroso, offre un effetto confortante e calmante su corpo e mente.<\/p>\n<p>Aumenta le vibrazioni, schiarisce la mente e promuove l&#8217;armonia e l&#8217;equilibrio fisico, mentale ed emotivo, agendo in particolare sui chakra della corona e del cuore.<\/p>\n<p><strong>&#8211; Formato:<\/strong> Flaconi da 10 ml (da 8 a 9 grammi).<\/p>\n<p><strong>&#8211; Utilizzo:<\/strong> Curiosit\u00e0 etnobotanica.<\/p>\n","protected":false},"featured_media":27912,"template":"","meta":{"_joinchat":[]},"product_brand":[],"product_cat":[717],"product_tag":[],"class_list":{"0":"post-29041","1":"product","2":"type-product","3":"status-publish","4":"has-post-thumbnail","6":"product_cat-etichetta-verde","8":"first","9":"instock","10":"taxable","11":"shipping-taxable","12":"purchasable","13":"product-type-simple"},"yoast_head":"<!-- This site is optimized with the Yoast SEO plugin v27.4 - https:\/\/yoast.com\/product\/yoast-seo-wordpress\/ -->\n<title>Copa\u00edba Rap\u00e9 - SINCHI RAP\u00c9<\/title>\n<meta name=\"description\" content=\"Il Rap\u00e9 Copaiba aumenta le vibrazioni, schiarisce la mente e favorisce l&#039;equilibrio fisico, mentale ed emotivo, agendo sui chakra della corona e del cuore.\" \/>\n<meta name=\"robots\" content=\"index, follow, max-snippet:-1, max-image-preview:large, max-video-preview:-1\" \/>\n<link rel=\"canonical\" href=\"https:\/\/www.sinchisinchi.com\/it\/producto\/copaiba\/\" \/>\n<meta property=\"og:locale\" content=\"it_IT\" \/>\n<meta property=\"og:type\" content=\"article\" \/>\n<meta property=\"og:title\" content=\"Copa\u00edba Rap\u00e9 - SINCHI RAP\u00c9\" \/>\n<meta property=\"og:description\" content=\"Il Rap\u00e9 Copaiba aumenta le vibrazioni, schiarisce la mente e favorisce l&#039;equilibrio fisico, mentale ed emotivo, agendo sui chakra della corona e del cuore.\" \/>\n<meta property=\"og:url\" content=\"https:\/\/www.sinchisinchi.com\/it\/producto\/copaiba\/\" \/>\n<meta property=\"og:site_name\" content=\"SINCHI RAP\u00c9\" \/>\n<meta property=\"article:publisher\" content=\"https:\/\/www.facebook.com\/sinchirape\/\" \/>\n<meta property=\"article:modified_time\" content=\"2026-01-13T07:51:12+00:00\" \/>\n<meta property=\"og:image\" content=\"https:\/\/www.sinchisinchi.com\/wp-content\/uploads\/2025\/05\/3-Copaiba.jpg\" \/>\n\t<meta property=\"og:image:width\" content=\"700\" \/>\n\t<meta property=\"og:image:height\" content=\"700\" \/>\n\t<meta property=\"og:image:type\" content=\"image\/jpeg\" \/>\n<meta name=\"twitter:card\" content=\"summary_large_image\" \/>\n<meta name=\"twitter:label1\" content=\"Tempo di lettura stimato\" \/>\n\t<meta name=\"twitter:data1\" content=\"3 minuti\" \/>\n<script type=\"application\/ld+json\" class=\"yoast-schema-graph\">{\"@context\":\"https:\\\/\\\/schema.org\",\"@graph\":[{\"@type\":\"WebPage\",\"@id\":\"https:\\\/\\\/www.sinchisinchi.com\\\/it\\\/producto\\\/copaiba\\\/\",\"url\":\"https:\\\/\\\/www.sinchisinchi.com\\\/it\\\/producto\\\/copaiba\\\/\",\"name\":\"Copa\u00edba Rap\u00e9 - SINCHI RAP\u00c9\",\"isPartOf\":{\"@id\":\"https:\\\/\\\/www.sinchisinchi.com\\\/it\\\/#website\"},\"primaryImageOfPage\":{\"@id\":\"https:\\\/\\\/www.sinchisinchi.com\\\/it\\\/producto\\\/copaiba\\\/#primaryimage\"},\"image\":{\"@id\":\"https:\\\/\\\/www.sinchisinchi.com\\\/it\\\/producto\\\/copaiba\\\/#primaryimage\"},\"thumbnailUrl\":\"https:\\\/\\\/www.sinchisinchi.com\\\/wp-content\\\/uploads\\\/2025\\\/05\\\/3-Copaiba.jpg\",\"datePublished\":\"2025-05-30T12:12:36+00:00\",\"dateModified\":\"2026-01-13T07:51:12+00:00\",\"description\":\"Il Rap\u00e9 Copaiba aumenta le vibrazioni, schiarisce la mente e favorisce l'equilibrio fisico, mentale ed emotivo, agendo sui chakra della corona e del cuore.\",\"breadcrumb\":{\"@id\":\"https:\\\/\\\/www.sinchisinchi.com\\\/it\\\/producto\\\/copaiba\\\/#breadcrumb\"},\"inLanguage\":\"it-IT\",\"potentialAction\":[{\"@type\":\"ReadAction\",\"target\":[\"https:\\\/\\\/www.sinchisinchi.com\\\/it\\\/producto\\\/copaiba\\\/\"]}]},{\"@type\":\"ImageObject\",\"inLanguage\":\"it-IT\",\"@id\":\"https:\\\/\\\/www.sinchisinchi.com\\\/it\\\/producto\\\/copaiba\\\/#primaryimage\",\"url\":\"https:\\\/\\\/www.sinchisinchi.com\\\/wp-content\\\/uploads\\\/2025\\\/05\\\/3-Copaiba.jpg\",\"contentUrl\":\"https:\\\/\\\/www.sinchisinchi.com\\\/wp-content\\\/uploads\\\/2025\\\/05\\\/3-Copaiba.jpg\",\"width\":700,\"height\":700},{\"@type\":\"BreadcrumbList\",\"@id\":\"https:\\\/\\\/www.sinchisinchi.com\\\/it\\\/producto\\\/copaiba\\\/#breadcrumb\",\"itemListElement\":[{\"@type\":\"ListItem\",\"position\":1,\"name\":\"Prima pagina\",\"item\":\"https:\\\/\\\/www.sinchisinchi.com\\\/it\\\/\"},{\"@type\":\"ListItem\",\"position\":2,\"name\":\"Prodotti\",\"item\":\"https:\\\/\\\/www.sinchisinchi.com\\\/it\\\/shop\\\/\"},{\"@type\":\"ListItem\",\"position\":3,\"name\":\"Copa\u00edba\"}]},{\"@type\":\"WebSite\",\"@id\":\"https:\\\/\\\/www.sinchisinchi.com\\\/it\\\/#website\",\"url\":\"https:\\\/\\\/www.sinchisinchi.com\\\/it\\\/\",\"name\":\"SINCHI\",\"description\":\"Sinchi Medicine\",\"publisher\":{\"@id\":\"https:\\\/\\\/www.sinchisinchi.com\\\/it\\\/#organization\"},\"potentialAction\":[{\"@type\":\"SearchAction\",\"target\":{\"@type\":\"EntryPoint\",\"urlTemplate\":\"https:\\\/\\\/www.sinchisinchi.com\\\/it\\\/?s={search_term_string}\"},\"query-input\":{\"@type\":\"PropertyValueSpecification\",\"valueRequired\":true,\"valueName\":\"search_term_string\"}}],\"inLanguage\":\"it-IT\"},{\"@type\":\"Organization\",\"@id\":\"https:\\\/\\\/www.sinchisinchi.com\\\/it\\\/#organization\",\"name\":\"SINCHI S.L\",\"url\":\"https:\\\/\\\/www.sinchisinchi.com\\\/it\\\/\",\"logo\":{\"@type\":\"ImageObject\",\"inLanguage\":\"it-IT\",\"@id\":\"https:\\\/\\\/www.sinchisinchi.com\\\/it\\\/#\\\/schema\\\/logo\\\/image\\\/\",\"url\":\"https:\\\/\\\/www.sinchisinchi.com\\\/wp-content\\\/uploads\\\/2026\\\/01\\\/3b-Verde-SIMPLIFICADO-HORIZONTAL-F-TRANSPARENTE-scaled.png\",\"contentUrl\":\"https:\\\/\\\/www.sinchisinchi.com\\\/wp-content\\\/uploads\\\/2026\\\/01\\\/3b-Verde-SIMPLIFICADO-HORIZONTAL-F-TRANSPARENTE-scaled.png\",\"width\":2560,\"height\":457,\"caption\":\"SINCHI S.L\"},\"image\":{\"@id\":\"https:\\\/\\\/www.sinchisinchi.com\\\/it\\\/#\\\/schema\\\/logo\\\/image\\\/\"},\"sameAs\":[\"https:\\\/\\\/www.facebook.com\\\/sinchirape\\\/\",\"https:\\\/\\\/www.instagram.com\\\/sinchi_rape\\\/\"]}]}<\/script>\n<!-- \/ Yoast SEO plugin. -->","yoast_head_json":{"title":"Copa\u00edba Rap\u00e9 - SINCHI RAP\u00c9","description":"Il Rap\u00e9 Copaiba aumenta le vibrazioni, schiarisce la mente e favorisce l'equilibrio fisico, mentale ed emotivo, agendo sui chakra della corona e del cuore.","robots":{"index":"index","follow":"follow","max-snippet":"max-snippet:-1","max-image-preview":"max-image-preview:large","max-video-preview":"max-video-preview:-1"},"canonical":"https:\/\/www.sinchisinchi.com\/it\/producto\/copaiba\/","og_locale":"it_IT","og_type":"article","og_title":"Copa\u00edba Rap\u00e9 - SINCHI RAP\u00c9","og_description":"Il Rap\u00e9 Copaiba aumenta le vibrazioni, schiarisce la mente e favorisce l'equilibrio fisico, mentale ed emotivo, agendo sui chakra della corona e del cuore.","og_url":"https:\/\/www.sinchisinchi.com\/it\/producto\/copaiba\/","og_site_name":"SINCHI RAP\u00c9","article_publisher":"https:\/\/www.facebook.com\/sinchirape\/","article_modified_time":"2026-01-13T07:51:12+00:00","og_image":[{"width":700,"height":700,"url":"https:\/\/www.sinchisinchi.com\/wp-content\/uploads\/2025\/05\/3-Copaiba.jpg","type":"image\/jpeg"}],"twitter_card":"summary_large_image","twitter_misc":{"Tempo di lettura stimato":"3 minuti"},"schema":{"@context":"https:\/\/schema.org","@graph":[{"@type":"WebPage","@id":"https:\/\/www.sinchisinchi.com\/it\/producto\/copaiba\/","url":"https:\/\/www.sinchisinchi.com\/it\/producto\/copaiba\/","name":"Copa\u00edba Rap\u00e9 - SINCHI RAP\u00c9","isPartOf":{"@id":"https:\/\/www.sinchisinchi.com\/it\/#website"},"primaryImageOfPage":{"@id":"https:\/\/www.sinchisinchi.com\/it\/producto\/copaiba\/#primaryimage"},"image":{"@id":"https:\/\/www.sinchisinchi.com\/it\/producto\/copaiba\/#primaryimage"},"thumbnailUrl":"https:\/\/www.sinchisinchi.com\/wp-content\/uploads\/2025\/05\/3-Copaiba.jpg","datePublished":"2025-05-30T12:12:36+00:00","dateModified":"2026-01-13T07:51:12+00:00","description":"Il Rap\u00e9 Copaiba aumenta le vibrazioni, schiarisce la mente e favorisce l'equilibrio fisico, mentale ed emotivo, agendo sui chakra della corona e del cuore.","breadcrumb":{"@id":"https:\/\/www.sinchisinchi.com\/it\/producto\/copaiba\/#breadcrumb"},"inLanguage":"it-IT","potentialAction":[{"@type":"ReadAction","target":["https:\/\/www.sinchisinchi.com\/it\/producto\/copaiba\/"]}]},{"@type":"ImageObject","inLanguage":"it-IT","@id":"https:\/\/www.sinchisinchi.com\/it\/producto\/copaiba\/#primaryimage","url":"https:\/\/www.sinchisinchi.com\/wp-content\/uploads\/2025\/05\/3-Copaiba.jpg","contentUrl":"https:\/\/www.sinchisinchi.com\/wp-content\/uploads\/2025\/05\/3-Copaiba.jpg","width":700,"height":700},{"@type":"BreadcrumbList","@id":"https:\/\/www.sinchisinchi.com\/it\/producto\/copaiba\/#breadcrumb","itemListElement":[{"@type":"ListItem","position":1,"name":"Prima pagina","item":"https:\/\/www.sinchisinchi.com\/it\/"},{"@type":"ListItem","position":2,"name":"Prodotti","item":"https:\/\/www.sinchisinchi.com\/it\/shop\/"},{"@type":"ListItem","position":3,"name":"Copa\u00edba"}]},{"@type":"WebSite","@id":"https:\/\/www.sinchisinchi.com\/it\/#website","url":"https:\/\/www.sinchisinchi.com\/it\/","name":"SINCHI","description":"Sinchi Medicine","publisher":{"@id":"https:\/\/www.sinchisinchi.com\/it\/#organization"},"potentialAction":[{"@type":"SearchAction","target":{"@type":"EntryPoint","urlTemplate":"https:\/\/www.sinchisinchi.com\/it\/?s={search_term_string}"},"query-input":{"@type":"PropertyValueSpecification","valueRequired":true,"valueName":"search_term_string"}}],"inLanguage":"it-IT"},{"@type":"Organization","@id":"https:\/\/www.sinchisinchi.com\/it\/#organization","name":"SINCHI S.L","url":"https:\/\/www.sinchisinchi.com\/it\/","logo":{"@type":"ImageObject","inLanguage":"it-IT","@id":"https:\/\/www.sinchisinchi.com\/it\/#\/schema\/logo\/image\/","url":"https:\/\/www.sinchisinchi.com\/wp-content\/uploads\/2026\/01\/3b-Verde-SIMPLIFICADO-HORIZONTAL-F-TRANSPARENTE-scaled.png","contentUrl":"https:\/\/www.sinchisinchi.com\/wp-content\/uploads\/2026\/01\/3b-Verde-SIMPLIFICADO-HORIZONTAL-F-TRANSPARENTE-scaled.png","width":2560,"height":457,"caption":"SINCHI S.L"},"image":{"@id":"https:\/\/www.sinchisinchi.com\/it\/#\/schema\/logo\/image\/"},"sameAs":["https:\/\/www.facebook.com\/sinchirape\/","https:\/\/www.instagram.com\/sinchi_rape\/"]}]}},"_links":{"self":[{"href":"https:\/\/www.sinchisinchi.com\/it\/wp-json\/wp\/v2\/product\/29041","targetHints":{"allow":["GET"]}}],"collection":[{"href":"https:\/\/www.sinchisinchi.com\/it\/wp-json\/wp\/v2\/product"}],"about":[{"href":"https:\/\/www.sinchisinchi.com\/it\/wp-json\/wp\/v2\/types\/product"}],"wp:featuredmedia":[{"embeddable":true,"href":"https:\/\/www.sinchisinchi.com\/it\/wp-json\/wp\/v2\/media\/27912"}],"wp:attachment":[{"href":"https:\/\/www.sinchisinchi.com\/it\/wp-json\/wp\/v2\/media?parent=29041"}],"wp:term":[{"taxonomy":"product_brand","embeddable":true,"href":"https:\/\/www.sinchisinchi.com\/it\/wp-json\/wp\/v2\/product_brand?post=29041"},{"taxonomy":"product_cat","embeddable":true,"href":"https:\/\/www.sinchisinchi.com\/it\/wp-json\/wp\/v2\/product_cat?post=29041"},{"taxonomy":"product_tag","embeddable":true,"href":"https:\/\/www.sinchisinchi.com\/it\/wp-json\/wp\/v2\/product_tag?post=29041"}],"curies":[{"name":"wp","href":"https:\/\/api.w.org\/{rel}","templated":true}]}}