{"id":29104,"date":"2025-05-30T12:57:15","date_gmt":"2025-05-30T12:57:15","guid":{"rendered":"https:\/\/www.sinchisinchi.com\/producto\/pau-pereira\/"},"modified":"2025-05-30T12:57:15","modified_gmt":"2025-05-30T12:57:15","slug":"pau-pereira","status":"publish","type":"product","link":"https:\/\/www.sinchisinchi.com\/it\/producto\/pau-pereira\/","title":{"rendered":"Pau Pereira"},"content":{"rendered":"<h2 style=\"text-align: center;\">Albero di Pau Pereira<\/h2>\n<p>Il Pau Pereira \u00e8 un albero di medie dimensioni originario della foresta pluviale amazzonica. \u00c8 estremamente amaro e cresce nelle zone non allagate della foresta.<\/p>\n<p>Ha un tronco solcato di colore che va dal marrone chiaro al giallo; i suoi rami producono lattice.<\/p>\n<p>Le sue foglie hanno una peluria dorata sulla pagina inferiore e ha vistosi fiori bianchi. Il frutto \u00e8 a forma di corno, giallo a maturazione, e produce anch&#8217;esso lattice. I suoi semi sono numerosi, bianchi e piatti.<\/p>\n<h3 style=\"text-align: center;\">Propriet\u00e0 medicinali<\/h3>\n<p>L&#8217;albero di Pau Pereira (Geissospermum vellosii), chiamato anche &#8220;Pao Pereira&#8221;, \u00e8 originario della foresta pluviale amazzonica. In Sud America, \u00e8 stato utilizzato nella medicina tradizionale per secoli ed \u00e8 parte del patrimonio popolare della regione.<\/p>\n<p>Il Pau Pereira viene consumato a scopo preventivo per mantenere una buona salute. Le sue propriet\u00e0 derivano dalla corteccia dell&#8217;albero, dal sapore amaro, utilizzata in numerosi rimedi casalinghi:<\/p>\n<p>In caso di malaria, perdita di appetito, indigestione, vertigini, stitichezza, febbre e per le sue propriet\u00e0 toniche, epatoprotettive e digestive. Ha anche un potente effetto antivirale.<\/p>\n<p>L&#8217;estratto di Pao Pereira \u00e8 amaro e viene estratto dalla parte interna della corteccia dell&#8217;albero.<\/p>\n<p>L&#8217;alcaloide pereirina, scoperto dal farmacista brasiliano Ezequiel Corr\u00eaa dos Santos, \u00e8 il principale principio attivo del Pao-Pereira (Geissospermum vellosii), presente soprattutto nella sua corteccia.<\/p>\n<p>\u00c8 stata inoltre riscontrata la presenza di altri alcaloidi: 11-metossigeissospermidina, flavopereirina, geissosreticolatina e geissospermicolatina.<\/p>\n<h3 style=\"text-align: center;\">Storia recente<\/h3>\n<p>Nel 1848, Ezequiel Correa Dos Santos present\u00f2 la sua tesi presso la Facolt\u00e0 di Medicina di Rio de Janeiro, considerata la prima monografia sul Pau Pereira.<\/p>\n<p>Nel 1879, il &#8220;Medical Times&#8221; pubblic\u00f2 un articolo del Dott. Torres Homem, Professore di Medicina Clinica presso l&#8217;Accademia di Rio de Janeiro, che descriveva il metodo di estrazione dell&#8217;alcaloide pereirina, osservando che &#8220;non c&#8217;\u00e8 medico in Brasile che non abbia ottenuto buoni risultati utilizzando questo estratto nel trattamento delle febbri intermittenti&#8221;.<\/p>\n<p>Lo studio &#8220;Rimedi contro la malaria nella Guyana francese: conoscenza del comportamento e delle pratiche&#8221;, pubblicato dalla rivista Ethnopharmacology, concludeva che nella Guyana francese un estratto alcolico di Pau Pereira viene bevuto a scopo preventivo non appena compaiono i primi sintomi di febbre.<\/p>\n<p>&#8220;\u00c8 stato sorprendente vedere che il pi\u00f9 importante e noto antimalarico amazzonico, il Geissospermum spp., veniva raramente utilizzato a scopo curativo, mentre veniva invece utilizzato pi\u00f9 frequentemente a scopo preventivo&#8221;.<\/p>\n<h3 style=\"text-align: center;\">Azione antitumorale<\/h3>\n<p>Mirko Beljanski (1923-1998), Dottore in Scienze e ricercatore presso l&#8217;Istituto Pasteur di Parigi, fu il primo a studiare l&#8217;azione antitumorale del Geissospermum Vellosii, utilizzando un estratto selettivamente efficace contro le cellule tumorali che non penetra nelle cellule sane.<\/p>\n<p>Nel 1884, il &#8220;Medical Times&#8221; di Londra pubblic\u00f2 un commento nella sua sezione &#8220;Note, Queries and Answers&#8221;, firmato da Richard G. Daunt (p. 443): &#8220;L&#8217;efficacia della pereirina \u00e8 straordinaria e ho spesso osservato il suo successo dopo il fallimento del chinino&#8221;.<\/p>\n<p>In Francia, nel 1884, il Dott. Tibiri\u00e7a dell&#8217;Unione Medica scrisse su &#8220;The Journal of the Newspapers&#8221;: &#8220;La pereirina \u00e8 pi\u00f9 efficace del chinino, di cui raddoppia l&#8217;azione terapeutica e allo stesso tempo previene gli effetti avversi quando viene somministrata una dose elevata&#8221;.<\/p>\n<p>Gli estratti di Pao Pereira non hanno effetti collaterali; In assenza di cellule cancerose a cui si legano, le molecole vengono rapidamente eliminate, poich\u00e9 si depositano solo nelle cellule disordinate.<\/p>\n<p>Pertanto, questi estratti possono essere utilizzati come misura preventiva in condizioni precancerose o da persone ad alto rischio (familiare, ambientale, ecc.), nonch\u00e9 come strumento di mantenimento per le persone recentemente guarite.<\/p>\n<p>Analogamente, il frammento di RNA pu\u00f2 essere utilizzato per prevenire e riparare rotture cromosomiche. Anomalie cromosomiche che accompagnano esami con radiazioni ionizzanti (mammografia, gamma scan, raggi X, ecc.).<\/p>\n<p>Inoltre, il Pau Pereira ha un potente effetto antivirale. L&#8217;estratto di Pau Pereira inibisce la replicazione virale; inibisce sia la trascrittasi inversa che la polimerasi, che consentono ai virus di moltiplicarsi, rendendolo un eccellente agente antivirale ad ampio spettro.<\/p>\n","protected":false},"excerpt":{"rendered":"<p>Il Pau Pereira \u00e8 un potente rap\u00e9, tradizionalmente utilizzato dalle trib\u00f9 amazzoniche per purificare e allineare i canali energetici, portare calma mentale, liberare le energie negative, rafforzare il lavoro spirituale e promuovere il pensiero positivo.<\/p>\n<p>Sebbene il rap\u00e9 Pau Pereira venga spesso confuso con lo tsunu a causa dei nomi comuni regionali, trib\u00f9 come gli Yawanaw\u00e1 riconoscono il Pau Pereira per le sue propriet\u00e0 uniche e apprezzano in particolar modo la sua cenere per le sue potenti qualit\u00e0 spirituali e medicinali, che centrano e stabilizzano.<\/p>\n<p><strong>&#8211; Formato:<\/strong> Flaconi da 10 ml (da 8 a 9 grammi).<\/p>\n<p><strong>&#8211; Uso:<\/strong> Curiosit\u00e0 etnobotanica.<\/p>\n","protected":false},"featured_media":27944,"template":"","meta":{"_joinchat":[]},"product_brand":[],"product_cat":[724],"product_tag":[],"class_list":{"0":"post-29104","1":"product","2":"type-product","3":"status-publish","4":"has-post-thumbnail","6":"product_cat-etichetta-rossa","8":"first","9":"instock","10":"taxable","11":"shipping-taxable","12":"purchasable","13":"product-type-simple"},"yoast_head":"<!-- This site is optimized with the Yoast SEO plugin v27.4 - https:\/\/yoast.com\/product\/yoast-seo-wordpress\/ -->\n<title>Rap\u00e9 amazzonico Pau Pereira - SINCHI<\/title>\n<meta name=\"description\" content=\"Il Pau Pereira \u00e8 un potente rap\u00e9 utilizzato dalle trib\u00f9 amazzoniche per purificare e allineare i canali energetici, nonch\u00e9 per portare calma alla mente.\" \/>\n<meta name=\"robots\" content=\"index, follow, max-snippet:-1, max-image-preview:large, max-video-preview:-1\" \/>\n<link rel=\"canonical\" href=\"https:\/\/www.sinchisinchi.com\/it\/producto\/pau-pereira\/\" \/>\n<meta property=\"og:locale\" content=\"it_IT\" \/>\n<meta property=\"og:type\" content=\"article\" \/>\n<meta property=\"og:title\" content=\"Rap\u00e9 amazzonico Pau Pereira - SINCHI\" \/>\n<meta property=\"og:description\" content=\"Il Pau Pereira \u00e8 un potente rap\u00e9 utilizzato dalle trib\u00f9 amazzoniche per purificare e allineare i canali energetici, nonch\u00e9 per portare calma alla mente.\" \/>\n<meta property=\"og:url\" content=\"https:\/\/www.sinchisinchi.com\/it\/producto\/pau-pereira\/\" \/>\n<meta property=\"og:site_name\" content=\"SINCHI RAP\u00c9\" \/>\n<meta property=\"article:publisher\" content=\"https:\/\/www.facebook.com\/sinchirape\/\" \/>\n<meta property=\"og:image\" content=\"https:\/\/www.sinchisinchi.com\/wp-content\/uploads\/2025\/05\/5-Paupereira.jpg\" \/>\n\t<meta property=\"og:image:width\" content=\"700\" \/>\n\t<meta property=\"og:image:height\" content=\"700\" \/>\n\t<meta property=\"og:image:type\" content=\"image\/jpeg\" \/>\n<meta name=\"twitter:card\" content=\"summary_large_image\" \/>\n<meta name=\"twitter:label1\" content=\"Tempo di lettura stimato\" \/>\n\t<meta name=\"twitter:data1\" content=\"3 minuti\" \/>\n<script type=\"application\/ld+json\" class=\"yoast-schema-graph\">{\"@context\":\"https:\\\/\\\/schema.org\",\"@graph\":[{\"@type\":\"WebPage\",\"@id\":\"https:\\\/\\\/www.sinchisinchi.com\\\/it\\\/producto\\\/pau-pereira\\\/\",\"url\":\"https:\\\/\\\/www.sinchisinchi.com\\\/it\\\/producto\\\/pau-pereira\\\/\",\"name\":\"Rap\u00e9 amazzonico Pau Pereira - SINCHI\",\"isPartOf\":{\"@id\":\"https:\\\/\\\/www.sinchisinchi.com\\\/it\\\/#website\"},\"primaryImageOfPage\":{\"@id\":\"https:\\\/\\\/www.sinchisinchi.com\\\/it\\\/producto\\\/pau-pereira\\\/#primaryimage\"},\"image\":{\"@id\":\"https:\\\/\\\/www.sinchisinchi.com\\\/it\\\/producto\\\/pau-pereira\\\/#primaryimage\"},\"thumbnailUrl\":\"https:\\\/\\\/www.sinchisinchi.com\\\/wp-content\\\/uploads\\\/2025\\\/05\\\/5-Paupereira.jpg\",\"datePublished\":\"2025-05-30T12:57:15+00:00\",\"description\":\"Il Pau Pereira \u00e8 un potente rap\u00e9 utilizzato dalle trib\u00f9 amazzoniche per purificare e allineare i canali energetici, nonch\u00e9 per portare calma alla mente.\",\"breadcrumb\":{\"@id\":\"https:\\\/\\\/www.sinchisinchi.com\\\/it\\\/producto\\\/pau-pereira\\\/#breadcrumb\"},\"inLanguage\":\"it-IT\",\"potentialAction\":[{\"@type\":\"ReadAction\",\"target\":[\"https:\\\/\\\/www.sinchisinchi.com\\\/it\\\/producto\\\/pau-pereira\\\/\"]}]},{\"@type\":\"ImageObject\",\"inLanguage\":\"it-IT\",\"@id\":\"https:\\\/\\\/www.sinchisinchi.com\\\/it\\\/producto\\\/pau-pereira\\\/#primaryimage\",\"url\":\"https:\\\/\\\/www.sinchisinchi.com\\\/wp-content\\\/uploads\\\/2025\\\/05\\\/5-Paupereira.jpg\",\"contentUrl\":\"https:\\\/\\\/www.sinchisinchi.com\\\/wp-content\\\/uploads\\\/2025\\\/05\\\/5-Paupereira.jpg\",\"width\":700,\"height\":700},{\"@type\":\"BreadcrumbList\",\"@id\":\"https:\\\/\\\/www.sinchisinchi.com\\\/it\\\/producto\\\/pau-pereira\\\/#breadcrumb\",\"itemListElement\":[{\"@type\":\"ListItem\",\"position\":1,\"name\":\"Prima pagina\",\"item\":\"https:\\\/\\\/www.sinchisinchi.com\\\/it\\\/\"},{\"@type\":\"ListItem\",\"position\":2,\"name\":\"Prodotti\",\"item\":\"https:\\\/\\\/www.sinchisinchi.com\\\/it\\\/shop\\\/\"},{\"@type\":\"ListItem\",\"position\":3,\"name\":\"Pau Pereira\"}]},{\"@type\":\"WebSite\",\"@id\":\"https:\\\/\\\/www.sinchisinchi.com\\\/it\\\/#website\",\"url\":\"https:\\\/\\\/www.sinchisinchi.com\\\/it\\\/\",\"name\":\"SINCHI\",\"description\":\"Sinchi Medicine\",\"publisher\":{\"@id\":\"https:\\\/\\\/www.sinchisinchi.com\\\/it\\\/#organization\"},\"potentialAction\":[{\"@type\":\"SearchAction\",\"target\":{\"@type\":\"EntryPoint\",\"urlTemplate\":\"https:\\\/\\\/www.sinchisinchi.com\\\/it\\\/?s={search_term_string}\"},\"query-input\":{\"@type\":\"PropertyValueSpecification\",\"valueRequired\":true,\"valueName\":\"search_term_string\"}}],\"inLanguage\":\"it-IT\"},{\"@type\":\"Organization\",\"@id\":\"https:\\\/\\\/www.sinchisinchi.com\\\/it\\\/#organization\",\"name\":\"SINCHI S.L\",\"url\":\"https:\\\/\\\/www.sinchisinchi.com\\\/it\\\/\",\"logo\":{\"@type\":\"ImageObject\",\"inLanguage\":\"it-IT\",\"@id\":\"https:\\\/\\\/www.sinchisinchi.com\\\/it\\\/#\\\/schema\\\/logo\\\/image\\\/\",\"url\":\"https:\\\/\\\/www.sinchisinchi.com\\\/wp-content\\\/uploads\\\/2026\\\/01\\\/3b-Verde-SIMPLIFICADO-HORIZONTAL-F-TRANSPARENTE-scaled.png\",\"contentUrl\":\"https:\\\/\\\/www.sinchisinchi.com\\\/wp-content\\\/uploads\\\/2026\\\/01\\\/3b-Verde-SIMPLIFICADO-HORIZONTAL-F-TRANSPARENTE-scaled.png\",\"width\":2560,\"height\":457,\"caption\":\"SINCHI S.L\"},\"image\":{\"@id\":\"https:\\\/\\\/www.sinchisinchi.com\\\/it\\\/#\\\/schema\\\/logo\\\/image\\\/\"},\"sameAs\":[\"https:\\\/\\\/www.facebook.com\\\/sinchirape\\\/\",\"https:\\\/\\\/www.instagram.com\\\/sinchi_rape\\\/\"]}]}<\/script>\n<!-- \/ Yoast SEO plugin. -->","yoast_head_json":{"title":"Rap\u00e9 amazzonico Pau Pereira - SINCHI","description":"Il Pau Pereira \u00e8 un potente rap\u00e9 utilizzato dalle trib\u00f9 amazzoniche per purificare e allineare i canali energetici, nonch\u00e9 per portare calma alla mente.","robots":{"index":"index","follow":"follow","max-snippet":"max-snippet:-1","max-image-preview":"max-image-preview:large","max-video-preview":"max-video-preview:-1"},"canonical":"https:\/\/www.sinchisinchi.com\/it\/producto\/pau-pereira\/","og_locale":"it_IT","og_type":"article","og_title":"Rap\u00e9 amazzonico Pau Pereira - SINCHI","og_description":"Il Pau Pereira \u00e8 un potente rap\u00e9 utilizzato dalle trib\u00f9 amazzoniche per purificare e allineare i canali energetici, nonch\u00e9 per portare calma alla mente.","og_url":"https:\/\/www.sinchisinchi.com\/it\/producto\/pau-pereira\/","og_site_name":"SINCHI RAP\u00c9","article_publisher":"https:\/\/www.facebook.com\/sinchirape\/","og_image":[{"width":700,"height":700,"url":"https:\/\/www.sinchisinchi.com\/wp-content\/uploads\/2025\/05\/5-Paupereira.jpg","type":"image\/jpeg"}],"twitter_card":"summary_large_image","twitter_misc":{"Tempo di lettura stimato":"3 minuti"},"schema":{"@context":"https:\/\/schema.org","@graph":[{"@type":"WebPage","@id":"https:\/\/www.sinchisinchi.com\/it\/producto\/pau-pereira\/","url":"https:\/\/www.sinchisinchi.com\/it\/producto\/pau-pereira\/","name":"Rap\u00e9 amazzonico Pau Pereira - SINCHI","isPartOf":{"@id":"https:\/\/www.sinchisinchi.com\/it\/#website"},"primaryImageOfPage":{"@id":"https:\/\/www.sinchisinchi.com\/it\/producto\/pau-pereira\/#primaryimage"},"image":{"@id":"https:\/\/www.sinchisinchi.com\/it\/producto\/pau-pereira\/#primaryimage"},"thumbnailUrl":"https:\/\/www.sinchisinchi.com\/wp-content\/uploads\/2025\/05\/5-Paupereira.jpg","datePublished":"2025-05-30T12:57:15+00:00","description":"Il Pau Pereira \u00e8 un potente rap\u00e9 utilizzato dalle trib\u00f9 amazzoniche per purificare e allineare i canali energetici, nonch\u00e9 per portare calma alla mente.","breadcrumb":{"@id":"https:\/\/www.sinchisinchi.com\/it\/producto\/pau-pereira\/#breadcrumb"},"inLanguage":"it-IT","potentialAction":[{"@type":"ReadAction","target":["https:\/\/www.sinchisinchi.com\/it\/producto\/pau-pereira\/"]}]},{"@type":"ImageObject","inLanguage":"it-IT","@id":"https:\/\/www.sinchisinchi.com\/it\/producto\/pau-pereira\/#primaryimage","url":"https:\/\/www.sinchisinchi.com\/wp-content\/uploads\/2025\/05\/5-Paupereira.jpg","contentUrl":"https:\/\/www.sinchisinchi.com\/wp-content\/uploads\/2025\/05\/5-Paupereira.jpg","width":700,"height":700},{"@type":"BreadcrumbList","@id":"https:\/\/www.sinchisinchi.com\/it\/producto\/pau-pereira\/#breadcrumb","itemListElement":[{"@type":"ListItem","position":1,"name":"Prima pagina","item":"https:\/\/www.sinchisinchi.com\/it\/"},{"@type":"ListItem","position":2,"name":"Prodotti","item":"https:\/\/www.sinchisinchi.com\/it\/shop\/"},{"@type":"ListItem","position":3,"name":"Pau Pereira"}]},{"@type":"WebSite","@id":"https:\/\/www.sinchisinchi.com\/it\/#website","url":"https:\/\/www.sinchisinchi.com\/it\/","name":"SINCHI","description":"Sinchi Medicine","publisher":{"@id":"https:\/\/www.sinchisinchi.com\/it\/#organization"},"potentialAction":[{"@type":"SearchAction","target":{"@type":"EntryPoint","urlTemplate":"https:\/\/www.sinchisinchi.com\/it\/?s={search_term_string}"},"query-input":{"@type":"PropertyValueSpecification","valueRequired":true,"valueName":"search_term_string"}}],"inLanguage":"it-IT"},{"@type":"Organization","@id":"https:\/\/www.sinchisinchi.com\/it\/#organization","name":"SINCHI S.L","url":"https:\/\/www.sinchisinchi.com\/it\/","logo":{"@type":"ImageObject","inLanguage":"it-IT","@id":"https:\/\/www.sinchisinchi.com\/it\/#\/schema\/logo\/image\/","url":"https:\/\/www.sinchisinchi.com\/wp-content\/uploads\/2026\/01\/3b-Verde-SIMPLIFICADO-HORIZONTAL-F-TRANSPARENTE-scaled.png","contentUrl":"https:\/\/www.sinchisinchi.com\/wp-content\/uploads\/2026\/01\/3b-Verde-SIMPLIFICADO-HORIZONTAL-F-TRANSPARENTE-scaled.png","width":2560,"height":457,"caption":"SINCHI S.L"},"image":{"@id":"https:\/\/www.sinchisinchi.com\/it\/#\/schema\/logo\/image\/"},"sameAs":["https:\/\/www.facebook.com\/sinchirape\/","https:\/\/www.instagram.com\/sinchi_rape\/"]}]}},"_links":{"self":[{"href":"https:\/\/www.sinchisinchi.com\/it\/wp-json\/wp\/v2\/product\/29104","targetHints":{"allow":["GET"]}}],"collection":[{"href":"https:\/\/www.sinchisinchi.com\/it\/wp-json\/wp\/v2\/product"}],"about":[{"href":"https:\/\/www.sinchisinchi.com\/it\/wp-json\/wp\/v2\/types\/product"}],"wp:featuredmedia":[{"embeddable":true,"href":"https:\/\/www.sinchisinchi.com\/it\/wp-json\/wp\/v2\/media\/27944"}],"wp:attachment":[{"href":"https:\/\/www.sinchisinchi.com\/it\/wp-json\/wp\/v2\/media?parent=29104"}],"wp:term":[{"taxonomy":"product_brand","embeddable":true,"href":"https:\/\/www.sinchisinchi.com\/it\/wp-json\/wp\/v2\/product_brand?post=29104"},{"taxonomy":"product_cat","embeddable":true,"href":"https:\/\/www.sinchisinchi.com\/it\/wp-json\/wp\/v2\/product_cat?post=29104"},{"taxonomy":"product_tag","embeddable":true,"href":"https:\/\/www.sinchisinchi.com\/it\/wp-json\/wp\/v2\/product_tag?post=29104"}],"curies":[{"name":"wp","href":"https:\/\/api.w.org\/{rel}","templated":true}]}}