{"id":3085,"date":"2020-04-29T09:06:52","date_gmt":"2020-04-29T09:06:52","guid":{"rendered":"https:\/\/www.sinchisinchi.com\/producto\/nukini-7-estrellas\/"},"modified":"2024-05-02T07:56:03","modified_gmt":"2024-05-02T07:56:03","slug":"nukini-rape-3","status":"publish","type":"product","link":"https:\/\/www.sinchisinchi.com\/it\/producto\/nukini-rape-3\/","title":{"rendered":"Nukini Sette Stelle"},"content":{"rendered":"<img loading=\"lazy\" decoding=\"async\" class=\"aligncenter\" title=\"nukini tribe\" src=\"https:\/\/www.sinchisinchi.com\/wp-content\/uploads\/2018\/10\/nukini-tribe.jpg\" alt=\"nukini tribe\" width=\"660\" height=\"299\" \/>\r\n<h2 style=\"text-align: center;\">Trib\u00f9 Nukini<\/h2>\r\nI Nukini sono sopravvissuti a grandi avversit\u00e0, come febbri epidemiche e l&#8217;espansione del fronte di sfruttamento della gomma. Durante i primi decenni del XX secolo, sono entrati a far parte dell&#8217;azienda di gomma e sono rimasti nella regione del fiume M\u00f4a fino ad oggi.\r\n\r\nDopo decenni di lavoro come estrattori di gomma, i Nukini ottennero il riconoscimento ufficiale delle loro terre alla fine degli anni &#8217;70.\r\n\r\nA causa del contatto con spillatori di gomma, piccoli produttori e residenti lungo il fiume della regione superiore di Juru\u00e1, i Nukini hanno incorporato molte delle loro usanze, ma mantengono la loro individualit\u00e0, soprattutto per quanto riguarda la loro organizzazione sociale.\n","protected":false},"excerpt":{"rendered":"<p>Questa potente variet\u00e0 ha un aroma di toni fruttati e mentolati, \u00e8 leggermente maschile.<\/p>\n<p>Xiti Nukini, maestro rap\u00e9 della sua trib\u00f9, \u00e8 il creatore di questa squisita ricetta. I suoi esatti ingredienti rimangono un segreto tribale; Queste sono note per essere erbe che sollevano lo spirito, con propriet\u00e0 purificanti profonde a livello spirituale, potentemente antidolorifiche a livello fisico.<\/p>\n<p style=\"text-align: center;\"><strong>Compra Hape Nukini<\/strong><\/p>\n<p><strong>-Propriet\u00e0 e benefici:<\/strong> Indicato per aumentare la frequenza vibrazionale e per eseguire la pulizia energetica, oltre che per calmare il dolore.<\/p>\n<p><strong>-Intensit\u00e0:<\/strong> Forte<\/p>\n<p><strong>-Trib\u00f9:<\/strong> realizzato dalla trib\u00f9 Nukini<\/p>\n<p><strong>-Composizione:<\/strong> Mapacho, cenere di Tsunu e altre piante medicinali amazzoniche.<\/p>\n<p><strong>-Formato:<\/strong> flaconi da 10 ml (da 8 a 9 grammi)<\/p>\n<p><strong>-Uso:<\/strong> Curiosit\u00e0 etnobotanica. Uso esclusivo per studio scientifico, storico e ritualistico.<\/p>\n","protected":false},"featured_media":0,"template":"","meta":{"_joinchat":[]},"product_brand":[],"product_cat":[121],"product_tag":[],"class_list":{"0":"post-3085","1":"product","2":"type-product","3":"status-publish","5":"product_cat-rape-it","7":"first","8":"instock","9":"taxable","10":"shipping-taxable","11":"purchasable","12":"product-type-simple"},"yoast_head":"<!-- This site is optimized with the Yoast SEO plugin v27.4 - https:\/\/yoast.com\/product\/yoast-seo-wordpress\/ -->\n<title>Acquista Rap\u00e9 Seven Stars: Amazon Rap\u00e9 dalla trib\u00f9 Nukini<\/title>\n<meta name=\"description\" content=\"Rap\u00e9 Siete estrellas \u00e8 una potente variet\u00e0 Nukini, ha un aroma di toni fruttati e mentolati, con una proporzione leggermente maschile.\" \/>\n<meta name=\"robots\" content=\"index, follow, max-snippet:-1, max-image-preview:large, max-video-preview:-1\" \/>\n<link rel=\"canonical\" href=\"https:\/\/www.sinchisinchi.com\/it\/producto\/nukini-rape-3\/\" \/>\n<meta property=\"og:locale\" content=\"it_IT\" \/>\n<meta property=\"og:type\" content=\"article\" \/>\n<meta property=\"og:title\" content=\"Acquista Rap\u00e9 Seven Stars: Amazon Rap\u00e9 dalla trib\u00f9 Nukini\" \/>\n<meta property=\"og:description\" content=\"Rap\u00e9 Siete estrellas \u00e8 una potente variet\u00e0 Nukini, ha un aroma di toni fruttati e mentolati, con una proporzione leggermente maschile.\" \/>\n<meta property=\"og:url\" content=\"https:\/\/www.sinchisinchi.com\/it\/producto\/nukini-rape-3\/\" \/>\n<meta property=\"og:site_name\" content=\"SINCHI RAP\u00c9\" \/>\n<meta property=\"article:publisher\" content=\"https:\/\/www.facebook.com\/sinchirape\/\" \/>\n<meta property=\"article:modified_time\" content=\"2024-05-02T07:56:03+00:00\" \/>\n<meta property=\"og:image\" content=\"https:\/\/www.sinchisinchi.com\/wp-content\/uploads\/2018\/10\/nukini-tribe.jpg\" \/>\n<meta name=\"twitter:card\" content=\"summary_large_image\" \/>\n<meta name=\"twitter:label1\" content=\"Tempo di lettura stimato\" \/>\n\t<meta name=\"twitter:data1\" content=\"1 minuto\" \/>\n<script type=\"application\/ld+json\" class=\"yoast-schema-graph\">{\"@context\":\"https:\\\/\\\/schema.org\",\"@graph\":[{\"@type\":\"WebPage\",\"@id\":\"https:\\\/\\\/www.sinchisinchi.com\\\/it\\\/producto\\\/nukini-rape-3\\\/\",\"url\":\"https:\\\/\\\/www.sinchisinchi.com\\\/it\\\/producto\\\/nukini-rape-3\\\/\",\"name\":\"Acquista Rap\u00e9 Seven Stars: Amazon Rap\u00e9 dalla trib\u00f9 Nukini\",\"isPartOf\":{\"@id\":\"https:\\\/\\\/www.sinchisinchi.com\\\/it\\\/#website\"},\"primaryImageOfPage\":{\"@id\":\"https:\\\/\\\/www.sinchisinchi.com\\\/it\\\/producto\\\/nukini-rape-3\\\/#primaryimage\"},\"image\":{\"@id\":\"https:\\\/\\\/www.sinchisinchi.com\\\/it\\\/producto\\\/nukini-rape-3\\\/#primaryimage\"},\"thumbnailUrl\":\"https:\\\/\\\/www.sinchisinchi.com\\\/wp-content\\\/uploads\\\/2018\\\/10\\\/nukini-tribe.jpg\",\"datePublished\":\"2020-04-29T09:06:52+00:00\",\"dateModified\":\"2024-05-02T07:56:03+00:00\",\"description\":\"Rap\u00e9 Siete estrellas \u00e8 una potente variet\u00e0 Nukini, ha un aroma di toni fruttati e mentolati, con una proporzione leggermente maschile.\",\"breadcrumb\":{\"@id\":\"https:\\\/\\\/www.sinchisinchi.com\\\/it\\\/producto\\\/nukini-rape-3\\\/#breadcrumb\"},\"inLanguage\":\"it-IT\",\"potentialAction\":[{\"@type\":\"ReadAction\",\"target\":[\"https:\\\/\\\/www.sinchisinchi.com\\\/it\\\/producto\\\/nukini-rape-3\\\/\"]}]},{\"@type\":\"ImageObject\",\"inLanguage\":\"it-IT\",\"@id\":\"https:\\\/\\\/www.sinchisinchi.com\\\/it\\\/producto\\\/nukini-rape-3\\\/#primaryimage\",\"url\":\"https:\\\/\\\/www.sinchisinchi.com\\\/wp-content\\\/uploads\\\/2018\\\/10\\\/nukini-tribe.jpg\",\"contentUrl\":\"https:\\\/\\\/www.sinchisinchi.com\\\/wp-content\\\/uploads\\\/2018\\\/10\\\/nukini-tribe.jpg\"},{\"@type\":\"BreadcrumbList\",\"@id\":\"https:\\\/\\\/www.sinchisinchi.com\\\/it\\\/producto\\\/nukini-rape-3\\\/#breadcrumb\",\"itemListElement\":[{\"@type\":\"ListItem\",\"position\":1,\"name\":\"Prima pagina\",\"item\":\"https:\\\/\\\/www.sinchisinchi.com\\\/it\\\/\"},{\"@type\":\"ListItem\",\"position\":2,\"name\":\"Prodotti\",\"item\":\"https:\\\/\\\/www.sinchisinchi.com\\\/it\\\/shop\\\/\"},{\"@type\":\"ListItem\",\"position\":3,\"name\":\"Nukini Sette Stelle\"}]},{\"@type\":\"WebSite\",\"@id\":\"https:\\\/\\\/www.sinchisinchi.com\\\/it\\\/#website\",\"url\":\"https:\\\/\\\/www.sinchisinchi.com\\\/it\\\/\",\"name\":\"SINCHI\",\"description\":\"Sinchi Medicine\",\"publisher\":{\"@id\":\"https:\\\/\\\/www.sinchisinchi.com\\\/it\\\/#organization\"},\"potentialAction\":[{\"@type\":\"SearchAction\",\"target\":{\"@type\":\"EntryPoint\",\"urlTemplate\":\"https:\\\/\\\/www.sinchisinchi.com\\\/it\\\/?s={search_term_string}\"},\"query-input\":{\"@type\":\"PropertyValueSpecification\",\"valueRequired\":true,\"valueName\":\"search_term_string\"}}],\"inLanguage\":\"it-IT\"},{\"@type\":\"Organization\",\"@id\":\"https:\\\/\\\/www.sinchisinchi.com\\\/it\\\/#organization\",\"name\":\"SINCHI S.L\",\"url\":\"https:\\\/\\\/www.sinchisinchi.com\\\/it\\\/\",\"logo\":{\"@type\":\"ImageObject\",\"inLanguage\":\"it-IT\",\"@id\":\"https:\\\/\\\/www.sinchisinchi.com\\\/it\\\/#\\\/schema\\\/logo\\\/image\\\/\",\"url\":\"https:\\\/\\\/www.sinchisinchi.com\\\/wp-content\\\/uploads\\\/2026\\\/01\\\/3b-Verde-SIMPLIFICADO-HORIZONTAL-F-TRANSPARENTE-scaled.png\",\"contentUrl\":\"https:\\\/\\\/www.sinchisinchi.com\\\/wp-content\\\/uploads\\\/2026\\\/01\\\/3b-Verde-SIMPLIFICADO-HORIZONTAL-F-TRANSPARENTE-scaled.png\",\"width\":2560,\"height\":457,\"caption\":\"SINCHI S.L\"},\"image\":{\"@id\":\"https:\\\/\\\/www.sinchisinchi.com\\\/it\\\/#\\\/schema\\\/logo\\\/image\\\/\"},\"sameAs\":[\"https:\\\/\\\/www.facebook.com\\\/sinchirape\\\/\",\"https:\\\/\\\/www.instagram.com\\\/sinchi_rape\\\/\"]}]}<\/script>\n<!-- \/ Yoast SEO plugin. -->","yoast_head_json":{"title":"Acquista Rap\u00e9 Seven Stars: Amazon Rap\u00e9 dalla trib\u00f9 Nukini","description":"Rap\u00e9 Siete estrellas \u00e8 una potente variet\u00e0 Nukini, ha un aroma di toni fruttati e mentolati, con una proporzione leggermente maschile.","robots":{"index":"index","follow":"follow","max-snippet":"max-snippet:-1","max-image-preview":"max-image-preview:large","max-video-preview":"max-video-preview:-1"},"canonical":"https:\/\/www.sinchisinchi.com\/it\/producto\/nukini-rape-3\/","og_locale":"it_IT","og_type":"article","og_title":"Acquista Rap\u00e9 Seven Stars: Amazon Rap\u00e9 dalla trib\u00f9 Nukini","og_description":"Rap\u00e9 Siete estrellas \u00e8 una potente variet\u00e0 Nukini, ha un aroma di toni fruttati e mentolati, con una proporzione leggermente maschile.","og_url":"https:\/\/www.sinchisinchi.com\/it\/producto\/nukini-rape-3\/","og_site_name":"SINCHI RAP\u00c9","article_publisher":"https:\/\/www.facebook.com\/sinchirape\/","article_modified_time":"2024-05-02T07:56:03+00:00","og_image":[{"url":"https:\/\/www.sinchisinchi.com\/wp-content\/uploads\/2018\/10\/nukini-tribe.jpg","type":"","width":"","height":""}],"twitter_card":"summary_large_image","twitter_misc":{"Tempo di lettura stimato":"1 minuto"},"schema":{"@context":"https:\/\/schema.org","@graph":[{"@type":"WebPage","@id":"https:\/\/www.sinchisinchi.com\/it\/producto\/nukini-rape-3\/","url":"https:\/\/www.sinchisinchi.com\/it\/producto\/nukini-rape-3\/","name":"Acquista Rap\u00e9 Seven Stars: Amazon Rap\u00e9 dalla trib\u00f9 Nukini","isPartOf":{"@id":"https:\/\/www.sinchisinchi.com\/it\/#website"},"primaryImageOfPage":{"@id":"https:\/\/www.sinchisinchi.com\/it\/producto\/nukini-rape-3\/#primaryimage"},"image":{"@id":"https:\/\/www.sinchisinchi.com\/it\/producto\/nukini-rape-3\/#primaryimage"},"thumbnailUrl":"https:\/\/www.sinchisinchi.com\/wp-content\/uploads\/2018\/10\/nukini-tribe.jpg","datePublished":"2020-04-29T09:06:52+00:00","dateModified":"2024-05-02T07:56:03+00:00","description":"Rap\u00e9 Siete estrellas \u00e8 una potente variet\u00e0 Nukini, ha un aroma di toni fruttati e mentolati, con una proporzione leggermente maschile.","breadcrumb":{"@id":"https:\/\/www.sinchisinchi.com\/it\/producto\/nukini-rape-3\/#breadcrumb"},"inLanguage":"it-IT","potentialAction":[{"@type":"ReadAction","target":["https:\/\/www.sinchisinchi.com\/it\/producto\/nukini-rape-3\/"]}]},{"@type":"ImageObject","inLanguage":"it-IT","@id":"https:\/\/www.sinchisinchi.com\/it\/producto\/nukini-rape-3\/#primaryimage","url":"https:\/\/www.sinchisinchi.com\/wp-content\/uploads\/2018\/10\/nukini-tribe.jpg","contentUrl":"https:\/\/www.sinchisinchi.com\/wp-content\/uploads\/2018\/10\/nukini-tribe.jpg"},{"@type":"BreadcrumbList","@id":"https:\/\/www.sinchisinchi.com\/it\/producto\/nukini-rape-3\/#breadcrumb","itemListElement":[{"@type":"ListItem","position":1,"name":"Prima pagina","item":"https:\/\/www.sinchisinchi.com\/it\/"},{"@type":"ListItem","position":2,"name":"Prodotti","item":"https:\/\/www.sinchisinchi.com\/it\/shop\/"},{"@type":"ListItem","position":3,"name":"Nukini Sette Stelle"}]},{"@type":"WebSite","@id":"https:\/\/www.sinchisinchi.com\/it\/#website","url":"https:\/\/www.sinchisinchi.com\/it\/","name":"SINCHI","description":"Sinchi Medicine","publisher":{"@id":"https:\/\/www.sinchisinchi.com\/it\/#organization"},"potentialAction":[{"@type":"SearchAction","target":{"@type":"EntryPoint","urlTemplate":"https:\/\/www.sinchisinchi.com\/it\/?s={search_term_string}"},"query-input":{"@type":"PropertyValueSpecification","valueRequired":true,"valueName":"search_term_string"}}],"inLanguage":"it-IT"},{"@type":"Organization","@id":"https:\/\/www.sinchisinchi.com\/it\/#organization","name":"SINCHI S.L","url":"https:\/\/www.sinchisinchi.com\/it\/","logo":{"@type":"ImageObject","inLanguage":"it-IT","@id":"https:\/\/www.sinchisinchi.com\/it\/#\/schema\/logo\/image\/","url":"https:\/\/www.sinchisinchi.com\/wp-content\/uploads\/2026\/01\/3b-Verde-SIMPLIFICADO-HORIZONTAL-F-TRANSPARENTE-scaled.png","contentUrl":"https:\/\/www.sinchisinchi.com\/wp-content\/uploads\/2026\/01\/3b-Verde-SIMPLIFICADO-HORIZONTAL-F-TRANSPARENTE-scaled.png","width":2560,"height":457,"caption":"SINCHI S.L"},"image":{"@id":"https:\/\/www.sinchisinchi.com\/it\/#\/schema\/logo\/image\/"},"sameAs":["https:\/\/www.facebook.com\/sinchirape\/","https:\/\/www.instagram.com\/sinchi_rape\/"]}]}},"_links":{"self":[{"href":"https:\/\/www.sinchisinchi.com\/it\/wp-json\/wp\/v2\/product\/3085","targetHints":{"allow":["GET"]}}],"collection":[{"href":"https:\/\/www.sinchisinchi.com\/it\/wp-json\/wp\/v2\/product"}],"about":[{"href":"https:\/\/www.sinchisinchi.com\/it\/wp-json\/wp\/v2\/types\/product"}],"wp:attachment":[{"href":"https:\/\/www.sinchisinchi.com\/it\/wp-json\/wp\/v2\/media?parent=3085"}],"wp:term":[{"taxonomy":"product_brand","embeddable":true,"href":"https:\/\/www.sinchisinchi.com\/it\/wp-json\/wp\/v2\/product_brand?post=3085"},{"taxonomy":"product_cat","embeddable":true,"href":"https:\/\/www.sinchisinchi.com\/it\/wp-json\/wp\/v2\/product_cat?post=3085"},{"taxonomy":"product_tag","embeddable":true,"href":"https:\/\/www.sinchisinchi.com\/it\/wp-json\/wp\/v2\/product_tag?post=3085"}],"curies":[{"name":"wp","href":"https:\/\/api.w.org\/{rel}","templated":true}]}}