{"id":3277,"date":"2020-04-29T07:55:48","date_gmt":"2020-04-29T07:55:48","guid":{"rendered":"https:\/\/www.sinchisinchi.com\/producto\/cumaru-rape\/"},"modified":"2026-05-03T23:27:18","modified_gmt":"2026-05-03T23:27:18","slug":"rape-huni-kuin-cumaru","status":"publish","type":"product","link":"https:\/\/www.sinchisinchi.com\/it\/producto\/rape-huni-kuin-cumaru\/","title":{"rendered":"Cumaru"},"content":{"rendered":"<a href=\"https:\/\/www.sinchisinchi.com\/it\/producto\/50g-cumaru\/\" target=\"_blank\" class=\"button secondary is-larger lowercase expand\" rel=\"noopener\" style=\"border-radius:10px;\">\n\t\t<span>Misura Media: 50g<\/span>\n\t<\/a>\n\n<a href=\"https:\/\/www.sinchisinchi.com\/it\/producto\/cumaru-100g\/\" target=\"_blank\" class=\"button secondary is-larger lowercase expand\" rel=\"noopener\" style=\"border-radius:10px;\">\n\t\t<span>Taglia Grande: 100g<\/span>\n\t<\/a>\n\n\t<div id=\"gap-1148378224\" class=\"gap-element clearfix\" style=\"display:block; height:auto;\">\n\t\t\n<style>\n#gap-1148378224 {\n  padding-top: 30px;\n}\n<\/style>\n\t<\/div>\n\t\n\n  <div class=\"banner has-hover\" id=\"banner-557958495\">\n          <div class=\"banner-inner fill\">\n        <div class=\"banner-bg fill\" >\n            <img loading=\"lazy\" decoding=\"async\" width=\"791\" height=\"1024\" src=\"https:\/\/www.sinchisinchi.com\/wp-content\/uploads\/2024\/09\/0-Huni-Kuin-Kaxinawa-791x1024.jpg\" class=\"bg attachment-large size-large\" alt=\"Retrato frontal de un hombre Huni Kuin con tocado ceremonial de plumas de guacamayo, pintura facial de uruc\u00fa con dise\u00f1os kene y pectoral de mostacillas con patrones geom\u00e9tricos tradicionales\" \/>                        <div class=\"overlay\"><\/div>            \n                    <\/div>\n\t\t\n        <div class=\"banner-layers container\">\n            <div class=\"fill banner-link\"><\/div>            \n   <div id=\"text-box-1736193401\" class=\"text-box banner-layer x5 md-x5 lg-x5 y50 md-y50 lg-y50 res-text\">\n                                <div class=\"text-box-content text box-shadow-3\">\n              \n              <div class=\"text-inner text-left\">\n                  \n<h2><span style=\"color: #000000;\"><strong>TRIB\u00d9<\/strong><\/span><\/h2>\n<h3><span style=\"color: #000000;\">Huni Kuin<\/span><\/h3>\n<p><span style=\"color: #000000;\">La trib\u00f9 Huni Kuin vive in piccole comunit\u00e0 situate dalle pendici delle Ande peruviane fino ai confini brasiliani, negli stati di Acre e dell&#8217;Amazzonia meridionale, coprendo l&#8217;area dell&#8217;Alto Juru\u00e1, Purus e la valle Javari.<\/span><\/p>\n<a href=\"https:\/\/www.sinchisinchi.com\/it\/tribu\/rape-huni-kuin-kaxinawa\/\" target=\"_blank\" class=\"button primary is-underline expand\" rel=\"noopener\" >\n\t\t<span>Trib\u00f9<\/span>\n\t<\/a>\n\n<a href=\"https:\/\/www.sinchisinchi.com\/it\/tribu\/rape-huni-kuin-kaxinawa\/video\/\" target=\"_blank\" class=\"button primary is-underline expand\" rel=\"noopener\" >\n\t\t<span>Video<\/span>\n\t<\/a>\n\n<a href=\"https:\/\/www.sinchisinchi.com\/it\/tribu\/rape-huni-kuin-kaxinawa\/musica\/\" target=\"_blank\" class=\"button primary is-underline expand\" rel=\"noopener\" >\n\t\t<span>Musica<\/span>\n\t<\/a>\n\n              <\/div>\n           <\/div>\n                            \n<style>\n#text-box-1736193401 .text-box-content {\n  background-color: rgb(255, 255, 255);\n  font-size: 100%;\n}\n#text-box-1736193401 .text-inner {\n  padding: 30px 30px 30px 30px;\n}\n#text-box-1736193401 {\n  width: 60%;\n}\n@media (min-width:550px) {\n  #text-box-1736193401 {\n    width: 40%;\n  }\n}\n<\/style>\n    <\/div>\n \n        <\/div>\n      <\/div>\n\n              <div class=\"height-fix is-invisible\"><img loading=\"lazy\" decoding=\"async\" width=\"791\" height=\"1024\" src=\"https:\/\/www.sinchisinchi.com\/wp-content\/uploads\/2024\/09\/0-Huni-Kuin-Kaxinawa-791x1024.jpg\" class=\"attachment-large size-large\" alt=\"Retrato frontal de un hombre Huni Kuin con tocado ceremonial de plumas de guacamayo, pintura facial de uruc\u00fa con dise\u00f1os kene y pectoral de mostacillas con patrones geom\u00e9tricos tradicionales\" srcset=\"https:\/\/www.sinchisinchi.com\/wp-content\/uploads\/2024\/09\/0-Huni-Kuin-Kaxinawa-791x1024.jpg 791w, https:\/\/www.sinchisinchi.com\/wp-content\/uploads\/2024\/09\/0-Huni-Kuin-Kaxinawa-463x600.jpg 463w, https:\/\/www.sinchisinchi.com\/wp-content\/uploads\/2024\/09\/0-Huni-Kuin-Kaxinawa-768x995.jpg 768w, https:\/\/www.sinchisinchi.com\/wp-content\/uploads\/2024\/09\/0-Huni-Kuin-Kaxinawa-1186x1536.jpg 1186w, https:\/\/www.sinchisinchi.com\/wp-content\/uploads\/2024\/09\/0-Huni-Kuin-Kaxinawa-247x320.jpg 247w, https:\/\/www.sinchisinchi.com\/wp-content\/uploads\/2024\/09\/0-Huni-Kuin-Kaxinawa-510x661.jpg 510w, https:\/\/www.sinchisinchi.com\/wp-content\/uploads\/2024\/09\/0-Huni-Kuin-Kaxinawa.jpg 1581w\" sizes=\"auto, (max-width: 791px) 100vw, 791px\" \/><\/div>\n            \n<style>\n#banner-557958495 .overlay {\n  background-color: rgba(190, 190, 190, 0.2);\n}\n#banner-557958495 {\n  background-color: rgb(255, 255, 255);\n}\n<\/style>\n  <\/div>\n\n\n","protected":false},"excerpt":{"rendered":"<p><span style=\"color: #000000;\">Il Rap\u00e9 <strong>Huni Kuin Cumaru<\/strong> \u00e8 una variet\u00e0 profonda, di colore marrone scuro grazie <strong>all&#8217;elevata percentuale di Mapacho<\/strong>.<\/span><\/p>\n<p><span style=\"color: #000000;\">Le ceneri utilizzate nella sua preparazione provengono dall&#8217;albero Cumaru, che, secondo la tradizione Huni Kuin, \u00e8 un albero che non marcisce, poich\u00e9 \u00e8 <strong>&#8220;verissimo&#8221;<\/strong>; \u00c8 uno dei boschi <strong>pi\u00f9<\/strong> <strong>densi e duri<\/strong> del pianeta.<\/span><\/p>\n<p><span style=\"color: #000000;\">Il Cumaru Rap\u00e9 ha un&#8217;ottima base e la capacit\u00e0 di mettere l&#8217;utente in stati di trance profonda. A volte pu\u00f2 essere purgante.<\/span><\/p>\n<p><span style=\"color: #000000;\"><strong>-Benefici:<\/strong> L&#8217;Rap\u00e9 Cumaru ha forti propriet\u00e0 di protezione spirituale.<\/span><\/p>\n<p><span style=\"color: #000000;\"><strong>-Intensit\u00e0:<\/strong> Forte<\/span><\/p>\n<p><span style=\"color: #000000;\"><strong>-Trib\u00f9:<\/strong>\u00a0Preparato dalla trib\u00f9 Huni Kuin (nota anche come Kaxinaw\u00e1, caxinau\u00e1).<\/span><\/p>\n<p><span style=\"color: #000000;\"><strong>-Composizione:<\/strong> Mapacho, cenere di Cumaru (Dipteryx odorata) e altre piante sacre amazzoniche.<\/span><\/p>\n<p><span style=\"color: #000000;\"><strong>-Formato:<\/strong> Flaconi da 10 ml (da 8 a 9 grammi).<\/span><\/p>\n<p><span style=\"color: #000000;\"><strong>-Uso:<\/strong> Curiosit\u00e0 etnobotanica. Uso esclusivo per studio scientifico, storico e ritualistico.<\/span><\/p>\n","protected":false},"featured_media":11729,"template":"","meta":{"_joinchat":[]},"product_brand":[],"product_cat":[115],"product_tag":[],"class_list":{"0":"post-3277","1":"product","2":"type-product","3":"status-publish","4":"has-post-thumbnail","6":"product_cat-huni-kuin-it","8":"first","9":"instock","10":"taxable","11":"shipping-taxable","12":"purchasable","13":"product-type-variable","14":"has-default-attributes"},"yoast_head":"<!-- This site is optimized with the Yoast SEO plugin v27.4 - https:\/\/yoast.com\/product\/yoast-seo-wordpress\/ -->\n<title>SINCHI: Rap\u00e9 Cumaru della trib\u00f9 Huni Kuin<\/title>\n<meta name=\"description\" content=\"Il Cumaru Rap\u00e9 ha un&#039;ottima connessione a terra, portando l&#039;utente in stati di trance profonda. Extra forte, con un&#039;alta percentuale di Mapacho.\" \/>\n<meta name=\"robots\" content=\"index, follow, max-snippet:-1, max-image-preview:large, max-video-preview:-1\" \/>\n<link rel=\"canonical\" href=\"https:\/\/www.sinchisinchi.com\/it\/producto\/rape-huni-kuin-cumaru\/\" \/>\n<meta property=\"og:locale\" content=\"it_IT\" \/>\n<meta property=\"og:type\" content=\"article\" \/>\n<meta property=\"og:title\" content=\"SINCHI: Rap\u00e9 Cumaru della trib\u00f9 Huni Kuin\" \/>\n<meta property=\"og:description\" content=\"Il Cumaru Rap\u00e9 ha un&#039;ottima connessione a terra, portando l&#039;utente in stati di trance profonda. Extra forte, con un&#039;alta percentuale di Mapacho.\" \/>\n<meta property=\"og:url\" content=\"https:\/\/www.sinchisinchi.com\/it\/producto\/rape-huni-kuin-cumaru\/\" \/>\n<meta property=\"og:site_name\" content=\"SINCHI RAP\u00c9\" \/>\n<meta property=\"article:publisher\" content=\"https:\/\/www.facebook.com\/sinchirape\/\" \/>\n<meta property=\"article:modified_time\" content=\"2026-05-03T23:27:18+00:00\" \/>\n<meta name=\"twitter:card\" content=\"summary_large_image\" \/>\n<meta name=\"twitter:label1\" content=\"Tempo di lettura stimato\" \/>\n\t<meta name=\"twitter:data1\" content=\"1 minuto\" \/>\n<script type=\"application\/ld+json\" class=\"yoast-schema-graph\">{\"@context\":\"https:\\\/\\\/schema.org\",\"@graph\":[{\"@type\":\"WebPage\",\"@id\":\"https:\\\/\\\/www.sinchisinchi.com\\\/it\\\/producto\\\/rape-huni-kuin-cumaru\\\/\",\"url\":\"https:\\\/\\\/www.sinchisinchi.com\\\/it\\\/producto\\\/rape-huni-kuin-cumaru\\\/\",\"name\":\"SINCHI: Rap\u00e9 Cumaru della trib\u00f9 Huni Kuin\",\"isPartOf\":{\"@id\":\"https:\\\/\\\/www.sinchisinchi.com\\\/it\\\/#website\"},\"primaryImageOfPage\":{\"@id\":\"https:\\\/\\\/www.sinchisinchi.com\\\/it\\\/producto\\\/rape-huni-kuin-cumaru\\\/#primaryimage\"},\"image\":{\"@id\":\"https:\\\/\\\/www.sinchisinchi.com\\\/it\\\/producto\\\/rape-huni-kuin-cumaru\\\/#primaryimage\"},\"thumbnailUrl\":\"https:\\\/\\\/www.sinchisinchi.com\\\/wp-content\\\/uploads\\\/2020\\\/04\\\/14-Cumaru.jpg\",\"datePublished\":\"2020-04-29T07:55:48+00:00\",\"dateModified\":\"2026-05-03T23:27:18+00:00\",\"description\":\"Il Cumaru Rap\u00e9 ha un'ottima connessione a terra, portando l'utente in stati di trance profonda. Extra forte, con un'alta percentuale di Mapacho.\",\"breadcrumb\":{\"@id\":\"https:\\\/\\\/www.sinchisinchi.com\\\/it\\\/producto\\\/rape-huni-kuin-cumaru\\\/#breadcrumb\"},\"inLanguage\":\"it-IT\",\"potentialAction\":[{\"@type\":\"ReadAction\",\"target\":[\"https:\\\/\\\/www.sinchisinchi.com\\\/it\\\/producto\\\/rape-huni-kuin-cumaru\\\/\"]}]},{\"@type\":\"ImageObject\",\"inLanguage\":\"it-IT\",\"@id\":\"https:\\\/\\\/www.sinchisinchi.com\\\/it\\\/producto\\\/rape-huni-kuin-cumaru\\\/#primaryimage\",\"url\":\"https:\\\/\\\/www.sinchisinchi.com\\\/wp-content\\\/uploads\\\/2020\\\/04\\\/14-Cumaru.jpg\",\"contentUrl\":\"https:\\\/\\\/www.sinchisinchi.com\\\/wp-content\\\/uploads\\\/2020\\\/04\\\/14-Cumaru.jpg\",\"width\":700,\"height\":700},{\"@type\":\"BreadcrumbList\",\"@id\":\"https:\\\/\\\/www.sinchisinchi.com\\\/it\\\/producto\\\/rape-huni-kuin-cumaru\\\/#breadcrumb\",\"itemListElement\":[{\"@type\":\"ListItem\",\"position\":1,\"name\":\"Prima pagina\",\"item\":\"https:\\\/\\\/www.sinchisinchi.com\\\/it\\\/\"},{\"@type\":\"ListItem\",\"position\":2,\"name\":\"Prodotti\",\"item\":\"https:\\\/\\\/www.sinchisinchi.com\\\/it\\\/shop\\\/\"},{\"@type\":\"ListItem\",\"position\":3,\"name\":\"Cumaru\"}]},{\"@type\":\"WebSite\",\"@id\":\"https:\\\/\\\/www.sinchisinchi.com\\\/it\\\/#website\",\"url\":\"https:\\\/\\\/www.sinchisinchi.com\\\/it\\\/\",\"name\":\"SINCHI\",\"description\":\"Sinchi Medicine\",\"publisher\":{\"@id\":\"https:\\\/\\\/www.sinchisinchi.com\\\/it\\\/#organization\"},\"potentialAction\":[{\"@type\":\"SearchAction\",\"target\":{\"@type\":\"EntryPoint\",\"urlTemplate\":\"https:\\\/\\\/www.sinchisinchi.com\\\/it\\\/?s={search_term_string}\"},\"query-input\":{\"@type\":\"PropertyValueSpecification\",\"valueRequired\":true,\"valueName\":\"search_term_string\"}}],\"inLanguage\":\"it-IT\"},{\"@type\":\"Organization\",\"@id\":\"https:\\\/\\\/www.sinchisinchi.com\\\/it\\\/#organization\",\"name\":\"SINCHI S.L\",\"url\":\"https:\\\/\\\/www.sinchisinchi.com\\\/it\\\/\",\"logo\":{\"@type\":\"ImageObject\",\"inLanguage\":\"it-IT\",\"@id\":\"https:\\\/\\\/www.sinchisinchi.com\\\/it\\\/#\\\/schema\\\/logo\\\/image\\\/\",\"url\":\"https:\\\/\\\/www.sinchisinchi.com\\\/wp-content\\\/uploads\\\/2026\\\/01\\\/3b-Verde-SIMPLIFICADO-HORIZONTAL-F-TRANSPARENTE-scaled.png\",\"contentUrl\":\"https:\\\/\\\/www.sinchisinchi.com\\\/wp-content\\\/uploads\\\/2026\\\/01\\\/3b-Verde-SIMPLIFICADO-HORIZONTAL-F-TRANSPARENTE-scaled.png\",\"width\":2560,\"height\":457,\"caption\":\"SINCHI S.L\"},\"image\":{\"@id\":\"https:\\\/\\\/www.sinchisinchi.com\\\/it\\\/#\\\/schema\\\/logo\\\/image\\\/\"},\"sameAs\":[\"https:\\\/\\\/www.facebook.com\\\/sinchirape\\\/\",\"https:\\\/\\\/www.instagram.com\\\/sinchi_rape\\\/\"]}]}<\/script>\n<!-- \/ Yoast SEO plugin. -->","yoast_head_json":{"title":"SINCHI: Rap\u00e9 Cumaru della trib\u00f9 Huni Kuin","description":"Il Cumaru Rap\u00e9 ha un'ottima connessione a terra, portando l'utente in stati di trance profonda. Extra forte, con un'alta percentuale di Mapacho.","robots":{"index":"index","follow":"follow","max-snippet":"max-snippet:-1","max-image-preview":"max-image-preview:large","max-video-preview":"max-video-preview:-1"},"canonical":"https:\/\/www.sinchisinchi.com\/it\/producto\/rape-huni-kuin-cumaru\/","og_locale":"it_IT","og_type":"article","og_title":"SINCHI: Rap\u00e9 Cumaru della trib\u00f9 Huni Kuin","og_description":"Il Cumaru Rap\u00e9 ha un'ottima connessione a terra, portando l'utente in stati di trance profonda. Extra forte, con un'alta percentuale di Mapacho.","og_url":"https:\/\/www.sinchisinchi.com\/it\/producto\/rape-huni-kuin-cumaru\/","og_site_name":"SINCHI RAP\u00c9","article_publisher":"https:\/\/www.facebook.com\/sinchirape\/","article_modified_time":"2026-05-03T23:27:18+00:00","twitter_card":"summary_large_image","twitter_misc":{"Tempo di lettura stimato":"1 minuto"},"schema":{"@context":"https:\/\/schema.org","@graph":[{"@type":"WebPage","@id":"https:\/\/www.sinchisinchi.com\/it\/producto\/rape-huni-kuin-cumaru\/","url":"https:\/\/www.sinchisinchi.com\/it\/producto\/rape-huni-kuin-cumaru\/","name":"SINCHI: Rap\u00e9 Cumaru della trib\u00f9 Huni Kuin","isPartOf":{"@id":"https:\/\/www.sinchisinchi.com\/it\/#website"},"primaryImageOfPage":{"@id":"https:\/\/www.sinchisinchi.com\/it\/producto\/rape-huni-kuin-cumaru\/#primaryimage"},"image":{"@id":"https:\/\/www.sinchisinchi.com\/it\/producto\/rape-huni-kuin-cumaru\/#primaryimage"},"thumbnailUrl":"https:\/\/www.sinchisinchi.com\/wp-content\/uploads\/2020\/04\/14-Cumaru.jpg","datePublished":"2020-04-29T07:55:48+00:00","dateModified":"2026-05-03T23:27:18+00:00","description":"Il Cumaru Rap\u00e9 ha un'ottima connessione a terra, portando l'utente in stati di trance profonda. Extra forte, con un'alta percentuale di Mapacho.","breadcrumb":{"@id":"https:\/\/www.sinchisinchi.com\/it\/producto\/rape-huni-kuin-cumaru\/#breadcrumb"},"inLanguage":"it-IT","potentialAction":[{"@type":"ReadAction","target":["https:\/\/www.sinchisinchi.com\/it\/producto\/rape-huni-kuin-cumaru\/"]}]},{"@type":"ImageObject","inLanguage":"it-IT","@id":"https:\/\/www.sinchisinchi.com\/it\/producto\/rape-huni-kuin-cumaru\/#primaryimage","url":"https:\/\/www.sinchisinchi.com\/wp-content\/uploads\/2020\/04\/14-Cumaru.jpg","contentUrl":"https:\/\/www.sinchisinchi.com\/wp-content\/uploads\/2020\/04\/14-Cumaru.jpg","width":700,"height":700},{"@type":"BreadcrumbList","@id":"https:\/\/www.sinchisinchi.com\/it\/producto\/rape-huni-kuin-cumaru\/#breadcrumb","itemListElement":[{"@type":"ListItem","position":1,"name":"Prima pagina","item":"https:\/\/www.sinchisinchi.com\/it\/"},{"@type":"ListItem","position":2,"name":"Prodotti","item":"https:\/\/www.sinchisinchi.com\/it\/shop\/"},{"@type":"ListItem","position":3,"name":"Cumaru"}]},{"@type":"WebSite","@id":"https:\/\/www.sinchisinchi.com\/it\/#website","url":"https:\/\/www.sinchisinchi.com\/it\/","name":"SINCHI","description":"Sinchi Medicine","publisher":{"@id":"https:\/\/www.sinchisinchi.com\/it\/#organization"},"potentialAction":[{"@type":"SearchAction","target":{"@type":"EntryPoint","urlTemplate":"https:\/\/www.sinchisinchi.com\/it\/?s={search_term_string}"},"query-input":{"@type":"PropertyValueSpecification","valueRequired":true,"valueName":"search_term_string"}}],"inLanguage":"it-IT"},{"@type":"Organization","@id":"https:\/\/www.sinchisinchi.com\/it\/#organization","name":"SINCHI S.L","url":"https:\/\/www.sinchisinchi.com\/it\/","logo":{"@type":"ImageObject","inLanguage":"it-IT","@id":"https:\/\/www.sinchisinchi.com\/it\/#\/schema\/logo\/image\/","url":"https:\/\/www.sinchisinchi.com\/wp-content\/uploads\/2026\/01\/3b-Verde-SIMPLIFICADO-HORIZONTAL-F-TRANSPARENTE-scaled.png","contentUrl":"https:\/\/www.sinchisinchi.com\/wp-content\/uploads\/2026\/01\/3b-Verde-SIMPLIFICADO-HORIZONTAL-F-TRANSPARENTE-scaled.png","width":2560,"height":457,"caption":"SINCHI S.L"},"image":{"@id":"https:\/\/www.sinchisinchi.com\/it\/#\/schema\/logo\/image\/"},"sameAs":["https:\/\/www.facebook.com\/sinchirape\/","https:\/\/www.instagram.com\/sinchi_rape\/"]}]}},"_links":{"self":[{"href":"https:\/\/www.sinchisinchi.com\/it\/wp-json\/wp\/v2\/product\/3277","targetHints":{"allow":["GET"]}}],"collection":[{"href":"https:\/\/www.sinchisinchi.com\/it\/wp-json\/wp\/v2\/product"}],"about":[{"href":"https:\/\/www.sinchisinchi.com\/it\/wp-json\/wp\/v2\/types\/product"}],"wp:featuredmedia":[{"embeddable":true,"href":"https:\/\/www.sinchisinchi.com\/it\/wp-json\/wp\/v2\/media\/11729"}],"wp:attachment":[{"href":"https:\/\/www.sinchisinchi.com\/it\/wp-json\/wp\/v2\/media?parent=3277"}],"wp:term":[{"taxonomy":"product_brand","embeddable":true,"href":"https:\/\/www.sinchisinchi.com\/it\/wp-json\/wp\/v2\/product_brand?post=3277"},{"taxonomy":"product_cat","embeddable":true,"href":"https:\/\/www.sinchisinchi.com\/it\/wp-json\/wp\/v2\/product_cat?post=3277"},{"taxonomy":"product_tag","embeddable":true,"href":"https:\/\/www.sinchisinchi.com\/it\/wp-json\/wp\/v2\/product_tag?post=3277"}],"curies":[{"name":"wp","href":"https:\/\/api.w.org\/{rel}","templated":true}]}}