{"id":3309,"date":"2023-12-07T23:56:25","date_gmt":"2023-12-07T23:56:25","guid":{"rendered":"https:\/\/www.sinchisinchi.com\/producto\/pacchetto-saggi-bianca-californiana\/"},"modified":"2023-12-13T13:09:05","modified_gmt":"2023-12-13T13:09:05","slug":"pacchetto-saggi-bianca-californiana","status":"publish","type":"product","link":"https:\/\/www.sinchisinchi.com\/it\/producto\/pacchetto-saggi-bianca-californiana\/","title":{"rendered":"salvia bianca"},"content":{"rendered":"<h2 style=\"text-align: center;\">Fascio di foglie di salvia bianca della California (Salvia apiana)<\/h2>\n","protected":false},"excerpt":{"rendered":"<p>Fascio di foglie di salvia bianca della California (Salvia apiana) preparate per l&#8217;uso come incenso, accuratamente selezionate e raggruppate.<\/p>\n<p>&nbsp;<\/p>\n<p>La salvia bianca della California ( Salvia apiana ) \u00e8 una specie di salvia originaria degli Stati Uniti sudoccidentali e del Messico nordoccidentale. Questa pianta \u00e8 nota per il suo aroma dolce e resinoso, nonch\u00e9 per il suo uso tradizionale nelle cerimonie e nei rituali del fumo.<\/p>\n<p>&nbsp;<\/p>\n<p>La Salvia apiana \u00e8 una pianta perenne che cresce sotto forma di cespuglio, con foglie argentate e fiori bianchi a forma di spirale. Quando viene bruciata, questa variet\u00e0 di salvia sprigiona un aroma caratteristico, dolce e resinoso, ed ha spiccate propriet\u00e0 detergenti e protettive.<\/p>\n<p>&nbsp;<\/p>\n<p>Le trib\u00f9 dei nativi americani, in particolare quelle della regione sud-occidentale degli Stati Uniti, utilizzano da secoli la Salvia apiana nei loro rituali. La pianta \u00e8 considerata sacra e viene utilizzata per allontanare le cattive energie, purificare gli spazi e promuovere la connessione spirituale.<\/p>\n","protected":false},"featured_media":3310,"template":"","meta":{"_joinchat":[]},"product_brand":[],"product_cat":[122],"product_tag":[],"class_list":{"0":"post-3309","1":"product","2":"type-product","3":"status-publish","4":"has-post-thumbnail","6":"product_cat-saggio","8":"first","9":"instock","10":"taxable","11":"shipping-taxable","12":"purchasable","13":"product-type-simple"},"yoast_head":"<!-- This site is optimized with the Yoast SEO plugin v27.1.1 - https:\/\/yoast.com\/product\/yoast-seo-wordpress\/ -->\n<title>Fascio di salvia bianca californiana: Sahumerios sciamanico<\/title>\n<meta name=\"description\" content=\"Fascio di foglie di salvia bianca della California (Salvia apiana) preparate per l&#039;uso come incenso, accuratamente selezionate e raggruppate.\" \/>\n<meta name=\"robots\" content=\"index, follow, max-snippet:-1, max-image-preview:large, max-video-preview:-1\" \/>\n<link rel=\"canonical\" href=\"https:\/\/www.sinchisinchi.com\/it\/producto\/pacchetto-saggi-bianca-californiana\/\" \/>\n<meta property=\"og:locale\" content=\"it_IT\" \/>\n<meta property=\"og:type\" content=\"article\" \/>\n<meta property=\"og:title\" content=\"Fascio di salvia bianca californiana: Sahumerios sciamanico\" \/>\n<meta property=\"og:description\" content=\"Fascio di foglie di salvia bianca della California (Salvia apiana) preparate per l&#039;uso come incenso, accuratamente selezionate e raggruppate.\" \/>\n<meta property=\"og:url\" content=\"https:\/\/www.sinchisinchi.com\/it\/producto\/pacchetto-saggi-bianca-californiana\/\" \/>\n<meta property=\"og:site_name\" content=\"SINCHI RAP\u00c9\" \/>\n<meta property=\"article:publisher\" content=\"https:\/\/www.facebook.com\/sinchirape\/\" \/>\n<meta property=\"article:modified_time\" content=\"2023-12-13T13:09:05+00:00\" \/>\n<meta property=\"og:image\" content=\"https:\/\/www.sinchisinchi.com\/wp-content\/uploads\/2020\/06\/atado-de-salvia-blanca-californiana-fondo-blanqueado.jpg\" \/>\n\t<meta property=\"og:image:width\" content=\"800\" \/>\n\t<meta property=\"og:image:height\" content=\"800\" \/>\n\t<meta property=\"og:image:type\" content=\"image\/jpeg\" \/>\n<meta name=\"twitter:card\" content=\"summary_large_image\" \/>\n<script type=\"application\/ld+json\" class=\"yoast-schema-graph\">{\"@context\":\"https:\/\/schema.org\",\"@graph\":[{\"@type\":\"WebPage\",\"@id\":\"https:\/\/www.sinchisinchi.com\/it\/producto\/pacchetto-saggi-bianca-californiana\/\",\"url\":\"https:\/\/www.sinchisinchi.com\/it\/producto\/pacchetto-saggi-bianca-californiana\/\",\"name\":\"Fascio di salvia bianca californiana: Sahumerios sciamanico\",\"isPartOf\":{\"@id\":\"https:\/\/www.sinchisinchi.com\/it\/#website\"},\"primaryImageOfPage\":{\"@id\":\"https:\/\/www.sinchisinchi.com\/it\/producto\/pacchetto-saggi-bianca-californiana\/#primaryimage\"},\"image\":{\"@id\":\"https:\/\/www.sinchisinchi.com\/it\/producto\/pacchetto-saggi-bianca-californiana\/#primaryimage\"},\"thumbnailUrl\":\"https:\/\/www.sinchisinchi.com\/wp-content\/uploads\/2020\/06\/atado-de-salvia-blanca-californiana-fondo-blanqueado.jpg\",\"datePublished\":\"2023-12-07T23:56:25+00:00\",\"dateModified\":\"2023-12-13T13:09:05+00:00\",\"description\":\"Fascio di foglie di salvia bianca della California (Salvia apiana) preparate per l'uso come incenso, accuratamente selezionate e raggruppate.\",\"breadcrumb\":{\"@id\":\"https:\/\/www.sinchisinchi.com\/it\/producto\/pacchetto-saggi-bianca-californiana\/#breadcrumb\"},\"inLanguage\":\"it-IT\",\"potentialAction\":[{\"@type\":\"ReadAction\",\"target\":[\"https:\/\/www.sinchisinchi.com\/it\/producto\/pacchetto-saggi-bianca-californiana\/\"]}]},{\"@type\":\"ImageObject\",\"inLanguage\":\"it-IT\",\"@id\":\"https:\/\/www.sinchisinchi.com\/it\/producto\/pacchetto-saggi-bianca-californiana\/#primaryimage\",\"url\":\"https:\/\/www.sinchisinchi.com\/wp-content\/uploads\/2020\/06\/atado-de-salvia-blanca-californiana-fondo-blanqueado.jpg\",\"contentUrl\":\"https:\/\/www.sinchisinchi.com\/wp-content\/uploads\/2020\/06\/atado-de-salvia-blanca-californiana-fondo-blanqueado.jpg\",\"width\":800,\"height\":800},{\"@type\":\"BreadcrumbList\",\"@id\":\"https:\/\/www.sinchisinchi.com\/it\/producto\/pacchetto-saggi-bianca-californiana\/#breadcrumb\",\"itemListElement\":[{\"@type\":\"ListItem\",\"position\":1,\"name\":\"Prima pagina\",\"item\":\"https:\/\/www.sinchisinchi.com\/it\/\"},{\"@type\":\"ListItem\",\"position\":2,\"name\":\"Prodotti\",\"item\":\"https:\/\/www.sinchisinchi.com\/it\/shop\/\"},{\"@type\":\"ListItem\",\"position\":3,\"name\":\"salvia bianca\"}]},{\"@type\":\"WebSite\",\"@id\":\"https:\/\/www.sinchisinchi.com\/it\/#website\",\"url\":\"https:\/\/www.sinchisinchi.com\/it\/\",\"name\":\"SINCHI\",\"description\":\"Sinchi Medicine\",\"publisher\":{\"@id\":\"https:\/\/www.sinchisinchi.com\/it\/#organization\"},\"potentialAction\":[{\"@type\":\"SearchAction\",\"target\":{\"@type\":\"EntryPoint\",\"urlTemplate\":\"https:\/\/www.sinchisinchi.com\/it\/?s={search_term_string}\"},\"query-input\":{\"@type\":\"PropertyValueSpecification\",\"valueRequired\":true,\"valueName\":\"search_term_string\"}}],\"inLanguage\":\"it-IT\"},{\"@type\":\"Organization\",\"@id\":\"https:\/\/www.sinchisinchi.com\/it\/#organization\",\"name\":\"SINCHI S.L\",\"url\":\"https:\/\/www.sinchisinchi.com\/it\/\",\"logo\":{\"@type\":\"ImageObject\",\"inLanguage\":\"it-IT\",\"@id\":\"https:\/\/www.sinchisinchi.com\/it\/#\/schema\/logo\/image\/\",\"url\":\"https:\/\/www.sinchisinchi.com\/wp-content\/uploads\/2026\/01\/3b-Verde-SIMPLIFICADO-HORIZONTAL-F-TRANSPARENTE-scaled.png\",\"contentUrl\":\"https:\/\/www.sinchisinchi.com\/wp-content\/uploads\/2026\/01\/3b-Verde-SIMPLIFICADO-HORIZONTAL-F-TRANSPARENTE-scaled.png\",\"width\":2560,\"height\":457,\"caption\":\"SINCHI S.L\"},\"image\":{\"@id\":\"https:\/\/www.sinchisinchi.com\/it\/#\/schema\/logo\/image\/\"},\"sameAs\":[\"https:\/\/www.facebook.com\/sinchirape\/\",\"https:\/\/www.instagram.com\/sinchi_rape\/\"]}]}<\/script>\n<!-- \/ Yoast SEO plugin. -->","yoast_head_json":{"title":"Fascio di salvia bianca californiana: Sahumerios sciamanico","description":"Fascio di foglie di salvia bianca della California (Salvia apiana) preparate per l'uso come incenso, accuratamente selezionate e raggruppate.","robots":{"index":"index","follow":"follow","max-snippet":"max-snippet:-1","max-image-preview":"max-image-preview:large","max-video-preview":"max-video-preview:-1"},"canonical":"https:\/\/www.sinchisinchi.com\/it\/producto\/pacchetto-saggi-bianca-californiana\/","og_locale":"it_IT","og_type":"article","og_title":"Fascio di salvia bianca californiana: Sahumerios sciamanico","og_description":"Fascio di foglie di salvia bianca della California (Salvia apiana) preparate per l'uso come incenso, accuratamente selezionate e raggruppate.","og_url":"https:\/\/www.sinchisinchi.com\/it\/producto\/pacchetto-saggi-bianca-californiana\/","og_site_name":"SINCHI RAP\u00c9","article_publisher":"https:\/\/www.facebook.com\/sinchirape\/","article_modified_time":"2023-12-13T13:09:05+00:00","og_image":[{"width":800,"height":800,"url":"https:\/\/www.sinchisinchi.com\/wp-content\/uploads\/2020\/06\/atado-de-salvia-blanca-californiana-fondo-blanqueado.jpg","type":"image\/jpeg"}],"twitter_card":"summary_large_image","schema":{"@context":"https:\/\/schema.org","@graph":[{"@type":"WebPage","@id":"https:\/\/www.sinchisinchi.com\/it\/producto\/pacchetto-saggi-bianca-californiana\/","url":"https:\/\/www.sinchisinchi.com\/it\/producto\/pacchetto-saggi-bianca-californiana\/","name":"Fascio di salvia bianca californiana: Sahumerios sciamanico","isPartOf":{"@id":"https:\/\/www.sinchisinchi.com\/it\/#website"},"primaryImageOfPage":{"@id":"https:\/\/www.sinchisinchi.com\/it\/producto\/pacchetto-saggi-bianca-californiana\/#primaryimage"},"image":{"@id":"https:\/\/www.sinchisinchi.com\/it\/producto\/pacchetto-saggi-bianca-californiana\/#primaryimage"},"thumbnailUrl":"https:\/\/www.sinchisinchi.com\/wp-content\/uploads\/2020\/06\/atado-de-salvia-blanca-californiana-fondo-blanqueado.jpg","datePublished":"2023-12-07T23:56:25+00:00","dateModified":"2023-12-13T13:09:05+00:00","description":"Fascio di foglie di salvia bianca della California (Salvia apiana) preparate per l'uso come incenso, accuratamente selezionate e raggruppate.","breadcrumb":{"@id":"https:\/\/www.sinchisinchi.com\/it\/producto\/pacchetto-saggi-bianca-californiana\/#breadcrumb"},"inLanguage":"it-IT","potentialAction":[{"@type":"ReadAction","target":["https:\/\/www.sinchisinchi.com\/it\/producto\/pacchetto-saggi-bianca-californiana\/"]}]},{"@type":"ImageObject","inLanguage":"it-IT","@id":"https:\/\/www.sinchisinchi.com\/it\/producto\/pacchetto-saggi-bianca-californiana\/#primaryimage","url":"https:\/\/www.sinchisinchi.com\/wp-content\/uploads\/2020\/06\/atado-de-salvia-blanca-californiana-fondo-blanqueado.jpg","contentUrl":"https:\/\/www.sinchisinchi.com\/wp-content\/uploads\/2020\/06\/atado-de-salvia-blanca-californiana-fondo-blanqueado.jpg","width":800,"height":800},{"@type":"BreadcrumbList","@id":"https:\/\/www.sinchisinchi.com\/it\/producto\/pacchetto-saggi-bianca-californiana\/#breadcrumb","itemListElement":[{"@type":"ListItem","position":1,"name":"Prima pagina","item":"https:\/\/www.sinchisinchi.com\/it\/"},{"@type":"ListItem","position":2,"name":"Prodotti","item":"https:\/\/www.sinchisinchi.com\/it\/shop\/"},{"@type":"ListItem","position":3,"name":"salvia bianca"}]},{"@type":"WebSite","@id":"https:\/\/www.sinchisinchi.com\/it\/#website","url":"https:\/\/www.sinchisinchi.com\/it\/","name":"SINCHI","description":"Sinchi Medicine","publisher":{"@id":"https:\/\/www.sinchisinchi.com\/it\/#organization"},"potentialAction":[{"@type":"SearchAction","target":{"@type":"EntryPoint","urlTemplate":"https:\/\/www.sinchisinchi.com\/it\/?s={search_term_string}"},"query-input":{"@type":"PropertyValueSpecification","valueRequired":true,"valueName":"search_term_string"}}],"inLanguage":"it-IT"},{"@type":"Organization","@id":"https:\/\/www.sinchisinchi.com\/it\/#organization","name":"SINCHI S.L","url":"https:\/\/www.sinchisinchi.com\/it\/","logo":{"@type":"ImageObject","inLanguage":"it-IT","@id":"https:\/\/www.sinchisinchi.com\/it\/#\/schema\/logo\/image\/","url":"https:\/\/www.sinchisinchi.com\/wp-content\/uploads\/2026\/01\/3b-Verde-SIMPLIFICADO-HORIZONTAL-F-TRANSPARENTE-scaled.png","contentUrl":"https:\/\/www.sinchisinchi.com\/wp-content\/uploads\/2026\/01\/3b-Verde-SIMPLIFICADO-HORIZONTAL-F-TRANSPARENTE-scaled.png","width":2560,"height":457,"caption":"SINCHI S.L"},"image":{"@id":"https:\/\/www.sinchisinchi.com\/it\/#\/schema\/logo\/image\/"},"sameAs":["https:\/\/www.facebook.com\/sinchirape\/","https:\/\/www.instagram.com\/sinchi_rape\/"]}]}},"_links":{"self":[{"href":"https:\/\/www.sinchisinchi.com\/it\/wp-json\/wp\/v2\/product\/3309","targetHints":{"allow":["GET"]}}],"collection":[{"href":"https:\/\/www.sinchisinchi.com\/it\/wp-json\/wp\/v2\/product"}],"about":[{"href":"https:\/\/www.sinchisinchi.com\/it\/wp-json\/wp\/v2\/types\/product"}],"wp:featuredmedia":[{"embeddable":true,"href":"https:\/\/www.sinchisinchi.com\/it\/wp-json\/wp\/v2\/media\/3310"}],"wp:attachment":[{"href":"https:\/\/www.sinchisinchi.com\/it\/wp-json\/wp\/v2\/media?parent=3309"}],"wp:term":[{"taxonomy":"product_brand","embeddable":true,"href":"https:\/\/www.sinchisinchi.com\/it\/wp-json\/wp\/v2\/product_brand?post=3309"},{"taxonomy":"product_cat","embeddable":true,"href":"https:\/\/www.sinchisinchi.com\/it\/wp-json\/wp\/v2\/product_cat?post=3309"},{"taxonomy":"product_tag","embeddable":true,"href":"https:\/\/www.sinchisinchi.com\/it\/wp-json\/wp\/v2\/product_tag?post=3309"}],"curies":[{"name":"wp","href":"https:\/\/api.w.org\/{rel}","templated":true}]}}