{"id":3542,"date":"2021-01-03T00:35:34","date_gmt":"2021-01-03T00:35:34","guid":{"rendered":"https:\/\/www.sinchisinchi.com\/producto\/rape-kuntanawa\/"},"modified":"2023-02-28T13:08:45","modified_gmt":"2023-02-28T13:08:45","slug":"rape-kuntanawa","status":"publish","type":"product","link":"https:\/\/www.sinchisinchi.com\/it\/producto\/rape-kuntanawa\/","title":{"rendered":"Kuntanawa Veia de Paj\u00e9"},"content":{"rendered":"<p><a href=\"https:\/\/www.sinchisinchi.com\/wp-content\/uploads\/2020\/02\/kuntanawa-tribe.jpg\"><img loading=\"lazy\" decoding=\"async\" class=\"aligncenter wp-image-3508 size-large\" src=\"https:\/\/www.sinchisinchi.com\/wp-content\/uploads\/2020\/02\/kuntanawa-tribe-1024x683.jpg\" alt=\"fotograf\u00eda de la tribu Kuntanawa\" width=\"1024\" height=\"683\" srcset=\"https:\/\/www.sinchisinchi.com\/wp-content\/uploads\/2020\/02\/kuntanawa-tribe-1024x683.jpg 1024w, https:\/\/www.sinchisinchi.com\/wp-content\/uploads\/2020\/02\/kuntanawa-tribe-247x165.jpg 247w, https:\/\/www.sinchisinchi.com\/wp-content\/uploads\/2020\/02\/kuntanawa-tribe-510x340.jpg 510w, https:\/\/www.sinchisinchi.com\/wp-content\/uploads\/2020\/02\/kuntanawa-tribe-300x200.jpg 300w, https:\/\/www.sinchisinchi.com\/wp-content\/uploads\/2020\/02\/kuntanawa-tribe-768x512.jpg 768w, https:\/\/www.sinchisinchi.com\/wp-content\/uploads\/2020\/02\/kuntanawa-tribe-1536x1024.jpg 1536w, https:\/\/www.sinchisinchi.com\/wp-content\/uploads\/2020\/02\/kuntanawa-tribe-600x400.jpg 600w, https:\/\/www.sinchisinchi.com\/wp-content\/uploads\/2020\/02\/kuntanawa-tribe.jpg 2048w\" sizes=\"auto, (max-width: 1024px) 100vw, 1024px\" \/><\/a><\/p>\n<h2><\/h2>\n<h2 style=\"text-align: center;\">Trib\u00f9 Kuntanawa<\/h2>\n<p>La trib\u00f9 Kuntanawa, o come si chiamano &#8220;Coconut People&#8221;, ha sempre usato le piante per connettersi con gli esseri e gli spiriti della foresta, attraverso di loro hanno imparato a curare la loro trib\u00f9 con le proprie medicine tradizionali, e sempre hanno difeso la loro spiritualit\u00e0 come principio di esistenza.<\/p>\n","protected":false},"excerpt":{"rendered":"<p>\u00c8 un Rap\u00e9 denso e profondo che ci connette con le radici, la terra, gli antenati. Secondo il Kuntanawa, \u00e8 una miscela molto potente riservata agli studiosi avanzati, con grande potere di attrazione (sia per il positivo che per il negativo).<\/p>\n<p>La preghiera e l&#8217;intenzione devono giocare un aspetto importante nell&#8217;uso di qualsiasi Rap\u00e9, e in questo particolare \u00e8 fondamentale. Allontana il negativo\/indesiderato e attrae il positivo\/desiderato; chi lo utilizza deve fare un uso corretto della preghiera e focalizzare una pura intenzione, per ottenere un effetto desiderabile.<\/p>\n<p>Si consiglia di trovare uno spazio confortevole e adatto, libero da distrazioni, e un po&#8217; di tempo per integrarne gli effetti. Esegue una profonda pulizia fisica ed energetica, quindi la purificazione \u00e8 possibile.<\/p>\n<p>Nella maggior parte dei casi, \u00e8 prudente iniziare in piccolo e aumentare man mano che si acquisisce esperienza.<\/p>\n<p>&nbsp;<\/p>\n<p style=\"text-align: center;\"><strong>Compra Rape Kuntanawa<\/strong><\/p>\n<p><strong>-Propriet\u00e0 e benefici:<\/strong> L&#8217;Hap\u00e9 Veia de Paj\u00e9 \u00e8 uno dei pi\u00f9 potenti, con forti propriet\u00e0 di attrazione, presenza e connessione<\/p>\n<p><strong>-Intensit\u00e0:<\/strong> forte, indicata per utenti avanzati.<\/p>\n<p><strong>-Trib\u00f9:<\/strong> realizzato dalla trib\u00f9 Kuntanawa.<\/p>\n<p><strong>-Composizione:<\/strong> Contiene ceneri della corteccia di Sapota, tabacco mapacho e vite Veia de Paj\u00e9. Le foglie di Veia de Paj\u00e9 assomigliano a un cuore, motivo per cui \u00e8 anche conosciuto come il cuore del boa constrictor.<\/p>\n<p><strong>-Formato:<\/strong> flaconi da 10 ml (da 8 a 9 grammi)<\/p>\n<p><strong>-Uso:<\/strong> Curiosit\u00e0 etnobotanica.<\/p>\n","protected":false},"featured_media":0,"template":"","meta":{"_joinchat":[]},"product_brand":[],"product_cat":[133],"product_tag":[],"class_list":{"0":"post-3542","1":"product","2":"type-product","3":"status-publish","5":"product_cat-senza-categoria","7":"first","8":"instock","9":"taxable","10":"shipping-taxable","11":"purchasable","12":"product-type-simple"},"yoast_head":"<!-- This site is optimized with the Yoast SEO plugin v27.4 - https:\/\/yoast.com\/product\/yoast-seo-wordpress\/ -->\n<title>Acquista Rap\u00e9 Veia de Paj\u00e9: Rap\u00e9 indigeno della trib\u00f9 Kuntanawa<\/title>\n<meta name=\"description\" content=\"Kuntanawa Ve\u00eda de Paj\u00e9 Rap\u00e9 \u00e8 una potente miscela riservata a studiosi avanzati, con un grande potere di attrazione. \u00c8 una variet\u00e0 Extra Forte.\" \/>\n<meta name=\"robots\" content=\"index, follow, max-snippet:-1, max-image-preview:large, max-video-preview:-1\" \/>\n<link rel=\"canonical\" href=\"https:\/\/www.sinchisinchi.com\/it\/producto\/rape-kuntanawa\/\" \/>\n<meta property=\"og:locale\" content=\"it_IT\" \/>\n<meta property=\"og:type\" content=\"article\" \/>\n<meta property=\"og:title\" content=\"Acquista Rap\u00e9 Veia de Paj\u00e9: Rap\u00e9 indigeno della trib\u00f9 Kuntanawa\" \/>\n<meta property=\"og:description\" content=\"Kuntanawa Ve\u00eda de Paj\u00e9 Rap\u00e9 \u00e8 una potente miscela riservata a studiosi avanzati, con un grande potere di attrazione. \u00c8 una variet\u00e0 Extra Forte.\" \/>\n<meta property=\"og:url\" content=\"https:\/\/www.sinchisinchi.com\/it\/producto\/rape-kuntanawa\/\" \/>\n<meta property=\"og:site_name\" content=\"SINCHI RAP\u00c9\" \/>\n<meta property=\"article:publisher\" content=\"https:\/\/www.facebook.com\/sinchirape\/\" \/>\n<meta property=\"article:modified_time\" content=\"2023-02-28T13:08:45+00:00\" \/>\n<meta property=\"og:image\" content=\"https:\/\/www.sinchisinchi.com\/wp-content\/uploads\/2020\/02\/kuntanawa-tribe-1024x683.jpg\" \/>\n<meta name=\"twitter:card\" content=\"summary_large_image\" \/>\n<script type=\"application\/ld+json\" class=\"yoast-schema-graph\">{\"@context\":\"https:\\\/\\\/schema.org\",\"@graph\":[{\"@type\":\"WebPage\",\"@id\":\"https:\\\/\\\/www.sinchisinchi.com\\\/it\\\/producto\\\/rape-kuntanawa\\\/\",\"url\":\"https:\\\/\\\/www.sinchisinchi.com\\\/it\\\/producto\\\/rape-kuntanawa\\\/\",\"name\":\"Acquista Rap\u00e9 Veia de Paj\u00e9: Rap\u00e9 indigeno della trib\u00f9 Kuntanawa\",\"isPartOf\":{\"@id\":\"https:\\\/\\\/www.sinchisinchi.com\\\/it\\\/#website\"},\"primaryImageOfPage\":{\"@id\":\"https:\\\/\\\/www.sinchisinchi.com\\\/it\\\/producto\\\/rape-kuntanawa\\\/#primaryimage\"},\"image\":{\"@id\":\"https:\\\/\\\/www.sinchisinchi.com\\\/it\\\/producto\\\/rape-kuntanawa\\\/#primaryimage\"},\"thumbnailUrl\":\"https:\\\/\\\/www.sinchisinchi.com\\\/wp-content\\\/uploads\\\/2020\\\/02\\\/kuntanawa-tribe-1024x683.jpg\",\"datePublished\":\"2021-01-03T00:35:34+00:00\",\"dateModified\":\"2023-02-28T13:08:45+00:00\",\"description\":\"Kuntanawa Ve\u00eda de Paj\u00e9 Rap\u00e9 \u00e8 una potente miscela riservata a studiosi avanzati, con un grande potere di attrazione. \u00c8 una variet\u00e0 Extra Forte.\",\"breadcrumb\":{\"@id\":\"https:\\\/\\\/www.sinchisinchi.com\\\/it\\\/producto\\\/rape-kuntanawa\\\/#breadcrumb\"},\"inLanguage\":\"it-IT\",\"potentialAction\":[{\"@type\":\"ReadAction\",\"target\":[\"https:\\\/\\\/www.sinchisinchi.com\\\/it\\\/producto\\\/rape-kuntanawa\\\/\"]}]},{\"@type\":\"ImageObject\",\"inLanguage\":\"it-IT\",\"@id\":\"https:\\\/\\\/www.sinchisinchi.com\\\/it\\\/producto\\\/rape-kuntanawa\\\/#primaryimage\",\"url\":\"https:\\\/\\\/www.sinchisinchi.com\\\/wp-content\\\/uploads\\\/2020\\\/02\\\/kuntanawa-tribe-1024x683.jpg\",\"contentUrl\":\"https:\\\/\\\/www.sinchisinchi.com\\\/wp-content\\\/uploads\\\/2020\\\/02\\\/kuntanawa-tribe-1024x683.jpg\"},{\"@type\":\"BreadcrumbList\",\"@id\":\"https:\\\/\\\/www.sinchisinchi.com\\\/it\\\/producto\\\/rape-kuntanawa\\\/#breadcrumb\",\"itemListElement\":[{\"@type\":\"ListItem\",\"position\":1,\"name\":\"Prima pagina\",\"item\":\"https:\\\/\\\/www.sinchisinchi.com\\\/it\\\/\"},{\"@type\":\"ListItem\",\"position\":2,\"name\":\"Prodotti\",\"item\":\"https:\\\/\\\/www.sinchisinchi.com\\\/it\\\/shop\\\/\"},{\"@type\":\"ListItem\",\"position\":3,\"name\":\"Kuntanawa Veia de Paj\u00e9\"}]},{\"@type\":\"WebSite\",\"@id\":\"https:\\\/\\\/www.sinchisinchi.com\\\/it\\\/#website\",\"url\":\"https:\\\/\\\/www.sinchisinchi.com\\\/it\\\/\",\"name\":\"SINCHI\",\"description\":\"Sinchi Medicine\",\"publisher\":{\"@id\":\"https:\\\/\\\/www.sinchisinchi.com\\\/it\\\/#organization\"},\"potentialAction\":[{\"@type\":\"SearchAction\",\"target\":{\"@type\":\"EntryPoint\",\"urlTemplate\":\"https:\\\/\\\/www.sinchisinchi.com\\\/it\\\/?s={search_term_string}\"},\"query-input\":{\"@type\":\"PropertyValueSpecification\",\"valueRequired\":true,\"valueName\":\"search_term_string\"}}],\"inLanguage\":\"it-IT\"},{\"@type\":\"Organization\",\"@id\":\"https:\\\/\\\/www.sinchisinchi.com\\\/it\\\/#organization\",\"name\":\"SINCHI S.L\",\"url\":\"https:\\\/\\\/www.sinchisinchi.com\\\/it\\\/\",\"logo\":{\"@type\":\"ImageObject\",\"inLanguage\":\"it-IT\",\"@id\":\"https:\\\/\\\/www.sinchisinchi.com\\\/it\\\/#\\\/schema\\\/logo\\\/image\\\/\",\"url\":\"https:\\\/\\\/www.sinchisinchi.com\\\/wp-content\\\/uploads\\\/2026\\\/01\\\/3b-Verde-SIMPLIFICADO-HORIZONTAL-F-TRANSPARENTE-scaled.png\",\"contentUrl\":\"https:\\\/\\\/www.sinchisinchi.com\\\/wp-content\\\/uploads\\\/2026\\\/01\\\/3b-Verde-SIMPLIFICADO-HORIZONTAL-F-TRANSPARENTE-scaled.png\",\"width\":2560,\"height\":457,\"caption\":\"SINCHI S.L\"},\"image\":{\"@id\":\"https:\\\/\\\/www.sinchisinchi.com\\\/it\\\/#\\\/schema\\\/logo\\\/image\\\/\"},\"sameAs\":[\"https:\\\/\\\/www.facebook.com\\\/sinchirape\\\/\",\"https:\\\/\\\/www.instagram.com\\\/sinchi_rape\\\/\"]}]}<\/script>\n<!-- \/ Yoast SEO plugin. -->","yoast_head_json":{"title":"Acquista Rap\u00e9 Veia de Paj\u00e9: Rap\u00e9 indigeno della trib\u00f9 Kuntanawa","description":"Kuntanawa Ve\u00eda de Paj\u00e9 Rap\u00e9 \u00e8 una potente miscela riservata a studiosi avanzati, con un grande potere di attrazione. \u00c8 una variet\u00e0 Extra Forte.","robots":{"index":"index","follow":"follow","max-snippet":"max-snippet:-1","max-image-preview":"max-image-preview:large","max-video-preview":"max-video-preview:-1"},"canonical":"https:\/\/www.sinchisinchi.com\/it\/producto\/rape-kuntanawa\/","og_locale":"it_IT","og_type":"article","og_title":"Acquista Rap\u00e9 Veia de Paj\u00e9: Rap\u00e9 indigeno della trib\u00f9 Kuntanawa","og_description":"Kuntanawa Ve\u00eda de Paj\u00e9 Rap\u00e9 \u00e8 una potente miscela riservata a studiosi avanzati, con un grande potere di attrazione. \u00c8 una variet\u00e0 Extra Forte.","og_url":"https:\/\/www.sinchisinchi.com\/it\/producto\/rape-kuntanawa\/","og_site_name":"SINCHI RAP\u00c9","article_publisher":"https:\/\/www.facebook.com\/sinchirape\/","article_modified_time":"2023-02-28T13:08:45+00:00","og_image":[{"url":"https:\/\/www.sinchisinchi.com\/wp-content\/uploads\/2020\/02\/kuntanawa-tribe-1024x683.jpg","type":"","width":"","height":""}],"twitter_card":"summary_large_image","schema":{"@context":"https:\/\/schema.org","@graph":[{"@type":"WebPage","@id":"https:\/\/www.sinchisinchi.com\/it\/producto\/rape-kuntanawa\/","url":"https:\/\/www.sinchisinchi.com\/it\/producto\/rape-kuntanawa\/","name":"Acquista Rap\u00e9 Veia de Paj\u00e9: Rap\u00e9 indigeno della trib\u00f9 Kuntanawa","isPartOf":{"@id":"https:\/\/www.sinchisinchi.com\/it\/#website"},"primaryImageOfPage":{"@id":"https:\/\/www.sinchisinchi.com\/it\/producto\/rape-kuntanawa\/#primaryimage"},"image":{"@id":"https:\/\/www.sinchisinchi.com\/it\/producto\/rape-kuntanawa\/#primaryimage"},"thumbnailUrl":"https:\/\/www.sinchisinchi.com\/wp-content\/uploads\/2020\/02\/kuntanawa-tribe-1024x683.jpg","datePublished":"2021-01-03T00:35:34+00:00","dateModified":"2023-02-28T13:08:45+00:00","description":"Kuntanawa Ve\u00eda de Paj\u00e9 Rap\u00e9 \u00e8 una potente miscela riservata a studiosi avanzati, con un grande potere di attrazione. \u00c8 una variet\u00e0 Extra Forte.","breadcrumb":{"@id":"https:\/\/www.sinchisinchi.com\/it\/producto\/rape-kuntanawa\/#breadcrumb"},"inLanguage":"it-IT","potentialAction":[{"@type":"ReadAction","target":["https:\/\/www.sinchisinchi.com\/it\/producto\/rape-kuntanawa\/"]}]},{"@type":"ImageObject","inLanguage":"it-IT","@id":"https:\/\/www.sinchisinchi.com\/it\/producto\/rape-kuntanawa\/#primaryimage","url":"https:\/\/www.sinchisinchi.com\/wp-content\/uploads\/2020\/02\/kuntanawa-tribe-1024x683.jpg","contentUrl":"https:\/\/www.sinchisinchi.com\/wp-content\/uploads\/2020\/02\/kuntanawa-tribe-1024x683.jpg"},{"@type":"BreadcrumbList","@id":"https:\/\/www.sinchisinchi.com\/it\/producto\/rape-kuntanawa\/#breadcrumb","itemListElement":[{"@type":"ListItem","position":1,"name":"Prima pagina","item":"https:\/\/www.sinchisinchi.com\/it\/"},{"@type":"ListItem","position":2,"name":"Prodotti","item":"https:\/\/www.sinchisinchi.com\/it\/shop\/"},{"@type":"ListItem","position":3,"name":"Kuntanawa Veia de Paj\u00e9"}]},{"@type":"WebSite","@id":"https:\/\/www.sinchisinchi.com\/it\/#website","url":"https:\/\/www.sinchisinchi.com\/it\/","name":"SINCHI","description":"Sinchi Medicine","publisher":{"@id":"https:\/\/www.sinchisinchi.com\/it\/#organization"},"potentialAction":[{"@type":"SearchAction","target":{"@type":"EntryPoint","urlTemplate":"https:\/\/www.sinchisinchi.com\/it\/?s={search_term_string}"},"query-input":{"@type":"PropertyValueSpecification","valueRequired":true,"valueName":"search_term_string"}}],"inLanguage":"it-IT"},{"@type":"Organization","@id":"https:\/\/www.sinchisinchi.com\/it\/#organization","name":"SINCHI S.L","url":"https:\/\/www.sinchisinchi.com\/it\/","logo":{"@type":"ImageObject","inLanguage":"it-IT","@id":"https:\/\/www.sinchisinchi.com\/it\/#\/schema\/logo\/image\/","url":"https:\/\/www.sinchisinchi.com\/wp-content\/uploads\/2026\/01\/3b-Verde-SIMPLIFICADO-HORIZONTAL-F-TRANSPARENTE-scaled.png","contentUrl":"https:\/\/www.sinchisinchi.com\/wp-content\/uploads\/2026\/01\/3b-Verde-SIMPLIFICADO-HORIZONTAL-F-TRANSPARENTE-scaled.png","width":2560,"height":457,"caption":"SINCHI S.L"},"image":{"@id":"https:\/\/www.sinchisinchi.com\/it\/#\/schema\/logo\/image\/"},"sameAs":["https:\/\/www.facebook.com\/sinchirape\/","https:\/\/www.instagram.com\/sinchi_rape\/"]}]}},"_links":{"self":[{"href":"https:\/\/www.sinchisinchi.com\/it\/wp-json\/wp\/v2\/product\/3542","targetHints":{"allow":["GET"]}}],"collection":[{"href":"https:\/\/www.sinchisinchi.com\/it\/wp-json\/wp\/v2\/product"}],"about":[{"href":"https:\/\/www.sinchisinchi.com\/it\/wp-json\/wp\/v2\/types\/product"}],"wp:attachment":[{"href":"https:\/\/www.sinchisinchi.com\/it\/wp-json\/wp\/v2\/media?parent=3542"}],"wp:term":[{"taxonomy":"product_brand","embeddable":true,"href":"https:\/\/www.sinchisinchi.com\/it\/wp-json\/wp\/v2\/product_brand?post=3542"},{"taxonomy":"product_cat","embeddable":true,"href":"https:\/\/www.sinchisinchi.com\/it\/wp-json\/wp\/v2\/product_cat?post=3542"},{"taxonomy":"product_tag","embeddable":true,"href":"https:\/\/www.sinchisinchi.com\/it\/wp-json\/wp\/v2\/product_tag?post=3542"}],"curies":[{"name":"wp","href":"https:\/\/api.w.org\/{rel}","templated":true}]}}