{"id":3555,"date":"2019-04-04T02:06:08","date_gmt":"2019-04-04T02:06:08","guid":{"rendered":"https:\/\/www.sinchisinchi.com\/producto\/canela-de-velho-rape\/"},"modified":"2024-05-06T08:11:47","modified_gmt":"2024-05-06T08:11:47","slug":"canela-de-velho-rape","status":"publish","type":"product","link":"https:\/\/www.sinchisinchi.com\/it\/producto\/canela-de-velho-rape\/","title":{"rendered":"Rap\u00e9 Canela de Velho"},"content":{"rendered":"<h2 style=\"text-align: center;\">Cannella Velho<\/h2>\r\nIl rap\u00e9 Canela de Velho \u00e8 ottenuto dall&#8217;amato frassino della corteccia dell&#8217;albero Canela de Velho (Miconia albicans). La Cinna de velho, \u00e8 una pianta arbustiva (0,7-3 m di altezza) della famiglia delle Melastomataceae, originaria del Nord e del Sud America.\r\n\r\n. <img loading=\"lazy\" decoding=\"async\" class=\"aligncenter\" title=\"canela-de-velho\" src=\"https:\/\/www.sinchisinchi.com\/wp-content\/uploads\/2019\/04\/canela-de-velho.jpg\" alt=\"canela-de-velho\" width=\"600\" height=\"310\" \/>\r\n\r\nCanela de Velho \u00e8 stata usata per secoli come rimedio per un&#8217;ampia variet\u00e0 di dolori cronici alle ginocchia, alla colonna vertebrale e alle articolazioni.\r\n\r\n<strong>Parti utilizzate:<\/strong> Parti aeree della pianta (foglie) da consumare sotto forma di t\u00e8 e corteccia per produrre tabacco.\r\n<strong>Principi attivi:<\/strong> Flavonoidi e composti triterpenici (acido oleanolico e acido ursolico).\r\n\r\n<a href=\"https:\/\/www.sinchisinchi.com\/it\/kuntanawa\/\" target=\"_blank\" rel=\"https:\/\/www.sinchisinchi.com\/es\/tribus-del-amazonas\/kuntanawa\/ noopener\"><img loading=\"lazy\" decoding=\"async\" class=\"alignnone wp-image-3508 size-large\" src=\"https:\/\/www.sinchisinchi.com\/wp-content\/uploads\/2020\/02\/kuntanawa-tribe-1024x683.jpg\" alt=\"fotograf\u00eda de la tribu Kuntanawa\" width=\"1024\" height=\"683\" srcset=\"https:\/\/www.sinchisinchi.com\/wp-content\/uploads\/2020\/02\/kuntanawa-tribe-1024x683.jpg 1024w, https:\/\/www.sinchisinchi.com\/wp-content\/uploads\/2020\/02\/kuntanawa-tribe-247x165.jpg 247w, https:\/\/www.sinchisinchi.com\/wp-content\/uploads\/2020\/02\/kuntanawa-tribe-510x340.jpg 510w, https:\/\/www.sinchisinchi.com\/wp-content\/uploads\/2020\/02\/kuntanawa-tribe-300x200.jpg 300w, https:\/\/www.sinchisinchi.com\/wp-content\/uploads\/2020\/02\/kuntanawa-tribe-768x512.jpg 768w, https:\/\/www.sinchisinchi.com\/wp-content\/uploads\/2020\/02\/kuntanawa-tribe-1536x1024.jpg 1536w, https:\/\/www.sinchisinchi.com\/wp-content\/uploads\/2020\/02\/kuntanawa-tribe-600x400.jpg 600w, https:\/\/www.sinchisinchi.com\/wp-content\/uploads\/2020\/02\/kuntanawa-tribe.jpg 2048w\" sizes=\"auto, (max-width: 1024px) 100vw, 1024px\" \/><\/a>\r\n<h2 style=\"text-align: center;\">Trib\u00f9 Kuntanawa<\/h2>\r\nLa trib\u00f9 Kuntanawa, o come si chiamano &#8220;Coconut People&#8221;, ha sempre usato le piante per connettersi con gli esseri e gli spiriti della foresta, attraverso di loro hanno imparato a curare la loro trib\u00f9 con le proprie medicine tradizionali, e sempre hanno difeso la loro spiritualit\u00e0 come principio di esistenza.\n","protected":false},"excerpt":{"rendered":"<p>Il Rap\u00e9 Canela de Velho \u00e8 uno dei pi\u00f9 forti tra le variet\u00e0 disponibili. \u00c8 profondo, \u00e8 radicato ed \u00e8 molto intenso; anche travolgente. Esegue una profonda pulizia fisica ed energetica, quindi l&#8217;eliminazione \u00e8 del tutto possibile.<\/p>\n<p>&nbsp;<\/p>\n<p>La preghiera e l&#8217;intenzione devono giocare un aspetto importante nell&#8217;uso di qualsiasi Rap\u00e9, e in questo in particolare \u00e8 fondamentale.<\/p>\n<p>&nbsp;<\/p>\n<p>Si consiglia di trovare uno spazio confortevole e adeguato e il tempo per integrarne l&#8217;effetto. \u00c8 prudente iniziare con una piccola quantit\u00e0 e aumentarla man mano che si acquisisce familiarit\u00e0 con il medicinale.<\/p>\n<p>&nbsp;<\/p>\n<p><strong>-Intensit\u00e0:<\/strong> Forte, adatto a utenti avanzati.<\/p>\n<p><strong>-Chakra:<\/strong> Terzo chakra (Plesso Solare) e secondo chakra (Milza o Sacrale)<\/p>\n<p><strong>-Trib\u00f9:<\/strong> realizzato dalla trib\u00f9 Kuntanawa<\/p>\n<p><strong>-Composizione:<\/strong> \u00e8 realizzato con la preziosa cenere della corteccia dell&#8217;albero Canela de velho (Miconia albicans), tabacco amazzonico e altre piante medicinali sacre dell&#8217;Amazzonia.<\/p>\n<p><strong>-Formato:<\/strong> flaconi da 10 ml (da 8 a 9 grammi)<\/p>\n<p><strong>-Uso:<\/strong> Curiosit\u00e0 etnobotanica. Uso esclusivo per studio scientifico, storico e ritualistico.<\/p>\n","protected":false},"featured_media":0,"template":"","meta":{"_joinchat":[]},"product_brand":[],"product_cat":[121],"product_tag":[],"class_list":{"0":"post-3555","1":"product","2":"type-product","3":"status-publish","5":"product_cat-rape-it","7":"first","8":"instock","9":"taxable","10":"shipping-taxable","11":"purchasable","12":"product-type-simple"},"yoast_head":"<!-- This site is optimized with the Yoast SEO plugin v27.1.1 - https:\/\/yoast.com\/product\/yoast-seo-wordpress\/ -->\n<title>CANELA DE VELHO RAP\u00c9: Rap\u00e9 sciamanico dell&#039;Amazzonia<\/title>\n<meta name=\"description\" content=\"Il Rap\u00e9 Canela de Velho \u00e8 uno dei pi\u00f9 forti tra le variet\u00e0 disponibili. \u00c8 profondo, porta una grande connessione.\" \/>\n<meta name=\"robots\" content=\"index, follow, max-snippet:-1, max-image-preview:large, max-video-preview:-1\" \/>\n<link rel=\"canonical\" href=\"https:\/\/www.sinchisinchi.com\/it\/producto\/canela-de-velho-rape\/\" \/>\n<meta property=\"og:locale\" content=\"it_IT\" \/>\n<meta property=\"og:type\" content=\"article\" \/>\n<meta property=\"og:title\" content=\"CANELA DE VELHO RAP\u00c9: Rap\u00e9 sciamanico dell&#039;Amazzonia\" \/>\n<meta property=\"og:description\" content=\"Il Rap\u00e9 Canela de Velho \u00e8 uno dei pi\u00f9 forti tra le variet\u00e0 disponibili. \u00c8 profondo, porta una grande connessione.\" \/>\n<meta property=\"og:url\" content=\"https:\/\/www.sinchisinchi.com\/it\/producto\/canela-de-velho-rape\/\" \/>\n<meta property=\"og:site_name\" content=\"SINCHI RAP\u00c9\" \/>\n<meta property=\"article:publisher\" content=\"https:\/\/www.facebook.com\/sinchirape\/\" \/>\n<meta property=\"article:modified_time\" content=\"2024-05-06T08:11:47+00:00\" \/>\n<meta property=\"og:image\" content=\"https:\/\/www.sinchisinchi.com\/wp-content\/uploads\/2019\/04\/canela-de-velho.jpg\" \/>\n<meta name=\"twitter:card\" content=\"summary_large_image\" \/>\n<meta name=\"twitter:label1\" content=\"Tempo di lettura stimato\" \/>\n\t<meta name=\"twitter:data1\" content=\"1 minuto\" \/>\n<script type=\"application\/ld+json\" class=\"yoast-schema-graph\">{\"@context\":\"https:\/\/schema.org\",\"@graph\":[{\"@type\":\"WebPage\",\"@id\":\"https:\/\/www.sinchisinchi.com\/it\/producto\/canela-de-velho-rape\/\",\"url\":\"https:\/\/www.sinchisinchi.com\/it\/producto\/canela-de-velho-rape\/\",\"name\":\"CANELA DE VELHO RAP\u00c9: Rap\u00e9 sciamanico dell'Amazzonia\",\"isPartOf\":{\"@id\":\"https:\/\/www.sinchisinchi.com\/it\/#website\"},\"primaryImageOfPage\":{\"@id\":\"https:\/\/www.sinchisinchi.com\/it\/producto\/canela-de-velho-rape\/#primaryimage\"},\"image\":{\"@id\":\"https:\/\/www.sinchisinchi.com\/it\/producto\/canela-de-velho-rape\/#primaryimage\"},\"thumbnailUrl\":\"https:\/\/www.sinchisinchi.com\/wp-content\/uploads\/2019\/04\/canela-de-velho.jpg\",\"datePublished\":\"2019-04-04T02:06:08+00:00\",\"dateModified\":\"2024-05-06T08:11:47+00:00\",\"description\":\"Il Rap\u00e9 Canela de Velho \u00e8 uno dei pi\u00f9 forti tra le variet\u00e0 disponibili. \u00c8 profondo, porta una grande connessione.\",\"breadcrumb\":{\"@id\":\"https:\/\/www.sinchisinchi.com\/it\/producto\/canela-de-velho-rape\/#breadcrumb\"},\"inLanguage\":\"it-IT\",\"potentialAction\":[{\"@type\":\"ReadAction\",\"target\":[\"https:\/\/www.sinchisinchi.com\/it\/producto\/canela-de-velho-rape\/\"]}]},{\"@type\":\"ImageObject\",\"inLanguage\":\"it-IT\",\"@id\":\"https:\/\/www.sinchisinchi.com\/it\/producto\/canela-de-velho-rape\/#primaryimage\",\"url\":\"https:\/\/www.sinchisinchi.com\/wp-content\/uploads\/2019\/04\/canela-de-velho.jpg\",\"contentUrl\":\"https:\/\/www.sinchisinchi.com\/wp-content\/uploads\/2019\/04\/canela-de-velho.jpg\"},{\"@type\":\"BreadcrumbList\",\"@id\":\"https:\/\/www.sinchisinchi.com\/it\/producto\/canela-de-velho-rape\/#breadcrumb\",\"itemListElement\":[{\"@type\":\"ListItem\",\"position\":1,\"name\":\"Prima pagina\",\"item\":\"https:\/\/www.sinchisinchi.com\/it\/\"},{\"@type\":\"ListItem\",\"position\":2,\"name\":\"Prodotti\",\"item\":\"https:\/\/www.sinchisinchi.com\/it\/shop\/\"},{\"@type\":\"ListItem\",\"position\":3,\"name\":\"Rap\u00e9 Canela de Velho\"}]},{\"@type\":\"WebSite\",\"@id\":\"https:\/\/www.sinchisinchi.com\/it\/#website\",\"url\":\"https:\/\/www.sinchisinchi.com\/it\/\",\"name\":\"SINCHI\",\"description\":\"Sinchi Medicine\",\"publisher\":{\"@id\":\"https:\/\/www.sinchisinchi.com\/it\/#organization\"},\"potentialAction\":[{\"@type\":\"SearchAction\",\"target\":{\"@type\":\"EntryPoint\",\"urlTemplate\":\"https:\/\/www.sinchisinchi.com\/it\/?s={search_term_string}\"},\"query-input\":{\"@type\":\"PropertyValueSpecification\",\"valueRequired\":true,\"valueName\":\"search_term_string\"}}],\"inLanguage\":\"it-IT\"},{\"@type\":\"Organization\",\"@id\":\"https:\/\/www.sinchisinchi.com\/it\/#organization\",\"name\":\"SINCHI S.L\",\"url\":\"https:\/\/www.sinchisinchi.com\/it\/\",\"logo\":{\"@type\":\"ImageObject\",\"inLanguage\":\"it-IT\",\"@id\":\"https:\/\/www.sinchisinchi.com\/it\/#\/schema\/logo\/image\/\",\"url\":\"https:\/\/www.sinchisinchi.com\/wp-content\/uploads\/2026\/01\/3b-Verde-SIMPLIFICADO-HORIZONTAL-F-TRANSPARENTE-scaled.png\",\"contentUrl\":\"https:\/\/www.sinchisinchi.com\/wp-content\/uploads\/2026\/01\/3b-Verde-SIMPLIFICADO-HORIZONTAL-F-TRANSPARENTE-scaled.png\",\"width\":2560,\"height\":457,\"caption\":\"SINCHI S.L\"},\"image\":{\"@id\":\"https:\/\/www.sinchisinchi.com\/it\/#\/schema\/logo\/image\/\"},\"sameAs\":[\"https:\/\/www.facebook.com\/sinchirape\/\",\"https:\/\/www.instagram.com\/sinchi_rape\/\"]}]}<\/script>\n<!-- \/ Yoast SEO plugin. -->","yoast_head_json":{"title":"CANELA DE VELHO RAP\u00c9: Rap\u00e9 sciamanico dell'Amazzonia","description":"Il Rap\u00e9 Canela de Velho \u00e8 uno dei pi\u00f9 forti tra le variet\u00e0 disponibili. \u00c8 profondo, porta una grande connessione.","robots":{"index":"index","follow":"follow","max-snippet":"max-snippet:-1","max-image-preview":"max-image-preview:large","max-video-preview":"max-video-preview:-1"},"canonical":"https:\/\/www.sinchisinchi.com\/it\/producto\/canela-de-velho-rape\/","og_locale":"it_IT","og_type":"article","og_title":"CANELA DE VELHO RAP\u00c9: Rap\u00e9 sciamanico dell'Amazzonia","og_description":"Il Rap\u00e9 Canela de Velho \u00e8 uno dei pi\u00f9 forti tra le variet\u00e0 disponibili. \u00c8 profondo, porta una grande connessione.","og_url":"https:\/\/www.sinchisinchi.com\/it\/producto\/canela-de-velho-rape\/","og_site_name":"SINCHI RAP\u00c9","article_publisher":"https:\/\/www.facebook.com\/sinchirape\/","article_modified_time":"2024-05-06T08:11:47+00:00","og_image":[{"url":"https:\/\/www.sinchisinchi.com\/wp-content\/uploads\/2019\/04\/canela-de-velho.jpg","type":"","width":"","height":""}],"twitter_card":"summary_large_image","twitter_misc":{"Tempo di lettura stimato":"1 minuto"},"schema":{"@context":"https:\/\/schema.org","@graph":[{"@type":"WebPage","@id":"https:\/\/www.sinchisinchi.com\/it\/producto\/canela-de-velho-rape\/","url":"https:\/\/www.sinchisinchi.com\/it\/producto\/canela-de-velho-rape\/","name":"CANELA DE VELHO RAP\u00c9: Rap\u00e9 sciamanico dell'Amazzonia","isPartOf":{"@id":"https:\/\/www.sinchisinchi.com\/it\/#website"},"primaryImageOfPage":{"@id":"https:\/\/www.sinchisinchi.com\/it\/producto\/canela-de-velho-rape\/#primaryimage"},"image":{"@id":"https:\/\/www.sinchisinchi.com\/it\/producto\/canela-de-velho-rape\/#primaryimage"},"thumbnailUrl":"https:\/\/www.sinchisinchi.com\/wp-content\/uploads\/2019\/04\/canela-de-velho.jpg","datePublished":"2019-04-04T02:06:08+00:00","dateModified":"2024-05-06T08:11:47+00:00","description":"Il Rap\u00e9 Canela de Velho \u00e8 uno dei pi\u00f9 forti tra le variet\u00e0 disponibili. \u00c8 profondo, porta una grande connessione.","breadcrumb":{"@id":"https:\/\/www.sinchisinchi.com\/it\/producto\/canela-de-velho-rape\/#breadcrumb"},"inLanguage":"it-IT","potentialAction":[{"@type":"ReadAction","target":["https:\/\/www.sinchisinchi.com\/it\/producto\/canela-de-velho-rape\/"]}]},{"@type":"ImageObject","inLanguage":"it-IT","@id":"https:\/\/www.sinchisinchi.com\/it\/producto\/canela-de-velho-rape\/#primaryimage","url":"https:\/\/www.sinchisinchi.com\/wp-content\/uploads\/2019\/04\/canela-de-velho.jpg","contentUrl":"https:\/\/www.sinchisinchi.com\/wp-content\/uploads\/2019\/04\/canela-de-velho.jpg"},{"@type":"BreadcrumbList","@id":"https:\/\/www.sinchisinchi.com\/it\/producto\/canela-de-velho-rape\/#breadcrumb","itemListElement":[{"@type":"ListItem","position":1,"name":"Prima pagina","item":"https:\/\/www.sinchisinchi.com\/it\/"},{"@type":"ListItem","position":2,"name":"Prodotti","item":"https:\/\/www.sinchisinchi.com\/it\/shop\/"},{"@type":"ListItem","position":3,"name":"Rap\u00e9 Canela de Velho"}]},{"@type":"WebSite","@id":"https:\/\/www.sinchisinchi.com\/it\/#website","url":"https:\/\/www.sinchisinchi.com\/it\/","name":"SINCHI","description":"Sinchi Medicine","publisher":{"@id":"https:\/\/www.sinchisinchi.com\/it\/#organization"},"potentialAction":[{"@type":"SearchAction","target":{"@type":"EntryPoint","urlTemplate":"https:\/\/www.sinchisinchi.com\/it\/?s={search_term_string}"},"query-input":{"@type":"PropertyValueSpecification","valueRequired":true,"valueName":"search_term_string"}}],"inLanguage":"it-IT"},{"@type":"Organization","@id":"https:\/\/www.sinchisinchi.com\/it\/#organization","name":"SINCHI S.L","url":"https:\/\/www.sinchisinchi.com\/it\/","logo":{"@type":"ImageObject","inLanguage":"it-IT","@id":"https:\/\/www.sinchisinchi.com\/it\/#\/schema\/logo\/image\/","url":"https:\/\/www.sinchisinchi.com\/wp-content\/uploads\/2026\/01\/3b-Verde-SIMPLIFICADO-HORIZONTAL-F-TRANSPARENTE-scaled.png","contentUrl":"https:\/\/www.sinchisinchi.com\/wp-content\/uploads\/2026\/01\/3b-Verde-SIMPLIFICADO-HORIZONTAL-F-TRANSPARENTE-scaled.png","width":2560,"height":457,"caption":"SINCHI S.L"},"image":{"@id":"https:\/\/www.sinchisinchi.com\/it\/#\/schema\/logo\/image\/"},"sameAs":["https:\/\/www.facebook.com\/sinchirape\/","https:\/\/www.instagram.com\/sinchi_rape\/"]}]}},"_links":{"self":[{"href":"https:\/\/www.sinchisinchi.com\/it\/wp-json\/wp\/v2\/product\/3555","targetHints":{"allow":["GET"]}}],"collection":[{"href":"https:\/\/www.sinchisinchi.com\/it\/wp-json\/wp\/v2\/product"}],"about":[{"href":"https:\/\/www.sinchisinchi.com\/it\/wp-json\/wp\/v2\/types\/product"}],"wp:attachment":[{"href":"https:\/\/www.sinchisinchi.com\/it\/wp-json\/wp\/v2\/media?parent=3555"}],"wp:term":[{"taxonomy":"product_brand","embeddable":true,"href":"https:\/\/www.sinchisinchi.com\/it\/wp-json\/wp\/v2\/product_brand?post=3555"},{"taxonomy":"product_cat","embeddable":true,"href":"https:\/\/www.sinchisinchi.com\/it\/wp-json\/wp\/v2\/product_cat?post=3555"},{"taxonomy":"product_tag","embeddable":true,"href":"https:\/\/www.sinchisinchi.com\/it\/wp-json\/wp\/v2\/product_tag?post=3555"}],"curies":[{"name":"wp","href":"https:\/\/api.w.org\/{rel}","templated":true}]}}