{"id":3569,"date":"2020-04-29T08:56:24","date_gmt":"2020-04-29T08:56:24","guid":{"rendered":"https:\/\/www.sinchisinchi.com\/producto\/apurina-rape\/"},"modified":"2025-01-02T16:43:53","modified_gmt":"2025-01-02T16:43:53","slug":"apurina-rape","status":"publish","type":"product","link":"https:\/\/www.sinchisinchi.com\/it\/producto\/apurina-rape\/","title":{"rendered":"Apurina Awiri"},"content":{"rendered":"<p><span style=\"color: #000000;\"><strong>-Intensit\u00e0:<\/strong> Lieve<\/span><\/p>\n<p><span style=\"color: #000000;\"><strong>-Proporzione: <\/strong>100% Awiry<\/span><\/p>\n<p><span style=\"color: #000000;\"><strong>-Trib\u00f9:<\/strong> Prodotto dalla trib\u00f9 Apurina<\/span><\/p>\n<p><span style=\"color: #000000;\"><strong>-Composizione:<\/strong> Foglie di Awiry macinate e setacciate.<\/span><\/p>\n<p><span style=\"color: #000000;\"><strong>-Dimensioni:<\/strong> flaconi da 10 ml (da 8 a 9 grammi).<\/span><\/p>\n<p><span style=\"color: #000000;\"><strong>-Utilizzo:<\/strong> curiosit\u00e0 etnobotanica.<\/span><\/p>\n<p>&nbsp;<\/p>\n<h2 style=\"text-align: center;\"><span style=\"color: #000000;\">La trib\u00f9 degli Apurina<\/span><\/h2>\n<p><span style=\"color: #000000;\">Gli Apurina vivono sparsi in luoghi vicini alle rive del Purus. Hanno un ricco universo cosmologico e rituale, nonostante il fatto che la loro storia sia stata fortemente influenzata dalla violenza ai tempi della coltivazione della gomma nella regione amazzonica.<\/span><\/p>\n<p><span style=\"color: #000000;\">Oggi continuano a lottare per i loro diritti; alcune delle loro terre non sono ancora state riconosciute ufficialmente e sono costantemente invase dai taglialegna.<\/span><\/p>\n<p><span style=\"color: #000000;\">Alcuni sostengono che Apurin\u00e3, o nella sua forma pi\u00f9 antica, Ipurin\u00e1, sia una parola della lingua giamaicana. L&#8217;autoidentificazione del gruppo \u00e8 pop\u0169kare. Alcuni testi antichi si riferiscono alla parola k\u00e3kite come identificatore di s\u00e9. K\u00e3kite significa &#8220;persone&#8221; ma, secondo alcuni Apurin\u00e3, k\u00e3kiti significa semplicemente &#8220;persone&#8221; nel senso della specie umana (&#8220;ho visto persone&#8221;, cos\u00ec come &#8220;ho visto scimmie&#8221; o &#8220;ho visto giaguaro&#8221;), piuttosto che nel senso di una singola comunit\u00e0 o gruppo etnico.<\/span><\/p>\n<p><span style=\"color: #000000;\">La lingua Apurin\u00e3 \u00e8 un membro del ramo Purus della famiglia Maipure-Aruak (Facundes, 1994). La lingua pi\u00f9 vicina \u00e8 quella dei Manchineri, o Pyro, che abitano il Purus superiore in Brasile e, in Per\u00f9, principalmente la valle dell&#8217;Urubamba inferiore. Alcuni Apurin\u00e3 sostengono di poter capire anche un po &#8216;della lingua Kaxarari.<\/span><\/p>\n<p><span style=\"color: #000000;\">Gli Apurin\u00e3 abitano 27 terre indigene, in diverse fasi del processo di riconoscimento ufficiale; Venti sono state completamente delimitate e registrate, tre sono state dichiarate ad uso esclusivo e quattro sono in fase di studio di identificazione. La superficie totale di queste terre indigene completamente delimitate \u00e8 di 1.819.502 ettari; di questi due sono condivisi con i Paumari del Lago Paric\u00e1 e i Paumari del Lago Marah\u00e3 e uno con la Torah, nella Terra Indigena con lo stesso nome.<\/span><\/p>\n<p><span style=\"color: #000000;\">Gli Apurin\u00e3 della regione Pauini sono divisi in due clan: Xoaporuneru e Metumanetu. L&#8217;appartenenza a uno di questi gruppi \u00e8 determinata dal lignaggio paterno. Per ogni clan ci sono divieti su ci\u00f2 che si pu\u00f2 e non si pu\u00f2 mangiare. Il matrimonio corretto \u00e8 tra Xoaporuneru e Metumanetu, poich\u00e9 il matrimonio tra membri dello stesso clan ha la stessa considerazione del matrimonio tra fratelli. Questo \u00e8 il termine, inoltre, che due membri della stessa met\u00e0 possono usare quando si rivolgono l&#8217;un l&#8217;altro (nutaru, fratello, nutaro, sorella), proprio come Xoaporuneru e Metumanetu sono talvolta chiamati nukero (cognata) o nemunaparu (fratello a destra). I nomi delle persone indicano a quale delle &#8220;nazioni&#8221; appartengono.<\/span><\/p>\n<p>&nbsp;<\/p>\n<h3 style=\"text-align: center;\"><span style=\"color: #000000;\"><strong>Il mistico apurino<\/strong><\/span><\/h3>\n<p><span style=\"color: #000000;\">&#8220;Chi \u00e8 il tuo Dio? Non lo so; so solo che il suo nome \u00e8 Tsora.&#8221;<\/span><\/p>\n<p><span style=\"color: #000000;\">Artur Brasil Apurin\u00e3, M\u0169puraru, Artur lo Sciamano, parla cos\u00ec di Tsora o, nella sua traduzione: Dio. Tsora \u00e8 il creatore di tutto sulla Terra e per questo \u00e8 chiamato Dio. La storia di Tsora, la storia dell&#8217;inizio del mondo, dell&#8217;inizio di tutto, inizia sempre nelle sue tante versioni con Mayoroparo, ovvero &#8220;dopo che la terra ha preso fuoco&#8221;. Mayoru significa avvoltoio e Mayoroparo \u00e8 una donna mostruosa, una strega che ha divorato le ossa di coloro che hanno disobbedito e conservato le ossa di coloro che hanno obbedito.<\/span><\/p>\n<p><span style=\"color: #000000;\">Tsora ha creato le persone e i diversi tipi di persone, i diversi popoli: Apurin\u00e3, bianchi, altri indiani. Ha somministrato vari test a questi popoli e gli Apurina hanno sempre fatto peggio di altri indiani e bianchi. Ecco perch\u00e9, dicono i narratori, che nonostante siano &#8220;i migliori che ci siano&#8221;, gli Apurin\u00e3 sono pochi e divisi tra loro.<\/span><\/p>\n<p><span style=\"color: #000000;\">Un&#8217;altra leggenda di Apurin\u00e3 \u00e8 quella della Tierra Sagrada e della trib\u00f9 Otsamaneru. Gli Apurin\u00e3 erano immortali e vivevano in una terra dove nulla si ammal\u00f2 o mor\u00ec. Hanno accompagnato l&#8217;Otsamaneru, viaggiando tra una terra dell&#8217;immortalit\u00e0 e l&#8217;altra. Tuttavia, erano troppo incantati dalle cose che hanno trovato nelle &#8220;terre mortali&#8221; che si trovano tra le terre sacre, e finirono per rimanere l\u00ec.<\/span><\/p>\n<p><span style=\"color: #000000;\">I Kaxarari sono spesso identificati come i compagni degli Apurin\u00e3 in questo viaggio. Secondo alcuni resoconti, i tre popoli viaggiarono insieme: Kaxarari, Apurin\u00e3 e Otsamaneru. I Kaxarari furono i primi ad essere incantati dai frutti delle &#8220;terre mortali&#8221;, e poi gli Apurin\u00e3; mentre gli Otsamaneru continuavano il loro viaggio.<\/span><\/p>\n<p>&nbsp;<\/p>\n<h3 style=\"text-align: center;\"><span style=\"color: #000000;\"><strong>Celebrazioni rituali Apurina<\/strong><\/span><\/h3>\n<p><span style=\"color: #000000;\">Le celebrazioni rituali dell&#8217;Apurin\u00e3, genericamente noto come Xingan\u00e9 (in Apurin\u00e3, Kenuru) vanno da piccole sessioni serali di canti a eventi su larga scala che coinvolgono inviti a vari villaggi e offrono feste, vino di manioca, banane e frutti di palma. patau\u00e1. A volte questi sono rituali per pacificare le anime dei morti, subito dopo la loro morte o in occasione di anniversari. In questi casi, secondo Abdias, il rituale \u00e8 noto come isa\u0129.<\/span><\/p>\n<p><span style=\"color: #000000;\">Uno Xingan\u00e9 inizia con un confronto rituale. Gli ospiti arrivano dalla foresta armati, dipinti e addobbati. Vengono urlando. I padroni di casa, armati allo stesso modo, gli vanno incontro. Quando incontrano i leader<\/span><\/p>\n<p><span style=\"color: #000000;\">es, si fanno avanti e iniziano a discutere, parlando velocemente e ad alta voce (questo dialogo si chiama &#8220;taglio sanguir\u00e9&#8221; in portoghese e katxipuru\u00e3ta in Apurin\u00e3), sempre con le armi puntate l&#8217;uno contro il petto dell&#8217;altro. Dietro ci sono gli altri membri del gruppo, pronti e con le armi puntate in modo simile a quelli coinvolti nella discussione. Quando le voci si abbassano, cos\u00ec fanno le armi, ei capi procedono a prendere il tabacco dalle mani degli altri.<\/span><\/p>\n<p><span style=\"color: #000000;\">All&#8217;inizio della discussione, ognuno dichiara di non conoscere l&#8217;altro e chiede chi \u00e8. Segue poi la sanguir\u00e9, discorso personale che si chiude sempre con la conferma dei genitori e dei nonni dell&#8217;oratore. Camilo Manduca Apurin\u00e3 lo riassume cos\u00ec:<\/span><\/p>\n<p><span style=\"color: #000000;\">&#8220;Quando tagli la sanguir\u00e9 devi ricordare il nome di tuo padre, madre, nonno. Quello che vuoi dire, devi dirlo al momento della sanguir\u00e9. Qualunque cosa accada, devi scoprirlo durante la sanguir\u00e9.&#8221;<\/span><\/p>\n<h3 style=\"text-align: center;\"><span style=\"color: #000000;\"><strong>Sciamani Apurina<\/strong><\/span><\/h3>\n<p><span style=\"color: #000000;\">Per l&#8217;Apurina le origini della malattia e la cura dello sciamano sono le pietre. Una pietra \u00e8 ci\u00f2 che permette allo sciamano di guarire e ci\u00f2 che gli permette di causare malattie e morte. Durante l&#8217;inizio dell&#8217;addestramento di uno sciamano, il primo passo \u00e8 per lui rimanere per mesi nella foresta, digiunando o mangiando molto poco e masticando katsowaru. Anche i rapporti sessuali dovrebbero essere evitati.<\/span><\/p>\n<p><span style=\"color: #000000;\">Uno sciamano Apurin\u00e3 lavora attraverso i sogni. In questi, il suo spirito se ne va, visita altri luoghi e svolge compiti. Altri spiriti guidano lo sciamano in questi viaggi: gli animali e le teste degli animali (h\u00e3wite) con cui lavora. Ogni sciamano ne possiede uno o pi\u00f9: il giaguaro, il serpente o il mitico mapinguari.<\/span><\/p>\n<p><span style=\"color: #000000;\">Ci\u00f2 che gli altri vedono come animali, lo sciamano vede come persone e alcuni come famiglia.<\/span><\/p>\n<p><span style=\"color: #000000;\">Una delle funzioni di uno sciamano \u00e8, ad esempio, farli smettere di &#8220;tormentarsi&#8221; o impedire ai serpenti di mordere<\/span><\/p>\n<p><span style=\"color: #000000;\">Se sono forti, gli sciamani viaggeranno in terre diverse: sottoterra dove vivono, persino sotto il fiume, persino nel cielo, dove vive Tsora. Pi\u00f9 forte \u00e8 lo sciamano, pi\u00f9 posti pu\u00f2 andare il suo spirito.<\/span><\/p>\n<h3 style=\"text-align: center;\"><span style=\"color: #000000;\"><strong>L&#8217;Apurina e la raccolta della gomma<\/strong><\/span><\/h3>\n<p><span style=\"color: #000000;\">I contatti sistematici tra gli Apurin\u00e3 e i non indiani iniziarono a seguito della raccolta della gomma. La valle del Purus inizi\u00f2 ad essere esplorata nel XVIII secolo da commercianti itineranti alla ricerca dei cosiddetti &#8220;drug do sert\u00e3o&#8221; (prodotti dell&#8217;interno): cacao, balsamo di copaiba, grasso di tartaruga e gomma. Alcuni di questi esploratori si stabilirono e gli impianti di lavorazione iniziarono a essere stabiliti nel Purus inferiore. Negli anni 1850 e 1860 furono inviate diverse spedizioni per esplorare e mappare il fiume. A quel tempo, secondo quanto riferito, alcuni Apurin\u00e3 stavano gi\u00e0 lavorando per i non indiani.<\/span><\/p>\n<p><span style=\"color: #000000;\">Il Purus era occupato dalla gomma. Lo sfruttamento inizi\u00f2 nel 1870 e nel 1880 il Purus fu occupato interamente da non indiani. La raccolta della gomma \u00e8 diminuita dopo il 1910, quando \u00e8 iniziata la produzione asiatica, contro la quale la produzione brasiliana non poteva competere. Senza mercato, le tenute di gomma furono abbandonate dai proprietari. I seringueiros (raccoglitori di gomma) e gli indiani continuarono a sopravvivere attraverso l&#8217;agricoltura di sussistenza (che era stata ampiamente vietata nelle fattorie di gomma) e la commercializzazione di altri prodotti come le noci del Brasile.<\/span><\/p>\n","protected":false},"excerpt":{"rendered":"<p><span style=\"color: #000000;\">Gli Apurin\u00e3 sono famosi per il loro <strong>Rap\u00e9 verde<\/strong>, unico e completamente diverso dalle altre trib\u00f9 della regione. \u00c8 fatto da una pianta sacra chiamata<strong> Awiry<\/strong>, considerata da alcuni un tipo di tabacco selvatico.<\/span><\/p>\n<p><span style=\"color: #000000;\">L&#8217;Apurina Awiry Rap\u00e9 non contiene ceneri n\u00e9 tabacco; Solo le foglie di Awiri macinate finemente gli conferiscono il caratteristico colore verde, ed \u00e8 una variet\u00e0 perfetta per chi desidera un tabacco da fiuto privo di nicotina.<\/span><\/p>\n<p><span style=\"color: #000000;\">Per fare il tabacco da fiuto, il tabacco viene fermentato durante l&#8217;essiccazione e arrotolato su bastoncini o corde per la conservazione. Il Awiry, invece, non viene fermentato o riscaldato; viene semplicemente lasciato asciugare, quindi viene direttamente macinato, quindi mantiene il suo colore verde e pu\u00f2 essere considerato un <strong>Rap\u00e9 crudo e vivo<\/strong>.<\/span><\/p>\n<p><span style=\"color: #000000;\">Tra gli Apurina, solo poche comunit\u00e0 coltivano il feto; la maggior parte del raccolto deve essere raccolto. Cresce sulle rive dei fiumi e pu\u00f2 essere raccolta solo nella stagione secca, poich\u00e9 quando il fiume cresce l&#8217;area in cui vive questa pianta viene allagata. Pertanto, questo tabacco da fiuto \u00e8 considerato raro e speciale.<\/span><\/p>\n<p><span style=\"color: #000000;\">Mentre la maggior parte dei Rap\u00e9 indigeni viene soffiata con un Kurip\u00e9 o Tepi, l&#8217;Apurin\u00e3 Awiry viene tradizionalmente inalato attraverso un tubo, in modo simile all&#8217;uso che alcune trib\u00f9 fanno con gli Yopo.<\/span><\/p>\n","protected":false},"featured_media":11763,"template":"","meta":{"_joinchat":[]},"product_brand":[],"product_cat":[215],"product_tag":[],"class_list":{"0":"post-3569","1":"product","2":"type-product","3":"status-publish","4":"has-post-thumbnail","6":"product_cat-boa-it","8":"first","9":"instock","10":"taxable","11":"shipping-taxable","12":"purchasable","13":"product-type-simple"},"yoast_head":"<!-- This site is optimized with the Yoast SEO plugin v27.1.1 - https:\/\/yoast.com\/product\/yoast-seo-wordpress\/ -->\n<title>SINCHI: Awiry Rap\u00e9 della trib\u00f9 Apurina<\/title>\n<meta name=\"description\" content=\"Rap\u00e9 sacro della trib\u00f9 Apurina, famoso per il suo colore verde, unico e completamente diverso da quello delle altre trib\u00f9 della regione.\" \/>\n<meta name=\"robots\" content=\"index, follow, max-snippet:-1, max-image-preview:large, max-video-preview:-1\" \/>\n<link rel=\"canonical\" href=\"https:\/\/www.sinchisinchi.com\/it\/producto\/apurina-rape\/\" \/>\n<meta property=\"og:locale\" content=\"it_IT\" \/>\n<meta property=\"og:type\" content=\"article\" \/>\n<meta property=\"og:title\" content=\"SINCHI: Awiry Rap\u00e9 della trib\u00f9 Apurina\" \/>\n<meta property=\"og:description\" content=\"Rap\u00e9 sacro della trib\u00f9 Apurina, famoso per il suo colore verde, unico e completamente diverso da quello delle altre trib\u00f9 della regione.\" \/>\n<meta property=\"og:url\" content=\"https:\/\/www.sinchisinchi.com\/it\/producto\/apurina-rape\/\" \/>\n<meta property=\"og:site_name\" content=\"SINCHI RAP\u00c9\" \/>\n<meta property=\"article:publisher\" content=\"https:\/\/www.facebook.com\/sinchirape\/\" \/>\n<meta property=\"article:modified_time\" content=\"2025-01-02T16:43:53+00:00\" \/>\n<meta property=\"og:image\" content=\"https:\/\/www.sinchisinchi.com\/wp-content\/uploads\/2020\/04\/23-Awiry.jpg\" \/>\n\t<meta property=\"og:image:width\" content=\"700\" \/>\n\t<meta property=\"og:image:height\" content=\"700\" \/>\n\t<meta property=\"og:image:type\" content=\"image\/jpeg\" \/>\n<meta name=\"twitter:card\" content=\"summary_large_image\" \/>\n<meta name=\"twitter:label1\" content=\"Tempo di lettura stimato\" \/>\n\t<meta name=\"twitter:data1\" content=\"7 minuti\" \/>\n<script type=\"application\/ld+json\" class=\"yoast-schema-graph\">{\"@context\":\"https:\/\/schema.org\",\"@graph\":[{\"@type\":\"WebPage\",\"@id\":\"https:\/\/www.sinchisinchi.com\/it\/producto\/apurina-rape\/\",\"url\":\"https:\/\/www.sinchisinchi.com\/it\/producto\/apurina-rape\/\",\"name\":\"SINCHI: Awiry Rap\u00e9 della trib\u00f9 Apurina\",\"isPartOf\":{\"@id\":\"https:\/\/www.sinchisinchi.com\/it\/#website\"},\"primaryImageOfPage\":{\"@id\":\"https:\/\/www.sinchisinchi.com\/it\/producto\/apurina-rape\/#primaryimage\"},\"image\":{\"@id\":\"https:\/\/www.sinchisinchi.com\/it\/producto\/apurina-rape\/#primaryimage\"},\"thumbnailUrl\":\"https:\/\/www.sinchisinchi.com\/wp-content\/uploads\/2020\/04\/23-Awiry.jpg\",\"datePublished\":\"2020-04-29T08:56:24+00:00\",\"dateModified\":\"2025-01-02T16:43:53+00:00\",\"description\":\"Rap\u00e9 sacro della trib\u00f9 Apurina, famoso per il suo colore verde, unico e completamente diverso da quello delle altre trib\u00f9 della regione.\",\"breadcrumb\":{\"@id\":\"https:\/\/www.sinchisinchi.com\/it\/producto\/apurina-rape\/#breadcrumb\"},\"inLanguage\":\"it-IT\",\"potentialAction\":[{\"@type\":\"ReadAction\",\"target\":[\"https:\/\/www.sinchisinchi.com\/it\/producto\/apurina-rape\/\"]}]},{\"@type\":\"ImageObject\",\"inLanguage\":\"it-IT\",\"@id\":\"https:\/\/www.sinchisinchi.com\/it\/producto\/apurina-rape\/#primaryimage\",\"url\":\"https:\/\/www.sinchisinchi.com\/wp-content\/uploads\/2020\/04\/23-Awiry.jpg\",\"contentUrl\":\"https:\/\/www.sinchisinchi.com\/wp-content\/uploads\/2020\/04\/23-Awiry.jpg\",\"width\":700,\"height\":700},{\"@type\":\"BreadcrumbList\",\"@id\":\"https:\/\/www.sinchisinchi.com\/it\/producto\/apurina-rape\/#breadcrumb\",\"itemListElement\":[{\"@type\":\"ListItem\",\"position\":1,\"name\":\"Prima pagina\",\"item\":\"https:\/\/www.sinchisinchi.com\/it\/\"},{\"@type\":\"ListItem\",\"position\":2,\"name\":\"Prodotti\",\"item\":\"https:\/\/www.sinchisinchi.com\/it\/shop\/\"},{\"@type\":\"ListItem\",\"position\":3,\"name\":\"Apurina Awiri\"}]},{\"@type\":\"WebSite\",\"@id\":\"https:\/\/www.sinchisinchi.com\/it\/#website\",\"url\":\"https:\/\/www.sinchisinchi.com\/it\/\",\"name\":\"SINCHI\",\"description\":\"Sinchi Medicine\",\"publisher\":{\"@id\":\"https:\/\/www.sinchisinchi.com\/it\/#organization\"},\"potentialAction\":[{\"@type\":\"SearchAction\",\"target\":{\"@type\":\"EntryPoint\",\"urlTemplate\":\"https:\/\/www.sinchisinchi.com\/it\/?s={search_term_string}\"},\"query-input\":{\"@type\":\"PropertyValueSpecification\",\"valueRequired\":true,\"valueName\":\"search_term_string\"}}],\"inLanguage\":\"it-IT\"},{\"@type\":\"Organization\",\"@id\":\"https:\/\/www.sinchisinchi.com\/it\/#organization\",\"name\":\"SINCHI S.L\",\"url\":\"https:\/\/www.sinchisinchi.com\/it\/\",\"logo\":{\"@type\":\"ImageObject\",\"inLanguage\":\"it-IT\",\"@id\":\"https:\/\/www.sinchisinchi.com\/it\/#\/schema\/logo\/image\/\",\"url\":\"https:\/\/www.sinchisinchi.com\/wp-content\/uploads\/2026\/01\/3b-Verde-SIMPLIFICADO-HORIZONTAL-F-TRANSPARENTE-scaled.png\",\"contentUrl\":\"https:\/\/www.sinchisinchi.com\/wp-content\/uploads\/2026\/01\/3b-Verde-SIMPLIFICADO-HORIZONTAL-F-TRANSPARENTE-scaled.png\",\"width\":2560,\"height\":457,\"caption\":\"SINCHI S.L\"},\"image\":{\"@id\":\"https:\/\/www.sinchisinchi.com\/it\/#\/schema\/logo\/image\/\"},\"sameAs\":[\"https:\/\/www.facebook.com\/sinchirape\/\",\"https:\/\/www.instagram.com\/sinchi_rape\/\"]}]}<\/script>\n<!-- \/ Yoast SEO plugin. -->","yoast_head_json":{"title":"SINCHI: Awiry Rap\u00e9 della trib\u00f9 Apurina","description":"Rap\u00e9 sacro della trib\u00f9 Apurina, famoso per il suo colore verde, unico e completamente diverso da quello delle altre trib\u00f9 della regione.","robots":{"index":"index","follow":"follow","max-snippet":"max-snippet:-1","max-image-preview":"max-image-preview:large","max-video-preview":"max-video-preview:-1"},"canonical":"https:\/\/www.sinchisinchi.com\/it\/producto\/apurina-rape\/","og_locale":"it_IT","og_type":"article","og_title":"SINCHI: Awiry Rap\u00e9 della trib\u00f9 Apurina","og_description":"Rap\u00e9 sacro della trib\u00f9 Apurina, famoso per il suo colore verde, unico e completamente diverso da quello delle altre trib\u00f9 della regione.","og_url":"https:\/\/www.sinchisinchi.com\/it\/producto\/apurina-rape\/","og_site_name":"SINCHI RAP\u00c9","article_publisher":"https:\/\/www.facebook.com\/sinchirape\/","article_modified_time":"2025-01-02T16:43:53+00:00","og_image":[{"width":700,"height":700,"url":"https:\/\/www.sinchisinchi.com\/wp-content\/uploads\/2020\/04\/23-Awiry.jpg","type":"image\/jpeg"}],"twitter_card":"summary_large_image","twitter_misc":{"Tempo di lettura stimato":"7 minuti"},"schema":{"@context":"https:\/\/schema.org","@graph":[{"@type":"WebPage","@id":"https:\/\/www.sinchisinchi.com\/it\/producto\/apurina-rape\/","url":"https:\/\/www.sinchisinchi.com\/it\/producto\/apurina-rape\/","name":"SINCHI: Awiry Rap\u00e9 della trib\u00f9 Apurina","isPartOf":{"@id":"https:\/\/www.sinchisinchi.com\/it\/#website"},"primaryImageOfPage":{"@id":"https:\/\/www.sinchisinchi.com\/it\/producto\/apurina-rape\/#primaryimage"},"image":{"@id":"https:\/\/www.sinchisinchi.com\/it\/producto\/apurina-rape\/#primaryimage"},"thumbnailUrl":"https:\/\/www.sinchisinchi.com\/wp-content\/uploads\/2020\/04\/23-Awiry.jpg","datePublished":"2020-04-29T08:56:24+00:00","dateModified":"2025-01-02T16:43:53+00:00","description":"Rap\u00e9 sacro della trib\u00f9 Apurina, famoso per il suo colore verde, unico e completamente diverso da quello delle altre trib\u00f9 della regione.","breadcrumb":{"@id":"https:\/\/www.sinchisinchi.com\/it\/producto\/apurina-rape\/#breadcrumb"},"inLanguage":"it-IT","potentialAction":[{"@type":"ReadAction","target":["https:\/\/www.sinchisinchi.com\/it\/producto\/apurina-rape\/"]}]},{"@type":"ImageObject","inLanguage":"it-IT","@id":"https:\/\/www.sinchisinchi.com\/it\/producto\/apurina-rape\/#primaryimage","url":"https:\/\/www.sinchisinchi.com\/wp-content\/uploads\/2020\/04\/23-Awiry.jpg","contentUrl":"https:\/\/www.sinchisinchi.com\/wp-content\/uploads\/2020\/04\/23-Awiry.jpg","width":700,"height":700},{"@type":"BreadcrumbList","@id":"https:\/\/www.sinchisinchi.com\/it\/producto\/apurina-rape\/#breadcrumb","itemListElement":[{"@type":"ListItem","position":1,"name":"Prima pagina","item":"https:\/\/www.sinchisinchi.com\/it\/"},{"@type":"ListItem","position":2,"name":"Prodotti","item":"https:\/\/www.sinchisinchi.com\/it\/shop\/"},{"@type":"ListItem","position":3,"name":"Apurina Awiri"}]},{"@type":"WebSite","@id":"https:\/\/www.sinchisinchi.com\/it\/#website","url":"https:\/\/www.sinchisinchi.com\/it\/","name":"SINCHI","description":"Sinchi Medicine","publisher":{"@id":"https:\/\/www.sinchisinchi.com\/it\/#organization"},"potentialAction":[{"@type":"SearchAction","target":{"@type":"EntryPoint","urlTemplate":"https:\/\/www.sinchisinchi.com\/it\/?s={search_term_string}"},"query-input":{"@type":"PropertyValueSpecification","valueRequired":true,"valueName":"search_term_string"}}],"inLanguage":"it-IT"},{"@type":"Organization","@id":"https:\/\/www.sinchisinchi.com\/it\/#organization","name":"SINCHI S.L","url":"https:\/\/www.sinchisinchi.com\/it\/","logo":{"@type":"ImageObject","inLanguage":"it-IT","@id":"https:\/\/www.sinchisinchi.com\/it\/#\/schema\/logo\/image\/","url":"https:\/\/www.sinchisinchi.com\/wp-content\/uploads\/2026\/01\/3b-Verde-SIMPLIFICADO-HORIZONTAL-F-TRANSPARENTE-scaled.png","contentUrl":"https:\/\/www.sinchisinchi.com\/wp-content\/uploads\/2026\/01\/3b-Verde-SIMPLIFICADO-HORIZONTAL-F-TRANSPARENTE-scaled.png","width":2560,"height":457,"caption":"SINCHI S.L"},"image":{"@id":"https:\/\/www.sinchisinchi.com\/it\/#\/schema\/logo\/image\/"},"sameAs":["https:\/\/www.facebook.com\/sinchirape\/","https:\/\/www.instagram.com\/sinchi_rape\/"]}]}},"_links":{"self":[{"href":"https:\/\/www.sinchisinchi.com\/it\/wp-json\/wp\/v2\/product\/3569","targetHints":{"allow":["GET"]}}],"collection":[{"href":"https:\/\/www.sinchisinchi.com\/it\/wp-json\/wp\/v2\/product"}],"about":[{"href":"https:\/\/www.sinchisinchi.com\/it\/wp-json\/wp\/v2\/types\/product"}],"wp:featuredmedia":[{"embeddable":true,"href":"https:\/\/www.sinchisinchi.com\/it\/wp-json\/wp\/v2\/media\/11763"}],"wp:attachment":[{"href":"https:\/\/www.sinchisinchi.com\/it\/wp-json\/wp\/v2\/media?parent=3569"}],"wp:term":[{"taxonomy":"product_brand","embeddable":true,"href":"https:\/\/www.sinchisinchi.com\/it\/wp-json\/wp\/v2\/product_brand?post=3569"},{"taxonomy":"product_cat","embeddable":true,"href":"https:\/\/www.sinchisinchi.com\/it\/wp-json\/wp\/v2\/product_cat?post=3569"},{"taxonomy":"product_tag","embeddable":true,"href":"https:\/\/www.sinchisinchi.com\/it\/wp-json\/wp\/v2\/product_tag?post=3569"}],"curies":[{"name":"wp","href":"https:\/\/api.w.org\/{rel}","templated":true}]}}