{"id":3577,"date":"2023-11-22T00:14:45","date_gmt":"2023-11-22T00:14:45","guid":{"rendered":"https:\/\/www.sinchisinchi.com\/producto\/patchouli\/"},"modified":"2024-07-05T10:52:49","modified_gmt":"2024-07-05T10:52:49","slug":"foglie-di-patchouli","status":"publish","type":"product","link":"https:\/\/www.sinchisinchi.com\/it\/producto\/foglie-di-patchouli\/","title":{"rendered":"Patchouli"},"content":{"rendered":"<h2 style=\"text-align: center;\"><strong><span style=\"color: #000000;\">Propriet\u00e0 esoteriche del patchouli (Pogostemon cablin)<\/span><\/strong><\/h2>\n<p><span style=\"color: #000000;\">Il patchouli \u00e8 considerata una pianta dalle forti propriet\u00e0 protettive. Ha anche propriet\u00e0 afrodisiache e rafforza i legami emotivi.<\/span><\/p>\n<p><span style=\"color: #000000;\">Grazie al suo aroma terroso, il patchouli \u00e8 associato alla stabilit\u00e0 e alla connessione con l&#8217;energia della terra. Promuovendo la chiarezza mentale, \u00e8 un grande alleato per la meditazione e per facilitare la connessione con stati di coscienza pi\u00f9 elevati.<\/span><\/p>\n<p><span style=\"color: #000000;\">In varie culture, il patchouli \u00e8 anche associato al rafforzamento dell&#8217;intuizione e al collegamento con la saggezza interiore.<\/span><\/p>\n","protected":false},"excerpt":{"rendered":"<p><span style=\"color: #000000;\">Foglie di patchouli essiccate. In varie culture, il patchouli \u00e8 stato considerato un simbolo esaltante di prosperit\u00e0 e abbondanza. L&#8217;aroma del patchouli \u00e8 caldo, terroso, dolce e forte.<\/span><\/p>\n<p><span style=\"color: #000000;\">Il Patchouli (Pogostemon cablin) \u00e8 un&#8217;erba arbustiva che raggiunge i 60 o 90 cm di altezza e cresce nei climi temperati e umidi. Viene coltivato principalmente nel sud-est asiatico, in particolare Indonesia, Filippine, Malesia e India.<\/span><\/p>\n","protected":false},"featured_media":15786,"template":"","meta":{"_joinchat":[]},"product_brand":[],"product_cat":[333,372],"product_tag":[],"class_list":{"0":"post-3577","1":"product","2":"type-product","3":"status-publish","4":"has-post-thumbnail","6":"product_cat-mirra-it","7":"product_cat-sandalo-it","9":"first","10":"instock","11":"taxable","12":"shipping-taxable","13":"purchasable","14":"product-type-variable"},"yoast_head":"<!-- This site is optimized with the Yoast SEO plugin v27.1.1 - https:\/\/yoast.com\/product\/yoast-seo-wordpress\/ -->\n<title>Foglie essiccate di patchouli: negozio online Sahumerios<\/title>\n<meta name=\"description\" content=\"Foglie di patchouli essiccate. Il patchouli \u00e8 un esaltatore di prosperit\u00e0 e abbondanza e il suo aroma di patchouli \u00e8 caldo, terroso, dolce e forte.\" \/>\n<meta name=\"robots\" content=\"index, follow, max-snippet:-1, max-image-preview:large, max-video-preview:-1\" \/>\n<link rel=\"canonical\" href=\"https:\/\/www.sinchisinchi.com\/it\/producto\/foglie-di-patchouli\/\" \/>\n<meta property=\"og:locale\" content=\"it_IT\" \/>\n<meta property=\"og:type\" content=\"article\" \/>\n<meta property=\"og:title\" content=\"Foglie essiccate di patchouli: negozio online Sahumerios\" \/>\n<meta property=\"og:description\" content=\"Foglie di patchouli essiccate. Il patchouli \u00e8 un esaltatore di prosperit\u00e0 e abbondanza e il suo aroma di patchouli \u00e8 caldo, terroso, dolce e forte.\" \/>\n<meta property=\"og:url\" content=\"https:\/\/www.sinchisinchi.com\/it\/producto\/foglie-di-patchouli\/\" \/>\n<meta property=\"og:site_name\" content=\"SINCHI RAP\u00c9\" \/>\n<meta property=\"article:publisher\" content=\"https:\/\/www.facebook.com\/sinchirape\/\" \/>\n<meta property=\"article:modified_time\" content=\"2024-07-05T10:52:49+00:00\" \/>\n<meta property=\"og:image\" content=\"https:\/\/www.sinchisinchi.com\/wp-content\/uploads\/2023\/11\/patchouli.png\" \/>\n\t<meta property=\"og:image:width\" content=\"600\" \/>\n\t<meta property=\"og:image:height\" content=\"600\" \/>\n\t<meta property=\"og:image:type\" content=\"image\/png\" \/>\n<meta name=\"twitter:card\" content=\"summary_large_image\" \/>\n<script type=\"application\/ld+json\" class=\"yoast-schema-graph\">{\"@context\":\"https:\/\/schema.org\",\"@graph\":[{\"@type\":\"WebPage\",\"@id\":\"https:\/\/www.sinchisinchi.com\/it\/producto\/foglie-di-patchouli\/\",\"url\":\"https:\/\/www.sinchisinchi.com\/it\/producto\/foglie-di-patchouli\/\",\"name\":\"Foglie essiccate di patchouli: negozio online Sahumerios\",\"isPartOf\":{\"@id\":\"https:\/\/www.sinchisinchi.com\/it\/#website\"},\"primaryImageOfPage\":{\"@id\":\"https:\/\/www.sinchisinchi.com\/it\/producto\/foglie-di-patchouli\/#primaryimage\"},\"image\":{\"@id\":\"https:\/\/www.sinchisinchi.com\/it\/producto\/foglie-di-patchouli\/#primaryimage\"},\"thumbnailUrl\":\"https:\/\/www.sinchisinchi.com\/wp-content\/uploads\/2023\/11\/patchouli.png\",\"datePublished\":\"2023-11-22T00:14:45+00:00\",\"dateModified\":\"2024-07-05T10:52:49+00:00\",\"description\":\"Foglie di patchouli essiccate. Il patchouli \u00e8 un esaltatore di prosperit\u00e0 e abbondanza e il suo aroma di patchouli \u00e8 caldo, terroso, dolce e forte.\",\"breadcrumb\":{\"@id\":\"https:\/\/www.sinchisinchi.com\/it\/producto\/foglie-di-patchouli\/#breadcrumb\"},\"inLanguage\":\"it-IT\",\"potentialAction\":[{\"@type\":\"ReadAction\",\"target\":[\"https:\/\/www.sinchisinchi.com\/it\/producto\/foglie-di-patchouli\/\"]}]},{\"@type\":\"ImageObject\",\"inLanguage\":\"it-IT\",\"@id\":\"https:\/\/www.sinchisinchi.com\/it\/producto\/foglie-di-patchouli\/#primaryimage\",\"url\":\"https:\/\/www.sinchisinchi.com\/wp-content\/uploads\/2023\/11\/patchouli.png\",\"contentUrl\":\"https:\/\/www.sinchisinchi.com\/wp-content\/uploads\/2023\/11\/patchouli.png\",\"width\":600,\"height\":600},{\"@type\":\"BreadcrumbList\",\"@id\":\"https:\/\/www.sinchisinchi.com\/it\/producto\/foglie-di-patchouli\/#breadcrumb\",\"itemListElement\":[{\"@type\":\"ListItem\",\"position\":1,\"name\":\"Prima pagina\",\"item\":\"https:\/\/www.sinchisinchi.com\/it\/\"},{\"@type\":\"ListItem\",\"position\":2,\"name\":\"Prodotti\",\"item\":\"https:\/\/www.sinchisinchi.com\/it\/shop\/\"},{\"@type\":\"ListItem\",\"position\":3,\"name\":\"Patchouli\"}]},{\"@type\":\"WebSite\",\"@id\":\"https:\/\/www.sinchisinchi.com\/it\/#website\",\"url\":\"https:\/\/www.sinchisinchi.com\/it\/\",\"name\":\"SINCHI\",\"description\":\"Sinchi Medicine\",\"publisher\":{\"@id\":\"https:\/\/www.sinchisinchi.com\/it\/#organization\"},\"potentialAction\":[{\"@type\":\"SearchAction\",\"target\":{\"@type\":\"EntryPoint\",\"urlTemplate\":\"https:\/\/www.sinchisinchi.com\/it\/?s={search_term_string}\"},\"query-input\":{\"@type\":\"PropertyValueSpecification\",\"valueRequired\":true,\"valueName\":\"search_term_string\"}}],\"inLanguage\":\"it-IT\"},{\"@type\":\"Organization\",\"@id\":\"https:\/\/www.sinchisinchi.com\/it\/#organization\",\"name\":\"SINCHI S.L\",\"url\":\"https:\/\/www.sinchisinchi.com\/it\/\",\"logo\":{\"@type\":\"ImageObject\",\"inLanguage\":\"it-IT\",\"@id\":\"https:\/\/www.sinchisinchi.com\/it\/#\/schema\/logo\/image\/\",\"url\":\"https:\/\/www.sinchisinchi.com\/wp-content\/uploads\/2026\/01\/3b-Verde-SIMPLIFICADO-HORIZONTAL-F-TRANSPARENTE-scaled.png\",\"contentUrl\":\"https:\/\/www.sinchisinchi.com\/wp-content\/uploads\/2026\/01\/3b-Verde-SIMPLIFICADO-HORIZONTAL-F-TRANSPARENTE-scaled.png\",\"width\":2560,\"height\":457,\"caption\":\"SINCHI S.L\"},\"image\":{\"@id\":\"https:\/\/www.sinchisinchi.com\/it\/#\/schema\/logo\/image\/\"},\"sameAs\":[\"https:\/\/www.facebook.com\/sinchirape\/\",\"https:\/\/www.instagram.com\/sinchi_rape\/\"]}]}<\/script>\n<!-- \/ Yoast SEO plugin. -->","yoast_head_json":{"title":"Foglie essiccate di patchouli: negozio online Sahumerios","description":"Foglie di patchouli essiccate. Il patchouli \u00e8 un esaltatore di prosperit\u00e0 e abbondanza e il suo aroma di patchouli \u00e8 caldo, terroso, dolce e forte.","robots":{"index":"index","follow":"follow","max-snippet":"max-snippet:-1","max-image-preview":"max-image-preview:large","max-video-preview":"max-video-preview:-1"},"canonical":"https:\/\/www.sinchisinchi.com\/it\/producto\/foglie-di-patchouli\/","og_locale":"it_IT","og_type":"article","og_title":"Foglie essiccate di patchouli: negozio online Sahumerios","og_description":"Foglie di patchouli essiccate. Il patchouli \u00e8 un esaltatore di prosperit\u00e0 e abbondanza e il suo aroma di patchouli \u00e8 caldo, terroso, dolce e forte.","og_url":"https:\/\/www.sinchisinchi.com\/it\/producto\/foglie-di-patchouli\/","og_site_name":"SINCHI RAP\u00c9","article_publisher":"https:\/\/www.facebook.com\/sinchirape\/","article_modified_time":"2024-07-05T10:52:49+00:00","og_image":[{"width":600,"height":600,"url":"https:\/\/www.sinchisinchi.com\/wp-content\/uploads\/2023\/11\/patchouli.png","type":"image\/png"}],"twitter_card":"summary_large_image","schema":{"@context":"https:\/\/schema.org","@graph":[{"@type":"WebPage","@id":"https:\/\/www.sinchisinchi.com\/it\/producto\/foglie-di-patchouli\/","url":"https:\/\/www.sinchisinchi.com\/it\/producto\/foglie-di-patchouli\/","name":"Foglie essiccate di patchouli: negozio online Sahumerios","isPartOf":{"@id":"https:\/\/www.sinchisinchi.com\/it\/#website"},"primaryImageOfPage":{"@id":"https:\/\/www.sinchisinchi.com\/it\/producto\/foglie-di-patchouli\/#primaryimage"},"image":{"@id":"https:\/\/www.sinchisinchi.com\/it\/producto\/foglie-di-patchouli\/#primaryimage"},"thumbnailUrl":"https:\/\/www.sinchisinchi.com\/wp-content\/uploads\/2023\/11\/patchouli.png","datePublished":"2023-11-22T00:14:45+00:00","dateModified":"2024-07-05T10:52:49+00:00","description":"Foglie di patchouli essiccate. Il patchouli \u00e8 un esaltatore di prosperit\u00e0 e abbondanza e il suo aroma di patchouli \u00e8 caldo, terroso, dolce e forte.","breadcrumb":{"@id":"https:\/\/www.sinchisinchi.com\/it\/producto\/foglie-di-patchouli\/#breadcrumb"},"inLanguage":"it-IT","potentialAction":[{"@type":"ReadAction","target":["https:\/\/www.sinchisinchi.com\/it\/producto\/foglie-di-patchouli\/"]}]},{"@type":"ImageObject","inLanguage":"it-IT","@id":"https:\/\/www.sinchisinchi.com\/it\/producto\/foglie-di-patchouli\/#primaryimage","url":"https:\/\/www.sinchisinchi.com\/wp-content\/uploads\/2023\/11\/patchouli.png","contentUrl":"https:\/\/www.sinchisinchi.com\/wp-content\/uploads\/2023\/11\/patchouli.png","width":600,"height":600},{"@type":"BreadcrumbList","@id":"https:\/\/www.sinchisinchi.com\/it\/producto\/foglie-di-patchouli\/#breadcrumb","itemListElement":[{"@type":"ListItem","position":1,"name":"Prima pagina","item":"https:\/\/www.sinchisinchi.com\/it\/"},{"@type":"ListItem","position":2,"name":"Prodotti","item":"https:\/\/www.sinchisinchi.com\/it\/shop\/"},{"@type":"ListItem","position":3,"name":"Patchouli"}]},{"@type":"WebSite","@id":"https:\/\/www.sinchisinchi.com\/it\/#website","url":"https:\/\/www.sinchisinchi.com\/it\/","name":"SINCHI","description":"Sinchi Medicine","publisher":{"@id":"https:\/\/www.sinchisinchi.com\/it\/#organization"},"potentialAction":[{"@type":"SearchAction","target":{"@type":"EntryPoint","urlTemplate":"https:\/\/www.sinchisinchi.com\/it\/?s={search_term_string}"},"query-input":{"@type":"PropertyValueSpecification","valueRequired":true,"valueName":"search_term_string"}}],"inLanguage":"it-IT"},{"@type":"Organization","@id":"https:\/\/www.sinchisinchi.com\/it\/#organization","name":"SINCHI S.L","url":"https:\/\/www.sinchisinchi.com\/it\/","logo":{"@type":"ImageObject","inLanguage":"it-IT","@id":"https:\/\/www.sinchisinchi.com\/it\/#\/schema\/logo\/image\/","url":"https:\/\/www.sinchisinchi.com\/wp-content\/uploads\/2026\/01\/3b-Verde-SIMPLIFICADO-HORIZONTAL-F-TRANSPARENTE-scaled.png","contentUrl":"https:\/\/www.sinchisinchi.com\/wp-content\/uploads\/2026\/01\/3b-Verde-SIMPLIFICADO-HORIZONTAL-F-TRANSPARENTE-scaled.png","width":2560,"height":457,"caption":"SINCHI S.L"},"image":{"@id":"https:\/\/www.sinchisinchi.com\/it\/#\/schema\/logo\/image\/"},"sameAs":["https:\/\/www.facebook.com\/sinchirape\/","https:\/\/www.instagram.com\/sinchi_rape\/"]}]}},"_links":{"self":[{"href":"https:\/\/www.sinchisinchi.com\/it\/wp-json\/wp\/v2\/product\/3577","targetHints":{"allow":["GET"]}}],"collection":[{"href":"https:\/\/www.sinchisinchi.com\/it\/wp-json\/wp\/v2\/product"}],"about":[{"href":"https:\/\/www.sinchisinchi.com\/it\/wp-json\/wp\/v2\/types\/product"}],"wp:featuredmedia":[{"embeddable":true,"href":"https:\/\/www.sinchisinchi.com\/it\/wp-json\/wp\/v2\/media\/15786"}],"wp:attachment":[{"href":"https:\/\/www.sinchisinchi.com\/it\/wp-json\/wp\/v2\/media?parent=3577"}],"wp:term":[{"taxonomy":"product_brand","embeddable":true,"href":"https:\/\/www.sinchisinchi.com\/it\/wp-json\/wp\/v2\/product_brand?post=3577"},{"taxonomy":"product_cat","embeddable":true,"href":"https:\/\/www.sinchisinchi.com\/it\/wp-json\/wp\/v2\/product_cat?post=3577"},{"taxonomy":"product_tag","embeddable":true,"href":"https:\/\/www.sinchisinchi.com\/it\/wp-json\/wp\/v2\/product_tag?post=3577"}],"curies":[{"name":"wp","href":"https:\/\/api.w.org\/{rel}","templated":true}]}}